{"id":22235,"date":"2023-01-04T15:39:03","date_gmt":"2023-01-04T13:39:03","guid":{"rendered":"https:\/\/sachviet.eu\/shop\/xu-so-banh-mi-may-bo-9-cuon\/"},"modified":"2023-02-01T15:48:41","modified_gmt":"2023-02-01T13:48:41","slug":"xu-so-banh-mi-may-bo-9-cuon","status":"publish","type":"product","link":"https:\/\/sachviet.eu\/en\/shop\/xu-so-banh-mi-may-bo-9-cuon\/","title":{"rendered":"X\u1ee9 s\u1edf B\u00e1nh m\u00ec m\u00e2y &#8211; B\u1ed9 9 cu\u1ed1n"},"content":{"rendered":"<p>H\u00f4m nay d\u1ecdn kho th\u00ec th\u1ea5y c\u00f2n b\u1ed9 s\u00e1ch n\u00e0y \u1edf t\u00edt trong g\u00f3c t\u1ee7. M\u1edf ra xem th\u00ec b\u1ea5t ng\u1edd v\u00ec n\u1ed9i dung r\u1ea5t d\u1ec5 th\u01b0\u01a1ng.<br \/>\nB\u1ed9 n\u00e0y l\u00e0 b\u1ed9 s\u00e1ch tranh song ng\u1eef. N\u1ed9i dung n\u00f3i v\u1ec1 cu\u1ed9c s\u1ed1ng xoay quanh hai anh em nh\u00e0 m\u00e8o Hongbi v\u00e0 Hongshi.<br \/>\nV\u00e0 \u0111\u1eebng b\u1ea5t ng\u1edd v\u00ec trong th\u1ebf gi\u1edbi B\u00e1nh m\u00ec m\u00e2y th\u00ec hai anh em m\u00e8o n\u00e0y bi\u1ebft bay c\u00e1c b\u00e1c \u1ea1. \u0110i\u1ec1u m\u00ecnh th\u00edch nh\u1ea5t trong c\u00e1c s\u00e1ch truy\u1ec7n tr\u1ebb con l\u00e0 k\u00edch th\u00edch ph\u00e1t tri\u1ec3n tr\u00ed t\u01b0\u1edfng t\u01b0\u1ee3ng phong ph\u00fa c\u1ee7a c\u00e1c b\u00e9. Th\u1ebf gi\u1edbi trong truy\u1ec7n b\u00ecnh d\u1ecb nh\u01b0ng ng\u1ecdt ng\u00e0o, d\u1ec5 th\u01b0\u01a1ng. Tr\u00ean h\u1ebft l\u00e0 t\u00ednh h\u01b0\u1edbng thi\u1ec7n v\u00e0 h\u01b0\u1edbng c\u00e1c b\u00e9 \u0111\u1ebfn nh\u1eefng \u0111i\u1ec1u t\u00edch c\u1ef1c trong cu\u1ed9c s\u1ed1ng. D\u1ea1o g\u1ea7n \u0111\u00e2y th\u00ec m\u00ecnh th\u00edch c\u00e1c truy\u1ec7n c\u00f3 n\u1ed9i dung nh\u01b0 n\u00e0y l\u1eafm lu\u00f4n.<br \/>\nN\u1ebfu b\u1ea1n \u0111ang \u0111i t\u00ecm b\u1ed9 truy\u1ec7n c\u00f3 th\u1ec3 ph\u00e1t tri\u1ec3n t\u01b0 duy m\u1edbi l\u1ea1, k\u00edch th\u00edch tr\u00ed t\u01b0\u1edfng t\u01b0\u1ee3ng phong ph\u00fa cho b\u00e9 th\u00ec \u0111\u1eebng b\u1ecf qua b\u1ed9 n\u00e0y.<br \/>\nB\u1ed9 n\u00e0y c\u00f3 th\u1ec3 d\u00e0nh cho c\u00e1c b\u00e9 m\u1edbi b\u1eaft \u0111\u1ea7u l\u00e0m quen v\u1edbi ti\u1ebfng vi\u1ec7t n\u1eefa. V\u00ec c\u00f3 ti\u1ebfng anh \u0111i k\u00e8m n\u00ean d\u1ec5 ti\u1ebfp c\u1eadn v\u1edbi c\u00e1c b\u00e9 l\u1edbn b\u00ean n\u00e0y n\u1ebfu b\u00e9 l\u01b0\u1eddi \u0111\u1ecdc s\u00e1ch ti\u1ebfng Vi\u1ec7t.<br \/>\nB\u1ed9 n\u00e0y c\u0169ng c\u00f3 ph\u1ea7n tranh minh ho\u1ea1 kh\u00e1 \u1ea5n t\u01b0\u1ee3ng. M\u1ea5y con m\u00e8o m\u1eaft to \u0111\u00f9ng. M\u00e0u s\u1eafc b\u1eaft m\u1eaft n\u00ean k\u1ec3 c\u1ea3 em b\u00e9 m\u1edbi c\u00f3 9 th\u00e1ng nh\u00e0 m\u00ecnh c\u0169ng th\u00edch. \u0110\u1ecdc cho \u0111\u1ee9a l\u1edbn nghe m\u00e0 \u0111\u1ee9a b\u00e9 ch\u1ec9 ch\u0103m ch\u0103m v\u1ed3 s\u00e1ch r\u1ed3i \u0111\u1eadp lo\u1ea1n v\u00e0o m\u1eb7t m\u1ea5y em m\u00e8o m\u1eaft to.<\/p>\n","protected":false},"excerpt":{"rendered":"<p>H\u00f4m nay d\u1ecdn kho th\u00ec th\u1ea5y c\u00f2n b\u1ed9 s\u00e1ch n\u00e0y \u1edf t\u00edt trong g\u00f3c t\u1ee7. M\u1edf ra xem th\u00ec b\u1ea5t ng\u1edd v\u00ec n\u1ed9i dung r\u1ea5t d\u1ec5 th\u01b0\u01a1ng.<br \/>\nB\u1ed9 n\u00e0y l\u00e0 b\u1ed9 s\u00e1ch tranh song ng\u1eef. N\u1ed9i dung n\u00f3i v\u1ec1 cu\u1ed9c s\u1ed1ng xoay quanh hai anh em nh\u00e0 m\u00e8o Hongbi v\u00e0 Hongshi.<br \/>\nV\u00e0 \u0111\u1eebng b\u1ea5t ng\u1edd v\u00ec trong th\u1ebf gi\u1edbi B\u00e1nh m\u00ec m\u00e2y th\u00ec hai anh em m\u00e8o n\u00e0y bi\u1ebft bay c\u00e1c b\u00e1c \u1ea1. \u0110i\u1ec1u m\u00ecnh th\u00edch nh\u1ea5t trong c\u00e1c s\u00e1ch truy\u1ec7n tr\u1ebb con l\u00e0 k\u00edch th\u00edch ph\u00e1t tri\u1ec3n tr\u00ed t\u01b0\u1edfng t\u01b0\u1ee3ng phong ph\u00fa c\u1ee7a c\u00e1c b\u00e9. Th\u1ebf gi\u1edbi trong truy\u1ec7n b\u00ecnh d\u1ecb nh\u01b0ng ng\u1ecdt ng\u00e0o, d\u1ec5 th\u01b0\u01a1ng. Tr\u00ean h\u1ebft l\u00e0 t\u00ednh h\u01b0\u1edbng thi\u1ec7n v\u00e0 h\u01b0\u1edbng c\u00e1c b\u00e9 \u0111\u1ebfn nh\u1eefng \u0111i\u1ec1u t\u00edch c\u1ef1c trong cu\u1ed9c s\u1ed1ng. D\u1ea1o g\u1ea7n \u0111\u00e2y th\u00ec m\u00ecnh th\u00edch c\u00e1c truy\u1ec7n c\u00f3 n\u1ed9i dung nh\u01b0 n\u00e0y l\u1eafm lu\u00f4n.<br \/>\nN\u1ebfu b\u1ea1n \u0111ang \u0111i t\u00ecm b\u1ed9 truy\u1ec7n c\u00f3 th\u1ec3 ph\u00e1t tri\u1ec3n t\u01b0 duy m\u1edbi l\u1ea1, k\u00edch th\u00edch tr\u00ed t\u01b0\u1edfng t\u01b0\u1ee3ng phong ph\u00fa cho b\u00e9 th\u00ec \u0111\u1eebng b\u1ecf qua b\u1ed9 n\u00e0y.<br \/>\nB\u1ed9 n\u00e0y c\u00f3 th\u1ec3 d\u00e0nh cho c\u00e1c b\u00e9 m\u1edbi b\u1eaft \u0111\u1ea7u l\u00e0m quen v\u1edbi ti\u1ebfng vi\u1ec7t n\u1eefa. V\u00ec c\u00f3 ti\u1ebfng anh \u0111i k\u00e8m n\u00ean d\u1ec5 ti\u1ebfp c\u1eadn v\u1edbi c\u00e1c b\u00e9 l\u1edbn b\u00ean n\u00e0y n\u1ebfu b\u00e9 l\u01b0\u1eddi \u0111\u1ecdc s\u00e1ch ti\u1ebfng Vi\u1ec7t.<br \/>\nB\u1ed9 n\u00e0y c\u0169ng c\u00f3 ph\u1ea7n tranh minh ho\u1ea1 kh\u00e1 \u1ea5n t\u01b0\u1ee3ng. M\u1ea5y con m\u00e8o m\u1eaft to \u0111\u00f9ng. M\u00e0u s\u1eafc b\u1eaft m\u1eaft n\u00ean k\u1ec3 c\u1ea3 em b\u00e9 m\u1edbi c\u00f3 9 th\u00e1ng nh\u00e0 m\u00ecnh c\u0169ng th\u00edch. \u0110\u1ecdc cho \u0111\u1ee9a l\u1edbn nghe m\u00e0 \u0111\u1ee9a b\u00e9 ch\u1ec9 ch\u0103m ch\u0103m v\u1ed3 s\u00e1ch r\u1ed3i \u0111\u1eadp lo\u1ea1n v\u00e0o m\u1eb7t m\u1ea5y em m\u00e8o m\u1eaft to.<\/p>\n","protected":false},"featured_media":22236,"template":"","meta":{"_acf_changed":false},"product_brand":[],"product_cat":[25,17,39,26],"product_tag":[83],"class_list":{"0":"post-22235","1":"product","2":"type-product","3":"status-publish","4":"has-post-thumbnail","6":"product_cat-nhi-dong-6-tuoi-12-tuoi","7":"product_cat-sach-danh-cho-cac-be","8":"product_cat-sach-song-ngu-anh-viet","9":"product_cat-thieu-nien-11-tuoi-18-tuoi","10":"product_tag-sach-moi-xuat-ban","12":"first","13":"instock","14":"sale","15":"taxable","16":"shipping-taxable","17":"purchasable","18":"product-type-simple"},"supplier_id":null,"supplier_sku":"","barcode":null,"atum_controlled":true,"out_stock_date":null,"out_stock_threshold":null,"inheritable":false,"inbound_stock":0,"stock_on_hold":0,"sold_today":0,"sales_last_days":0,"reserved_stock":0,"customer_returns":0,"warehouse_damage":0,"lost_in_post":0,"other_logs":0,"out_stock_days":0,"lost_sales":0,"has_location":false,"update_date":"2026-01-28T23:11:31","atum_locations":[],"atum_stock_status":"instock","restock_status":false,"low_stock_amount":"","sales_update_date":"2026-01-28T23:11:31","calc_backorders":null,"acf":{"publisher":false},"_links":{"self":[{"href":"https:\/\/sachviet.eu\/en\/wp-json\/wp\/v2\/product\/22235","targetHints":{"allow":["GET"]}}],"collection":[{"href":"https:\/\/sachviet.eu\/en\/wp-json\/wp\/v2\/product"}],"about":[{"href":"https:\/\/sachviet.eu\/en\/wp-json\/wp\/v2\/types\/product"}],"wp:featuredmedia":[{"embeddable":true,"href":"https:\/\/sachviet.eu\/en\/wp-json\/wp\/v2\/media\/22236"}],"wp:attachment":[{"href":"https:\/\/sachviet.eu\/en\/wp-json\/wp\/v2\/media?parent=22235"}],"wp:term":[{"taxonomy":"product_brand","embeddable":true,"href":"https:\/\/sachviet.eu\/en\/wp-json\/wp\/v2\/product_brand?post=22235"},{"taxonomy":"product_cat","embeddable":true,"href":"https:\/\/sachviet.eu\/en\/wp-json\/wp\/v2\/product_cat?post=22235"},{"taxonomy":"product_tag","embeddable":true,"href":"https:\/\/sachviet.eu\/en\/wp-json\/wp\/v2\/product_tag?post=22235"}],"curies":[{"name":"wp","href":"https:\/\/api.w.org\/{rel}","templated":true}]}}