{"id":22187,"date":"2022-12-24T23:52:48","date_gmt":"2022-12-24T21:52:48","guid":{"rendered":"https:\/\/sachviet.eu\/shop\/lich-de-ban-doraemon-2023\/"},"modified":"2022-12-25T13:25:57","modified_gmt":"2022-12-25T11:25:57","slug":"lich-de-ban-doraemon-2023","status":"publish","type":"product","link":"https:\/\/sachviet.eu\/en\/shop\/lich-de-ban-doraemon-2023\/","title":{"rendered":"L\u1ecbch \u0111\u1ec3 b\u00e0n Doraemon 2023"},"content":{"rendered":"<p>L\u1ecbch \u0111\u1ec3 b\u00e0n DORAEMON 2023 &#8211; s\u1ea3n ph\u1ea9m &#8220;truy\u1ec1n th\u1ed1ng&#8221; c\u1ee7a Nh\u00e0 xu\u1ea5t b\u1ea3n Kim \u0110\u1ed3ng m\u1ed7i khi n\u0103m m\u1edbi t\u1edbi nay \u0111\u00e3 s\u1eb5n s\u00e0ng l\u00ean k\u1ec7!!<br \/>\nKh\u00e1c nh\u1eefng n\u0103m tr\u01b0\u1edbc, l\u1ecbch Doraemon 2023 mang m\u1ed9t m\u00e0u s\u1eafc ho\u00e0i c\u1ed5, v\u1edbi phong c\u00e1ch thi\u1ebft k\u1ebf h\u00ecnh \u1ea3nh theo xu h\u01b0\u1edbng Retro v\u00f4 c\u00f9ng l\u1ea1 m\u1eaft, nh\u01b0ng v\u1eabn g\u1ea7n g\u0169i v\u1edbi ng\u01b0\u1eddi y\u00eau m\u1ebfn Doraemon \u1edf nhi\u1ec1u l\u1ee9a tu\u1ed5i th\u00f4ng qua nh\u1eefng b\u1ea3o b\u1ed1i th\u1ea7n k\u00ec, nh\u1eefng h\u00ecnh \u1ea3nh vui t\u01b0\u01a1i v\u00e0 th\u00e2n thi\u1ec7n c\u1ee7a m\u00e8o m\u00e1y Doraemon. B\u00ean c\u1ea1nh \u0111\u00f3 l\u1ecbch v\u1eabn ch\u1eeba kh\u00f4ng gian \u0111\u1ec3 b\u1ea1n c\u00f3 th\u1ec3 ghi ch\u00fa l\u1ea1i nh\u1eefng k\u1ebf ho\u1ea1ch h\u00e0ng tu\u1ea7n v\u00e0 h\u00e0ng th\u00e1ng c\u1ee7a m\u00ecnh m\u1ed9t c\u00e1ch \u0111\u1ea7y c\u1ea3m h\u1ee9ng!<br \/>\nH\u00e3y c\u00f9ng ti\u1ebfp t\u1ee5c \u0111\u00f3n Doraemon v\u1ec1 v\u1edbi kh\u00f4ng gian h\u1ecdc t\u1eadp v\u00e0 l\u00e0m vi\u1ec7c c\u1ee7a b\u1ea1n, \u0111\u1ec3 c\u00f3 m\u1ed9t \u201cng\u01b0\u1eddi b\u1ea1n nh\u1eafc nh\u1edf th\u1eddi gian\u201d \u0111\u1ea7y hi\u1ec7u qu\u1ea3, ki\u00eam v\u1eadt ph\u1ea9m trang tr\u00ed v\u00f4 c\u00f9ng sinh \u0111\u1ed9ng v\u00e0 d\u1ec5 th\u01b0\u01a1ng nh\u00e9!!<br \/>\nL\u1ecbch ph\u00e1t h\u00e0nh m\u1ed9t l\u1ea7n duy nh\u1ea5t v\u00e0o ng\u00e0y th\u1ee9 S\u00e1u: 02.12.2022!! <\/p>\n","protected":false},"excerpt":{"rendered":"<p>L\u1ecbch \u0111\u1ec3 b\u00e0n DORAEMON 2023 &#8211; s\u1ea3n ph\u1ea9m &#8220;truy\u1ec1n th\u1ed1ng&#8221; c\u1ee7a Nh\u00e0 xu\u1ea5t b\u1ea3n Kim \u0110\u1ed3ng m\u1ed7i khi n\u0103m m\u1edbi t\u1edbi nay \u0111\u00e3 s\u1eb5n s\u00e0ng l\u00ean k\u1ec7!!<br \/>\nKh\u00e1c nh\u1eefng n\u0103m tr\u01b0\u1edbc, l\u1ecbch Doraemon 2023 mang m\u1ed9t m\u00e0u s\u1eafc ho\u00e0i c\u1ed5, v\u1edbi phong c\u00e1ch thi\u1ebft k\u1ebf h\u00ecnh \u1ea3nh theo xu h\u01b0\u1edbng Retro v\u00f4 c\u00f9ng l\u1ea1 m\u1eaft, nh\u01b0ng v\u1eabn g\u1ea7n g\u0169i v\u1edbi ng\u01b0\u1eddi y\u00eau m\u1ebfn Doraemon \u1edf nhi\u1ec1u l\u1ee9a tu\u1ed5i th\u00f4ng qua nh\u1eefng b\u1ea3o b\u1ed1i th\u1ea7n k\u00ec, nh\u1eefng h\u00ecnh \u1ea3nh vui t\u01b0\u01a1i v\u00e0 th\u00e2n thi\u1ec7n c\u1ee7a m\u00e8o m\u00e1y Doraemon. B\u00ean c\u1ea1nh \u0111\u00f3 l\u1ecbch v\u1eabn ch\u1eeba kh\u00f4ng gian \u0111\u1ec3 b\u1ea1n c\u00f3 th\u1ec3 ghi ch\u00fa l\u1ea1i nh\u1eefng k\u1ebf ho\u1ea1ch h\u00e0ng tu\u1ea7n v\u00e0 h\u00e0ng th\u00e1ng c\u1ee7a m\u00ecnh m\u1ed9t c\u00e1ch \u0111\u1ea7y c\u1ea3m h\u1ee9ng!<br \/>\nH\u00e3y c\u00f9ng ti\u1ebfp t\u1ee5c \u0111\u00f3n Doraemon v\u1ec1 v\u1edbi kh\u00f4ng gian h\u1ecdc t\u1eadp v\u00e0 l\u00e0m vi\u1ec7c c\u1ee7a b\u1ea1n, \u0111\u1ec3 c\u00f3 m\u1ed9t \u201cng\u01b0\u1eddi b\u1ea1n nh\u1eafc nh\u1edf th\u1eddi gian\u201d \u0111\u1ea7y hi\u1ec7u qu\u1ea3, ki\u00eam v\u1eadt ph\u1ea9m trang tr\u00ed v\u00f4 c\u00f9ng sinh \u0111\u1ed9ng v\u00e0 d\u1ec5 th\u01b0\u01a1ng nh\u00e9!!<br \/>\nL\u1ecbch ph\u00e1t h\u00e0nh m\u1ed9t l\u1ea7n duy nh\u1ea5t v\u00e0o ng\u00e0y th\u1ee9 S\u00e1u: 02.12.2022!!<\/p>\n","protected":false},"featured_media":22182,"template":"","meta":{"_acf_changed":false},"product_brand":[],"product_cat":[70],"product_tag":[],"class_list":{"0":"post-22187","1":"product","2":"type-product","3":"status-publish","4":"has-post-thumbnail","6":"product_cat-qua-tang","8":"first","9":"outofstock","10":"taxable","11":"shipping-taxable","12":"purchasable","13":"product-type-simple"},"supplier_id":null,"supplier_sku":"","barcode":null,"atum_controlled":true,"out_stock_date":"2022-12-24 21:52:49","out_stock_threshold":null,"inheritable":false,"inbound_stock":0,"stock_on_hold":0,"sold_today":0,"sales_last_days":0,"reserved_stock":0,"customer_returns":0,"warehouse_damage":0,"lost_in_post":0,"other_logs":0,"out_stock_days":1131,"lost_sales":0,"has_location":false,"update_date":"2026-01-28T23:11:07","atum_locations":[],"atum_stock_status":"outofstock","restock_status":false,"low_stock_amount":"","sales_update_date":"2026-01-28T23:11:07","calc_backorders":null,"acf":{"publisher":null},"_links":{"self":[{"href":"https:\/\/sachviet.eu\/en\/wp-json\/wp\/v2\/product\/22187","targetHints":{"allow":["GET"]}}],"collection":[{"href":"https:\/\/sachviet.eu\/en\/wp-json\/wp\/v2\/product"}],"about":[{"href":"https:\/\/sachviet.eu\/en\/wp-json\/wp\/v2\/types\/product"}],"wp:featuredmedia":[{"embeddable":true,"href":"https:\/\/sachviet.eu\/en\/wp-json\/wp\/v2\/media\/22182"}],"wp:attachment":[{"href":"https:\/\/sachviet.eu\/en\/wp-json\/wp\/v2\/media?parent=22187"}],"wp:term":[{"taxonomy":"product_brand","embeddable":true,"href":"https:\/\/sachviet.eu\/en\/wp-json\/wp\/v2\/product_brand?post=22187"},{"taxonomy":"product_cat","embeddable":true,"href":"https:\/\/sachviet.eu\/en\/wp-json\/wp\/v2\/product_cat?post=22187"},{"taxonomy":"product_tag","embeddable":true,"href":"https:\/\/sachviet.eu\/en\/wp-json\/wp\/v2\/product_tag?post=22187"}],"curies":[{"name":"wp","href":"https:\/\/api.w.org\/{rel}","templated":true}]}}