{"id":2201,"date":"2021-02-25T19:25:45","date_gmt":"2021-02-25T17:25:45","guid":{"rendered":"https:\/\/sachviet.eu\/shop\/bo-sach-nhung-chuyen-ke-cua-thornton-set-3-quyen\/"},"modified":"2022-12-19T18:53:12","modified_gmt":"2022-12-19T16:53:12","slug":"bo-sach-nhung-chuyen-ke-cua-thornton-set-3-quyen","status":"publish","type":"product","link":"https:\/\/sachviet.eu\/en\/shop\/bo-sach-nhung-chuyen-ke-cua-thornton-set-3-quyen\/","title":{"rendered":"B\u1ed9 s\u00e1ch Nh\u1eefng chuy\u1ec7n k\u1ec3 c\u1ee7a Thornton &#8211; bundle 3 quy\u1ec3n"},"content":{"rendered":"<p>Cu\u1ed9c phi\u00eau l\u01b0u c\u1ee7a Gi\u00e0 \u1ebech<br \/>\nGi\u00e0 \u1ebech v\u1ed1n m\u00ea H\u1ed3 M\u1ec9m Chi \u0111\u1ebfn \u0111\u1ed9 kh\u00f4ng t\u00e0i n\u00e0o tin r\u1eb1ng c\u00f3 ch\u1ed7 l\u1ea1i \u0111\u00e1ng y\u00eau h\u01a1n n\u01a1i n\u00e0y. \u1ea4y th\u1ebf m\u00e0 m\u1ed9t ng\u00e0y kia, gi\u00e0 l\u1ea1i ph\u1ea3i \u0111\u1ee9ng tr\u01b0\u1edbc l\u1ef1a ch\u1ecdn: l\u01b0u l\u1ea1i qu\u00ea h\u01b0\u01a1ng th\u01a1 \u1ea5u hay chu du Th\u1ebf Gi\u1edbi Bao La? C\u00f9ng xem Gi\u00e0 \u1ebech \u0111\u00e3 ph\u1ea3i \u0111\u01b0\u01a1ng \u0111\u1ea7u v\u1edbi nh\u1eefng hi\u1ec3m nguy s\u00f3ng gi\u00f3 g\u00ec trong chuy\u1ebfn \u0111i c\u1ef1c ly k\u1ef3 n\u00e0y nh\u00e9!<\/p>\n<p>Nh\u1eefng c\u00e2u chuy\u1ec7n c\u00f9ng M\u1eb9 Gi\u00e0 Gi\u00f3 T\u00e2y<br \/>\nTheo ch\u00e2n b\u1ea7y Gi\u00f3 Con Nh\u00ed Nh\u1ea3nh &#8211; nh\u1eefng \u0111\u1ee9a con c\u1ee7a M\u1eb9 Gi\u00e0 Gi\u00f3 T\u00e2y rong ch\u01a1i n\u01a1i \u0110\u1ed3ng Xanh, R\u1eebng Th\u1eb3m v\u00e0 l\u1eafng nghe bi\u1ebft bao mi\u1ec1n truy\u1ec7n mi\u00ean man \u0111ang ch\u1edd \u0111\u00f3n! Trong th\u1ebf gi\u1edbi t\u01b0\u01a1i \u0111\u1eb9p \u1ea5y, c\u00e1c b\u1ea1n nh\u1ecf v\u1eeba \u0111\u01b0\u1ee3c nghe k\u1ec3 h\u0103ng say v\u1ec1 ngu\u1ed3n g\u1ed1c c\u1ee7a c\u00e1c lo\u00e0i, v\u1eeba \u0111\u01b0\u1ee3c c\u01b0\u1eddi n\u1eafc n\u1ebb v\u1edbi nh\u1eefng tr\u00f2 ch\u01a1i kh\u0103m ranh m\u00e3nh, hay tr\u1ea7m tr\u1ed3 th\u00e1n ph\u1ee5c tr\u01b0\u1edbc nh\u1eefng t\u1ea5m l\u00f2ng h\u00e0o hi\u1ec7p, tr\u01b0\u1ee3ng ngh\u0129a, s\u1eb5n l\u00f2ng ra tay gi\u00fap \u0111\u1ee1 l\u1eabn nhau khi nguy kh\u1ed1n.<\/p>\n<p>Th\u1ecf Peter v\u00e0 nh\u1eefng c\u00e2u chuy\u1ec7n v\u1ec1 s\u1ef1 t\u00edch mu\u00f4n lo\u00e0i<br \/>\nC\u00e1c em b\u00e9 th\u01b0\u1eddng c\u00f3 r\u1ea5t nhi\u1ec1u c\u00e2u h\u1ecfi \u201cV\u00ec sao\u201d. \u1ea4y l\u00e0 b\u1edfi c\u00e1c em \u0111ang kh\u00e1m ph\u00e1 v\u00e0 t\u00ecm hi\u1ec3u v\u1ec1 th\u1ebf gi\u1edbi xung quanh m\u00ecnh. Nh\u1eefng m\u1ea9u truy\u1ec7n nh\u1ecf v\u00f4 c\u00f9ng \u0111\u1eb7c bi\u1ec7t v\u00e0 d\u00ed d\u1ecfm trong t\u1eadp s\u00e1ch n\u00e0y s\u1ebd mang \u0111\u1ebfn cho c\u00e1c em kh\u00f4ng ch\u1ec9 nh\u1eefng gi\u1edd ph\u00fat \u0111\u1ecdc s\u00e1ch vui v\u1ebb, m\u00e0 h\u01a1n n\u1eefa l\u00e0 nh\u1eefng ki\u1ebfn th\u1ee9c khoa h\u1ecdc v\u00f4 c\u00f9ng x\u00e1c \u0111\u00e1ng c\u0169ng nh\u01b0 ch\u1eafp c\u00e1nh cho tr\u00ed t\u01b0\u1edfng t\u01b0\u1ee3ng v\u00e0 kh\u1ea3 n\u0103ng c\u1ea3m th\u1ee5 v\u0103n h\u1ecdc.<\/p>\n<p>Gi\u00e1 tr\u1ecb kh\u1ed5ng l\u1ed3 c\u1ee7a b\u1ed9 s\u00e1ch<br \/>\n&#8211; B\u1ed9 s\u00e1ch v\u0103n h\u1ecdc thi\u1ebfu nhi kinh \u0111i\u1ec3n b\u1ea1n nh\u1ecf n\u00e0o c\u0169ng v\u1ea7n ph\u1ea3i \u0111\u1ecdc<br \/>\n&#8211; B\u1ed9 s\u00e1ch l\u00e0 tuy\u1ec3n ch\u1ecdn tinh hoa t\u1eeb 170 cu\u1ed1n s\u00e1ch v\u00e0 15.000 m\u1ea9u truy\u1ec7n ng\u1eafn t\u00e1c gi\u1ea3 Thornton Burgess vi\u1ebft li\u00ean t\u1ee5c trong su\u1ed1t 50 n\u0103m l\u00e0m say l\u00f2ng bao th\u1ebf h\u1ec7 tr\u1ebb em M\u1ef9.<br \/>\n&#8211; M\u1ed7i ng\u00e0y ch\u1ec9 c\u1ea7n d\u00e0nh ra 20 ph\u00fat \u0111\u1ecdc h\u1ebft m\u1ed9t ch\u01b0\u01a1ng ng\u1eafn \u0111\u1ec3 b\u1ed5 sung 32 tri\u1ec7u t\u1eeb v\u1ef1ng cho tr\u1ebb t\u1eeb tu\u1ed5i m\u1ea7m non \u0111\u1ebfn t\u1eadn ti\u1ec1n trung h\u1ecdc.<br \/>\n&#8211; B\u1ed9 s\u00e1ch gi\u00fap tr\u1ebb ph\u00e1t tri\u1ec3n n\u0103ng l\u1ef1c c\u1ea3m x\u00fac, x\u00e2y d\u1ef1ng n\u1ec1n t\u1ea3ng \u0111\u1ea1o \u0111\u1ee9c v\u00e0 vun \u0111\u1eafp t\u00ecnh y\u00eau thi\u00ean nhi\u00ean.<br \/>\n&#8211; B\u1ed9 s\u00e1ch \u0111\u01b0\u1ee3c \u0111\u1ea7u t\u01b0 v\u1ebd m\u1edbi to\u00e0n b\u1ed9 tranh minh h\u1ecda b\u1edfi c\u00e1c h\u1ecda s\u0129 t\u00e0i n\u0103ng \u0111\u1ec3 \u0111\u01b0a c\u00e1c t\u00e1c ph\u1ea9m kinh \u0111i\u1ec3n \u0111\u1ebfn g\u1ea7n h\u01a1n v\u1edbi b\u1ea1n \u0111\u1ecdc nh\u1ecf tu\u1ed5i Vi\u1ec7t Nam.<br \/>\n&#8211; B\u1ed9 s\u00e1ch xu\u1ea5t s\u1eafc v\u1ec1 ng\u00f4n t\u1eeb, tuy\u1ec7t di\u1ec7u v\u1ec1 h\u00ecnh \u1ea3nh, ho\u00e0n h\u1ea3o v\u1ec1 in \u1ea5n. X\u1ee9ng \u0111\u00e1ng \u0111\u01b0\u1ee3c l\u01b0u gi\u1eef tr\u00ean gi\u00e1 s\u00e1ch m\u1ecdi gia \u0111\u00ecnh qua nhi\u1ec1u th\u1ebf h\u1ec7.  <div class=\"banner-grid-wrapper\">\n  <div id=\"banner-grid-1976885824\" class=\"banner-grid row row-grid row-small\" data-packery-options=\"\">\n            <style>\n    #banner-grid-1976885824 .grid-col-1{height: 600px}\n    #banner-grid-1976885824 .grid-col-1-2{height: 300px}\n    #banner-grid-1976885824 .grid-col-1-3{height:200px}\n    #banner-grid-1976885824 .grid-col-2-3{height: 400px}\n    #banner-grid-1976885824 .grid-col-1-4{height: 150px}\n    #banner-grid-1976885824 .grid-col-3-4{height: 450px}\n\n\n        \/* Tablet *\/\n    @media (max-width: 850px){\n      #banner-grid-1976885824 .grid-col-1{height: 400px}\n      #banner-grid-1976885824 .grid-col-1-2{height: 200px}\n      #banner-grid-1976885824 .grid-col-1-3{height:133.33333333333px}\n      #banner-grid-1976885824 .grid-col-2-3{height: 266.66666666667px}\n      #banner-grid-1976885824 .grid-col-1-4{height: 100px}\n      #banner-grid-1976885824 .grid-col-3-4{height: 300px}\n    }\n    \n        \/* Mobile *\/\n    @media (max-width: 550px){\n      #banner-grid-1976885824 .grid-col-1{height: 400px}\n      #banner-grid-1976885824 .grid-col-1-2{height: 200px}\n      #banner-grid-1976885824 .grid-col-1-3{height:133.33333333333px}\n      #banner-grid-1976885824 .grid-col-2-3{height: 266.66666666667px}\n      #banner-grid-1976885824 .grid-col-1-4{height: 100px}\n      #banner-grid-1976885824 .grid-col-3-4{height: 300px}\n    }\n    \n\n  <\/style>\n    <\/div>\n    <style>\n    #banner-grid-1976885824 .grid-col-1{height: 600px}\n    #banner-grid-1976885824 .grid-col-1-2{height: 300px}\n    #banner-grid-1976885824 .grid-col-1-3{height:200px}\n    #banner-grid-1976885824 .grid-col-2-3{height: 400px}\n    #banner-grid-1976885824 .grid-col-1-4{height: 150px}\n    #banner-grid-1976885824 .grid-col-3-4{height: 450px}\n\n\n    \n    \n\n  <\/style>\n    <\/div>\n  \n","protected":false},"excerpt":{"rendered":"<p>&#8211; B\u1ed9 s\u00e1ch v\u0103n h\u1ecdc thi\u1ebfu nhi kinh \u0111i\u1ec3n b\u1ea1n nh\u1ecf n\u00e0o c\u0169ng v\u1ea7n ph\u1ea3i \u0111\u1ecdc<\/p>\n<p>&#8211; B\u1ed9 s\u00e1ch l\u00e0 tuy\u1ec3n ch\u1ecdn tinh hoa t\u1eeb 170 cu\u1ed1n s\u00e1ch v\u00e0 15.000 m\u1ea9u truy\u1ec7n ng\u1eafn t\u00e1c gi\u1ea3 Thornton Burgess vi\u1ebft li\u00ean t\u1ee5c trong su\u1ed1t 50 n\u0103m l\u00e0m say l\u00f2ng bao th\u1ebf h\u1ec7 tr\u1ebb em M\u1ef9.<\/p>\n<p>&#8211; M\u1ed7i ng\u00e0y ch\u1ec9 c\u1ea7n d\u00e0nh ra 20 ph\u00fat \u0111\u1ecdc h\u1ebft m\u1ed9t ch\u01b0\u01a1ng ng\u1eafn \u0111\u1ec3 b\u1ed5 sung 32 tri\u1ec7u t\u1eeb v\u1ef1ng cho tr\u1ebb t\u1eeb tu\u1ed5i m\u1ea7m non \u0111\u1ebfn t\u1eadn ti\u1ec1n trung h\u1ecdc.<\/p>\n<p>&#8211; B\u1ed9 s\u00e1ch gi\u00fap tr\u1ebb ph\u00e1t tri\u1ec3n n\u0103ng l\u1ef1c c\u1ea3m x\u00fac, x\u00e2y d\u1ef1ng n\u1ec1n t\u1ea3ng \u0111\u1ea1o \u0111\u1ee9c v\u00e0 vun \u0111\u1eafp t\u00ecnh y\u00eau thi\u00ean nhi\u00ean.<\/p>\n<p>&#8211; B\u1ed9 s\u00e1ch \u0111\u01b0\u1ee3c \u0111\u1ea7u t\u01b0 v\u1ebd m\u1edbi to\u00e0n b\u1ed9 tranh minh h\u1ecda b\u1edfi c\u00e1c h\u1ecda s\u0129 t\u00e0i n\u0103ng \u0111\u1ec3 \u0111\u01b0a c\u00e1c t\u00e1c ph\u1ea9m kinh \u0111i\u1ec3n \u0111\u1ebfn g\u1ea7n h\u01a1n v\u1edbi b\u1ea1n \u0111\u1ecdc nh\u1ecf tu\u1ed5i Vi\u1ec7t Nam.<\/p>\n<p>&#8211; B\u1ed9 s\u00e1ch xu\u1ea5t s\u1eafc v\u1ec1 ng\u00f4n t\u1eeb, tuy\u1ec7t di\u1ec7u v\u1ec1 h\u00ecnh \u1ea3nh, ho\u00e0n h\u1ea3o v\u1ec1 in \u1ea5n. X\u1ee9ng \u0111\u00e1ng \u0111\u01b0\u1ee3c l\u01b0u gi\u1eef tr\u00ean gi\u00e1 s\u00e1ch m\u1ecdi gia \u0111\u00ecnh qua nhi\u1ec1u th\u1ebf h\u1ec7.<\/p>\n","protected":false},"featured_media":2193,"template":"","meta":{"_acf_changed":false},"product_brand":[],"product_cat":[17,25,26],"product_tag":[81],"class_list":{"0":"post-2201","1":"product","2":"type-product","3":"status-publish","4":"has-post-thumbnail","6":"product_cat-sach-danh-cho-cac-be","7":"product_cat-nhi-dong-6-tuoi-12-tuoi","8":"product_cat-thieu-nien-11-tuoi-18-tuoi","9":"product_tag-sach-gia-uu-dai","11":"first","12":"outofstock","13":"sale","14":"taxable","15":"shipping-taxable","16":"purchasable","17":"product-type-woosb"},"supplier_id":null,"supplier_sku":"","barcode":null,"atum_controlled":true,"out_stock_date":"2021-03-01 23:32:59","out_stock_threshold":null,"inheritable":false,"inbound_stock":0,"stock_on_hold":0,"sold_today":0,"sales_last_days":0,"reserved_stock":0,"customer_returns":0,"warehouse_damage":0,"lost_in_post":0,"other_logs":0,"out_stock_days":1793,"lost_sales":0,"has_location":false,"update_date":"2026-01-28T23:10:30","atum_locations":[],"atum_stock_status":"instock","restock_status":false,"low_stock_amount":"","sales_update_date":"2026-01-28T23:10:30","calc_backorders":null,"acf":{"publisher":{"ID":1458,"post_author":"1","post_date":"2021-02-17 01:12:22","post_date_gmt":"2021-02-16 23:12:22","post_content":"<!-- wp:flatsome\/uxbuilder -->\n<h1 style=\"text-align: center\"><strong>Crabit Kidbooks<\/strong><\/h1>\n[row]\n\n[col span=\"8\" span__sm=\"12\"]\n\n<p>Crabit Kidbooks l\u00e0 nh\u00e0 ph\u00e1t h\u00e0nh s\u00e1ch thi\u1ebfu nhi thu\u1ed9c C\u00f4ng ty CPTM &amp; XNK Ng\u1ecdc \u00c1nh \u2013 \u0111\u01a1n v\u1ecb h\u01a1n 20 n\u0103m kinh nghi\u1ec7m trong ng\u00e0nh in \u1ea5n v\u00e0 l\u00e0 \u0111\u1ed1i t\u00e1c uy t\u00edn cung c\u1ea5p h\u1ecdc li\u1ec7u, s\u00e1ch v\u1edf h\u1ecdc sinh cho h\u01a1n 5000 kh\u00e1ch h\u00e0ng kh\u1eafp 28 t\u1ec9nh th\u00e0nh ph\u00eda B\u1eafc Vi\u1ec7t Nam H\u1ec7 th\u1ed1ng s\u1ea3n ph\u1ea9m Crabit Kidbooks<\/p>\n<p>Theo s\u1ef1 t\u00ecm hi\u1ec3u c\u1ee7a <strong>SACHVIET.EU<\/strong><strong>\u00a0<\/strong>tuy Crabit Kidbooks l\u00e0 m\u1ed9t nh\u00e0 ph\u00e1t h\u00e0nh tr\u1ebb t\u1ea1i Vi\u1ec7t Nam nh\u01b0ng l\u1ea1i mang \u0111\u1ebfn s\u1ef1 ch\u1ec9n chu qua t\u1eebng trang s\u00e1ch, t\u1eeb ch\u1ea5t li\u1ec7u gi\u1ea5y cao c\u1ea5p, b\u00eca c\u1ee9ng gi\u1eef g\u00ecn s\u00e1ch \u0111\u01b0\u1ee3c b\u1ec1n l\u00e2u \u0111\u1ebfn l\u1eddi v\u0103n c\u00e2u ch\u1eef \u0111\u01b0\u1ee3c ch\u1ecdn l\u1ecdc ch\u1ec9nh s\u1eeda sao cho ti\u1ebfp c\u1eadn th\u00e2n thi\u1ec7n nh\u1ea5t v\u1edbi tr\u1ebb em. <strong>SACHVIET.EU<\/strong> th\u1ef1c s\u1ef1 \u1ea5n t\u01b0\u1ee3ng b\u1edfi t\u1ea7m nh\u00ecn v\u00e0 s\u1ef1 c\u1ed1 g\u1eafng ho\u00e0n thi\u1ec7n nh\u1eefng t\u00e1c ph\u1ea9m c\u00f3 gi\u00e1 tr\u1ecb tuy\u1ec7t v\u1eddi m\u00e0 Crabit Kidbooks mang l\u1ea1i. \u0110\u00e2y c\u0169ng l\u00e0 nh\u00e0 ph\u00e1t h\u00e0nh duy nh\u1ea5t t\u1edbi th\u1eddi \u0111i\u1ec3m n\u00e0y m\u00e0 <strong>SACHVIET.EU<\/strong> quy\u1ebft t\u00e2m h\u1ee3p t\u00e1c mang h\u1ebft t\u1ea5t c\u1ea3 c\u00e1c \u0111\u1ea7u s\u00e1ch m\u00e0 Crabit Kidbooks c\u00f3 \u0111\u1ec3 \u0111em \u0111\u1ebfn Ch\u00e2u \u00c2u ph\u1ee5c v\u1ee5 m\u1ecdi ng\u01b0\u1eddi. \u0110\u00e2y th\u1ef1c s\u1ef1 l\u00e0 m\u1ed9t s\u1ef1 li\u1ec1u l\u0129nh c\u1ee7a <strong>SACHVIET.EU<\/strong>, tuy nhi\u00ean ch\u00fang m\u00ecnh tin t\u01b0\u1edfng v\u00e0 t\u1ef1 tin r\u1eb1ng t\u1eebng cu\u1ed1n s\u00e1ch m\u00e0 ch\u00fang m\u00ecnh gi\u1edbi thi\u1ec7u x\u1ee9ng \u0111\u00e1ng v\u1edbi nh\u1eefng g\u00ec ch\u00fang m\u00ecnh theo \u0111u\u1ed5i.<\/p>\n\n[\/col]\n[col span=\"4\" span__sm=\"12\"]\n\n[ux_image id=\"1701\" image_size=\"medium\"]\n\n\n[\/col]\n\n[\/row]\n\n<!-- \/wp:flatsome\/uxbuilder -->","post_title":"Crabit Kidbooks","post_excerpt":"","post_status":"publish","comment_status":"closed","ping_status":"closed","post_password":"","post_name":"crabit-kidbooks","to_ping":"","pinged":"","post_modified":"2022-12-19 23:12:10","post_modified_gmt":"2022-12-19 21:12:10","post_content_filtered":"","post_parent":0,"guid":"https:\/\/sachviet.eu\/nha-phat-hanh\/crabitkidbooks\/","menu_order":0,"post_type":"publisher","post_mime_type":"","comment_count":"0","filter":"raw"}},"_links":{"self":[{"href":"https:\/\/sachviet.eu\/en\/wp-json\/wp\/v2\/product\/2201","targetHints":{"allow":["GET"]}}],"collection":[{"href":"https:\/\/sachviet.eu\/en\/wp-json\/wp\/v2\/product"}],"about":[{"href":"https:\/\/sachviet.eu\/en\/wp-json\/wp\/v2\/types\/product"}],"wp:featuredmedia":[{"embeddable":true,"href":"https:\/\/sachviet.eu\/en\/wp-json\/wp\/v2\/media\/2193"}],"wp:attachment":[{"href":"https:\/\/sachviet.eu\/en\/wp-json\/wp\/v2\/media?parent=2201"}],"wp:term":[{"taxonomy":"product_brand","embeddable":true,"href":"https:\/\/sachviet.eu\/en\/wp-json\/wp\/v2\/product_brand?post=2201"},{"taxonomy":"product_cat","embeddable":true,"href":"https:\/\/sachviet.eu\/en\/wp-json\/wp\/v2\/product_cat?post=2201"},{"taxonomy":"product_tag","embeddable":true,"href":"https:\/\/sachviet.eu\/en\/wp-json\/wp\/v2\/product_tag?post=2201"}],"curies":[{"name":"wp","href":"https:\/\/api.w.org\/{rel}","templated":true}]}}