{"id":21848,"date":"2022-12-08T12:41:58","date_gmt":"2022-12-08T10:41:58","guid":{"rendered":"https:\/\/sachviet.eu\/shop\/nhung-la-thu-cua-felix-tron-bo-6-quyen\/"},"modified":"2022-12-08T14:12:31","modified_gmt":"2022-12-08T12:12:31","slug":"nhung-la-thu-cua-felix-tron-bo-6-quyen","status":"publish","type":"product","link":"https:\/\/sachviet.eu\/en\/shop\/nhung-la-thu-cua-felix-tron-bo-6-quyen\/","title":{"rendered":"Nh\u1eefng L\u00e1 Th\u01b0 C\u1ee7a Felix \u2013 tr\u1ecdn b\u1ed9 6 quy\u1ec3n"},"content":{"rendered":"<p>Felix l\u00e0 m\u1ed9t ch\u00fa th\u1ecf b\u00f4ng r\u1ea5t d\u1ec5 th\u01b0\u01a1ng v\u00e0 y\u00eau th\u00edch du l\u1ecbch. Ch\u00fa \u0111i \u0111\u1ebfn kh\u1eafp m\u1ecdi n\u01a1i tr\u00ean th\u1ebf gi\u1edbi v\u00e0 t\u1eeb nh\u1eefng n\u01a1i t\u01b0\u01a1i \u0111\u1eb9p \u0111\u00f3, ch\u00fa g\u1eedi th\u01b0 v\u1ec1 cho Sophia, b\u1ea1n th\u00e2n c\u1ee7a ch\u00fa.<\/p>\n<p>\u0110\u00e2y l\u00e0 m\u1ed9t b\u1ed9 s\u00e1ch h\u1ebft s\u1ee9c tuy\u1ec7t v\u1eddi v\u1edbi nh\u1eefng b\u1ee9c th\u01b0 th\u1ef1c s\u1ef1, \u0111\u1ec3 trong 1 phong b\u00ec th\u1ef1c s\u1ef1, g\u1eafn k\u00e8m c\u00f9ng trang s\u00e1ch. C\u1ea7m cu\u1ed1n s\u00e1ch, b\u1ea1n th\u1ea5y n\u00f3 ph\u1ed3ng l\u00ean, b\u1eadp b\u1ec1nh, ch\u1ed7 d\u00e0y ch\u1ed7 m\u1ecfng, l\u00e0 b\u1edfi v\u00ec c\u00f3 nh\u1eefng l\u00e1 th\u01b0 k\u1eb9p \u1edf gi\u1eefa nh\u01b0 th\u1ebf.<\/p>\n<p>\u0110\u00e3 bao l\u00e2u r\u1ed3i b\u1ea1n kh\u00f4ng nh\u1eadn \u0111\u01b0\u1ee3c 1 l\u00e1 th\u01b0 tay? \u0110\u00e3 bao l\u00e2u r\u1ed3i b\u1ea1n kh\u00f4ng nh\u1eadn \u0111\u01b0\u1ee3c 1 t\u1ea5m poscard t\u1eeb m\u1ed9t mi\u1ec1n \u0111\u1ea5t xa x\u00f4i v\u00e0 t\u01b0\u01a1i \u0111\u1eb9p, t\u1eeb m\u1ed9t ng\u01b0\u1eddi m\u00e0 b\u1ea1n v\u00f4 c\u00f9ng y\u00eau qu\u00fd?<\/p>\n<p>M\u00ecnh v\u1eabn nh\u1edb, m\u00ecnh \u0111\u00e3 th\u00edch m\u00ea \u0111i khi l\u1ea7n \u0111\u1ea7u th\u1ea5y b\u1ed9 s\u00e1ch n\u00e0y. Nh\u01b0 th\u1ec3 m\u00ecnh ch\u00ednh l\u00e0 Sophia v\u1eady, nh\u01b0 th\u1ec3 m\u00ecnh l\u00e0 ng\u01b0\u1eddi \u0111\u01b0\u1ee3c nh\u1eadn nh\u1eefng b\u1ee9c th\u01b0 th\u00e2n th\u01b0\u01a1ng \u0111\u00f3 v\u1eady.<\/p>\n<p>B\u1ed9 s\u00e1ch Felix n\u00e0y \u0111\u01b0\u1ee3c l\u00e0m kh\u00e1 th\u1ee7 c\u00f4ng. C\u00e1c c\u00f4 ch\u00fa \u1edf x\u01b0\u1edfng in \u0111\u00e3 c\u1ea9n th\u1eadn g\u1ea5p t\u1eebng l\u00e1 th\u01b0, l\u1ed3ng v\u00e0o trong b\u00ec th\u01b0 v\u00e0 g\u1eafn ch\u00fang v\u00e0o trang s\u00e1ch, m\u1ed9t c\u00e1ch t\u1ec9 m\u1ec9 v\u00e0 c\u1ea9n th\u1eadn.<\/p>\n","protected":false},"excerpt":{"rendered":"<p>Felix l\u00e0 m\u1ed9t ch\u00fa th\u1ecf b\u00f4ng r\u1ea5t d\u1ec5 th\u01b0\u01a1ng v\u00e0 y\u00eau th\u00edch du l\u1ecbch. Ch\u00fa \u0111i \u0111\u1ebfn kh\u1eafp m\u1ecdi n\u01a1i tr\u00ean th\u1ebf gi\u1edbi v\u00e0 t\u1eeb nh\u1eefng n\u01a1i t\u01b0\u01a1i \u0111\u1eb9p \u0111\u00f3, ch\u00fa g\u1eedi th\u01b0 v\u1ec1 cho Sophia, b\u1ea1n th\u00e2n c\u1ee7a ch\u00fa.<\/p>\n<p>\u0110\u00e2y l\u00e0 m\u1ed9t b\u1ed9 s\u00e1ch h\u1ebft s\u1ee9c tuy\u1ec7t v\u1eddi v\u1edbi nh\u1eefng b\u1ee9c th\u01b0 th\u1ef1c s\u1ef1, \u0111\u1ec3 trong 1 phong b\u00ec th\u1ef1c s\u1ef1, g\u1eafn k\u00e8m c\u00f9ng trang s\u00e1ch. C\u1ea7m cu\u1ed1n s\u00e1ch, b\u1ea1n th\u1ea5y n\u00f3 ph\u1ed3ng l\u00ean, b\u1eadp b\u1ec1nh, ch\u1ed7 d\u00e0y ch\u1ed7 m\u1ecfng, l\u00e0 b\u1edfi v\u00ec c\u00f3 nh\u1eefng l\u00e1 th\u01b0 k\u1eb9p \u1edf gi\u1eefa nh\u01b0 th\u1ebf.<\/p>\n<p>\u0110\u00e3 bao l\u00e2u r\u1ed3i b\u1ea1n kh\u00f4ng nh\u1eadn \u0111\u01b0\u1ee3c 1 l\u00e1 th\u01b0 tay? \u0110\u00e3 bao l\u00e2u r\u1ed3i b\u1ea1n kh\u00f4ng nh\u1eadn \u0111\u01b0\u1ee3c 1 t\u1ea5m poscard t\u1eeb m\u1ed9t mi\u1ec1n \u0111\u1ea5t xa x\u00f4i v\u00e0 t\u01b0\u01a1i \u0111\u1eb9p, t\u1eeb m\u1ed9t ng\u01b0\u1eddi m\u00e0 b\u1ea1n v\u00f4 c\u00f9ng y\u00eau qu\u00fd?<\/p>\n<p>M\u00ecnh v\u1eabn nh\u1edb, m\u00ecnh \u0111\u00e3 th\u00edch m\u00ea \u0111i khi l\u1ea7n \u0111\u1ea7u th\u1ea5y b\u1ed9 s\u00e1ch n\u00e0y. Nh\u01b0 th\u1ec3 m\u00ecnh ch\u00ednh l\u00e0 Sophia v\u1eady, nh\u01b0 th\u1ec3 m\u00ecnh l\u00e0 ng\u01b0\u1eddi \u0111\u01b0\u1ee3c nh\u1eadn nh\u1eefng b\u1ee9c th\u01b0 th\u00e2n th\u01b0\u01a1ng \u0111\u00f3 v\u1eady.<\/p>\n<p>B\u1ed9 s\u00e1ch Felix n\u00e0y \u0111\u01b0\u1ee3c l\u00e0m kh\u00e1 th\u1ee7 c\u00f4ng. C\u00e1c c\u00f4 ch\u00fa \u1edf x\u01b0\u1edfng in \u0111\u00e3 c\u1ea9n th\u1eadn g\u1ea5p t\u1eebng l\u00e1 th\u01b0, l\u1ed3ng v\u00e0o trong b\u00ec th\u01b0 v\u00e0 g\u1eafn ch\u00fang v\u00e0o trang s\u00e1ch, m\u1ed9t c\u00e1ch t\u1ec9 m\u1ec9 v\u00e0 c\u1ea9n th\u1eadn.<\/p>\n","protected":false},"featured_media":21843,"template":"","meta":{"_acf_changed":false},"product_brand":[],"product_cat":[25,17,26],"product_tag":[],"class_list":{"0":"post-21848","1":"product","2":"type-product","3":"status-publish","4":"has-post-thumbnail","6":"product_cat-nhi-dong-6-tuoi-12-tuoi","7":"product_cat-sach-danh-cho-cac-be","8":"product_cat-thieu-nien-11-tuoi-18-tuoi","10":"first","11":"instock","12":"taxable","13":"shipping-taxable","14":"purchasable","15":"product-type-simple"},"supplier_id":null,"supplier_sku":"","barcode":null,"atum_controlled":true,"out_stock_date":null,"out_stock_threshold":null,"inheritable":false,"inbound_stock":0,"stock_on_hold":0,"sold_today":0,"sales_last_days":0,"reserved_stock":0,"customer_returns":0,"warehouse_damage":0,"lost_in_post":0,"other_logs":0,"out_stock_days":0,"lost_sales":0,"has_location":false,"update_date":"2026-01-28T23:11:07","atum_locations":[],"atum_stock_status":"instock","restock_status":false,"low_stock_amount":"","sales_update_date":"2026-01-28T23:11:07","calc_backorders":null,"acf":{"publisher":{"ID":1454,"post_author":"1","post_date":"2021-02-17 01:11:34","post_date_gmt":"2021-02-16 23:11:34","post_content":"<!-- wp:flatsome\/uxbuilder -->\n<h1 style=\"text-align: center;\"><strong>Kim \u0110\u1ed3ng<\/strong><\/h1>\n[row]\n\n[col span=\"3\" span__sm=\"12\"]\n\n[ux_image id=\"1534\" image_size=\"medium\"]\n\n\n[\/col]\n[col span=\"9\" span__sm=\"12\"]\n\n<p>Nh\u00e0 xu\u1ea5t b\u1ea3n Kim \u0110\u1ed3ng tr\u1ef1c thu\u1ed9c Trung \u01b0\u01a1ng \u0110o\u00e0n TNCS H\u1ed3 Ch\u00ed Minh l\u00e0 Nh\u00e0 xu\u1ea5t b\u1ea3n t\u1ed5ng h\u1ee3p c\u00f3 ch\u1ee9c n\u0103ng xu\u1ea5t b\u1ea3n s\u00e1ch v\u00e0 v\u0103n h\u00f3a ph\u1ea9m ph\u1ee5c v\u1ee5 thi\u1ebfu nhi v\u00e0 c\u00e1c b\u1eadc ph\u1ee5 huynh trong c\u1ea3 n\u01b0\u1edbc, qu\u1ea3ng b\u00e1 v\u00e0 gi\u1edbi thi\u1ec7u v\u0103n h\u00f3a Vi\u1ec7t Nam ra th\u1ebf gi\u1edbi.<br \/>Nh\u00e0 xu\u1ea5t b\u1ea3n c\u00f3 nhi\u1ec7m v\u1ee5 t\u1ed5 ch\u1ee9c b\u1ea3n th\u1ea3o, bi\u00ean so\u1ea1n, bi\u00ean d\u1ecbch, xu\u1ea5t b\u1ea3n v\u00e0 ph\u00e1t h\u00e0nh c\u00e1c xu\u1ea5t b\u1ea3n ph\u1ea9m c\u00f3 n\u1ed9i dung: gi\u00e1o d\u1ee5c truy\u1ec1n th\u1ed1ng d\u00e2n t\u1ed9c, gi\u00e1o d\u1ee5c v\u1ec1 tri th\u1ee9c, ki\u1ebfn th\u1ee9c\u2026 tr\u00ean c\u00e1c l\u0129nh v\u1ef1c v\u0103n h\u1ecdc, ngh\u1ec7 thu\u1eadt, khoa h\u1ecdc k\u1ef9 thu\u1eadt nh\u1eb1m cung c\u1ea5p cho c\u00e1c em thi\u1ebfu nhi c\u0169ng nh\u01b0 c\u00e1c b\u1eadc ph\u1ee5 huynh c\u00e1c ki\u1ebfn th\u1ee9c c\u1ea7n thi\u1ebft trong cu\u1ed9c s\u1ed1ng, nh\u1eefng tinh hoa c\u1ee7a tri th\u1ee9c nh\u00e2n lo\u1ea1i nh\u1eb1m g\u00f3p ph\u1ea7n gi\u00e1o d\u1ee5c v\u00e0 h\u00ecnh th\u00e0nh nh\u00e2n c\u00e1ch th\u1ebf h\u1ec7 tr\u1ebb.<br \/>\u0110\u1ed1i t\u01b0\u1ee3ng ph\u1ee5c v\u1ee5 c\u1ee7a Nh\u00e0 xu\u1ea5t b\u1ea3n l\u00e0 c\u00e1c em t\u1eeb tu\u1ed5i nh\u00e0 tr\u1ebb m\u1eabu gi\u00e1o (1 \u0111\u1ebfn 5 tu\u1ed5i), nhi \u0111\u1ed3ng (6 \u0111\u1ebfn 9 tu\u1ed5i), thi\u1ebfu ni\u00ean (10 \u0111\u1ebfn 15 tu\u1ed5i) \u0111\u1ebfn c\u00e1c em tu\u1ed5i m\u1edbi l\u1edbn (16 \u0111\u1ebfn 18 tu\u1ed5i) v\u00e0 c\u00e1c b\u1eadc ph\u1ee5 huynh.<\/p>\n\n[\/col]\n\n[\/row]\n\n<!-- \/wp:flatsome\/uxbuilder -->","post_title":"Kim \u0110\u1ed3ng","post_excerpt":"","post_status":"publish","comment_status":"closed","ping_status":"closed","post_password":"","post_name":"kim-dong","to_ping":"","pinged":"","post_modified":"2021-02-17 01:31:56","post_modified_gmt":"2021-02-16 23:31:56","post_content_filtered":"","post_parent":0,"guid":"https:\/\/sachviet.eu\/nha-phat-hanh\/kim-dong\/","menu_order":0,"post_type":"publisher","post_mime_type":"","comment_count":"0","filter":"raw"}},"_links":{"self":[{"href":"https:\/\/sachviet.eu\/en\/wp-json\/wp\/v2\/product\/21848","targetHints":{"allow":["GET"]}}],"collection":[{"href":"https:\/\/sachviet.eu\/en\/wp-json\/wp\/v2\/product"}],"about":[{"href":"https:\/\/sachviet.eu\/en\/wp-json\/wp\/v2\/types\/product"}],"wp:featuredmedia":[{"embeddable":true,"href":"https:\/\/sachviet.eu\/en\/wp-json\/wp\/v2\/media\/21843"}],"wp:attachment":[{"href":"https:\/\/sachviet.eu\/en\/wp-json\/wp\/v2\/media?parent=21848"}],"wp:term":[{"taxonomy":"product_brand","embeddable":true,"href":"https:\/\/sachviet.eu\/en\/wp-json\/wp\/v2\/product_brand?post=21848"},{"taxonomy":"product_cat","embeddable":true,"href":"https:\/\/sachviet.eu\/en\/wp-json\/wp\/v2\/product_cat?post=21848"},{"taxonomy":"product_tag","embeddable":true,"href":"https:\/\/sachviet.eu\/en\/wp-json\/wp\/v2\/product_tag?post=21848"}],"curies":[{"name":"wp","href":"https:\/\/api.w.org\/{rel}","templated":true}]}}