{"id":2184,"date":"2021-02-25T19:25:09","date_gmt":"2021-02-25T17:25:09","guid":{"rendered":"https:\/\/sachviet.eu\/shop\/em-dinh-mang-ganh-xiec-den-thu-vien-a-quen-di\/"},"modified":"2024-08-12T10:12:14","modified_gmt":"2024-08-12T07:12:14","slug":"em-dinh-mang-ganh-xiec-den-thu-vien-a-quen-di","status":"publish","type":"product","link":"https:\/\/sachviet.eu\/en\/shop\/em-dinh-mang-ganh-xiec-den-thu-vien-a-quen-di\/","title":{"rendered":"Em \u0110\u1ecbnh Mang G\u00e1nh Xi\u1ebfc \u0110\u1ebfn Th\u01b0 Vi\u1ec7n \u00c0, Qu\u00ean \u0110i!"},"content":{"rendered":"<p>Khi Magnolia nh\u00ecn th\u1ea5y t\u1ea5m bi\u1ec3n \u201cM\u00ecnh \u0111\u01b0\u1ee3c t\u1ef1 do tho\u1ea3i m\u00e1i l\u00e0m g\u00ec m\u00ecnh mu\u1ed1n \u1edf th\u01b0 vi\u1ec7n\u201d, th\u00ec tr\u00ed t\u01b0\u1edfng t\u01b0\u1ee3ng c\u1ee7a c\u00f4 b\u00e9 \u0111\u00e3 v\u1ecdt xa h\u01a1n m\u1ecdi mong \u0111\u1ee3i c\u1ee7a c\u00e1c b\u1ea1n, th\u1ea7y th\u1ee7 th\u01b0 hay kho\u1ea3ng tr\u1ed1ng khi\u00eam t\u1ed1n gi\u1eefa nh\u1eefng gi\u00e1 s\u00e1ch, v\u00e0 c\u00f4 b\u00e9 quy\u1ebft \u0111\u1ecbnh s\u1ebd d\u1ef1ng m\u1ed9t g\u00e1nh xi\u1ebfc \u201cho\u00e0nh tr\u00e1ng nh\u1ea5t qu\u1ea3 \u0111\u1ea5t\u201d ngay gi\u1eefa m\u1ed9t n\u01a1i m\u00e0 tr\u1eadt t\u1ef1 v\u00e0 s\u1ef1 y\u00ean t\u0129nh \u0111\u01b0\u1ee3c t\u00f4n l\u00ean h\u00e0ng \u0111\u1ea7u. V\u1eady l\u00e0 ch\u00fang ta c\u00f3 m\u1ed9t ph\u00e9p c\u1ed9ng \u0111\u1ea7y k\u1ef3 l\u1ea1 cho ra m\u1ed9t th\u01b0 vi\u1ec7n nh\u1ed9n nh\u1ecbp nh\u1ea5t, v\u00e0 c\u0169ng l\u00e0 g\u00e1nh xi\u1ebfc y\u00ean l\u1eb7ng nh\u1ea5t t\u1eebng th\u1ea5y tr\u00ean \u0111\u1eddi.<br \/>\nT\u00e1c gi\u1ea3: Elise Parsley<br \/>\nBi\u00ean d\u1ecbch: \u00dd D\u0129<\/p>\n  <div class=\"banner-grid-wrapper\">\n  <div id=\"banner-grid-1671371100\" class=\"banner-grid row row-grid row-small\" data-packery-options=\"\">\n                      \n<div class=\"col grid-col large-6 grid-col-1\" ><div class=\"col-inner\">\n\t<div class=\"img has-hover x md-x lg-x y md-y lg-y\" id=\"image_246352174\">\n\t\t\t\t\t\t\t\t<div class=\"img-inner dark\" >\n\t\t\t<img loading=\"lazy\" decoding=\"async\" width=\"712\" height=\"939\" src=\"https:\/\/sachviet.eu\/wp-content\/uploads\/2021\/02\/ganhxiec.png\" class=\"attachment-large size-large\" alt=\"\" srcset=\"https:\/\/sachviet.eu\/wp-content\/uploads\/2021\/02\/ganhxiec.png 712w, https:\/\/sachviet.eu\/wp-content\/uploads\/2021\/02\/ganhxiec-227x300.png 227w, https:\/\/sachviet.eu\/wp-content\/uploads\/2021\/02\/ganhxiec-600x791.png 600w\" sizes=\"auto, (max-width: 712px) 100vw, 712px\" \/>\t\t\t\t\t\t\n\t\t\t\t\t<\/div>\n\t\t\t\t\t\t\t\t\n<style>\n#image_246352174 {\n  width: 100%;\n}\n<\/style>\n\t<\/div>\n\t\n<\/div><\/div>\n<div class=\"col grid-col large-6 grid-col-1-2\" ><div class=\"col-inner\">\n\t<div class=\"img has-hover x md-x lg-x y md-y lg-y\" id=\"image_1125235540\">\n\t\t\t\t\t\t\t\t<div class=\"img-inner dark\" >\n\t\t\t<img loading=\"lazy\" decoding=\"async\" width=\"800\" height=\"800\" src=\"https:\/\/sachviet.eu\/wp-content\/uploads\/2021\/02\/ruot_06.jpg\" class=\"attachment-large size-large\" alt=\"\" srcset=\"https:\/\/sachviet.eu\/wp-content\/uploads\/2021\/02\/ruot_06.jpg 800w, https:\/\/sachviet.eu\/wp-content\/uploads\/2021\/02\/ruot_06-300x300.jpg 300w, https:\/\/sachviet.eu\/wp-content\/uploads\/2021\/02\/ruot_06-150x150.jpg 150w, https:\/\/sachviet.eu\/wp-content\/uploads\/2021\/02\/ruot_06-768x768.jpg 768w, https:\/\/sachviet.eu\/wp-content\/uploads\/2021\/02\/ruot_06-600x600.jpg 600w, https:\/\/sachviet.eu\/wp-content\/uploads\/2021\/02\/ruot_06-100x100.jpg 100w\" sizes=\"auto, (max-width: 800px) 100vw, 800px\" \/>\t\t\t\t\t\t\n\t\t\t\t\t<\/div>\n\t\t\t\t\t\t\t\t\n<style>\n#image_1125235540 {\n  width: 100%;\n}\n<\/style>\n\t<\/div>\n\t\n<\/div><\/div>\n<div class=\"col grid-col large-6 grid-col-1-2\" ><div class=\"col-inner\">\n\t<div class=\"img has-hover x md-x lg-x y md-y lg-y\" id=\"image_359764078\">\n\t\t\t\t\t\t\t\t<div class=\"img-inner dark\" >\n\t\t\t<img loading=\"lazy\" decoding=\"async\" width=\"800\" height=\"800\" src=\"https:\/\/sachviet.eu\/wp-content\/uploads\/2021\/02\/ruot_05.jpg\" class=\"attachment-large size-large\" alt=\"\" srcset=\"https:\/\/sachviet.eu\/wp-content\/uploads\/2021\/02\/ruot_05.jpg 800w, https:\/\/sachviet.eu\/wp-content\/uploads\/2021\/02\/ruot_05-300x300.jpg 300w, https:\/\/sachviet.eu\/wp-content\/uploads\/2021\/02\/ruot_05-150x150.jpg 150w, https:\/\/sachviet.eu\/wp-content\/uploads\/2021\/02\/ruot_05-768x768.jpg 768w, https:\/\/sachviet.eu\/wp-content\/uploads\/2021\/02\/ruot_05-600x600.jpg 600w, https:\/\/sachviet.eu\/wp-content\/uploads\/2021\/02\/ruot_05-100x100.jpg 100w\" sizes=\"auto, (max-width: 800px) 100vw, 800px\" \/>\t\t\t\t\t\t\n\t\t\t\t\t<\/div>\n\t\t\t\t\t\t\t\t\n<style>\n#image_359764078 {\n  width: 100%;\n}\n<\/style>\n\t<\/div>\n\t\n<\/div><\/div>\n            <\/div>\n    <style>\n    #banner-grid-1671371100 .grid-col-1{height: 600px}\n    #banner-grid-1671371100 .grid-col-1-2{height: 300px}\n    #banner-grid-1671371100 .grid-col-1-3{height:200px}\n    #banner-grid-1671371100 .grid-col-2-3{height: 400px}\n    #banner-grid-1671371100 .grid-col-1-4{height: 150px}\n    #banner-grid-1671371100 .grid-col-3-4{height: 450px}\n\n\n    \n    \n\n  <\/style>\n    <\/div>\n  \n","protected":false},"excerpt":{"rendered":"<p>Khi Magnolia nh\u00ecn th\u1ea5y t\u1ea5m bi\u1ec3n \u201cM\u00ecnh \u0111\u01b0\u1ee3c t\u1ef1 do tho\u1ea3i m\u00e1i l\u00e0m g\u00ec m\u00ecnh mu\u1ed1n \u1edf th\u01b0 vi\u1ec7n\u201d, th\u00ec tr\u00ed t\u01b0\u1edfng t\u01b0\u1ee3ng c\u1ee7a c\u00f4 b\u00e9 \u0111\u00e3 v\u1ecdt xa h\u01a1n m\u1ecdi mong \u0111\u1ee3i c\u1ee7a c\u00e1c b\u1ea1n, th\u1ea7y th\u1ee7 th\u01b0 hay kho\u1ea3ng tr\u1ed1ng khi\u00eam t\u1ed1n gi\u1eefa nh\u1eefng gi\u00e1 s\u00e1ch, v\u00e0 c\u00f4 b\u00e9 quy\u1ebft \u0111\u1ecbnh s\u1ebd d\u1ef1ng m\u1ed9t g\u00e1nh xi\u1ebfc \u201cho\u00e0nh tr\u00e1ng nh\u1ea5t qu\u1ea3 \u0111\u1ea5t\u201d ngay gi\u1eefa m\u1ed9t n\u01a1i m\u00e0 tr\u1eadt t\u1ef1 v\u00e0 s\u1ef1 y\u00ean t\u0129nh \u0111\u01b0\u1ee3c t\u00f4n l\u00ean h\u00e0ng \u0111\u1ea7u. V\u1eady l\u00e0 ch\u00fang ta c\u00f3 m\u1ed9t ph\u00e9p c\u1ed9ng \u0111\u1ea7y k\u1ef3 l\u1ea1 cho ra m\u1ed9t th\u01b0 vi\u1ec7n nh\u1ed9n nh\u1ecbp nh\u1ea5t, v\u00e0 c\u0169ng l\u00e0 g\u00e1nh xi\u1ebfc y\u00ean l\u1eb7ng nh\u1ea5t t\u1eebng th\u1ea5y tr\u00ean \u0111\u1eddi.<\/p>\n","protected":false},"featured_media":2181,"template":"","meta":{"_acf_changed":false},"product_brand":[],"product_cat":[25,17],"product_tag":[],"class_list":{"0":"post-2184","1":"product","2":"type-product","3":"status-publish","4":"has-post-thumbnail","6":"product_cat-nhi-dong-6-tuoi-12-tuoi","7":"product_cat-sach-danh-cho-cac-be","9":"first","10":"instock","11":"taxable","12":"shipping-taxable","13":"purchasable","14":"product-type-simple"},"supplier_id":null,"supplier_sku":"","barcode":null,"atum_controlled":true,"out_stock_date":null,"out_stock_threshold":null,"inheritable":false,"inbound_stock":0,"stock_on_hold":0,"sold_today":0,"sales_last_days":0,"reserved_stock":0,"customer_returns":0,"warehouse_damage":0,"lost_in_post":0,"other_logs":0,"out_stock_days":0,"lost_sales":0,"has_location":false,"update_date":"2026-01-28T23:11:20","atum_locations":[],"atum_stock_status":"instock","restock_status":false,"low_stock_amount":"","sales_update_date":"2026-01-28T23:11:20","calc_backorders":null,"acf":{"publisher":{"ID":1458,"post_author":"1","post_date":"2021-02-17 01:12:22","post_date_gmt":"2021-02-16 23:12:22","post_content":"<!-- wp:flatsome\/uxbuilder -->\n<h1 style=\"text-align: center\"><strong>Crabit Kidbooks<\/strong><\/h1>\n[row]\n\n[col span=\"8\" span__sm=\"12\"]\n\n<p>Crabit Kidbooks l\u00e0 nh\u00e0 ph\u00e1t h\u00e0nh s\u00e1ch thi\u1ebfu nhi thu\u1ed9c C\u00f4ng ty CPTM &amp; XNK Ng\u1ecdc \u00c1nh \u2013 \u0111\u01a1n v\u1ecb h\u01a1n 20 n\u0103m kinh nghi\u1ec7m trong ng\u00e0nh in \u1ea5n v\u00e0 l\u00e0 \u0111\u1ed1i t\u00e1c uy t\u00edn cung c\u1ea5p h\u1ecdc li\u1ec7u, s\u00e1ch v\u1edf h\u1ecdc sinh cho h\u01a1n 5000 kh\u00e1ch h\u00e0ng kh\u1eafp 28 t\u1ec9nh th\u00e0nh ph\u00eda B\u1eafc Vi\u1ec7t Nam H\u1ec7 th\u1ed1ng s\u1ea3n ph\u1ea9m Crabit Kidbooks<\/p>\n<p>Theo s\u1ef1 t\u00ecm hi\u1ec3u c\u1ee7a <strong>SACHVIET.EU<\/strong><strong>\u00a0<\/strong>tuy Crabit Kidbooks l\u00e0 m\u1ed9t nh\u00e0 ph\u00e1t h\u00e0nh tr\u1ebb t\u1ea1i Vi\u1ec7t Nam nh\u01b0ng l\u1ea1i mang \u0111\u1ebfn s\u1ef1 ch\u1ec9n chu qua t\u1eebng trang s\u00e1ch, t\u1eeb ch\u1ea5t li\u1ec7u gi\u1ea5y cao c\u1ea5p, b\u00eca c\u1ee9ng gi\u1eef g\u00ecn s\u00e1ch \u0111\u01b0\u1ee3c b\u1ec1n l\u00e2u \u0111\u1ebfn l\u1eddi v\u0103n c\u00e2u ch\u1eef \u0111\u01b0\u1ee3c ch\u1ecdn l\u1ecdc ch\u1ec9nh s\u1eeda sao cho ti\u1ebfp c\u1eadn th\u00e2n thi\u1ec7n nh\u1ea5t v\u1edbi tr\u1ebb em. <strong>SACHVIET.EU<\/strong> th\u1ef1c s\u1ef1 \u1ea5n t\u01b0\u1ee3ng b\u1edfi t\u1ea7m nh\u00ecn v\u00e0 s\u1ef1 c\u1ed1 g\u1eafng ho\u00e0n thi\u1ec7n nh\u1eefng t\u00e1c ph\u1ea9m c\u00f3 gi\u00e1 tr\u1ecb tuy\u1ec7t v\u1eddi m\u00e0 Crabit Kidbooks mang l\u1ea1i. \u0110\u00e2y c\u0169ng l\u00e0 nh\u00e0 ph\u00e1t h\u00e0nh duy nh\u1ea5t t\u1edbi th\u1eddi \u0111i\u1ec3m n\u00e0y m\u00e0 <strong>SACHVIET.EU<\/strong> quy\u1ebft t\u00e2m h\u1ee3p t\u00e1c mang h\u1ebft t\u1ea5t c\u1ea3 c\u00e1c \u0111\u1ea7u s\u00e1ch m\u00e0 Crabit Kidbooks c\u00f3 \u0111\u1ec3 \u0111em \u0111\u1ebfn Ch\u00e2u \u00c2u ph\u1ee5c v\u1ee5 m\u1ecdi ng\u01b0\u1eddi. \u0110\u00e2y th\u1ef1c s\u1ef1 l\u00e0 m\u1ed9t s\u1ef1 li\u1ec1u l\u0129nh c\u1ee7a <strong>SACHVIET.EU<\/strong>, tuy nhi\u00ean ch\u00fang m\u00ecnh tin t\u01b0\u1edfng v\u00e0 t\u1ef1 tin r\u1eb1ng t\u1eebng cu\u1ed1n s\u00e1ch m\u00e0 ch\u00fang m\u00ecnh gi\u1edbi thi\u1ec7u x\u1ee9ng \u0111\u00e1ng v\u1edbi nh\u1eefng g\u00ec ch\u00fang m\u00ecnh theo \u0111u\u1ed5i.<\/p>\n\n[\/col]\n[col span=\"4\" span__sm=\"12\"]\n\n[ux_image id=\"1701\" image_size=\"medium\"]\n\n\n[\/col]\n\n[\/row]\n\n<!-- \/wp:flatsome\/uxbuilder -->","post_title":"Crabit Kidbooks","post_excerpt":"","post_status":"publish","comment_status":"closed","ping_status":"closed","post_password":"","post_name":"crabit-kidbooks","to_ping":"","pinged":"","post_modified":"2022-12-19 23:12:10","post_modified_gmt":"2022-12-19 21:12:10","post_content_filtered":"","post_parent":0,"guid":"https:\/\/sachviet.eu\/nha-phat-hanh\/crabitkidbooks\/","menu_order":0,"post_type":"publisher","post_mime_type":"","comment_count":"0","filter":"raw"}},"_links":{"self":[{"href":"https:\/\/sachviet.eu\/en\/wp-json\/wp\/v2\/product\/2184","targetHints":{"allow":["GET"]}}],"collection":[{"href":"https:\/\/sachviet.eu\/en\/wp-json\/wp\/v2\/product"}],"about":[{"href":"https:\/\/sachviet.eu\/en\/wp-json\/wp\/v2\/types\/product"}],"wp:featuredmedia":[{"embeddable":true,"href":"https:\/\/sachviet.eu\/en\/wp-json\/wp\/v2\/media\/2181"}],"wp:attachment":[{"href":"https:\/\/sachviet.eu\/en\/wp-json\/wp\/v2\/media?parent=2184"}],"wp:term":[{"taxonomy":"product_brand","embeddable":true,"href":"https:\/\/sachviet.eu\/en\/wp-json\/wp\/v2\/product_brand?post=2184"},{"taxonomy":"product_cat","embeddable":true,"href":"https:\/\/sachviet.eu\/en\/wp-json\/wp\/v2\/product_cat?post=2184"},{"taxonomy":"product_tag","embeddable":true,"href":"https:\/\/sachviet.eu\/en\/wp-json\/wp\/v2\/product_tag?post=2184"}],"curies":[{"name":"wp","href":"https:\/\/api.w.org\/{rel}","templated":true}]}}