{"id":2180,"date":"2021-02-25T19:24:58","date_gmt":"2021-02-25T17:24:58","guid":{"rendered":"https:\/\/sachviet.eu\/shop\/em-dinh-mang-dan-piano-ra-bien-a-quen-di\/"},"modified":"2023-06-12T21:20:34","modified_gmt":"2023-06-12T18:20:34","slug":"em-dinh-mang-dan-piano-ra-bien-a-quen-di","status":"publish","type":"product","link":"https:\/\/sachviet.eu\/en\/shop\/em-dinh-mang-dan-piano-ra-bien-a-quen-di\/","title":{"rendered":"Em \u0110\u1ecbnh Mang \u0110\u00e0n Piano Ra Bi\u1ec3n \u00c0, Qu\u00ean \u0110i!"},"content":{"rendered":"<p>Trong cu\u1ed1n truy\u1ec7n r\u00f5 h\u00e0i h\u01b0\u1edbc n\u00e0y, to\u00e0n b\u1ed9 nh\u1eefng s\u1ef1 quy\u1ebft \u0111o\u00e1n o\u00e1i o\u0103m c\u00f9ng nh\u1eefng \u0111\u00f2i h\u1ecfi v\u00f4 l\u00fd c\u1ee7a tr\u1ebb nh\u1ecf \u0111\u1ec1u \u0111\u00e3 \u0111\u01b0\u1ee3c t\u00e1c gi\u1ea3 Elise Parsley l\u1ed9t t\u1ea3 ch\u00e2n th\u1ef1c qua l\u1ed1i k\u1ec3 chuy\u1ec7n h\u00e0i h\u01b0\u1edbc v\u00e0 t\u00e0i t\u00ecnh c\u1ee7a m\u00ecnh. C\u00e1ch t\u1ea1o t\u00ecnh hu\u1ed1ng \u0111\u1ed9c \u0111\u00e1o v\u00e0 \u0111\u1ea7y tinh th\u00f4ng c\u00f9ng nh\u1eefng minh h\u1ecda \u0111\u1eb7c s\u1eafc, v\u1edbi nh\u1eefng bi\u1ec3u c\u1ea3m sinh \u0111\u1ed9ng v\u00e0 c\u00f3 ph\u1ea7n qu\u00e1 \u0111\u00e0 c\u1ee7a c\u00f4 b\u00e9 Magnolia \u0111\u00e3 gi\u00fap n\u1eafm b\u1eaft tr\u1ecdn v\u1eb9n \u0111\u1ee7 m\u1ecdi cung b\u1eadc c\u1ea3m x\u00fac c\u1ee7a nh\u00e2n v\u1eadt trong m\u1ed9t chuy\u1ebfn h\u00e0nh tr\u00ecnh v\u00f4 ti\u1ec1n kho\u00e1ng h\u1eadu \u0111\u1ec3 \u0111\u01b0a \u0111\u01b0\u1ee3c c\u00e2y \u0111\u00e0n piano ra b\u1edd bi\u1ec3n.<br \/>\nT\u00e1c gi\u1ea3: Elise Parsley<br \/>\nBi\u00ean d\u1ecbch: \u00dd D\u0129  <div class=\"banner-grid-wrapper\">\n  <div id=\"banner-grid-1253876486\" class=\"banner-grid row row-grid row-small\" data-packery-options=\"\">\n                      <div class=\"col grid-col large-6 grid-col-1\" ><div class=\"col-inner\">\t<div class=\"img has-hover x md-x lg-x y md-y lg-y\" id=\"image_2099139315\">\n\t\t\t\t\t\t\t\t<div class=\"img-inner dark\" >\n\t\t\t<img loading=\"lazy\" decoding=\"async\" width=\"746\" height=\"959\" src=\"https:\/\/sachviet.eu\/wp-content\/uploads\/2021\/02\/danpiano.png\" class=\"attachment-large size-large\" alt=\"\" srcset=\"https:\/\/sachviet.eu\/wp-content\/uploads\/2021\/02\/danpiano.png 746w, https:\/\/sachviet.eu\/wp-content\/uploads\/2021\/02\/danpiano-233x300.png 233w, https:\/\/sachviet.eu\/wp-content\/uploads\/2021\/02\/danpiano-600x771.png 600w\" sizes=\"auto, (max-width: 746px) 100vw, 746px\" \/>\t\t\t\t\t\t\n\t\t\t\t\t<\/div>\n\t\t\t\t\t\t\t\t\n<style>\n#image_2099139315 {\n  width: 100%;\n}\n<\/style>\n\t<\/div>\n\t<\/div><\/div><div class=\"col grid-col large-6 grid-col-1-2\" ><div class=\"col-inner\">\t<div class=\"img has-hover x md-x lg-x y md-y lg-y\" id=\"image_1515479446\">\n\t\t\t\t\t\t\t\t<div class=\"img-inner dark\" >\n\t\t\t<img loading=\"lazy\" decoding=\"async\" width=\"800\" height=\"800\" src=\"https:\/\/sachviet.eu\/wp-content\/uploads\/2021\/02\/ruot_02.jpg\" class=\"attachment-large size-large\" alt=\"\" srcset=\"https:\/\/sachviet.eu\/wp-content\/uploads\/2021\/02\/ruot_02.jpg 800w, https:\/\/sachviet.eu\/wp-content\/uploads\/2021\/02\/ruot_02-300x300.jpg 300w, https:\/\/sachviet.eu\/wp-content\/uploads\/2021\/02\/ruot_02-150x150.jpg 150w, https:\/\/sachviet.eu\/wp-content\/uploads\/2021\/02\/ruot_02-768x768.jpg 768w, https:\/\/sachviet.eu\/wp-content\/uploads\/2021\/02\/ruot_02-600x600.jpg 600w, https:\/\/sachviet.eu\/wp-content\/uploads\/2021\/02\/ruot_02-100x100.jpg 100w\" sizes=\"auto, (max-width: 800px) 100vw, 800px\" \/>\t\t\t\t\t\t\n\t\t\t\t\t<\/div>\n\t\t\t\t\t\t\t\t\n<style>\n#image_1515479446 {\n  width: 100%;\n}\n<\/style>\n\t<\/div>\n\t<\/div><\/div><div class=\"col grid-col large-6 grid-col-1-2\" ><div class=\"col-inner\">\t<div class=\"img has-hover x md-x lg-x y md-y lg-y\" id=\"image_294177611\">\n\t\t\t\t\t\t\t\t<div class=\"img-inner dark\" >\n\t\t\t<img loading=\"lazy\" decoding=\"async\" width=\"800\" height=\"800\" src=\"https:\/\/sachviet.eu\/wp-content\/uploads\/2021\/02\/ruot_03.jpg\" class=\"attachment-large size-large\" alt=\"\" srcset=\"https:\/\/sachviet.eu\/wp-content\/uploads\/2021\/02\/ruot_03.jpg 800w, https:\/\/sachviet.eu\/wp-content\/uploads\/2021\/02\/ruot_03-300x300.jpg 300w, https:\/\/sachviet.eu\/wp-content\/uploads\/2021\/02\/ruot_03-150x150.jpg 150w, https:\/\/sachviet.eu\/wp-content\/uploads\/2021\/02\/ruot_03-768x768.jpg 768w, https:\/\/sachviet.eu\/wp-content\/uploads\/2021\/02\/ruot_03-600x600.jpg 600w, https:\/\/sachviet.eu\/wp-content\/uploads\/2021\/02\/ruot_03-100x100.jpg 100w\" sizes=\"auto, (max-width: 800px) 100vw, 800px\" \/>\t\t\t\t\t\t\n\t\t\t\t\t<\/div>\n\t\t\t\t\t\t\t\t\n<style>\n#image_294177611 {\n  width: 100%;\n}\n<\/style>\n\t<\/div>\n\t<\/div><\/div>            <\/div>\n    <style>\n    #banner-grid-1253876486 .grid-col-1{height: 600px}\n    #banner-grid-1253876486 .grid-col-1-2{height: 300px}\n    #banner-grid-1253876486 .grid-col-1-3{height:200px}\n    #banner-grid-1253876486 .grid-col-2-3{height: 400px}\n    #banner-grid-1253876486 .grid-col-1-4{height: 150px}\n    #banner-grid-1253876486 .grid-col-3-4{height: 450px}\n\n\n    \n    \n\n  <\/style>\n    <\/div>\n  \n","protected":false},"excerpt":{"rendered":"<p>Trong cu\u1ed1n truy\u1ec7n r\u00f5 h\u00e0i h\u01b0\u1edbc n\u00e0y, to\u00e0n b\u1ed9 nh\u1eefng s\u1ef1 quy\u1ebft \u0111o\u00e1n o\u00e1i o\u0103m c\u00f9ng nh\u1eefng \u0111\u00f2i h\u1ecfi v\u00f4 l\u00fd c\u1ee7a tr\u1ebb nh\u1ecf \u0111\u1ec1u \u0111\u00e3 \u0111\u01b0\u1ee3c t\u00e1c gi\u1ea3 Elise Parsley l\u1ed9t t\u1ea3 ch\u00e2n th\u1ef1c qua l\u1ed1i k\u1ec3 chuy\u1ec7n h\u00e0i h\u01b0\u1edbc v\u00e0 t\u00e0i t\u00ecnh c\u1ee7a m\u00ecnh. C\u00e1ch t\u1ea1o t\u00ecnh hu\u1ed1ng \u0111\u1ed9c \u0111\u00e1o v\u00e0 \u0111\u1ea7y tinh th\u00f4ng c\u00f9ng nh\u1eefng minh h\u1ecda \u0111\u1eb7c s\u1eafc, v\u1edbi nh\u1eefng bi\u1ec3u c\u1ea3m sinh \u0111\u1ed9ng v\u00e0 c\u00f3 ph\u1ea7n qu\u00e1 \u0111\u00e0 c\u1ee7a c\u00f4 b\u00e9 Magnolia \u0111\u00e3 gi\u00fap n\u1eafm b\u1eaft tr\u1ecdn v\u1eb9n \u0111\u1ee7 m\u1ecdi cung b\u1eadc c\u1ea3m x\u00fac c\u1ee7a nh\u00e2n v\u1eadt trong m\u1ed9t chuy\u1ebfn h\u00e0nh tr\u00ecnh v\u00f4 ti\u1ec1n kho\u00e1ng h\u1eadu \u0111\u1ec3 \u0111\u01b0a \u0111\u01b0\u1ee3c c\u00e2y \u0111\u00e0n piano ra b\u1edd bi\u1ec3n.<\/p>\n","protected":false},"featured_media":2177,"template":"","meta":{"_acf_changed":false},"product_brand":[],"product_cat":[25,17],"product_tag":[],"class_list":{"0":"post-2180","1":"product","2":"type-product","3":"status-publish","4":"has-post-thumbnail","6":"product_cat-nhi-dong-6-tuoi-12-tuoi","7":"product_cat-sach-danh-cho-cac-be","9":"first","10":"instock","11":"taxable","12":"shipping-taxable","13":"purchasable","14":"product-type-simple"},"supplier_id":null,"supplier_sku":"","barcode":null,"atum_controlled":true,"out_stock_date":null,"out_stock_threshold":null,"inheritable":false,"inbound_stock":0,"stock_on_hold":0,"sold_today":0,"sales_last_days":0,"reserved_stock":0,"customer_returns":0,"warehouse_damage":0,"lost_in_post":0,"other_logs":0,"out_stock_days":0,"lost_sales":0,"has_location":false,"update_date":"2026-01-28T23:10:30","atum_locations":[],"atum_stock_status":"instock","restock_status":false,"low_stock_amount":"","sales_update_date":"2026-01-28T23:10:30","calc_backorders":null,"acf":{"publisher":{"ID":1458,"post_author":"1","post_date":"2021-02-17 01:12:22","post_date_gmt":"2021-02-16 23:12:22","post_content":"<!-- wp:flatsome\/uxbuilder -->\n<h1 style=\"text-align: center\"><strong>Crabit Kidbooks<\/strong><\/h1>\n[row]\n\n[col span=\"8\" span__sm=\"12\"]\n\n<p>Crabit Kidbooks l\u00e0 nh\u00e0 ph\u00e1t h\u00e0nh s\u00e1ch thi\u1ebfu nhi thu\u1ed9c C\u00f4ng ty CPTM &amp; XNK Ng\u1ecdc \u00c1nh \u2013 \u0111\u01a1n v\u1ecb h\u01a1n 20 n\u0103m kinh nghi\u1ec7m trong ng\u00e0nh in \u1ea5n v\u00e0 l\u00e0 \u0111\u1ed1i t\u00e1c uy t\u00edn cung c\u1ea5p h\u1ecdc li\u1ec7u, s\u00e1ch v\u1edf h\u1ecdc sinh cho h\u01a1n 5000 kh\u00e1ch h\u00e0ng kh\u1eafp 28 t\u1ec9nh th\u00e0nh ph\u00eda B\u1eafc Vi\u1ec7t Nam H\u1ec7 th\u1ed1ng s\u1ea3n ph\u1ea9m Crabit Kidbooks<\/p>\n<p>Theo s\u1ef1 t\u00ecm hi\u1ec3u c\u1ee7a <strong>SACHVIET.EU<\/strong><strong>\u00a0<\/strong>tuy Crabit Kidbooks l\u00e0 m\u1ed9t nh\u00e0 ph\u00e1t h\u00e0nh tr\u1ebb t\u1ea1i Vi\u1ec7t Nam nh\u01b0ng l\u1ea1i mang \u0111\u1ebfn s\u1ef1 ch\u1ec9n chu qua t\u1eebng trang s\u00e1ch, t\u1eeb ch\u1ea5t li\u1ec7u gi\u1ea5y cao c\u1ea5p, b\u00eca c\u1ee9ng gi\u1eef g\u00ecn s\u00e1ch \u0111\u01b0\u1ee3c b\u1ec1n l\u00e2u \u0111\u1ebfn l\u1eddi v\u0103n c\u00e2u ch\u1eef \u0111\u01b0\u1ee3c ch\u1ecdn l\u1ecdc ch\u1ec9nh s\u1eeda sao cho ti\u1ebfp c\u1eadn th\u00e2n thi\u1ec7n nh\u1ea5t v\u1edbi tr\u1ebb em. <strong>SACHVIET.EU<\/strong> th\u1ef1c s\u1ef1 \u1ea5n t\u01b0\u1ee3ng b\u1edfi t\u1ea7m nh\u00ecn v\u00e0 s\u1ef1 c\u1ed1 g\u1eafng ho\u00e0n thi\u1ec7n nh\u1eefng t\u00e1c ph\u1ea9m c\u00f3 gi\u00e1 tr\u1ecb tuy\u1ec7t v\u1eddi m\u00e0 Crabit Kidbooks mang l\u1ea1i. \u0110\u00e2y c\u0169ng l\u00e0 nh\u00e0 ph\u00e1t h\u00e0nh duy nh\u1ea5t t\u1edbi th\u1eddi \u0111i\u1ec3m n\u00e0y m\u00e0 <strong>SACHVIET.EU<\/strong> quy\u1ebft t\u00e2m h\u1ee3p t\u00e1c mang h\u1ebft t\u1ea5t c\u1ea3 c\u00e1c \u0111\u1ea7u s\u00e1ch m\u00e0 Crabit Kidbooks c\u00f3 \u0111\u1ec3 \u0111em \u0111\u1ebfn Ch\u00e2u \u00c2u ph\u1ee5c v\u1ee5 m\u1ecdi ng\u01b0\u1eddi. \u0110\u00e2y th\u1ef1c s\u1ef1 l\u00e0 m\u1ed9t s\u1ef1 li\u1ec1u l\u0129nh c\u1ee7a <strong>SACHVIET.EU<\/strong>, tuy nhi\u00ean ch\u00fang m\u00ecnh tin t\u01b0\u1edfng v\u00e0 t\u1ef1 tin r\u1eb1ng t\u1eebng cu\u1ed1n s\u00e1ch m\u00e0 ch\u00fang m\u00ecnh gi\u1edbi thi\u1ec7u x\u1ee9ng \u0111\u00e1ng v\u1edbi nh\u1eefng g\u00ec ch\u00fang m\u00ecnh theo \u0111u\u1ed5i.<\/p>\n\n[\/col]\n[col span=\"4\" span__sm=\"12\"]\n\n[ux_image id=\"1701\" image_size=\"medium\"]\n\n\n[\/col]\n\n[\/row]\n\n<!-- \/wp:flatsome\/uxbuilder -->","post_title":"Crabit Kidbooks","post_excerpt":"","post_status":"publish","comment_status":"closed","ping_status":"closed","post_password":"","post_name":"crabit-kidbooks","to_ping":"","pinged":"","post_modified":"2022-12-19 23:12:10","post_modified_gmt":"2022-12-19 21:12:10","post_content_filtered":"","post_parent":0,"guid":"https:\/\/sachviet.eu\/nha-phat-hanh\/crabitkidbooks\/","menu_order":0,"post_type":"publisher","post_mime_type":"","comment_count":"0","filter":"raw"}},"_links":{"self":[{"href":"https:\/\/sachviet.eu\/en\/wp-json\/wp\/v2\/product\/2180","targetHints":{"allow":["GET"]}}],"collection":[{"href":"https:\/\/sachviet.eu\/en\/wp-json\/wp\/v2\/product"}],"about":[{"href":"https:\/\/sachviet.eu\/en\/wp-json\/wp\/v2\/types\/product"}],"wp:featuredmedia":[{"embeddable":true,"href":"https:\/\/sachviet.eu\/en\/wp-json\/wp\/v2\/media\/2177"}],"wp:attachment":[{"href":"https:\/\/sachviet.eu\/en\/wp-json\/wp\/v2\/media?parent=2180"}],"wp:term":[{"taxonomy":"product_brand","embeddable":true,"href":"https:\/\/sachviet.eu\/en\/wp-json\/wp\/v2\/product_brand?post=2180"},{"taxonomy":"product_cat","embeddable":true,"href":"https:\/\/sachviet.eu\/en\/wp-json\/wp\/v2\/product_cat?post=2180"},{"taxonomy":"product_tag","embeddable":true,"href":"https:\/\/sachviet.eu\/en\/wp-json\/wp\/v2\/product_tag?post=2180"}],"curies":[{"name":"wp","href":"https:\/\/api.w.org\/{rel}","templated":true}]}}