{"id":21764,"date":"2022-12-04T10:37:54","date_gmt":"2022-12-04T08:37:54","guid":{"rendered":"https:\/\/sachviet.eu\/shop\/cutebee-diy-booknook-kit-dreamland-of-alsace-mo-hinh-3d-lam-bang-go-trang-tri-ke-sach\/"},"modified":"2023-04-02T12:05:26","modified_gmt":"2023-04-02T09:05:26","slug":"cutebee-diy-booknook-kit-dreamland-of-alsace-mo-hinh-3d-lam-bang-go-trang-tri-ke-sach","status":"publish","type":"product","link":"https:\/\/sachviet.eu\/en\/shop\/cutebee-diy-booknook-kit-dreamland-of-alsace-mo-hinh-3d-lam-bang-go-trang-tri-ke-sach\/","title":{"rendered":"CUTEBEE DIY Booknook Kit (Dreamland Of Alsace &#8211; M\u00f4 h\u00ecnh 3D l\u00e0m b\u1eb1ng g\u1ed7 trang tr\u00ed k\u1ec7 s\u00e1ch"},"content":{"rendered":"<p>\u2014 Name: Dreamland Of Alsace<br \/>\n\u2014 Scale:1:24<br \/>\n\u2014 Recommended Age: Over 14<br \/>\n\u2014 Assembly Time: 2-3 days<br \/>\n\u2014 Finish Size:25\u00d719\u00d714cm<br \/>\n\u2014 Weight: 1.5kg<br \/>\n\u2014 Detailed colored instructions in English.<\/p>\n","protected":false},"excerpt":{"rendered":"<p><strong>(H\u00c0NG \u0110\u1eb6T TR\u01af\u1edaC &#8211; C\u00d3 H\u00c0NG SAU 2-4 TU\u1ea6N SAU KHI \u0110\u01a0N H\u00c0NG \u0110\u1eb6T TH\u00c0NH C\u00d4NG)<\/strong><br \/>\n\u2014 Name: Dreamland Of Alsace<br \/>\n\u2014 Scale:1:24<br \/>\n\u2014 Recommended Age: Over 14<br \/>\n\u2014 Assembly Time: 2-3 days<br \/>\n\u2014 Finish Size:25\u00d719\u00d714cm<br \/>\n\u2014 Weight: 1.5kg<br \/>\n\u2014 Detailed colored instructions in English.<\/p>\n","protected":false},"featured_media":21757,"template":"","meta":{"_acf_changed":false},"product_brand":[],"product_cat":[70],"product_tag":[],"class_list":{"0":"post-21764","1":"product","2":"type-product","3":"status-publish","4":"has-post-thumbnail","6":"product_cat-qua-tang","8":"first","9":"outofstock","10":"taxable","11":"shipping-taxable","12":"purchasable","13":"product-type-simple"},"supplier_id":null,"supplier_sku":"","barcode":null,"atum_controlled":true,"out_stock_date":"2023-04-02 09:05:26","out_stock_threshold":null,"inheritable":false,"inbound_stock":0,"stock_on_hold":0,"sold_today":0,"sales_last_days":0,"reserved_stock":0,"customer_returns":0,"warehouse_damage":0,"lost_in_post":0,"other_logs":0,"out_stock_days":1032,"lost_sales":0,"has_location":false,"update_date":"2026-01-28T23:11:07","atum_locations":[],"atum_stock_status":"outofstock","restock_status":false,"low_stock_amount":"","sales_update_date":"2026-01-28T23:11:07","calc_backorders":null,"acf":{"publisher":{"ID":21719,"post_author":"1","post_date":"2022-12-04 10:37:07","post_date_gmt":"2022-12-04 08:37:07","post_content":"","post_title":"CUTEBEE","post_excerpt":"","post_status":"publish","comment_status":"closed","ping_status":"closed","post_password":"","post_name":"cutebee","to_ping":"","pinged":"","post_modified":"2022-12-04 10:37:07","post_modified_gmt":"2022-12-04 08:37:07","post_content_filtered":"","post_parent":0,"guid":"https:\/\/sachviet.eu\/nha-phat-hanh\/cutebee\/","menu_order":0,"post_type":"publisher","post_mime_type":"","comment_count":"0","filter":"raw"}},"_links":{"self":[{"href":"https:\/\/sachviet.eu\/en\/wp-json\/wp\/v2\/product\/21764","targetHints":{"allow":["GET"]}}],"collection":[{"href":"https:\/\/sachviet.eu\/en\/wp-json\/wp\/v2\/product"}],"about":[{"href":"https:\/\/sachviet.eu\/en\/wp-json\/wp\/v2\/types\/product"}],"wp:featuredmedia":[{"embeddable":true,"href":"https:\/\/sachviet.eu\/en\/wp-json\/wp\/v2\/media\/21757"}],"wp:attachment":[{"href":"https:\/\/sachviet.eu\/en\/wp-json\/wp\/v2\/media?parent=21764"}],"wp:term":[{"taxonomy":"product_brand","embeddable":true,"href":"https:\/\/sachviet.eu\/en\/wp-json\/wp\/v2\/product_brand?post=21764"},{"taxonomy":"product_cat","embeddable":true,"href":"https:\/\/sachviet.eu\/en\/wp-json\/wp\/v2\/product_cat?post=21764"},{"taxonomy":"product_tag","embeddable":true,"href":"https:\/\/sachviet.eu\/en\/wp-json\/wp\/v2\/product_tag?post=21764"}],"curies":[{"name":"wp","href":"https:\/\/api.w.org\/{rel}","templated":true}]}}