{"id":21718,"date":"2022-12-04T10:37:02","date_gmt":"2022-12-04T08:37:02","guid":{"rendered":"https:\/\/sachviet.eu\/shop\/rolife-time-travel-diy-book-nook-shelf-insert-mo-hinh-3d-lam-bang-go-trang-tri-ke-sach\/"},"modified":"2023-04-02T12:06:12","modified_gmt":"2023-04-02T09:06:12","slug":"rolife-time-travel-diy-book-nook-shelf-insert-mo-hinh-3d-lam-bang-go-trang-tri-ke-sach","status":"publish","type":"product","link":"https:\/\/sachviet.eu\/en\/shop\/rolife-time-travel-diy-book-nook-shelf-insert-mo-hinh-3d-lam-bang-go-trang-tri-ke-sach\/","title":{"rendered":"Rolife Time Travel DIY Book Nook Shelf Insert &#8211; M\u00f4 h\u00ecnh 3D l\u00e0m b\u1eb1ng g\u1ed7 trang tr\u00ed k\u1ec7 s\u00e1ch"},"content":{"rendered":"<p>Rolife Time Travel DIY Book Nook l\u00e0 m\u1ed9t ga xe l\u1eeda c\u00f3 th\u1ec3 \u0111\u01b0a b\u1ea1n \u0111\u1ebfn m\u1ed9t th\u1eddi gian v\u00e0 kh\u00f4ng gian kh\u00e1c. Ch\u00fang t\u00f4i \u0111\u00e3 cung c\u1ea5p cho b\u1ea1n t\u1ea5t c\u1ea3 c\u00e1c m\u1ea3nh gh\u00e9p v\u00e0 c\u00f4ng c\u1ee5 \u0111\u1ec3 b\u1ea1n t\u1ea1o c\u1ea3nh nh\u00e0 ga thu nh\u1ecf th\u00fa v\u1ecb n\u00e0y. H\u00e3y vui v\u1ebb l\u1eafp r\u00e1p t\u1ea5t c\u1ea3 c\u00e1c b\u1ed9 ph\u1eadn l\u1ea1i v\u1edbi nhau, v\u00e0 b\u1ea1n s\u1ebd c\u00f3 \u0111\u01b0\u1ee3c m\u1ed9t ph\u1ee5 ki\u1ec7n trang tr\u00ed nh\u00e0 hay trang tr\u00ed k\u1ec7 s\u00e1ch \u0111\u1ed9c \u0111\u00e1o! Nhanh l\u00ean, t\u00e0u s\u1eafp r\u1eddi b\u1ebfn!<br \/>\n<iframe loading=\"lazy\" title=\"Rolife Stories in Books Series | Book Nook DIY Miniature House Kits\" width=\"1020\" height=\"574\" src=\"https:\/\/www.youtube.com\/embed\/rHsmHxQFmCU?start=1&#038;feature=oembed\" frameborder=\"0\" allow=\"accelerometer; autoplay; clipboard-write; encrypted-media; gyroscope; picture-in-picture; web-share\" allowfullscreen><\/iframe><\/p>\n","protected":false},"excerpt":{"rendered":"<p><strong>(H\u00c0NG \u0110\u1eb6T TR\u01af\u1edaC) &#8211; C\u00d3 H\u00c0NG SAU 2-4 TU\u1ea6N<\/strong><br \/>\nRolife Time Travel DIY Book Nook l\u00e0 m\u1ed9t ga xe l\u1eeda c\u00f3 th\u1ec3 \u0111\u01b0a b\u1ea1n \u0111\u1ebfn m\u1ed9t th\u1eddi gian v\u00e0 kh\u00f4ng gian kh\u00e1c. Ch\u00fang t\u00f4i \u0111\u00e3 cung c\u1ea5p cho b\u1ea1n t\u1ea5t c\u1ea3 c\u00e1c m\u1ea3nh gh\u00e9p v\u00e0 c\u00f4ng c\u1ee5 \u0111\u1ec3 b\u1ea1n t\u1ea1o c\u1ea3nh nh\u00e0 ga thu nh\u1ecf th\u00fa v\u1ecb n\u00e0y. H\u00e3y vui v\u1ebb l\u1eafp r\u00e1p t\u1ea5t c\u1ea3 c\u00e1c b\u1ed9 ph\u1eadn l\u1ea1i v\u1edbi nhau, v\u00e0 b\u1ea1n s\u1ebd c\u00f3 \u0111\u01b0\u1ee3c m\u1ed9t ph\u1ee5 ki\u1ec7n trang tr\u00ed nh\u00e0 hay trang tr\u00ed k\u1ec7 s\u00e1ch \u0111\u1ed9c \u0111\u00e1o! Nhanh l\u00ean, t\u00e0u s\u1eafp r\u1eddi b\u1ebfn!<\/p>\n","protected":false},"featured_media":21792,"template":"","meta":{"_acf_changed":false},"product_brand":[],"product_cat":[70],"product_tag":[],"class_list":{"0":"post-21718","1":"product","2":"type-product","3":"status-publish","4":"has-post-thumbnail","6":"product_cat-qua-tang","8":"first","9":"outofstock","10":"taxable","11":"shipping-taxable","12":"purchasable","13":"product-type-simple"},"supplier_id":null,"supplier_sku":"","barcode":null,"atum_controlled":true,"out_stock_date":"2023-04-02 09:06:12","out_stock_threshold":null,"inheritable":false,"inbound_stock":0,"stock_on_hold":0,"sold_today":0,"sales_last_days":0,"reserved_stock":0,"customer_returns":0,"warehouse_damage":0,"lost_in_post":0,"other_logs":0,"out_stock_days":1032,"lost_sales":0,"has_location":true,"update_date":"2026-01-28T23:11:07","atum_locations":[{"id":32,"name":"Helsinki","slug":"helsinki"}],"atum_stock_status":"outofstock","restock_status":false,"low_stock_amount":"","sales_update_date":"2026-01-28T23:11:07","calc_backorders":null,"acf":{"publisher":{"ID":21714,"post_author":"1","post_date":"2022-12-04 10:33:37","post_date_gmt":"2022-12-04 08:33:37","post_content":"","post_title":"Robotime","post_excerpt":"","post_status":"publish","comment_status":"closed","ping_status":"closed","post_password":"","post_name":"robotime","to_ping":"","pinged":"","post_modified":"2022-12-04 10:33:37","post_modified_gmt":"2022-12-04 08:33:37","post_content_filtered":"","post_parent":0,"guid":"https:\/\/sachviet.eu\/nha-phat-hanh\/robotime\/","menu_order":0,"post_type":"publisher","post_mime_type":"","comment_count":"0","filter":"raw"}},"_links":{"self":[{"href":"https:\/\/sachviet.eu\/en\/wp-json\/wp\/v2\/product\/21718","targetHints":{"allow":["GET"]}}],"collection":[{"href":"https:\/\/sachviet.eu\/en\/wp-json\/wp\/v2\/product"}],"about":[{"href":"https:\/\/sachviet.eu\/en\/wp-json\/wp\/v2\/types\/product"}],"wp:featuredmedia":[{"embeddable":true,"href":"https:\/\/sachviet.eu\/en\/wp-json\/wp\/v2\/media\/21792"}],"wp:attachment":[{"href":"https:\/\/sachviet.eu\/en\/wp-json\/wp\/v2\/media?parent=21718"}],"wp:term":[{"taxonomy":"product_brand","embeddable":true,"href":"https:\/\/sachviet.eu\/en\/wp-json\/wp\/v2\/product_brand?post=21718"},{"taxonomy":"product_cat","embeddable":true,"href":"https:\/\/sachviet.eu\/en\/wp-json\/wp\/v2\/product_cat?post=21718"},{"taxonomy":"product_tag","embeddable":true,"href":"https:\/\/sachviet.eu\/en\/wp-json\/wp\/v2\/product_tag?post=21718"}],"curies":[{"name":"wp","href":"https:\/\/api.w.org\/{rel}","templated":true}]}}