{"id":21717,"date":"2022-12-04T10:36:58","date_gmt":"2022-12-04T08:36:58","guid":{"rendered":"https:\/\/sachviet.eu\/shop\/rolife-magic-house-diy-book-nook-shelf-mo-hinh-3d-lam-bang-go-trang-tri-ke-sach\/"},"modified":"2023-04-02T12:06:03","modified_gmt":"2023-04-02T09:06:03","slug":"rolife-magic-house-diy-book-nook-shelf-mo-hinh-3d-lam-bang-go-trang-tri-ke-sach","status":"publish","type":"product","link":"https:\/\/sachviet.eu\/en\/shop\/rolife-magic-house-diy-book-nook-shelf-mo-hinh-3d-lam-bang-go-trang-tri-ke-sach\/","title":{"rendered":"Rolife Magic House DIY Book Nook Shelf &#8211; M\u00f4 h\u00ecnh 3D l\u00e0m b\u1eb1ng g\u1ed7 trang tr\u00ed k\u1ec7 s\u00e1ch"},"content":{"rendered":"<p>Robotime-Rolife Magic House DIY Book Nook ch\u00ednh l\u00e0 m\u1ed9t con h\u1ebbm ma thu\u1eadt b\u00ed \u1ea9n m\u00e0 ch\u1ec9 nh\u1eefng ng\u01b0\u1eddi c\u00f3 th\u1ec3 l\u00e0m ph\u00e9p thu\u1eadt m\u1edbi c\u00f3 th\u1ec3 b\u01b0\u1edbc v\u00e0o. T\u1ea1i \u0111\u00e2y, b\u1ea1n c\u00f3 th\u1ec3 mua t\u1ea5t c\u1ea3 c\u00e1c thi\u1ebft b\u1ecb v\u00e0 v\u1eadt d\u1ee5ng c\u1ea7n thi\u1ebft \u0111\u1ec3 s\u1ed1ng trong th\u1ebf gi\u1edbi ph\u00e9p thu\u1eadt. B\u00e2y gi\u1edd, b\u1ea1n h\u00e3y l\u1eafp r\u00e1p t\u1ea5t c\u1ea3 c\u00e1c m\u1ea3nh gh\u00e9p g\u1ed7 3D v\u00e0 t\u1ef1 tay x\u00e2y d\u1ef1ng con h\u1ebbm th\u1ea7n k\u1ef3 n\u00e0y nh\u00e9. N\u00f3 s\u1ebd l\u00e0 m\u1ed9t ph\u1ee5 ki\u1ec7n trang tr\u00ed nh\u00e0 &amp; gi\u00e1 s\u00e1ch si\u00eau th\u00fa v\u1ecb v\u00e0 \u0111\u1ed9c \u0111\u00e1o v\u00e0 s\u1ebd tr\u00f4ng tuy\u1ec7t v\u1eddi khi b\u1ea1n \u0111\u1eb7t n\u00f3 trong b\u00f3ng t\u1ed1i v\u1edbi \u00e1nh \u0111\u00e8n \u1ea5m \u00e1p \u0111\u1ea5y. \u0110\u00e2y c\u0169ng l\u00e0 m\u1ed9t m\u00f3n qu\u00e0 th\u1ef1c h\u00e0nh ho\u00e0n h\u1ea3o cho nh\u1eefng ng\u01b0\u1eddi y\u00eau th\u00edch DIY v\u00e0 nh\u1eefng ng\u01b0\u1eddi y\u00eau th\u00edch ph\u00e9p thu\u1eadt.<br \/>\n<iframe loading=\"lazy\" title=\"Rolife Stories in Books Series | Book Nook DIY Miniature House Kits\" width=\"1020\" height=\"574\" src=\"https:\/\/www.youtube.com\/embed\/rHsmHxQFmCU?start=1&#038;feature=oembed\" frameborder=\"0\" allow=\"accelerometer; autoplay; clipboard-write; encrypted-media; gyroscope; picture-in-picture; web-share\" allowfullscreen><\/iframe><\/p>\n","protected":false},"excerpt":{"rendered":"<p><strong>(H\u00c0NG \u0110\u1eb6T TR\u01af\u1edaC) &#8211; C\u00d3 H\u00c0NG SAU 2-4 TU\u1ea6N<\/strong><\/p>\n<p>Robotime-Rolife Magic House DIY Book Nook ch\u00ednh l\u00e0 m\u1ed9t con h\u1ebbm ma thu\u1eadt b\u00ed \u1ea9n m\u00e0 ch\u1ec9 nh\u1eefng ng\u01b0\u1eddi c\u00f3 th\u1ec3 l\u00e0m ph\u00e9p thu\u1eadt m\u1edbi c\u00f3 th\u1ec3 b\u01b0\u1edbc v\u00e0o. T\u1ea1i \u0111\u00e2y, b\u1ea1n c\u00f3 th\u1ec3 mua t\u1ea5t c\u1ea3 c\u00e1c thi\u1ebft b\u1ecb v\u00e0 v\u1eadt d\u1ee5ng c\u1ea7n thi\u1ebft \u0111\u1ec3 s\u1ed1ng trong th\u1ebf gi\u1edbi ph\u00e9p thu\u1eadt. B\u00e2y gi\u1edd, b\u1ea1n h\u00e3y l\u1eafp r\u00e1p t\u1ea5t c\u1ea3 c\u00e1c m\u1ea3nh gh\u00e9p g\u1ed7 3D v\u00e0 t\u1ef1 tay x\u00e2y d\u1ef1ng con h\u1ebbm th\u1ea7n k\u1ef3 n\u00e0y nh\u00e9. N\u00f3 s\u1ebd l\u00e0 m\u1ed9t ph\u1ee5 ki\u1ec7n trang tr\u00ed nh\u00e0 &amp; gi\u00e1 s\u00e1ch si\u00eau th\u00fa v\u1ecb v\u00e0 \u0111\u1ed9c \u0111\u00e1o v\u00e0 s\u1ebd tr\u00f4ng tuy\u1ec7t v\u1eddi khi b\u1ea1n \u0111\u1eb7t n\u00f3 trong b\u00f3ng t\u1ed1i v\u1edbi \u00e1nh \u0111\u00e8n \u1ea5m \u00e1p \u0111\u1ea5y. \u0110\u00e2y c\u0169ng l\u00e0 m\u1ed9t m\u00f3n qu\u00e0 th\u1ef1c h\u00e0nh ho\u00e0n h\u1ea3o cho nh\u1eefng ng\u01b0\u1eddi y\u00eau th\u00edch DIY v\u00e0 nh\u1eefng ng\u01b0\u1eddi y\u00eau th\u00edch ph\u00e9p thu\u1eadt.<\/p>\n","protected":false},"featured_media":21777,"template":"","meta":{"_acf_changed":false},"product_brand":[],"product_cat":[70],"product_tag":[],"class_list":{"0":"post-21717","1":"product","2":"type-product","3":"status-publish","4":"has-post-thumbnail","6":"product_cat-qua-tang","8":"first","9":"outofstock","10":"taxable","11":"shipping-taxable","12":"purchasable","13":"product-type-simple"},"supplier_id":null,"supplier_sku":"","barcode":null,"atum_controlled":true,"out_stock_date":"2023-04-02 09:06:03","out_stock_threshold":null,"inheritable":false,"inbound_stock":0,"stock_on_hold":0,"sold_today":0,"sales_last_days":0,"reserved_stock":0,"customer_returns":0,"warehouse_damage":0,"lost_in_post":0,"other_logs":0,"out_stock_days":1032,"lost_sales":0,"has_location":false,"update_date":"2026-01-28T23:11:07","atum_locations":[],"atum_stock_status":"outofstock","restock_status":false,"low_stock_amount":"","sales_update_date":"2026-01-28T23:11:07","calc_backorders":null,"acf":{"publisher":{"ID":21714,"post_author":"1","post_date":"2022-12-04 10:33:37","post_date_gmt":"2022-12-04 08:33:37","post_content":"","post_title":"Robotime","post_excerpt":"","post_status":"publish","comment_status":"closed","ping_status":"closed","post_password":"","post_name":"robotime","to_ping":"","pinged":"","post_modified":"2022-12-04 10:33:37","post_modified_gmt":"2022-12-04 08:33:37","post_content_filtered":"","post_parent":0,"guid":"https:\/\/sachviet.eu\/nha-phat-hanh\/robotime\/","menu_order":0,"post_type":"publisher","post_mime_type":"","comment_count":"0","filter":"raw"}},"_links":{"self":[{"href":"https:\/\/sachviet.eu\/en\/wp-json\/wp\/v2\/product\/21717","targetHints":{"allow":["GET"]}}],"collection":[{"href":"https:\/\/sachviet.eu\/en\/wp-json\/wp\/v2\/product"}],"about":[{"href":"https:\/\/sachviet.eu\/en\/wp-json\/wp\/v2\/types\/product"}],"wp:featuredmedia":[{"embeddable":true,"href":"https:\/\/sachviet.eu\/en\/wp-json\/wp\/v2\/media\/21777"}],"wp:attachment":[{"href":"https:\/\/sachviet.eu\/en\/wp-json\/wp\/v2\/media?parent=21717"}],"wp:term":[{"taxonomy":"product_brand","embeddable":true,"href":"https:\/\/sachviet.eu\/en\/wp-json\/wp\/v2\/product_brand?post=21717"},{"taxonomy":"product_cat","embeddable":true,"href":"https:\/\/sachviet.eu\/en\/wp-json\/wp\/v2\/product_cat?post=21717"},{"taxonomy":"product_tag","embeddable":true,"href":"https:\/\/sachviet.eu\/en\/wp-json\/wp\/v2\/product_tag?post=21717"}],"curies":[{"name":"wp","href":"https:\/\/api.w.org\/{rel}","templated":true}]}}