{"id":21716,"date":"2022-12-04T10:36:54","date_gmt":"2022-12-04T08:36:54","guid":{"rendered":"https:\/\/sachviet.eu\/shop\/rolife-sunshine-town-book-nook-shelf-mo-hinh-3d-lam-bang-go-trang-tri-ke-sach\/"},"modified":"2023-04-02T12:07:56","modified_gmt":"2023-04-02T09:07:56","slug":"rolife-sunshine-town-book-nook-shelf-mo-hinh-3d-lam-bang-go-trang-tri-ke-sach","status":"publish","type":"product","link":"https:\/\/sachviet.eu\/en\/shop\/rolife-sunshine-town-book-nook-shelf-mo-hinh-3d-lam-bang-go-trang-tri-ke-sach\/","title":{"rendered":"Rolife Sunshine Town Book Nook Shelf  &#8211; M\u00f4 h\u00ecnh 3D l\u00e0m b\u1eb1ng g\u1ed7 trang tr\u00ed k\u1ec7 s\u00e1ch"},"content":{"rendered":"<p>Rolife Sunshine Town Book Nook l\u00e0 m\u1ed9t ng\u00f4i nh\u00e0 thu nh\u1ecf DIY b\u1eb1ng g\u1ed7 3D \u0111\u1ea7y s\u00e1ng t\u1ea1o . Ch\u00fang t\u00f4i \u0111\u00e3 cung c\u1ea5p cho b\u1ea1n m\u1ecdi th\u1ee9 b\u1ea1n c\u1ea7n \u0111\u1ec3 x\u00e2y d\u1ef1ng khung c\u1ea3nh th\u1ecb tr\u1ea5n nh\u1ecf n\u00e0y &#8211; v\u1edbi t\u1ea5t c\u1ea3 c\u00e1c m\u1ea3nh g\u1ed7 v\u00e0 c\u00f4ng c\u1ee5, b\u1ea1n s\u1ebd d\u1ea7n d\u1ea7n gh\u00e9p \u0111\u01b0\u1ee3c to\u00e0n b\u1ed9 khung c\u1ea3nh, ch\u1eb3ng h\u1ea1n nh\u01b0 c\u1eeda h\u00e0ng, con \u0111\u01b0\u1eddng, c\u00e2y c\u1ed1i, \u0111\u1ed3ng h\u1ed3, v.v. M\u00f4 h\u00ecnh th\u00fa v\u1ecb n\u00e0y ph\u00f9 h\u1ee3p cho c\u1ea3 tr\u1ebb em v\u00e0 ng\u01b0\u1eddi l\u1edbn. M\u00f4 h\u00ecnh thu nh\u1ecf n\u00e0y c\u0169ng s\u1ebd l\u00e0 v\u1eadt trang tr\u00ed \u0111\u1ed9c \u0111\u00e1o v\u00e0 tinh t\u1ebf cho k\u1ec7 s\u00e1ch v\u00e0 b\u00e0n l\u00e0m vi\u1ec7c c\u1ee7a b\u1ea1n. N\u00f3 c\u0169ng s\u1ebd tr\u00f4ng tuy\u1ec7t v\u1eddi khi b\u1ea1n \u0111\u1eb7t n\u00f3 trong b\u00f3ng t\u1ed1i v\u1edbi \u00e1nh \u0111\u00e8n \u1ea5m \u00e1p.<br \/>\n<iframe loading=\"lazy\" title=\"Rolife Stories in Books Series | Book Nook DIY Miniature House Kits\" width=\"1020\" height=\"574\" src=\"https:\/\/www.youtube.com\/embed\/rHsmHxQFmCU?start=1&#038;feature=oembed\" frameborder=\"0\" allow=\"accelerometer; autoplay; clipboard-write; encrypted-media; gyroscope; picture-in-picture; web-share\" allowfullscreen><\/iframe><\/p>\n","protected":false},"excerpt":{"rendered":"<p>Rolife Sunshine Town Book Nook l\u00e0 m\u1ed9t ng\u00f4i nh\u00e0 thu nh\u1ecf DIY b\u1eb1ng g\u1ed7 3D \u0111\u1ea7y s\u00e1ng t\u1ea1o . Ch\u00fang t\u00f4i \u0111\u00e3 cung c\u1ea5p cho b\u1ea1n m\u1ecdi th\u1ee9 b\u1ea1n c\u1ea7n \u0111\u1ec3 x\u00e2y d\u1ef1ng khung c\u1ea3nh th\u1ecb tr\u1ea5n nh\u1ecf n\u00e0y &#8211; v\u1edbi t\u1ea5t c\u1ea3 c\u00e1c m\u1ea3nh g\u1ed7 v\u00e0 c\u00f4ng c\u1ee5, b\u1ea1n s\u1ebd d\u1ea7n d\u1ea7n gh\u00e9p \u0111\u01b0\u1ee3c to\u00e0n b\u1ed9 khung c\u1ea3nh, ch\u1eb3ng h\u1ea1n nh\u01b0 c\u1eeda h\u00e0ng, con \u0111\u01b0\u1eddng, c\u00e2y c\u1ed1i, \u0111\u1ed3ng h\u1ed3, v.v. M\u00f4 h\u00ecnh th\u00fa v\u1ecb n\u00e0y ph\u00f9 h\u1ee3p cho c\u1ea3 tr\u1ebb em v\u00e0 ng\u01b0\u1eddi l\u1edbn. M\u00f4 h\u00ecnh thu nh\u1ecf n\u00e0y c\u0169ng s\u1ebd l\u00e0 v\u1eadt trang tr\u00ed \u0111\u1ed9c \u0111\u00e1o v\u00e0 tinh t\u1ebf cho k\u1ec7 s\u00e1ch v\u00e0 b\u00e0n l\u00e0m vi\u1ec7c c\u1ee7a b\u1ea1n. N\u00f3 c\u0169ng s\u1ebd tr\u00f4ng tuy\u1ec7t v\u1eddi khi b\u1ea1n \u0111\u1eb7t n\u00f3 trong b\u00f3ng t\u1ed1i v\u1edbi \u00e1nh \u0111\u00e8n \u1ea5m \u00e1p.<\/p>\n","protected":false},"featured_media":21791,"template":"","meta":{"_acf_changed":false},"product_brand":[],"product_cat":[70],"product_tag":[],"class_list":{"0":"post-21716","1":"product","2":"type-product","3":"status-publish","4":"has-post-thumbnail","6":"product_cat-qua-tang","8":"first","9":"instock","10":"taxable","11":"shipping-taxable","12":"purchasable","13":"product-type-simple"},"supplier_id":null,"supplier_sku":"","barcode":null,"atum_controlled":true,"out_stock_date":null,"out_stock_threshold":null,"inheritable":false,"inbound_stock":0,"stock_on_hold":0,"sold_today":0,"sales_last_days":0,"reserved_stock":0,"customer_returns":0,"warehouse_damage":0,"lost_in_post":0,"other_logs":0,"out_stock_days":0,"lost_sales":0,"has_location":false,"update_date":"2026-01-28T23:11:07","atum_locations":[],"atum_stock_status":"instock","restock_status":false,"low_stock_amount":"","sales_update_date":"2026-01-28T23:11:07","calc_backorders":null,"acf":{"publisher":{"ID":21714,"post_author":"1","post_date":"2022-12-04 10:33:37","post_date_gmt":"2022-12-04 08:33:37","post_content":"","post_title":"Robotime","post_excerpt":"","post_status":"publish","comment_status":"closed","ping_status":"closed","post_password":"","post_name":"robotime","to_ping":"","pinged":"","post_modified":"2022-12-04 10:33:37","post_modified_gmt":"2022-12-04 08:33:37","post_content_filtered":"","post_parent":0,"guid":"https:\/\/sachviet.eu\/nha-phat-hanh\/robotime\/","menu_order":0,"post_type":"publisher","post_mime_type":"","comment_count":"0","filter":"raw"}},"_links":{"self":[{"href":"https:\/\/sachviet.eu\/en\/wp-json\/wp\/v2\/product\/21716","targetHints":{"allow":["GET"]}}],"collection":[{"href":"https:\/\/sachviet.eu\/en\/wp-json\/wp\/v2\/product"}],"about":[{"href":"https:\/\/sachviet.eu\/en\/wp-json\/wp\/v2\/types\/product"}],"wp:featuredmedia":[{"embeddable":true,"href":"https:\/\/sachviet.eu\/en\/wp-json\/wp\/v2\/media\/21791"}],"wp:attachment":[{"href":"https:\/\/sachviet.eu\/en\/wp-json\/wp\/v2\/media?parent=21716"}],"wp:term":[{"taxonomy":"product_brand","embeddable":true,"href":"https:\/\/sachviet.eu\/en\/wp-json\/wp\/v2\/product_brand?post=21716"},{"taxonomy":"product_cat","embeddable":true,"href":"https:\/\/sachviet.eu\/en\/wp-json\/wp\/v2\/product_cat?post=21716"},{"taxonomy":"product_tag","embeddable":true,"href":"https:\/\/sachviet.eu\/en\/wp-json\/wp\/v2\/product_tag?post=21716"}],"curies":[{"name":"wp","href":"https:\/\/api.w.org\/{rel}","templated":true}]}}