{"id":21698,"date":"2022-12-02T18:21:18","date_gmt":"2022-12-02T16:21:18","guid":{"rendered":"https:\/\/sachviet.eu\/shop\/mieng-dan-ha-nhiet-danh-cho-be\/"},"modified":"2022-12-05T15:29:42","modified_gmt":"2022-12-05T13:29:42","slug":"mieng-dan-ha-nhiet-danh-cho-be","status":"publish","type":"product","link":"https:\/\/sachviet.eu\/en\/shop\/mieng-dan-ha-nhiet-danh-cho-be\/","title":{"rendered":"Mi\u1ebfng d\u00e1n h\u1ea1 s\u1ed1t Aikido Gel Cool Patch h\u1ed7 tr\u1ee3 ch\u01b0\u1eddm m\u00e1t (6 mi\u1ebfng)"},"content":{"rendered":"<p>Mi\u1ebfng d\u00e1n h\u1ea1 s\u1ed1t Aikido Gel Cool Patch 6 mi\u1ebfng cho c\u1ea3m gi\u00e1c m\u00e1t l\u1ea1nh, l\u00e0m d\u1ecbu ngay c\u01a1n s\u1ed1t kh\u00f3 ch\u1ecbu. Khi b\u00e9 b\u1ecb s\u1ed1t cao, c\u00f3 nguy c\u01a1 co gi\u1eadt h\u00e3y d\u00f9ng mi\u1ebfng d\u00e1n l\u1ea1nh Aikido \u0111\u1ec3 d\u00e1n l\u00ean tr\u00e1n, l\u01b0ng, b\u1eb9n, \u0111\u00f9i&#8230; <\/p>\n<p>Aikido Cool \u0111\u01b0\u1ee3c l\u00e0m t\u1eeb Hydrogel th\u00e2n n\u01b0\u1edbc, gi\u00fap l\u00e0m m\u00e1t l\u1ea1nh t\u1ef1 nhi\u00ean, h\u1ea5p thu nhi\u1ec7t v\u00e0 ph\u00e1t t\u00e1n nhi\u1ec7t khi \u0111\u01b0\u1ee3c d\u00e1n v\u00e0o c\u01a1 th\u1ec3. V\u00ec v\u1eady, r\u1ea5t an to\u00e0n cho tr\u1ebb em v\u00e0 hi\u1ec7u qu\u1ea3 trong vi\u1ec7c h\u1ed7 tr\u1ee3 ch\u1eefa tri\u1ec7u ch\u1ee9ng s\u1ed1t n\u00f3ng, say n\u1eafng, ng\u0103n ng\u1eeba c\u00e1c c\u01a1n co gi\u1eadt \u1edf tr\u1ebb.<\/p>\n<p>Aikido c\u00f2n \u0111\u01b0\u1ee3c s\u1eed d\u1ee5ng trong c\u00e1c tr\u01b0\u1eddng h\u1ee3p tr\u1ebb em, ho\u1eb7c ng\u01b0\u1eddi l\u1edbn b\u1ecb say n\u1eafng, b\u1ecb n\u00f3ng b\u1ee9c do th\u1eddi ti\u1ebft. D\u00e1n Aikido cho c\u1ea3m gi\u00e1c m\u00e1t l\u1ea1nh, l\u00e0m d\u1ecbu ngay c\u01a1n s\u1ed1t, n\u00f3ng kh\u00f3 ch\u1ecbu, cho b\u00e9 m\u1ed9t gi\u1ea5c ng\u1ee7 ngon.<\/p>\n<p>Mi\u1ebfng d\u00e1n h\u1ea1 s\u1ed1t Aikido \u0111\u01b0\u1ee3c bi\u1ebf t \u0111\u1ebfn l\u00e0 s\u1ea3n ph\u1ea9m c\u1ee7a Caleb Pharmaceuticals &#8211; c\u00f4ng ty chuy\u00ean nghi\u00ean c\u1ee9u v\u00e0 s\u1ea3n xu\u1ea5t d\u01b0\u1ee3c ph\u1ea9m c\u00f3 tr\u1ee5 s\u1edf ch\u00ednh t\u1ea1i \u0110\u00e0i Loan. Qua th\u1eddi gian d\u00e0i ho\u1ea1t \u0111\u1ed9ng, th\u01b0\u01a1ng hi\u1ec7u Caleb Pharmaceuticals lu\u00f4n mang \u0111\u1ebfn s\u1ea3n ph\u1ea9m y t\u1ebf ch\u1ea5t l\u01b0\u1ee3ng gi\u00fap n\u00e2ng cao s\u1ee9c kh\u1ecfe cho m\u1ecdi ng\u01b0\u1eddi nh\u1edd \u00e1p d\u1ee5ng c\u00f4ng ngh\u1ec7 hi\u1ec7n \u0111\u1ea1i trong quy tr\u00ecnh s\u1ea3n xu\u1ea5t. T\u1eeb \u0111\u00f3, c\u00e1c s\u1ea3n ph\u1ea9m c\u1ee7a Caleb \u0111\u00e3 c\u00f3 m\u1eb7t tr\u00ean nhi\u1ec1u qu\u1ed1c gia tr\u00ean th\u1ebf gi\u1edbi v\u00e0 nh\u1eadn \u0111\u01b0\u1ee3c s\u1ef1 t\u00edn nhi\u1ec7m c\u1ee7a ng\u01b0\u1eddi ti\u00eau d\u00f9ng.<\/p>\n<p>D\u01b0\u1ee3c ch\u1ea5t ch\u00ednh: Hydrogel; Menthol<\/p>\n<p>Lo\u1ea1i thu\u1ed1c: H\u1ea1 s\u1ed1t<\/p>\n<p>D\u1ea1ng thu\u1ed1c, h\u00e0m l\u01b0\u1ee3ng: Mi\u1ebfng d\u00e1n ngo\u00e0i da<\/p>\n<p>C\u00f4ng d\u1ee5ng<br \/>\nAikido gi\u00fap l\u00e0m m\u00e1t l\u1ea1nh t\u1ef1 nhi\u00ean, h\u1ea5p thu nhi\u1ec7t v\u00e0 ph\u00e1t t\u00e1n nhi\u1ec7t khi \u0111\u01b0\u1ee3c d\u00e1n v\u00e0o c\u01a1 th\u1ec3. V\u00ec v\u1eady, r\u1ea5t an to\u00e0n cho tr\u1ebb em v\u00e0 hi\u1ec7u qu\u1ea3 trong vi\u1ec7c h\u1ed7 tr\u1ee3 ch\u1eefa tri\u1ec7u ch\u1ee9ng s\u1ed1t n\u00f3ng, say n\u1eafng, ng\u0103n ng\u1eeba c\u00e1c c\u01a1n co gi\u1eadt \u1edf tr\u1ebb.<\/p>\n<p>Aikido c\u00f2n \u0111\u01b0\u1ee3c s\u1eed d\u1ee5ng trong c\u00e1c tr\u01b0\u1eddng h\u1ee3p tr\u1ebb em, ho\u1eb7c ng\u01b0\u1eddi l\u1edbn b\u1ecb say n\u1eafng, b\u1ecb n\u00f3ng b\u1ee9c do th\u1eddi ti\u1ebft.<\/p>\n<p>C\u00e1ch d\u00f9ng<br \/>\nC\u00e1ch d\u00f9ng Aikido<\/p>\n<p>L\u1ea5y mi\u1ebfng d\u00e1n Aikido, g\u1ee1 b\u1ecf mi\u1ebfng phim r\u1ed3i d\u00e1n l\u00ean tr\u00e1n ho\u1eb7c l\u01b0ng, b\u1eb9n, \u0111\u00f9i. C\u00f3 th\u1ec3 d\u00e1n nhi\u1ec1u mi\u1ebfng \u1edf nhi\u1ec1u v\u1ecb tr\u00ed kh\u00e1c nhau c\u00f9ng l\u00fac n\u1ebfu tr\u1ebb s\u1ed1t qu\u00e1 cao. \u0110\u1ed1i v\u1edbi tr\u1ebb s\u01a1 sinh, c\u1eaft mi\u1ebfng d\u00e1n theo k\u00edch c\u1ee1 n\u01a1i d\u00e1n.<\/p>\n<p>G\u1ee1 mi\u1ebfng d\u00e1n sau 10 gi\u1edd v\u00e0 ch\u1ec9 s\u1eed d\u1ee5ng m\u1ed9t l\u1ea7n duy nh\u1ea5t.<\/p>\n<p>L\u00e0m g\u00ec khi d\u00f9ng qu\u00e1 li\u1ec1u?<\/p>\n<p>Hi\u1ec7n nay, ch\u01b0a c\u00f3 tr\u01b0\u1eddng h\u1ee3p c\u00f3 h\u1eadu qu\u1ea3 nghi\u00eam tr\u1ecdng khi s\u1eed d\u1ee5ng thu\u1ed1c qu\u00e1 li\u1ec1u. Tuy nhi\u00ean, n\u1ebfu ng\u01b0\u1eddi d\u00f9ng s\u1eed d\u1ee5ng qu\u00e1 li\u1ec1u v\u00e0 xu\u1ea5t hi\u1ec7n c\u00e1c hi\u1ec7n t\u01b0\u1ee3ng l\u1ea1 th\u00ec n\u00ean li\u00ean h\u1ec7 v\u1edbi c\u00e1c c\u01a1 s\u1edf y t\u1ebf g\u1ea7n nh\u1ea5t \u0111\u1ec3 theo d\u00f5i v\u00e0 \u0111i\u1ec1u tr\u1ecb.<\/p>\n<p>L\u00e0m g\u00ec khi qu\u00ean 1 li\u1ec1u?<\/p>\n<p>Thu\u1ed1c n\u00e0y th\u01b0\u1eddng \u0111\u01b0\u1ee3c s\u1eed d\u1ee5ng khi c\u1ea7n thi\u1ebft n\u00ean tr\u01b0\u1eddng h\u1ee3p qu\u00ean li\u1ec1u hi\u1ebfm khi x\u1ea3y ra.<\/p>\n<p>T\u00e1c d\u1ee5ng kh\u00f4ng mong mu\u1ed1n<br \/>\nC\u00f3 th\u1ec3 g\u00e2y n\u1ed5i ban d\u00e1t s\u1ea9n n\u1ebfu d\u1ecb \u1ee9ng v\u1edbi c\u00e1c th\u00e0nh ph\u1ea7n c\u1ee7a thu\u1ed1c.<\/p>\n<p>L\u01b0u \u00fd<br \/>\nTh\u1eadn tr\u1ecdng khi s\u1eed d\u1ee5ng<\/p>\n<p>Kh\u00f4ng d\u00e1n l\u00ean m\u1eaft, ni\u00eam m\u1ea1c, m\u1eaft, m\u0169i, mi\u1ec7ng.<\/p>\n<p>T\u01b0\u01a1ng t\u00e1c thu\u1ed1c<\/p>\n<p>Kh\u00f4ng d\u00e1n l\u00ean c\u00e1c v\u1ebft th\u01b0\u01a1ng h\u1edf, v\u00f9ng da c\u00f3 s\u1eed d\u1ee5ng c\u00e1c lo\u1ea1i thu\u1ed1c b\u00f4i ngo\u00e0i da tr\u01b0\u1edbc \u0111\u00f3.<\/p>\n<p>Ch\u1ec9 d\u00f9ng ngo\u00e0i da, kh\u00f4ng d\u00e1n l\u00ean v\u00f9ng ni\u00eam m\u1ea1c.<\/p>\n","protected":false},"excerpt":{"rendered":"<p>Mi\u1ebfng d\u00e1n h\u1ea1 s\u1ed1t Aikido Gel Cool Patch 6 mi\u1ebfng gi\u00fap l\u00e0m m\u00e1t l\u1ea1nh t\u1ef1 nhi\u00ean, h\u1ea5p thu nhi\u1ec7t v\u00e0 ph\u00e1t t\u00e1n nhi\u1ec7t khi \u0111\u01b0\u1ee3c d\u00e1n v\u00e0o c\u01a1 th\u1ec3. V\u00ec v\u1eady, r\u1ea5t an to\u00e0n cho tr\u1ebb em v\u00e0 hi\u1ec7u qu\u1ea3 trong vi\u1ec7c h\u1ed7 tr\u1ee3 ch\u1eefa tri\u1ec7u ch\u1ee9ng s\u1ed1t n\u00f3ng, say n\u1eafng, ng\u0103n ng\u1eeba c\u00e1c c\u01a1n co gi\u1eadt \u1edf tr\u1ebb.<\/p>\n","protected":false},"featured_media":21703,"template":"","meta":{"_acf_changed":false},"product_brand":[],"product_cat":[70],"product_tag":[],"class_list":{"0":"post-21698","1":"product","2":"type-product","3":"status-publish","4":"has-post-thumbnail","6":"product_cat-qua-tang","8":"first","9":"instock","10":"sale","11":"taxable","12":"shipping-taxable","13":"purchasable","14":"product-type-simple"},"supplier_id":null,"supplier_sku":"","barcode":null,"atum_controlled":true,"out_stock_date":null,"out_stock_threshold":null,"inheritable":false,"inbound_stock":0,"stock_on_hold":0,"sold_today":0,"sales_last_days":0,"reserved_stock":0,"customer_returns":0,"warehouse_damage":0,"lost_in_post":0,"other_logs":0,"out_stock_days":0,"lost_sales":0,"has_location":false,"update_date":"2026-01-28T23:11:07","atum_locations":[],"atum_stock_status":"instock","restock_status":false,"low_stock_amount":"","sales_update_date":"2026-01-28T23:11:07","calc_backorders":null,"acf":{"publisher":{"ID":21697,"post_author":"1","post_date":"2022-12-02 18:21:16","post_date_gmt":"2022-12-02 16:21:16","post_content":"","post_title":"H\u00e0ng Nh\u1eadt B\u1ea3n","post_excerpt":"","post_status":"publish","comment_status":"closed","ping_status":"closed","post_password":"","post_name":"hang-nhat-ban","to_ping":"","pinged":"","post_modified":"2022-12-02 18:21:16","post_modified_gmt":"2022-12-02 16:21:16","post_content_filtered":"","post_parent":0,"guid":"https:\/\/sachviet.eu\/nha-phat-hanh\/hang-nhat-ban\/","menu_order":0,"post_type":"publisher","post_mime_type":"","comment_count":"0","filter":"raw"}},"_links":{"self":[{"href":"https:\/\/sachviet.eu\/en\/wp-json\/wp\/v2\/product\/21698","targetHints":{"allow":["GET"]}}],"collection":[{"href":"https:\/\/sachviet.eu\/en\/wp-json\/wp\/v2\/product"}],"about":[{"href":"https:\/\/sachviet.eu\/en\/wp-json\/wp\/v2\/types\/product"}],"wp:featuredmedia":[{"embeddable":true,"href":"https:\/\/sachviet.eu\/en\/wp-json\/wp\/v2\/media\/21703"}],"wp:attachment":[{"href":"https:\/\/sachviet.eu\/en\/wp-json\/wp\/v2\/media?parent=21698"}],"wp:term":[{"taxonomy":"product_brand","embeddable":true,"href":"https:\/\/sachviet.eu\/en\/wp-json\/wp\/v2\/product_brand?post=21698"},{"taxonomy":"product_cat","embeddable":true,"href":"https:\/\/sachviet.eu\/en\/wp-json\/wp\/v2\/product_cat?post=21698"},{"taxonomy":"product_tag","embeddable":true,"href":"https:\/\/sachviet.eu\/en\/wp-json\/wp\/v2\/product_tag?post=21698"}],"curies":[{"name":"wp","href":"https:\/\/api.w.org\/{rel}","templated":true}]}}