{"id":21692,"date":"2022-12-02T18:20:59","date_gmt":"2022-12-02T16:20:59","guid":{"rendered":"https:\/\/sachviet.eu\/shop\/dat-nuoc-gam-hoa-atlas-viet-nam-ki-niem-65-nam\/"},"modified":"2024-01-28T23:22:53","modified_gmt":"2024-01-28T21:22:53","slug":"dat-nuoc-gam-hoa-atlas-viet-nam-ki-niem-65-nam","status":"publish","type":"product","link":"https:\/\/sachviet.eu\/en\/shop\/dat-nuoc-gam-hoa-atlas-viet-nam-ki-niem-65-nam\/","title":{"rendered":"\u0110\u1ea5t N\u01b0\u1edbc G\u1ea5m Hoa &#8211; Atlas Vi\u1ec7t Nam (K\u1ec9 ni\u1ec7m 65 n\u0103m)"},"content":{"rendered":"<p>Vi\u1ec7t Nam ch\u00fang ta k\u1ebft tinh c\u1ee7a l\u1ecbch s\u1eed h\u00e0o h\u00f9ng, thi\u00ean nhi\u00ean t\u01b0\u01a1i \u0111\u1eb9p c\u00f9ng s\u1ee9c s\u00e1ng t\u1ea1o v\u00f4 bi\u1ebfn c\u1ee7a con ng\u01b0\u1eddi v\u00e0 gi\u1edd \u0111\u00e2y ch\u00fang ta \u0111ang c\u00f3 \u0110\u1ea4T N\u01af\u1edaC G\u1ea4M HOA<br \/>\nVi\u1ec7t Nam l\u00e0 m\u1ed9t \u0111\u1ea5t n\u01b0\u1edbc xinh \u0111\u1eb9p v\u1edbi nhi\u1ec1u v\u00f9ng v\u0103n h\u00f3a kh\u00e1c nhau. V\u1edbi mong mu\u1ed1n mang \u0111\u1ebfn nh\u0169ng ki\u1ebfn th\u1ee9c v\u1ec1 \u0111\u1ecba l\u00ed, l\u1ecbch s\u1eed, v\u0103n h\u00f3a v\u00e0 con ng\u01b0\u1eddi m\u1ed9t c\u00e1ch d\u1ec5 nh\u1edb v\u00e0 g\u1ea7n g\u0169i, \u201c\u0110\u1ea5t n\u01b0\u1edbc g\u1ea5m hoa\u201d gi\u00fap b\u1ea1n \u0111\u1ecdc nhi\u1ec1u \u0111\u1ed9 tu\u1ed5i c\u00f3 c\u00e1i nh\u00ecn th\u1eadt c\u1ee5 th\u1ec3 v\u00e0 s\u1ed1ng \u0111\u1ed9ng v\u1ec1 63 t\u1ec9nh th\u00e0nh tr\u00ean d\u1ea3i \u0111\u1ea5t h\u00ecnh ch\u1eef S c\u1ee7a ch\u00fang ta.<br \/>\nL\u1edcI GI\u1edaI THI\u1ec6U<br \/>\n\u201cQu\u00ea nh\u00e0 m\u00ecnh \u1edf \u0111\u00e2u tr\u00ean b\u1ea3n \u0111\u1ed3 Vi\u1ec7t Nam?<br \/>\nN\u01a1i m\u00ecnh sinh ra v\u00e0 l\u1edbn l\u00ean c\u00f3 \u0111i\u1ec1u g\u00ec \u0111\u1eb7c bi\u1ec7t?<br \/>\nB\u1ea1n bi\u1ebft kh\u00f4ng, \u0111\u1ea5t n\u01b0\u1edbc c\u1ee7a ch\u00fang m\u00ecnh \u0111\u1eb9p l\u1eafm. T\u1eeb nh\u1eefng d\u00f2ng th\u00e1c tung b\u1ecdt tr\u1eafng x\u00f3a v\u00f9ng T\u00e2y B\u1eafc \u0111\u1ebfn d\u00f2ng C\u1eedu Long ch\u1edf n\u1eb7ng ph\u00f9 sa mi\u1ec1n T\u00e2y Nam B\u1ed9, t\u1eeb n\u00fai r\u1eebng bao la n\u01a1i sinh s\u1ed1ng c\u1ee7a nhi\u1ec1u lo\u00e0i \u0111\u1ed9ng v\u1eadt qu\u00ed hi\u1ebfm \u0111\u1ebfn v\u00f9ng h\u1ea3i \u0111\u1ea3o n\u01a1i c\u00f3 nh\u1eefng gi\u00e0n khoan tung bay l\u00e1 c\u1edd \u0111\u1ecf sao v\u00e0ng, t\u1eeb nh\u1eefng mi\u1ec1n \u0111\u1ea5t c\u1ed5 k\u00ednh v\u1edbi b\u1ec1 d\u00e0y l\u1ecbch s\u1eed \u0111\u1ebfn c\u00e1c th\u00e0nh ph\u1ed1 tr\u1ebb trung tr\u00e0n \u0111\u1ea7y s\u1ee9c s\u1ed1ng\u2026 t\u1ea5t c\u1ea3 h\u1ed9i t\u1ee5 tr\u00ean d\u1ea3i \u0111\u1ea5t h\u00ecnh ch\u1eef S t\u01b0\u01a1i \u0111\u1eb9p, nh\u01b0 m\u1ed9t di s\u1ea3n tuy\u1ec7t v\u1eddi qua h\u00e0ng ng\u00e0n n\u0103m d\u1ef1ng n\u01b0\u1edbc v\u00e0 gi\u1eef n\u01b0\u1edbc m\u00e0 gi\u1edd \u0111\u00e2y cha \u00f4ng trao l\u1ea1i cho ch\u00fang m\u00ecnh. H\u00e0nh tr\u00ecnh \u0111i d\u1ecdc theo \u0111\u1ea5t n\u01b0\u1edbc t\u1eeb B\u1eafc v\u00e0o Nam, l\u00ean r\u1eebng xu\u1ed1ng bi\u1ec3n c\u0169ng l\u00e0 h\u00e0nh tr\u00ecnh kh\u00e1m ph\u00e1 n\u1ec1n v\u0103n h\u00f3a \u0111\u1eb7c s\u1eafc v\u00e0 \u0111a d\u1ea1ng c\u1ee7a c\u1ed9ng \u0111\u1ed3ng 54 d\u00e2n t\u1ed9c anh em.<br \/>\nD\u00f9 ch\u00fang m\u00ecnh \u0111ang \u1edf n\u01a1i \u0111\u00e2u tr\u00ean d\u1ea3i \u0111\u1ea5t h\u00ecnh ch\u1eef S, th\u00ec b\u1ea1n v\u00e0 t\u00f4i lu\u00f4n hi\u1ec3u r\u1eb1ng con \u0111\u01b0\u1eddng m\u00ecnh \u0111ang \u0111i, m\u00f3n \u0103n m\u00ecnh \u0111ang th\u01b0\u1edfng th\u1ee9c, c\u00f4ng tr\u00ecnh m\u00ecnh \u0111ang chi\u00eam ng\u01b0\u1ee1ng \u0111\u1ec1u mang theo d\u1ea5u \u1ea5n c\u1ee7a l\u1ecbch s\u1eed, c\u1ee7a tinh hoa v\u0103n h\u00f3a \u0111\u00fac k\u1ebft t\u1eeb bao \u0111\u1eddi. 63 t\u1ec9nh th\u00e0nh l\u00e0 63 v\u00f9ng \u0111\u1ea5t v\u1edbi v\u1ecb tr\u00ed \u0111\u1ecba l\u00ed kh\u00e1c nhau, \u0111\u1ecba h\u00ecnh, d\u00e2n t\u1ed9c, b\u1ea3n s\u1eafc v\u0103n h\u00f3a v\u00ec th\u1ebf c\u0169ng ch\u1ee9a \u0111\u1ef1ng nh\u1eefng d\u1ea5u \u1ea5n ri\u00eang. T\u1ea5t c\u1ea3 t\u1ea1o n\u00ean nh\u1eefng hoa v\u0103n \u0111\u1eb7c s\u1eafc, v\u1eeba kh\u00e1c bi\u1ec7t, v\u1eeba h\u00f2a quy\u1ec7n v\u00e0o nhau, t\u1ea1o n\u00ean v\u1ebb \u0111\u1eb9p lung linh c\u1ee7a \u0111\u1ea5t n\u01b0\u1edbc g\u1ea5m hoa.<br \/>\nV\u1edbi mong mu\u1ed1n mang \u0111\u1ebfn m\u1ed9t quy\u1ec3n s\u00e1ch ch\u1ee9a \u0111\u1ef1ng ki\u1ebfn th\u1ee9c v\u1ec1 \u0111\u1ecba l\u00ed, l\u1ecbch s\u1eed, v\u0103n h\u00f3a, con ng\u01b0\u1eddi th\u1eadt g\u1ea7n g\u0169i \u0111\u1ebfn b\u1ea1n \u0111\u1ecdc nhi\u1ec1u \u0111\u1ed9 tu\u1ed5i, \u0111\u1eb7c bi\u1ec7t mong mu\u1ed1n c\u00e1c b\u1ea1n h\u1ecdc sinh c\u00f3 c\u00e1i nh\u00ecn c\u1ee5 th\u1ec3 v\u00e0 s\u1ed1ng \u0111\u1ed9ng v\u1ec1 m\u1ed7i v\u00f9ng \u0111\u1ea5t, m\u1ed7i t\u1ec9nh th\u00e0nh tr\u00ean b\u1ea3n \u0111\u1ed3 Vi\u1ec7t Nam, \u00ea k\u00edp th\u1ef1c hi\u1ec7n \u0111\u00e3 d\u00e0nh t\u1ea5t c\u1ea3 t\u00e2m huy\u1ebft cho quy\u1ec3n Atlas n\u00e0y. Trong t\u1eebng d\u00f2ng th\u00f4ng tin, t\u1eebng h\u00ecnh v\u1ebd, t\u1eebng m\u1ea3ng m\u00e0u \u0111\u1ec1u th\u1ea5m \u0111\u01b0\u1ee3m t\u00ecnh y\u00eau \u0111\u1ea5t n\u01b0\u1edbc v\u00e0 ni\u1ec1m t\u1ef1 h\u00e0o l\u00e0 ng\u01b0\u1eddi con c\u1ee7a qu\u00ea h\u01b0\u01a1ng x\u1ee9 s\u1edf. \u0110\u1ea4T N\u01af\u1edaC G\u1ea4M HOA \u2013 ATLAS VI\u1ec6T NAM, cu\u1ed9c h\u00e0nh tr\u00ecnh kh\u00e1m ph\u00e1 63 b\u1ea3n \u0111\u1ed3 t\u1ec9nh th\u00e0nh \u0111\u00e3 ra \u0111\u1eddi v\u1edbi th\u1eadt nhi\u1ec1u c\u1ea3m x\u00fac nh\u01b0 th\u1ebf.<br \/>\nNh\u00f3m t\u00e1c gi\u1ea3 r\u1ea5t mong nh\u1eadn \u0111\u01b0\u1ee3c s\u1ef1 \u0111\u00f3ng g\u00f3p \u00fd ki\u1ebfn t\u1eeb b\u1ea1n \u0111\u1ecdc \u0111\u1ec3 n\u1ed9i dung quy\u1ec3n s\u00e1ch \u0111\u01b0\u1ee3c ho\u00e0n thi\u1ec7n h\u01a1n n\u1eefa.<br \/>\nC\u00f2n b\u00e2y gi\u1edd, chuy\u1ebfn t\u00e0u xuy\u00ean su\u1ed1t d\u1ea3i \u0111\u1ea5t h\u00ecnh ch\u1eef S s\u1eafp s\u1eeda kh\u1edfi h\u00e0nh. M\u1eddi b\u1ea1n s\u1eb5n s\u00e0ng cho k\u00ec du l\u1ecbch th\u00fa v\u1ecb nh\u1ea5t \u0111\u1ec3 kh\u00e1m ph\u00e1 \u0111\u1ea5t n\u01b0\u1edbc Vi\u1ec7t Nam t\u01b0\u01a1i \u0111\u1eb9p. B\u1eaft \u0111\u1ea7u n\u00e0o!\u201d<\/p>\n","protected":false},"excerpt":{"rendered":"<p>Vi\u1ec7t Nam ch\u00fang ta k\u1ebft tinh c\u1ee7a l\u1ecbch s\u1eed h\u00e0o h\u00f9ng, thi\u00ean nhi\u00ean t\u01b0\u01a1i \u0111\u1eb9p c\u00f9ng s\u1ee9c s\u00e1ng t\u1ea1o v\u00f4 bi\u1ebfn c\u1ee7a con ng\u01b0\u1eddi v\u00e0 gi\u1edd \u0111\u00e2y ch\u00fang ta \u0111ang c\u00f3 \u0110\u1ea4T N\u01af\u1edaC G\u1ea4M HOA<br \/>\nVi\u1ec7t Nam l\u00e0 m\u1ed9t \u0111\u1ea5t n\u01b0\u1edbc xinh \u0111\u1eb9p v\u1edbi nhi\u1ec1u v\u00f9ng v\u0103n h\u00f3a kh\u00e1c nhau. V\u1edbi mong mu\u1ed1n mang \u0111\u1ebfn nh\u0169ng ki\u1ebfn th\u1ee9c v\u1ec1 \u0111\u1ecba l\u00ed, l\u1ecbch s\u1eed, v\u0103n h\u00f3a v\u00e0 con ng\u01b0\u1eddi m\u1ed9t c\u00e1ch d\u1ec5 nh\u1edb v\u00e0 g\u1ea7n g\u0169i, \u201c\u0110\u1ea5t n\u01b0\u1edbc g\u1ea5m hoa\u201d gi\u00fap b\u1ea1n \u0111\u1ecdc nhi\u1ec1u \u0111\u1ed9 tu\u1ed5i c\u00f3 c\u00e1i nh\u00ecn th\u1eadt c\u1ee5 th\u1ec3 v\u00e0 s\u1ed1ng \u0111\u1ed9ng v\u1ec1 63 t\u1ec9nh th\u00e0nh tr\u00ean d\u1ea3i \u0111\u1ea5t h\u00ecnh ch\u1eef S c\u1ee7a ch\u00fang ta.<br \/>\nL\u1edcI GI\u1edaI THI\u1ec6U<br \/>\n\u201cQu\u00ea nh\u00e0 m\u00ecnh \u1edf \u0111\u00e2u tr\u00ean b\u1ea3n \u0111\u1ed3 Vi\u1ec7t Nam?<br \/>\nN\u01a1i m\u00ecnh sinh ra v\u00e0 l\u1edbn l\u00ean c\u00f3 \u0111i\u1ec1u g\u00ec \u0111\u1eb7c bi\u1ec7t?<br \/>\nB\u1ea1n bi\u1ebft kh\u00f4ng, \u0111\u1ea5t n\u01b0\u1edbc c\u1ee7a ch\u00fang m\u00ecnh \u0111\u1eb9p l\u1eafm. T\u1eeb nh\u1eefng d\u00f2ng th\u00e1c tung b\u1ecdt tr\u1eafng x\u00f3a v\u00f9ng T\u00e2y B\u1eafc \u0111\u1ebfn d\u00f2ng C\u1eedu Long ch\u1edf n\u1eb7ng ph\u00f9 sa mi\u1ec1n T\u00e2y Nam B\u1ed9, t\u1eeb n\u00fai r\u1eebng bao la n\u01a1i sinh s\u1ed1ng c\u1ee7a nhi\u1ec1u lo\u00e0i \u0111\u1ed9ng v\u1eadt qu\u00ed hi\u1ebfm \u0111\u1ebfn v\u00f9ng h\u1ea3i \u0111\u1ea3o n\u01a1i c\u00f3 nh\u1eefng gi\u00e0n khoan tung bay l\u00e1 c\u1edd \u0111\u1ecf sao v\u00e0ng, t\u1eeb nh\u1eefng mi\u1ec1n \u0111\u1ea5t c\u1ed5 k\u00ednh v\u1edbi b\u1ec1 d\u00e0y l\u1ecbch s\u1eed \u0111\u1ebfn c\u00e1c th\u00e0nh ph\u1ed1 tr\u1ebb trung tr\u00e0n \u0111\u1ea7y s\u1ee9c s\u1ed1ng\u2026 t\u1ea5t c\u1ea3 h\u1ed9i t\u1ee5 tr\u00ean d\u1ea3i \u0111\u1ea5t h\u00ecnh ch\u1eef S t\u01b0\u01a1i \u0111\u1eb9p, nh\u01b0 m\u1ed9t di s\u1ea3n tuy\u1ec7t v\u1eddi qua h\u00e0ng ng\u00e0n n\u0103m d\u1ef1ng n\u01b0\u1edbc v\u00e0 gi\u1eef n\u01b0\u1edbc m\u00e0 gi\u1edd \u0111\u00e2y cha \u00f4ng trao l\u1ea1i cho ch\u00fang m\u00ecnh. H\u00e0nh tr\u00ecnh \u0111i d\u1ecdc theo \u0111\u1ea5t n\u01b0\u1edbc t\u1eeb B\u1eafc v\u00e0o Nam, l\u00ean r\u1eebng xu\u1ed1ng bi\u1ec3n c\u0169ng l\u00e0 h\u00e0nh tr\u00ecnh kh\u00e1m ph\u00e1 n\u1ec1n v\u0103n h\u00f3a \u0111\u1eb7c s\u1eafc v\u00e0 \u0111a d\u1ea1ng c\u1ee7a c\u1ed9ng \u0111\u1ed3ng 54 d\u00e2n t\u1ed9c anh em.<br \/>\nD\u00f9 ch\u00fang m\u00ecnh \u0111ang \u1edf n\u01a1i \u0111\u00e2u tr\u00ean d\u1ea3i \u0111\u1ea5t h\u00ecnh ch\u1eef S, th\u00ec b\u1ea1n v\u00e0 t\u00f4i lu\u00f4n hi\u1ec3u r\u1eb1ng con \u0111\u01b0\u1eddng m\u00ecnh \u0111ang \u0111i, m\u00f3n \u0103n m\u00ecnh \u0111ang th\u01b0\u1edfng th\u1ee9c, c\u00f4ng tr\u00ecnh m\u00ecnh \u0111ang chi\u00eam ng\u01b0\u1ee1ng \u0111\u1ec1u mang theo d\u1ea5u \u1ea5n c\u1ee7a l\u1ecbch s\u1eed, c\u1ee7a tinh hoa v\u0103n h\u00f3a \u0111\u00fac k\u1ebft t\u1eeb bao \u0111\u1eddi. 63 t\u1ec9nh th\u00e0nh l\u00e0 63 v\u00f9ng \u0111\u1ea5t v\u1edbi v\u1ecb tr\u00ed \u0111\u1ecba l\u00ed kh\u00e1c nhau, \u0111\u1ecba h\u00ecnh, d\u00e2n t\u1ed9c, b\u1ea3n s\u1eafc v\u0103n h\u00f3a v\u00ec th\u1ebf c\u0169ng ch\u1ee9a \u0111\u1ef1ng nh\u1eefng d\u1ea5u \u1ea5n ri\u00eang. T\u1ea5t c\u1ea3 t\u1ea1o n\u00ean nh\u1eefng hoa v\u0103n \u0111\u1eb7c s\u1eafc, v\u1eeba kh\u00e1c bi\u1ec7t, v\u1eeba h\u00f2a quy\u1ec7n v\u00e0o nhau, t\u1ea1o n\u00ean v\u1ebb \u0111\u1eb9p lung linh c\u1ee7a \u0111\u1ea5t n\u01b0\u1edbc g\u1ea5m hoa.<br \/>\nV\u1edbi mong mu\u1ed1n mang \u0111\u1ebfn m\u1ed9t quy\u1ec3n s\u00e1ch ch\u1ee9a \u0111\u1ef1ng ki\u1ebfn th\u1ee9c v\u1ec1 \u0111\u1ecba l\u00ed, l\u1ecbch s\u1eed, v\u0103n h\u00f3a, con ng\u01b0\u1eddi th\u1eadt g\u1ea7n g\u0169i \u0111\u1ebfn b\u1ea1n \u0111\u1ecdc nhi\u1ec1u \u0111\u1ed9 tu\u1ed5i, \u0111\u1eb7c bi\u1ec7t mong mu\u1ed1n c\u00e1c b\u1ea1n h\u1ecdc sinh c\u00f3 c\u00e1i nh\u00ecn c\u1ee5 th\u1ec3 v\u00e0 s\u1ed1ng \u0111\u1ed9ng v\u1ec1 m\u1ed7i v\u00f9ng \u0111\u1ea5t, m\u1ed7i t\u1ec9nh th\u00e0nh tr\u00ean b\u1ea3n \u0111\u1ed3 Vi\u1ec7t Nam, \u00ea k\u00edp th\u1ef1c hi\u1ec7n \u0111\u00e3 d\u00e0nh t\u1ea5t c\u1ea3 t\u00e2m huy\u1ebft cho quy\u1ec3n Atlas n\u00e0y. Trong t\u1eebng d\u00f2ng th\u00f4ng tin, t\u1eebng h\u00ecnh v\u1ebd, t\u1eebng m\u1ea3ng m\u00e0u \u0111\u1ec1u th\u1ea5m \u0111\u01b0\u1ee3m t\u00ecnh y\u00eau \u0111\u1ea5t n\u01b0\u1edbc v\u00e0 ni\u1ec1m t\u1ef1 h\u00e0o l\u00e0 ng\u01b0\u1eddi con c\u1ee7a qu\u00ea h\u01b0\u01a1ng x\u1ee9 s\u1edf. \u0110\u1ea4T N\u01af\u1edaC G\u1ea4M HOA \u2013 ATLAS VI\u1ec6T NAM, cu\u1ed9c h\u00e0nh tr\u00ecnh kh\u00e1m ph\u00e1 63 b\u1ea3n \u0111\u1ed3 t\u1ec9nh th\u00e0nh \u0111\u00e3 ra \u0111\u1eddi v\u1edbi th\u1eadt nhi\u1ec1u c\u1ea3m x\u00fac nh\u01b0 th\u1ebf.<br \/>\nNh\u00f3m t\u00e1c gi\u1ea3 r\u1ea5t mong nh\u1eadn \u0111\u01b0\u1ee3c s\u1ef1 \u0111\u00f3ng g\u00f3p \u00fd ki\u1ebfn t\u1eeb b\u1ea1n \u0111\u1ecdc \u0111\u1ec3 n\u1ed9i dung quy\u1ec3n s\u00e1ch \u0111\u01b0\u1ee3c ho\u00e0n thi\u1ec7n h\u01a1n n\u1eefa.<br \/>\nC\u00f2n b\u00e2y gi\u1edd, chuy\u1ebfn t\u00e0u xuy\u00ean su\u1ed1t d\u1ea3i \u0111\u1ea5t h\u00ecnh ch\u1eef S s\u1eafp s\u1eeda kh\u1edfi h\u00e0nh. M\u1eddi b\u1ea1n s\u1eb5n s\u00e0ng cho k\u00ec du l\u1ecbch th\u00fa v\u1ecb nh\u1ea5t \u0111\u1ec3 kh\u00e1m ph\u00e1 \u0111\u1ea5t n\u01b0\u1edbc Vi\u1ec7t Nam t\u01b0\u01a1i \u0111\u1eb9p. B\u1eaft \u0111\u1ea7u n\u00e0o!\u201d<\/p>\n","protected":false},"featured_media":21690,"template":"","meta":{"_acf_changed":false},"product_brand":[],"product_cat":[25,17,15,71,26,47],"product_tag":[85,81,83],"class_list":{"0":"post-21692","1":"product","2":"type-product","3":"status-publish","4":"has-post-thumbnail","6":"product_cat-nhi-dong-6-tuoi-12-tuoi","7":"product_cat-sach-danh-cho-cac-be","8":"product_cat-sach-danh-cho-nguoi-lon","9":"product_cat-sach-tre-em-thuan-viet","10":"product_cat-thieu-nien-11-tuoi-18-tuoi","11":"product_cat-truyen-ngan-tan-van","12":"product_tag-special-editions","13":"product_tag-sach-gia-uu-dai","14":"product_tag-sach-moi-xuat-ban","16":"first","17":"outofstock","18":"sale","19":"taxable","20":"shipping-taxable","21":"purchasable","22":"product-type-simple"},"supplier_id":null,"supplier_sku":"","barcode":null,"atum_controlled":true,"out_stock_date":"2024-01-28 21:22:53","out_stock_threshold":null,"inheritable":false,"inbound_stock":0,"stock_on_hold":0,"sold_today":0,"sales_last_days":0,"reserved_stock":0,"customer_returns":0,"warehouse_damage":0,"lost_in_post":0,"other_logs":0,"out_stock_days":731,"lost_sales":0,"has_location":false,"update_date":"2026-01-28T23:11:07","atum_locations":[],"atum_stock_status":"outofstock","restock_status":false,"low_stock_amount":"","sales_update_date":"2026-01-28T23:11:07","calc_backorders":null,"acf":{"publisher":{"ID":1454,"post_author":"1","post_date":"2021-02-17 01:11:34","post_date_gmt":"2021-02-16 23:11:34","post_content":"<!-- wp:flatsome\/uxbuilder -->\n<h1 style=\"text-align: center;\"><strong>Kim \u0110\u1ed3ng<\/strong><\/h1>\n[row]\n\n[col span=\"3\" span__sm=\"12\"]\n\n[ux_image id=\"1534\" image_size=\"medium\"]\n\n\n[\/col]\n[col span=\"9\" span__sm=\"12\"]\n\n<p>Nh\u00e0 xu\u1ea5t b\u1ea3n Kim \u0110\u1ed3ng tr\u1ef1c thu\u1ed9c Trung \u01b0\u01a1ng \u0110o\u00e0n TNCS H\u1ed3 Ch\u00ed Minh l\u00e0 Nh\u00e0 xu\u1ea5t b\u1ea3n t\u1ed5ng h\u1ee3p c\u00f3 ch\u1ee9c n\u0103ng xu\u1ea5t b\u1ea3n s\u00e1ch v\u00e0 v\u0103n h\u00f3a ph\u1ea9m ph\u1ee5c v\u1ee5 thi\u1ebfu nhi v\u00e0 c\u00e1c b\u1eadc ph\u1ee5 huynh trong c\u1ea3 n\u01b0\u1edbc, qu\u1ea3ng b\u00e1 v\u00e0 gi\u1edbi thi\u1ec7u v\u0103n h\u00f3a Vi\u1ec7t Nam ra th\u1ebf gi\u1edbi.<br \/>Nh\u00e0 xu\u1ea5t b\u1ea3n c\u00f3 nhi\u1ec7m v\u1ee5 t\u1ed5 ch\u1ee9c b\u1ea3n th\u1ea3o, bi\u00ean so\u1ea1n, bi\u00ean d\u1ecbch, xu\u1ea5t b\u1ea3n v\u00e0 ph\u00e1t h\u00e0nh c\u00e1c xu\u1ea5t b\u1ea3n ph\u1ea9m c\u00f3 n\u1ed9i dung: gi\u00e1o d\u1ee5c truy\u1ec1n th\u1ed1ng d\u00e2n t\u1ed9c, gi\u00e1o d\u1ee5c v\u1ec1 tri th\u1ee9c, ki\u1ebfn th\u1ee9c\u2026 tr\u00ean c\u00e1c l\u0129nh v\u1ef1c v\u0103n h\u1ecdc, ngh\u1ec7 thu\u1eadt, khoa h\u1ecdc k\u1ef9 thu\u1eadt nh\u1eb1m cung c\u1ea5p cho c\u00e1c em thi\u1ebfu nhi c\u0169ng nh\u01b0 c\u00e1c b\u1eadc ph\u1ee5 huynh c\u00e1c ki\u1ebfn th\u1ee9c c\u1ea7n thi\u1ebft trong cu\u1ed9c s\u1ed1ng, nh\u1eefng tinh hoa c\u1ee7a tri th\u1ee9c nh\u00e2n lo\u1ea1i nh\u1eb1m g\u00f3p ph\u1ea7n gi\u00e1o d\u1ee5c v\u00e0 h\u00ecnh th\u00e0nh nh\u00e2n c\u00e1ch th\u1ebf h\u1ec7 tr\u1ebb.<br \/>\u0110\u1ed1i t\u01b0\u1ee3ng ph\u1ee5c v\u1ee5 c\u1ee7a Nh\u00e0 xu\u1ea5t b\u1ea3n l\u00e0 c\u00e1c em t\u1eeb tu\u1ed5i nh\u00e0 tr\u1ebb m\u1eabu gi\u00e1o (1 \u0111\u1ebfn 5 tu\u1ed5i), nhi \u0111\u1ed3ng (6 \u0111\u1ebfn 9 tu\u1ed5i), thi\u1ebfu ni\u00ean (10 \u0111\u1ebfn 15 tu\u1ed5i) \u0111\u1ebfn c\u00e1c em tu\u1ed5i m\u1edbi l\u1edbn (16 \u0111\u1ebfn 18 tu\u1ed5i) v\u00e0 c\u00e1c b\u1eadc ph\u1ee5 huynh.<\/p>\n\n[\/col]\n\n[\/row]\n\n<!-- \/wp:flatsome\/uxbuilder -->","post_title":"Kim \u0110\u1ed3ng","post_excerpt":"","post_status":"publish","comment_status":"closed","ping_status":"closed","post_password":"","post_name":"kim-dong","to_ping":"","pinged":"","post_modified":"2021-02-17 01:31:56","post_modified_gmt":"2021-02-16 23:31:56","post_content_filtered":"","post_parent":0,"guid":"https:\/\/sachviet.eu\/nha-phat-hanh\/kim-dong\/","menu_order":0,"post_type":"publisher","post_mime_type":"","comment_count":"0","filter":"raw"}},"_links":{"self":[{"href":"https:\/\/sachviet.eu\/en\/wp-json\/wp\/v2\/product\/21692","targetHints":{"allow":["GET"]}}],"collection":[{"href":"https:\/\/sachviet.eu\/en\/wp-json\/wp\/v2\/product"}],"about":[{"href":"https:\/\/sachviet.eu\/en\/wp-json\/wp\/v2\/types\/product"}],"wp:featuredmedia":[{"embeddable":true,"href":"https:\/\/sachviet.eu\/en\/wp-json\/wp\/v2\/media\/21690"}],"wp:attachment":[{"href":"https:\/\/sachviet.eu\/en\/wp-json\/wp\/v2\/media?parent=21692"}],"wp:term":[{"taxonomy":"product_brand","embeddable":true,"href":"https:\/\/sachviet.eu\/en\/wp-json\/wp\/v2\/product_brand?post=21692"},{"taxonomy":"product_cat","embeddable":true,"href":"https:\/\/sachviet.eu\/en\/wp-json\/wp\/v2\/product_cat?post=21692"},{"taxonomy":"product_tag","embeddable":true,"href":"https:\/\/sachviet.eu\/en\/wp-json\/wp\/v2\/product_tag?post=21692"}],"curies":[{"name":"wp","href":"https:\/\/api.w.org\/{rel}","templated":true}]}}