{"id":21689,"date":"2022-12-02T18:20:49","date_gmt":"2022-12-02T16:20:49","guid":{"rendered":"https:\/\/sachviet.eu\/shop\/hoi-mat-nai-tron-bo-50-tap\/"},"modified":"2022-12-02T19:37:54","modified_gmt":"2022-12-02T17:37:54","slug":"hoi-mat-nai-tron-bo-50-tap","status":"publish","type":"product","link":"https:\/\/sachviet.eu\/en\/shop\/hoi-mat-nai-tron-bo-50-tap\/","title":{"rendered":"H\u1ed9i m\u1eaft nai &#8211; tr\u1ecdn b\u1ed9 50 t\u1eadp"},"content":{"rendered":"<p>\u2013 T\u00ecnh tr\u1ea1ng s\u00e1ch: ch\u1ea5t l\u01b0\u1ee3ng kh\u00e1 t\u1ed1t 70-80%, full 50 cu\u1ed1n.<\/p>\n<p>\u2013 T\u00e1c gi\u1ea3:  Ichiru Yasuhara.<\/p>\n<p>\u2013 Lo\u1ea1i b\u00eca: B\u00eca m\u1ec1m.<\/p>\n<p>\u2013 S\u1ed1 trang: 100+<\/p>\n<p>\u2013 Nh\u00e0 ph\u00e1t h\u00e0nh: NXB Tr\u1ebb.<\/p>\n","protected":false},"excerpt":{"rendered":"<p>V\u1edbi nh\u1eefng c\u00e2u chuy\u1ec7n ng\u00e2y ng\u00f4 v\u1ee5ng d\u1ea1i s\u1ebd mang l\u1ea1i cho \u0111\u1ed9c gi\u1ea3 nh\u1eefng ph\u00fat gi\u00e2y th\u01b0 gi\u00e3n th\u00fa v\u1ecb v\u1edbi nh\u1eefng t\u00ecnh hu\u1ed1ng c\u1ef1c k\u00ec tr\u00e9o nghoe c\u1ee7a l\u1ee9a tu\u1ed5i h\u1ecdc tr\u00f2&#8230;<br \/>\nB\u1ed9 s\u00e1ch g\u1eafn li\u1ec1n v\u1edbi tu\u1ed5i th\u01a1 c\u1ee7a bao th\u1ebf h\u1ec7 8x. B\u1ed9 n\u00e0y si\u00eau hay g\u1ed3m nhi\u1ec1u c\u00e2u chuy\u1ec7n nh\u1ecf n\u00ean \u0111\u1ecdc c\u1ef1c cu\u1ed1n m\u00e0 kh\u00f4ng b\u1ecb ng\u1ed9p qu\u00e1 d\u00e0i. B\u1ed9 n\u00e0y gi\u1edd \u1edf th\u1ecb tr\u01b0\u1eddng \u0111\u00e3 h\u1ebft, kh\u00f4ng t\u00e1i b\u1ea3n m\u00e0 gi\u00e1 \u0111\u1ed9i l\u00ean cao l\u1eafm \u1ea5y \u1ea1.<br \/>\nS\u00e1ch \u0111\u1eb7t, li\u00ean h\u1ec7 Shop ch\u1ee9 kh\u00f4ng c\u00f3 s\u1eb5n!<\/p>\n","protected":false},"featured_media":21688,"template":"","meta":{"_acf_changed":false},"product_brand":[],"product_cat":[29],"product_tag":[],"class_list":{"0":"post-21689","1":"product","2":"type-product","3":"status-publish","4":"has-post-thumbnail","6":"product_cat-manga-comics","8":"first","9":"outofstock","10":"taxable","11":"shipping-taxable","12":"purchasable","13":"product-type-simple"},"supplier_id":null,"supplier_sku":"","barcode":null,"atum_controlled":true,"out_stock_date":"2022-12-02 16:20:49","out_stock_threshold":null,"inheritable":false,"inbound_stock":0,"stock_on_hold":0,"sold_today":0,"sales_last_days":0,"reserved_stock":0,"customer_returns":0,"warehouse_damage":0,"lost_in_post":0,"other_logs":0,"out_stock_days":1153,"lost_sales":0,"has_location":false,"update_date":"2026-01-28T23:11:07","atum_locations":[],"atum_stock_status":"outofstock","restock_status":false,"low_stock_amount":"","sales_update_date":"2026-01-28T23:11:07","calc_backorders":null,"acf":{"publisher":{"ID":1517,"post_author":"1","post_date":"2021-02-17 01:14:41","post_date_gmt":"2021-02-16 23:14:41","post_content":"","post_title":"NXB Tr\u1ebb","post_excerpt":"","post_status":"publish","comment_status":"closed","ping_status":"closed","post_password":"","post_name":"nxb-tre","to_ping":"","pinged":"","post_modified":"2021-02-17 01:14:41","post_modified_gmt":"2021-02-16 23:14:41","post_content_filtered":"","post_parent":0,"guid":"https:\/\/sachviet.eu\/nha-phat-hanh\/nxb-tre\/","menu_order":0,"post_type":"publisher","post_mime_type":"","comment_count":"0","filter":"raw"}},"_links":{"self":[{"href":"https:\/\/sachviet.eu\/en\/wp-json\/wp\/v2\/product\/21689","targetHints":{"allow":["GET"]}}],"collection":[{"href":"https:\/\/sachviet.eu\/en\/wp-json\/wp\/v2\/product"}],"about":[{"href":"https:\/\/sachviet.eu\/en\/wp-json\/wp\/v2\/types\/product"}],"wp:featuredmedia":[{"embeddable":true,"href":"https:\/\/sachviet.eu\/en\/wp-json\/wp\/v2\/media\/21688"}],"wp:attachment":[{"href":"https:\/\/sachviet.eu\/en\/wp-json\/wp\/v2\/media?parent=21689"}],"wp:term":[{"taxonomy":"product_brand","embeddable":true,"href":"https:\/\/sachviet.eu\/en\/wp-json\/wp\/v2\/product_brand?post=21689"},{"taxonomy":"product_cat","embeddable":true,"href":"https:\/\/sachviet.eu\/en\/wp-json\/wp\/v2\/product_cat?post=21689"},{"taxonomy":"product_tag","embeddable":true,"href":"https:\/\/sachviet.eu\/en\/wp-json\/wp\/v2\/product_tag?post=21689"}],"curies":[{"name":"wp","href":"https:\/\/api.w.org\/{rel}","templated":true}]}}