{"id":21686,"date":"2022-12-02T18:20:37","date_gmt":"2022-12-02T16:20:37","guid":{"rendered":"https:\/\/sachviet.eu\/shop\/bo-sach-thieu-nhi-dan-gian-nga-12-cuon\/"},"modified":"2022-12-02T19:37:54","modified_gmt":"2022-12-02T17:37:54","slug":"bo-sach-thieu-nhi-dan-gian-nga-12-cuon","status":"publish","type":"product","link":"https:\/\/sachviet.eu\/en\/shop\/bo-sach-thieu-nhi-dan-gian-nga-12-cuon\/","title":{"rendered":"B\u00d4\u0323 SA\u0301CH THI\u00ca\u0301U NHI D\u00c2N GIAN NGA (12 CU\u00d4\u0301N)"},"content":{"rendered":"<p>Trong n\u1eeda cu\u1ed1i th\u1ebf k\u1ef7 XX, nh\u1edd s\u1ef1 vi\u1ec7n tr\u1ee3 v\u0103n ho\u00e1 c\u1ee7a Li\u00ean X\u00f4, tr\u1ebb em Vi\u1ec7t Nam \u0111\u00e3 \u0111\u01b0\u1ee3c \u0111\u1ecdc nhi\u1ec1u t\u00e1c ph\u1ea9m thi\u1ebfu nhi, \u0111\u1eb7c bi\u1ec7t l\u00e0 c\u00e1c cu\u1ed1n truy\u1ec7n tranh. Truy\u1ec7n tranh Li\u00ean X\u00f4 l\u00e0 k\u1ef7 ni\u1ec7m tu\u1ed5i th\u01a1 \u0111\u1eb9p \u0111\u1ebd, g\u00f3p ph\u1ea7n nu\u00f4i l\u1edbn t\u00e2m h\u1ed3n nhi\u1ec1u th\u1ebf h\u1ec7 ng\u01b0\u1eddi Vi\u1ec7t b\u1edfi t\u00ednh gi\u00e1o d\u1ee5c s\u00e2u s\u1eafc t\u1eeb con ng\u01b0\u1eddi v\u00e0 t\u00e2m h\u1ed3n Li\u00ean X\u00f4 h\u1ed3n h\u1eadu nh\u00e2n \u00e1i.<br \/>\n\u0110i\u1ec1u d\u1ec5 g\u00e2y \u1ea5n t\u01b0\u1ee3ng nh\u1ea5t c\u1ee7a nh\u1eefng cu\u1ed1n s\u00e1ch ra \u0111\u1eddi th\u1eddi k\u1ef3 Li\u00ean X\u00f4 \u0111\u00f3 ch\u00ednh l\u00e0 h\u00ecnh \u1ea3nh minh h\u1ecda \u0111\u1eb9p. Th\u1ebf gi\u1edbi \u0111\u1ed9ng v\u1eadt \u0111\u01b0\u1ee3c nh\u00e2n h\u00f3a v\u1edbi nh\u1eefng bi\u1ec3u c\u1ea3m, h\u00e0nh \u0111\u1ed9ng quen thu\u1ed9c c\u1ee7a con ng\u01b0\u1eddi, t\u00e1i hi\u1ec7n s\u1ed1ng \u0111\u1ed9ng qua t\u1eebng n\u00e9t v\u1ebd trong m\u1ed7i trang truy\u1ec7n. C\u00e1ch ph\u1ed1i m\u00e0u h\u00e0i h\u00f2a, n\u00e9t v\u1ebd chau chu\u1ed1t \u0111\u1ebfn t\u1eebng chi ti\u1ebft khi\u1ebfn cho m\u1ed7i \u1ea5n ph\u1ea9m kh\u00f4ng ch\u1ec9 l\u00e0 m\u1ed9t cu\u1ed1n s\u00e1ch thi\u1ebfu nhi \u0111\u01a1n thu\u1ea7n, m\u00e0 gi\u1ed1ng nh\u01b0 t\u00e1c ph\u1ea9m ngh\u1ec7 thu\u1eadt th\u1ef1c th\u1ee5.<br \/>\nMaiHaBooks ti\u1ebfp t\u1ee5c ra m\u1eaft nh\u1eefng \u1ea5n ph\u1ea9m truy\u1ec7n tranh thi\u1ebfu nhi Li\u00ean X\u00f4 c\u1ee7a d\u1ecbch gi\u1ea3 L\u00ea H\u1ea3i \u0110o\u00e0n. V\u1eabn l\u00e0 phong c\u00e1ch d\u1ecbch th\u01a1 trong s\u00e1ng, m\u1ec1m m\u1ea1i, B\u1ed9 12 cu\u1ed1n truy\u1ec7n tranh thi\u1ebfu nhi l\u1ea7n n\u00e0y ch\u1eafc ch\u1eafn s\u1ebd l\u00e0 m\u1ed9t m\u00f3n qu\u00e0 \u00fd ngh\u0129a kh\u00f4ng ch\u1ec9 cho con tr\u1ebb m\u00e0 c\u00f2n cho ch\u00ednh b\u1ea3n th\u00e2n ch\u00fang ta, nh\u1eefng ng\u01b0\u1eddi l\u1edbn \u0111\u00e3 m\u1ed9t th\u1eddi m\u01a1 \u01b0\u1edbc \u0111\u01b0\u1ee3c s\u1edf h\u1eefu nh\u1eefng \u1ea5n ph\u1ea9m tuy\u1ec7t v\u1eddi nh\u01b0 th\u1ebf.<\/p>\n","protected":false},"excerpt":{"rendered":"<p>B\u1ed9 s\u00e1ch thi\u1ebfu nhi d\u00e2n gian Nga \u0111\u01b0\u1ee3c d\u1ecbch gi\u1ea3 L\u00ea H\u1ea3i \u0110o\u00e0n mang t\u1edbi ra m\u1eaft \u0111\u1ed9c gi\u1ea3 g\u1ed3m 12 cu\u1ed1n. C\u00e1c truy\u1ec7n tranh \u0111\u01b0\u1ee3c minh h\u1ecda b\u1eb1ng nh\u1eefng h\u00ecnh \u1ea3nh h\u00f3m h\u1ec9nh, ng\u1ed9 ngh\u0129nh th\u1ec3 hi\u1ec7n t\u00e2m h\u1ed3n ngh\u1ec7 s\u0129 d\u00e2n gian Nga.<\/p>\n<p>1. C\u00e1 r\u00f4 nh\u1ea3y m\u00faa<br \/>\n2. B\u00e0 G\u1ea5u gi\u00e0 ng\u1ed3i tr\u00ean kh\u00fac g\u1ed7<br \/>\n3. B\u1ea7y th\u00fa con<br \/>\n4. C\u00f4 Ru\u1ed3i nh\u1ecf ho\u1ea1t b\u00e1t<br \/>\n5. M\u1eb7t Tr\u1eddi b\u1ecb \u0111\u00e1nh c\u1eafp<br \/>\n6. V\u1eefng Ch\u00e3i-nh\u01b0-\u0110\u00e1 T\u1ea3ng, M\u1ec1m M\u1ea1i-nh\u01b0-L\u1ee5a \u0110\u00e0o v\u00e0 Ng\u1ecdt Ng\u00e0o-nh\u01b0-Gi\u1ecdt M\u1eadt<br \/>\n7. Th\u00fa con trong s\u1edf th\u00fa<br \/>\n8. C\u00f4 C\u00e1o tinh ranh v\u00e0 c\u00e1i tr\u1ee5c c\u00e1n b\u00e1nh<br \/>\n9. S\u1ef1 t\u00edch Ch\u00f3 gh\u00e9t M\u00e8o<br \/>\n10. M\u1ed9t. Hai. Ba\u2026<br \/>\n11. T\u00fap l\u1ec1u \u0111\u1ea5t s\u00e9t<br \/>\n12. B\u00e1c s\u0129 Aibolit<br \/>\nN\u1ed9i dung mang t\u00ednh gi\u00e1o d\u1ee5c cao, m\u00e0u s\u1eafc t\u01b0\u01a1i s\u00e1ng, n\u00e9t v\u1ebd minh h\u1ecda \u0111\u00e1ng y\u00eau nh\u01b0ng c\u0169ng kh\u00f4ng k\u00e9m ph\u1ea7n ngh\u1ec7 thu\u1eadt.<\/p>\n<p>B\u1ed9 s\u00e1ch thi\u1ebfu nhi d\u00e2n gian Nga l\u1ea7n n\u00e0y h\u1ee9a h\u1eb9n s\u1ebd mang \u0111\u1ebfn cho b\u00e9 v\u00e0 b\u1ed1 m\u1eb9 nh\u1eefng gi\u00e2y ph\u00fat tr\u1ea3i nghi\u1ec7m vui v\u1ebb b\u00ean nhau.<\/p>\n","protected":false},"featured_media":21684,"template":"","meta":{"_acf_changed":false},"product_brand":[],"product_cat":[24,25,17],"product_tag":[],"class_list":{"0":"post-21686","1":"product","2":"type-product","3":"status-publish","4":"has-post-thumbnail","6":"product_cat-nha-tre-mau-giao-0-tuoi-6-tuoi","7":"product_cat-nhi-dong-6-tuoi-12-tuoi","8":"product_cat-sach-danh-cho-cac-be","10":"first","11":"instock","12":"taxable","13":"shipping-taxable","14":"purchasable","15":"product-type-simple"},"supplier_id":null,"supplier_sku":"","barcode":null,"atum_controlled":true,"out_stock_date":null,"out_stock_threshold":null,"inheritable":false,"inbound_stock":0,"stock_on_hold":0,"sold_today":0,"sales_last_days":0,"reserved_stock":0,"customer_returns":0,"warehouse_damage":0,"lost_in_post":0,"other_logs":0,"out_stock_days":0,"lost_sales":0,"has_location":false,"update_date":"2026-01-28T23:11:07","atum_locations":[],"atum_stock_status":"instock","restock_status":false,"low_stock_amount":"","sales_update_date":"2026-01-28T23:11:07","calc_backorders":null,"acf":{"publisher":{"ID":21683,"post_author":"1","post_date":"2022-12-02 18:20:24","post_date_gmt":"2022-12-02 16:20:24","post_content":"","post_title":"MaiHaBooks","post_excerpt":"","post_status":"publish","comment_status":"closed","ping_status":"closed","post_password":"","post_name":"maihabooks","to_ping":"","pinged":"","post_modified":"2022-12-02 18:20:24","post_modified_gmt":"2022-12-02 16:20:24","post_content_filtered":"","post_parent":0,"guid":"https:\/\/sachviet.eu\/nha-phat-hanh\/maihabooks\/","menu_order":0,"post_type":"publisher","post_mime_type":"","comment_count":"0","filter":"raw"}},"_links":{"self":[{"href":"https:\/\/sachviet.eu\/en\/wp-json\/wp\/v2\/product\/21686","targetHints":{"allow":["GET"]}}],"collection":[{"href":"https:\/\/sachviet.eu\/en\/wp-json\/wp\/v2\/product"}],"about":[{"href":"https:\/\/sachviet.eu\/en\/wp-json\/wp\/v2\/types\/product"}],"wp:featuredmedia":[{"embeddable":true,"href":"https:\/\/sachviet.eu\/en\/wp-json\/wp\/v2\/media\/21684"}],"wp:attachment":[{"href":"https:\/\/sachviet.eu\/en\/wp-json\/wp\/v2\/media?parent=21686"}],"wp:term":[{"taxonomy":"product_brand","embeddable":true,"href":"https:\/\/sachviet.eu\/en\/wp-json\/wp\/v2\/product_brand?post=21686"},{"taxonomy":"product_cat","embeddable":true,"href":"https:\/\/sachviet.eu\/en\/wp-json\/wp\/v2\/product_cat?post=21686"},{"taxonomy":"product_tag","embeddable":true,"href":"https:\/\/sachviet.eu\/en\/wp-json\/wp\/v2\/product_tag?post=21686"}],"curies":[{"name":"wp","href":"https:\/\/api.w.org\/{rel}","templated":true}]}}