{"id":2167,"date":"2021-02-25T19:24:28","date_gmt":"2021-02-25T17:24:28","guid":{"rendered":"https:\/\/sachviet.eu\/shop\/bi-kip-sinh-ton-cua-loai-dom-dom-thuc-thu\/"},"modified":"2022-11-25T14:13:20","modified_gmt":"2022-11-25T12:13:20","slug":"bi-kip-sinh-ton-cua-loai-dom-dom-thuc-thu","status":"publish","type":"product","link":"https:\/\/sachviet.eu\/en\/shop\/bi-kip-sinh-ton-cua-loai-dom-dom-thuc-thu\/","title":{"rendered":"B\u00ed K\u00edp Sinh T\u1ed3n C\u1ee7a Lo\u00e0i \u0110om \u0110\u00f3m Th\u1ef1c Th\u1ee5"},"content":{"rendered":"<p>Tr\u01b0\u1edbc nay m\u00ecnh m\u1edbi ch\u1ec9 bi\u1ebft v\u1ec1 \u0111om \u0111\u00f3m nh\u01b0 m\u1ed9t lo\u00e0i c\u00f4n tr\u00f9ng c\u00f3 th\u1ec3 ph\u00e1t s\u00e1ng trong b\u00f3ng \u0111\u00eam. Ch\u1ea5m h\u1ebft.! M\u00ecnh n\u00e0o bi\u1ebft v\u00f2ng \u0111\u1eddi c\u1ee7a \u0111om \u0111\u00f3m s\u1ebd g\u1ed3m b\u1ed1n giai \u0111o\u1ea1n bi\u1ebfn th\u1ec3, m\u00e0 giai \u0111o\u1ea1n \u1ea5u tr\u00f9ng k\u00e9o d\u00e0i nh\u1eefng m\u1ed9t \u0111\u1ebfn hai n\u0103m. R\u1ed3i sau khi th\u00e0nh con tr\u01b0\u1edfng th\u00e0nh, \u0111om \u0111\u00f3m ch\u1ec9 c\u00f2n s\u1ed1ng \u0111\u01b0\u1ee3c th\u00eam 5 \u0111\u1ebfn 30 ng\u00e0y n\u1eefa th\u00f4i. Hay r\u1eb1ng t\u00e1c gi\u1ea3 c\u1ee7a \u00e1nh s\u00e1ng v\u00e0ng xanh tuy\u1ec7t \u0111\u1eb9p m\u00ecnh v\u1eabn th\u1ea5y \u0111\u00f3 ch\u00ednh l\u00e0 nh\u1edd s\u1ef1 k\u1ebft h\u1ee3p nh\u1eefng h\u00f3a ch\u1ea5t trong b\u1ee5ng d\u01b0\u1edbi c\u1ee7a ch\u00fang. V\u00e0 c\u00f2n v\u00f4 v\u00e0n nh\u1eefng th\u00f4ng tin k\u1ef3 th\u00fa kh\u00e1c n\u1eefa, ch\u1ec9 ch\u1edd m\u00ecnh kh\u00e1m ph\u00e1. Th\u1eadt k\u1ef3 di\u1ec7u l\u00e0m sao khi m\u1ed9t c\u01a1 th\u1ec3 khi\u00eam nh\u01b0\u1eddng t\u1eebng \u1ea5y l\u1ea1i ch\u1ee9a \u0111\u1ef1ng nhi\u1ec1u b\u1ea5t ng\u1edd th\u00fa v\u1ecb \u0111\u1ebfn v\u1eady.<br \/>\nS\u00e1ng t\u00e1c: Kristen Foote<br \/>\nMinh h\u1ecda: Erica Salcedo  <div class=\"banner-grid-wrapper\">\n  <div id=\"banner-grid-2040031295\" class=\"banner-grid row row-grid row-small\" data-packery-options=\"\">\n                      <div class=\"col grid-col large-6 grid-col-1\" ><div class=\"col-inner\">\t<div class=\"img has-hover x md-x lg-x y md-y lg-y\" id=\"image_1274600028\">\n\t\t\t\t\t\t\t\t<div class=\"img-inner dark\" >\n\t\t\t<img loading=\"lazy\" decoding=\"async\" width=\"800\" height=\"801\" src=\"https:\/\/sachviet.eu\/wp-content\/uploads\/2021\/02\/mockup20bia20sach20ca20map20-20dom20dom-02.jpg\" class=\"attachment-large size-large\" alt=\"\" srcset=\"https:\/\/sachviet.eu\/wp-content\/uploads\/2021\/02\/mockup20bia20sach20ca20map20-20dom20dom-02.jpg 800w, https:\/\/sachviet.eu\/wp-content\/uploads\/2021\/02\/mockup20bia20sach20ca20map20-20dom20dom-02-300x300.jpg 300w, https:\/\/sachviet.eu\/wp-content\/uploads\/2021\/02\/mockup20bia20sach20ca20map20-20dom20dom-02-150x150.jpg 150w, https:\/\/sachviet.eu\/wp-content\/uploads\/2021\/02\/mockup20bia20sach20ca20map20-20dom20dom-02-768x769.jpg 768w, https:\/\/sachviet.eu\/wp-content\/uploads\/2021\/02\/mockup20bia20sach20ca20map20-20dom20dom-02-600x601.jpg 600w, https:\/\/sachviet.eu\/wp-content\/uploads\/2021\/02\/mockup20bia20sach20ca20map20-20dom20dom-02-100x100.jpg 100w\" sizes=\"auto, (max-width: 800px) 100vw, 800px\" \/>\t\t\t\t\t\t\n\t\t\t\t\t<\/div>\n\t\t\t\t\t\t\t\t\n<style>\n#image_1274600028 {\n  width: 100%;\n}\n<\/style>\n\t<\/div>\n\t<\/div><\/div><div class=\"col grid-col large-6 grid-col-1-2\" ><div class=\"col-inner\">\t<div class=\"img has-hover x md-x lg-x y md-y lg-y\" id=\"image_528603691\">\n\t\t\t\t\t\t\t\t<div class=\"img-inner dark\" >\n\t\t\t<img loading=\"lazy\" decoding=\"async\" width=\"800\" height=\"405\" src=\"https:\/\/sachviet.eu\/wp-content\/uploads\/2021\/02\/ruot___bi_kip_sinh_ton___dom_dom_20191217___ver_9.jpg\" class=\"attachment-large size-large\" alt=\"\" srcset=\"https:\/\/sachviet.eu\/wp-content\/uploads\/2021\/02\/ruot___bi_kip_sinh_ton___dom_dom_20191217___ver_9.jpg 800w, https:\/\/sachviet.eu\/wp-content\/uploads\/2021\/02\/ruot___bi_kip_sinh_ton___dom_dom_20191217___ver_9-300x152.jpg 300w, https:\/\/sachviet.eu\/wp-content\/uploads\/2021\/02\/ruot___bi_kip_sinh_ton___dom_dom_20191217___ver_9-768x389.jpg 768w, https:\/\/sachviet.eu\/wp-content\/uploads\/2021\/02\/ruot___bi_kip_sinh_ton___dom_dom_20191217___ver_9-600x304.jpg 600w\" sizes=\"auto, (max-width: 800px) 100vw, 800px\" \/>\t\t\t\t\t\t\n\t\t\t\t\t<\/div>\n\t\t\t\t\t\t\t\t\n<style>\n#image_528603691 {\n  width: 100%;\n}\n<\/style>\n\t<\/div>\n\t<\/div><\/div><div class=\"col grid-col large-6 grid-col-1-2\" ><div class=\"col-inner\">\t<div class=\"img has-hover x md-x lg-x y md-y lg-y\" id=\"image_773821510\">\n\t\t\t\t\t\t\t\t<div class=\"img-inner dark\" >\n\t\t\t<img loading=\"lazy\" decoding=\"async\" width=\"800\" height=\"405\" src=\"https:\/\/sachviet.eu\/wp-content\/uploads\/2021\/02\/ruot___bi_kip_sinh_ton___dom_dom_20191217___ver_9___in.jpg\" class=\"attachment-large size-large\" alt=\"\" srcset=\"https:\/\/sachviet.eu\/wp-content\/uploads\/2021\/02\/ruot___bi_kip_sinh_ton___dom_dom_20191217___ver_9___in.jpg 800w, https:\/\/sachviet.eu\/wp-content\/uploads\/2021\/02\/ruot___bi_kip_sinh_ton___dom_dom_20191217___ver_9___in-300x152.jpg 300w, https:\/\/sachviet.eu\/wp-content\/uploads\/2021\/02\/ruot___bi_kip_sinh_ton___dom_dom_20191217___ver_9___in-768x389.jpg 768w, https:\/\/sachviet.eu\/wp-content\/uploads\/2021\/02\/ruot___bi_kip_sinh_ton___dom_dom_20191217___ver_9___in-600x304.jpg 600w\" sizes=\"auto, (max-width: 800px) 100vw, 800px\" \/>\t\t\t\t\t\t\n\t\t\t\t\t<\/div>\n\t\t\t\t\t\t\t\t\n<style>\n#image_773821510 {\n  width: 100%;\n}\n<\/style>\n\t<\/div>\n\t<\/div><\/div>            <\/div>\n    <style>\n    #banner-grid-2040031295 .grid-col-1{height: 600px}\n    #banner-grid-2040031295 .grid-col-1-2{height: 300px}\n    #banner-grid-2040031295 .grid-col-1-3{height:200px}\n    #banner-grid-2040031295 .grid-col-2-3{height: 400px}\n    #banner-grid-2040031295 .grid-col-1-4{height: 150px}\n    #banner-grid-2040031295 .grid-col-3-4{height: 450px}\n\n\n    \n    \n\n  <\/style>\n    <\/div>\n  \n","protected":false},"excerpt":{"rendered":"<p>Tr\u01b0\u1edbc nay m\u00ecnh m\u1edbi ch\u1ec9 bi\u1ebft v\u1ec1 \u0111om \u0111\u00f3m nh\u01b0 m\u1ed9t lo\u00e0i c\u00f4n tr\u00f9ng c\u00f3 th\u1ec3 ph\u00e1t s\u00e1ng trong b\u00f3ng \u0111\u00eam. Ch\u1ea5m h\u1ebft.! M\u00ecnh n\u00e0o bi\u1ebft v\u00f2ng \u0111\u1eddi c\u1ee7a \u0111om \u0111\u00f3m s\u1ebd g\u1ed3m b\u1ed1n giai \u0111o\u1ea1n bi\u1ebfn th\u1ec3, m\u00e0 giai \u0111o\u1ea1n \u1ea5u tr\u00f9ng k\u00e9o d\u00e0i nh\u1eefng m\u1ed9t \u0111\u1ebfn hai n\u0103m. R\u1ed3i sau khi th\u00e0nh con tr\u01b0\u1edfng th\u00e0nh, \u0111om \u0111\u00f3m ch\u1ec9 c\u00f2n s\u1ed1ng \u0111\u01b0\u1ee3c th\u00eam 5 \u0111\u1ebfn 30 ng\u00e0y n\u1eefa th\u00f4i. Hay r\u1eb1ng t\u00e1c gi\u1ea3 c\u1ee7a \u00e1nh s\u00e1ng v\u00e0ng xanh tuy\u1ec7t \u0111\u1eb9p m\u00ecnh v\u1eabn th\u1ea5y \u0111\u00f3 ch\u00ednh l\u00e0 nh\u1edd s\u1ef1 k\u1ebft h\u1ee3p nh\u1eefng h\u00f3a ch\u1ea5t trong b\u1ee5ng d\u01b0\u1edbi c\u1ee7a ch\u00fang. V\u00e0 c\u00f2n v\u00f4 v\u00e0n nh\u1eefng th\u00f4ng tin k\u1ef3 th\u00fa kh\u00e1c n\u1eefa, ch\u1ec9 ch\u1edd m\u00ecnh kh\u00e1m ph\u00e1. Th\u1eadt k\u1ef3 di\u1ec7u l\u00e0m sao khi m\u1ed9t c\u01a1 th\u1ec3 khi\u00eam nh\u01b0\u1eddng t\u1eebng \u1ea5y l\u1ea1i ch\u1ee9a \u0111\u1ef1ng nhi\u1ec1u b\u1ea5t ng\u1edd th\u00fa v\u1ecb \u0111\u1ebfn v\u1eady.<\/p>\n","protected":false},"featured_media":2164,"template":"","meta":{"_acf_changed":false},"product_brand":[],"product_cat":[25,17],"product_tag":[],"class_list":{"0":"post-2167","1":"product","2":"type-product","3":"status-publish","4":"has-post-thumbnail","6":"product_cat-nhi-dong-6-tuoi-12-tuoi","7":"product_cat-sach-danh-cho-cac-be","9":"first","10":"outofstock","11":"taxable","12":"shipping-taxable","13":"purchasable","14":"product-type-simple"},"supplier_id":null,"supplier_sku":"","barcode":null,"atum_controlled":true,"out_stock_date":"2022-11-25 12:13:20","out_stock_threshold":null,"inheritable":false,"inbound_stock":0,"stock_on_hold":0,"sold_today":0,"sales_last_days":0,"reserved_stock":0,"customer_returns":0,"warehouse_damage":0,"lost_in_post":0,"other_logs":0,"out_stock_days":1160,"lost_sales":0,"has_location":false,"update_date":"2026-01-28T23:10:30","atum_locations":[],"atum_stock_status":"outofstock","restock_status":false,"low_stock_amount":"","sales_update_date":"2026-01-28T23:10:30","calc_backorders":null,"acf":{"publisher":{"ID":1458,"post_author":"1","post_date":"2021-02-17 01:12:22","post_date_gmt":"2021-02-16 23:12:22","post_content":"<!-- wp:flatsome\/uxbuilder -->\n<h1 style=\"text-align: center\"><strong>Crabit Kidbooks<\/strong><\/h1>\n[row]\n\n[col span=\"8\" span__sm=\"12\"]\n\n<p>Crabit Kidbooks l\u00e0 nh\u00e0 ph\u00e1t h\u00e0nh s\u00e1ch thi\u1ebfu nhi thu\u1ed9c C\u00f4ng ty CPTM &amp; XNK Ng\u1ecdc \u00c1nh \u2013 \u0111\u01a1n v\u1ecb h\u01a1n 20 n\u0103m kinh nghi\u1ec7m trong ng\u00e0nh in \u1ea5n v\u00e0 l\u00e0 \u0111\u1ed1i t\u00e1c uy t\u00edn cung c\u1ea5p h\u1ecdc li\u1ec7u, s\u00e1ch v\u1edf h\u1ecdc sinh cho h\u01a1n 5000 kh\u00e1ch h\u00e0ng kh\u1eafp 28 t\u1ec9nh th\u00e0nh ph\u00eda B\u1eafc Vi\u1ec7t Nam H\u1ec7 th\u1ed1ng s\u1ea3n ph\u1ea9m Crabit Kidbooks<\/p>\n<p>Theo s\u1ef1 t\u00ecm hi\u1ec3u c\u1ee7a <strong>SACHVIET.EU<\/strong><strong>\u00a0<\/strong>tuy Crabit Kidbooks l\u00e0 m\u1ed9t nh\u00e0 ph\u00e1t h\u00e0nh tr\u1ebb t\u1ea1i Vi\u1ec7t Nam nh\u01b0ng l\u1ea1i mang \u0111\u1ebfn s\u1ef1 ch\u1ec9n chu qua t\u1eebng trang s\u00e1ch, t\u1eeb ch\u1ea5t li\u1ec7u gi\u1ea5y cao c\u1ea5p, b\u00eca c\u1ee9ng gi\u1eef g\u00ecn s\u00e1ch \u0111\u01b0\u1ee3c b\u1ec1n l\u00e2u \u0111\u1ebfn l\u1eddi v\u0103n c\u00e2u ch\u1eef \u0111\u01b0\u1ee3c ch\u1ecdn l\u1ecdc ch\u1ec9nh s\u1eeda sao cho ti\u1ebfp c\u1eadn th\u00e2n thi\u1ec7n nh\u1ea5t v\u1edbi tr\u1ebb em. <strong>SACHVIET.EU<\/strong> th\u1ef1c s\u1ef1 \u1ea5n t\u01b0\u1ee3ng b\u1edfi t\u1ea7m nh\u00ecn v\u00e0 s\u1ef1 c\u1ed1 g\u1eafng ho\u00e0n thi\u1ec7n nh\u1eefng t\u00e1c ph\u1ea9m c\u00f3 gi\u00e1 tr\u1ecb tuy\u1ec7t v\u1eddi m\u00e0 Crabit Kidbooks mang l\u1ea1i. \u0110\u00e2y c\u0169ng l\u00e0 nh\u00e0 ph\u00e1t h\u00e0nh duy nh\u1ea5t t\u1edbi th\u1eddi \u0111i\u1ec3m n\u00e0y m\u00e0 <strong>SACHVIET.EU<\/strong> quy\u1ebft t\u00e2m h\u1ee3p t\u00e1c mang h\u1ebft t\u1ea5t c\u1ea3 c\u00e1c \u0111\u1ea7u s\u00e1ch m\u00e0 Crabit Kidbooks c\u00f3 \u0111\u1ec3 \u0111em \u0111\u1ebfn Ch\u00e2u \u00c2u ph\u1ee5c v\u1ee5 m\u1ecdi ng\u01b0\u1eddi. \u0110\u00e2y th\u1ef1c s\u1ef1 l\u00e0 m\u1ed9t s\u1ef1 li\u1ec1u l\u0129nh c\u1ee7a <strong>SACHVIET.EU<\/strong>, tuy nhi\u00ean ch\u00fang m\u00ecnh tin t\u01b0\u1edfng v\u00e0 t\u1ef1 tin r\u1eb1ng t\u1eebng cu\u1ed1n s\u00e1ch m\u00e0 ch\u00fang m\u00ecnh gi\u1edbi thi\u1ec7u x\u1ee9ng \u0111\u00e1ng v\u1edbi nh\u1eefng g\u00ec ch\u00fang m\u00ecnh theo \u0111u\u1ed5i.<\/p>\n\n[\/col]\n[col span=\"4\" span__sm=\"12\"]\n\n[ux_image id=\"1701\" image_size=\"medium\"]\n\n\n[\/col]\n\n[\/row]\n\n<!-- \/wp:flatsome\/uxbuilder -->","post_title":"Crabit Kidbooks","post_excerpt":"","post_status":"publish","comment_status":"closed","ping_status":"closed","post_password":"","post_name":"crabit-kidbooks","to_ping":"","pinged":"","post_modified":"2022-12-19 23:12:10","post_modified_gmt":"2022-12-19 21:12:10","post_content_filtered":"","post_parent":0,"guid":"https:\/\/sachviet.eu\/nha-phat-hanh\/crabitkidbooks\/","menu_order":0,"post_type":"publisher","post_mime_type":"","comment_count":"0","filter":"raw"}},"_links":{"self":[{"href":"https:\/\/sachviet.eu\/en\/wp-json\/wp\/v2\/product\/2167","targetHints":{"allow":["GET"]}}],"collection":[{"href":"https:\/\/sachviet.eu\/en\/wp-json\/wp\/v2\/product"}],"about":[{"href":"https:\/\/sachviet.eu\/en\/wp-json\/wp\/v2\/types\/product"}],"wp:featuredmedia":[{"embeddable":true,"href":"https:\/\/sachviet.eu\/en\/wp-json\/wp\/v2\/media\/2164"}],"wp:attachment":[{"href":"https:\/\/sachviet.eu\/en\/wp-json\/wp\/v2\/media?parent=2167"}],"wp:term":[{"taxonomy":"product_brand","embeddable":true,"href":"https:\/\/sachviet.eu\/en\/wp-json\/wp\/v2\/product_brand?post=2167"},{"taxonomy":"product_cat","embeddable":true,"href":"https:\/\/sachviet.eu\/en\/wp-json\/wp\/v2\/product_cat?post=2167"},{"taxonomy":"product_tag","embeddable":true,"href":"https:\/\/sachviet.eu\/en\/wp-json\/wp\/v2\/product_tag?post=2167"}],"curies":[{"name":"wp","href":"https:\/\/api.w.org\/{rel}","templated":true}]}}