{"id":2161,"date":"2021-02-25T19:24:12","date_gmt":"2021-02-25T17:24:12","guid":{"rendered":"https:\/\/sachviet.eu\/shop\/bo-sach-nhat-ky-cua-cu-nho-set-6-quyen\/"},"modified":"2022-12-19T18:53:34","modified_gmt":"2022-12-19T16:53:34","slug":"bo-sach-nhat-ky-cua-cu-nho-set-6-quyen","status":"publish","type":"product","link":"https:\/\/sachviet.eu\/en\/shop\/bo-sach-nhat-ky-cua-cu-nho-set-6-quyen\/","title":{"rendered":"B\u1ed9 s\u00e1ch Nh\u1eadt K\u00fd C\u1ee7a C\u00fa Nh\u1ecf &#8211; bundle 6 quy\u1ec3n"},"content":{"rendered":"<p>\u0110\u1ecdc s\u00e1ch m\u00e0 v\u1eeba vui ng\u1ea5t ng\u00e2y, v\u1eeba \u201cng\u1ea5m\u201d nh\u1eefng b\u00ed k\u00edp si\u00eau hay ho \u0111\u1ec3 vi\u1ebft v\u0103n hay h\u01a1n v\u00e0 t\u1eadn h\u01b0\u1edfng t\u1eebng kho\u1ea3nh kh\u1eafc s\u00f4i n\u1ed5i c\u1ee7a vi\u1ec7c \u0111i h\u1ecdc m\u1ed7i ng\u00e0y, th\u00ec ch\u1ec9 c\u00f3 th\u1ec3 l\u00e0 \u201cNh\u1eadt k\u00fd c\u1ee7a c\u00fa nh\u1ecf\u201d. M\u1ed9t b\u1ed9 s\u00e1ch r\u00e8n luy\u1ec7n k\u0129 n\u0103ng m\u1ec1m d\u00e0nh cho tr\u1ebb t\u1eeb 5 tu\u1ed5i v\u1eeba \u0111\u01b0\u1ee3c Crabit Kidbooks ph\u00e1t h\u00e0nh.<br \/>\n\u0110\u1ecdc \u201cNh\u1eadt k\u00fd c\u1ee7a C\u00fa nh\u1ecf\u201d, ch\u00fang m\u00ecnh \u0111\u00e3 ch\u1eafc m\u1ea9m c\u00e1c c\u00f4 nh\u00f3c c\u1eadu nh\u00f3c h\u1eb3n ph\u1ea3i m\u00ea b\u1ed9 s\u00e1ch n\u00e0y l\u1eafm \u0111\u00e2y, v\u00ec c\u00e1i truy\u1ec7n n\u00e0y th\u1eadt gi\u1ed1ng c\u00e1c c\u00f4 c\u1eadu \u1ea5y qu\u00e1 \u0111i m\u00e0! Nh\u01b0ng b\u00ean c\u1ea1nh \u0111\u00f3 th\u00ec v\u1eabn c\u00f2n c\u1ea3 t\u00e1 l\u00fd do kh\u00e1c khi\u1ebfn cho b\u1ed9 s\u00e1ch n\u00e0y \u0111\u00e3 nh\u1eadn \u0111\u01b0\u1ee3c v\u00f4 v\u00e0n s\u1ef1 ch\u00fa \u00fd c\u1ee7a ph\u1ee5 huynh c\u00f9ng r\u1ea5t nhi\u1ec1u t\u00ecnh c\u1ea3m t\u1eeb c\u00e1c b\u1ea1n \u0111\u1ecdc nh\u00ed. T\u1ec9 nh\u01b0 vi\u1ec7c cu\u1ed1n s\u00e1ch n\u00e0y c\u00f3 th\u1ec3 \u0111\u01b0\u1ee3c coi l\u00e0 cu\u1ed1n s\u00e1ch c\u00f3 ph\u00e2n chia ch\u01b0\u01a1ng truy\u1ec7n \u0111\u1ea7u \u0111\u1eddi c\u1ee7a c\u00e1c b\u1ea1n nh\u1ecf n\u00e0y. V\u1edbi nh\u1eefng ch\u01b0\u01a1ng ng\u1eafn v\u00e0 vui nh\u1ed9n, c\u00e1c b\u1ea1n \u1ea5y s\u1ebd c\u00f3 c\u1ea3m gi\u00e1c th\u00e0nh t\u1ef1u bi\u1ebft nh\u01b0\u1eddng n\u00e0o khi c\u00f3 th\u1ec3 l\u1ea7n \u0111\u1ea7u t\u1ef1 m\u00ecnh \u0111\u1ecdc h\u1ebft m\u1ed9t cu\u1ed1n s\u00e1ch.<br \/>\n\u0110\u00f3 c\u0169ng l\u00e0 c\u00e1ch m\u00e0 Crabit Kidbooks mong mu\u1ed1n \u201c\u01b0\u01a1m m\u1ea7m\u201d nh\u1eefng b\u1ea1n \u0111\u1ecdc nh\u00ed \u0111\u1ec3 m\u1ed9t ng\u00e0y kia, nh\u1eefng m\u1ea7m c\u00e2y \u1ea5y s\u1ebd ph\u00e1t tri\u1ec3n, ki\u00eau h\u00e3nh h\u00f2a m\u00ecnh v\u00e0o \u201ckhu r\u1eebng \u0111\u1ecdc s\u00e1ch\u201d b\u1ea1t ng\u00e0n tr\u00f9ng m\u00e2y, \u0111\u1ec3 t\u00ecnh y\u00eau s\u00e1ch \u0111\u01b0\u1ee3c b\u00e9n r\u1ec5 ngay t\u1eeb khi c\u00f2n r\u1ea5t s\u1edbm.<br \/>\n\u0110\u1ecdc \u201cNh\u1eadt k\u00fd c\u1ee7a C\u00fa nh\u1ecf\u201d, c\u00e1c b\u1ea1n nh\u1ecf s\u1ebd tha h\u1ed3 \u1ed1 \u00e1 v\u1edbi h\u1ebft \u00fd t\u01b0\u1edfng n\u00e0y \u0111\u1ebfn kh\u00e1m ph\u00e1 kh\u00e1c c\u1ee7a Eva Wingdale \u2013 b\u00e9 c\u00fa nh\u00e2n v\u1eadt ch\u00ednh r\u1ea5t d\u1ec5 th\u01b0\u01a1ng l\u1ea1i c\u00f2n n\u0103ng n\u1ed5 c\u1ee7a ch\u00fang ta. Xuy\u00ean su\u1ed1t s\u00e1u t\u1eadp truy\u1ec7n, Eva kh\u00f4ng l\u00fac n\u00e0o ng\u01a1i ngh\u1ec9, m\u00e0 lu\u00f4n b\u1eadn b\u1ecbu v\u1edbi \u0111\u1ee7 m\u1ecdi \u00fd t\u01b0\u1edfng hay ho. Nh\u01b0ng c\u1ea3 nh\u1eefng c\u00e2u chuy\u1ec7n \u1ea5y \u0111\u00e2u ch\u1ec9 \u0111\u1ec3 vui m\u00e0 th\u00f4i, m\u00e0 qua \u0111\u00f3, c\u00e1c b\u1ea1n nh\u1ecf s\u1ebd \u0111\u01b0\u1ee3c trau d\u1ed3i v\u1ec1 ki\u1ebfn th\u1ee9c s\u1ed1ng, v\u1ec1 nh\u1eefng k\u1ef9 n\u0103ng m\u1ec1m v\u00f4 c\u00f9ng quan tr\u1ecdng v\u00e0 c\u1ea7n thi\u1ebft.<br \/>\nB\u00ean c\u1ea1nh \u0111\u00f3, v\u1eabn c\u00f2n v\u00f4 s\u1ed1 b\u00e0i h\u1ecdc \u0111\u1ea7y \u00fd ngh\u0129a kh\u00e1c c\u00f3 th\u1ec3 t\u00ecm \u0111\u01b0\u1ee3c trong nh\u1eefng cu\u1ed1n s\u00e1ch \u0111\u1ea7y s\u1eafc m\u00e0u n\u00e0y: v\u1ec1 t\u00ecnh b\u1ea1n, v\u1ec1 t\u00ecnh c\u1ea3m gia \u0111\u00ecnh, nh\u1eefng m\u1ed1i quan h\u1ec7 tr\u01b0\u1eddng l\u1edbp hay x\u00e3 h\u1ed9i. C\u00e1c b\u1ea1n nh\u1ecf c\u1ee7a ch\u00fang ta r\u1ed3i c\u0169ng s\u1ebd ph\u1ea3i l\u1edbn l\u00ean, \u0111\u1ed1i di\u1ec7n v\u1edbi nhi\u1ec1u th\u1eed th\u00e1ch trong cu\u1ed9c \u0111\u1eddi,v\u00e0 vi\u1ec7c trang b\u1ecb \u201c\u0111\u1ea7y t\u00fai\u201d nh\u1eefng hi\u1ec3u bi\u1ebft n\u00e0y s\u1ebd gi\u00fap c\u00e1c b\u1ea1n \u1ea5y c\u00f3 \u0111\u01b0\u1ee3c th\u00e0nh c\u00f4ng trong h\u1ecdc t\u1eadp v\u00e0 \u0111\u1eddi s\u1ed1ng.<br \/>\nCrabit Kidbooks v\u00f4 c\u00f9ng h\u1ea1nh ph\u00fac v\u00ec \u0111\u00e3 mang m\u1ed9t b\u1ed9 s\u00e1ch nh\u1eadn \u0111\u01b0\u1ee3c v\u00f4 s\u1ed1 l\u1eddi khen ng\u1ee3i trong t\u1ee7 s\u00e1ch \u01af\u01a1m m\u1ea7m c\u1ee7a NXB Scholastic v\u1ec1 v\u1edbi t\u1ee7 s\u00e1ch c\u1ee7a c\u00e1c b\u1ea1n \u0111\u1ecdc nh\u00ed Vi\u1ec7t Nam.<br \/>\nCh\u00fac c\u00e1c b\u1ea1n \u0111\u1ecdc nh\u00ed c\u00f3 th\u1eadt nhi\u1ec1u k\u1ec9 ni\u1ec7m \u0111\u00e1ng nh\u1edb v\u00e0 \u0111\u01b0\u1ee3c truy\u1ec1n th\u00eam th\u1eadt nhi\u1ec1u c\u1ea3m h\u1ee9ng v\u1edbi vi\u1ec7c \u0111\u1ecdc s\u00e1ch v\u00e0 vi\u1ec7c h\u1ecdc t\u1eadp v\u1edbi b\u1ed9 s\u00e1ch \u0111\u00e1ng y\u00eau v\u00e0 th\u00fa v\u1ecb n\u00e0y.<\/p>\n  <div class=\"banner-grid-wrapper\">\n  <div id=\"banner-grid-1700116095\" class=\"banner-grid row row-grid row-small\" data-packery-options=\"\">\n            <style>\n    #banner-grid-1700116095 .grid-col-1{height: 600px}\n    #banner-grid-1700116095 .grid-col-1-2{height: 300px}\n    #banner-grid-1700116095 .grid-col-1-3{height:200px}\n    #banner-grid-1700116095 .grid-col-2-3{height: 400px}\n    #banner-grid-1700116095 .grid-col-1-4{height: 150px}\n    #banner-grid-1700116095 .grid-col-3-4{height: 450px}\n\n\n        \/* Tablet *\/\n    @media (max-width: 850px){\n      #banner-grid-1700116095 .grid-col-1{height: 400px}\n      #banner-grid-1700116095 .grid-col-1-2{height: 200px}\n      #banner-grid-1700116095 .grid-col-1-3{height:133.33333333333px}\n      #banner-grid-1700116095 .grid-col-2-3{height: 266.66666666667px}\n      #banner-grid-1700116095 .grid-col-1-4{height: 100px}\n      #banner-grid-1700116095 .grid-col-3-4{height: 300px}\n    }\n    \n        \/* Mobile *\/\n    @media (max-width: 550px){\n      #banner-grid-1700116095 .grid-col-1{height: 400px}\n      #banner-grid-1700116095 .grid-col-1-2{height: 200px}\n      #banner-grid-1700116095 .grid-col-1-3{height:133.33333333333px}\n      #banner-grid-1700116095 .grid-col-2-3{height: 266.66666666667px}\n      #banner-grid-1700116095 .grid-col-1-4{height: 100px}\n      #banner-grid-1700116095 .grid-col-3-4{height: 300px}\n    }\n    \n\n  <\/style>\n    <\/div>\n    <style>\n    #banner-grid-1700116095 .grid-col-1{height: 600px}\n    #banner-grid-1700116095 .grid-col-1-2{height: 300px}\n    #banner-grid-1700116095 .grid-col-1-3{height:200px}\n    #banner-grid-1700116095 .grid-col-2-3{height: 400px}\n    #banner-grid-1700116095 .grid-col-1-4{height: 150px}\n    #banner-grid-1700116095 .grid-col-3-4{height: 450px}\n\n\n    \n    \n\n  <\/style>\n    <\/div>\n  \n","protected":false},"excerpt":{"rendered":"<p>\u0110\u1ecdc \u201cNh\u1eadt k\u00fd c\u1ee7a C\u00fa nh\u1ecf\u201d, c\u00e1c b\u1ea1n nh\u1ecf s\u1ebd tha h\u1ed3 \u1ed1 \u00e1 v\u1edbi h\u1ebft \u00fd t\u01b0\u1edfng n\u00e0y \u0111\u1ebfn kh\u00e1m ph\u00e1 kh\u00e1c c\u1ee7a Eva Wingdale \u2013 b\u00e9 c\u00fa nh\u00e2n v\u1eadt ch\u00ednh r\u1ea5t d\u1ec5 th\u01b0\u01a1ng l\u1ea1i c\u00f2n n\u0103ng n\u1ed5 c\u1ee7a ch\u00fang ta. Xuy\u00ean su\u1ed1t s\u00e1u t\u1eadp truy\u1ec7n, Eva kh\u00f4ng l\u00fac n\u00e0o ng\u01a1i ngh\u1ec9, m\u00e0 lu\u00f4n b\u1eadn b\u1ecbu v\u1edbi \u0111\u1ee7 m\u1ecdi \u00fd t\u01b0\u1edfng hay ho. Nh\u01b0ng c\u1ea3 nh\u1eefng c\u00e2u chuy\u1ec7n \u1ea5y \u0111\u00e2u ch\u1ec9 \u0111\u1ec3 vui m\u00e0 th\u00f4i, m\u00e0 qua \u0111\u00f3, c\u00e1c b\u1ea1n nh\u1ecf s\u1ebd \u0111\u01b0\u1ee3c trau d\u1ed3i v\u1ec1 ki\u1ebfn th\u1ee9c s\u1ed1ng, v\u1ec1 nh\u1eefng k\u1ef9 n\u0103ng m\u1ec1m v\u00f4 c\u00f9ng quan tr\u1ecdng v\u00e0 c\u1ea7n thi\u1ebft.<br \/>\nC\u1ea3 b\u1ed9 s\u00e1ch g\u1ed3m 6 t\u1eadp:<br \/>\nT\u1eadp 1: L\u1ec5 h\u1ed9i m\u00f9a xu\u00e2n c\u1ee7a Eva<br \/>\nT\u1eadp 2: Eva kh\u00e1m ph\u00e1 \u0111i\u1ec1u b\u00ed m\u1eadt<br \/>\nT\u1eadp 3: \u0110\u00e1m c\u01b0\u1edbi tr\u00ean v\u00f9ng \u0111\u1ea5t xanh m\u00e1t<br \/>\nT\u1eadp 4: Eva v\u00e0 ng\u01b0\u1eddi b\u1ea1n m\u1edbi<br \/>\nT\u1eadp 5: Ng\u00e0y h\u1ed9i Nh\u1eefng tr\u00e1i tim \u1ea5m \u00e1p<br \/>\nT\u1eadp 6: Baxter m\u1ea5t t\u00edch<\/p>\n","protected":false},"featured_media":2154,"template":"","meta":{"_acf_changed":false},"product_brand":[],"product_cat":[17,25,26],"product_tag":[81],"class_list":{"0":"post-2161","1":"product","2":"type-product","3":"status-publish","4":"has-post-thumbnail","6":"product_cat-sach-danh-cho-cac-be","7":"product_cat-nhi-dong-6-tuoi-12-tuoi","8":"product_cat-thieu-nien-11-tuoi-18-tuoi","9":"product_tag-sach-gia-uu-dai","11":"first","12":"outofstock","13":"sale","14":"taxable","15":"shipping-taxable","16":"purchasable","17":"product-type-woosb"},"supplier_id":null,"supplier_sku":"","barcode":null,"atum_controlled":true,"out_stock_date":"2021-03-01 23:32:52","out_stock_threshold":null,"inheritable":false,"inbound_stock":0,"stock_on_hold":0,"sold_today":0,"sales_last_days":0,"reserved_stock":0,"customer_returns":0,"warehouse_damage":0,"lost_in_post":0,"other_logs":0,"out_stock_days":1793,"lost_sales":0,"has_location":false,"update_date":"2026-01-28T23:10:30","atum_locations":[],"atum_stock_status":"instock","restock_status":false,"low_stock_amount":"","sales_update_date":"2026-01-28T23:10:30","calc_backorders":null,"acf":{"publisher":{"ID":1458,"post_author":"1","post_date":"2021-02-17 01:12:22","post_date_gmt":"2021-02-16 23:12:22","post_content":"<!-- wp:flatsome\/uxbuilder -->\n<h1 style=\"text-align: center\"><strong>Crabit Kidbooks<\/strong><\/h1>\n[row]\n\n[col span=\"8\" span__sm=\"12\"]\n\n<p>Crabit Kidbooks l\u00e0 nh\u00e0 ph\u00e1t h\u00e0nh s\u00e1ch thi\u1ebfu nhi thu\u1ed9c C\u00f4ng ty CPTM &amp; XNK Ng\u1ecdc \u00c1nh \u2013 \u0111\u01a1n v\u1ecb h\u01a1n 20 n\u0103m kinh nghi\u1ec7m trong ng\u00e0nh in \u1ea5n v\u00e0 l\u00e0 \u0111\u1ed1i t\u00e1c uy t\u00edn cung c\u1ea5p h\u1ecdc li\u1ec7u, s\u00e1ch v\u1edf h\u1ecdc sinh cho h\u01a1n 5000 kh\u00e1ch h\u00e0ng kh\u1eafp 28 t\u1ec9nh th\u00e0nh ph\u00eda B\u1eafc Vi\u1ec7t Nam H\u1ec7 th\u1ed1ng s\u1ea3n ph\u1ea9m Crabit Kidbooks<\/p>\n<p>Theo s\u1ef1 t\u00ecm hi\u1ec3u c\u1ee7a <strong>SACHVIET.EU<\/strong><strong>\u00a0<\/strong>tuy Crabit Kidbooks l\u00e0 m\u1ed9t nh\u00e0 ph\u00e1t h\u00e0nh tr\u1ebb t\u1ea1i Vi\u1ec7t Nam nh\u01b0ng l\u1ea1i mang \u0111\u1ebfn s\u1ef1 ch\u1ec9n chu qua t\u1eebng trang s\u00e1ch, t\u1eeb ch\u1ea5t li\u1ec7u gi\u1ea5y cao c\u1ea5p, b\u00eca c\u1ee9ng gi\u1eef g\u00ecn s\u00e1ch \u0111\u01b0\u1ee3c b\u1ec1n l\u00e2u \u0111\u1ebfn l\u1eddi v\u0103n c\u00e2u ch\u1eef \u0111\u01b0\u1ee3c ch\u1ecdn l\u1ecdc ch\u1ec9nh s\u1eeda sao cho ti\u1ebfp c\u1eadn th\u00e2n thi\u1ec7n nh\u1ea5t v\u1edbi tr\u1ebb em. <strong>SACHVIET.EU<\/strong> th\u1ef1c s\u1ef1 \u1ea5n t\u01b0\u1ee3ng b\u1edfi t\u1ea7m nh\u00ecn v\u00e0 s\u1ef1 c\u1ed1 g\u1eafng ho\u00e0n thi\u1ec7n nh\u1eefng t\u00e1c ph\u1ea9m c\u00f3 gi\u00e1 tr\u1ecb tuy\u1ec7t v\u1eddi m\u00e0 Crabit Kidbooks mang l\u1ea1i. \u0110\u00e2y c\u0169ng l\u00e0 nh\u00e0 ph\u00e1t h\u00e0nh duy nh\u1ea5t t\u1edbi th\u1eddi \u0111i\u1ec3m n\u00e0y m\u00e0 <strong>SACHVIET.EU<\/strong> quy\u1ebft t\u00e2m h\u1ee3p t\u00e1c mang h\u1ebft t\u1ea5t c\u1ea3 c\u00e1c \u0111\u1ea7u s\u00e1ch m\u00e0 Crabit Kidbooks c\u00f3 \u0111\u1ec3 \u0111em \u0111\u1ebfn Ch\u00e2u \u00c2u ph\u1ee5c v\u1ee5 m\u1ecdi ng\u01b0\u1eddi. \u0110\u00e2y th\u1ef1c s\u1ef1 l\u00e0 m\u1ed9t s\u1ef1 li\u1ec1u l\u0129nh c\u1ee7a <strong>SACHVIET.EU<\/strong>, tuy nhi\u00ean ch\u00fang m\u00ecnh tin t\u01b0\u1edfng v\u00e0 t\u1ef1 tin r\u1eb1ng t\u1eebng cu\u1ed1n s\u00e1ch m\u00e0 ch\u00fang m\u00ecnh gi\u1edbi thi\u1ec7u x\u1ee9ng \u0111\u00e1ng v\u1edbi nh\u1eefng g\u00ec ch\u00fang m\u00ecnh theo \u0111u\u1ed5i.<\/p>\n\n[\/col]\n[col span=\"4\" span__sm=\"12\"]\n\n[ux_image id=\"1701\" image_size=\"medium\"]\n\n\n[\/col]\n\n[\/row]\n\n<!-- \/wp:flatsome\/uxbuilder -->","post_title":"Crabit Kidbooks","post_excerpt":"","post_status":"publish","comment_status":"closed","ping_status":"closed","post_password":"","post_name":"crabit-kidbooks","to_ping":"","pinged":"","post_modified":"2022-12-19 23:12:10","post_modified_gmt":"2022-12-19 21:12:10","post_content_filtered":"","post_parent":0,"guid":"https:\/\/sachviet.eu\/nha-phat-hanh\/crabitkidbooks\/","menu_order":0,"post_type":"publisher","post_mime_type":"","comment_count":"0","filter":"raw"}},"_links":{"self":[{"href":"https:\/\/sachviet.eu\/en\/wp-json\/wp\/v2\/product\/2161","targetHints":{"allow":["GET"]}}],"collection":[{"href":"https:\/\/sachviet.eu\/en\/wp-json\/wp\/v2\/product"}],"about":[{"href":"https:\/\/sachviet.eu\/en\/wp-json\/wp\/v2\/types\/product"}],"wp:featuredmedia":[{"embeddable":true,"href":"https:\/\/sachviet.eu\/en\/wp-json\/wp\/v2\/media\/2154"}],"wp:attachment":[{"href":"https:\/\/sachviet.eu\/en\/wp-json\/wp\/v2\/media?parent=2161"}],"wp:term":[{"taxonomy":"product_brand","embeddable":true,"href":"https:\/\/sachviet.eu\/en\/wp-json\/wp\/v2\/product_brand?post=2161"},{"taxonomy":"product_cat","embeddable":true,"href":"https:\/\/sachviet.eu\/en\/wp-json\/wp\/v2\/product_cat?post=2161"},{"taxonomy":"product_tag","embeddable":true,"href":"https:\/\/sachviet.eu\/en\/wp-json\/wp\/v2\/product_tag?post=2161"}],"curies":[{"name":"wp","href":"https:\/\/api.w.org\/{rel}","templated":true}]}}