{"id":2148,"date":"2021-02-25T19:23:46","date_gmt":"2021-02-25T17:23:46","guid":{"rendered":"https:\/\/sachviet.eu\/shop\/nhat-ky-cua-cu-nho-tap-6-baxter-mat-tich\/"},"modified":"2022-10-17T10:23:44","modified_gmt":"2022-10-17T07:23:44","slug":"nhat-ky-cua-cu-nho-tap-6-baxter-mat-tich","status":"publish","type":"product","link":"https:\/\/sachviet.eu\/en\/shop\/nhat-ky-cua-cu-nho-tap-6-baxter-mat-tich\/","title":{"rendered":"Nh\u1eadt K\u00fd C\u1ee7a C\u00fa Nh\u1ecf &#8211; T\u1eadp 6 &#8211; Baxter M\u1ea5t T\u00edch"},"content":{"rendered":"<p>L\u1ea1i l\u00e0 m\u1ed9t tu\u1ea7n m\u1edbi \u0111\u1ea7y n\u0103ng l\u01b0\u1ee3ng v\u1edbi Eva Wingdale \u2013 ch\u1ee7 nh\u00e2n c\u1ee7a cu\u1ed1n Nh\u1eadt k\u00fd C\u00fa nh\u1ecf si\u00eau th\u00fa v\u1ecb. B\u1eaft \u0111\u1ea7u b\u1eb1ng vi\u1ec7c c\u00f4 gi\u00e1o Featherbottom th\u00f4ng b\u00e1o v\u1ec1 m\u1ed9t cu\u1ed9c thi k\u1ec3 chuy\u1ec7n, v\u1edbi m\u1ed9t v\u1ecb kh\u00e1ch m\u1eddi c\u1ef1c k\u1ef3 c\u1ef1c k\u1ef3 \u0111\u1eb7c bi\u1ec7t, t\u00e1c gi\u1ea3 c\u1ee7a b\u1ed9 s\u00e1ch Ninja C\u00fa v\u00f4 c\u00f9ng ng\u1ea7u, Rebecca Owliott (n\u1ebfu b\u1ea1n nh\u1ecf th\u1ea5y c\u00e1i t\u00ean n\u00e0y sao quen th\u1ebf, th\u00ec \u0111\u00fang r\u1ed3i, \u0111\u00f3 ch\u00ednh l\u00e0 t\u00e1c gi\u1ea3 c\u1ee7a b\u1ed9 truy\u1ec7n ch\u00fang ta \u0111ang \u0111\u1ecdc \u0111\u1ea5y!) V\u00e0 th\u1ebf l\u00e0 c\u00e2u l\u1ea1c b\u1ed9 k\u1ec3 chuy\u1ec7n l\u1eadp t\u1ee9c \u0111\u01b0\u1ee3c ra \u0111\u1eddi, v\u1edbi m\u1ee5c ti\u00eau l\u00e0 th\u1ef1c hi\u1ec7n nh\u1eefng ho\u1ea1t \u0111\u1ed9ng s\u00e1ng t\u1ea1o \u0111\u1ec3 k\u00edch th\u00edch tr\u00ed t\u01b0\u1edfng t\u01b0\u1ee3ng. B\u1ea1n Eva \u0111\u00e3 cho ch\u00fang ta m\u1ed9t ph\u01b0\u01a1ng ph\u00e1p h\u1eefu \u00edch khi b\u1ecb \u201cb\u00ed\u201d \u00fd t\u01b0\u1edfng, \u0111\u00f3 l\u00e0 t\u00ecm ngu\u1ed3n c\u1ea3m h\u1ee9ng \u1edf nh\u1eefng ho\u1ea1t \u0111\u1ed9ng ngh\u1ec7 thu\u1eadt kh\u00e1c, nh\u01b0 l\u00e0 v\u1ebd v\u1eddi ch\u1eb3ng h\u1ea1n, \u0111\u00f3ng k\u1ecbch, hay l\u00e0 m\u1ed9t cu\u1ed9c \u0111\u1ea1i chi\u1ebfn s\u1eafc m\u00e0u!<br \/>\nS\u00e1ng t\u00e1c v\u00e0 minh h\u1ecda: Rebecca Elliott<br \/>\nBi\u00ean d\u1ecbch: Th\u00f9y D\u01b0\u01a1ng<\/p>\n","protected":false},"excerpt":{"rendered":"<p>L\u1ea1i l\u00e0 m\u1ed9t tu\u1ea7n m\u1edbi \u0111\u1ea7y n\u0103ng l\u01b0\u1ee3ng v\u1edbi Eva Wingdale \u2013 ch\u1ee7 nh\u00e2n c\u1ee7a cu\u1ed1n Nh\u1eadt k\u00fd C\u00fa nh\u1ecf si\u00eau th\u00fa v\u1ecb. B\u1eaft \u0111\u1ea7u b\u1eb1ng vi\u1ec7c c\u00f4 gi\u00e1o Featherbottom th\u00f4ng b\u00e1o v\u1ec1 m\u1ed9t cu\u1ed9c thi k\u1ec3 chuy\u1ec7n, v\u1edbi m\u1ed9t v\u1ecb kh\u00e1ch m\u1eddi c\u1ef1c k\u1ef3 c\u1ef1c k\u1ef3 \u0111\u1eb7c bi\u1ec7t, t\u00e1c gi\u1ea3 c\u1ee7a b\u1ed9 s\u00e1ch Ninja C\u00fa v\u00f4 c\u00f9ng ng\u1ea7u, Rebecca Owliott (n\u1ebfu b\u1ea1n nh\u1ecf th\u1ea5y c\u00e1i t\u00ean n\u00e0y sao quen th\u1ebf, th\u00ec \u0111\u00fang r\u1ed3i, \u0111\u00f3 ch\u00ednh l\u00e0 t\u00e1c gi\u1ea3 c\u1ee7a b\u1ed9 truy\u1ec7n ch\u00fang ta \u0111ang \u0111\u1ecdc \u0111\u1ea5y!) V\u00e0 th\u1ebf l\u00e0 c\u00e2u l\u1ea1c b\u1ed9 k\u1ec3 chuy\u1ec7n l\u1eadp t\u1ee9c \u0111\u01b0\u1ee3c ra \u0111\u1eddi, v\u1edbi m\u1ee5c ti\u00eau l\u00e0 th\u1ef1c hi\u1ec7n nh\u1eefng ho\u1ea1t \u0111\u1ed9ng s\u00e1ng t\u1ea1o \u0111\u1ec3 k\u00edch th\u00edch tr\u00ed t\u01b0\u1edfng t\u01b0\u1ee3ng. B\u1ea1n Eva \u0111\u00e3 cho ch\u00fang ta m\u1ed9t ph\u01b0\u01a1ng ph\u00e1p h\u1eefu \u00edch khi b\u1ecb \u201cb\u00ed\u201d \u00fd t\u01b0\u1edfng, \u0111\u00f3 l\u00e0 t\u00ecm ngu\u1ed3n c\u1ea3m h\u1ee9ng \u1edf nh\u1eefng ho\u1ea1t \u0111\u1ed9ng ngh\u1ec7 thu\u1eadt kh\u00e1c, nh\u01b0 l\u00e0 v\u1ebd v\u1eddi ch\u1eb3ng h\u1ea1n, \u0111\u00f3ng k\u1ecbch, hay l\u00e0 m\u1ed9t cu\u1ed9c \u0111\u1ea1i chi\u1ebfn s\u1eafc m\u00e0u!<\/p>\n","protected":false},"featured_media":2147,"template":"","meta":{"_acf_changed":false},"product_brand":[],"product_cat":[25,17],"product_tag":[],"class_list":{"0":"post-2148","1":"product","2":"type-product","3":"status-publish","4":"has-post-thumbnail","6":"product_cat-nhi-dong-6-tuoi-12-tuoi","7":"product_cat-sach-danh-cho-cac-be","9":"first","10":"instock","11":"taxable","12":"shipping-taxable","13":"purchasable","14":"product-type-simple"},"supplier_id":null,"supplier_sku":"","barcode":null,"atum_controlled":true,"out_stock_date":null,"out_stock_threshold":null,"inheritable":false,"inbound_stock":0,"stock_on_hold":0,"sold_today":0,"sales_last_days":0,"reserved_stock":0,"customer_returns":0,"warehouse_damage":0,"lost_in_post":0,"other_logs":0,"out_stock_days":0,"lost_sales":0,"has_location":false,"update_date":"2026-01-28T23:10:30","atum_locations":[],"atum_stock_status":"instock","restock_status":false,"low_stock_amount":"","sales_update_date":"2026-01-28T23:10:30","calc_backorders":null,"acf":{"publisher":{"ID":1458,"post_author":"1","post_date":"2021-02-17 01:12:22","post_date_gmt":"2021-02-16 23:12:22","post_content":"<!-- wp:flatsome\/uxbuilder -->\n<h1 style=\"text-align: center\"><strong>Crabit Kidbooks<\/strong><\/h1>\n[row]\n\n[col span=\"8\" span__sm=\"12\"]\n\n<p>Crabit Kidbooks l\u00e0 nh\u00e0 ph\u00e1t h\u00e0nh s\u00e1ch thi\u1ebfu nhi thu\u1ed9c C\u00f4ng ty CPTM &amp; XNK Ng\u1ecdc \u00c1nh \u2013 \u0111\u01a1n v\u1ecb h\u01a1n 20 n\u0103m kinh nghi\u1ec7m trong ng\u00e0nh in \u1ea5n v\u00e0 l\u00e0 \u0111\u1ed1i t\u00e1c uy t\u00edn cung c\u1ea5p h\u1ecdc li\u1ec7u, s\u00e1ch v\u1edf h\u1ecdc sinh cho h\u01a1n 5000 kh\u00e1ch h\u00e0ng kh\u1eafp 28 t\u1ec9nh th\u00e0nh ph\u00eda B\u1eafc Vi\u1ec7t Nam H\u1ec7 th\u1ed1ng s\u1ea3n ph\u1ea9m Crabit Kidbooks<\/p>\n<p>Theo s\u1ef1 t\u00ecm hi\u1ec3u c\u1ee7a <strong>SACHVIET.EU<\/strong><strong>\u00a0<\/strong>tuy Crabit Kidbooks l\u00e0 m\u1ed9t nh\u00e0 ph\u00e1t h\u00e0nh tr\u1ebb t\u1ea1i Vi\u1ec7t Nam nh\u01b0ng l\u1ea1i mang \u0111\u1ebfn s\u1ef1 ch\u1ec9n chu qua t\u1eebng trang s\u00e1ch, t\u1eeb ch\u1ea5t li\u1ec7u gi\u1ea5y cao c\u1ea5p, b\u00eca c\u1ee9ng gi\u1eef g\u00ecn s\u00e1ch \u0111\u01b0\u1ee3c b\u1ec1n l\u00e2u \u0111\u1ebfn l\u1eddi v\u0103n c\u00e2u ch\u1eef \u0111\u01b0\u1ee3c ch\u1ecdn l\u1ecdc ch\u1ec9nh s\u1eeda sao cho ti\u1ebfp c\u1eadn th\u00e2n thi\u1ec7n nh\u1ea5t v\u1edbi tr\u1ebb em. <strong>SACHVIET.EU<\/strong> th\u1ef1c s\u1ef1 \u1ea5n t\u01b0\u1ee3ng b\u1edfi t\u1ea7m nh\u00ecn v\u00e0 s\u1ef1 c\u1ed1 g\u1eafng ho\u00e0n thi\u1ec7n nh\u1eefng t\u00e1c ph\u1ea9m c\u00f3 gi\u00e1 tr\u1ecb tuy\u1ec7t v\u1eddi m\u00e0 Crabit Kidbooks mang l\u1ea1i. \u0110\u00e2y c\u0169ng l\u00e0 nh\u00e0 ph\u00e1t h\u00e0nh duy nh\u1ea5t t\u1edbi th\u1eddi \u0111i\u1ec3m n\u00e0y m\u00e0 <strong>SACHVIET.EU<\/strong> quy\u1ebft t\u00e2m h\u1ee3p t\u00e1c mang h\u1ebft t\u1ea5t c\u1ea3 c\u00e1c \u0111\u1ea7u s\u00e1ch m\u00e0 Crabit Kidbooks c\u00f3 \u0111\u1ec3 \u0111em \u0111\u1ebfn Ch\u00e2u \u00c2u ph\u1ee5c v\u1ee5 m\u1ecdi ng\u01b0\u1eddi. \u0110\u00e2y th\u1ef1c s\u1ef1 l\u00e0 m\u1ed9t s\u1ef1 li\u1ec1u l\u0129nh c\u1ee7a <strong>SACHVIET.EU<\/strong>, tuy nhi\u00ean ch\u00fang m\u00ecnh tin t\u01b0\u1edfng v\u00e0 t\u1ef1 tin r\u1eb1ng t\u1eebng cu\u1ed1n s\u00e1ch m\u00e0 ch\u00fang m\u00ecnh gi\u1edbi thi\u1ec7u x\u1ee9ng \u0111\u00e1ng v\u1edbi nh\u1eefng g\u00ec ch\u00fang m\u00ecnh theo \u0111u\u1ed5i.<\/p>\n\n[\/col]\n[col span=\"4\" span__sm=\"12\"]\n\n[ux_image id=\"1701\" image_size=\"medium\"]\n\n\n[\/col]\n\n[\/row]\n\n<!-- \/wp:flatsome\/uxbuilder -->","post_title":"Crabit Kidbooks","post_excerpt":"","post_status":"publish","comment_status":"closed","ping_status":"closed","post_password":"","post_name":"crabit-kidbooks","to_ping":"","pinged":"","post_modified":"2022-12-19 23:12:10","post_modified_gmt":"2022-12-19 21:12:10","post_content_filtered":"","post_parent":0,"guid":"https:\/\/sachviet.eu\/nha-phat-hanh\/crabitkidbooks\/","menu_order":0,"post_type":"publisher","post_mime_type":"","comment_count":"0","filter":"raw"}},"_links":{"self":[{"href":"https:\/\/sachviet.eu\/en\/wp-json\/wp\/v2\/product\/2148","targetHints":{"allow":["GET"]}}],"collection":[{"href":"https:\/\/sachviet.eu\/en\/wp-json\/wp\/v2\/product"}],"about":[{"href":"https:\/\/sachviet.eu\/en\/wp-json\/wp\/v2\/types\/product"}],"wp:featuredmedia":[{"embeddable":true,"href":"https:\/\/sachviet.eu\/en\/wp-json\/wp\/v2\/media\/2147"}],"wp:attachment":[{"href":"https:\/\/sachviet.eu\/en\/wp-json\/wp\/v2\/media?parent=2148"}],"wp:term":[{"taxonomy":"product_brand","embeddable":true,"href":"https:\/\/sachviet.eu\/en\/wp-json\/wp\/v2\/product_brand?post=2148"},{"taxonomy":"product_cat","embeddable":true,"href":"https:\/\/sachviet.eu\/en\/wp-json\/wp\/v2\/product_cat?post=2148"},{"taxonomy":"product_tag","embeddable":true,"href":"https:\/\/sachviet.eu\/en\/wp-json\/wp\/v2\/product_tag?post=2148"}],"curies":[{"name":"wp","href":"https:\/\/api.w.org\/{rel}","templated":true}]}}