{"id":2142,"date":"2021-02-25T19:23:18","date_gmt":"2021-02-25T17:23:18","guid":{"rendered":"https:\/\/sachviet.eu\/shop\/nhat-ky-cua-cu-nho-tap-2-eva-kham-pha-dieu-bi-mat\/"},"modified":"2022-10-17T10:23:44","modified_gmt":"2022-10-17T07:23:44","slug":"nhat-ky-cua-cu-nho-tap-2-eva-kham-pha-dieu-bi-mat","status":"publish","type":"product","link":"https:\/\/sachviet.eu\/en\/shop\/nhat-ky-cua-cu-nho-tap-2-eva-kham-pha-dieu-bi-mat\/","title":{"rendered":"Nh\u1eadt K\u00fd C\u1ee7a C\u00fa Nh\u1ecf &#8211; T\u1eadp 2 &#8211; Eva Kh\u00e1m Ph\u00e1 \u0110i\u1ec1u B\u00ed M\u1eadt"},"content":{"rendered":"<p>Tr\u00ean \u0111\u01b0\u1eddng \u0111i h\u1ecdc v\u1ec1, Eva Wingdale tin ch\u1eafc r\u1eb1ng m\u00ecnh \u0111\u00e3 nh\u00ecn th\u1ea5y m\u1ed9t b\u00f3ng ma! Nh\u01b0ng \u0111\u00f3 nghe ch\u1eebng l\u00e0 m\u1ed9t chuy\u1ec7n qu\u00e1 \u0111\u1ed7i kh\u00f3 tin, v\u00ec v\u1eady t\u1ea5t c\u1ea3 m\u1ecdi ng\u01b0\u1eddi \u0111\u1ec1u cho r\u1eb1ng Eva \u0111\u00e3 qu\u00e1 s\u1ee3 h\u00e3i m\u00e0 nh\u00ecn l\u1ea7m th\u00f4i. Chuy\u1ec7n g\u00ec s\u1ebd x\u1ea3y ra khi c\u1ea3 l\u1edbp \u0111\u1ec1u t\u1eadn m\u1eaft tr\u00f4ng th\u1ea5y hai b\u00f3ng tr\u1eafng \u0111\u1ea7y gh\u00ea r\u1ee3n bay v\u00fat qua c\u1eeda s\u1ed5? C\u00f3 th\u1eadt \u0111\u00f3 l\u00e0 ma kh\u00f4ng, hay s\u1ef1 th\u1ef1c l\u1ea1i l\u00e0 m\u1ed9t th\u1ee9 r\u1ea5t kh\u00e1c, v\u00f4 c\u00f9ng kh\u00e1c, v\u01b0\u1ee3t xa t\u01b0\u1edfng t\u01b0\u1ee3ng c\u1ee7a t\u1ea5t c\u1ea3 m\u1ecdi ng\u01b0\u1eddi\u2026<br \/>\n\u0110\u1ecdc xong cu\u1ed1n s\u00e1ch n\u00e0y, c\u00e1c b\u1ea1n nh\u1ecf s\u1ebd nh\u1eadn ra r\u1eb1ng \u201cNh\u1eefng th\u1ee9 c\u00f3 v\u1ebb \u0111\u00e1ng s\u1ee3 \u0111\u00f4i khi l\u1ea1i ch\u1eb3ng ph\u1ea3i nh\u01b0 nh\u1eefng g\u00ec ta ngh\u0129 \u0111\u00e2u.\u201d N\u1ebfu c\u00f3 th\u1ec3 suy x\u00e9t m\u1ed9t ch\u00fat v\u1ec1 m\u1ecdi vi\u1ec7c, v\u00e0 th\u1eadm ch\u00ed l\u00e0 d\u00e1m d\u0169ng c\u1ea3m d\u1ea5n th\u00e2n, kh\u1ea3 n\u0103ng c\u1ef1c l\u1edbn l\u00e0 m\u00ecnh s\u1ebd t\u00ecm ra \u0111\u01b0\u1ee3c v\u00f4 kh\u1ed1i \u0111i\u1ec1u th\u00fa v\u1ecb s\u1ed1 dz\u00e1ch!<br \/>\nS\u00e1ng t\u00e1c v\u00e0 minh h\u1ecda: Rebecca Elliott<br \/>\nBi\u00ean d\u1ecbch: Th\u00f9y D\u01b0\u01a1ng<\/p>\n","protected":false},"excerpt":{"rendered":"<p>Tr\u00ean \u0111\u01b0\u1eddng \u0111i h\u1ecdc v\u1ec1, Eva Wingdale tin ch\u1eafc r\u1eb1ng m\u00ecnh \u0111\u00e3 nh\u00ecn th\u1ea5y m\u1ed9t b\u00f3ng ma! Nh\u01b0ng \u0111\u00f3 nghe ch\u1eebng l\u00e0 m\u1ed9t chuy\u1ec7n qu\u00e1 \u0111\u1ed7i kh\u00f3 tin, v\u00ec v\u1eady t\u1ea5t c\u1ea3 m\u1ecdi ng\u01b0\u1eddi \u0111\u1ec1u cho r\u1eb1ng Eva \u0111\u00e3 qu\u00e1 s\u1ee3 h\u00e3i m\u00e0 nh\u00ecn l\u1ea7m th\u00f4i. Chuy\u1ec7n g\u00ec s\u1ebd x\u1ea3y ra khi c\u1ea3 l\u1edbp \u0111\u1ec1u t\u1eadn m\u1eaft tr\u00f4ng th\u1ea5y hai b\u00f3ng tr\u1eafng \u0111\u1ea7y gh\u00ea r\u1ee3n bay v\u00fat qua c\u1eeda s\u1ed5? C\u00f3 th\u1eadt \u0111\u00f3 l\u00e0 ma kh\u00f4ng, hay s\u1ef1 th\u1ef1c l\u1ea1i l\u00e0 m\u1ed9t th\u1ee9 r\u1ea5t kh\u00e1c, v\u00f4 c\u00f9ng kh\u00e1c, v\u01b0\u1ee3t xa t\u01b0\u1edfng t\u01b0\u1ee3ng c\u1ee7a t\u1ea5t c\u1ea3 m\u1ecdi ng\u01b0\u1eddi\u2026<br \/>\n\u0110\u1ecdc xong cu\u1ed1n s\u00e1ch n\u00e0y, c\u00e1c b\u1ea1n nh\u1ecf s\u1ebd nh\u1eadn ra r\u1eb1ng \u201cNh\u1eefng th\u1ee9 c\u00f3 v\u1ebb \u0111\u00e1ng s\u1ee3 \u0111\u00f4i khi l\u1ea1i ch\u1eb3ng ph\u1ea3i nh\u01b0 nh\u1eefng g\u00ec ta ngh\u0129 \u0111\u00e2u.\u201d N\u1ebfu c\u00f3 th\u1ec3 suy x\u00e9t m\u1ed9t ch\u00fat v\u1ec1 m\u1ecdi vi\u1ec7c, v\u00e0 th\u1eadm ch\u00ed l\u00e0 d\u00e1m d\u0169ng c\u1ea3m d\u1ea5n th\u00e2n, kh\u1ea3 n\u0103ng c\u1ef1c l\u1edbn l\u00e0 m\u00ecnh s\u1ebd t\u00ecm ra \u0111\u01b0\u1ee3c v\u00f4 kh\u1ed1i \u0111i\u1ec1u th\u00fa v\u1ecb s\u1ed1 dz\u00e1ch!<\/p>\n","protected":false},"featured_media":2141,"template":"","meta":{"_acf_changed":false},"product_brand":[],"product_cat":[25,17],"product_tag":[],"class_list":{"0":"post-2142","1":"product","2":"type-product","3":"status-publish","4":"has-post-thumbnail","6":"product_cat-nhi-dong-6-tuoi-12-tuoi","7":"product_cat-sach-danh-cho-cac-be","9":"first","10":"instock","11":"taxable","12":"shipping-taxable","13":"purchasable","14":"product-type-simple"},"supplier_id":null,"supplier_sku":"","barcode":null,"atum_controlled":true,"out_stock_date":null,"out_stock_threshold":null,"inheritable":false,"inbound_stock":0,"stock_on_hold":0,"sold_today":0,"sales_last_days":0,"reserved_stock":0,"customer_returns":0,"warehouse_damage":0,"lost_in_post":0,"other_logs":0,"out_stock_days":0,"lost_sales":0,"has_location":false,"update_date":"2026-01-28T23:10:30","atum_locations":[],"atum_stock_status":"instock","restock_status":false,"low_stock_amount":"","sales_update_date":"2026-01-28T23:10:30","calc_backorders":null,"acf":{"publisher":{"ID":1458,"post_author":"1","post_date":"2021-02-17 01:12:22","post_date_gmt":"2021-02-16 23:12:22","post_content":"<!-- wp:flatsome\/uxbuilder -->\n<h1 style=\"text-align: center\"><strong>Crabit Kidbooks<\/strong><\/h1>\n[row]\n\n[col span=\"8\" span__sm=\"12\"]\n\n<p>Crabit Kidbooks l\u00e0 nh\u00e0 ph\u00e1t h\u00e0nh s\u00e1ch thi\u1ebfu nhi thu\u1ed9c C\u00f4ng ty CPTM &amp; XNK Ng\u1ecdc \u00c1nh \u2013 \u0111\u01a1n v\u1ecb h\u01a1n 20 n\u0103m kinh nghi\u1ec7m trong ng\u00e0nh in \u1ea5n v\u00e0 l\u00e0 \u0111\u1ed1i t\u00e1c uy t\u00edn cung c\u1ea5p h\u1ecdc li\u1ec7u, s\u00e1ch v\u1edf h\u1ecdc sinh cho h\u01a1n 5000 kh\u00e1ch h\u00e0ng kh\u1eafp 28 t\u1ec9nh th\u00e0nh ph\u00eda B\u1eafc Vi\u1ec7t Nam H\u1ec7 th\u1ed1ng s\u1ea3n ph\u1ea9m Crabit Kidbooks<\/p>\n<p>Theo s\u1ef1 t\u00ecm hi\u1ec3u c\u1ee7a <strong>SACHVIET.EU<\/strong><strong>\u00a0<\/strong>tuy Crabit Kidbooks l\u00e0 m\u1ed9t nh\u00e0 ph\u00e1t h\u00e0nh tr\u1ebb t\u1ea1i Vi\u1ec7t Nam nh\u01b0ng l\u1ea1i mang \u0111\u1ebfn s\u1ef1 ch\u1ec9n chu qua t\u1eebng trang s\u00e1ch, t\u1eeb ch\u1ea5t li\u1ec7u gi\u1ea5y cao c\u1ea5p, b\u00eca c\u1ee9ng gi\u1eef g\u00ecn s\u00e1ch \u0111\u01b0\u1ee3c b\u1ec1n l\u00e2u \u0111\u1ebfn l\u1eddi v\u0103n c\u00e2u ch\u1eef \u0111\u01b0\u1ee3c ch\u1ecdn l\u1ecdc ch\u1ec9nh s\u1eeda sao cho ti\u1ebfp c\u1eadn th\u00e2n thi\u1ec7n nh\u1ea5t v\u1edbi tr\u1ebb em. <strong>SACHVIET.EU<\/strong> th\u1ef1c s\u1ef1 \u1ea5n t\u01b0\u1ee3ng b\u1edfi t\u1ea7m nh\u00ecn v\u00e0 s\u1ef1 c\u1ed1 g\u1eafng ho\u00e0n thi\u1ec7n nh\u1eefng t\u00e1c ph\u1ea9m c\u00f3 gi\u00e1 tr\u1ecb tuy\u1ec7t v\u1eddi m\u00e0 Crabit Kidbooks mang l\u1ea1i. \u0110\u00e2y c\u0169ng l\u00e0 nh\u00e0 ph\u00e1t h\u00e0nh duy nh\u1ea5t t\u1edbi th\u1eddi \u0111i\u1ec3m n\u00e0y m\u00e0 <strong>SACHVIET.EU<\/strong> quy\u1ebft t\u00e2m h\u1ee3p t\u00e1c mang h\u1ebft t\u1ea5t c\u1ea3 c\u00e1c \u0111\u1ea7u s\u00e1ch m\u00e0 Crabit Kidbooks c\u00f3 \u0111\u1ec3 \u0111em \u0111\u1ebfn Ch\u00e2u \u00c2u ph\u1ee5c v\u1ee5 m\u1ecdi ng\u01b0\u1eddi. \u0110\u00e2y th\u1ef1c s\u1ef1 l\u00e0 m\u1ed9t s\u1ef1 li\u1ec1u l\u0129nh c\u1ee7a <strong>SACHVIET.EU<\/strong>, tuy nhi\u00ean ch\u00fang m\u00ecnh tin t\u01b0\u1edfng v\u00e0 t\u1ef1 tin r\u1eb1ng t\u1eebng cu\u1ed1n s\u00e1ch m\u00e0 ch\u00fang m\u00ecnh gi\u1edbi thi\u1ec7u x\u1ee9ng \u0111\u00e1ng v\u1edbi nh\u1eefng g\u00ec ch\u00fang m\u00ecnh theo \u0111u\u1ed5i.<\/p>\n\n[\/col]\n[col span=\"4\" span__sm=\"12\"]\n\n[ux_image id=\"1701\" image_size=\"medium\"]\n\n\n[\/col]\n\n[\/row]\n\n<!-- \/wp:flatsome\/uxbuilder -->","post_title":"Crabit Kidbooks","post_excerpt":"","post_status":"publish","comment_status":"closed","ping_status":"closed","post_password":"","post_name":"crabit-kidbooks","to_ping":"","pinged":"","post_modified":"2022-12-19 23:12:10","post_modified_gmt":"2022-12-19 21:12:10","post_content_filtered":"","post_parent":0,"guid":"https:\/\/sachviet.eu\/nha-phat-hanh\/crabitkidbooks\/","menu_order":0,"post_type":"publisher","post_mime_type":"","comment_count":"0","filter":"raw"}},"_links":{"self":[{"href":"https:\/\/sachviet.eu\/en\/wp-json\/wp\/v2\/product\/2142","targetHints":{"allow":["GET"]}}],"collection":[{"href":"https:\/\/sachviet.eu\/en\/wp-json\/wp\/v2\/product"}],"about":[{"href":"https:\/\/sachviet.eu\/en\/wp-json\/wp\/v2\/types\/product"}],"wp:featuredmedia":[{"embeddable":true,"href":"https:\/\/sachviet.eu\/en\/wp-json\/wp\/v2\/media\/2141"}],"wp:attachment":[{"href":"https:\/\/sachviet.eu\/en\/wp-json\/wp\/v2\/media?parent=2142"}],"wp:term":[{"taxonomy":"product_brand","embeddable":true,"href":"https:\/\/sachviet.eu\/en\/wp-json\/wp\/v2\/product_brand?post=2142"},{"taxonomy":"product_cat","embeddable":true,"href":"https:\/\/sachviet.eu\/en\/wp-json\/wp\/v2\/product_cat?post=2142"},{"taxonomy":"product_tag","embeddable":true,"href":"https:\/\/sachviet.eu\/en\/wp-json\/wp\/v2\/product_tag?post=2142"}],"curies":[{"name":"wp","href":"https:\/\/api.w.org\/{rel}","templated":true}]}}