{"id":21398,"date":"2022-11-12T15:17:36","date_gmt":"2022-11-12T13:17:36","guid":{"rendered":"https:\/\/sachviet.eu\/shop\/vi-than-cua-nhung-quyet-dinh-bia-den\/"},"modified":"2022-12-15T14:11:14","modified_gmt":"2022-12-15T12:11:14","slug":"vi-than-cua-nhung-quyet-dinh-bia-den","status":"publish","type":"product","link":"https:\/\/sachviet.eu\/en\/shop\/vi-than-cua-nhung-quyet-dinh-bia-den\/","title":{"rendered":"V\u1ecb Th\u1ea7n C\u1ee7a Nh\u1eefng Quy\u1ebft \u0110\u1ecbnh &#8211; B\u00eca \u0110en"},"content":{"rendered":"<p>Kh\u00f4ng c\u00f3 g\u00ec l\u00e0 ng\u1eabu nhi\u00ean.<\/p>\n<p>M\u1ecdi chuy\u1ec7n \u0111\u1ec1u l\u00e0 t\u1ea5t nhi\u00ean.<\/p>\n<p>M\u1ed9t cu\u1ed1n s\u00e1ch t\u00e2m linh gi\u00fap b\u1ea1n gi\u1ea3i quy\u1ebft nh\u1eefng v\u1ea5n \u0111\u1ec1 trong cu\u1ed9c s\u1ed1ng, c\u00f4ng vi\u1ec7c, t\u00ecnh c\u1ea3m\u2026 N\u1ebfu b\u1ea1n \u0111ang ph\u00e2n v\u00e2n tr\u01b0\u1edbc nh\u1eefng l\u1ef1a ch\u1ecdn, n\u1ebfu b\u1ea1n \u0111ang thi\u1ebfu quy\u1ebft \u0111o\u00e1n, n\u1ebfu b\u1ea1n kh\u00f4ng bi\u1ebft ti\u1ebfp theo n\u00ean l\u00e0m g\u00ec: h\u00e3y \u0111\u1eb7t m\u1ed9t c\u00e2u h\u1ecfi.<\/p>\n<p>V\u00e0 h\u00e3y \u0111\u1ec3 nh\u1eefng v\u1ecb th\u1ea7n quy\u1ebft \u0111\u1ecbnh thay b\u1ea1n.<\/p>\n<p>*Ng\u00f4n ng\u1eef: ti\u1ebfng Vi\u1ec7t &amp; ti\u1ebfng Anh<\/p>\n<p>*H\u01b0\u1edbng d\u1eabn s\u1eed d\u1ee5ng cu\u1ed1n s\u00e1ch:<\/p>\n<p>(1) \u0110\u1eb7t tay l\u00ean b\u00eca cu\u1ed1n s\u00e1ch.<\/p>\n<p>(2) Nh\u1eafm m\u1eaft, ho\u00e0n to\u00e0n t\u1eadp trung v\u00e0o \u0111i\u1ec1u b\u1ea1n mu\u1ed1n h\u1ecfi.<\/p>\n<p>(3) \u0110\u1eb7t m\u1ed9t c\u00e2u h\u1ecfi (n\u00f3i to ho\u1eb7c h\u00ecnh dung c\u00e2u h\u1ecfi trong \u0111\u1ea7u), tay vu\u1ed1t theo m\u00e9p c\u1ee7a c\u00e1c trang s\u00e1ch.<\/p>\n<p>(4) Khi tr\u1ef1c gi\u00e1c m\u00e1ch b\u1ea3o th\u1eddi \u0111i\u1ec3m th\u00edch h\u1ee3p, h\u00e3y m\u1edf s\u00e1ch ra v\u00e0 b\u1ea1n s\u1ebd c\u00f3 c\u00e2u tr\u1ea3 l\u1eddi.<\/p>\n<p>(5) L\u1eb7p l\u1ea1i quy tr\u00ecnh cho c\u00e1c c\u00e2u h\u1ecfi kh\u00e1c.<\/p>\n","protected":false},"excerpt":{"rendered":"<p>Kh\u00f4ng c\u00f3 g\u00ec l\u00e0 ng\u1eabu nhi\u00ean.<\/p>\n<p>M\u1ecdi chuy\u1ec7n \u0111\u1ec1u l\u00e0 t\u1ea5t nhi\u00ean.<\/p>\n","protected":false},"featured_media":21394,"template":"","meta":{"_acf_changed":false},"product_brand":[],"product_cat":[75,15],"product_tag":[],"class_list":{"0":"post-21398","1":"product","2":"type-product","3":"status-publish","4":"has-post-thumbnail","6":"product_cat-giai-tri-truyen-cuoi","7":"product_cat-sach-danh-cho-nguoi-lon","9":"first","10":"outofstock","11":"taxable","12":"shipping-taxable","13":"purchasable","14":"product-type-simple"},"supplier_id":null,"supplier_sku":"","barcode":null,"atum_controlled":true,"out_stock_date":"2022-12-15 12:11:14","out_stock_threshold":null,"inheritable":false,"inbound_stock":0,"stock_on_hold":0,"sold_today":0,"sales_last_days":0,"reserved_stock":0,"customer_returns":0,"warehouse_damage":0,"lost_in_post":0,"other_logs":0,"out_stock_days":1140,"lost_sales":0,"has_location":true,"update_date":"2026-01-28T23:11:07","atum_locations":[{"id":32,"name":"Helsinki","slug":"helsinki"}],"atum_stock_status":"outofstock","restock_status":false,"low_stock_amount":"","sales_update_date":"2026-01-28T23:11:07","calc_backorders":null,"acf":{"publisher":{"ID":1785,"post_author":"1","post_date":"2021-02-17 01:54:46","post_date_gmt":"2021-02-16 23:54:46","post_content":"<!-- wp:flatsome\/uxbuilder -->\n<h1 style=\"text-align: center;\"><strong>AZ VIETNAM<\/strong><\/h1>\n[row]\n\n[col span=\"8\" span__sm=\"12\"]\n\n<p>Th\u00e0nh l\u1eadp n\u0103m: 2015<br \/>V\u1ed1n \u0111\u1ea7u t\u01b0: 4,000,000,000 \u0111\u1ed3ng<br \/><strong>L\u0129nh v\u1ef1c:<\/strong><br \/>- Xu\u1ea5t b\u1ea3n v\u00e0 ph\u00e1t h\u00e0nh v\u0103n h\u00f3a ph\u1ea9m<br \/>- Cung c\u1ea5p v\u0103n h\u00f3a ph\u1ea9m, c\u00e1c s\u1ea3n ph\u1ea9m cho in \u1ea5n, trang thi\u1ebft b\u1ecb cho c\u00e1c th\u01b0 vi\u1ec7n v\u00e0 trung t\u00e2m s\u00e1ch tr\u00ean c\u1ea3 n\u01b0\u1edbc.<br \/>- Th\u1eddi trang v\u00e0 c\u00e1c s\u1ea3n ph\u1ea9m li\u00ean quan \u0111\u1ebfn l\u0129nh v\u1ef1c th\u1eddi trang<br \/>- Xu\u1ea5t nh\u1eadp kh\u1ea9u c\u00e1c s\u1ea3n ph\u1ea9m v\u0103n h\u00f3a<\/p>\n<p><strong>Quy m\u00f4:<\/strong> 60 nh\u00e2n vi\u00ean<br \/>Kh\u1edfi ngu\u1ed3n c\u1ee7a AZ Vi\u1ec7t Nam ng\u00e0y nay l\u00e0 C\u00f4ng ty TNHH Trung t\u00e2m S\u00e1ch v\u00e0 Thi\u1ebft b\u1ecb Th\u01b0 vi\u1ec7n, v\u1edbi ho\u1ea1t \u0111\u1ed9ng \u0111\u1ea7u ti\u00ean l\u00e0 cung c\u1ea5p s\u00e1ch, trang thi\u1ebft b\u1ecb, v\u0103n h\u00f3a ph\u1ea9m cho c\u00e1c th\u01b0 vi\u1ec7n v\u00e0 trung t\u00e2m s\u00e1ch tr\u00ean c\u1ea3 n\u01b0\u1edbc. T\u1eeb cu\u1ed1i n\u0103m 2010 \u0111\u1ebfn nay, ch\u00fang t\u00f4i \u0111\u00e3 kh\u00f4ng ng\u1eebng n\u1ed7 l\u1ef1c khai ph\u00e1 v\u00e0 ph\u00e1t tri\u1ec3n c\u00e1c d\u00f2ng s\u1ea3n ph\u1ea9m m\u1edbi v\u1edbi 8 th\u01b0\u01a1ng hi\u1ec7u uy t\u00edn. \u0110\u1ec3 \u0111\u00e1p \u1ee9ng nhu c\u1ea7u ph\u00e1t tri\u1ec3n ng\u00e0y m\u1ed9t l\u1edbn m\u1ea1nh v\u00e0 t\u1eadp h\u1ee3p c\u00e1c th\u01b0\u01a1ng hi\u1ec7u \u0111\u00e3 \u0111\u01b0\u1ee3c ch\u00fang t\u00f4i x\u00e2y d\u1ef1ng, 2015 C\u00f4ng ty TNHH AZ Vi\u1ec7t Nam \u0111\u00e3 ra \u0111\u1eddi v\u1edbi s\u1ee9 m\u1ec7nh mang \u0111\u1ebfn nhi\u1ec1u h\u01a1n n\u1eefa nh\u1eefng gi\u00e1 tr\u1ecb tinh th\u1ea7n, tri th\u1ee9c ti\u00ean ti\u1ebfn cho ng\u01b0\u1eddi ti\u00eau d\u00f9ng b\u1eb1ng vi\u1ec7c cung c\u1ea5p nh\u1eefng s\u1ea3n ph\u1ea9m c\u00f3 ch\u1ea5t l\u01b0\u1ee3ng.<\/p>\n\n[\/col]\n[col span=\"4\" span__sm=\"12\"]\n\n[ux_image id=\"1836\" image_size=\"medium\"]\n\n\n[\/col]\n\n[\/row]\n\n<!-- \/wp:flatsome\/uxbuilder -->","post_title":"AZ Vi\u1ec7t Nam","post_excerpt":"","post_status":"publish","comment_status":"closed","ping_status":"closed","post_password":"","post_name":"az-viet-nam","to_ping":"","pinged":"","post_modified":"2021-02-17 22:07:10","post_modified_gmt":"2021-02-17 20:07:10","post_content_filtered":"","post_parent":0,"guid":"https:\/\/sachviet.eu\/nha-phat-hanh\/az-viet-nam\/","menu_order":0,"post_type":"publisher","post_mime_type":"","comment_count":"0","filter":"raw"}},"_links":{"self":[{"href":"https:\/\/sachviet.eu\/en\/wp-json\/wp\/v2\/product\/21398","targetHints":{"allow":["GET"]}}],"collection":[{"href":"https:\/\/sachviet.eu\/en\/wp-json\/wp\/v2\/product"}],"about":[{"href":"https:\/\/sachviet.eu\/en\/wp-json\/wp\/v2\/types\/product"}],"wp:featuredmedia":[{"embeddable":true,"href":"https:\/\/sachviet.eu\/en\/wp-json\/wp\/v2\/media\/21394"}],"wp:attachment":[{"href":"https:\/\/sachviet.eu\/en\/wp-json\/wp\/v2\/media?parent=21398"}],"wp:term":[{"taxonomy":"product_brand","embeddable":true,"href":"https:\/\/sachviet.eu\/en\/wp-json\/wp\/v2\/product_brand?post=21398"},{"taxonomy":"product_cat","embeddable":true,"href":"https:\/\/sachviet.eu\/en\/wp-json\/wp\/v2\/product_cat?post=21398"},{"taxonomy":"product_tag","embeddable":true,"href":"https:\/\/sachviet.eu\/en\/wp-json\/wp\/v2\/product_tag?post=21398"}],"curies":[{"name":"wp","href":"https:\/\/api.w.org\/{rel}","templated":true}]}}