{"id":2138,"date":"2021-02-25T19:23:00","date_gmt":"2021-02-25T17:23:00","guid":{"rendered":"https:\/\/sachviet.eu\/shop\/bo-sach-soc-so-set-set-4-quyen\/"},"modified":"2023-12-20T23:41:04","modified_gmt":"2023-12-20T21:41:04","slug":"bo-sach-soc-so-set-set-4-quyen","status":"publish","type":"product","link":"https:\/\/sachviet.eu\/en\/shop\/bo-sach-soc-so-set-set-4-quyen\/","title":{"rendered":"B\u1ed9 s\u00e1ch &#8220;S\u00f3c S\u1ee3 S\u1ec7t&#8221; &#8211; set 4 quy\u1ec3n"},"content":{"rendered":"<p>S\u00f3c S\u1ee3 S\u1ec7t l\u00e0 m\u1ed9t b\u1ed9 s\u00e1ch tuy\u1ec7t v\u1eddi \u0111\u01b0\u1ee3c vi\u1ebft v\u00e0 minh h\u1ecda b\u1edfi ng\u00f2i b\u00fat \u0111\u1ea7y t\u00e0i ba c\u1ee7a t\u00e1c gi\u1ea3 M\u00e9lanie Watt. B\u1ed9 s\u00e1ch \u0111\u00e3 gi\u1ea3i quy\u1ebft m\u1ed1i lo c\u1ee7a c\u00e1c b\u00e9 \u1edf \u0111\u1ed9 tu\u1ed5i \u0111i h\u1ecdc b\u1eb1ng c\u00e1ch s\u1eed d\u1ee5ng gi\u1ecdng \u0111i\u1ec7u nh\u1eb9 nh\u00e0ng th\u1ee7 th\u1ec9 nh\u01b0ng l\u1ea1i truy\u1ec1n t\u1ea3i \u0111\u01b0\u1ee3c m\u1ed9t th\u00f4ng \u0111i\u1ec7p v\u00f4 c\u00f9ng l\u1edbn lao: Kh\u00f4ng ph\u1ea3i l\u00fac n\u00e0o ta c\u0169ng c\u00f3 th\u1ec3 thay \u0111\u1ed5i ho\u00e0n c\u1ea3nh, nh\u01b0ng bi\u1ebft \u0111\u00e2u tr\u1ea3i nghi\u1ec7m \u1ea5y \u0111\u00f4i khi l\u1ea1i l\u00e0 m\u1ed9t vi\u1ec7c t\u1ed1t.<br \/>\nB\u1ed9 s\u00e1ch mi\u00eau t\u1ea3 cu\u1ed9c s\u1ed1ng c\u1ee7a S\u00f3c S\u1ee3 S\u1ec7t \u0111\u1ea7y h\u00e0i h\u01b0\u1edbc v\u1edbi m\u1ed9t chu\u1ed7i nh\u1eefng l\u1ecbch tr\u00ecnh, k\u1ebf ho\u1ea1ch d\u1ef1 ph\u00f2ng, c\u00e1c l\u1ed1i tho\u00e1t hi\u1ec3m kh\u1ea9n c\u1ea5p. N\u00e9t v\u1ebd ch\u00ec than c\u00f9ng nh\u1eefng minh h\u1ecda m\u00e0u n\u01b0\u1edbc r\u1ef1c r\u1ee1 t\u1ea1o n\u00ean m\u1ed9t cu\u1ed1n s\u00e1ch \u0111\u1ea7y vui m\u1eaft v\u1ec1 m\u1ed9t \u0111i\u1ec1u c\u1ef1c quan tr\u1ecdng \u0111\u1ed1i v\u1edbi c\u1ea3m nh\u1eadn v\u1ec1 an to\u00e0n c\u1ee7a tr\u1ebb nh\u1ecf tr\u01b0\u1edbc th\u1ebf gi\u1edbi \u2013 c\u1ea3m gi\u00e1c an t\u00e2m khi c\u00f3 m\u1ed9t th\u1eddi gian bi\u1ec3u \u0111\u1ec1u \u0111\u1eb7n, \u0111\u01b0\u1ee3c s\u1eafp x\u1ebfp khoa h\u1ecdc v\u00e0 k\u1ef9 l\u01b0\u1ee1ng. T\u00f4ng gi\u1ecdng v\u00e0 nh\u1ecbp \u0111i\u1ec7u c\u1ee7a cu\u1ed1n s\u00e1ch nh\u01b0 m\u1ed9t c\u00fa h\u00edch nh\u1eb9 nh\u00e0ng nh\u01b0ng hi\u1ec7u qu\u1ea3 d\u00e0nh cho nh\u1eefng em b\u00e9 \u0111ang \u1edf giai \u0111o\u1ea1n chuy\u1ec3n giao, \u0111\u01b0a cho c\u00e1c em l\u1eddi khuy\u1ebfn kh\u00edch r\u1eb1n: d\u1eabu nhi\u1ec1u lo ng\u1ea1i th\u00ec m\u00ecnh v\u1eabn n\u00ean \u0111i kh\u00e1m ph\u00e1 th\u1ebf gi\u1edbi b\u00ean ngo\u00e0i nh\u00e9.<br \/>\n\u0110\u00e2y l\u00e0 m\u1ed9t b\u1ed9 s\u00e1ch m\u00e0 c\u1ea3 tr\u1ebb con l\u1eabn ng\u01b0\u1eddi l\u1edbn \u0111\u1ec1u c\u00f3 th\u1ec3 vui \u0111\u1ecdc c\u00f9ng r\u00fat ra b\u00e0i h\u1ecdc g\u00ec \u0111\u00f3 cho b\u1ea3n th\u00e2n, v\u00e0 b\u1ed9 truy\u1ec7n \u0111\u1eb7c bi\u1ec7t h\u1eefu \u00edch trong giai \u0111o\u1ea1n tr\u1ebb g\u1eb7p r\u1ed1i lo\u1ea1n lo \u00e2u s\u1ee3 xa c\u00e1ch, b\u00e1m m\u1eb9. N\u1ed9i dung xuy\u00ean su\u1ed1t c\u1ee7ng c\u1ed1 \u0111\u01b0\u1ee3c lu\u1eadn \u0111i\u1ec3m r\u1eb1ng ngay c\u1ea3 khi ph\u1ea3i \u0111\u1ed1i di\u1ec7n v\u1edbi nh\u1eefng n\u1ed7i s\u1ee3 c\u1ee7a m\u00ecnh th\u00ec m\u1ecdi vi\u1ec7c v\u1eabn c\u00f3 th\u1ec3 th\u00e0nh ra t\u1ed1t \u0111\u1eb9p c\u1ea3 &#8211; th\u1eadm ch\u00ed c\u00f2n mang l\u1ea1i nh\u1eefng b\u1ea5t ng\u1edd t\u1ed9t b\u1eadc \u2013 mi\u1ec5n l\u00e0 ta ch\u1ecbu x\u00f4ng pha v\u1edbi nh\u1eefng tr\u1ea3i nghi\u1ec7m m\u1edbi.<\/p>\n<p>B\u1ed9 S\u00f3c S\u1ee3 S\u1ec7t \u0111\u1ea7y h\u00e0i h\u01b0\u1edbc v\u00e0 b\u1ea5t ng\u1edd d\u00e0nh cho tr\u1ebb t\u1eeb 5 tu\u1ed5i, bao g\u1ed3m 4 cu\u1ed1n:<br \/>\n1. S\u00f3c S\u1ee3 S\u1ec7t<br \/>\n2. S\u00f3c S\u1ee3 S\u1ec7t th\u1ee9c chong chong c\u1ea3 \u0111\u00eam<br \/>\n3. S\u00f3c S\u1ee3 S\u1ec7t v\u00e0 ng\u01b0\u1eddi b\u1ea1n m\u1edbi quen<br \/>\n4. Ti\u1ec7c sinh nh\u1eadt \u0111\u1ea7y b\u1ea5t ng\u1edd c\u1ee7a S\u00f3c S\u1ee3 S\u1ec7t<\/p>\n<p>S\u00e1ng t\u00e1c &amp; Minh h\u1ecda: M\u00e9lanie Watt<br \/>\nD\u1ecbch gi\u1ea3: Lam<br \/>\nS\u1ed1 trang: 34 &#8211; 40 trang<br \/>\nK\u00edch th\u01b0\u1edbc: 20.5 x 20.5cm<br \/>\nNg\u00e0y xu\u1ea5t b\u1ea3n: 15\/7\/2020  <div class=\"banner-grid-wrapper\">\n  <div id=\"banner-grid-521707500\" class=\"banner-grid row row-grid row-small\" data-packery-options=\"\">\n            <style>\n    #banner-grid-521707500 .grid-col-1{height: 600px}\n    #banner-grid-521707500 .grid-col-1-2{height: 300px}\n    #banner-grid-521707500 .grid-col-1-3{height:200px}\n    #banner-grid-521707500 .grid-col-2-3{height: 400px}\n    #banner-grid-521707500 .grid-col-1-4{height: 150px}\n    #banner-grid-521707500 .grid-col-3-4{height: 450px}\n\n\n        \/* Tablet *\/\n    @media (max-width: 850px){\n      #banner-grid-521707500 .grid-col-1{height: 400px}\n      #banner-grid-521707500 .grid-col-1-2{height: 200px}\n      #banner-grid-521707500 .grid-col-1-3{height:133.33333333333px}\n      #banner-grid-521707500 .grid-col-2-3{height: 266.66666666667px}\n      #banner-grid-521707500 .grid-col-1-4{height: 100px}\n      #banner-grid-521707500 .grid-col-3-4{height: 300px}\n    }\n    \n        \/* Mobile *\/\n    @media (max-width: 550px){\n      #banner-grid-521707500 .grid-col-1{height: 400px}\n      #banner-grid-521707500 .grid-col-1-2{height: 200px}\n      #banner-grid-521707500 .grid-col-1-3{height:133.33333333333px}\n      #banner-grid-521707500 .grid-col-2-3{height: 266.66666666667px}\n      #banner-grid-521707500 .grid-col-1-4{height: 100px}\n      #banner-grid-521707500 .grid-col-3-4{height: 300px}\n    }\n    \n\n  <\/style>\n    <\/div>\n    <style>\n    #banner-grid-521707500 .grid-col-1{height: 600px}\n    #banner-grid-521707500 .grid-col-1-2{height: 300px}\n    #banner-grid-521707500 .grid-col-1-3{height:200px}\n    #banner-grid-521707500 .grid-col-2-3{height: 400px}\n    #banner-grid-521707500 .grid-col-1-4{height: 150px}\n    #banner-grid-521707500 .grid-col-3-4{height: 450px}\n\n\n    \n    \n\n  <\/style>\n    <\/div>\n  \n","protected":false},"excerpt":{"rendered":"<p>S\u00f3c S\u1ee3 S\u1ec7t l\u00e0 m\u1ed9t b\u1ed9 s\u00e1ch tuy\u1ec7t v\u1eddi \u0111\u01b0\u1ee3c vi\u1ebft v\u00e0 minh h\u1ecda b\u1edfi ng\u00f2i b\u00fat \u0111\u1ea7y t\u00e0i ba c\u1ee7a t\u00e1c gi\u1ea3 M\u00e9lanie Watt. B\u1ed9 s\u00e1ch \u0111\u00e3 gi\u1ea3i quy\u1ebft m\u1ed1i lo c\u1ee7a c\u00e1c b\u00e9 \u1edf \u0111\u1ed9 tu\u1ed5i \u0111i h\u1ecdc b\u1eb1ng c\u00e1ch s\u1eed d\u1ee5ng gi\u1ecdng \u0111i\u1ec7u nh\u1eb9 nh\u00e0ng th\u1ee7 th\u1ec9 nh\u01b0ng l\u1ea1i truy\u1ec1n t\u1ea3i \u0111\u01b0\u1ee3c m\u1ed9t th\u00f4ng \u0111i\u1ec7p v\u00f4 c\u00f9ng l\u1edbn lao: Kh\u00f4ng ph\u1ea3i l\u00fac n\u00e0o ta c\u0169ng c\u00f3 th\u1ec3 thay \u0111\u1ed5i ho\u00e0n c\u1ea3nh, nh\u01b0ng bi\u1ebft \u0111\u00e2u tr\u1ea3i nghi\u1ec7m \u1ea5y \u0111\u00f4i khi l\u1ea1i l\u00e0 m\u1ed9t vi\u1ec7c t\u1ed1t.<br \/>\nB\u1ed9 s\u00e1ch mi\u00eau t\u1ea3 cu\u1ed9c s\u1ed1ng c\u1ee7a S\u00f3c S\u1ee3 S\u1ec7t \u0111\u1ea7y h\u00e0i h\u01b0\u1edbc v\u1edbi m\u1ed9t chu\u1ed7i nh\u1eefng l\u1ecbch tr\u00ecnh, k\u1ebf ho\u1ea1ch d\u1ef1 ph\u00f2ng, c\u00e1c l\u1ed1i tho\u00e1t hi\u1ec3m kh\u1ea9n c\u1ea5p. N\u00e9t v\u1ebd ch\u00ec than c\u00f9ng nh\u1eefng minh h\u1ecda m\u00e0u n\u01b0\u1edbc r\u1ef1c r\u1ee1 t\u1ea1o n\u00ean m\u1ed9t cu\u1ed1n s\u00e1ch \u0111\u1ea7y vui m\u1eaft v\u1ec1 m\u1ed9t \u0111i\u1ec1u c\u1ef1c quan tr\u1ecdng \u0111\u1ed1i v\u1edbi c\u1ea3m nh\u1eadn v\u1ec1 an to\u00e0n c\u1ee7a tr\u1ebb nh\u1ecf tr\u01b0\u1edbc th\u1ebf gi\u1edbi \u2013 c\u1ea3m gi\u00e1c an t\u00e2m khi c\u00f3 m\u1ed9t th\u1eddi gian bi\u1ec3u \u0111\u1ec1u \u0111\u1eb7n, \u0111\u01b0\u1ee3c s\u1eafp x\u1ebfp khoa h\u1ecdc v\u00e0 k\u1ef9 l\u01b0\u1ee1ng. T\u00f4ng gi\u1ecdng v\u00e0 nh\u1ecbp \u0111i\u1ec7u c\u1ee7a cu\u1ed1n s\u00e1ch nh\u01b0 m\u1ed9t c\u00fa h\u00edch nh\u1eb9 nh\u00e0ng nh\u01b0ng hi\u1ec7u qu\u1ea3 d\u00e0nh cho nh\u1eefng em b\u00e9 \u0111ang \u1edf giai \u0111o\u1ea1n chuy\u1ec3n giao, \u0111\u01b0a cho c\u00e1c em l\u1eddi khuy\u1ebfn kh\u00edch r\u1eb1n: d\u1eabu nhi\u1ec1u lo ng\u1ea1i th\u00ec m\u00ecnh v\u1eabn n\u00ean \u0111i kh\u00e1m ph\u00e1 th\u1ebf gi\u1edbi b\u00ean ngo\u00e0i nh\u00e9.<\/p>\n","protected":false},"featured_media":2129,"template":"","meta":{"_acf_changed":false},"product_brand":[],"product_cat":[17,25],"product_tag":[81],"class_list":{"0":"post-2138","1":"product","2":"type-product","3":"status-publish","4":"has-post-thumbnail","6":"product_cat-sach-danh-cho-cac-be","7":"product_cat-nhi-dong-6-tuoi-12-tuoi","8":"product_tag-sach-gia-uu-dai","10":"first","11":"outofstock","12":"sale","13":"taxable","14":"shipping-taxable","15":"purchasable","16":"product-type-simple"},"supplier_id":null,"supplier_sku":"","barcode":null,"atum_controlled":true,"out_stock_date":"2023-12-20 21:41:04","out_stock_threshold":null,"inheritable":false,"inbound_stock":0,"stock_on_hold":0,"sold_today":0,"sales_last_days":0,"reserved_stock":0,"customer_returns":0,"warehouse_damage":0,"lost_in_post":0,"other_logs":0,"out_stock_days":770,"lost_sales":0,"has_location":false,"update_date":"2026-01-28T23:10:30","atum_locations":[],"atum_stock_status":"outofstock","restock_status":false,"low_stock_amount":"","sales_update_date":"2026-01-28T23:10:30","calc_backorders":null,"acf":{"publisher":{"ID":1458,"post_author":"1","post_date":"2021-02-17 01:12:22","post_date_gmt":"2021-02-16 23:12:22","post_content":"<!-- wp:flatsome\/uxbuilder -->\n<h1 style=\"text-align: center\"><strong>Crabit Kidbooks<\/strong><\/h1>\n[row]\n\n[col span=\"8\" span__sm=\"12\"]\n\n<p>Crabit Kidbooks l\u00e0 nh\u00e0 ph\u00e1t h\u00e0nh s\u00e1ch thi\u1ebfu nhi thu\u1ed9c C\u00f4ng ty CPTM &amp; XNK Ng\u1ecdc \u00c1nh \u2013 \u0111\u01a1n v\u1ecb h\u01a1n 20 n\u0103m kinh nghi\u1ec7m trong ng\u00e0nh in \u1ea5n v\u00e0 l\u00e0 \u0111\u1ed1i t\u00e1c uy t\u00edn cung c\u1ea5p h\u1ecdc li\u1ec7u, s\u00e1ch v\u1edf h\u1ecdc sinh cho h\u01a1n 5000 kh\u00e1ch h\u00e0ng kh\u1eafp 28 t\u1ec9nh th\u00e0nh ph\u00eda B\u1eafc Vi\u1ec7t Nam H\u1ec7 th\u1ed1ng s\u1ea3n ph\u1ea9m Crabit Kidbooks<\/p>\n<p>Theo s\u1ef1 t\u00ecm hi\u1ec3u c\u1ee7a <strong>SACHVIET.EU<\/strong><strong>\u00a0<\/strong>tuy Crabit Kidbooks l\u00e0 m\u1ed9t nh\u00e0 ph\u00e1t h\u00e0nh tr\u1ebb t\u1ea1i Vi\u1ec7t Nam nh\u01b0ng l\u1ea1i mang \u0111\u1ebfn s\u1ef1 ch\u1ec9n chu qua t\u1eebng trang s\u00e1ch, t\u1eeb ch\u1ea5t li\u1ec7u gi\u1ea5y cao c\u1ea5p, b\u00eca c\u1ee9ng gi\u1eef g\u00ecn s\u00e1ch \u0111\u01b0\u1ee3c b\u1ec1n l\u00e2u \u0111\u1ebfn l\u1eddi v\u0103n c\u00e2u ch\u1eef \u0111\u01b0\u1ee3c ch\u1ecdn l\u1ecdc ch\u1ec9nh s\u1eeda sao cho ti\u1ebfp c\u1eadn th\u00e2n thi\u1ec7n nh\u1ea5t v\u1edbi tr\u1ebb em. <strong>SACHVIET.EU<\/strong> th\u1ef1c s\u1ef1 \u1ea5n t\u01b0\u1ee3ng b\u1edfi t\u1ea7m nh\u00ecn v\u00e0 s\u1ef1 c\u1ed1 g\u1eafng ho\u00e0n thi\u1ec7n nh\u1eefng t\u00e1c ph\u1ea9m c\u00f3 gi\u00e1 tr\u1ecb tuy\u1ec7t v\u1eddi m\u00e0 Crabit Kidbooks mang l\u1ea1i. \u0110\u00e2y c\u0169ng l\u00e0 nh\u00e0 ph\u00e1t h\u00e0nh duy nh\u1ea5t t\u1edbi th\u1eddi \u0111i\u1ec3m n\u00e0y m\u00e0 <strong>SACHVIET.EU<\/strong> quy\u1ebft t\u00e2m h\u1ee3p t\u00e1c mang h\u1ebft t\u1ea5t c\u1ea3 c\u00e1c \u0111\u1ea7u s\u00e1ch m\u00e0 Crabit Kidbooks c\u00f3 \u0111\u1ec3 \u0111em \u0111\u1ebfn Ch\u00e2u \u00c2u ph\u1ee5c v\u1ee5 m\u1ecdi ng\u01b0\u1eddi. \u0110\u00e2y th\u1ef1c s\u1ef1 l\u00e0 m\u1ed9t s\u1ef1 li\u1ec1u l\u0129nh c\u1ee7a <strong>SACHVIET.EU<\/strong>, tuy nhi\u00ean ch\u00fang m\u00ecnh tin t\u01b0\u1edfng v\u00e0 t\u1ef1 tin r\u1eb1ng t\u1eebng cu\u1ed1n s\u00e1ch m\u00e0 ch\u00fang m\u00ecnh gi\u1edbi thi\u1ec7u x\u1ee9ng \u0111\u00e1ng v\u1edbi nh\u1eefng g\u00ec ch\u00fang m\u00ecnh theo \u0111u\u1ed5i.<\/p>\n\n[\/col]\n[col span=\"4\" span__sm=\"12\"]\n\n[ux_image id=\"1701\" image_size=\"medium\"]\n\n\n[\/col]\n\n[\/row]\n\n<!-- \/wp:flatsome\/uxbuilder -->","post_title":"Crabit Kidbooks","post_excerpt":"","post_status":"publish","comment_status":"closed","ping_status":"closed","post_password":"","post_name":"crabit-kidbooks","to_ping":"","pinged":"","post_modified":"2022-12-19 23:12:10","post_modified_gmt":"2022-12-19 21:12:10","post_content_filtered":"","post_parent":0,"guid":"https:\/\/sachviet.eu\/nha-phat-hanh\/crabitkidbooks\/","menu_order":0,"post_type":"publisher","post_mime_type":"","comment_count":"0","filter":"raw"}},"_links":{"self":[{"href":"https:\/\/sachviet.eu\/en\/wp-json\/wp\/v2\/product\/2138","targetHints":{"allow":["GET"]}}],"collection":[{"href":"https:\/\/sachviet.eu\/en\/wp-json\/wp\/v2\/product"}],"about":[{"href":"https:\/\/sachviet.eu\/en\/wp-json\/wp\/v2\/types\/product"}],"wp:featuredmedia":[{"embeddable":true,"href":"https:\/\/sachviet.eu\/en\/wp-json\/wp\/v2\/media\/2129"}],"wp:attachment":[{"href":"https:\/\/sachviet.eu\/en\/wp-json\/wp\/v2\/media?parent=2138"}],"wp:term":[{"taxonomy":"product_brand","embeddable":true,"href":"https:\/\/sachviet.eu\/en\/wp-json\/wp\/v2\/product_brand?post=2138"},{"taxonomy":"product_cat","embeddable":true,"href":"https:\/\/sachviet.eu\/en\/wp-json\/wp\/v2\/product_cat?post=2138"},{"taxonomy":"product_tag","embeddable":true,"href":"https:\/\/sachviet.eu\/en\/wp-json\/wp\/v2\/product_tag?post=2138"}],"curies":[{"name":"wp","href":"https:\/\/api.w.org\/{rel}","templated":true}]}}