{"id":2128,"date":"2021-02-25T19:22:39","date_gmt":"2021-02-25T17:22:39","guid":{"rendered":"https:\/\/sachviet.eu\/shop\/bo-sach-ru-ri-truoc-gio-di-ngu-set-2-quyen\/"},"modified":"2022-12-19T18:53:56","modified_gmt":"2022-12-19T16:53:56","slug":"bo-sach-ru-ri-truoc-gio-di-ngu-set-2-quyen","status":"publish","type":"product","link":"https:\/\/sachviet.eu\/en\/shop\/bo-sach-ru-ri-truoc-gio-di-ngu-set-2-quyen\/","title":{"rendered":"B\u1ed9 s\u00e1ch \u201cR\u1ee7 r\u1ec9 tr\u01b0\u1edbc gi\u1edd \u0111i ng\u1ee7\u201d (bundle 2 quy\u1ec3n)"},"content":{"rendered":"<p>Nghi\u00ean c\u1ee9u khoa h\u1ecdc \u0111\u00e3 ch\u1ec9 ra r\u1eb1ng, khi tr\u1ebb cu\u1ed9n m\u00ecnh trong ch\u0103m \u1ea5m, \u0111\u1ec7m \u00eam v\u1edbi b\u1ed1 m\u1eb9 n\u1eb1m s\u00e1t k\u1ebf b\u00ean v\u00e0 m\u1ed9t cu\u1ed1n s\u00e1ch hay tuy\u1ec7t \u0111ang m\u1edf ra, gi\u1ecdng \u0111\u1ecdc c\u1ee7a b\u1ed1 m\u1eb9, ti\u1ebfng c\u01b0\u1eddi, nh\u1eefng c\u1eed ch\u1ec9 \u1ea5m \u00e1p\u2026 l\u00e0 nh\u1eefng ch\u1ea5t x\u00fac t\u00e1c k\u00ec di\u1ec7u t\u1ea1o ra s\u1ef1 li\u00ean k\u1ebft v\u00e0 \u0111\u1ed3ng b\u1ed9 h\u00f3a c\u00e1c mi\u1ec1n trong b\u1ed9 n\u00e3o c\u1ee7a tr\u1ebb. \u0110\u00f3 l\u00e0 ti\u1ec3u n\u00e3o v\u1edbi vai tr\u00f2 h\u1ed7 tr\u1ee3 k\u0129 n\u0103ng s\u00e0ng l\u1ecdc; m\u1ea1ng ch\u1ebf \u0111\u1ed9 m\u1eb7c \u0111\u1ecbnh (DMN), n\u01a1i th\u1ef1c hi\u1ec7n nh\u1eefng qu\u00e1 tr\u00ecnh \u0111\u1ecbnh h\u01b0\u1edbng n\u1ed9i b\u1ed9 nh\u01b0 h\u01b0\u1edbng n\u1ed9i, s\u00e1ng t\u1ea1o v\u00e0 nh\u1eadn th\u1ee9c; m\u1ea1ng l\u01b0\u1edbi h\u00ecnh \u1ea3nh tr\u1ef1c quan, bao g\u1ed3m c\u00e1c khu v\u1ef1c v\u1ec1 ph\u1ea7n nh\u00ecn \u1edf b\u1eadc cao v\u00e0 tr\u00ed nh\u1edb, \u0111\u1ed3ng th\u1eddi l\u00e0 c\u00f4ng c\u1ee5 c\u1ee7a n\u00e3o b\u1ed9 gi\u00fap con ng\u01b0\u1eddi nh\u00ecn c\u00e1c b\u1ee9c tranh; m\u1ea1ng l\u01b0\u1edbi c\u1ee7a ng\u1eef ngh\u0129a, n\u01a1i n\u00e3o b\u1ed9 r\u00fat ra \u0111\u01b0\u1ee3c \u00fd ngh\u0129a c\u1ee7a ng\u00f4n ng\u1eef; v\u00e0 v\u00e0 m\u1ea1ng l\u01b0\u1edbi nh\u1eadn th\u1ee9c tr\u1ef1c quan, h\u1ed7 tr\u1ee3 x\u1eed l\u00fd c\u00e1c k\u00edch th\u00edch th\u1ecb gi\u00e1c.<\/p>\n<p>D\u1ef1a tr\u00ean t\u1ea5t c\u1ea3 nh\u1eefng y\u1ebfu t\u1ed1 \u0111\u00f3, c\u00e1c cu\u1ed1n s\u00e1ch r\u1ee7 r\u1ec9 tr\u01b0\u1edbc gi\u1edd \u0111i ng\u1ee7 th\u01b0\u1eddng c\u00f3 n\u00e9t \u0111\u1eb7c tr\u01b0ng r\u1ea5t ri\u00eang.<\/p>\n<p>T\u00e1c gi\u1ea3 Susanne Stra\u00dfer \u0111\u00e3 n\u1eafm b\u1eaft t\u00e2m l\u00fd c\u00e1c \u0111\u1ed9c gi\u1ea3 nh\u1ecf tu\u1ed5i c\u1ee7a m\u00ecnh c\u1ef1c nh\u1ea1y b\u00e9n v\u00e0 chu\u1ea9n x\u00e1c \u0111\u1ec3 vi\u1ebft n\u00ean b\u1ed9 s\u00e1ch \u201cR\u1ee7 r\u1ec9 tr\u01b0\u1edbc gi\u1edd \u0111i ng\u1ee7\u201d h\u1ed9i t\u1ee5 \u0111\u1ea7y \u0111\u1ee7 nh\u1eefng y\u1ebfu t\u1ed1 l\u00e0m t\u1ee5i tr\u1ebb th\u00edch m\u00ea: c\u00e1c b\u1ea1n th\u00fa ng\u1ed9 ngh\u0129nh l\u1ea1i l\u00e1u c\u00e1; ph\u1ea7n l\u1eddi \u0111\u01a1n gi\u1ea3n v\u00e0 l\u1eb7p \u0111i l\u1eb7p l\u1ea1i; c\u00e2u chuy\u1ec7n h\u00e0i h\u01b0\u1edbc v\u1edbi ph\u1ea7n k\u1ebft ch\u1ee9a \u0111\u1ef1ng m\u1ed9t b\u1ea5t ng\u1edd c\u1ef1c k\u1ef3 th\u00fa v\u1ecb v\u00e0 \u0111\u00e1ng mong ch\u1edd.  <div class=\"banner-grid-wrapper\">\n  <div id=\"banner-grid-1147450843\" class=\"banner-grid row row-grid row-small\" data-packery-options=\"\">\n            <style>\n    #banner-grid-1147450843 .grid-col-1{height: 600px}\n    #banner-grid-1147450843 .grid-col-1-2{height: 300px}\n    #banner-grid-1147450843 .grid-col-1-3{height:200px}\n    #banner-grid-1147450843 .grid-col-2-3{height: 400px}\n    #banner-grid-1147450843 .grid-col-1-4{height: 150px}\n    #banner-grid-1147450843 .grid-col-3-4{height: 450px}\n\n\n        \/* Tablet *\/\n    @media (max-width: 850px){\n      #banner-grid-1147450843 .grid-col-1{height: 400px}\n      #banner-grid-1147450843 .grid-col-1-2{height: 200px}\n      #banner-grid-1147450843 .grid-col-1-3{height:133.33333333333px}\n      #banner-grid-1147450843 .grid-col-2-3{height: 266.66666666667px}\n      #banner-grid-1147450843 .grid-col-1-4{height: 100px}\n      #banner-grid-1147450843 .grid-col-3-4{height: 300px}\n    }\n    \n        \/* Mobile *\/\n    @media (max-width: 550px){\n      #banner-grid-1147450843 .grid-col-1{height: 400px}\n      #banner-grid-1147450843 .grid-col-1-2{height: 200px}\n      #banner-grid-1147450843 .grid-col-1-3{height:133.33333333333px}\n      #banner-grid-1147450843 .grid-col-2-3{height: 266.66666666667px}\n      #banner-grid-1147450843 .grid-col-1-4{height: 100px}\n      #banner-grid-1147450843 .grid-col-3-4{height: 300px}\n    }\n    \n\n  <\/style>\n    <\/div>\n    <style>\n    #banner-grid-1147450843 .grid-col-1{height: 600px}\n    #banner-grid-1147450843 .grid-col-1-2{height: 300px}\n    #banner-grid-1147450843 .grid-col-1-3{height:200px}\n    #banner-grid-1147450843 .grid-col-2-3{height: 400px}\n    #banner-grid-1147450843 .grid-col-1-4{height: 150px}\n    #banner-grid-1147450843 .grid-col-3-4{height: 450px}\n\n\n    \n    \n\n  <\/style>\n    <\/div>\n  \n","protected":false},"excerpt":{"rendered":"<p>\u201cM\u1ec7t r\u0169 m\u00e0 v\u1eabn kh\u00f4ng mu\u1ed1n ng\u1ee7\u201d nh\u01b0 v\u1ebd l\u1ea1i khung c\u1ea3nh \u1edf m\u1ecdi gia \u0111\u00ecnh khi \u0111\u1ebfn gi\u1edd \u0111i ng\u1ee7 r\u1ed3i, c\u00e1c b\u1ea1n \u0111\u1ec1u \u0111\u00e3 \u00eam \u1ea5m ch\u1ec9nh t\u1ec1 tr\u00ean gi\u01b0\u1eddng, nh\u1eafm m\u1eaft l\u1ea1i n\u00e0o th\u00ec\u2026 H\u1ea3i C\u1ea9u ph\u1ea3i \u0111i v\u1ec7 sinh, C\u00e1 S\u1ea5u v\u1eabn ch\u01b0a \u0111\u00e1nh r\u0103ng, B\u1ed3 N\u00f4ng th\u00ec kh\u00e1t n\u01b0\u1edbc, c\u00f2n L\u1eeba l\u1ea1i ng\u1ee9a tai! T\u1eebng b\u1ea1n l\u1ea7n l\u01b0\u1ee3t r\u1eddi gi\u01b0\u1eddng, c\u00e1nh c\u1eeda h\u00e9 m\u1edf r\u1ed3i \u0111\u00f3ng l\u1ea1i ngay. H\u00ecnh \u1ea3nh li\u00ean t\u1ee5c l\u1eb7p l\u1ea1i nh\u01b0ng theo m\u1ed9t nh\u1ecbp \u0111i\u1ec7u th\u1eadt nh\u1ecbp nh\u00e0ng, khi\u1ebfn cho cu\u1ed1n s\u00e1ch tr\u1edf n\u00ean \u00eam \u00e1i h\u01a1n, th\u01b0 th\u00e1i h\u01a1n, d\u1ea7n d\u1ea7n \u0111\u01b0a em b\u00e9 v\u00e0o gi\u1ea5c ng\u1ee7.<br \/>\nS\u00e1ch b\u00eca b\u1ed3i c\u1ee9ng<br \/>\nKh\u1ed5 s\u00e1ch: 18.5x14cm<\/p>\n<p>\u201cT\u00edt t\u1eafp m\u00e3i t\u1eadn tr\u00ean cao\u201d l\u1ea1i h\u1ea5p d\u1eabn v\u00e0 ngon l\u00e0nh y nh\u01b0 chi\u1ebfc b\u00e1nh ng\u1ecdt ng\u00e0o m\u00e0 c\u00e1c b\u1ea1n nh\u1ecf th\u00edch m\u00ea nh\u00e2m nhi tr\u01b0\u1edbc gi\u1edd \u0111i ng\u1ee7 m\u00e0 ch\u1eb3ng lo b\u1ecb s\u00e2u r\u0103ng! G\u1ea5u Nh\u1ecf, Heo H\u1ed3ng, Ch\u00f3 X\u00e1m, Th\u1ecf V\u00e0ng, G\u00e0 Tr\u1ed1ng, \u1ebech C\u1ed1m l\u1ea7n l\u01b0\u1ee3t nh\u1ea3y ph\u1eaft l\u00ean l\u01b0ng nhau \u0111\u1ec3 v\u1edbi t\u1edbi chi\u1ebfc b\u00e1nh t\u00edt t\u1eafp tr\u00ean cao, nh\u01b0ng \u0111\u1ebfn ph\u00fat ch\u00f3t, m\u1ed9t \u0111i\u1ec1u b\u1ea5t ng\u1edd xu\u1ea5t hi\u1ec7n. C\u00e2u chuy\u1ec7n tho\u1ea1t c\u00f3 v\u1ebb ng\u1edb ng\u1ea9n h\u1ebft n\u1ea5c, nh\u01b0ng v\u1eeba v\u1eb7n l\u1ea1i c\u1ef1c h\u1ee3p \u201cgu\u201d c\u1ee7a t\u1ee5i tr\u1ebb con, lu\u00f4n kho\u00e1i ch\u00ed v\u00f4 c\u00f9ng v\u00e0 t\u1eadn t\u00e2m t\u1eadn l\u1ef1c m\u1ebfn m\u1ed9 nh\u1eefng \u0111i\u1ec1u ng\u1ed1c ngh\u1ebfch.<br \/>\nS\u00e1ch b\u00eca b\u1ed3i c\u1ee9ng<br \/>\nKh\u1ed5 s\u00e1ch: 14x24cm<\/p>\n","protected":false},"featured_media":2121,"template":"","meta":{"_acf_changed":false},"product_brand":[],"product_cat":[24,25,17],"product_tag":[81],"class_list":{"0":"post-2128","1":"product","2":"type-product","3":"status-publish","4":"has-post-thumbnail","6":"product_cat-nha-tre-mau-giao-0-tuoi-6-tuoi","7":"product_cat-nhi-dong-6-tuoi-12-tuoi","8":"product_cat-sach-danh-cho-cac-be","9":"product_tag-sach-gia-uu-dai","11":"first","12":"outofstock","13":"sale","14":"taxable","15":"shipping-taxable","16":"purchasable","17":"product-type-woosb"},"supplier_id":null,"supplier_sku":"","barcode":null,"atum_controlled":true,"out_stock_date":"2021-02-28 23:49:42","out_stock_threshold":null,"inheritable":false,"inbound_stock":0,"stock_on_hold":0,"sold_today":0,"sales_last_days":0,"reserved_stock":0,"customer_returns":0,"warehouse_damage":0,"lost_in_post":0,"other_logs":0,"out_stock_days":1794,"lost_sales":0,"has_location":false,"update_date":"2026-01-28T23:10:30","atum_locations":[],"atum_stock_status":"outofstock","restock_status":false,"low_stock_amount":"","sales_update_date":"2026-01-28T23:10:30","calc_backorders":null,"acf":{"publisher":{"ID":1458,"post_author":"1","post_date":"2021-02-17 01:12:22","post_date_gmt":"2021-02-16 23:12:22","post_content":"<!-- wp:flatsome\/uxbuilder -->\n<h1 style=\"text-align: center\"><strong>Crabit Kidbooks<\/strong><\/h1>\n[row]\n\n[col span=\"8\" span__sm=\"12\"]\n\n<p>Crabit Kidbooks l\u00e0 nh\u00e0 ph\u00e1t h\u00e0nh s\u00e1ch thi\u1ebfu nhi thu\u1ed9c C\u00f4ng ty CPTM &amp; XNK Ng\u1ecdc \u00c1nh \u2013 \u0111\u01a1n v\u1ecb h\u01a1n 20 n\u0103m kinh nghi\u1ec7m trong ng\u00e0nh in \u1ea5n v\u00e0 l\u00e0 \u0111\u1ed1i t\u00e1c uy t\u00edn cung c\u1ea5p h\u1ecdc li\u1ec7u, s\u00e1ch v\u1edf h\u1ecdc sinh cho h\u01a1n 5000 kh\u00e1ch h\u00e0ng kh\u1eafp 28 t\u1ec9nh th\u00e0nh ph\u00eda B\u1eafc Vi\u1ec7t Nam H\u1ec7 th\u1ed1ng s\u1ea3n ph\u1ea9m Crabit Kidbooks<\/p>\n<p>Theo s\u1ef1 t\u00ecm hi\u1ec3u c\u1ee7a <strong>SACHVIET.EU<\/strong><strong>\u00a0<\/strong>tuy Crabit Kidbooks l\u00e0 m\u1ed9t nh\u00e0 ph\u00e1t h\u00e0nh tr\u1ebb t\u1ea1i Vi\u1ec7t Nam nh\u01b0ng l\u1ea1i mang \u0111\u1ebfn s\u1ef1 ch\u1ec9n chu qua t\u1eebng trang s\u00e1ch, t\u1eeb ch\u1ea5t li\u1ec7u gi\u1ea5y cao c\u1ea5p, b\u00eca c\u1ee9ng gi\u1eef g\u00ecn s\u00e1ch \u0111\u01b0\u1ee3c b\u1ec1n l\u00e2u \u0111\u1ebfn l\u1eddi v\u0103n c\u00e2u ch\u1eef \u0111\u01b0\u1ee3c ch\u1ecdn l\u1ecdc ch\u1ec9nh s\u1eeda sao cho ti\u1ebfp c\u1eadn th\u00e2n thi\u1ec7n nh\u1ea5t v\u1edbi tr\u1ebb em. <strong>SACHVIET.EU<\/strong> th\u1ef1c s\u1ef1 \u1ea5n t\u01b0\u1ee3ng b\u1edfi t\u1ea7m nh\u00ecn v\u00e0 s\u1ef1 c\u1ed1 g\u1eafng ho\u00e0n thi\u1ec7n nh\u1eefng t\u00e1c ph\u1ea9m c\u00f3 gi\u00e1 tr\u1ecb tuy\u1ec7t v\u1eddi m\u00e0 Crabit Kidbooks mang l\u1ea1i. \u0110\u00e2y c\u0169ng l\u00e0 nh\u00e0 ph\u00e1t h\u00e0nh duy nh\u1ea5t t\u1edbi th\u1eddi \u0111i\u1ec3m n\u00e0y m\u00e0 <strong>SACHVIET.EU<\/strong> quy\u1ebft t\u00e2m h\u1ee3p t\u00e1c mang h\u1ebft t\u1ea5t c\u1ea3 c\u00e1c \u0111\u1ea7u s\u00e1ch m\u00e0 Crabit Kidbooks c\u00f3 \u0111\u1ec3 \u0111em \u0111\u1ebfn Ch\u00e2u \u00c2u ph\u1ee5c v\u1ee5 m\u1ecdi ng\u01b0\u1eddi. \u0110\u00e2y th\u1ef1c s\u1ef1 l\u00e0 m\u1ed9t s\u1ef1 li\u1ec1u l\u0129nh c\u1ee7a <strong>SACHVIET.EU<\/strong>, tuy nhi\u00ean ch\u00fang m\u00ecnh tin t\u01b0\u1edfng v\u00e0 t\u1ef1 tin r\u1eb1ng t\u1eebng cu\u1ed1n s\u00e1ch m\u00e0 ch\u00fang m\u00ecnh gi\u1edbi thi\u1ec7u x\u1ee9ng \u0111\u00e1ng v\u1edbi nh\u1eefng g\u00ec ch\u00fang m\u00ecnh theo \u0111u\u1ed5i.<\/p>\n\n[\/col]\n[col span=\"4\" span__sm=\"12\"]\n\n[ux_image id=\"1701\" image_size=\"medium\"]\n\n\n[\/col]\n\n[\/row]\n\n<!-- \/wp:flatsome\/uxbuilder -->","post_title":"Crabit Kidbooks","post_excerpt":"","post_status":"publish","comment_status":"closed","ping_status":"closed","post_password":"","post_name":"crabit-kidbooks","to_ping":"","pinged":"","post_modified":"2022-12-19 23:12:10","post_modified_gmt":"2022-12-19 21:12:10","post_content_filtered":"","post_parent":0,"guid":"https:\/\/sachviet.eu\/nha-phat-hanh\/crabitkidbooks\/","menu_order":0,"post_type":"publisher","post_mime_type":"","comment_count":"0","filter":"raw"}},"_links":{"self":[{"href":"https:\/\/sachviet.eu\/en\/wp-json\/wp\/v2\/product\/2128","targetHints":{"allow":["GET"]}}],"collection":[{"href":"https:\/\/sachviet.eu\/en\/wp-json\/wp\/v2\/product"}],"about":[{"href":"https:\/\/sachviet.eu\/en\/wp-json\/wp\/v2\/types\/product"}],"wp:featuredmedia":[{"embeddable":true,"href":"https:\/\/sachviet.eu\/en\/wp-json\/wp\/v2\/media\/2121"}],"wp:attachment":[{"href":"https:\/\/sachviet.eu\/en\/wp-json\/wp\/v2\/media?parent=2128"}],"wp:term":[{"taxonomy":"product_brand","embeddable":true,"href":"https:\/\/sachviet.eu\/en\/wp-json\/wp\/v2\/product_brand?post=2128"},{"taxonomy":"product_cat","embeddable":true,"href":"https:\/\/sachviet.eu\/en\/wp-json\/wp\/v2\/product_cat?post=2128"},{"taxonomy":"product_tag","embeddable":true,"href":"https:\/\/sachviet.eu\/en\/wp-json\/wp\/v2\/product_tag?post=2128"}],"curies":[{"name":"wp","href":"https:\/\/api.w.org\/{rel}","templated":true}]}}