{"id":21257,"date":"2022-11-04T14:23:32","date_gmt":"2022-11-04T12:23:32","guid":{"rendered":"https:\/\/sachviet.eu\/shop\/bo-phat-nhac-phien-ban-moi-hoc-nhac-tieng-anh-cung-pororo-van-chuyen-duong-bien-dat-truoc\/"},"modified":"2025-08-22T12:27:11","modified_gmt":"2025-08-22T09:27:11","slug":"bo-phat-nhac-phien-ban-moi-hoc-nhac-tieng-anh-cung-pororo-van-chuyen-duong-bien-dat-truoc","status":"publish","type":"product","link":"https:\/\/sachviet.eu\/en\/shop\/bo-phat-nhac-phien-ban-moi-hoc-nhac-tieng-anh-cung-pororo-van-chuyen-duong-bien-dat-truoc\/","title":{"rendered":"B\u1ed9 ph\u00e1t nh\u1ea1c phi\u00ean b\u1ea3n m\u1edbi &#8211; H\u1eccC NH\u1ea0C TI\u1ebeNG ANH C\u00d9NG PORORO"},"content":{"rendered":"<p>Nh\u00e0 m\u00ecnh c\u1eadp nh\u1eadt v\u1ec1 s\u1eb5n h\u00e0ng cho phi\u00ean b\u1ea3n m\u1edbi nh\u1ea5t lu\u00f4n r\u1ed3i \u1ea1. Gi\u00e1 c\u00f3 nh\u1ec9nh h\u01a1n m\u1eabu c\u0169 m\u1ed9t ch\u00fat, nh\u01b0ng c\u00f3 c\u00e1c n\u00e2ng c\u1ea5p m\u1edbi ti\u1ec7n l\u1ee3i h\u01a1n. M\u1eddi ba m\u1eb9 v\u00e0o \u0111\u1eb7t ngay cho n\u00f3ng \u1ea1, con v\u1eeba ch\u01a1i v\u1eeba h\u1ecdc tr\u00e1nh xa \u0111\u1ed3 \u0111i\u1ec7n t\u1eed c\u00f4ng ngh\u1ec7.<\/p>\n<p>&#8211; 30 th\u1ebb nh\u1ea1c v\u00e0 30 th\u1ebb t\u1eeb v\u1ef1ng ti\u1ebfng Anh.<\/p>\n<p>&#8211; Nh\u01b0ng g\u1ed3m 29 b\u00e0i nh\u1ea1c v\u00e0 1 th\u1ebb t\u1ed5ng h\u1ee3p t\u1ea5t c\u1ea3 29 b\u00e0i, 29 t\u1eeb v\u1ef1ng v\u00e0 1 th\u1ebb t\u1ed5ng h\u1ee3p 29 t\u1eeb \u0111\u1ec3 khi mu\u1ed1n nghe li\u00ean t\u1ee5c th\u00ec ch\u1ec9 c\u1ea7n c\u1eafm th\u1ebb t\u1ed5ng h\u1ee3p v\u00e0o m\u00e0 ko c\u1ea7n thay l\u1eafp th\u1ebb kh\u00e1c.<\/p>\n<p>&#8211; H\u1ed9p \u0111\u1ef1ng n\u00e2ng c\u1ea5p c\u1ee9ng c\u00e1p d\u1ec5 b\u1ea3o qu\u1ea3n h\u01a1n<\/p>\n<p>&#8211; HDSD: m\u1edf m\u00e1y, l\u1ef1a ch\u1ecdn th\u1ebb b\u00e0i h\u00e1t ho\u1eb7c t\u1eeb v\u1ef1ng mu\u1ed1n nghe, c\u1eafm v\u00e0o khe m\u00e1y v\u00e0 nh\u1ea5n n\u00fat ng\u00f4i sao h\u00ecnh Pororo \u0111\u1ec3 nghe. B\u00e9 l\u1edbn th\u00ec m\u1eb9 ch\u01a1i c\u00f9ng t\u1eadp cho con l\u1eb7p l\u1ea1i ph\u00e1t \u00e2m \u0111\u1ec3 h\u1ecdc ti\u1ebfng anh lu\u00f4n m\u1eb9 nha.<\/p>\n","protected":false},"excerpt":{"rendered":"<p>H\u00c0NG C\u00d3 S\u1eb4N<\/p>\n<p>Nh\u00e0 m\u00ecnh c\u1eadp nh\u1eadt v\u1ec1 s\u1eb5n h\u00e0ng cho phi\u00ean b\u1ea3n m\u1edbi nh\u1ea5t lu\u00f4n r\u1ed3i \u1ea1. Gi\u00e1 c\u00f3 nh\u1ec9nh h\u01a1n m\u1eabu c\u0169 m\u1ed9t ch\u00fat, nh\u01b0ng c\u00f3 c\u00e1c n\u00e2ng c\u1ea5p m\u1edbi ti\u1ec7n l\u1ee3i h\u01a1n. M\u1eddi ba m\u1eb9 v\u00e0o \u0111\u1eb7t ngay cho n\u00f3ng \u1ea1, con v\u1eeba ch\u01a1i v\u1eeba h\u1ecdc tr\u00e1nh xa \u0111\u1ed3 \u0111i\u1ec7n t\u1eed c\u00f4ng ngh\u1ec7.<\/p>\n<p>&#8211; 30 th\u1ebb nh\u1ea1c v\u00e0 30 th\u1ebb t\u1eeb v\u1ef1ng ti\u1ebfng Anh.<\/p>\n<p>&#8211; Nh\u01b0ng g\u1ed3m 29 b\u00e0i nh\u1ea1c v\u00e0 1 th\u1ebb t\u1ed5ng h\u1ee3p t\u1ea5t c\u1ea3 29 b\u00e0i, 29 t\u1eeb v\u1ef1ng v\u00e0 1 th\u1ebb t\u1ed5ng h\u1ee3p 29 t\u1eeb \u0111\u1ec3 khi mu\u1ed1n nghe li\u00ean t\u1ee5c th\u00ec ch\u1ec9 c\u1ea7n c\u1eafm th\u1ebb t\u1ed5ng h\u1ee3p v\u00e0o m\u00e0 ko c\u1ea7n thay l\u1eafp th\u1ebb kh\u00e1c.<\/p>\n<p>&#8211; H\u1ed9p \u0111\u1ef1ng n\u00e2ng c\u1ea5p c\u1ee9ng c\u00e1p d\u1ec5 b\u1ea3o qu\u1ea3n h\u01a1n<\/p>\n<p>&#8211; HDSD: m\u1edf m\u00e1y, l\u1ef1a ch\u1ecdn th\u1ebb b\u00e0i h\u00e1t ho\u1eb7c t\u1eeb v\u1ef1ng mu\u1ed1n nghe, c\u1eafm v\u00e0o khe m\u00e1y v\u00e0 nh\u1ea5n n\u00fat ng\u00f4i sao h\u00ecnh Pororo \u0111\u1ec3 nghe. B\u00e9 l\u1edbn th\u00ec m\u1eb9 ch\u01a1i c\u00f9ng t\u1eadp cho con l\u1eb7p l\u1ea1i ph\u00e1t \u00e2m \u0111\u1ec3 h\u1ecdc ti\u1ebfng anh lu\u00f4n m\u1eb9 nha.<\/p>\n","protected":false},"featured_media":21278,"template":"","meta":{"_acf_changed":false},"product_brand":[],"product_cat":[20,70],"product_tag":[81],"class_list":{"0":"post-21257","1":"product","2":"type-product","3":"status-publish","4":"has-post-thumbnail","6":"product_cat-be-vua-hoc-vua-choi","7":"product_cat-qua-tang","8":"product_tag-sach-gia-uu-dai","10":"first","11":"outofstock","12":"sale","13":"taxable","14":"shipping-taxable","15":"purchasable","16":"product-type-simple"},"supplier_id":null,"supplier_sku":"","barcode":null,"atum_controlled":true,"out_stock_date":"2025-08-22 12:27:11","out_stock_threshold":null,"inheritable":false,"inbound_stock":0,"stock_on_hold":0,"sold_today":0,"sales_last_days":0,"reserved_stock":0,"customer_returns":0,"warehouse_damage":0,"lost_in_post":0,"other_logs":0,"out_stock_days":159,"lost_sales":1044,"has_location":true,"update_date":"2026-01-28T23:11:31","atum_locations":[{"id":32,"name":"Helsinki","slug":"helsinki"}],"atum_stock_status":"outofstock","restock_status":false,"low_stock_amount":"","sales_update_date":"2026-01-28T23:11:31","calc_backorders":null,"acf":{"publisher":{"ID":21255,"post_author":"1","post_date":"2022-11-04 14:23:27","post_date_gmt":"2022-11-04 12:23:27","post_content":"","post_title":"H\u00e0ng n\u1ed9i \u0111\u1ecba H\u00e0n Qu\u1ed1c","post_excerpt":"","post_status":"publish","comment_status":"closed","ping_status":"closed","post_password":"","post_name":"hang-noi-dia-han-quoc","to_ping":"","pinged":"","post_modified":"2022-11-04 14:23:27","post_modified_gmt":"2022-11-04 12:23:27","post_content_filtered":"","post_parent":0,"guid":"https:\/\/sachviet.eu\/nha-phat-hanh\/hang-noi-dia-han-quoc\/","menu_order":0,"post_type":"publisher","post_mime_type":"","comment_count":"0","filter":"raw"}},"_links":{"self":[{"href":"https:\/\/sachviet.eu\/en\/wp-json\/wp\/v2\/product\/21257","targetHints":{"allow":["GET"]}}],"collection":[{"href":"https:\/\/sachviet.eu\/en\/wp-json\/wp\/v2\/product"}],"about":[{"href":"https:\/\/sachviet.eu\/en\/wp-json\/wp\/v2\/types\/product"}],"wp:featuredmedia":[{"embeddable":true,"href":"https:\/\/sachviet.eu\/en\/wp-json\/wp\/v2\/media\/21278"}],"wp:attachment":[{"href":"https:\/\/sachviet.eu\/en\/wp-json\/wp\/v2\/media?parent=21257"}],"wp:term":[{"taxonomy":"product_brand","embeddable":true,"href":"https:\/\/sachviet.eu\/en\/wp-json\/wp\/v2\/product_brand?post=21257"},{"taxonomy":"product_cat","embeddable":true,"href":"https:\/\/sachviet.eu\/en\/wp-json\/wp\/v2\/product_cat?post=21257"},{"taxonomy":"product_tag","embeddable":true,"href":"https:\/\/sachviet.eu\/en\/wp-json\/wp\/v2\/product_tag?post=21257"}],"curies":[{"name":"wp","href":"https:\/\/api.w.org\/{rel}","templated":true}]}}