{"id":21249,"date":"2022-11-04T14:23:00","date_gmt":"2022-11-04T12:23:00","guid":{"rendered":"https:\/\/sachviet.eu\/shop\/mo-ra-la-thay-tet-phien-ban-mien-nam-kem-bo-tro-choi-bau-cua-tom-ca\/"},"modified":"2022-11-30T12:43:01","modified_gmt":"2022-11-30T10:43:01","slug":"mo-ra-la-thay-tet-phien-ban-mien-nam-kem-bo-tro-choi-bau-cua-tom-ca","status":"publish","type":"product","link":"https:\/\/sachviet.eu\/en\/shop\/mo-ra-la-thay-tet-phien-ban-mien-nam-kem-bo-tro-choi-bau-cua-tom-ca\/","title":{"rendered":"M\u1ede RA L\u00c0 TH\u1ea4Y T\u1ebeT &#8211; Phi\u00ean b\u1ea3n MI\u1ec0N NAM k\u00e8m b\u1ed9 tr\u00f2 ch\u01a1i B\u1ea6U CUA T\u00d4M C\u00c1"},"content":{"rendered":"<p>\ud83d\udcda 1 b\u1ed9 s\u00e1ch M\u1ede RA L\u00c0 TH\u1ea4Y T\u1ebeT &#8211; 9,99 euro bao g\u1ed3m:<br \/>\n&#8211; M\u1ed9t cu\u1ed1n s\u00e1ch tranh th\u01a1 M\u1edf ra l\u00e0 th\u1ea5y t\u1ebft (c\u00e1c b\u1ea1n c\u00f3 th\u1ec3 ch\u1ecdn phi\u00ean b\u1ea3n Nam, B\u1eafc nh\u00e9, n\u1ed9i dung th\u01a1 s\u1ebd gi\u1ed1ng nhau, nh\u01b0ng kh\u00e1c h\u00ecnh \u1ea3nh minh ho\u1ea1 nha)<br \/>\n&#8211; T\u1eb7ng k\u00e8m: 6 bao l\u00ec x\u00ec \u0111\u1eb7c bi\u1ec7t, thi\u1ebft k\u1ebf ri\u00eang theo ch\u1ee7 \u0111\u1ec1 v\u00f9ng mi\u1ec1n.<br \/>\n&#8211; T\u1eb7ng k\u00e8m \u0111i\u1ec3m th\u00edch nh\u1ea5t l\u00e0 1 t\u1ea5m B\u1ea2N \u0110\u1ed2 V\u00d9NG MI\u1ec0N VI\u1ec6T NAM, \u0111\u1ec3 con c\u00f9ng b\u1ed1 m\u1eb9 c\u00f3 th\u1ec3 c\u00f9ng nhau \u0111i qua m\u1ecdi n\u01a1i, t\u00ecm hi\u1ec3u v\u1ec1 Vi\u1ec7t Nam c\u1ee7a ch\u00fang m\u00ecnh nh\u00e9.<br \/>\n&#8211; T\u1eb7ng k\u00e8m 1 t\u1ea7m sticker ch\u1ee7 \u0111\u1ec1 T\u1ebeT NGUY\u00caN \u0110\u00c1N.<br \/>\n\ud83e\udde9 \u0110\u1eb7c bi\u1ec7t khi mua s\u00e1ch, c\u00e1c b\u1ea1n c\u00f3 th\u1ec3 mua k\u00e8m set \u0110\u1ed2 CH\u01a0I D\u00c2N GIAN. &#8211; Gi\u00e1 7,99 euro 1 b\u1ed9.<br \/>\n&#8211; Set \u00d4 quan.<br \/>\n&#8211; Set B\u1ea6U CUA T\u00d4M C\u00c1.<br \/>\n&#8211; H\u1ed9p \u0111\u1ef1ng si\u00eau \u0111\u1eb9p, l\u00e0m qu\u00e0 t\u1eb7ng th\u00ec qu\u00e1 h\u1ee3p l\u00fd.<\/p>\n","protected":false},"excerpt":{"rendered":"<p>\ud83d\udcda 1 b\u1ed9 s\u00e1ch M\u1ede RA L\u00c0 TH\u1ea4Y T\u1ebeT &#8211; 9,99 euro bao g\u1ed3m:<br \/>\n&#8211; M\u1ed9t cu\u1ed1n s\u00e1ch tranh th\u01a1 M\u1edf ra l\u00e0 th\u1ea5y t\u1ebft (c\u00e1c b\u1ea1n c\u00f3 th\u1ec3 ch\u1ecdn phi\u00ean b\u1ea3n Nam, B\u1eafc nh\u00e9, n\u1ed9i dung th\u01a1 s\u1ebd gi\u1ed1ng nhau, nh\u01b0ng kh\u00e1c h\u00ecnh \u1ea3nh minh ho\u1ea1 nha)<br \/>\n&#8211; T\u1eb7ng k\u00e8m: 6 bao l\u00ec x\u00ec \u0111\u1eb7c bi\u1ec7t, thi\u1ebft k\u1ebf ri\u00eang theo ch\u1ee7 \u0111\u1ec1 v\u00f9ng mi\u1ec1n.<br \/>\n&#8211; T\u1eb7ng k\u00e8m \u0111i\u1ec3m th\u00edch nh\u1ea5t l\u00e0 1 t\u1ea5m B\u1ea2N \u0110\u1ed2 V\u00d9NG MI\u1ec0N VI\u1ec6T NAM, \u0111\u1ec3 con c\u00f9ng b\u1ed1 m\u1eb9 c\u00f3 th\u1ec3 c\u00f9ng nhau \u0111i qua m\u1ecdi n\u01a1i, t\u00ecm hi\u1ec3u v\u1ec1 Vi\u1ec7t Nam c\u1ee7a ch\u00fang m\u00ecnh nh\u00e9.<br \/>\n&#8211; T\u1eb7ng k\u00e8m 1 t\u1ea7m sticker ch\u1ee7 \u0111\u1ec1 T\u1ebeT NGUY\u00caN \u0110\u00c1N.<br \/>\n\ud83e\udde9 \u0110\u1eb7c bi\u1ec7t khi mua s\u00e1ch, c\u00e1c b\u1ea1n c\u00f3 th\u1ec3 mua k\u00e8m set \u0110\u1ed2 CH\u01a0I D\u00c2N GIAN. &#8211; Gi\u00e1 7,99 euro 1 b\u1ed9.<br \/>\n&#8211; Set \u00d4 quan.<br \/>\n&#8211; Set B\u1ea6U CUA T\u00d4M C\u00c1.<br \/>\n&#8211; H\u1ed9p \u0111\u1ef1ng si\u00eau \u0111\u1eb9p, l\u00e0m qu\u00e0 t\u1eb7ng th\u00ec qu\u00e1 h\u1ee3p l\u00fd.<\/p>\n","protected":false},"featured_media":21289,"template":"","meta":{"_acf_changed":false},"product_brand":[],"product_cat":[17,24,25,71,26],"product_tag":[],"class_list":{"0":"post-21249","1":"product","2":"type-product","3":"status-publish","4":"has-post-thumbnail","6":"product_cat-sach-danh-cho-cac-be","7":"product_cat-nha-tre-mau-giao-0-tuoi-6-tuoi","8":"product_cat-nhi-dong-6-tuoi-12-tuoi","9":"product_cat-sach-tre-em-thuan-viet","10":"product_cat-thieu-nien-11-tuoi-18-tuoi","12":"first","13":"outofstock","14":"featured","15":"taxable","16":"shipping-taxable","17":"purchasable","18":"product-type-simple"},"supplier_id":null,"supplier_sku":"","barcode":null,"atum_controlled":true,"out_stock_date":"2022-11-30 10:43:01","out_stock_threshold":null,"inheritable":false,"inbound_stock":0,"stock_on_hold":0,"sold_today":0,"sales_last_days":0,"reserved_stock":0,"customer_returns":0,"warehouse_damage":0,"lost_in_post":0,"other_logs":0,"out_stock_days":1155,"lost_sales":0,"has_location":false,"update_date":"2026-01-28T23:11:06","atum_locations":[],"atum_stock_status":"outofstock","restock_status":false,"low_stock_amount":"","sales_update_date":"2026-01-28T23:11:06","calc_backorders":null,"acf":{"publisher":{"ID":15270,"post_author":"1","post_date":"2021-08-04 15:01:56","post_date_gmt":"2021-08-04 12:01:56","post_content":"","post_title":"Lionbooks","post_excerpt":"","post_status":"publish","comment_status":"closed","ping_status":"closed","post_password":"","post_name":"lionbooks","to_ping":"","pinged":"","post_modified":"2021-08-04 15:01:56","post_modified_gmt":"2021-08-04 12:01:56","post_content_filtered":"","post_parent":0,"guid":"https:\/\/sachviet.eu\/nha-phat-hanh\/lionbooks\/","menu_order":0,"post_type":"publisher","post_mime_type":"","comment_count":"0","filter":"raw"}},"_links":{"self":[{"href":"https:\/\/sachviet.eu\/en\/wp-json\/wp\/v2\/product\/21249","targetHints":{"allow":["GET"]}}],"collection":[{"href":"https:\/\/sachviet.eu\/en\/wp-json\/wp\/v2\/product"}],"about":[{"href":"https:\/\/sachviet.eu\/en\/wp-json\/wp\/v2\/types\/product"}],"wp:featuredmedia":[{"embeddable":true,"href":"https:\/\/sachviet.eu\/en\/wp-json\/wp\/v2\/media\/21289"}],"wp:attachment":[{"href":"https:\/\/sachviet.eu\/en\/wp-json\/wp\/v2\/media?parent=21249"}],"wp:term":[{"taxonomy":"product_brand","embeddable":true,"href":"https:\/\/sachviet.eu\/en\/wp-json\/wp\/v2\/product_brand?post=21249"},{"taxonomy":"product_cat","embeddable":true,"href":"https:\/\/sachviet.eu\/en\/wp-json\/wp\/v2\/product_cat?post=21249"},{"taxonomy":"product_tag","embeddable":true,"href":"https:\/\/sachviet.eu\/en\/wp-json\/wp\/v2\/product_tag?post=21249"}],"curies":[{"name":"wp","href":"https:\/\/api.w.org\/{rel}","templated":true}]}}