{"id":2117,"date":"2021-02-25T19:22:19","date_gmt":"2021-02-25T17:22:19","guid":{"rendered":"https:\/\/sachviet.eu\/shop\/cuoc-du-hanh-bat-dac-di-cua-stanley\/"},"modified":"2021-07-14T01:50:29","modified_gmt":"2021-07-13T22:50:29","slug":"cuoc-du-hanh-bat-dac-di-cua-stanley","status":"publish","type":"product","link":"https:\/\/sachviet.eu\/en\/shop\/cuoc-du-hanh-bat-dac-di-cua-stanley\/","title":{"rendered":"Cu\u1ed9c Du H\u00e0nh B\u1ea5t \u0110\u1eafc D\u0129 C\u1ee7a Stanley"},"content":{"rendered":"<p>Tr\u00e1i \u0111\u1ea5t c\u1ee7a ch\u00fang ta \u0111ang d\u1ea7n bi\u1ebfn th\u00e0nh m\u1ed9t h\u00e0nh tinh nh\u1ef1a!\u00a0Sarah Roberts \u2013 T\u00e1c gi\u1ea3 cu\u1ed1n s\u00e1ch \u201cCu\u1ed9c du h\u00e0nh b\u1ea5t \u0111\u1eafc d\u0129 c\u1ee7a Stanley\u201d\u00a0\u0111\u1ed3ng th\u1eddi c\u0169ng l\u00e0 m\u1ed9t chuy\u00ean gia nghi\u00ean c\u1ee9u h\u00e0nh vi \u0111\u1ed9ng v\u1eadt v\u00e0 thi\u00ean nhi\u00ean hoang d\u00e3 cho r\u1eb1ng: \u201cN\u1ebfu tr\u1ebb em kh\u00f4ng nh\u1eadn th\u1ee9c \u0111\u01b0\u1ee3c \u0111i\u1ec1u \u0111\u00f3, th\u00ec l\u00e0m sao c\u00e1c em c\u00f3 th\u1ec3 b\u1ea3o v\u1ec7 thi\u00ean nhi\u00ean em y\u00eau m\u1ebfn v\u00e0 nh\u1eefng sinh v\u1eadt tuy\u1ec7t v\u1eddi s\u1ed1ng \u1edf \u0111\u00f3?\u201d.<br \/>\n\u201cCu\u1ed9c du h\u00e0nh b\u1ea5t \u0111\u1eafc d\u0129 c\u1ee7a Stanley\u201d\u00a0l\u00e0 c\u00e2u chuy\u1ec7n v\u1ec1 chuy\u1ebfn du h\u00e0nh &#8220;kinh kh\u1ee7ng, h\u00e3i h\u00f9ng&#8221; c\u1ee7a b\u1ea1n t\u00fai ni-l\u00f4ng Stanley d\u01b0\u1edbi \u0111\u1ea1i d\u01b0\u01a1ng tr\u01b0\u1edbc khi t\u00ecm \u0111\u01b0\u1ee3c n\u01a1i m\u00ecnh th\u1ef1c s\u1ef1 thu\u1ed9c v\u1ec1 v\u00e0 \u00fd ngh\u0129a c\u1ee7a cu\u1ed9c \u0111\u1eddi m\u00ecnh. Nh\u1eefng t\u00ecnh hu\u1ed1ng gay c\u1ea5n li\u00ean t\u1ee5c xu\u1ea5t hi\u1ec7n khi Stanley b\u1ecb c\u00e1c sinh v\u1eadt bi\u1ec3n nh\u1ea7m t\u01b0\u1edfng l\u00e0 th\u1ee9c \u0103n c\u1ee7a ch\u00fang s\u1ebd mang \u0111\u1ebfn cho c\u00e1c b\u1ea1n nh\u1ecf c\u1ea3m x\u00fac m\u1ea1nh m\u1ebd v\u1ec1 nh\u1eefng t\u00e1c h\u1ea1i m\u00e0 r\u00e1c th\u1ea3i nh\u1ef1a c\u00f3 th\u1ec3 g\u00e2y ra cho \u0111\u1ea1i d\u01b0\u01a1ng v\u00e0 c\u00e1c sinh v\u1eadt bi\u1ec3n.\u00a0  <div class=\"banner-grid-wrapper\">\n  <div id=\"banner-grid-1183007813\" class=\"banner-grid row row-grid row-small\" data-packery-options=\"\">\n            <style>\n    #banner-grid-1183007813 .grid-col-1{height: 600px}\n    #banner-grid-1183007813 .grid-col-1-2{height: 300px}\n    #banner-grid-1183007813 .grid-col-1-3{height:200px}\n    #banner-grid-1183007813 .grid-col-2-3{height: 400px}\n    #banner-grid-1183007813 .grid-col-1-4{height: 150px}\n    #banner-grid-1183007813 .grid-col-3-4{height: 450px}\n\n\n        \/* Tablet *\/\n    @media (max-width: 850px){\n      #banner-grid-1183007813 .grid-col-1{height: 400px}\n      #banner-grid-1183007813 .grid-col-1-2{height: 200px}\n      #banner-grid-1183007813 .grid-col-1-3{height:133.33333333333px}\n      #banner-grid-1183007813 .grid-col-2-3{height: 266.66666666667px}\n      #banner-grid-1183007813 .grid-col-1-4{height: 100px}\n      #banner-grid-1183007813 .grid-col-3-4{height: 300px}\n    }\n    \n        \/* Mobile *\/\n    @media (max-width: 550px){\n      #banner-grid-1183007813 .grid-col-1{height: 400px}\n      #banner-grid-1183007813 .grid-col-1-2{height: 200px}\n      #banner-grid-1183007813 .grid-col-1-3{height:133.33333333333px}\n      #banner-grid-1183007813 .grid-col-2-3{height: 266.66666666667px}\n      #banner-grid-1183007813 .grid-col-1-4{height: 100px}\n      #banner-grid-1183007813 .grid-col-3-4{height: 300px}\n    }\n    \n\n  <\/style>\n    <\/div>\n    <style>\n    #banner-grid-1183007813 .grid-col-1{height: 600px}\n    #banner-grid-1183007813 .grid-col-1-2{height: 300px}\n    #banner-grid-1183007813 .grid-col-1-3{height:200px}\n    #banner-grid-1183007813 .grid-col-2-3{height: 400px}\n    #banner-grid-1183007813 .grid-col-1-4{height: 150px}\n    #banner-grid-1183007813 .grid-col-3-4{height: 450px}\n\n\n    \n    \n\n  <\/style>\n    <\/div>\n  \n","protected":false},"excerpt":{"rendered":"<p>Stanley n\u00e0o ph\u1ea3i l\u00e0 m\u1ed9t ch\u00fa s\u1ee9a b\u00ecnh th\u01b0\u1eddng nh\u01b0 bao b\u1ea1n b\u00e8 kh\u00e1c. Ch\u00fa kh\u00f4ng c\u00f3 nh\u1eefng chi\u1ebfc x\u00fac tu d\u00e0i ngo\u1eb1n ngo\u00e8o, th\u00e2n h\u00ecnh ch\u00fa c\u0169ng kh\u00f4ng ph\u00e1t s\u00e1ng \u0111\u1eb9p \u0111\u1ebd m\u00e0 ch\u1ec9 c\u00f3 nh\u1eefng s\u1ecdc d\u00e0i t\u1ebb ng\u1eaft&#8230; v\u00e0 cu\u1ed9c h\u00e0nh tr\u00ecnh b\u1ea5t \u0111\u1eafc d\u0129 c\u1ee7a Stanley d\u01b0\u1edbi \u0111\u00e1y \u0111\u1ea1i d\u01b0\u01a1ng v\u00ec th\u1ebf m\u00e0 v\u00f4 c\u00f9ng ngh\u1eb9t th\u1edf v\u00e0 \u0111\u1ea7y \u1eafp nh\u1eefng \u0111i\u1ec1u b\u1ea5t ng\u1edd.<br \/>\nCu\u1ed1n s\u00e1ch v\u1ec1 ch\u1ee7 \u0111\u1ec1 gi\u00e1o d\u1ee5c m\u00f4i tr\u01b0\u1eddng, khi\u1ebfn con d\u1ec5 d\u00e0ng hi\u1ec3u \u0111\u01b0\u1ee3c h\u1eadu qu\u1ea3 c\u1ee7a vi\u1ec7c x\u1ea3 r\u00e1c th\u1ea3i, t\u00fai nilon ra ngo\u00e0i m\u00f4i tr\u01b0\u1eddng. \u0110i\u1ec1u n\u00e0y gi\u00fap con c\u00f3 \u00fd th\u1ee9c b\u1ea3o v\u1ec7 m\u00f4i tr\u01b0\u1eddng v\u00e0 y\u00eau thi\u00ean nhi\u00ean nhi\u1ec1u h\u01a1n.<\/p>\n","protected":false},"featured_media":2113,"template":"","meta":{"_acf_changed":false},"product_brand":[],"product_cat":[24,25,17],"product_tag":[],"class_list":{"0":"post-2117","1":"product","2":"type-product","3":"status-publish","4":"has-post-thumbnail","6":"product_cat-nha-tre-mau-giao-0-tuoi-6-tuoi","7":"product_cat-nhi-dong-6-tuoi-12-tuoi","8":"product_cat-sach-danh-cho-cac-be","10":"first","11":"instock","12":"taxable","13":"shipping-taxable","14":"purchasable","15":"product-type-simple"},"supplier_id":null,"supplier_sku":"","barcode":null,"atum_controlled":true,"out_stock_date":null,"out_stock_threshold":null,"inheritable":false,"inbound_stock":0,"stock_on_hold":0,"sold_today":0,"sales_last_days":0,"reserved_stock":0,"customer_returns":0,"warehouse_damage":0,"lost_in_post":0,"other_logs":0,"out_stock_days":0,"lost_sales":0,"has_location":false,"update_date":"2026-01-28T23:10:30","atum_locations":[],"atum_stock_status":"instock","restock_status":false,"low_stock_amount":"","sales_update_date":"2026-01-28T23:10:30","calc_backorders":null,"acf":{"publisher":{"ID":1458,"post_author":"1","post_date":"2021-02-17 01:12:22","post_date_gmt":"2021-02-16 23:12:22","post_content":"<!-- wp:flatsome\/uxbuilder -->\n<h1 style=\"text-align: center\"><strong>Crabit Kidbooks<\/strong><\/h1>\n[row]\n\n[col span=\"8\" span__sm=\"12\"]\n\n<p>Crabit Kidbooks l\u00e0 nh\u00e0 ph\u00e1t h\u00e0nh s\u00e1ch thi\u1ebfu nhi thu\u1ed9c C\u00f4ng ty CPTM &amp; XNK Ng\u1ecdc \u00c1nh \u2013 \u0111\u01a1n v\u1ecb h\u01a1n 20 n\u0103m kinh nghi\u1ec7m trong ng\u00e0nh in \u1ea5n v\u00e0 l\u00e0 \u0111\u1ed1i t\u00e1c uy t\u00edn cung c\u1ea5p h\u1ecdc li\u1ec7u, s\u00e1ch v\u1edf h\u1ecdc sinh cho h\u01a1n 5000 kh\u00e1ch h\u00e0ng kh\u1eafp 28 t\u1ec9nh th\u00e0nh ph\u00eda B\u1eafc Vi\u1ec7t Nam H\u1ec7 th\u1ed1ng s\u1ea3n ph\u1ea9m Crabit Kidbooks<\/p>\n<p>Theo s\u1ef1 t\u00ecm hi\u1ec3u c\u1ee7a <strong>SACHVIET.EU<\/strong><strong>\u00a0<\/strong>tuy Crabit Kidbooks l\u00e0 m\u1ed9t nh\u00e0 ph\u00e1t h\u00e0nh tr\u1ebb t\u1ea1i Vi\u1ec7t Nam nh\u01b0ng l\u1ea1i mang \u0111\u1ebfn s\u1ef1 ch\u1ec9n chu qua t\u1eebng trang s\u00e1ch, t\u1eeb ch\u1ea5t li\u1ec7u gi\u1ea5y cao c\u1ea5p, b\u00eca c\u1ee9ng gi\u1eef g\u00ecn s\u00e1ch \u0111\u01b0\u1ee3c b\u1ec1n l\u00e2u \u0111\u1ebfn l\u1eddi v\u0103n c\u00e2u ch\u1eef \u0111\u01b0\u1ee3c ch\u1ecdn l\u1ecdc ch\u1ec9nh s\u1eeda sao cho ti\u1ebfp c\u1eadn th\u00e2n thi\u1ec7n nh\u1ea5t v\u1edbi tr\u1ebb em. <strong>SACHVIET.EU<\/strong> th\u1ef1c s\u1ef1 \u1ea5n t\u01b0\u1ee3ng b\u1edfi t\u1ea7m nh\u00ecn v\u00e0 s\u1ef1 c\u1ed1 g\u1eafng ho\u00e0n thi\u1ec7n nh\u1eefng t\u00e1c ph\u1ea9m c\u00f3 gi\u00e1 tr\u1ecb tuy\u1ec7t v\u1eddi m\u00e0 Crabit Kidbooks mang l\u1ea1i. \u0110\u00e2y c\u0169ng l\u00e0 nh\u00e0 ph\u00e1t h\u00e0nh duy nh\u1ea5t t\u1edbi th\u1eddi \u0111i\u1ec3m n\u00e0y m\u00e0 <strong>SACHVIET.EU<\/strong> quy\u1ebft t\u00e2m h\u1ee3p t\u00e1c mang h\u1ebft t\u1ea5t c\u1ea3 c\u00e1c \u0111\u1ea7u s\u00e1ch m\u00e0 Crabit Kidbooks c\u00f3 \u0111\u1ec3 \u0111em \u0111\u1ebfn Ch\u00e2u \u00c2u ph\u1ee5c v\u1ee5 m\u1ecdi ng\u01b0\u1eddi. \u0110\u00e2y th\u1ef1c s\u1ef1 l\u00e0 m\u1ed9t s\u1ef1 li\u1ec1u l\u0129nh c\u1ee7a <strong>SACHVIET.EU<\/strong>, tuy nhi\u00ean ch\u00fang m\u00ecnh tin t\u01b0\u1edfng v\u00e0 t\u1ef1 tin r\u1eb1ng t\u1eebng cu\u1ed1n s\u00e1ch m\u00e0 ch\u00fang m\u00ecnh gi\u1edbi thi\u1ec7u x\u1ee9ng \u0111\u00e1ng v\u1edbi nh\u1eefng g\u00ec ch\u00fang m\u00ecnh theo \u0111u\u1ed5i.<\/p>\n\n[\/col]\n[col span=\"4\" span__sm=\"12\"]\n\n[ux_image id=\"1701\" image_size=\"medium\"]\n\n\n[\/col]\n\n[\/row]\n\n<!-- \/wp:flatsome\/uxbuilder -->","post_title":"Crabit Kidbooks","post_excerpt":"","post_status":"publish","comment_status":"closed","ping_status":"closed","post_password":"","post_name":"crabit-kidbooks","to_ping":"","pinged":"","post_modified":"2022-12-19 23:12:10","post_modified_gmt":"2022-12-19 21:12:10","post_content_filtered":"","post_parent":0,"guid":"https:\/\/sachviet.eu\/nha-phat-hanh\/crabitkidbooks\/","menu_order":0,"post_type":"publisher","post_mime_type":"","comment_count":"0","filter":"raw"}},"_links":{"self":[{"href":"https:\/\/sachviet.eu\/en\/wp-json\/wp\/v2\/product\/2117","targetHints":{"allow":["GET"]}}],"collection":[{"href":"https:\/\/sachviet.eu\/en\/wp-json\/wp\/v2\/product"}],"about":[{"href":"https:\/\/sachviet.eu\/en\/wp-json\/wp\/v2\/types\/product"}],"wp:featuredmedia":[{"embeddable":true,"href":"https:\/\/sachviet.eu\/en\/wp-json\/wp\/v2\/media\/2113"}],"wp:attachment":[{"href":"https:\/\/sachviet.eu\/en\/wp-json\/wp\/v2\/media?parent=2117"}],"wp:term":[{"taxonomy":"product_brand","embeddable":true,"href":"https:\/\/sachviet.eu\/en\/wp-json\/wp\/v2\/product_brand?post=2117"},{"taxonomy":"product_cat","embeddable":true,"href":"https:\/\/sachviet.eu\/en\/wp-json\/wp\/v2\/product_cat?post=2117"},{"taxonomy":"product_tag","embeddable":true,"href":"https:\/\/sachviet.eu\/en\/wp-json\/wp\/v2\/product_tag?post=2117"}],"curies":[{"name":"wp","href":"https:\/\/api.w.org\/{rel}","templated":true}]}}