{"id":2112,"date":"2021-02-25T19:22:09","date_gmt":"2021-02-25T17:22:09","guid":{"rendered":"https:\/\/sachviet.eu\/shop\/met-ru-ma-van-khong-muon-ngu\/"},"modified":"2021-11-18T22:08:00","modified_gmt":"2021-11-18T20:08:00","slug":"met-ru-ma-van-khong-muon-ngu","status":"publish","type":"product","link":"https:\/\/sachviet.eu\/en\/shop\/met-ru-ma-van-khong-muon-ngu\/","title":{"rendered":"M\u1ec7t r\u0169 m\u00e0 v\u1eabn kh\u00f4ng mu\u1ed1n ng\u1ee7"},"content":{"rendered":"<p>T\u00e1c gi\u1ea3 Susanne Stra\u00dfer \u0111\u00e3 n\u1eafm b\u1eaft t\u00e2m l\u00fd c\u00e1c \u0111\u1ed9c gi\u1ea3 c\u1ee7a m\u00ecnh c\u1ef1c nh\u1ea1y b\u00e9n v\u00e0 chu\u1ea9n x\u00e1c \u0111\u1ec3 vi\u1ebft n\u00ean m\u1ed9t cu\u1ed1n s\u00e1ch h\u1ed9i t\u1ee5 \u0111\u1ea7y \u0111\u1ee7 nh\u1eefng y\u1ebfu t\u1ed1 l\u00e0m t\u1ee5i tr\u1ebb th\u00edch m\u00ea: c\u00e1c b\u1ea1n th\u00fa ng\u1ed9 ngh\u0129nh l\u1ea1i l\u00e1u c\u00e1; ph\u1ea7n l\u1eddi \u0111\u01a1n gi\u1ea3n v\u00e0 l\u1eb7p \u0111i l\u1eb7p l\u1ea1i; c\u00e2u chuy\u1ec7n h\u00e0i h\u01b0\u1edbc v\u1edbi ph\u1ea7n k\u1ebft ch\u1ee9a \u0111\u1ef1ng m\u1ed9t b\u1ea5t ng\u1edd c\u1ef1c k\u1ef3 th\u00fa v\u1ecb v\u00e0 \u0111\u00e1ng mong ch\u1edd.<\/p>\n<p>B\u1eb1ng s\u1ef1 h\u00f3m h\u1ec9nh duy\u00ean d\u00e1ng c\u1ee7a m\u00ecnh, c\u00f4 Susanne \u0111\u00e3 bi\u1ebfn s\u1ef1 l\u1eb7p l\u1ea1i t\u01b0\u1edfng ch\u1eebng nh\u01b0 bu\u1ed3n t\u1ebb, nh\u1eefng h\u00e0nh vi ng\u1ed1c ngh\u1ebfch c\u1ee7a c\u00e1c nh\u00e2n v\u1eadt tr\u1edf n\u00ean \u0111\u1ea7y thi v\u1ecb v\u1edbi nh\u1eefng \u0111\u1ed9c gi\u1ea3 nh\u1ecf tu\u1ed5i, d\u00f9 v\u1edbi ng\u01b0\u1eddi l\u1edbn n\u00f3 c\u00f3 v\u1ebb v\u00f4 ngh\u0129a l\u00fd h\u1ebft s\u1ee9c. H\u00ecnh \u1ea3nh c\u00e1nh c\u1eeda h\u00e9 m\u1edf r\u1ed3i \u0111\u00f3ng l\u1ea1i ngay li\u00ean t\u1ee5c t\u00e1i di\u1ec5n nh\u01b0ng theo m\u1ed9t nh\u1ecbp \u0111i\u1ec7u th\u1eadt nh\u1ecbp nh\u00e0ng, khi\u1ebfn cho cu\u1ed1n s\u00e1ch tr\u1edf n\u00ean \u00eam \u00e1i h\u01a1n, th\u01b0 th\u00e1i h\u01a1n, d\u1ea7n d\u1ea7n \u0111\u01b0a em b\u00e9 v\u00e0o gi\u1ea5c ng\u1ee7.<\/p>\n<p>V\u00e0 khi c\u00e1nh c\u1eeda \u0111\u00f3ng l\u1ea1i l\u1ea7n cu\u1ed1i c\u00f9ng, c\u0169ng l\u00e0 l\u00fac gi\u1edd \u0111i ng\u1ee7 \u0111\u00e3 \u0111i\u1ec3m, g\u1ea5p l\u1ea1i cu\u1ed1n s\u00e1ch v\u00e0 c\u00f9ng c\u00e1c b\u1ea1n th\u00fa ch\u00ecm v\u00e0o gi\u1ea5c ng\u1ee7 v\u1edbi mu\u00f4n ng\u00e0n m\u1ed9ng l\u00e0nh th\u00f4i.  <div class=\"banner-grid-wrapper\">\n  <div id=\"banner-grid-803190961\" class=\"banner-grid row row-grid row-small\" data-packery-options=\"\">\n                      <div class=\"col grid-col large-6 grid-col-1\" ><div class=\"col-inner\">\t<div class=\"img has-hover x md-x lg-x y md-y lg-y\" id=\"image_2129696650\">\n\t\t\t\t\t\t\t\t<div class=\"img-inner dark\" >\n\t\t\t<img loading=\"lazy\" decoding=\"async\" width=\"800\" height=\"807\" src=\"https:\/\/sachviet.eu\/wp-content\/uploads\/2021\/02\/met20ru.png\" class=\"attachment-large size-large\" alt=\"\" srcset=\"https:\/\/sachviet.eu\/wp-content\/uploads\/2021\/02\/met20ru.png 800w, https:\/\/sachviet.eu\/wp-content\/uploads\/2021\/02\/met20ru-297x300.png 297w, https:\/\/sachviet.eu\/wp-content\/uploads\/2021\/02\/met20ru-150x150.png 150w, https:\/\/sachviet.eu\/wp-content\/uploads\/2021\/02\/met20ru-768x775.png 768w, https:\/\/sachviet.eu\/wp-content\/uploads\/2021\/02\/met20ru-600x605.png 600w, https:\/\/sachviet.eu\/wp-content\/uploads\/2021\/02\/met20ru-100x100.png 100w\" sizes=\"auto, (max-width: 800px) 100vw, 800px\" \/>\t\t\t\t\t\t\n\t\t\t\t\t<\/div>\n\t\t\t\t\t\t\t\t\n<style>\n#image_2129696650 {\n  width: 100%;\n}\n<\/style>\n\t<\/div>\n\t<\/div><\/div><div class=\"col grid-col large-6 grid-col-1-2\" ><div class=\"col-inner\">\t<div class=\"img has-hover x md-x lg-x y md-y lg-y\" id=\"image_762959308\">\n\t\t\t\t\t\t\t\t<div class=\"img-inner dark\" >\n\t\t\t<img loading=\"lazy\" decoding=\"async\" width=\"800\" height=\"800\" src=\"https:\/\/sachviet.eu\/wp-content\/uploads\/2021\/02\/anh_trang_trong_01.jpg\" class=\"attachment-large size-large\" alt=\"\" srcset=\"https:\/\/sachviet.eu\/wp-content\/uploads\/2021\/02\/anh_trang_trong_01.jpg 800w, https:\/\/sachviet.eu\/wp-content\/uploads\/2021\/02\/anh_trang_trong_01-300x300.jpg 300w, https:\/\/sachviet.eu\/wp-content\/uploads\/2021\/02\/anh_trang_trong_01-150x150.jpg 150w, https:\/\/sachviet.eu\/wp-content\/uploads\/2021\/02\/anh_trang_trong_01-768x768.jpg 768w, https:\/\/sachviet.eu\/wp-content\/uploads\/2021\/02\/anh_trang_trong_01-600x600.jpg 600w, https:\/\/sachviet.eu\/wp-content\/uploads\/2021\/02\/anh_trang_trong_01-100x100.jpg 100w\" sizes=\"auto, (max-width: 800px) 100vw, 800px\" \/>\t\t\t\t\t\t\n\t\t\t\t\t<\/div>\n\t\t\t\t\t\t\t\t\n<style>\n#image_762959308 {\n  width: 100%;\n}\n<\/style>\n\t<\/div>\n\t<\/div><\/div><div class=\"col grid-col large-6 grid-col-1-2\" ><div class=\"col-inner\">\t<div class=\"img has-hover x md-x lg-x y md-y lg-y\" id=\"image_877598030\">\n\t\t\t\t\t\t\t\t<div class=\"img-inner dark\" >\n\t\t\t<img loading=\"lazy\" decoding=\"async\" width=\"800\" height=\"800\" src=\"https:\/\/sachviet.eu\/wp-content\/uploads\/2021\/02\/anh_trang_trong_02.jpg\" class=\"attachment-large size-large\" alt=\"\" srcset=\"https:\/\/sachviet.eu\/wp-content\/uploads\/2021\/02\/anh_trang_trong_02.jpg 800w, https:\/\/sachviet.eu\/wp-content\/uploads\/2021\/02\/anh_trang_trong_02-300x300.jpg 300w, https:\/\/sachviet.eu\/wp-content\/uploads\/2021\/02\/anh_trang_trong_02-150x150.jpg 150w, https:\/\/sachviet.eu\/wp-content\/uploads\/2021\/02\/anh_trang_trong_02-768x768.jpg 768w, https:\/\/sachviet.eu\/wp-content\/uploads\/2021\/02\/anh_trang_trong_02-600x600.jpg 600w, https:\/\/sachviet.eu\/wp-content\/uploads\/2021\/02\/anh_trang_trong_02-100x100.jpg 100w\" sizes=\"auto, (max-width: 800px) 100vw, 800px\" \/>\t\t\t\t\t\t\n\t\t\t\t\t<\/div>\n\t\t\t\t\t\t\t\t\n<style>\n#image_877598030 {\n  width: 100%;\n}\n<\/style>\n\t<\/div>\n\t<\/div><\/div>            <\/div>\n    <style>\n    #banner-grid-803190961 .grid-col-1{height: 600px}\n    #banner-grid-803190961 .grid-col-1-2{height: 300px}\n    #banner-grid-803190961 .grid-col-1-3{height:200px}\n    #banner-grid-803190961 .grid-col-2-3{height: 400px}\n    #banner-grid-803190961 .grid-col-1-4{height: 150px}\n    #banner-grid-803190961 .grid-col-3-4{height: 450px}\n\n\n    \n    \n\n  <\/style>\n    <\/div>\n  \n","protected":false},"excerpt":{"rendered":"<p>\u201cM\u1ec7t r\u0169 m\u00e0 v\u1eabn kh\u00f4ng mu\u1ed1n ng\u1ee7\u201d l\u00e0 m\u00f3n \u0103n tinh th\u1ea7n ng\u1ecdt ng\u00e0o cho gi\u1ea5c ng\u1ee7 ngoan \u00eam c\u1ee7a nh\u1eefng b\u1ea1n nh\u1ecf h\u00e0ng \u0111\u00eam. \u0110\u1ebfn gi\u1edd \u0111i ng\u1ee7 r\u1ed3i! C\u00e1c b\u1ea1n \u0111\u1ec1u \u0111\u00e3 \u00eam \u1ea5m ch\u1ec9nh t\u1ec1 tr\u00ean gi\u01b0\u1eddng, nh\u1eafm m\u1eaft l\u1ea1i n\u00e0o v\u00e0\u2026<\/p>\n<p>H\u1ea3i C\u1ea9u ph\u1ea3i \u0111i v\u1ec7 sinh.<br \/>\nC\u00e1 S\u1ea5u v\u1eabn ch\u01b0a \u0111\u00e1nh r\u0103ng.<br \/>\nB\u1ed3 N\u00f4ng th\u00ec kh\u00e1t n\u01b0\u1edbc.<br \/>\nC\u00f2n L\u1eeba l\u1ea1i ng\u1ee9a tai!<\/p>\n<p>T\u1eebng b\u1ea1n l\u1ea7n l\u01b0\u1ee3t r\u1eddi gi\u01b0\u1eddng, c\u00e1nh c\u1eeda h\u00e9 m\u1edf r\u1ed3i \u0111\u00f3ng l\u1ea1i ngay.<\/p>\n<p>S\u1ef1 ngh\u1ecbch ng\u1ee3m tinh qu\u00e1i c\u1ee7a c\u00e1c b\u1ea1n th\u00fa trong truy\u1ec7n c\u0169ng gi\u1ed1ng h\u1ec7t nh\u01b0 c\u00e1c em b\u00e9 l\u00e9m l\u1ec9nh v\u1eady. Ngay c\u1ea3 b\u1ed1 m\u1eb9 c\u0169ng h\u1ecdc \u0111\u01b0\u1ee3c \u0111i\u1ec1u g\u00ec \u0111\u00f3 trong cu\u1ed1n s\u00e1ch n\u00e0y, nh\u01b0 m\u1ed9t t\u1ea5m g\u01b0\u01a1ng soi chi\u1ebfu nh\u00f3c con nh\u00e0 m\u00ecnh. Th\u1eadt l\u00e0 m\u1ed9t cu\u1ed1n s\u00e1ch tuy\u1ec7t v\u1eddi v\u1ec1 gi\u1edd \u0111i ng\u1ee7 d\u00e0nh \u0111\u1ecdc trong gi\u1edd \u0111i ng\u1ee7, cho c\u1ea3 nh\u00e0 nh\u1eefng gi\u1edd kh\u1eafc vui v\u1ebb b\u00ean nhau.<\/p>\n","protected":false},"featured_media":2109,"template":"","meta":{"_acf_changed":false},"product_brand":[],"product_cat":[24,25,17],"product_tag":[],"class_list":{"0":"post-2112","1":"product","2":"type-product","3":"status-publish","4":"has-post-thumbnail","6":"product_cat-nha-tre-mau-giao-0-tuoi-6-tuoi","7":"product_cat-nhi-dong-6-tuoi-12-tuoi","8":"product_cat-sach-danh-cho-cac-be","10":"first","11":"outofstock","12":"taxable","13":"shipping-taxable","14":"purchasable","15":"product-type-simple"},"supplier_id":null,"supplier_sku":"","barcode":null,"atum_controlled":true,"out_stock_date":"2021-11-18 20:08:00","out_stock_threshold":null,"inheritable":false,"inbound_stock":0,"stock_on_hold":0,"sold_today":0,"sales_last_days":0,"reserved_stock":0,"customer_returns":0,"warehouse_damage":0,"lost_in_post":0,"other_logs":0,"out_stock_days":1532,"lost_sales":0,"has_location":false,"update_date":"2026-01-28T23:10:30","atum_locations":[],"atum_stock_status":"outofstock","restock_status":false,"low_stock_amount":"","sales_update_date":"2026-01-28T23:10:30","calc_backorders":null,"acf":{"publisher":{"ID":1458,"post_author":"1","post_date":"2021-02-17 01:12:22","post_date_gmt":"2021-02-16 23:12:22","post_content":"<!-- wp:flatsome\/uxbuilder -->\n<h1 style=\"text-align: center\"><strong>Crabit Kidbooks<\/strong><\/h1>\n[row]\n\n[col span=\"8\" span__sm=\"12\"]\n\n<p>Crabit Kidbooks l\u00e0 nh\u00e0 ph\u00e1t h\u00e0nh s\u00e1ch thi\u1ebfu nhi thu\u1ed9c C\u00f4ng ty CPTM &amp; XNK Ng\u1ecdc \u00c1nh \u2013 \u0111\u01a1n v\u1ecb h\u01a1n 20 n\u0103m kinh nghi\u1ec7m trong ng\u00e0nh in \u1ea5n v\u00e0 l\u00e0 \u0111\u1ed1i t\u00e1c uy t\u00edn cung c\u1ea5p h\u1ecdc li\u1ec7u, s\u00e1ch v\u1edf h\u1ecdc sinh cho h\u01a1n 5000 kh\u00e1ch h\u00e0ng kh\u1eafp 28 t\u1ec9nh th\u00e0nh ph\u00eda B\u1eafc Vi\u1ec7t Nam H\u1ec7 th\u1ed1ng s\u1ea3n ph\u1ea9m Crabit Kidbooks<\/p>\n<p>Theo s\u1ef1 t\u00ecm hi\u1ec3u c\u1ee7a <strong>SACHVIET.EU<\/strong><strong>\u00a0<\/strong>tuy Crabit Kidbooks l\u00e0 m\u1ed9t nh\u00e0 ph\u00e1t h\u00e0nh tr\u1ebb t\u1ea1i Vi\u1ec7t Nam nh\u01b0ng l\u1ea1i mang \u0111\u1ebfn s\u1ef1 ch\u1ec9n chu qua t\u1eebng trang s\u00e1ch, t\u1eeb ch\u1ea5t li\u1ec7u gi\u1ea5y cao c\u1ea5p, b\u00eca c\u1ee9ng gi\u1eef g\u00ecn s\u00e1ch \u0111\u01b0\u1ee3c b\u1ec1n l\u00e2u \u0111\u1ebfn l\u1eddi v\u0103n c\u00e2u ch\u1eef \u0111\u01b0\u1ee3c ch\u1ecdn l\u1ecdc ch\u1ec9nh s\u1eeda sao cho ti\u1ebfp c\u1eadn th\u00e2n thi\u1ec7n nh\u1ea5t v\u1edbi tr\u1ebb em. <strong>SACHVIET.EU<\/strong> th\u1ef1c s\u1ef1 \u1ea5n t\u01b0\u1ee3ng b\u1edfi t\u1ea7m nh\u00ecn v\u00e0 s\u1ef1 c\u1ed1 g\u1eafng ho\u00e0n thi\u1ec7n nh\u1eefng t\u00e1c ph\u1ea9m c\u00f3 gi\u00e1 tr\u1ecb tuy\u1ec7t v\u1eddi m\u00e0 Crabit Kidbooks mang l\u1ea1i. \u0110\u00e2y c\u0169ng l\u00e0 nh\u00e0 ph\u00e1t h\u00e0nh duy nh\u1ea5t t\u1edbi th\u1eddi \u0111i\u1ec3m n\u00e0y m\u00e0 <strong>SACHVIET.EU<\/strong> quy\u1ebft t\u00e2m h\u1ee3p t\u00e1c mang h\u1ebft t\u1ea5t c\u1ea3 c\u00e1c \u0111\u1ea7u s\u00e1ch m\u00e0 Crabit Kidbooks c\u00f3 \u0111\u1ec3 \u0111em \u0111\u1ebfn Ch\u00e2u \u00c2u ph\u1ee5c v\u1ee5 m\u1ecdi ng\u01b0\u1eddi. \u0110\u00e2y th\u1ef1c s\u1ef1 l\u00e0 m\u1ed9t s\u1ef1 li\u1ec1u l\u0129nh c\u1ee7a <strong>SACHVIET.EU<\/strong>, tuy nhi\u00ean ch\u00fang m\u00ecnh tin t\u01b0\u1edfng v\u00e0 t\u1ef1 tin r\u1eb1ng t\u1eebng cu\u1ed1n s\u00e1ch m\u00e0 ch\u00fang m\u00ecnh gi\u1edbi thi\u1ec7u x\u1ee9ng \u0111\u00e1ng v\u1edbi nh\u1eefng g\u00ec ch\u00fang m\u00ecnh theo \u0111u\u1ed5i.<\/p>\n\n[\/col]\n[col span=\"4\" span__sm=\"12\"]\n\n[ux_image id=\"1701\" image_size=\"medium\"]\n\n\n[\/col]\n\n[\/row]\n\n<!-- \/wp:flatsome\/uxbuilder -->","post_title":"Crabit Kidbooks","post_excerpt":"","post_status":"publish","comment_status":"closed","ping_status":"closed","post_password":"","post_name":"crabit-kidbooks","to_ping":"","pinged":"","post_modified":"2022-12-19 23:12:10","post_modified_gmt":"2022-12-19 21:12:10","post_content_filtered":"","post_parent":0,"guid":"https:\/\/sachviet.eu\/nha-phat-hanh\/crabitkidbooks\/","menu_order":0,"post_type":"publisher","post_mime_type":"","comment_count":"0","filter":"raw"}},"_links":{"self":[{"href":"https:\/\/sachviet.eu\/en\/wp-json\/wp\/v2\/product\/2112","targetHints":{"allow":["GET"]}}],"collection":[{"href":"https:\/\/sachviet.eu\/en\/wp-json\/wp\/v2\/product"}],"about":[{"href":"https:\/\/sachviet.eu\/en\/wp-json\/wp\/v2\/types\/product"}],"wp:featuredmedia":[{"embeddable":true,"href":"https:\/\/sachviet.eu\/en\/wp-json\/wp\/v2\/media\/2109"}],"wp:attachment":[{"href":"https:\/\/sachviet.eu\/en\/wp-json\/wp\/v2\/media?parent=2112"}],"wp:term":[{"taxonomy":"product_brand","embeddable":true,"href":"https:\/\/sachviet.eu\/en\/wp-json\/wp\/v2\/product_brand?post=2112"},{"taxonomy":"product_cat","embeddable":true,"href":"https:\/\/sachviet.eu\/en\/wp-json\/wp\/v2\/product_cat?post=2112"},{"taxonomy":"product_tag","embeddable":true,"href":"https:\/\/sachviet.eu\/en\/wp-json\/wp\/v2\/product_tag?post=2112"}],"curies":[{"name":"wp","href":"https:\/\/api.w.org\/{rel}","templated":true}]}}