{"id":2105,"date":"2021-02-25T19:21:32","date_gmt":"2021-02-25T17:21:32","guid":{"rendered":"https:\/\/sachviet.eu\/shop\/bo-sach-truyen-doc-truoc-gio-di-ngu-set-4-quyen\/"},"modified":"2024-02-21T13:39:41","modified_gmt":"2024-02-21T11:39:41","slug":"bo-sach-truyen-doc-truoc-gio-di-ngu-set-4-quyen","status":"publish","type":"product","link":"https:\/\/sachviet.eu\/en\/shop\/bo-sach-truyen-doc-truoc-gio-di-ngu-set-4-quyen\/","title":{"rendered":"B\u1ed9 s\u00e1ch \u201cTruy\u1ec7n \u0111\u1ecdc tr\u01b0\u1edbc gi\u1edd \u0111i ng\u1ee7\u201d \u2013 set 4 quy\u1ec3n"},"content":{"rendered":"<p>B\u1ed9 s\u00e1ch &#8220;Truy\u1ec7n \u0111\u1ecdc tr\u01b0\u1edbc gi\u1edd \u0111i ng\u1ee7&#8221; bao g\u1ed3m 4 t\u1eadp s\u00e1ch v\u1eeba v\u1eb7n v\u1edbi gi\u1edd \u0111\u1ecdc s\u00e1ch tr\u01b0\u1edbc khi \u0111i ng\u1ee7 c\u1ee7a tr\u1ebb nh\u1ecf m\u1ed7i ng\u00e0y. M\u1ed7i t\u1eadp s\u00e1ch l\u00e0 m\u1ed9t l\u1eddi th\u1ee7 th\u1ec9 v\u1ec1 nh\u1eefng b\u00e0i h\u1ecdc \u0111\u1ea7u \u0111\u1eddi th\u1ea5m th\u00eda d\u00e0nh cho tr\u1ebb nh\u01b0 \u0111\u1eebng n\u00ean ch\u1ee7 quan, c\u1eady m\u1ea1nh khinh y\u1ebfu; cu\u1ed9c s\u1ed1ng xa hoa \u0111\u1ee7 \u0111\u1ea7y v\u1ec1 m\u1eb7t v\u1eadt ch\u1ea5t ch\u01b0a ch\u1eafc \u0111\u00e3 \u0111em l\u1ea1i h\u1ea1nh ph\u00fac b\u1eb1ng nh\u1eefng th\u1ee9 \u0111\u01a1n s\u01a1 gi\u1ea3n d\u1ecb, v\u00e0 \u0111\u00f4i khi nh\u1eefng th\u1ee9 m\u00ecnh t\u00ecm ki\u1ebfm ch\u1eb3ng \u1edf \u0111\u00e2u xa x\u00f4i ngo\u00e0i t\u1ea7m v\u1edbi, m\u00e0 ch\u1ec9 \u1edf g\u1ea7n ngay tr\u01b0\u1edbc m\u1eaft \u0111\u00e2y th\u00f4i.<\/p>\n<p>\u0110\u00e2y l\u00e0 b\u1ed9 s\u00e1ch ho\u00e0n h\u1ea3o \u0111\u1ec3 b\u1ed1 m\u1eb9 c\u00f9ng \u0111\u1ecdc v\u1edbi tr\u1ebb v\u00e0o gi\u1edd \u0111\u1ecdc s\u00e1ch tr\u01b0\u1edbc gi\u1edd \u0111i ng\u1ee7.<\/p>\n<p>B\u1ed9 s\u00e1ch ph\u00f9 h\u1ee3p v\u1edbi tr\u1ebb t\u1eeb \u0111\u1ed9 tu\u1ed5i 1+.  <div class=\"banner-grid-wrapper\">\n  <div id=\"banner-grid-1508081982\" class=\"banner-grid row row-grid row-small\" data-packery-options=\"\">\n            <style>\n    #banner-grid-1508081982 .grid-col-1{height: 600px}\n    #banner-grid-1508081982 .grid-col-1-2{height: 300px}\n    #banner-grid-1508081982 .grid-col-1-3{height:200px}\n    #banner-grid-1508081982 .grid-col-2-3{height: 400px}\n    #banner-grid-1508081982 .grid-col-1-4{height: 150px}\n    #banner-grid-1508081982 .grid-col-3-4{height: 450px}\n\n\n        \/* Tablet *\/\n    @media (max-width: 850px){\n      #banner-grid-1508081982 .grid-col-1{height: 400px}\n      #banner-grid-1508081982 .grid-col-1-2{height: 200px}\n      #banner-grid-1508081982 .grid-col-1-3{height:133.33333333333px}\n      #banner-grid-1508081982 .grid-col-2-3{height: 266.66666666667px}\n      #banner-grid-1508081982 .grid-col-1-4{height: 100px}\n      #banner-grid-1508081982 .grid-col-3-4{height: 300px}\n    }\n    \n        \/* Mobile *\/\n    @media (max-width: 550px){\n      #banner-grid-1508081982 .grid-col-1{height: 400px}\n      #banner-grid-1508081982 .grid-col-1-2{height: 200px}\n      #banner-grid-1508081982 .grid-col-1-3{height:133.33333333333px}\n      #banner-grid-1508081982 .grid-col-2-3{height: 266.66666666667px}\n      #banner-grid-1508081982 .grid-col-1-4{height: 100px}\n      #banner-grid-1508081982 .grid-col-3-4{height: 300px}\n    }\n    \n\n  <\/style>\n    <\/div>\n    <style>\n    #banner-grid-1508081982 .grid-col-1{height: 600px}\n    #banner-grid-1508081982 .grid-col-1-2{height: 300px}\n    #banner-grid-1508081982 .grid-col-1-3{height:200px}\n    #banner-grid-1508081982 .grid-col-2-3{height: 400px}\n    #banner-grid-1508081982 .grid-col-1-4{height: 150px}\n    #banner-grid-1508081982 .grid-col-3-4{height: 450px}\n\n\n    \n    \n\n  <\/style>\n    <\/div>\n  \n","protected":false},"excerpt":{"rendered":"<p>B\u1ed9 s\u00e1ch &#8220;Truy\u1ec7n \u0111\u1ecdc tr\u01b0\u1edbc gi\u1edd \u0111i ng\u1ee7&#8221;\u00a0bao g\u1ed3m 4 t\u1eadp s\u00e1ch:<\/p>\n<p>1. Ai m\u1ea1nh nh\u1ea5t<br \/>\n2. Ai nhanh h\u01a1n<br \/>\n3. Chuy\u1ebfn phi\u00eau l\u01b0u c\u1ee7a Chu\u1ed9t nh\u00e0 qu\u00ea<br \/>\n4. Chi\u1ebfn c\u00f4ng c\u1ee7a Chu\u1ed9t Nh\u1ecf<\/p>\n<p>\u201cN\u1ebfu mu\u1ed1n con m\u00ecnh th\u1eadt th\u00f4ng minh, h\u00e3y \u0111\u1ecdc c\u1ed5 t\u00edch cho ch\u00fang nghe. N\u1ebfu mu\u1ed1n con th\u00f4ng minh h\u01a1n n\u1eefa, h\u00e3y \u0111\u1ecdc cho ch\u00fang c\u00e0ng nhi\u1ec1u c\u1ed5 t\u00edch h\u01a1n.\u201d &#8211; Albert Einstein.<\/p>\n<p>\u0110\u1ed1i v\u1edbi con tr\u1ebb, c\u00f2n g\u00ec tuy\u1ec7t di\u1ec7u h\u01a1n \u0111\u01b0\u1ee3c th\u1ea3 m\u00ecnh trong m\u1ed9t th\u1ebf gi\u1edbi trong tr\u1ebbo \u00eam \u1ea3 c\u00f9ng c\u00e1c lo\u00e0i v\u1eadt, b\u1edfi tr\u01b0\u1edbc nay t\u1ee5i nh\u1ecf v\u1eabn lu\u00f4n th\u00edch m\u00ea nh\u1eefng c\u00e2u chuy\u1ec7n v\u1ec1 mu\u00f4n lo\u00e0i. C\u00f9ng v\u1edbi anh em nh\u00e0 Chu\u1ed9t, gia \u0111\u00ecnh Chu\u1ed9t \u0110\u1ed3ng, S\u01b0 T\u1eed, R\u00f9a, Th\u1ecf&#8230;\u00a0 c\u00e1c em nh\u1ecf kh\u00f4ng ch\u1ec9 \u0111\u01b0\u1ee3c nghe nh\u1eefng c\u00e2u chuy\u1ec7n ly k\u1ef3 vui th\u00fa, m\u00e0 c\u00f2n \u0111\u01b0\u1ee3c h\u1ecdc bao b\u00e0i h\u1ecdc v\u1ec1 cu\u1ed9c s\u1ed1ng qu\u00fd b\u00e1u, \u0111\u1ea7y th\u1ea5m th\u00eda.<\/p>\n<p>B\u00ean c\u1ea1nh nh\u1eefng b\u00e0i h\u1ecdc \u0111\u1ea1o \u0111\u1ee9c, tr\u1ebb c\u0169ng nh\u1eadn \u0111\u01b0\u1ee3c nh\u1eefng k\u1ef9 n\u0103ng quan tr\u1ecdng trong cu\u1ed9c s\u1ed1ng nh\u01b0 c\u00e1ch gi\u1ea3i quy\u1ebft v\u1ea5n \u0111\u1ec1, kh\u1ea3 n\u0103ng ph\u00e2n t\u00edch t\u00ecnh hu\u1ed1ng, h\u1ecdc c\u00e1ch \u0111\u01b0a ra quy\u1ebft \u0111\u1ecbnh. T\u1ea5t c\u1ea3 \u0111\u1ec1u th\u00f4ng qua m\u1ed9t c\u00e1ch ti\u1ebfp c\u1eadn nh\u1eb9 nh\u00e0ng, m\u1ed9t l\u0103ng k\u00ednh \u0111a s\u1eafc t\u00f4 \u0111i\u1ec3m cho g\u00f3c nh\u00ecn cu\u1ed9c s\u1ed1ng th\u00eam nh\u1eefng s\u1eafc m\u00e0u t\u01b0\u01a1i m\u1edbi.<\/p>\n","protected":false},"featured_media":2100,"template":"","meta":{"_acf_changed":false},"product_brand":[],"product_cat":[24,25,17],"product_tag":[],"class_list":{"0":"post-2105","1":"product","2":"type-product","3":"status-publish","4":"has-post-thumbnail","6":"product_cat-nha-tre-mau-giao-0-tuoi-6-tuoi","7":"product_cat-nhi-dong-6-tuoi-12-tuoi","8":"product_cat-sach-danh-cho-cac-be","10":"first","11":"outofstock","12":"taxable","13":"shipping-taxable","14":"purchasable","15":"product-type-simple"},"supplier_id":null,"supplier_sku":"","barcode":null,"atum_controlled":true,"out_stock_date":"2024-02-21 11:39:41","out_stock_threshold":null,"inheritable":false,"inbound_stock":2,"stock_on_hold":0,"sold_today":0,"sales_last_days":0,"reserved_stock":0,"customer_returns":0,"warehouse_damage":0,"lost_in_post":0,"other_logs":0,"out_stock_days":707,"lost_sales":0,"has_location":false,"update_date":"2026-01-28T23:10:30","atum_locations":[],"atum_stock_status":"outofstock","restock_status":false,"low_stock_amount":"","sales_update_date":"2026-01-28T23:10:30","calc_backorders":null,"acf":{"publisher":{"ID":1458,"post_author":"1","post_date":"2021-02-17 01:12:22","post_date_gmt":"2021-02-16 23:12:22","post_content":"<!-- wp:flatsome\/uxbuilder -->\n<h1 style=\"text-align: center\"><strong>Crabit Kidbooks<\/strong><\/h1>\n[row]\n\n[col span=\"8\" span__sm=\"12\"]\n\n<p>Crabit Kidbooks l\u00e0 nh\u00e0 ph\u00e1t h\u00e0nh s\u00e1ch thi\u1ebfu nhi thu\u1ed9c C\u00f4ng ty CPTM &amp; XNK Ng\u1ecdc \u00c1nh \u2013 \u0111\u01a1n v\u1ecb h\u01a1n 20 n\u0103m kinh nghi\u1ec7m trong ng\u00e0nh in \u1ea5n v\u00e0 l\u00e0 \u0111\u1ed1i t\u00e1c uy t\u00edn cung c\u1ea5p h\u1ecdc li\u1ec7u, s\u00e1ch v\u1edf h\u1ecdc sinh cho h\u01a1n 5000 kh\u00e1ch h\u00e0ng kh\u1eafp 28 t\u1ec9nh th\u00e0nh ph\u00eda B\u1eafc Vi\u1ec7t Nam H\u1ec7 th\u1ed1ng s\u1ea3n ph\u1ea9m Crabit Kidbooks<\/p>\n<p>Theo s\u1ef1 t\u00ecm hi\u1ec3u c\u1ee7a <strong>SACHVIET.EU<\/strong><strong>\u00a0<\/strong>tuy Crabit Kidbooks l\u00e0 m\u1ed9t nh\u00e0 ph\u00e1t h\u00e0nh tr\u1ebb t\u1ea1i Vi\u1ec7t Nam nh\u01b0ng l\u1ea1i mang \u0111\u1ebfn s\u1ef1 ch\u1ec9n chu qua t\u1eebng trang s\u00e1ch, t\u1eeb ch\u1ea5t li\u1ec7u gi\u1ea5y cao c\u1ea5p, b\u00eca c\u1ee9ng gi\u1eef g\u00ecn s\u00e1ch \u0111\u01b0\u1ee3c b\u1ec1n l\u00e2u \u0111\u1ebfn l\u1eddi v\u0103n c\u00e2u ch\u1eef \u0111\u01b0\u1ee3c ch\u1ecdn l\u1ecdc ch\u1ec9nh s\u1eeda sao cho ti\u1ebfp c\u1eadn th\u00e2n thi\u1ec7n nh\u1ea5t v\u1edbi tr\u1ebb em. <strong>SACHVIET.EU<\/strong> th\u1ef1c s\u1ef1 \u1ea5n t\u01b0\u1ee3ng b\u1edfi t\u1ea7m nh\u00ecn v\u00e0 s\u1ef1 c\u1ed1 g\u1eafng ho\u00e0n thi\u1ec7n nh\u1eefng t\u00e1c ph\u1ea9m c\u00f3 gi\u00e1 tr\u1ecb tuy\u1ec7t v\u1eddi m\u00e0 Crabit Kidbooks mang l\u1ea1i. \u0110\u00e2y c\u0169ng l\u00e0 nh\u00e0 ph\u00e1t h\u00e0nh duy nh\u1ea5t t\u1edbi th\u1eddi \u0111i\u1ec3m n\u00e0y m\u00e0 <strong>SACHVIET.EU<\/strong> quy\u1ebft t\u00e2m h\u1ee3p t\u00e1c mang h\u1ebft t\u1ea5t c\u1ea3 c\u00e1c \u0111\u1ea7u s\u00e1ch m\u00e0 Crabit Kidbooks c\u00f3 \u0111\u1ec3 \u0111em \u0111\u1ebfn Ch\u00e2u \u00c2u ph\u1ee5c v\u1ee5 m\u1ecdi ng\u01b0\u1eddi. \u0110\u00e2y th\u1ef1c s\u1ef1 l\u00e0 m\u1ed9t s\u1ef1 li\u1ec1u l\u0129nh c\u1ee7a <strong>SACHVIET.EU<\/strong>, tuy nhi\u00ean ch\u00fang m\u00ecnh tin t\u01b0\u1edfng v\u00e0 t\u1ef1 tin r\u1eb1ng t\u1eebng cu\u1ed1n s\u00e1ch m\u00e0 ch\u00fang m\u00ecnh gi\u1edbi thi\u1ec7u x\u1ee9ng \u0111\u00e1ng v\u1edbi nh\u1eefng g\u00ec ch\u00fang m\u00ecnh theo \u0111u\u1ed5i.<\/p>\n\n[\/col]\n[col span=\"4\" span__sm=\"12\"]\n\n[ux_image id=\"1701\" image_size=\"medium\"]\n\n\n[\/col]\n\n[\/row]\n\n<!-- \/wp:flatsome\/uxbuilder -->","post_title":"Crabit Kidbooks","post_excerpt":"","post_status":"publish","comment_status":"closed","ping_status":"closed","post_password":"","post_name":"crabit-kidbooks","to_ping":"","pinged":"","post_modified":"2022-12-19 23:12:10","post_modified_gmt":"2022-12-19 21:12:10","post_content_filtered":"","post_parent":0,"guid":"https:\/\/sachviet.eu\/nha-phat-hanh\/crabitkidbooks\/","menu_order":0,"post_type":"publisher","post_mime_type":"","comment_count":"0","filter":"raw"}},"_links":{"self":[{"href":"https:\/\/sachviet.eu\/en\/wp-json\/wp\/v2\/product\/2105","targetHints":{"allow":["GET"]}}],"collection":[{"href":"https:\/\/sachviet.eu\/en\/wp-json\/wp\/v2\/product"}],"about":[{"href":"https:\/\/sachviet.eu\/en\/wp-json\/wp\/v2\/types\/product"}],"wp:featuredmedia":[{"embeddable":true,"href":"https:\/\/sachviet.eu\/en\/wp-json\/wp\/v2\/media\/2100"}],"wp:attachment":[{"href":"https:\/\/sachviet.eu\/en\/wp-json\/wp\/v2\/media?parent=2105"}],"wp:term":[{"taxonomy":"product_brand","embeddable":true,"href":"https:\/\/sachviet.eu\/en\/wp-json\/wp\/v2\/product_brand?post=2105"},{"taxonomy":"product_cat","embeddable":true,"href":"https:\/\/sachviet.eu\/en\/wp-json\/wp\/v2\/product_cat?post=2105"},{"taxonomy":"product_tag","embeddable":true,"href":"https:\/\/sachviet.eu\/en\/wp-json\/wp\/v2\/product_tag?post=2105"}],"curies":[{"name":"wp","href":"https:\/\/api.w.org\/{rel}","templated":true}]}}