{"id":2099,"date":"2021-02-25T19:20:43","date_gmt":"2021-02-25T17:20:43","guid":{"rendered":"https:\/\/sachviet.eu\/shop\/tit-tap-mai-tan-tren-cao\/"},"modified":"2021-11-18T22:07:59","modified_gmt":"2021-11-18T20:07:59","slug":"tit-tap-mai-tan-tren-cao","status":"publish","type":"product","link":"https:\/\/sachviet.eu\/en\/shop\/tit-tap-mai-tan-tren-cao\/","title":{"rendered":"T\u00edt t\u1eafp m\u00e3i t\u1eadn tr\u00ean cao"},"content":{"rendered":"<p>Tr\u01b0\u1edbc m\u1ed9t nan \u0111\u1ec1 th\u00ec h\u1eb3n nhi\u00ean l\u00e0 m\u00ecnh ph\u1ea3i \u0111i t\u00ecm c\u00e1ch gi\u1ea3i r\u1ed3i. M\u1ed9t \u00fd t\u01b0\u1edfng v\u1ee5t tho\u00e1ng qua khi Heo H\u1ed3ng \u0111i ngang. \u201cH\u1ea5p\u201d, Heo H\u1ed3ng nh\u1ea3y ph\u1eaft l\u00ean l\u01b0ng G\u1ea5u Nh\u1ecf, nh\u01b0ng v\u1eabn ch\u1eb3ng xi nh\u00ea. B\u00e1nh v\u1eabn \u1edf qu\u00e1 cao c\u00f2n hai b\u1ea1n nh\u1ecf th\u00ec th\u1ea5p l\u1eb9t \u0111\u1eb9t.<\/p>\n<p>May sao c\u00f3 b\u1ea1n Ch\u00f3 X\u00e1m \u0111i ngang.<br \/>\nR\u1ed3i b\u1ea1n Th\u1ecf V\u00e0ng.<br \/>\nC\u1ea3 b\u1ea1n G\u00e0 Tr\u1ed1ng.<br \/>\nV\u1edbi b\u1ea1n \u1ebech C\u1ed1m.<\/p>\n<p>C\u00e1c b\u1ea1n \u0111\u00e3 s\u1eafp th\u00e0nh m\u1ed9t h\u00e0ng cao l\u1eafm r\u1ed3i m\u00e0 chi\u1ebfc b\u00e1nh v\u1eabn c\u00f2n xa x\u0103m qu\u00e1 \u0111\u1ed7i. N\u1ebfu c\u00e1ch n\u00e0y kh\u00f4ng hi\u1ec7u qu\u1ea3 th\u00ec ph\u1ea3i c\u00f3 gi\u1ea3i ph\u00e1p g\u00ec kh\u00e1c ch\u1ee9 nh\u1ec9? C\u00f9ng t\u00ecm \u0111\u1ecdc cu\u1ed1n s\u00e1ch \u0111\u1ec3 xem c\u00f4 t\u00e1c gi\u1ea3 Susanne Stra\u00dfer \u0111\u00e3 c\u00f3 c\u00e1ch gi\u1ea3i quy\u1ebft c\u1ef1c th\u00f4ng minh v\u00e0 th\u00fa v\u1ecb g\u00ec nh\u00e9!<\/p>\n<p>S\u00e1ch b\u00eca b\u1ed3i c\u1ee9ng<br \/>\nKh\u1ed5 s\u00e1ch: 14x24cm  <div class=\"banner-grid-wrapper\">\n  <div id=\"banner-grid-1916614329\" class=\"banner-grid row row-grid row-small\" data-packery-options=\"\">\n                      <div class=\"col grid-col large-6 grid-col-1\" ><div class=\"col-inner\">\t<div class=\"img has-hover x md-x lg-x y md-y lg-y\" id=\"image_458013388\">\n\t\t\t\t\t\t\t\t<div class=\"img-inner dark\" >\n\t\t\t<img loading=\"lazy\" decoding=\"async\" width=\"800\" height=\"807\" src=\"https:\/\/sachviet.eu\/wp-content\/uploads\/2021\/02\/tit20tap.png\" class=\"attachment-large size-large\" alt=\"\" srcset=\"https:\/\/sachviet.eu\/wp-content\/uploads\/2021\/02\/tit20tap.png 800w, https:\/\/sachviet.eu\/wp-content\/uploads\/2021\/02\/tit20tap-297x300.png 297w, https:\/\/sachviet.eu\/wp-content\/uploads\/2021\/02\/tit20tap-150x150.png 150w, https:\/\/sachviet.eu\/wp-content\/uploads\/2021\/02\/tit20tap-768x775.png 768w, https:\/\/sachviet.eu\/wp-content\/uploads\/2021\/02\/tit20tap-600x605.png 600w, https:\/\/sachviet.eu\/wp-content\/uploads\/2021\/02\/tit20tap-100x100.png 100w\" sizes=\"auto, (max-width: 800px) 100vw, 800px\" \/>\t\t\t\t\t\t\n\t\t\t\t\t<\/div>\n\t\t\t\t\t\t\t\t\n<style>\n#image_458013388 {\n  width: 100%;\n}\n<\/style>\n\t<\/div>\n\t<\/div><\/div><div class=\"col grid-col large-6 grid-col-1-2\" ><div class=\"col-inner\">\t<div class=\"img has-hover x md-x lg-x y md-y lg-y\" id=\"image_1764621678\">\n\t\t\t\t\t\t\t\t<div class=\"img-inner dark\" >\n\t\t\t<img loading=\"lazy\" decoding=\"async\" width=\"800\" height=\"800\" src=\"https:\/\/sachviet.eu\/wp-content\/uploads\/2021\/02\/anh_trang_trong_04.jpg\" class=\"attachment-large size-large\" alt=\"\" srcset=\"https:\/\/sachviet.eu\/wp-content\/uploads\/2021\/02\/anh_trang_trong_04.jpg 800w, https:\/\/sachviet.eu\/wp-content\/uploads\/2021\/02\/anh_trang_trong_04-300x300.jpg 300w, https:\/\/sachviet.eu\/wp-content\/uploads\/2021\/02\/anh_trang_trong_04-150x150.jpg 150w, https:\/\/sachviet.eu\/wp-content\/uploads\/2021\/02\/anh_trang_trong_04-768x768.jpg 768w, https:\/\/sachviet.eu\/wp-content\/uploads\/2021\/02\/anh_trang_trong_04-600x600.jpg 600w, https:\/\/sachviet.eu\/wp-content\/uploads\/2021\/02\/anh_trang_trong_04-100x100.jpg 100w\" sizes=\"auto, (max-width: 800px) 100vw, 800px\" \/>\t\t\t\t\t\t\n\t\t\t\t\t<\/div>\n\t\t\t\t\t\t\t\t\n<style>\n#image_1764621678 {\n  width: 100%;\n}\n<\/style>\n\t<\/div>\n\t<\/div><\/div><div class=\"col grid-col large-6 grid-col-1-2\" ><div class=\"col-inner\">\t<div class=\"img has-hover x md-x lg-x y md-y lg-y\" id=\"image_1534428164\">\n\t\t\t\t\t\t\t\t<div class=\"img-inner dark\" >\n\t\t\t<img loading=\"lazy\" decoding=\"async\" width=\"800\" height=\"800\" src=\"https:\/\/sachviet.eu\/wp-content\/uploads\/2021\/02\/anh_trang_trong_03.jpg\" class=\"attachment-large size-large\" alt=\"\" srcset=\"https:\/\/sachviet.eu\/wp-content\/uploads\/2021\/02\/anh_trang_trong_03.jpg 800w, https:\/\/sachviet.eu\/wp-content\/uploads\/2021\/02\/anh_trang_trong_03-300x300.jpg 300w, https:\/\/sachviet.eu\/wp-content\/uploads\/2021\/02\/anh_trang_trong_03-150x150.jpg 150w, https:\/\/sachviet.eu\/wp-content\/uploads\/2021\/02\/anh_trang_trong_03-768x768.jpg 768w, https:\/\/sachviet.eu\/wp-content\/uploads\/2021\/02\/anh_trang_trong_03-600x600.jpg 600w, https:\/\/sachviet.eu\/wp-content\/uploads\/2021\/02\/anh_trang_trong_03-100x100.jpg 100w\" sizes=\"auto, (max-width: 800px) 100vw, 800px\" \/>\t\t\t\t\t\t\n\t\t\t\t\t<\/div>\n\t\t\t\t\t\t\t\t\n<style>\n#image_1534428164 {\n  width: 100%;\n}\n<\/style>\n\t<\/div>\n\t<\/div><\/div>            <\/div>\n    <style>\n    #banner-grid-1916614329 .grid-col-1{height: 600px}\n    #banner-grid-1916614329 .grid-col-1-2{height: 300px}\n    #banner-grid-1916614329 .grid-col-1-3{height:200px}\n    #banner-grid-1916614329 .grid-col-2-3{height: 400px}\n    #banner-grid-1916614329 .grid-col-1-4{height: 150px}\n    #banner-grid-1916614329 .grid-col-3-4{height: 450px}\n\n\n    \n    \n\n  <\/style>\n    <\/div>\n  \n","protected":false},"excerpt":{"rendered":"<p>\u201cT\u00edt t\u1eafp m\u00e3i t\u1eadn tr\u00ean cao\u201d \u0111\u01b0\u1ee3c v\u00ed nh\u01b0 m\u1ed9t \u201cm\u00f3n tr\u00e1ng mi\u1ec7ng th\u01a1m ngon\u201d v\u1edbi t\u00ecnh hu\u1ed1ng h\u00e0i h\u01b0\u1edbc, h\u00ecnh minh h\u1ecda ng\u1ed9 ngh\u0129nh c\u00f9ng kh\u1ed5 s\u00e1ch l\u00e0 l\u1ea1 kh\u00e1c th\u01b0\u1eddng d\u00e0nh cho m\u1ecdi b\u1ea1n nh\u1ecf nh\u00e2m nhi c\u00f9ng b\u1ed1 m\u1eb9 v\u00e0o gi\u1edd \u0111\u1ecdc s\u00e1ch tr\u01b0\u1edbc khi \u0111i ng\u1ee7.<\/p>\n<p>Khi nh\u00ecn th\u1ea5y m\u1ed9t chi\u1ebfc b\u00e1nh ngon l\u00e0nh tr\u00ean b\u1eadu c\u1eeda s\u1ed5. G\u1ea5u Nh\u1ecf th\u1ea7m ngh\u0129, \u00f4i ch\u00e0, chi\u1ebfc b\u00e1nh th\u01a1m l\u1eebng kia m\u1edbi h\u1ea5p d\u1eabn l\u00e0m sao. ng\u1eb7t n\u1ed7i b\u00e1nh l\u1ea1i \u1edf qu\u00e1 cao, c\u00f2n G\u1ea5u Nh\u1ecf th\u00ec m\u00e3i d\u01b0\u1edbi, th\u1ea5p t\u00e8 t\u00e8 th\u1ebf n\u00e0y.<\/p>\n<p>L\u00e0m sao \u0111\u1ec3 v\u1edbi t\u1edbi chi\u1ebfc b\u00e1nh qu\u1ea3 l\u00e0 m\u1ed9t nan \u0111\u1ec1?<\/p>\n<p>C\u00f9ng v\u1edbi nh\u1eefng ng\u01b0\u1eddi b\u1ea1n \u0111\u00e1ng y\u00eau, G\u1ea5u Nh\u1ecf \u0111\u00e3 c\u00f3 c\u00e1ch gi\u1ea3i quy\u1ebft c\u1ef1c th\u00f4ng minh v\u00e0 th\u00fa v\u1ecb nh\u00e9!<\/p>\n<p>\u0110\u00e2u c\u1ea7n nh\u1eefng th\u00f4ng \u0111i\u1ec7p, \u00fd ngh\u0129a s\u00e2u xa, nh\u1eefng l\u1eddi d\u1ea1y th\u00e2m th\u00fay, tr\u1ebb s\u1ebd \u0111\u01b0\u1ee3c \u0111\u1ecdc s\u00e1ch th\u1eadt vui v\u1ebb m\u00e0 v\u1eabn h\u1ecdc \u0111\u01b0\u1ee3c nh\u1eefng b\u00e0i h\u1ecdc hay ho, nh\u01b0 l\u00e0 c\u00e1ch chia s\u1ebb v\u1edbi b\u00e8 b\u1ea1n ch\u1eb3ng h\u1ea1n.<\/p>\n","protected":false},"featured_media":2096,"template":"","meta":{"_acf_changed":false},"product_brand":[],"product_cat":[24,25,17],"product_tag":[],"class_list":{"0":"post-2099","1":"product","2":"type-product","3":"status-publish","4":"has-post-thumbnail","6":"product_cat-nha-tre-mau-giao-0-tuoi-6-tuoi","7":"product_cat-nhi-dong-6-tuoi-12-tuoi","8":"product_cat-sach-danh-cho-cac-be","10":"first","11":"outofstock","12":"taxable","13":"shipping-taxable","14":"purchasable","15":"product-type-simple"},"supplier_id":null,"supplier_sku":"","barcode":null,"atum_controlled":true,"out_stock_date":"2021-11-18 20:08:00","out_stock_threshold":null,"inheritable":false,"inbound_stock":0,"stock_on_hold":0,"sold_today":0,"sales_last_days":0,"reserved_stock":0,"customer_returns":0,"warehouse_damage":0,"lost_in_post":0,"other_logs":0,"out_stock_days":1532,"lost_sales":0,"has_location":false,"update_date":"2026-01-28T23:10:30","atum_locations":[],"atum_stock_status":"outofstock","restock_status":false,"low_stock_amount":"","sales_update_date":"2026-01-28T23:10:30","calc_backorders":null,"acf":{"publisher":{"ID":1458,"post_author":"1","post_date":"2021-02-17 01:12:22","post_date_gmt":"2021-02-16 23:12:22","post_content":"<!-- wp:flatsome\/uxbuilder -->\n<h1 style=\"text-align: center\"><strong>Crabit Kidbooks<\/strong><\/h1>\n[row]\n\n[col span=\"8\" span__sm=\"12\"]\n\n<p>Crabit Kidbooks l\u00e0 nh\u00e0 ph\u00e1t h\u00e0nh s\u00e1ch thi\u1ebfu nhi thu\u1ed9c C\u00f4ng ty CPTM &amp; XNK Ng\u1ecdc \u00c1nh \u2013 \u0111\u01a1n v\u1ecb h\u01a1n 20 n\u0103m kinh nghi\u1ec7m trong ng\u00e0nh in \u1ea5n v\u00e0 l\u00e0 \u0111\u1ed1i t\u00e1c uy t\u00edn cung c\u1ea5p h\u1ecdc li\u1ec7u, s\u00e1ch v\u1edf h\u1ecdc sinh cho h\u01a1n 5000 kh\u00e1ch h\u00e0ng kh\u1eafp 28 t\u1ec9nh th\u00e0nh ph\u00eda B\u1eafc Vi\u1ec7t Nam H\u1ec7 th\u1ed1ng s\u1ea3n ph\u1ea9m Crabit Kidbooks<\/p>\n<p>Theo s\u1ef1 t\u00ecm hi\u1ec3u c\u1ee7a <strong>SACHVIET.EU<\/strong><strong>\u00a0<\/strong>tuy Crabit Kidbooks l\u00e0 m\u1ed9t nh\u00e0 ph\u00e1t h\u00e0nh tr\u1ebb t\u1ea1i Vi\u1ec7t Nam nh\u01b0ng l\u1ea1i mang \u0111\u1ebfn s\u1ef1 ch\u1ec9n chu qua t\u1eebng trang s\u00e1ch, t\u1eeb ch\u1ea5t li\u1ec7u gi\u1ea5y cao c\u1ea5p, b\u00eca c\u1ee9ng gi\u1eef g\u00ecn s\u00e1ch \u0111\u01b0\u1ee3c b\u1ec1n l\u00e2u \u0111\u1ebfn l\u1eddi v\u0103n c\u00e2u ch\u1eef \u0111\u01b0\u1ee3c ch\u1ecdn l\u1ecdc ch\u1ec9nh s\u1eeda sao cho ti\u1ebfp c\u1eadn th\u00e2n thi\u1ec7n nh\u1ea5t v\u1edbi tr\u1ebb em. <strong>SACHVIET.EU<\/strong> th\u1ef1c s\u1ef1 \u1ea5n t\u01b0\u1ee3ng b\u1edfi t\u1ea7m nh\u00ecn v\u00e0 s\u1ef1 c\u1ed1 g\u1eafng ho\u00e0n thi\u1ec7n nh\u1eefng t\u00e1c ph\u1ea9m c\u00f3 gi\u00e1 tr\u1ecb tuy\u1ec7t v\u1eddi m\u00e0 Crabit Kidbooks mang l\u1ea1i. \u0110\u00e2y c\u0169ng l\u00e0 nh\u00e0 ph\u00e1t h\u00e0nh duy nh\u1ea5t t\u1edbi th\u1eddi \u0111i\u1ec3m n\u00e0y m\u00e0 <strong>SACHVIET.EU<\/strong> quy\u1ebft t\u00e2m h\u1ee3p t\u00e1c mang h\u1ebft t\u1ea5t c\u1ea3 c\u00e1c \u0111\u1ea7u s\u00e1ch m\u00e0 Crabit Kidbooks c\u00f3 \u0111\u1ec3 \u0111em \u0111\u1ebfn Ch\u00e2u \u00c2u ph\u1ee5c v\u1ee5 m\u1ecdi ng\u01b0\u1eddi. \u0110\u00e2y th\u1ef1c s\u1ef1 l\u00e0 m\u1ed9t s\u1ef1 li\u1ec1u l\u0129nh c\u1ee7a <strong>SACHVIET.EU<\/strong>, tuy nhi\u00ean ch\u00fang m\u00ecnh tin t\u01b0\u1edfng v\u00e0 t\u1ef1 tin r\u1eb1ng t\u1eebng cu\u1ed1n s\u00e1ch m\u00e0 ch\u00fang m\u00ecnh gi\u1edbi thi\u1ec7u x\u1ee9ng \u0111\u00e1ng v\u1edbi nh\u1eefng g\u00ec ch\u00fang m\u00ecnh theo \u0111u\u1ed5i.<\/p>\n\n[\/col]\n[col span=\"4\" span__sm=\"12\"]\n\n[ux_image id=\"1701\" image_size=\"medium\"]\n\n\n[\/col]\n\n[\/row]\n\n<!-- \/wp:flatsome\/uxbuilder -->","post_title":"Crabit Kidbooks","post_excerpt":"","post_status":"publish","comment_status":"closed","ping_status":"closed","post_password":"","post_name":"crabit-kidbooks","to_ping":"","pinged":"","post_modified":"2022-12-19 23:12:10","post_modified_gmt":"2022-12-19 21:12:10","post_content_filtered":"","post_parent":0,"guid":"https:\/\/sachviet.eu\/nha-phat-hanh\/crabitkidbooks\/","menu_order":0,"post_type":"publisher","post_mime_type":"","comment_count":"0","filter":"raw"}},"_links":{"self":[{"href":"https:\/\/sachviet.eu\/en\/wp-json\/wp\/v2\/product\/2099","targetHints":{"allow":["GET"]}}],"collection":[{"href":"https:\/\/sachviet.eu\/en\/wp-json\/wp\/v2\/product"}],"about":[{"href":"https:\/\/sachviet.eu\/en\/wp-json\/wp\/v2\/types\/product"}],"wp:featuredmedia":[{"embeddable":true,"href":"https:\/\/sachviet.eu\/en\/wp-json\/wp\/v2\/media\/2096"}],"wp:attachment":[{"href":"https:\/\/sachviet.eu\/en\/wp-json\/wp\/v2\/media?parent=2099"}],"wp:term":[{"taxonomy":"product_brand","embeddable":true,"href":"https:\/\/sachviet.eu\/en\/wp-json\/wp\/v2\/product_brand?post=2099"},{"taxonomy":"product_cat","embeddable":true,"href":"https:\/\/sachviet.eu\/en\/wp-json\/wp\/v2\/product_cat?post=2099"},{"taxonomy":"product_tag","embeddable":true,"href":"https:\/\/sachviet.eu\/en\/wp-json\/wp\/v2\/product_tag?post=2099"}],"curies":[{"name":"wp","href":"https:\/\/api.w.org\/{rel}","templated":true}]}}