{"id":2089,"date":"2021-02-25T19:16:02","date_gmt":"2021-02-25T17:16:02","guid":{"rendered":"https:\/\/sachviet.eu\/shop\/ngong-suzy-ngoc-nghech-ma-khong-ngo-nghech\/"},"modified":"2022-12-09T13:20:07","modified_gmt":"2022-12-09T11:20:07","slug":"ngong-suzy-ngoc-nghech-ma-khong-ngo-nghech","status":"publish","type":"product","link":"https:\/\/sachviet.eu\/en\/shop\/ngong-suzy-ngoc-nghech-ma-khong-ngo-nghech\/","title":{"rendered":"Ng\u1ed7ng Suzy ng\u1ed1c ngh\u1ebfch m\u00e0 kh\u00f4ng ng\u1edd ngh\u1ec7ch"},"content":{"rendered":"<p>Tho\u1ea1t nh\u00ecn th\u00ec Suzy c\u0169ng ch\u1eb3ng kh\u00e1c g\u00ec nh\u1eefng c\u00f4 c\u1eadu ng\u1ed7ng c\u00f2n l\u1ea1i trong \u0111\u00e0n, \u1ea5y th\u1ebf m\u00e0 \u0111\u00f3 l\u1ea1i l\u00e0 m\u1ed9t c\u00f4 ng\u1ed7ng v\u1edbi nh\u1eefng \u01b0\u1edbc v\u1ecdng l\u1edbn lao!<\/p>\n<p>C\u1ea3 ng\u00e0y Suzy c\u1ee9 m\u1ea3i m\u00ea m\u01a1 m\u1ed9ng \u0111\u01b0\u1ee3c b\u1eaft ch\u01b0\u1edbc theo c\u00e1c lo\u00e0i v\u1eadt kh\u00e1c tr\u00ean nh\u1eefng chuy\u1ebfn h\u00e0nh tr\u00ecnh nhi\u1ec1u ni\u1ec1m vui b\u1ea5t t\u1eadn, cho t\u1edbi m\u1ed9t ng\u00e0y kia, c\u00f4 b\u00e9 ch\u1ecdc gi\u1eadn m\u1ed9t ch\u00fa s\u01b0 t\u1eed \u0111ang c\u1eafm c\u1ea3u v\u1edbi ti\u1ebfng g\u1ea7mqu\u00e1cccccc \u0111\u1ea7y ch\u00f3i tai c\u1ee7a m\u00ecnh, v\u00e0 t\u1eeb s\u1ef1 c\u1ed1 h\u00fa h\u1ed3n \u1ea5y m\u00e0 Suzy \u0111\u00e3 t\u1ef1 t\u00ecm ra c\u00e2u tr\u1ea3 l\u1eddi r\u1eb1ng n\u00ean t\u1ecf ra th\u1eadt kh\u00e1c bi\u1ec7t hay na n\u00e1 gi\u1ed1ng c\u00e1c b\u1ea1n c\u00f2n l\u1ea1i th\u00ec h\u01a1n.<\/p>\n<p>Cu\u1ed1n s\u00e1ch &#8220;Ng\u1ed7ng Suzy ng\u1ed1c ngh\u1ebfch m\u00e0 kh\u00f4ng ng\u1edd ngh\u1ec7ch&#8221;\u00a0l\u00e0 m\u1ed9t h\u00e0nh tr\u00ecnh \u0111\u1ea7y th\u00fa v\u1ecb v\u00e0 m\u1edbi l\u1ea1 m\u00e0 c\u00e1c em nh\u1ecf s\u1ebd ph\u1ea7n n\u00e0o t\u00ecm \u0111\u01b0\u1ee3c ch\u00ednh m\u00ecnh trong \u0111\u00f3.<\/p>\n<p>S\u00e1ch b\u00eca c\u1ee9ng, c\u00f3 \u00e1o jacket tay g\u1eadp.<br \/>\nKh\u1ed5 s\u00e1ch: 21x23cm  <div class=\"banner-grid-wrapper\">\n  <div id=\"banner-grid-821949705\" class=\"banner-grid row row-grid row-small\" data-packery-options=\"\">\n            <style>\n    #banner-grid-821949705 .grid-col-1{height: 600px}\n    #banner-grid-821949705 .grid-col-1-2{height: 300px}\n    #banner-grid-821949705 .grid-col-1-3{height:200px}\n    #banner-grid-821949705 .grid-col-2-3{height: 400px}\n    #banner-grid-821949705 .grid-col-1-4{height: 150px}\n    #banner-grid-821949705 .grid-col-3-4{height: 450px}\n\n\n        \/* Tablet *\/\n    @media (max-width: 850px){\n      #banner-grid-821949705 .grid-col-1{height: 400px}\n      #banner-grid-821949705 .grid-col-1-2{height: 200px}\n      #banner-grid-821949705 .grid-col-1-3{height:133.33333333333px}\n      #banner-grid-821949705 .grid-col-2-3{height: 266.66666666667px}\n      #banner-grid-821949705 .grid-col-1-4{height: 100px}\n      #banner-grid-821949705 .grid-col-3-4{height: 300px}\n    }\n    \n        \/* Mobile *\/\n    @media (max-width: 550px){\n      #banner-grid-821949705 .grid-col-1{height: 400px}\n      #banner-grid-821949705 .grid-col-1-2{height: 200px}\n      #banner-grid-821949705 .grid-col-1-3{height:133.33333333333px}\n      #banner-grid-821949705 .grid-col-2-3{height: 266.66666666667px}\n      #banner-grid-821949705 .grid-col-1-4{height: 100px}\n      #banner-grid-821949705 .grid-col-3-4{height: 300px}\n    }\n    \n\n  <\/style>\n    <\/div>\n    <style>\n    #banner-grid-821949705 .grid-col-1{height: 600px}\n    #banner-grid-821949705 .grid-col-1-2{height: 300px}\n    #banner-grid-821949705 .grid-col-1-3{height:200px}\n    #banner-grid-821949705 .grid-col-2-3{height: 400px}\n    #banner-grid-821949705 .grid-col-1-4{height: 150px}\n    #banner-grid-821949705 .grid-col-3-4{height: 450px}\n\n\n    \n    \n\n  <\/style>\n    <\/div>\n  \n","protected":false},"excerpt":{"rendered":"<p>&#8220;Ng\u1ed7ng Suzy ng\u1ed1c ngh\u1ebfch m\u00e0 kh\u00f4ng ng\u1edd ngh\u1ec7ch&#8221; l\u00e0 m\u1ed9t cu\u1ed1n s\u00e1ch th\u00fa v\u1ecb c\u00f9ng nh\u1eefng trang s\u00e1ch v\u1edbi \u0111\u1ee7 m\u1ecdi h\u00e0nh \u0111\u1ed9ng; minh h\u1ecda h\u00f2a h\u1ee3p v\u1edbi ph\u1ea7n l\u1eddi gi\u00fap cho c\u00e1c \u0111\u1ed9c gi\u1ea3 nh\u00ed c\u00f3 nh\u1eefng gi\u1edd \u0111\u1ecdc s\u00e1ch th\u1eadt vui v\u1ebb, c\u00f9ng l\u00fac thu nh\u1eadn \u0111\u01b0\u1ee3c th\u1eadt nhi\u1ec1u v\u1ed1n t\u1eeb m\u1edbi v\u1ec1 h\u00e0nh \u0111\u1ed9ng v\u00e0 \u00e2m thanh. M\u1ed9t cu\u1ed1n s\u00e1ch xu\u1ea5t s\u1eafc d\u00e0nh cho c\u00e1c em nh\u1ecf, v\u00e0 c\u0169ng l\u00e0 m\u1ed9t c\u00f4ng c\u1ee5 \u0111\u1eafc l\u1ef1c cho tr\u1ebb trong giai \u0111o\u1ea1n ti\u1ec1n t\u1eadp \u0111\u1ecdc, vi\u1ebft.<\/p>\n","protected":false},"featured_media":2085,"template":"","meta":{"_acf_changed":false},"product_brand":[],"product_cat":[25,17],"product_tag":[],"class_list":{"0":"post-2089","1":"product","2":"type-product","3":"status-publish","4":"has-post-thumbnail","6":"product_cat-nhi-dong-6-tuoi-12-tuoi","7":"product_cat-sach-danh-cho-cac-be","9":"first","10":"instock","11":"taxable","12":"shipping-taxable","13":"purchasable","14":"product-type-simple"},"supplier_id":null,"supplier_sku":"","barcode":null,"atum_controlled":true,"out_stock_date":null,"out_stock_threshold":null,"inheritable":false,"inbound_stock":0,"stock_on_hold":0,"sold_today":0,"sales_last_days":0,"reserved_stock":0,"customer_returns":0,"warehouse_damage":0,"lost_in_post":0,"other_logs":0,"out_stock_days":0,"lost_sales":0,"has_location":false,"update_date":"2026-01-28T23:10:30","atum_locations":[],"atum_stock_status":"instock","restock_status":false,"low_stock_amount":"","sales_update_date":"2026-01-28T23:10:30","calc_backorders":null,"acf":{"publisher":{"ID":1458,"post_author":"1","post_date":"2021-02-17 01:12:22","post_date_gmt":"2021-02-16 23:12:22","post_content":"<!-- wp:flatsome\/uxbuilder -->\n<h1 style=\"text-align: center\"><strong>Crabit Kidbooks<\/strong><\/h1>\n[row]\n\n[col span=\"8\" span__sm=\"12\"]\n\n<p>Crabit Kidbooks l\u00e0 nh\u00e0 ph\u00e1t h\u00e0nh s\u00e1ch thi\u1ebfu nhi thu\u1ed9c C\u00f4ng ty CPTM &amp; XNK Ng\u1ecdc \u00c1nh \u2013 \u0111\u01a1n v\u1ecb h\u01a1n 20 n\u0103m kinh nghi\u1ec7m trong ng\u00e0nh in \u1ea5n v\u00e0 l\u00e0 \u0111\u1ed1i t\u00e1c uy t\u00edn cung c\u1ea5p h\u1ecdc li\u1ec7u, s\u00e1ch v\u1edf h\u1ecdc sinh cho h\u01a1n 5000 kh\u00e1ch h\u00e0ng kh\u1eafp 28 t\u1ec9nh th\u00e0nh ph\u00eda B\u1eafc Vi\u1ec7t Nam H\u1ec7 th\u1ed1ng s\u1ea3n ph\u1ea9m Crabit Kidbooks<\/p>\n<p>Theo s\u1ef1 t\u00ecm hi\u1ec3u c\u1ee7a <strong>SACHVIET.EU<\/strong><strong>\u00a0<\/strong>tuy Crabit Kidbooks l\u00e0 m\u1ed9t nh\u00e0 ph\u00e1t h\u00e0nh tr\u1ebb t\u1ea1i Vi\u1ec7t Nam nh\u01b0ng l\u1ea1i mang \u0111\u1ebfn s\u1ef1 ch\u1ec9n chu qua t\u1eebng trang s\u00e1ch, t\u1eeb ch\u1ea5t li\u1ec7u gi\u1ea5y cao c\u1ea5p, b\u00eca c\u1ee9ng gi\u1eef g\u00ecn s\u00e1ch \u0111\u01b0\u1ee3c b\u1ec1n l\u00e2u \u0111\u1ebfn l\u1eddi v\u0103n c\u00e2u ch\u1eef \u0111\u01b0\u1ee3c ch\u1ecdn l\u1ecdc ch\u1ec9nh s\u1eeda sao cho ti\u1ebfp c\u1eadn th\u00e2n thi\u1ec7n nh\u1ea5t v\u1edbi tr\u1ebb em. <strong>SACHVIET.EU<\/strong> th\u1ef1c s\u1ef1 \u1ea5n t\u01b0\u1ee3ng b\u1edfi t\u1ea7m nh\u00ecn v\u00e0 s\u1ef1 c\u1ed1 g\u1eafng ho\u00e0n thi\u1ec7n nh\u1eefng t\u00e1c ph\u1ea9m c\u00f3 gi\u00e1 tr\u1ecb tuy\u1ec7t v\u1eddi m\u00e0 Crabit Kidbooks mang l\u1ea1i. \u0110\u00e2y c\u0169ng l\u00e0 nh\u00e0 ph\u00e1t h\u00e0nh duy nh\u1ea5t t\u1edbi th\u1eddi \u0111i\u1ec3m n\u00e0y m\u00e0 <strong>SACHVIET.EU<\/strong> quy\u1ebft t\u00e2m h\u1ee3p t\u00e1c mang h\u1ebft t\u1ea5t c\u1ea3 c\u00e1c \u0111\u1ea7u s\u00e1ch m\u00e0 Crabit Kidbooks c\u00f3 \u0111\u1ec3 \u0111em \u0111\u1ebfn Ch\u00e2u \u00c2u ph\u1ee5c v\u1ee5 m\u1ecdi ng\u01b0\u1eddi. \u0110\u00e2y th\u1ef1c s\u1ef1 l\u00e0 m\u1ed9t s\u1ef1 li\u1ec1u l\u0129nh c\u1ee7a <strong>SACHVIET.EU<\/strong>, tuy nhi\u00ean ch\u00fang m\u00ecnh tin t\u01b0\u1edfng v\u00e0 t\u1ef1 tin r\u1eb1ng t\u1eebng cu\u1ed1n s\u00e1ch m\u00e0 ch\u00fang m\u00ecnh gi\u1edbi thi\u1ec7u x\u1ee9ng \u0111\u00e1ng v\u1edbi nh\u1eefng g\u00ec ch\u00fang m\u00ecnh theo \u0111u\u1ed5i.<\/p>\n\n[\/col]\n[col span=\"4\" span__sm=\"12\"]\n\n[ux_image id=\"1701\" image_size=\"medium\"]\n\n\n[\/col]\n\n[\/row]\n\n<!-- \/wp:flatsome\/uxbuilder -->","post_title":"Crabit Kidbooks","post_excerpt":"","post_status":"publish","comment_status":"closed","ping_status":"closed","post_password":"","post_name":"crabit-kidbooks","to_ping":"","pinged":"","post_modified":"2022-12-19 23:12:10","post_modified_gmt":"2022-12-19 21:12:10","post_content_filtered":"","post_parent":0,"guid":"https:\/\/sachviet.eu\/nha-phat-hanh\/crabitkidbooks\/","menu_order":0,"post_type":"publisher","post_mime_type":"","comment_count":"0","filter":"raw"}},"_links":{"self":[{"href":"https:\/\/sachviet.eu\/en\/wp-json\/wp\/v2\/product\/2089","targetHints":{"allow":["GET"]}}],"collection":[{"href":"https:\/\/sachviet.eu\/en\/wp-json\/wp\/v2\/product"}],"about":[{"href":"https:\/\/sachviet.eu\/en\/wp-json\/wp\/v2\/types\/product"}],"wp:featuredmedia":[{"embeddable":true,"href":"https:\/\/sachviet.eu\/en\/wp-json\/wp\/v2\/media\/2085"}],"wp:attachment":[{"href":"https:\/\/sachviet.eu\/en\/wp-json\/wp\/v2\/media?parent=2089"}],"wp:term":[{"taxonomy":"product_brand","embeddable":true,"href":"https:\/\/sachviet.eu\/en\/wp-json\/wp\/v2\/product_brand?post=2089"},{"taxonomy":"product_cat","embeddable":true,"href":"https:\/\/sachviet.eu\/en\/wp-json\/wp\/v2\/product_cat?post=2089"},{"taxonomy":"product_tag","embeddable":true,"href":"https:\/\/sachviet.eu\/en\/wp-json\/wp\/v2\/product_tag?post=2089"}],"curies":[{"name":"wp","href":"https:\/\/api.w.org\/{rel}","templated":true}]}}