{"id":2067,"date":"2021-02-21T00:10:36","date_gmt":"2021-02-20T22:10:36","guid":{"rendered":"https:\/\/sachviet.eu\/shop\/ehon-chiec-mieng-cua-troi-dem\/"},"modified":"2022-12-19T18:54:09","modified_gmt":"2022-12-19T16:54:09","slug":"ehon-chiec-mieng-cua-troi-dem","status":"publish","type":"product","link":"https:\/\/sachviet.eu\/en\/shop\/ehon-chiec-mieng-cua-troi-dem\/","title":{"rendered":"Ehon Chi\u1ebfc mi\u1ec7ng c\u1ee7a tr\u1eddi \u0111\u00eam"},"content":{"rendered":"<p>S\u00e1ch Ehon Chi\u1ebfc mi\u1ec7ng c\u1ee7a b\u1ea7u tr\u1eddi \u0111\u00eam gi\u00fap b\u00e9 ph\u00e1t huy s\u1ee9c s\u00e1ng t\u1ea1o<br \/>\nC\u00e2u chuy\u1ec7n v\u1ec1 Chi\u1ebfc mi\u1ec7ng c\u1ee7a b\u1ea7u tr\u1eddi \u0111\u00eam mang l\u1ea1i cho b\u00e9 nh\u1eefng chi ti\u1ebft r\u1ea5t th\u00fa v\u1ecb \u0111\u00fang kh\u00f4ng n\u00e0o? C\u00f3 th\u1ec3 v\u1edbi b\u1ed1 m\u1eb9, nh\u1eefng vi\u1ec7c nh\u01b0 m\u1eb7t tr\u0103ng xu\u1ea5t hi\u1ec7n m\u1ed7i \u0111\u00eam l\u00e0 chuy\u1ec7n hi\u1ec3n nhi\u00ean, v\u00e0 th\u1eadt kh\u00f3 \u0111\u1ec3 b\u1ed1 m\u1eb9 c\u00f3 th\u1ec3 gi\u1ea3i th\u00edch cho con t\u1ea1i sao l\u1ea1i nh\u01b0 v\u1eady. Nh\u01b0ng \u0111\u1ed1i v\u1edbi tr\u1ebb th\u01a1, c\u00e1c b\u00e9 l\u1ea1i nh\u00ecn nh\u1eefng c\u00e2u chuy\u1ec7n \u0111\u00f3 theo m\u1ed9t g\u00f3c nh\u00ecn r\u1ea5t kh\u00e1c, v\u00e0 con c\u00f3 th\u1ec3 t\u1ef1 t\u01b0\u1edfng t\u01b0\u1ee3ng ra m\u1ed9t c\u00e2u chuy\u1ec7n \u0111\u1ec3 gi\u1ea3i th\u00edch cho nh\u1eefng \u0111i\u1ec1u m\u00e0 con nh\u00ecn th\u1ea5y. \u0110\u00f3 c\u0169ng ch\u00ednh l\u00e0 m\u1ed9t c\u00e1ch r\u1ea5t th\u00fa v\u1ecb \u0111\u1ec3 kh\u01a1i g\u1ee3i cho b\u00e9 nh\u1eefng \u00fd ni\u1ec7m \u0111\u1ea7u ti\u00ean v\u1ec1 t\u01b0\u1edfng t\u01b0\u1ee3ng.<\/p>\n<p>K\u1ebft c\u1ea5u c\u00e2u chuy\u1ec7n Ehon \u201cChi\u1ebfc mi\u1ec7ng c\u1ee7a b\u1ea7u tr\u1eddi \u0111\u00eam\u201d t\u01b0\u1edfng nh\u01b0 l\u1eb7p \u0111i l\u1eb7p l\u1ea1i nh\u01b0ng v\u1edbi m\u1ed7i chi ti\u1ebft, c\u00e2u chuy\u1ec7n l\u1ea1i mang \u0111\u1ebfn nh\u1eefng b\u1ea5t ng\u1edd \u0111\u1eb7c bi\u1ec7t h\u01a1n. L\u1eadt gi\u1edf m\u1ed1i trang truy\u1ec7n, c\u00e1c b\u00e9 s\u1ebd \u0111i t\u1eeb b\u1ea5t ng\u1edd n\u00e0y \u0111\u1ebfn b\u1ea5t ng\u1edd kh\u00e1c, ch\u1edd \u0111\u1ee3i xem m\u00e0n \u0111\u00eam h\u00f4m nay n\u00f3i \u0111i\u1ec1u g\u00ec v\u1edbi b\u00e9 nh\u1ec9? Nh\u1eefng \u0111i\u1ec1u b\u1ea5t ng\u1edd \u0111\u1eb7c bi\u1ec7t nh\u01b0 v\u1eady s\u1ebd khi\u1ebfn b\u00e9 th\u00edch th\u00fa h\u01a1n, b\u1edfi m\u1ed7i l\u1ea7n \u0111\u1ecdc l\u00e0 m\u1ed9t l\u1ea7n kh\u00e1m ph\u00e1.<\/p>\n<p>V\u1edbi nh\u1eefng chi ti\u1ebft th\u00fa v\u1ecb trong cu\u1ed1n truy\u1ec7n Ehon \u201cChi\u1ebfc mi\u1ec7ng c\u1ee7a b\u1ea7u tr\u1eddi \u0111\u00eam\u201d, tr\u00ed t\u01b0\u1edfng t\u01b0\u1ee3ng c\u1ee7a c\u00e1c em b\u00e9 s\u1ebd \u0111\u01b0\u1ee3c ph\u00e1t tri\u1ec3n m\u1ed9t c\u00e1ch v\u01b0\u1ee3t tr\u1ed9i. Khi \u0111\u01b0a ra nh\u1eefng h\u00ecnh \u1ea3nh ch\u1ec9 thay \u0111\u1ed5i m\u1ed9t ch\u00fat, b\u00e9 \u0111\u01b0\u1ee3c quy\u1ec1n t\u01b0\u1edfng t\u01b0\u1ee3ng v\u00e0 li\u00ean k\u1ebft ch\u00fang v\u1edbi nh\u1eefng x\u00fac c\u1ea3m c\u1ee7a b\u1ea3n th\u00e2n nh\u01b0 vui, c\u01b0\u1eddi, \u0111\u00f3i b\u1ee5ng hay bu\u1ed3n b\u00e3,\u2026 Th\u00ec ra b\u1ea7u tr\u1eddi \u0111\u00eam c\u0169ng ch\u1eb3ng kh\u00e1c n\u00e0o nh\u1eefng em b\u00e9 nh\u1ec9?<\/p>\n<p>Qua nh\u1eefng l\u1ea7n t\u01b0\u1edfng t\u01b0\u1ee3ng \u0111\u00f3, ph\u1ea7n Th\u00f9y Tr\u00e1n c\u1ee7a tr\u1ebb s\u1ebd ph\u00e1t tri\u1ec3n h\u01a1n. Th\u00f9y Tr\u00e1n c\u00f3 ch\u1ee9c n\u0103ng ch\u00ednh l\u00e0 t\u01b0 duy logic, l\u1eadp k\u1ebf ho\u1ea1ch, s\u00e1ng t\u1ea1o, x\u1eed l\u00fd ng\u00f4n ng\u1eef v\u00e0 ki\u1ec3m so\u00e1t c\u1ea3m x\u00fac. \u0110\u00e2y c\u0169ng l\u00e0 ph\u1ea7n n\u00e3o b\u1ed9 \u0111i\u1ec1u ch\u1ec9nh suy ngh\u0129 v\u00e0 c\u00e1c h\u00e0nh vi nh\u01b0 \u0111i, n\u00f3i, suy lu\u00e2\u0323n. Con se\u0303 tr\u01a1\u0309 n\u00ean sa\u0301ng ta\u0323o, linh hoa\u0323t h\u01a1n khi co\u0301 th\u00ea\u0309 t\u01b0\u0323 gia\u0309i quy\u00ea\u0301t ca\u0301c v\u00e2\u0301n \u0111\u00ea\u0300 xa\u0309y ra xung quanh mi\u0300nh.<\/p>\n<p>Cu\u1ed1n truy\u1ec7n k\u00edch th\u00edch tr\u00ed t\u01b0\u1edfng t\u01b0\u1ee3ng kh\u00f4ng gi\u1edbi h\u1ea1n c\u1ee7a c\u00e1c em b\u00e9 trong \u0111\u1ed9 tu\u1ed5i t\u1eeb 0 \u2013 6, \u0111\u1ed9 tu\u1ed5i v\u00e0ng cho ph\u00e1t tri\u1ec3n tr\u00ed tu\u1ec7 c\u1ee7a c\u00e1c em b\u00e9. Nu\u00f4i d\u01b0\u1ee1ng tr\u00ed th\u00f4ng minh v\u00e0 t\u00e2m h\u1ed3n con v\u1edbi nh\u1eefng \u0111i\u1ec1u b\u00e9 nh\u1ecf nh\u01b0 nh\u1eefng cu\u1ed1n s\u00e1ch Ehon Nh\u1eadt B\u1ea3n s\u1ebd khi\u1ebfn b\u1ed1 m\u1eb9 ng\u1ea1c nhi\u00ean khi th\u1ea5y k\u1ebft qu\u1ea3 bi\u1ec3u hi\u1ec7n d\u1ea7n d\u1ea7n \u1edf t\u01b0 duy c\u1ee7a con.<\/p>\n<p>Cu\u1ed1n Ehon \u201cChi\u1ebfc mi\u1ec7ng c\u1ee7a b\u1ea7u tr\u1eddi \u0111\u00eam\u201d c\u00f2n mang m\u1ed9t \u00fd ngh\u0129a r\u1ea5t \u0111\u1eb7c bi\u1ec7t v\u1edbi c\u00e1c em b\u00e9 n\u1eefa. V\u1edbi m\u00e0n \u0111\u00eam \u0111en, c\u00e1c em b\u00e9 th\u01b0\u1eddng s\u1ee3 h\u00e3i v\u00ec t\u01b0\u1edfng r\u1eb1ng m\u00e0n \u0111\u00eam s\u1ebd \u1ea9n ch\u1ee9a nh\u1eefng \u0111i\u1ec1u \u0111\u00e1ng s\u1ee3. Th\u1ebf nh\u01b0ng v\u1edbi c\u00e2u chuy\u1ec7n n\u00e0y, b\u1ea7u tr\u1eddi \u0111\u00eam v\u1edbi chi\u1ebfc mi\u1ec7ng nho\u1ebbn c\u01b0\u1eddi, \u0111\u00f4i khi l\u00e0 chi\u1ebfc mi\u1ec7ng h\u00e1u \u0103n hay bu\u1ed3n m\u1ed9t ch\u00fat c\u0169ng r\u1ea5t g\u1ea7n g\u0169i v\u1edbi con v\u00e0 khi\u1ebfn m\u00e0n \u0111\u00eam kh\u00f4ng c\u00f2n \u0111\u00e1ng s\u1ee3 g\u00ec n\u1eefa. V\u1eady l\u00e0 cu\u1ed1n s\u00e1ch l\u1ea1i th\u1ef1c hi\u1ec7n th\u00eam m\u1ed9t nhi\u1ec7m v\u1ee5, \u0111\u00f3 l\u00e0 k\u00e9o b\u00e9 \u0111\u1ebfn g\u1ea7n h\u01a1n v\u1edbi t\u00ecnh y\u00eau thi\u00ean nhi\u00ean.<\/p>\n<p>N\u1ebfu t\u00f2 m\u00f2 xem b\u1ea7u tr\u1eddi \u0111\u00eam k\u1ec3 c\u00e2u chuy\u1ec7n g\u00ec m\u1ed7i ng\u00e0y, b\u00e9 h\u00e3y ng\u1ea9ng \u0111\u1ea7u quan s\u00e1t b\u1ea7u tr\u1eddi m\u1ed7i \u0111\u00eam v\u00e0 n\u1eb1m ngoan nghe m\u1eb9 \u0111\u1ecdc cho nghe cu\u1ed1n Ehon \u201cChi\u1ebfc mi\u1ec7ng c\u1ee7a b\u1ea7u tr\u1eddi \u0111\u00eam\u201d nh\u00e9! M\u1ed9t c\u00e2u chuy\u1ec7n ng\u1eadp tr\u00e0n tr\u00ed t\u01b0\u1edfng t\u01b0\u1ee3ng s\u1ebd in s\u00e2u v\u00e0o tr\u00ed nh\u1edb c\u1ee7a con \u0111\u1ea5y nh\u00e9!  <div class=\"banner-grid-wrapper\">\n  <div id=\"banner-grid-1897732564\" class=\"banner-grid row row-grid row-small\" data-packery-options=\"\">\n            <style>\n    #banner-grid-1897732564 .grid-col-1{height: 600px}\n    #banner-grid-1897732564 .grid-col-1-2{height: 300px}\n    #banner-grid-1897732564 .grid-col-1-3{height:200px}\n    #banner-grid-1897732564 .grid-col-2-3{height: 400px}\n    #banner-grid-1897732564 .grid-col-1-4{height: 150px}\n    #banner-grid-1897732564 .grid-col-3-4{height: 450px}\n\n\n        \/* Tablet *\/\n    @media (max-width: 850px){\n      #banner-grid-1897732564 .grid-col-1{height: 400px}\n      #banner-grid-1897732564 .grid-col-1-2{height: 200px}\n      #banner-grid-1897732564 .grid-col-1-3{height:133.33333333333px}\n      #banner-grid-1897732564 .grid-col-2-3{height: 266.66666666667px}\n      #banner-grid-1897732564 .grid-col-1-4{height: 100px}\n      #banner-grid-1897732564 .grid-col-3-4{height: 300px}\n    }\n    \n        \/* Mobile *\/\n    @media (max-width: 550px){\n      #banner-grid-1897732564 .grid-col-1{height: 400px}\n      #banner-grid-1897732564 .grid-col-1-2{height: 200px}\n      #banner-grid-1897732564 .grid-col-1-3{height:133.33333333333px}\n      #banner-grid-1897732564 .grid-col-2-3{height: 266.66666666667px}\n      #banner-grid-1897732564 .grid-col-1-4{height: 100px}\n      #banner-grid-1897732564 .grid-col-3-4{height: 300px}\n    }\n    \n\n  <\/style>\n    <\/div>\n    <style>\n    #banner-grid-1897732564 .grid-col-1{height: 600px}\n    #banner-grid-1897732564 .grid-col-1-2{height: 300px}\n    #banner-grid-1897732564 .grid-col-1-3{height:200px}\n    #banner-grid-1897732564 .grid-col-2-3{height: 400px}\n    #banner-grid-1897732564 .grid-col-1-4{height: 150px}\n    #banner-grid-1897732564 .grid-col-3-4{height: 450px}\n\n\n    \n    \n\n  <\/style>\n    <\/div>\n  \n","protected":false},"excerpt":{"rendered":"<p>S\u00e1ch Ehon Chi\u1ebfc mi\u1ec7ng c\u1ee7a b\u1ea7u tr\u1eddi \u0111\u00eam gi\u00fap b\u00e9 ph\u00e1t huy s\u1ee9c s\u00e1ng t\u1ea1o<br \/>\nTrong th\u1ebf gi\u1edbi s\u00e1ch Ehon Vi\u1ec7t Nam, \u201cChi\u1ebfc mi\u1ec7ng c\u1ee7a b\u1ea7u tr\u1eddi \u0111\u00eam\u201d \u0111\u01b0\u1ee3c coi l\u00e0 cu\u1ed1n Ehon mang \u0111\u1ebfn cho b\u00e9 nh\u1eefng c\u1ea3m gi\u00e1c g\u1ea7n g\u0169i, th\u00e2n thu\u1ed9c v\u1edbi m\u00e0n \u0111\u00eam m\u00e0 v\u1ed1n em b\u00e9 n\u00e0o c\u0169ng cho l\u00e0 \u0111\u00e1ng s\u1ee3. S\u1ef1 xu\u1ea5t hi\u1ec7n c\u1ee7a cu\u1ed1n s\u00e1ch Ehon \u201cChi\u1ebfc mi\u1ec7ng c\u1ee7a b\u1ea7u tr\u1eddi \u0111\u00eam\u201d l\u1ea7n n\u00e0y ch\u00ednh l\u00e0 m\u1ed9t ch\u1ea5t x\u00fac t\u00e1c t\u1ed1t \u0111\u1ec3 kh\u01a1i g\u1ee3i tr\u00ed t\u01b0\u1edfng t\u01b0\u1ee3ng trong con, \u0111\u1ed3ng th\u1eddi l\u00e0m tr\u1ed7i d\u1eady t\u00ecnh y\u00eau thi\u00ean nhi\u00ean s\u00e2u s\u1eafc.<\/p>\n<p>Cu\u1ed1n Ehon \u201cChi\u1ebfc mi\u1ec7ng c\u1ee7a b\u1ea7u tr\u1eddi \u0111\u00eam\u201d l\u00e0 m\u1ed9t trong hai cu\u1ed1n s\u00e1ch thu\u1ed9c b\u1ed9 s\u00e1ch Ehon \u201cTr\u00ean b\u1ea7u tr\u1eddi v\u00e0 trong l\u00f2ng m\u1eb9\u201d m\u00e0 Wabooks k\u1ebft h\u1ee3p c\u00f9ng t\u00e1c gi\u1ea3 Ehon Takuo Hoshina mang \u0111\u1ebfn cho c\u00e1c em b\u00e9 Vi\u1ec7t Nam l\u1ea7n n\u00e0y. V\u1edbi \u00f4ng Hoshina, c\u01a1 h\u1ed9i \u0111\u1ea7u ti\u00ean n\u00e0y \u0111\u00e3 khi\u1ebfn b\u1ea3n th\u00e2n \u00f4ng r\u1ea5t h\u1ea1nh ph\u00fac khi c\u00f3 th\u1ec3 mang t\u00e1c ph\u1ea9m c\u1ee7a m\u00ecnh ra ngo\u00e0i bi\u00ean gi\u1edbi Nh\u1eadt B\u1ea3n, \u0111\u1ed3ng th\u1eddi Wabooks c\u0169ng r\u1ea5t t\u1ef1 h\u00e0o khi c\u00f3 th\u1ec3 \u0111em nh\u1eefng cu\u1ed1n s\u00e1ch n\u00e0y \u0111\u1eb7t ch\u00e2n \u0111\u1ebfn Vi\u1ec7t Nam, g\u1ea7n h\u01a1n v\u1edbi c\u00e1c em b\u00e9 Vi\u1ec7t Nam.<\/p>\n<p>Ehon Chi\u1ebfc mi\u1ec7ng c\u1ee7a b\u1ea7u tr\u1eddi \u0111\u00eam l\u00e0 c\u00e2u chuy\u1ec7n th\u00fa v\u1ecb xoay quanh chu k\u1ef3 xu\u1ea5t hi\u1ec7n v\u00e0 bi\u1ebfn m\u1ea5t c\u1ee7a m\u1eb7t tr\u0103ng m\u1ed7i \u0111\u00eam<\/p>\n<p>C\u00f3 th\u1ec3 b\u1ea7u tr\u1eddi \u0111\u00eam \u0111en k\u1ecbt kh\u00f4ng c\u00f3 nhi\u1ec1u \u0111i\u1ec3m khi\u1ebfn c\u00e1c em b\u00e9 ch\u00fa \u00fd, nh\u01b0ng n\u1ebfu th\u1eed quan s\u00e1t c\u00e1ch m\u1eb7t tr\u0103ng xu\u1ea5t hi\u1ec7n m\u1ed7i \u0111\u00eam th\u00ec c\u00e1c con s\u1ebd nh\u1eadn ra r\u1ea5t nhi\u1ec1u \u0111i\u1ec1u b\u1ea5t ng\u1edd \u0111\u1ea5y.<\/p>\n<p>B\u1ea7u tr\u1eddi \u0111\u00eam xu\u1ea5t hi\u1ec7n h\u1eb1ng ng\u00e0y, l\u00fac n\u00e0o c\u0169ng c\u00f3 m\u1ed9t m\u00e0u \u0111en th\u0103m th\u1eb3m bao tr\u00f9m, khi\u1ebfn m\u1ecdi v\u1eadt ch\u00ecm trong m\u00e0u \u0111en u t\u1ed1i v\u00e0 \u0111\u1ea7y nh\u1eefng \u0111i\u1ec1u b\u00ed m\u1eadt. C\u00e1c em b\u00e9 th\u01b0\u1eddng t\u01b0\u1edfng t\u01b0\u1ee3ng ra trong m\u00e0n \u0111\u00eam ch\u1ee9a nh\u1eefng \u0111i\u1ec1u \u0111\u00e1ng s\u1ee3, th\u1ebf n\u00ean b\u00e9 lu\u00f4n c\u00f3 n\u1ed7i s\u1ee3 v\u00f4 h\u00ecnh v\u1edbi m\u00e0n \u0111\u00eam bao la, huy\u1ec1n b\u00ed \u1ea5y.<\/p>\n<p>Th\u1ebf m\u00e0 t\u00e1c gi\u1ea3 Hoshina l\u1ea1i kh\u00f4ng h\u1ec1 th\u1ea5y v\u1eady \u0111\u00e2u nh\u00e9! H\u00f3a th\u00e2n t\u00e2m h\u1ed3n m\u00ecnh v\u00e0o t\u00e2m h\u1ed3n tr\u1ebb nh\u1ecf, t\u00e1c gi\u1ea3 Hoshina \u0111\u00e3 l\u1eafng nghe b\u1ea7u tr\u1eddi \u0111\u00eam k\u1ec3 cho m\u1ecdi ng\u01b0\u1eddi m\u1ed9t c\u00e2u chuy\u1ec7n r\u1ea5t th\u00fa v\u1ecb v\u00e0 \u0111\u1ea7y y\u1ebfu t\u1ed1 t\u01b0\u1edfng t\u01b0\u1ee3ng. V\u00e0 nh\u1edd c\u00e2u chuy\u1ec7n \u0111\u00f3, \u00f4ng \u0111\u00e3 cho ra \u0111\u1eddi c\u00e2u chuy\u1ec7n Ehon \u201cChi\u1ebfc mi\u1ec7ng c\u1ee7a b\u1ea7u tr\u1eddi \u0111\u00eam\u201d \u0111\u01b0\u1ee3c r\u1ea5t nhi\u1ec1u em b\u00e9 Nh\u1eadt B\u1ea3n \u0111\u00e3 v\u00f4 c\u00f9ng y\u00eau th\u00edch v\u00e0 mu\u1ed1n c\u00f3 trong tay.<\/p>\n","protected":false},"featured_media":2063,"template":"","meta":{"_acf_changed":false},"product_brand":[],"product_cat":[24,17],"product_tag":[81],"class_list":{"0":"post-2067","1":"product","2":"type-product","3":"status-publish","4":"has-post-thumbnail","6":"product_cat-nha-tre-mau-giao-0-tuoi-6-tuoi","7":"product_cat-sach-danh-cho-cac-be","8":"product_tag-sach-gia-uu-dai","10":"first","11":"outofstock","12":"sale","13":"taxable","14":"shipping-taxable","15":"purchasable","16":"product-type-simple"},"supplier_id":null,"supplier_sku":"","barcode":null,"atum_controlled":true,"out_stock_date":"2022-05-16 09:01:03","out_stock_threshold":null,"inheritable":false,"inbound_stock":0,"stock_on_hold":0,"sold_today":0,"sales_last_days":0,"reserved_stock":0,"customer_returns":0,"warehouse_damage":0,"lost_in_post":0,"other_logs":0,"out_stock_days":1353,"lost_sales":0,"has_location":false,"update_date":"2026-01-28T23:10:30","atum_locations":[],"atum_stock_status":"outofstock","restock_status":false,"low_stock_amount":"","sales_update_date":"2026-01-28T23:10:30","calc_backorders":null,"acf":{"publisher":{"ID":1420,"post_author":"1","post_date":"2021-02-16 23:03:17","post_date_gmt":"2021-02-16 21:03:17","post_content":"<!-- wp:flatsome\/uxbuilder -->\n<h1 style=\"text-align: center\"><strong>WABOOKS<\/strong><\/h1>\n[ux_image id=\"1430\"]\n\n[gap]\n\n<p style=\"text-align: left\">Wabooks l\u00e0 c\u00f4ng ty s\u00e1ch ho\u1ea1t \u0111\u1ed9ng chuy\u00ean nghi\u1ec7p trong l\u0129nh v\u1ef1c xu\u1ea5t b\u1ea3n s\u00e1ch. Ph\u1ea7n l\u1edbn ngu\u1ed3n l\u1ef1c c\u1ee7a c\u00f4ng ty \u0111\u1ea7u t\u01b0 v\u00e0o nghi\u00ean c\u1ee9u, mua b\u1ea3n quy\u1ec1n, d\u1ecbch v\u00e0 xu\u1ea5t b\u1ea3n c\u00e1c \u1ea5n ph\u1ea9m v\u0103n h\u00f3a, tri th\u1ee9c c\u1ee7a Nh\u1eadt B\u1ea3n t\u1ea1i Vi\u1ec7t Nam. Wabooks lu\u00f4n kh\u00f4ng ng\u1eebng n\u1ed7 l\u1ef1c mang \u0111\u1ebfn nh\u1eefng s\u1ea3n ph\u1ea9m c\u00f3 ch\u1ea5t l\u01b0\u1ee3ng v\u00e0 d\u1ecbch v\u1ee5 ho\u00e0n h\u1ea3o, mang \u0111\u1ebfn s\u1ef1 h\u00e0i l\u00f2ng cho kh\u00e1ch h\u00e0ng c\u0169ng nh\u01b0 \u0111\u00f3ng g\u00f3p cho \u0111\u1ea5t n\u01b0\u1edbc t\u1ed1t \u0111\u1eb9p h\u01a1n th\u00f4ng qua nh\u1eefng gi\u00e1 tr\u1ecb m\u00e0 c\u00f4ng ty \u0111ang kh\u00f4ng ng\u1eebng theo \u0111u\u1ed5i.<\/p>\n[row]\n\n[col span=\"6\" span__sm=\"12\"]\n\n[ux_image id=\"2068\"]\n\n\n[\/col]\n[col span=\"6\" span__sm=\"12\"]\n\n<p>Anh Goto Daishi th\u00ec tin r\u1eb1ng ch\u1ec9 c\u00f3 s\u00e1ch m\u1edbi khi\u1ebfn con ng\u01b0\u1eddi ta tr\u1edf n\u00ean v\u0103n minh v\u00e0 ti\u1ebfn b\u1ed9, c\u00f2n anh Nguy\u1ec5n Tu\u1ea5n Anh th\u00ec cho r\u1eb1ng ch\u00fang ta ph\u1ea3i mang s\u00e1ch \u0111\u1ebfn n\u01a1i m\u00e0 ng\u01b0\u1eddi ta th\u1ef1c s\u1ef1 c\u1ea7n, chia s\u1ebb nh\u1eefng gi\u00e1 tr\u1ecb m\u00e0 ng\u01b0\u1eddi kh\u00e1c \u0111ang thi\u1ebfu, \u0111\u00f3 l\u00e0 c\u00e1ch \u0111\u1ec3 ch\u00fang ta ho\u00e0n thi\u1ec7n con ng\u01b0\u1eddi v\u00e0 g\u00f3p ph\u1ea7n l\u00e0m cho x\u00e3 h\u1ed9i ho\u00e0n thi\u1ec7n h\u01a1n.\u00a0<\/p>\n<p>May m\u1eafn r\u1eb1ng<strong> SACHVIET.EU\u00a0<\/strong>\u0111\u00e3 c\u00f3 c\u01a1 h\u1ed9i \u0111\u01b0\u1ee3c anh Nguy\u1ec5n Tu\u1ea5n Anh h\u1ee3p t\u00e1c gi\u00fap \u0111\u1ee1 h\u1ebft m\u00ecnh \u0111\u1ec3 The Stations c\u00f3 th\u1ec3 d\u1ec5 d\u00e0ng \u0111\u01b0a nh\u1eefng cu\u1ed1n s\u00e1ch ehon sang ph\u1ee5c v\u1ee5 nhu c\u1ea7u c\u1ee7a ng\u01b0\u1eddi Vi\u1ec7t t\u1ea1i Ch\u00e2u \u00c2u. V\u00e0 kh\u00f4ng g\u00ec vui m\u1eebng h\u01a1n l\u00e0 nh\u1eefng b\u1ea1n \u0111\u1ed9c gi\u1ea3 nh\u00ed c\u00f3 th\u1ec3 ti\u1ebfp c\u1eadn v\u00e0 c\u1ea7m tr\u00ean tay nh\u1eefng cu\u1ed1n s\u00e1ch ch\u1ea5t l\u01b0\u1ee3ng \u0111\u01b0\u1ee3c \u0111\u1ea7u t\u01b0 t\u1ec9 m\u1ec9, k\u1ef9 c\u00e0ng ch\u1ec9n chu v\u1ec1 c\u1ea3 n\u1ed9i dung l\u1eabn h\u00ecnh th\u1ee9c b\u1eb1ng ti\u1ebfng Vi\u1ec7t.<\/p>\n<p><strong>SACHVIET.EU<\/strong> lu\u00f4n tin t\u01b0\u1edfng r\u1eb1ng ng\u00f4n ng\u1eef m\u1eb9 \u0111\u1ebb lu\u00f4n l\u00e0 th\u1ee9 ng\u00f4n ng\u1eef thi\u00eang li\u00eang nh\u1ea5t v\u00e0 lu\u00f4n mong mu\u1ed1n c\u00e1c \u0111\u1ed9c gi\u1ea3 Vi\u1ec7t c\u00f3 c\u01a1 h\u1ed9i \u0111\u01b0\u1ee3c s\u1edf h\u1eefu nh\u1eefng cu\u1ed1n s\u00e1ch b\u1ea3n quy\u1ec1n \u0111\u1ea7y ch\u1ea5t l\u01b0\u1ee3ng b\u00e1n s\u1eb5n t\u1ea1i Ch\u00e2u \u00c2u<\/p>\n<p>\u00a0<\/p>\n\n[\/col]\n\n[\/row]\n\n<!-- \/wp:flatsome\/uxbuilder -->","post_title":"Wabooks","post_excerpt":"","post_status":"publish","comment_status":"closed","ping_status":"closed","post_password":"","post_name":"wabooks","to_ping":"","pinged":"","post_modified":"2022-12-19 22:37:02","post_modified_gmt":"2022-12-19 20:37:02","post_content_filtered":"","post_parent":0,"guid":"https:\/\/sachviet.eu\/?post_type=publisher&#038;p=1420","menu_order":0,"post_type":"publisher","post_mime_type":"","comment_count":"0","filter":"raw"}},"_links":{"self":[{"href":"https:\/\/sachviet.eu\/en\/wp-json\/wp\/v2\/product\/2067","targetHints":{"allow":["GET"]}}],"collection":[{"href":"https:\/\/sachviet.eu\/en\/wp-json\/wp\/v2\/product"}],"about":[{"href":"https:\/\/sachviet.eu\/en\/wp-json\/wp\/v2\/types\/product"}],"wp:featuredmedia":[{"embeddable":true,"href":"https:\/\/sachviet.eu\/en\/wp-json\/wp\/v2\/media\/2063"}],"wp:attachment":[{"href":"https:\/\/sachviet.eu\/en\/wp-json\/wp\/v2\/media?parent=2067"}],"wp:term":[{"taxonomy":"product_brand","embeddable":true,"href":"https:\/\/sachviet.eu\/en\/wp-json\/wp\/v2\/product_brand?post=2067"},{"taxonomy":"product_cat","embeddable":true,"href":"https:\/\/sachviet.eu\/en\/wp-json\/wp\/v2\/product_cat?post=2067"},{"taxonomy":"product_tag","embeddable":true,"href":"https:\/\/sachviet.eu\/en\/wp-json\/wp\/v2\/product_tag?post=2067"}],"curies":[{"name":"wp","href":"https:\/\/api.w.org\/{rel}","templated":true}]}}