{"id":2060,"date":"2021-02-21T00:09:59","date_gmt":"2021-02-20T22:09:59","guid":{"rendered":"https:\/\/sachviet.eu\/shop\/ehon-me-cung-vay\/"},"modified":"2021-06-06T11:24:15","modified_gmt":"2021-06-06T08:24:15","slug":"ehon-me-cung-vay","status":"publish","type":"product","link":"https:\/\/sachviet.eu\/en\/shop\/ehon-me-cung-vay\/","title":{"rendered":"Ehon M\u1eb9 c\u0169ng v\u1eady!"},"content":{"rendered":"<p>S\u00e1ch Ehon \u201cM\u1eb9 c\u0169ng th\u1ebf\u201d gi\u00fap con h\u1ecdc t\u1eadp qua c\u00e1ch l\u1eb7p \u0111i l\u1eb7p<br \/>\nM\u1ed9t \u0111i\u1ec3m \u0111\u1eb7c bi\u1ec7t trong c\u00e2u chuy\u1ec7n ch\u00ednh l\u00e0 n\u1ed9i dung c\u00e2u chuy\u1ec7n l\u1eb7p \u0111i l\u1eb7p l\u1ea1i theo m\u00f4-t\u00edp: con g\u1ecdi, m\u1eb9 tr\u1ea3 l\u1eddi. Ch\u1ec9 v\u1edbi m\u1ea1ch truy\u1ec7n \u0111\u01a1n gi\u1ea3n nh\u01b0 v\u1eady nh\u01b0ng c\u00e2u chuy\u1ec7n \u0111\u00e3 khi\u1ebfn c\u00e1c em b\u00e9 y\u00eau th\u00edch v\u00f4 c\u00f9ng, \u0111\u01a1n gi\u1ea3n l\u00e0 v\u00ec c\u00e1c h\u00e0nh \u0111\u1ed9ng l\u1eb7p \u0111i l\u1eb7p l\u1ea1i nh\u01b0 v\u1eady r\u1ea5t ph\u00f9 h\u1ee3p cho vi\u1ec7c h\u1ecdc t\u1eadp, nh\u1eadn th\u1ee9c c\u1ee7a c\u00e1c em b\u00e9 trong giai \u0111o\u1ea1n \u0111\u1ea7u \u0111\u1eddi. Theo c\u00e1c nghi\u00ean c\u1ee9u khoa h\u1ecdc, c\u00e1ch h\u1ecdc nh\u1edd ho\u1ea1t \u0111\u1ed9ng \u201cb\u1eaft ch\u01b0\u1edbc\u201d s\u1ebd gi\u00fap tr\u1ebb kh\u1eafc ghi s\u00e2u nh\u1eefng th\u00f4ng tin v\u00e0o trong tr\u00ed nh\u1edb m\u00e0 kh\u00f4ng ph\u1ea3i g\u01b0\u1ee3ng \u00e9p hay mang m\u1ed9t ch\u00fat \u00e1p l\u1ef1c n\u00e0o l\u00ean vai con.<\/p>\n<p>Ch\u1eafc h\u1eb3n em b\u00e9 n\u00e0o c\u0169ng \u0111\u00e3 t\u1eebng \u0111\u01b0\u1ee3c ch\u01a1i tr\u00f2 ch\u01a1i t\u01b0\u01a1ng t\u1ef1 nh\u01b0 v\u1eady v\u1edbi hai m\u1eb9 con nh\u00e0 H\u1ea1c \u0111\u00fang kh\u00f4ng n\u00e0o? Nh\u1eefng ho\u1ea1t \u0111\u1ed9ng \u0111\u01a1n gi\u1ea3n, g\u1ea7n g\u0169i h\u1eb1ng ng\u00e0y n\u00e0y v\u1ed1n l\u00e0 m\u1ed9t ph\u1ea7n trong cu\u1ed9c s\u1ed1ng c\u1ee7a c\u00e1c em b\u00e9, n\u00ean khi \u0111\u01b0\u1ee3c \u0111em v\u00e0o truy\u1ec7n s\u1ebd mang l\u1ea1i nh\u1eefng c\u1ea3m gi\u00e1c ch\u00e2n th\u1eadt, g\u1ea7n g\u0169i cho b\u00e9.<\/p>\n<p>Cu\u1ed1n s\u00e1ch Ehon \u201cM\u1eb9 c\u0169ng th\u1ebf\u201d t\u00e1c \u0111\u1ed9ng c\u00f9ng l\u00fac l\u00ean th\u00f9y \u0111\u1ec9nh c\u1ee7a tr\u1ebb, ph\u1ea7n th\u00f9y n\u00e3o ch\u1ecbu tr\u00e1ch nhi\u1ec7m \u0111i\u1ec1u khi\u1ec3n c\u00e1c ho\u1ea1t \u0111\u1ed9ng th\u1ec3 ch\u1ea5t, gi\u00fap con linh ho\u1ea1t h\u01a1n trong vi\u1ec7c ph\u1ed1i h\u1ee3p c\u01a1 kh\u1edbp, th\u1ef1c hi\u1ec7n nh\u1eefng ho\u1ea1t \u0111\u1ed9ng t\u1eeb \u0111\u01a1n gi\u1ea3n \u0111\u1ebfn ph\u1ee9c t\u1ea1p. \u0110\u1ee9ng l\u00ean v\u00e0 t\u1eadp nh\u1eefng \u0111\u1ed9ng t\u00e1c th\u1ec3 d\u1ee5c nh\u1eb9 nh\u00e0ng nh\u01b0 m\u1eb9 con nh\u00e0 H\u1ea1c th\u00f4i n\u00e0o, ch\u00fang s\u1ebd gi\u00fap ch\u00fang m\u00ecnh th\u01b0 gi\u00e3n m\u1ed9t ch\u00fat, v\u00e0 nh\u1ea5t l\u00e0 c\u00e1i \u00f4m \u1ea5m \u00e1p c\u1ee7a m\u1eb9 s\u1ebd l\u00e0m b\u00e9 c\u1ef1c k\u1ef3 h\u1ea1nh ph\u00fac gi\u1ed1ng nh\u01b0 m\u1eb9 con nh\u00e0 H\u1ea1c trong cu\u1ed1n truy\u1ec7n ehon \u201cM\u1eb9 c\u0169ng v\u1eady\u201d \u0111\u1ea5y.<\/p>\n<p>C\u00e2u chuy\u1ec7n Ehon \u201cM\u1eb9 c\u0169ng th\u1ebf\u201d \u0111\u1ed3ng th\u1eddi c\u0169ng \u0111em l\u1ea1i cho b\u1ed1 m\u1eb9 th\u00f4ng \u0111i\u1ec7p v\u00f4 c\u00f9ng gi\u1ea3n d\u1ecb nh\u01b0ng c\u0169ng r\u1ea5t \u00fd ngh\u0129a, \u0111\u00f3 l\u00e0: B\u1ed1 m\u1eb9 h\u00e3y d\u00e0nh th\u1eadt nhi\u1ec1u th\u1eddi gian b\u00ean con nh\u00e9! D\u00f9 kh\u00f4ng c\u1ea7n l\u00e0m nh\u1eefng \u0111i\u1ec1u l\u1edbn lao, ch\u1ec9 c\u1ea7n \u1edf b\u00ean c\u1ea1nh con, quan s\u00e1t con, ch\u01a1i c\u00f9ng con l\u00e0 b\u1ed1 m\u1eb9 \u0111\u00e3 c\u00f3 th\u1ec3 gi\u00fap con ph\u00e1t tri\u1ec3n to\u00e0n di\u1ec7n h\u01a1n. Th\u00f4ng \u0111i\u1ec7p n\u00e0y c\u00e0ng tr\u1edf n\u00ean \u00fd ngh\u0129a khi m\u00e0 trong th\u1eddi \u0111i\u1ec3m hi\u1ec7n t\u1ea1i, r\u1ea5t nhi\u1ec1u \u00f4ng b\u1ed1, b\u00e0 m\u1eb9 \u0111ang d\u1ea7n ph\u00f3 m\u1eb7c vi\u1ec7c ch\u0103m s\u00f3c con c\u00e1i cho \u00f4ng b\u00e0, ng\u01b0\u1eddi gi\u00fap vi\u1ec7c,\u2026 m\u00e0 qu\u00ean \u0111i m\u1ea5t r\u1eb1ng ng\u01b0\u1eddi con c\u1ea7n nh\u1ea5t ch\u00ednh l\u00e0 b\u1ed1 m\u1eb9.<\/p>\n<p>D\u01b0\u1edbi g\u00f3c nh\u00ecn c\u1ee7a t\u00e1c gi\u1ea3, \u00f4ng Takuo Hoshina hi v\u1ecdng c\u00e2u chuy\u1ec7n n\u00e0y c\u1ee7a s\u1ebd khi\u1ebfn c\u00e1c em b\u00e9 th\u00edch th\u00fa kh\u00e1m ph\u00e1 th\u1ebf gi\u1edbi v\u00e0 th\u1ea5u hi\u1ec3u t\u00ecnh c\u1ea3m gia \u0111\u00ecnh b\u1eb1ng tr\u00e1i tim c\u1ee7a m\u00ecnh. \u0110\u00e2y l\u00e0 l\u1ea7n \u0111\u1ea7u ti\u00ean t\u00e1c ph\u1ea9m c\u1ee7a Hoshina \u0111\u01b0\u1ee3c ph\u00eda Vi\u1ec7t Nam mua b\u1ea3n quy\u1ec1n v\u00e0 d\u1ecbch ra ti\u1ebfng Vi\u1ec7t. Wabooks c\u0169ng r\u1ea5t vinh d\u1ef1 khi g\u00f3p c\u00f4ng trong qu\u00e1 tr\u00ecnh mang nh\u1eefng cu\u1ed1n s\u00e1ch m\u00e0 t\u00e1c gi\u1ea3 \u1edf Nh\u1eadt B\u1ea3n d\u00e0nh r\u1ea5t nhi\u1ec1u t\u00e2m huy\u1ebft \u0111\u1ebfn tr\u1ebb em \u1edf \u0111\u1ea5t n\u01b0\u1edbc m\u00e0 t\u00e1c gi\u1ea3 r\u1ea5t y\u00eau qu\u00fd.<\/p>\n<p>M\u1ed7i t\u1ed5 \u1ea5m h\u00e3y c\u00f9ng vun \u0111\u1eafp t\u00ecnh c\u1ea3m gia \u0111\u00ecnh c\u00f9ng s\u00e1ch Ehon M\u1eb9 c\u0169ng v\u1eady &#8211; cu\u1ed1n truy\u1ec7n Ehon khai th\u00e1c ch\u1ee7 \u0111\u1ec1 t\u00ecnh c\u1ea3m gia \u0111\u00ecnh \u2013 m\u1ed9t ch\u1ee7 \u0111\u1ec1 th\u00e2n thu\u1ed9c v\u00e0 c\u0169ng r\u1ea5t c\u1ea7n \u0111\u01b0\u1ee3c nu\u00f4i d\u01b0\u1ee1ng \u1edf c\u00e1c b\u00e9. Hai m\u1eb9 con nh\u00e0 chim H\u1ea1c ch\u01a1i nh\u1eefng tr\u00f2 ch\u01a1i, nh\u1eefng ho\u1ea1t \u0111\u1ed9ng v\u1eadn \u0111\u1ed9ng c\u01a1 th\u1ec3 \u0111\u01a1n gi\u1ea3n, l\u1eb7p l\u1ea1i nh\u01b0ng l\u1ea1i r\u1ea5t vui v\u1ebb v\u00e0 h\u1ea1nh ph\u00fac trao cho nhau nh\u1eefng c\u00e1i \u00f4m gh\u00ec th\u1eadt ch\u1eb7t.<\/p>\n<p>C\u00f9ng cu\u1ed1n s\u00e1ch Ehon \u201cM\u1eb9 c\u0169ng v\u1eady\u201d trao g\u1eedi y\u00eau th\u01b0\u01a1ng \u0111\u1ebfn con v\u00e0 nu\u00f4i d\u01b0\u1ee1ng t\u00e2m h\u1ed3n, tr\u00e1i tim m\u1ed7i em b\u00e9 nh\u00e9!  <div class=\"banner-grid-wrapper\">\n  <div id=\"banner-grid-115941364\" class=\"banner-grid row row-grid row-small\" data-packery-options=\"\">\n            <style>\n    #banner-grid-115941364 .grid-col-1{height: 600px}\n    #banner-grid-115941364 .grid-col-1-2{height: 300px}\n    #banner-grid-115941364 .grid-col-1-3{height:200px}\n    #banner-grid-115941364 .grid-col-2-3{height: 400px}\n    #banner-grid-115941364 .grid-col-1-4{height: 150px}\n    #banner-grid-115941364 .grid-col-3-4{height: 450px}\n\n\n        \/* Tablet *\/\n    @media (max-width: 850px){\n      #banner-grid-115941364 .grid-col-1{height: 400px}\n      #banner-grid-115941364 .grid-col-1-2{height: 200px}\n      #banner-grid-115941364 .grid-col-1-3{height:133.33333333333px}\n      #banner-grid-115941364 .grid-col-2-3{height: 266.66666666667px}\n      #banner-grid-115941364 .grid-col-1-4{height: 100px}\n      #banner-grid-115941364 .grid-col-3-4{height: 300px}\n    }\n    \n        \/* Mobile *\/\n    @media (max-width: 550px){\n      #banner-grid-115941364 .grid-col-1{height: 400px}\n      #banner-grid-115941364 .grid-col-1-2{height: 200px}\n      #banner-grid-115941364 .grid-col-1-3{height:133.33333333333px}\n      #banner-grid-115941364 .grid-col-2-3{height: 266.66666666667px}\n      #banner-grid-115941364 .grid-col-1-4{height: 100px}\n      #banner-grid-115941364 .grid-col-3-4{height: 300px}\n    }\n    \n\n  <\/style>\n    <\/div>\n    <style>\n    #banner-grid-115941364 .grid-col-1{height: 600px}\n    #banner-grid-115941364 .grid-col-1-2{height: 300px}\n    #banner-grid-115941364 .grid-col-1-3{height:200px}\n    #banner-grid-115941364 .grid-col-2-3{height: 400px}\n    #banner-grid-115941364 .grid-col-1-4{height: 150px}\n    #banner-grid-115941364 .grid-col-3-4{height: 450px}\n\n\n    \n    \n\n  <\/style>\n    <\/div>\n  \n","protected":false},"excerpt":{"rendered":"<p>M\u1eb9 c\u0169ng v\u1eady \u2013 Cu\u1ed1n Ehon gi\u00fap con y\u00eau gia \u0111\u00ecnh h\u01a1n<br \/>\nT\u00ecnh c\u1ea3m gia \u0111\u00ecnh thi\u00eang li\u00eang nh\u1ea5t \u0111\u01b0\u1ee3c b\u1ed3i d\u01b0\u1ee1ng trong t\u00e2m h\u1ed3n c\u00e1c b\u00e9 nh\u1edd cu\u1ed1n Ehon \u201cM\u1eb9 c\u0169ng v\u1eady\u201d t\u1eeb Wabooks. \u0110\u00f3 ch\u00ednh l\u00e0 nh\u1eefng c\u00e2u chuy\u1ec7n tuy\u1ec7t v\u1eddi nh\u1ea5t v\u1ec1 t\u00ecnh c\u1ea3m gia \u0111\u00ecnh, v\u1ec1 nh\u1eefng \u0111i\u1ec1u m\u00e0 b\u1ea3n th\u00e2n m\u1ed7i ng\u01b0\u1eddi \u0111\u1ec1u n\u00e2ng niu, tr\u00e2n tr\u1ecdng. H\u00e3y c\u00f9ng vun \u0111\u1eafp nh\u1eefng \u0111i\u1ec1u t\u1ed1t \u0111\u1eb9p nh\u1ea5t n\u00e0y b\u1eb1ng c\u00e1ch c\u00f9ng \u0111\u1ecdc s\u00e1ch Ehon \u201cM\u1eb9 c\u0169ng v\u1eady\u201d v\u1edbi c\u00e1c em b\u00e9 nh\u00e9!<\/p>\n<p>Ehon \u201cM\u1eb9 c\u0169ng v\u1eady\u201d gi\u00fap vun \u0111\u1eafp trong con t\u00ecnh c\u1ea3m y\u00eau th\u01b0\u01a1ng gia \u0111\u00ecnh<br \/>\nS\u00e1ch Ehon M\u1eb9 c\u0169ng v\u1eady l\u00e0 m\u1ed9t trong hai cu\u1ed1n s\u00e1ch thu\u1ed9c b\u1ed9 s\u00e1ch Ehon \u201cTr\u00ean b\u1ea7u tr\u1eddi v\u00e0 trong l\u00f2ng m\u1eb9\u201d m\u00e0 Wabooks k\u1ebft h\u1ee3p c\u00f9ng t\u00e1c gi\u1ea3 Ehon Takuo Hoshina mang \u0111\u1ebfn cho c\u00e1c em b\u00e9 Vi\u1ec7t Nam l\u1ea7n n\u00e0y. V\u1edbi \u00f4ng Hoshina, c\u01a1 h\u1ed9i \u0111\u1ea7u ti\u00ean n\u00e0y \u0111\u00e3 khi\u1ebfn b\u1ea3n th\u00e2n \u00f4ng r\u1ea5t h\u1ea1nh ph\u00fac khi c\u00f3 th\u1ec3 mang t\u00e1c ph\u1ea9m c\u1ee7a m\u00ecnh ra ngo\u00e0i bi\u00ean gi\u1edbi Nh\u1eadt B\u1ea3n, \u0111\u1ed3ng th\u1eddi Wabooks c\u0169ng r\u1ea5t t\u1ef1 h\u00e0o khi c\u00f3 th\u1ec3 \u0111em nh\u1eefng cu\u1ed1n s\u00e1ch n\u00e0y \u0111\u1eb7t ch\u00e2n \u0111\u1ebfn Vi\u1ec7t Nam, g\u1ea7n h\u01a1n v\u1edbi c\u00e1c em b\u00e9 Vi\u1ec7t Nam.<\/p>\n<p>Cu\u1ed1n s\u00e1ch Ehon M\u1eb9 c\u0169ng v\u1eady l\u00e0 c\u00e2u chuy\u1ec7n g\u1ea7n g\u0169i v\u1ec1 tr\u00f2 ch\u01a1i h\u1eb1ng ng\u00e0y c\u1ee7a hai m\u1eb9 con chim H\u1ea1c. H\u1eb1ng ng\u00e0y, hai m\u1eb9 con nh\u00e0 chim H\u1ea1c \u0111\u1ec1u d\u00e0nh nh\u1eefng kho\u1ea3ng th\u1eddi gian vui ch\u01a1i c\u00f9ng nhau r\u1ea5t vui v\u1ebb. nh\u1eefng tr\u00f2 ch\u01a1i t\u01b0\u1edfng nh\u01b0 r\u1ea5t \u0111\u01a1n gi\u1ea3n nh\u01b0ng l\u1ea1i khi\u1ebfn c\u1ea3 hai \u0111\u1ec1u c\u01b0\u1eddi th\u00edch th\u00fa.<\/p>\n<p>\u201cM\u1eb9 \u01a1i, m\u1eb9 \u01a1i, m\u1eb9 \u01a1i,\u2026\u201d \u2013 H\u1ea1c con c\u1ea5t ti\u1ebfng g\u1ecdi m\u1eb9. \u201cG\u00ec v\u1eady, g\u00ec v\u1eady, g\u00ec v\u1eady?,\u2026\u201d \u2013 M\u1eb9 H\u1ea1c tr\u1ea3 l\u1eddi ngay. M\u1eb9 \u01a1i, m\u1eb9 nh\u00ecn H\u1ea1c con n\u00e0y, H\u1ea1c con x\u00f2e c\u00e1nh xinh \u0111\u1eb9p n\u00e0y m\u1eb9 \u01a1i. H\u1ea1c m\u1eb9 c\u0169ng x\u00f2e c\u00e1nh gi\u1ed1ng con n\u00e0y.<\/p>\n<p>Khi H\u1ea1c con h\u1ea5t \u0111u\u00f4i, phe ph\u1ea9y, phe ph\u1ea9y,\u2026 H\u1ea1c m\u1eb9 c\u0169ng c\u00f3 th\u1ec3 phe ph\u1ea9y, phe ph\u1ea9y n\u00e0y\u2026 H\u1ea1c con lao v\u1ec1 ph\u00eda tr\u01b0\u1edbc, H\u1ea1c m\u1eb9 c\u0169ng lao v\u1ec1 ph\u00eda tr\u01b0\u1edbc. R\u1ed3i th\u00ec l\u1ed9n v\u00f2ng, quay v\u00f2ng, \u00f4m gh\u00ec, ch\u1ec9 c\u1ea7n H\u1ea1c con mu\u1ed1n l\u00e0m, H\u1ea1c m\u1eb9 s\u1ebd s\u1eb5n s\u00e0ng l\u00e0m theo.<\/p>\n<p>Cu\u1ed1n Ehon M\u1eb9 c\u0169ng v\u1eady khai th\u00e1c ch\u1ee7 \u0111\u1ec1 t\u00ecnh c\u1ea3m gia \u0111\u00ecnh \u2013 m\u1ed9t ch\u1ee7 \u0111\u1ec1 th\u00e2n thu\u1ed9c v\u00e0 c\u0169ng r\u1ea5t c\u1ea7n \u0111\u01b0\u1ee3c nu\u00f4i d\u01b0\u1ee1ng \u1edf c\u00e1c b\u00e9. Trong c\u00e2u chuy\u1ec7n, c\u00e1c b\u00e9 c\u00f3 th\u1ec3 nh\u00ecn th\u1ea5y hai m\u1eb9 con chim H\u1ea1c ch\u01a1i v\u1edbi nhau r\u1ea5t vui v\u1ebb, nh\u01b0ng \u1ea9n s\u00e2u b\u00ean trong \u0111\u00f3 ch\u00ednh l\u00e0 s\u1ef1 k\u1ebft n\u1ed1i v\u00f4 h\u00ecnh nh\u01b0ng b\u1ec1n ch\u1eb7t gi\u1eefa m\u1eb9 v\u00e0 con. Hai m\u1eb9 con nh\u01b0 \u0111ang t\u1eadp nh\u1eefng \u0111\u1ed9ng t\u00e1c th\u1ec3 d\u1ee5c \u0111\u1ec3 r\u00e8n luy\u1ec7n s\u1ee9c kh\u1ecfe.<\/p>\n<p>Nh\u1eefng c\u00e1i \u00f4m gh\u00ec c\u1ee7a m\u1eb9 con nh\u00e0 H\u1ea1c kh\u00f4ng ch\u1ec9 l\u00e0 h\u00e0nh \u0111\u1ed9ng trao y\u00eau th\u01b0\u01a1ng cho nhau m\u00e0 ch\u1eafc h\u1eb3n c\u0169ng l\u00e0m c\u00e1c em c\u1ea3m th\u1ea5y \u1ea5m \u00e1p v\u00e0 mu\u1ed1n \u0111\u01b0\u1ee3c m\u1eb9 \u00f4m v\u00e0o l\u00f2ng ph\u1ea3i kh\u00f4ng n\u00e0o? V\u1eady th\u00ec \u0111\u1ee3i g\u00ec n\u1eefa, \u0111\u1ebfn \u00f4m ch\u1eb7t m\u1eb9 \u0111\u1ec3 \u0111\u01b0\u1ee3c m\u1eb9 \u00f4m gh\u00ec l\u1ea1i n\u00e0o. Th\u1eed ch\u01a1i tr\u00f2 ch\u01a1i n\u00e0y v\u1edbi em b\u00e9 c\u1ee7a b\u1ea1n m\u00e0 xem, ch\u1eafc ch\u1eafn c\u00e1c b\u00e9 th\u00edch th\u00fa v\u00e0 b\u1eadt c\u01b0\u1eddi kh\u00fac kh\u00edch cho m\u00e0 xem!<\/p>\n","protected":false},"featured_media":2056,"template":"","meta":{"_acf_changed":false},"product_brand":[],"product_cat":[24,25,17],"product_tag":[],"class_list":{"0":"post-2060","1":"product","2":"type-product","3":"status-publish","4":"has-post-thumbnail","6":"product_cat-nha-tre-mau-giao-0-tuoi-6-tuoi","7":"product_cat-nhi-dong-6-tuoi-12-tuoi","8":"product_cat-sach-danh-cho-cac-be","10":"first","11":"outofstock","12":"taxable","13":"shipping-taxable","14":"purchasable","15":"product-type-simple"},"supplier_id":null,"supplier_sku":"","barcode":null,"atum_controlled":true,"out_stock_date":"2021-06-06 08:24:15","out_stock_threshold":null,"inheritable":false,"inbound_stock":0,"stock_on_hold":0,"sold_today":0,"sales_last_days":0,"reserved_stock":0,"customer_returns":0,"warehouse_damage":0,"lost_in_post":0,"other_logs":0,"out_stock_days":1697,"lost_sales":0,"has_location":false,"update_date":"2026-01-28T23:10:30","atum_locations":[],"atum_stock_status":"outofstock","restock_status":false,"low_stock_amount":"","sales_update_date":"2026-01-28T23:10:30","calc_backorders":null,"acf":{"publisher":{"ID":1420,"post_author":"1","post_date":"2021-02-16 23:03:17","post_date_gmt":"2021-02-16 21:03:17","post_content":"<!-- wp:flatsome\/uxbuilder -->\n<h1 style=\"text-align: center\"><strong>WABOOKS<\/strong><\/h1>\n[ux_image id=\"1430\"]\n\n[gap]\n\n<p style=\"text-align: left\">Wabooks l\u00e0 c\u00f4ng ty s\u00e1ch ho\u1ea1t \u0111\u1ed9ng chuy\u00ean nghi\u1ec7p trong l\u0129nh v\u1ef1c xu\u1ea5t b\u1ea3n s\u00e1ch. Ph\u1ea7n l\u1edbn ngu\u1ed3n l\u1ef1c c\u1ee7a c\u00f4ng ty \u0111\u1ea7u t\u01b0 v\u00e0o nghi\u00ean c\u1ee9u, mua b\u1ea3n quy\u1ec1n, d\u1ecbch v\u00e0 xu\u1ea5t b\u1ea3n c\u00e1c \u1ea5n ph\u1ea9m v\u0103n h\u00f3a, tri th\u1ee9c c\u1ee7a Nh\u1eadt B\u1ea3n t\u1ea1i Vi\u1ec7t Nam. Wabooks lu\u00f4n kh\u00f4ng ng\u1eebng n\u1ed7 l\u1ef1c mang \u0111\u1ebfn nh\u1eefng s\u1ea3n ph\u1ea9m c\u00f3 ch\u1ea5t l\u01b0\u1ee3ng v\u00e0 d\u1ecbch v\u1ee5 ho\u00e0n h\u1ea3o, mang \u0111\u1ebfn s\u1ef1 h\u00e0i l\u00f2ng cho kh\u00e1ch h\u00e0ng c\u0169ng nh\u01b0 \u0111\u00f3ng g\u00f3p cho \u0111\u1ea5t n\u01b0\u1edbc t\u1ed1t \u0111\u1eb9p h\u01a1n th\u00f4ng qua nh\u1eefng gi\u00e1 tr\u1ecb m\u00e0 c\u00f4ng ty \u0111ang kh\u00f4ng ng\u1eebng theo \u0111u\u1ed5i.<\/p>\n[row]\n\n[col span=\"6\" span__sm=\"12\"]\n\n[ux_image id=\"2068\"]\n\n\n[\/col]\n[col span=\"6\" span__sm=\"12\"]\n\n<p>Anh Goto Daishi th\u00ec tin r\u1eb1ng ch\u1ec9 c\u00f3 s\u00e1ch m\u1edbi khi\u1ebfn con ng\u01b0\u1eddi ta tr\u1edf n\u00ean v\u0103n minh v\u00e0 ti\u1ebfn b\u1ed9, c\u00f2n anh Nguy\u1ec5n Tu\u1ea5n Anh th\u00ec cho r\u1eb1ng ch\u00fang ta ph\u1ea3i mang s\u00e1ch \u0111\u1ebfn n\u01a1i m\u00e0 ng\u01b0\u1eddi ta th\u1ef1c s\u1ef1 c\u1ea7n, chia s\u1ebb nh\u1eefng gi\u00e1 tr\u1ecb m\u00e0 ng\u01b0\u1eddi kh\u00e1c \u0111ang thi\u1ebfu, \u0111\u00f3 l\u00e0 c\u00e1ch \u0111\u1ec3 ch\u00fang ta ho\u00e0n thi\u1ec7n con ng\u01b0\u1eddi v\u00e0 g\u00f3p ph\u1ea7n l\u00e0m cho x\u00e3 h\u1ed9i ho\u00e0n thi\u1ec7n h\u01a1n.\u00a0<\/p>\n<p>May m\u1eafn r\u1eb1ng<strong> SACHVIET.EU\u00a0<\/strong>\u0111\u00e3 c\u00f3 c\u01a1 h\u1ed9i \u0111\u01b0\u1ee3c anh Nguy\u1ec5n Tu\u1ea5n Anh h\u1ee3p t\u00e1c gi\u00fap \u0111\u1ee1 h\u1ebft m\u00ecnh \u0111\u1ec3 The Stations c\u00f3 th\u1ec3 d\u1ec5 d\u00e0ng \u0111\u01b0a nh\u1eefng cu\u1ed1n s\u00e1ch ehon sang ph\u1ee5c v\u1ee5 nhu c\u1ea7u c\u1ee7a ng\u01b0\u1eddi Vi\u1ec7t t\u1ea1i Ch\u00e2u \u00c2u. V\u00e0 kh\u00f4ng g\u00ec vui m\u1eebng h\u01a1n l\u00e0 nh\u1eefng b\u1ea1n \u0111\u1ed9c gi\u1ea3 nh\u00ed c\u00f3 th\u1ec3 ti\u1ebfp c\u1eadn v\u00e0 c\u1ea7m tr\u00ean tay nh\u1eefng cu\u1ed1n s\u00e1ch ch\u1ea5t l\u01b0\u1ee3ng \u0111\u01b0\u1ee3c \u0111\u1ea7u t\u01b0 t\u1ec9 m\u1ec9, k\u1ef9 c\u00e0ng ch\u1ec9n chu v\u1ec1 c\u1ea3 n\u1ed9i dung l\u1eabn h\u00ecnh th\u1ee9c b\u1eb1ng ti\u1ebfng Vi\u1ec7t.<\/p>\n<p><strong>SACHVIET.EU<\/strong> lu\u00f4n tin t\u01b0\u1edfng r\u1eb1ng ng\u00f4n ng\u1eef m\u1eb9 \u0111\u1ebb lu\u00f4n l\u00e0 th\u1ee9 ng\u00f4n ng\u1eef thi\u00eang li\u00eang nh\u1ea5t v\u00e0 lu\u00f4n mong mu\u1ed1n c\u00e1c \u0111\u1ed9c gi\u1ea3 Vi\u1ec7t c\u00f3 c\u01a1 h\u1ed9i \u0111\u01b0\u1ee3c s\u1edf h\u1eefu nh\u1eefng cu\u1ed1n s\u00e1ch b\u1ea3n quy\u1ec1n \u0111\u1ea7y ch\u1ea5t l\u01b0\u1ee3ng b\u00e1n s\u1eb5n t\u1ea1i Ch\u00e2u \u00c2u<\/p>\n<p>\u00a0<\/p>\n\n[\/col]\n\n[\/row]\n\n<!-- \/wp:flatsome\/uxbuilder -->","post_title":"Wabooks","post_excerpt":"","post_status":"publish","comment_status":"closed","ping_status":"closed","post_password":"","post_name":"wabooks","to_ping":"","pinged":"","post_modified":"2022-12-19 22:37:02","post_modified_gmt":"2022-12-19 20:37:02","post_content_filtered":"","post_parent":0,"guid":"https:\/\/sachviet.eu\/?post_type=publisher&#038;p=1420","menu_order":0,"post_type":"publisher","post_mime_type":"","comment_count":"0","filter":"raw"}},"_links":{"self":[{"href":"https:\/\/sachviet.eu\/en\/wp-json\/wp\/v2\/product\/2060","targetHints":{"allow":["GET"]}}],"collection":[{"href":"https:\/\/sachviet.eu\/en\/wp-json\/wp\/v2\/product"}],"about":[{"href":"https:\/\/sachviet.eu\/en\/wp-json\/wp\/v2\/types\/product"}],"wp:featuredmedia":[{"embeddable":true,"href":"https:\/\/sachviet.eu\/en\/wp-json\/wp\/v2\/media\/2056"}],"wp:attachment":[{"href":"https:\/\/sachviet.eu\/en\/wp-json\/wp\/v2\/media?parent=2060"}],"wp:term":[{"taxonomy":"product_brand","embeddable":true,"href":"https:\/\/sachviet.eu\/en\/wp-json\/wp\/v2\/product_brand?post=2060"},{"taxonomy":"product_cat","embeddable":true,"href":"https:\/\/sachviet.eu\/en\/wp-json\/wp\/v2\/product_cat?post=2060"},{"taxonomy":"product_tag","embeddable":true,"href":"https:\/\/sachviet.eu\/en\/wp-json\/wp\/v2\/product_tag?post=2060"}],"curies":[{"name":"wp","href":"https:\/\/api.w.org\/{rel}","templated":true}]}}