{"id":2055,"date":"2021-02-21T00:09:34","date_gmt":"2021-02-20T22:09:34","guid":{"rendered":"https:\/\/sachviet.eu\/shop\/ehon-moi-moi-va-nhung-nguoi-ban-set-3-quyen\/"},"modified":"2023-04-13T17:33:51","modified_gmt":"2023-04-13T14:33:51","slug":"ehon-moi-moi-va-nhung-nguoi-ban-set-3-quyen","status":"publish","type":"product","link":"https:\/\/sachviet.eu\/en\/shop\/ehon-moi-moi-va-nhung-nguoi-ban-set-3-quyen\/","title":{"rendered":"Ehon Moi Moi v\u00e0 nh\u1eefng ng\u01b0\u1eddi b\u1ea1n &#8211; set 3 quy\u1ec3n"},"content":{"rendered":"<p>V\u1eady b\u1ed9 ehon c\u00f3 \u0111i\u1ec1u g\u00ec m\u00e0 c\u00f3 th\u1ec3 khi\u1ebfn c\u00e1c em b\u00e9 ng\u1eebng kh\u00f3c?<\/p>\n<p>&#8211; \u0110\u1ea7u ti\u00ean, \u0111\u00f3 l\u00e0 h\u00ecnh \u1ea3nh minh h\u1ecda. Em b\u00e9 th\u01b0\u1eddng ch\u00fa \u00fd t\u1edbi nh\u1eefng h\u00ecnh v\u1ebd c\u00f3 m\u00e0u s\u1eafc r\u1ef1c r\u1ee1, t\u01b0\u01a1i s\u00e1ng v\u00e0 h\u00ecnh d\u1ea1ng t\u01b0\u01a1ng t\u1ef1 nh\u01b0 khu\u00f4n m\u1eb7t hay \u0111\u00f4i m\u1eaft c\u1ee7a con ng\u01b0\u1eddi. \u201cNh\u00e2n v\u1eadt ch\u00ednh\u201d c\u1ee7a Moi Moi \u0111\u00e1p \u1ee9ng \u0111\u01b0\u1ee3c nh\u1eefng \u0111i\u1ec1u ki\u1ec7n \u0111\u00f3, v\u00e0 l\u00e0 h\u00ecnh minh h\u1ecda \u0111\u01b0\u1ee3c ch\u00ednh c\u00e1c em b\u00e9 l\u1ef1a ch\u1ecdn th\u00f4ng qua nh\u1eefng cu\u1ed9c th\u1ef1c nghi\u1ec7m.<\/p>\n<p>&#8211; B\u00ean c\u1ea1nh \u0111\u00f3, em b\u00e9 c\u0169ng r\u1ea5t nh\u1ea1y c\u1ea3m v\u1edbi nh\u1eefng \u00e2m thanh, \u0111\u1eb7c bi\u1ec7t l\u00e0 nh\u1eefng c\u1ee5m t\u1eeb d\u1ec5 ph\u00e1t \u00e2m, gi\u00e0u nh\u1ecbp \u0111i\u1ec7u, l\u1eb7p \u0111i l\u1eb7p l\u1ea1i nh\u01b0 \u201cMoi Moi\u201d.<br \/>\nH\u00f3a ra nh\u1eefng \u0111i\u1ec1u k\u1ef3 c\u1ee5c \u0111\u1ed1i v\u1edbi ng\u01b0\u1eddi l\u1edbn, l\u1ea1i c\u00f3 th\u1ec3 \u0111em l\u1ea1i s\u1ef1 t\u00f2 m\u00f2 l\u1edbn cho c\u00e1c em b\u00e9, khi\u1ebfn c\u00e1c em b\u00e9 h\u00e0o h\u1ee9ng th\u00edch th\u00fa. Ch\u00ednh s\u1ef1 t\u00f2 m\u00f2 \u0111\u00f3 \u0111\u00e3 thu h\u00fat \u00e1nh nh\u00ecn c\u1ee7a c\u00e1c em b\u00e9 v\u00e0o cu\u1ed1n s\u00e1ch, d\u1ea7n d\u1ea7n \u201cchi\u1ebfn th\u1eafng\u201d mong mu\u1ed1n g\u00e0o kh\u00f3c c\u1ee7a tr\u1ebb!<br \/>\n  <div class=\"banner-grid-wrapper\">\n  <div id=\"banner-grid-485708957\" class=\"banner-grid row row-grid row-small\" data-packery-options=\"\">\n            <style>\n    #banner-grid-485708957 .grid-col-1{height: 600px}\n    #banner-grid-485708957 .grid-col-1-2{height: 300px}\n    #banner-grid-485708957 .grid-col-1-3{height:200px}\n    #banner-grid-485708957 .grid-col-2-3{height: 400px}\n    #banner-grid-485708957 .grid-col-1-4{height: 150px}\n    #banner-grid-485708957 .grid-col-3-4{height: 450px}\n\n\n        \/* Tablet *\/\n    @media (max-width: 850px){\n      #banner-grid-485708957 .grid-col-1{height: 400px}\n      #banner-grid-485708957 .grid-col-1-2{height: 200px}\n      #banner-grid-485708957 .grid-col-1-3{height:133.33333333333px}\n      #banner-grid-485708957 .grid-col-2-3{height: 266.66666666667px}\n      #banner-grid-485708957 .grid-col-1-4{height: 100px}\n      #banner-grid-485708957 .grid-col-3-4{height: 300px}\n    }\n    \n        \/* Mobile *\/\n    @media (max-width: 550px){\n      #banner-grid-485708957 .grid-col-1{height: 400px}\n      #banner-grid-485708957 .grid-col-1-2{height: 200px}\n      #banner-grid-485708957 .grid-col-1-3{height:133.33333333333px}\n      #banner-grid-485708957 .grid-col-2-3{height: 266.66666666667px}\n      #banner-grid-485708957 .grid-col-1-4{height: 100px}\n      #banner-grid-485708957 .grid-col-3-4{height: 300px}\n    }\n    \n\n  <\/style>\n    <\/div>\n    <style>\n    #banner-grid-485708957 .grid-col-1{height: 600px}\n    #banner-grid-485708957 .grid-col-1-2{height: 300px}\n    #banner-grid-485708957 .grid-col-1-3{height:200px}\n    #banner-grid-485708957 .grid-col-2-3{height: 400px}\n    #banner-grid-485708957 .grid-col-1-4{height: 150px}\n    #banner-grid-485708957 .grid-col-3-4{height: 450px}\n\n\n    \n    \n\n  <\/style>\n    <\/div>\n  \n","protected":false},"excerpt":{"rendered":"<p>B\u1ed9 s\u00e1ch g\u1ed3m 3 cu\u1ed1n: \u201cMoi Moi\u201d; \u201cMoi Moi v\u00e0 Kiri\u201d v\u00e0 \u201c\u00dam ba la\u201d.<\/p>\n<p>N\u0103m 2017, B\u1ed9 ehon Moi Moi ra \u0111\u1eddi sau 2 n\u0103m nghi\u00ean c\u1ee9u b\u1edfi 5000 ng\u01b0\u1eddi, bao g\u1ed3m Gi\u00e1o s\u01b0 Hiraki Kazuo c\u00f9ng c\u1ed9ng s\u1ef1 t\u1ea1i Ph\u00f2ng Nghi\u00ean c\u1ee9u tr\u1ebb s\u01a1 sinh thu\u1ed9c \u0110\u1ea1i h\u1ecdc Tokyo, v\u00e0 r\u1ea5t nhi\u1ec1u nh\u1eefng \u00f4ng b\u1ed1, b\u00e0 m\u1eb9 v\u00e0 em b\u00e9 kh\u00e1c tr\u00ean kh\u1eafp Nh\u1eadt B\u1ea3n. Ngay trong 7 th\u00e1ng \u0111\u1ea7u ti\u00ean k\u1ec3 t\u1eeb khi ph\u00e1t h\u00e0nh, &#8220;Moi Moi&#8221; b\u00e1n ra h\u01a1n 100.000 b\u1ea3n. Theo th\u1ed1ng k\u00ea, c\u1ee9 7 em b\u00e9 Nh\u1eadt B\u1ea3n th\u00ec c\u00f3 1 em b\u00e9 \u0111\u1ecdc &#8220;Moi Moi&#8221;. Cu\u1ed1n Ehon n\u00e0y c\u0169ng li\u00ean t\u1ee5c \u0111\u1ee9ng trong top nh\u1eefng cu\u1ed1n s\u00e1ch b\u00e1n ch\u1ea1y nh\u1ea5t: #1 n\u0103m 2018 tr\u00ean Amazone.co.jp, #1 \u201cEhon c\u1ee7a n\u0103m 2018\u201d c\u1ee7a Rakuten Books, &#8230; \u0110\u00e2y th\u1ef1c s\u1ef1 l\u00e0 m\u1ed9t c\u00fa hit l\u1edbn trong ng\u00e0nh Ehon Nh\u1eadt B\u1ea3n.<\/p>\n","protected":false},"featured_media":2047,"template":"","meta":{"_acf_changed":false},"product_brand":[],"product_cat":[24,17],"product_tag":[],"class_list":{"0":"post-2055","1":"product","2":"type-product","3":"status-publish","4":"has-post-thumbnail","6":"product_cat-nha-tre-mau-giao-0-tuoi-6-tuoi","7":"product_cat-sach-danh-cho-cac-be","9":"first","10":"outofstock","11":"taxable","12":"shipping-taxable","13":"purchasable","14":"product-type-simple"},"supplier_id":null,"supplier_sku":"","barcode":null,"atum_controlled":true,"out_stock_date":"2023-04-13 14:33:51","out_stock_threshold":null,"inheritable":false,"inbound_stock":0,"stock_on_hold":0,"sold_today":0,"sales_last_days":0,"reserved_stock":0,"customer_returns":0,"warehouse_damage":0,"lost_in_post":0,"other_logs":0,"out_stock_days":1021,"lost_sales":0,"has_location":false,"update_date":"2026-01-28T23:10:30","atum_locations":[],"atum_stock_status":"outofstock","restock_status":false,"low_stock_amount":"","sales_update_date":"2026-01-28T23:10:30","calc_backorders":null,"acf":{"publisher":{"ID":1420,"post_author":"1","post_date":"2021-02-16 23:03:17","post_date_gmt":"2021-02-16 21:03:17","post_content":"<!-- wp:flatsome\/uxbuilder -->\n<h1 style=\"text-align: center\"><strong>WABOOKS<\/strong><\/h1>\n[ux_image id=\"1430\"]\n\n[gap]\n\n<p style=\"text-align: left\">Wabooks l\u00e0 c\u00f4ng ty s\u00e1ch ho\u1ea1t \u0111\u1ed9ng chuy\u00ean nghi\u1ec7p trong l\u0129nh v\u1ef1c xu\u1ea5t b\u1ea3n s\u00e1ch. Ph\u1ea7n l\u1edbn ngu\u1ed3n l\u1ef1c c\u1ee7a c\u00f4ng ty \u0111\u1ea7u t\u01b0 v\u00e0o nghi\u00ean c\u1ee9u, mua b\u1ea3n quy\u1ec1n, d\u1ecbch v\u00e0 xu\u1ea5t b\u1ea3n c\u00e1c \u1ea5n ph\u1ea9m v\u0103n h\u00f3a, tri th\u1ee9c c\u1ee7a Nh\u1eadt B\u1ea3n t\u1ea1i Vi\u1ec7t Nam. Wabooks lu\u00f4n kh\u00f4ng ng\u1eebng n\u1ed7 l\u1ef1c mang \u0111\u1ebfn nh\u1eefng s\u1ea3n ph\u1ea9m c\u00f3 ch\u1ea5t l\u01b0\u1ee3ng v\u00e0 d\u1ecbch v\u1ee5 ho\u00e0n h\u1ea3o, mang \u0111\u1ebfn s\u1ef1 h\u00e0i l\u00f2ng cho kh\u00e1ch h\u00e0ng c\u0169ng nh\u01b0 \u0111\u00f3ng g\u00f3p cho \u0111\u1ea5t n\u01b0\u1edbc t\u1ed1t \u0111\u1eb9p h\u01a1n th\u00f4ng qua nh\u1eefng gi\u00e1 tr\u1ecb m\u00e0 c\u00f4ng ty \u0111ang kh\u00f4ng ng\u1eebng theo \u0111u\u1ed5i.<\/p>\n[row]\n\n[col span=\"6\" span__sm=\"12\"]\n\n[ux_image id=\"2068\"]\n\n\n[\/col]\n[col span=\"6\" span__sm=\"12\"]\n\n<p>Anh Goto Daishi th\u00ec tin r\u1eb1ng ch\u1ec9 c\u00f3 s\u00e1ch m\u1edbi khi\u1ebfn con ng\u01b0\u1eddi ta tr\u1edf n\u00ean v\u0103n minh v\u00e0 ti\u1ebfn b\u1ed9, c\u00f2n anh Nguy\u1ec5n Tu\u1ea5n Anh th\u00ec cho r\u1eb1ng ch\u00fang ta ph\u1ea3i mang s\u00e1ch \u0111\u1ebfn n\u01a1i m\u00e0 ng\u01b0\u1eddi ta th\u1ef1c s\u1ef1 c\u1ea7n, chia s\u1ebb nh\u1eefng gi\u00e1 tr\u1ecb m\u00e0 ng\u01b0\u1eddi kh\u00e1c \u0111ang thi\u1ebfu, \u0111\u00f3 l\u00e0 c\u00e1ch \u0111\u1ec3 ch\u00fang ta ho\u00e0n thi\u1ec7n con ng\u01b0\u1eddi v\u00e0 g\u00f3p ph\u1ea7n l\u00e0m cho x\u00e3 h\u1ed9i ho\u00e0n thi\u1ec7n h\u01a1n.\u00a0<\/p>\n<p>May m\u1eafn r\u1eb1ng<strong> SACHVIET.EU\u00a0<\/strong>\u0111\u00e3 c\u00f3 c\u01a1 h\u1ed9i \u0111\u01b0\u1ee3c anh Nguy\u1ec5n Tu\u1ea5n Anh h\u1ee3p t\u00e1c gi\u00fap \u0111\u1ee1 h\u1ebft m\u00ecnh \u0111\u1ec3 The Stations c\u00f3 th\u1ec3 d\u1ec5 d\u00e0ng \u0111\u01b0a nh\u1eefng cu\u1ed1n s\u00e1ch ehon sang ph\u1ee5c v\u1ee5 nhu c\u1ea7u c\u1ee7a ng\u01b0\u1eddi Vi\u1ec7t t\u1ea1i Ch\u00e2u \u00c2u. V\u00e0 kh\u00f4ng g\u00ec vui m\u1eebng h\u01a1n l\u00e0 nh\u1eefng b\u1ea1n \u0111\u1ed9c gi\u1ea3 nh\u00ed c\u00f3 th\u1ec3 ti\u1ebfp c\u1eadn v\u00e0 c\u1ea7m tr\u00ean tay nh\u1eefng cu\u1ed1n s\u00e1ch ch\u1ea5t l\u01b0\u1ee3ng \u0111\u01b0\u1ee3c \u0111\u1ea7u t\u01b0 t\u1ec9 m\u1ec9, k\u1ef9 c\u00e0ng ch\u1ec9n chu v\u1ec1 c\u1ea3 n\u1ed9i dung l\u1eabn h\u00ecnh th\u1ee9c b\u1eb1ng ti\u1ebfng Vi\u1ec7t.<\/p>\n<p><strong>SACHVIET.EU<\/strong> lu\u00f4n tin t\u01b0\u1edfng r\u1eb1ng ng\u00f4n ng\u1eef m\u1eb9 \u0111\u1ebb lu\u00f4n l\u00e0 th\u1ee9 ng\u00f4n ng\u1eef thi\u00eang li\u00eang nh\u1ea5t v\u00e0 lu\u00f4n mong mu\u1ed1n c\u00e1c \u0111\u1ed9c gi\u1ea3 Vi\u1ec7t c\u00f3 c\u01a1 h\u1ed9i \u0111\u01b0\u1ee3c s\u1edf h\u1eefu nh\u1eefng cu\u1ed1n s\u00e1ch b\u1ea3n quy\u1ec1n \u0111\u1ea7y ch\u1ea5t l\u01b0\u1ee3ng b\u00e1n s\u1eb5n t\u1ea1i Ch\u00e2u \u00c2u<\/p>\n<p>\u00a0<\/p>\n\n[\/col]\n\n[\/row]\n\n<!-- \/wp:flatsome\/uxbuilder -->","post_title":"Wabooks","post_excerpt":"","post_status":"publish","comment_status":"closed","ping_status":"closed","post_password":"","post_name":"wabooks","to_ping":"","pinged":"","post_modified":"2022-12-19 22:37:02","post_modified_gmt":"2022-12-19 20:37:02","post_content_filtered":"","post_parent":0,"guid":"https:\/\/sachviet.eu\/?post_type=publisher&#038;p=1420","menu_order":0,"post_type":"publisher","post_mime_type":"","comment_count":"0","filter":"raw"}},"_links":{"self":[{"href":"https:\/\/sachviet.eu\/en\/wp-json\/wp\/v2\/product\/2055","targetHints":{"allow":["GET"]}}],"collection":[{"href":"https:\/\/sachviet.eu\/en\/wp-json\/wp\/v2\/product"}],"about":[{"href":"https:\/\/sachviet.eu\/en\/wp-json\/wp\/v2\/types\/product"}],"wp:featuredmedia":[{"embeddable":true,"href":"https:\/\/sachviet.eu\/en\/wp-json\/wp\/v2\/media\/2047"}],"wp:attachment":[{"href":"https:\/\/sachviet.eu\/en\/wp-json\/wp\/v2\/media?parent=2055"}],"wp:term":[{"taxonomy":"product_brand","embeddable":true,"href":"https:\/\/sachviet.eu\/en\/wp-json\/wp\/v2\/product_brand?post=2055"},{"taxonomy":"product_cat","embeddable":true,"href":"https:\/\/sachviet.eu\/en\/wp-json\/wp\/v2\/product_cat?post=2055"},{"taxonomy":"product_tag","embeddable":true,"href":"https:\/\/sachviet.eu\/en\/wp-json\/wp\/v2\/product_tag?post=2055"}],"curies":[{"name":"wp","href":"https:\/\/api.w.org\/{rel}","templated":true}]}}