{"id":2046,"date":"2021-02-21T00:09:07","date_gmt":"2021-02-20T22:09:07","guid":{"rendered":"https:\/\/sachviet.eu\/shop\/ehon-dieu-ky-dieu-cua-cam-xuc-set-4-quyen\/"},"modified":"2025-03-07T20:40:38","modified_gmt":"2025-03-07T18:40:38","slug":"ehon-dieu-ky-dieu-cua-cam-xuc-set-4-quyen","status":"publish","type":"product","link":"https:\/\/sachviet.eu\/en\/shop\/ehon-dieu-ky-dieu-cua-cam-xuc-set-4-quyen\/","title":{"rendered":"Ehon \u0110i\u1ec1u K\u1ef3 Di\u1ec7u C\u1ee7a C\u1ea3m X\u00fac &#8211; set 4 quy\u1ec3n"},"content":{"rendered":"<p>\u201c\u0110i\u00ea\u0300u ky\u0300 di\u00ea\u0323u cu\u0309a ca\u0309m xu\u0301c\u201d la\u0300 c\u00e2u chuy\u00ea\u0323n k\u00ea\u0309 v\u00ea\u0300 nh\u01b0\u0303ng \u0111i\u00ea\u0300u xa\u0309y ra trong t\u00e2m h\u00f4\u0300n con tre\u0309<br \/>\nB\u1eb1ng c\u00e1ch g\u1ee3i ra nh\u1eefng c\u00e2u chuy\u1ec7n th\u01b0\u1eddng nh\u1eadt m\u00e0 b\u00e9 hay g\u1eb7p ph\u1ea3i, b\u1ed9 b\u1ed1n cu\u1ed1n s\u00e1ch C\u1ea3m x\u00fac \u0111\u00e3 \u201ck\u1ec3\u201d cho con bi\u1ebft th\u1ebf n\u00e0o l\u00e0 c\u1ea3m x\u00fac, \u0111\u1ec3 con t\u1ef1 b\u01a1i v\u00e0 v\u1eaby v\u00f9ng trong th\u1ebf gi\u1edbi c\u1ea3m x\u00fac c\u1ee7a ri\u00eang m\u00ecnh. Nh\u1eefng m\u1ea9u chuy\u1ec7n g\u1ea7n g\u0169i khi\u1ebfn con r\u1ea5t d\u1ec5 d\u00e0ng li\u00ean t\u01b0\u1edfng v\u00e0 g\u1ee3i nh\u1edb, s\u1ebd gi\u00fap h\u00ecnh th\u00e0nh trong con k\u00fd \u1ee9c v\u1ec1 nh\u1eefng x\u00fac c\u1ea3m th\u00fa v\u1ecb l\u1ea7n \u0111\u1ea7u con \u0111\u01b0\u1ee3c bi\u1ebft t\u00ean.<\/p>\n<p>M\u1eb9 hay n\u00f3i r\u1eb1ng, m\u1eb9 r\u1ea5t vui khi con bi\u1ebft v\u00e2ng l\u1eddi m\u1eb9. Nh\u01b0ng b\u00e9 v\u1eabn ch\u01b0a hi\u1ec3u \u0111\u01b0\u1ee3c \u201cvui\u201d l\u00e0 g\u00ec. N\u00e0y nh\u00e9, vui l\u00e0 khi m\u00ecnh nh\u1eadn \u0111\u01b0\u1ee3c m\u00f3n \u0111\u1ed3 ch\u01a1i, l\u00e0 khi \u0111\u01b0\u1ee3c \u0103n m\u00f3n m\u00ecnh y\u00eau th\u00edch m\u1ed7i ng\u00e0y, l\u00e0 m\u1ed9t ng\u00e0y n\u1ecd m\u00ecnh \u0111\u01b0\u1ee3c b\u1ed1 c\u00f5ng tr\u00ean l\u01b0ng, l\u00e0 khi m\u00ecnh tr\u1ea3 l\u1eddi \u0111\u00fang v\u00e0 \u0111\u01b0\u1ee3c khen, l\u00e0 khi m\u00ecnh c\u00f3 th\u00eam m\u1ed9t ng\u01b0\u1eddi b\u1ea1n m\u1edbi,\u2026 C\u00f3 khi n\u00e0o b\u00e9 m\u00e3i kh\u00f4ng ng\u1ee7 \u0111\u01b0\u1ee3c v\u00ec \u0111\u01b0\u1ee3c m\u1eb9 t\u1eb7ng cho m\u1ed9t \u0111\u00f4i t\u1ea5t xinh ch\u01b0a? C\u1ea3m gi\u00e1c th\u1eadt tho\u1ea3i m\u00e1i bi\u1ebft bao khi con \u0111\u01b0\u1ee3c ch\u01a1i trong b\u1ed3n t\u1eafm \u0111\u00fang kh\u00f4ng n\u00e0o? M\u1ed7i n\u1ee5 h\u00f4n c\u1ee7a m\u1eb9 v\u00e0o bu\u1ed5i t\u1ed1i lu\u00f4n khi\u1ebfn con ng\u1ee7 th\u1eadt ngon. Nh\u1eefng ni\u1ec1m vui \u0111\u01a1n gi\u1ea3n nh\u01b0 v\u1eady nh\u01b0ng l\u1ea1i khi\u1ebfn cho tr\u1ebb lu\u00f4n c\u1ea3m th\u1ea5y h\u1ea1nh ph\u00fac, \u1ea5m \u00e1p khi cu\u1ed9c s\u1ed1ng xung quanh tr\u00e0n ng\u1eadp nh\u1eefng \u0111i\u1ec1u th\u00fa v\u1ecb.<\/p>\n<p>B\u00e9 c\u00f3 khi n\u00e0o th\u1ea5y bu\u1ed3n kh\u00f4ng nh\u1ec9, hay c\u00f3 khi n\u00e0o b\u00e9 th\u1ea5y trong l\u00f2ng kh\u00f4ng c\u00f3 s\u1ef1 h\u00e0o h\u1ee9ng \u0111\u1ec3 l\u00e0m b\u1ea5t c\u1ee9 vi\u1ec7c g\u00ec r\u1ed3i, nh\u01b0ng v\u1eabn ch\u01b0a bi\u1ebft g\u1ecdi t\u00ean c\u1ea3m x\u00fac \u0111\u00f3 ra nh\u01b0 th\u1ebf n\u00e0o. C\u00f3 th\u1ec3, \u0111\u00f3 l\u00e0 n\u1ed7i bu\u1ed3n \u0111\u00f3. Bu\u1ed3n l\u00e0 khi m\u00ecnh \u0111ang \u0103n m\u1ed9t c\u00e2y kem r\u1ea5t ngon, nh\u01b0ng l\u1ea1i l\u1ee1 tay l\u00e0m r\u01a1i xu\u1ed1ng \u0111\u1ea5t. M\u1ed9t bu\u1ed5i s\u00e1ng n\u1ecd, b\u00e9 r\u1ea5t h\u00ed h\u1eedng ra s\u00e2n ng\u1eafm l\u1ea1i th\u00e0nh qu\u1ea3 d\u1ecdn d\u1eb9p r\u1ea5t s\u1ea1ch s\u1ebd v\u00e0o h\u00f4m qua, nh\u01b0ng l\u1ea1i b\u1ecb h\u1ee5t h\u1eabng v\u00ec nh\u00ecn th\u1ea5y l\u00e1 \u0111\u00e3 ph\u1ee7 \u0111\u1ea7y s\u00e2n kh\u00f4ng? B\u00e9 r\u1ea5t th\u00edch \u0103n tr\u1ee9ng r\u00e1n, v\u00e0 n\u1ebfu b\u1eefa t\u1ed1i \u0111\u00f3 kh\u00f4ng c\u00f3 tr\u1ee9ng, b\u00e9 kh\u00f4ng c\u00f2n ch\u00fat h\u1ee9ng th\u00fa n\u00e0o v\u1edbi b\u1eefa \u0103n n\u1eefa nh\u1ec9. L\u00fac l\u1ee1 tay l\u00e0m h\u1ecfng m\u00f3n \u0111\u1ed3 ch\u01a1i y\u00eau th\u00edch, c\u1ea3m x\u00fac khi \u0111\u00f3 c\u1ee7a b\u00e9 l\u00e0 g\u00ec. C\u00f3 ph\u1ea3i th\u1ea5y l\u00f2ng r\u1ea5t m\u1ea5t m\u00e1t v\u00e0 kh\u00f4ng vui ch\u00fat n\u00e0o ph\u1ea3i kh\u00f4ng? N\u1ebfu b\u00e9 l\u00e0m sai vi\u1ec7c n\u00e0o \u0111\u00f3 v\u00e0 b\u1ecb m\u1eb9 m\u1eafng, l\u00f2ng con s\u1ebd n\u1eb7ng tr\u0129u \u0111\u00fang kh\u00f4ng n\u00e0o? Khi ng\u01b0\u1eddi b\u1ea1n th\u00e2n c\u1ee7a m\u00ecnh b\u1ecb \u1ed1m, ngo\u00e0i vi\u1ec7c lo l\u1eafng b\u1ea1n c\u00f3 b\u1ecb sao kh\u00f4ng th\u00ec con s\u1ebd bu\u1ed3n m\u1ed9t ch\u00fat v\u00ec kh\u00f4ng c\u00f3 ai ch\u01a1i c\u00f9ng n\u1eefa nh\u1ec9. Gi\u1edd th\u00ec b\u00e9 \u0111\u00e3 bi\u1ebft bu\u1ed3n l\u00e0 nh\u01b0 th\u1ebf n\u00e0o r\u1ed3i nh\u00e9.<\/p>\n<p>M\u1ed9t ng\u00e0y n\u1ecd, b\u00e9 chui xu\u1ed1ng g\u1ea7m gi\u01b0\u1eddng v\u00e0 nh\u00ecn th\u1ea5y m\u00f3n \u0111\u1ed3 ch\u01a1i y\u00eau th\u00edch t\u01b0\u1edfng \u0111\u00e3 m\u1ea5t t\u1eeb l\u00e2u \u0111ang n\u1eb1m d\u01b0\u1edbi \u0111\u00f3. L\u00fac n\u00e0y, c\u00f3 ph\u1ea3i b\u00e9 \u0111\u00e3 nh\u1ea3y c\u1eabng l\u00ean, v\u00f4 c\u00f9ng b\u1ea5t ng\u1edd v\u00ec cu\u1ed1i c\u00f9ng c\u0169ng th\u1ea5y \u0111\u01b0\u1ee3c n\u00f3 sau bao ng\u00e0y bu\u1ed3n b\u00e3? \u0110\u00f3 l\u00e0 l\u00fac m\u00e0 con \u0111ang c\u1ea3m th\u1ea5y ng\u1ea1c nhi\u00ean \u0111\u1ea5y, v\u00ec con v\u1eabn ch\u01b0a hi\u1ec3u t\u1ea1i sao m\u00ecnh l\u1ea1i c\u00f3 may m\u1eafn t\u00ecm \u0111\u01b0\u1ee3c m\u00f3n \u0111\u1ed3 y\u00eau th\u00edch m\u1ed9t c\u00e1ch \u0111\u1ea7y t\u00ecnh c\u1edd nh\u01b0 th\u1ebf. C\u00f3 khi n\u00e0o, b\u00e9 \u0111i nh\u1ea7m gi\u00e0y c\u1ee7a c\u00e1c b\u1ea1n \u1edf l\u1edbp, v\u1ec1 \u0111\u1ebfn nh\u00e0 m\u1edbi nh\u1eadn ra kh\u00f4ng? Khi \u0111\u00f3, b\u00e9 c\u0169ng \u0111ang ng\u1ea1c nhi\u00ean v\u00ec kh\u00f4ng bi\u1ebft \u0111\u00f4i gi\u00e0y n\u00e0y c\u1ee7a ai, v\u00e0 t\u1ea1i sao m\u00ecnh l\u1ea1i \u0111i nh\u1ea7m \u0111\u01b0\u1ee3c nh\u1ec9. C\u00f9ng v\u1edbi c\u00e1c cu\u1ed1n s\u00e1ch ehon kh\u00e1c n\u1eb1m trong b\u1ed9 ehon c\u1ea3m x\u00fac, \u201cNg\u1ea1c nhi\u00ean l\u00e0 nh\u01b0 th\u1ebf n\u00e0o nh\u1ec9\u201d cho tr\u1ebb bi\u1ebft v\u1ec1 c\u00e1c bi\u1ec3u hi\u1ec7n c\u1ee7a c\u1ea3m x\u00fac m\u00e0 nhi\u1ec1u khi tr\u1ebb \u0111\u00e3 tr\u1ea3i qua nh\u01b0ng ch\u01b0a bi\u1ebft c\u00e1ch g\u1ecdi t\u00ean hay mi\u00eau t\u1ea3.<\/p>\n<p>Ch\u1ee3t b\u00e9 nghe th\u1ea5y nh\u1eefng ti\u1ebfng \u201cr\u1eb9t\u2026r\u1eb9t\u201d ph\u00e1t ra t\u1eeb tr\u00ean ng\u01b0\u1eddi m\u00ecnh. \u00d4i ch\u1ebft r\u1ed3i, qu\u1ea7n b\u1ecb r\u00e1ch r\u1ed3i, bi\u1ebft l\u00e0m sao \u0111\u00e2y? B\u00e9 mu\u1ed1n tr\u1ed1n \u0111i th\u1eadt nhanh \u0111\u1ec3 kh\u00f4ng ai th\u1ea5y m\u00ecnh \u0111ang m\u1eb7c m\u1ed9t chi\u1ebfc qu\u1ea7n r\u00e1ch nh\u1ec9. \u0110\u00f3 ch\u00ednh l\u00e0 l\u00fac m\u00e0 b\u00e9 \u0111ang x\u1ea5u h\u1ed5 \u0111\u1ea5y. Ahhh, c\u00f2n c\u00f3 m\u1ed9t chuy\u1ec7n x\u1ea5u h\u1ed5 h\u01a1n n\u1eefa, \u0111\u00f3 l\u00e0 khi b\u00e9 nh\u1ee1 \u0103n no qu\u00e1 r\u1ed3i l\u1ee1 \u201cx\u00ec h\u01a1i\u201d tr\u01b0\u1edbc m\u1eb7t ng\u01b0\u1eddi kh\u00e1c, th\u1eadt ng\u1ea1i qu\u00e1 \u0111i. M\u1ed9t bu\u1ed5i s\u00e1ng th\u1ee9c d\u1eady tr\u1ec5 ch\u00fat, con c\u00f3 v\u1ed9i v\u00e0ng qu\u00e1 m\u00e0 m\u1eb7c ng\u01b0\u1ee3c \u00e1o, m\u00e3i khi \u0111\u1ebfn tr\u01b0\u1eddng r\u1ed3i m\u1edbi nh\u1eadn ra kh\u00f4ng? R\u1ea5t nhi\u1ec1u, r\u1ea5t nhi\u1ec1u l\u1ea7n ch\u00ednh b\u00e9 \u0111\u00e3 t\u1ef1 c\u1ea3m nh\u1eadn \u0111\u01b0\u1ee3c c\u1ea3m x\u00fac x\u1ea5u h\u1ed5 nh\u01b0 v\u1eady. Nh\u1eefng l\u00fac c\u1ea3m x\u00fac x\u1ea5u h\u1ed5 \u1eadp \u0111\u1ebfn nh\u01b0 th\u1ebf, b\u00e9 s\u1ebd c\u00f3 c\u1ea3m gi\u00e1c nh\u01b0 th\u1ebf n\u00e0o nh\u1ec9. Khu\u00f4n m\u1eb7t nh\u1ecf b\u00e9 b\u1eaft \u0111\u1ea7u \u1eedng h\u1ed3ng l\u00ean, n\u00f3ng ran v\u00e0 b\u00e9 th\u00ec ch\u1ec9 mu\u1ed1n ch\u1ea1y th\u1eadt nhanh v\u00e0o m\u1ed9t n\u01a1i kh\u00f4ng ai nh\u00ecn th\u1ea5y, hay tr\u1ed1n t\u1ecbt \u0111\u1eb1ng sau l\u01b0ng m\u1eb9 \u0111\u1ec3 \u201cch\u1ea1y tr\u1ed1n\u201d \u0111\u00fang kh\u00f4ng? Ca\u0309m xu\u0301c x\u00e2\u0301u h\u00f4\u0309 nhanh \u0111\u00ea\u0301n va\u0300 cu\u0303ng nhanh \u0111i, nh\u01b0ng \u0111a\u0303 \u0111\u00ea\u0309 la\u0323i trong con nh\u01b0\u0303ng ca\u0309m gia\u0301c v\u00f4 cu\u0300ng kho\u0301 qu\u00ean \u0111u\u0301ng kh\u00f4ng na\u0300o?<\/p>\n<p>Vi\u1ec7c nu\u00f4i d\u01b0\u1ee1ng c\u1ea3m x\u00fac \u1edf tr\u1ebb nh\u1ecf c\u0169ng quan tr\u1ecdng nh\u01b0 vi\u1ec7c ph\u00e1t tri\u1ec3n tr\u00ed tu\u1ec7. Tuy nhi\u00ean, tr\u00ean th\u1ef1c t\u1ebf, nhi\u1ec1u b\u1eadc cha m\u1eb9 c\u00f3 ph\u1ea7n \u01b0u ti\u00ean ph\u00e1t tri\u1ec3n tr\u00ed th\u00f4ng minh m\u00e0 ch\u01b0a ch\u00fa tr\u1ecdng \u0111\u1ebfn vi\u1ec7c x\u00e2y d\u1ef1ng cho con m\u1ed9t t\u00e2m h\u1ed3n phong ph\u00fa. C\u00f3 m\u1ed9t \u0111i\u1ec1u cha m\u1eb9 c\u1ea7n l\u01b0u \u00fd, \u0111\u00f3 l\u00e0 khi tr\u00ed tu\u1ec7 v\u00e0 t\u00e2m h\u1ed3n \u0111\u01b0\u1ee3c ph\u00e1t tri\u1ec3n m\u1ed9t c\u00e1ch h\u00e0i h\u00f2a, tr\u1ebb s\u1ebd c\u00f3 k\u1ef9 n\u0103ng \u0111\u1ed1i m\u1eb7t v\u00e0 gi\u1ea3i quy\u1ebft c\u00e1c s\u1ef1 vi\u1ec7c d\u01b0\u1edbi nhi\u1ec1u g\u00f3c nh\u00ecn, tr\u1edf n\u00ean linh ho\u1ea1t h\u01a1n, m\u1ec1m d\u1ebbo h\u01a1n. V\u00ec v\u1eady, nu\u00f4i d\u01b0\u1ee1ng c\u1ea3m x\u00fac, t\u00e2m h\u1ed3n con ngay t\u1eeb khi c\u00f2n nh\u1ecf l\u00e0 m\u1ed9t vi\u1ec7c l\u00e0m quan tr\u1ecdng kh\u00f4ng k\u00e9m vi\u1ec7c nu\u00f4i d\u1ea1y con th\u00f4ng minh.<\/p>\n<p>Kh\u00f4ng chi\u0309 gia\u0309i quy\u00ea\u0301t cho con nh\u01b0\u0303ng th\u0103\u0301c m\u0103\u0301c v\u00ea\u0300 xu\u0301c ca\u0309m, b\u00f4\u0323 sa\u0301ch na\u0300y co\u0300n giu\u0301p b\u00f4\u0301 me\u0323 x\u01b0\u0309 tri\u0301 ca\u0309m gia\u0301c b\u00f4\u0301i r\u00f4\u0301i m\u00f4\u0303i khi con \u0111\u0103\u0323t c\u00e2u ho\u0309i \u201cVui l\u00e0 nh\u01b0 th\u1ebf n\u00e0o h\u1ea3 m\u1eb9?\u201d, \u201cTh\u1ebf n\u00e0o l\u00e0 ng\u1ea1c nhi\u00ean h\u1ea3 b\u1ed1?\u201d,\u2026 ma\u0300 tre\u0309 th\u01b0\u01a1\u0300ng r\u00e2\u0301t hay to\u0300 mo\u0300 \u0111u\u0301ng kh\u00f4ng?<\/p>\n<p>Gi\u00e1 tr\u1ecb nh\u00e2n v\u0103n m\u00e0 b\u1ed9 s\u00e1ch ehon C\u1ea3m x\u00fac mang l\u1ea1i l\u00e0 h\u00e0nh vi khuy\u1ebfn kh\u00edch tr\u1ebb h\u00e3y t\u1ef1 c\u1ea3m nh\u1eadn, t\u1eadn h\u01b0\u1edfng v\u00e0 \u0111\u00f4i khi l\u00e0 \u0111\u1ed1i m\u1eb7t v\u1edbi th\u1ebf gi\u1edbi c\u1ea3m x\u00fac nhi\u1ec1u cung b\u1eadc, t\u00ecm c\u00e1ch \u0111\u1ec3 t\u1ef1 gi\u1ea3i quy\u1ebft c\u00e1c v\u1ea5n \u0111\u1ec1 x\u1ea3y ra. \u0110\u00f3 l\u00e0 c\u00e1ch \u0111\u1ec3 t\u00e2m h\u1ed3n con tr\u1edf n\u00ean \u201cm\u00e0u m\u1ee1\u201d h\u01a1n, t\u1eeb \u0111\u00f3 ph\u00e1t tri\u1ec3n tr\u00ed th\u00f4ng minh c\u1ea3m x\u00fac (EQ), b\u1ed3i \u0111\u1eafp t\u00e2m h\u1ed3n t\u01b0\u01a1i \u0111\u1eb9p cho con tr\u1ebb.<br \/>\nTrong cu\u1ed9c s\u1ed1ng, kh\u00f4ng ch\u1ec9 ch\u00fang ta gi\u1ea3i quy\u1ebft v\u1ea5n \u0111\u1ec1 th\u00f4ng minh nh\u01b0 th\u1ebf n\u00e0o, m\u00e0 ch\u00fang ta c\u00f2n ph\u1ea3i qu\u1ea3n l\u00fd c\u1ea3m x\u00fac b\u1ea3n th\u00e2n, c\u0169ng nh\u01b0 v\u1edbi nh\u1eefng ng\u01b0\u1eddi xung quanh khi c\u00f3 s\u1ef1 t\u01b0\u01a1ng t\u00e1c hai chi\u1ec1u v\u1ec1 c\u00e1ch gi\u1ea3i quy\u1ebft v\u1ea5n \u0111\u1ec1 c\u1ee7a ch\u00fang ta. Nh\u1eefng b\u00e0i h\u1ecdc n\u00e0y l\u00e0 c\u1ea7n \u0111\u01b0\u1ee3c luy\u1ec7n t\u1eadp khi tr\u1ebb c\u00f2n nh\u1ecf.<\/p>\n<p>K\u00ea\u0301t lu\u00e2\u0323n<br \/>\nNg\u01b0\u1eddi ph\u01b0\u01a1ng T\u00e2y khi \u0111\u1ebfn Nh\u1eadt, \u1ea5n t\u01b0\u1ee3ng c\u1ee7a h\u1ecd \u0111\u1ed1i v\u1edbi tr\u1ebb em Nh\u1eadt l\u00e0 &#8220;Tr\u1ebb em Nh\u1eadt v\u1eeba tr\u01b0\u1edfng th\u00e0nh v\u1eeba nghe l\u1eddi&#8221;. \u0110i\u00ea\u0300u \u0111o\u0301 \u0111\u01b0\u01a1\u0323c ly\u0301 gia\u0309i la\u0300 vi\u0300 c\u00e1ch d\u1ea1y con c\u1ee7a ng\u01b0\u1eddi Nh\u1eadt chu\u0301 tro\u0323ng b\u00f4\u0300i d\u01b0\u01a1\u0303ng kha\u0309 n\u0103ng t\u1ef1 ki\u1ec3m so\u00e1t. T\u1ef1 ki\u1ec3m so\u00e1t l\u00e0 vi\u1ec7c c\u00f3 th\u1ec3 t\u1ef1 \u0111i\u1ec1u khuy\u1ec3n, gi\u00e1m s\u00e1t t\u00ecnh c\u1ea3m, h\u00e0nh \u0111\u1ed9ng hay suy ngh\u0129 c\u1ee7a b\u1ea3n th\u00e2n. N\u00f3i c\u00e1ch kh\u00e1c, b\u00f4\u0323 sa\u0301ch \u201c\u0110i\u00ea\u0300u ky\u0300 di\u00ea\u0323u cu\u0309a ca\u0309m xu\u0301c\u201d s\u00e1ch n\u00e0y s\u1ebd gi\u00fap b\u00e9 hi\u1ec3u \u0111\u01b0\u1ee3c c\u00e1c c\u1ea3m x\u00fac c\u1ee7a b\u1ea3n th\u00e2n, t\u1eeb \u0111\u00f3 th\u1ea5u hi\u1ec3u c\u1ea3m x\u00fac c\u1ee7a ng\u01b0\u1eddi kh\u00e1c v\u00e0 l\u00e0m t\u0103ng tr\u00ed th\u00f4ng minh c\u1ea3m x\u00fac c\u1ee7a tr\u1ebb (EQ).<\/p>\n<p>M\u1ed9t em b\u00e9 th\u00f4ng minh, lanh l\u1ee3i ch\u1eafc ch\u1eafn s\u1ebd g\u00e2y \u0111\u01b0\u1ee3c \u1ea5n t\u01b0\u1ee3ng r\u1ea5t t\u1ed1t v\u1edbi m\u1ecdi ng\u01b0\u1eddi, v\u1eady c\u00f2n m\u1ed9t em b\u00e9 gi\u00e0u t\u00ecnh c\u1ea3m, t\u00e2m h\u1ed3n phong ph\u00fa li\u1ec7u c\u00f3 l\u00e0m \u0111\u01b0\u1ee3c \u0111i\u1ec1u \u0111\u00f3 kh\u00f4ng? C\u00e2u tr\u1ea3 l\u1eddi ch\u1eafc ch\u1eafn l\u00e0 c\u00f3, b\u1edfi m\u1ed7i \u0111\u1ee9a tr\u1ebb \u0111\u1ec1u c\u00f3 nh\u1eefng \u0111i\u1ec3m m\u1ea1nh v\u00e0 xu h\u01b0\u1edbng ph\u00e1t tri\u1ec3n ri\u00eang, v\u00ec v\u1eady t\u1ea5t c\u1ea3 nh\u1eefng s\u1ef1 kh\u00e1c bi\u1ec7t \u0111\u00f3 \u0111\u1ec1u \u0111\u01b0\u1ee3c t\u00f4n tr\u1ecdng v\u00e0 ph\u00e1t huy.<\/p>\n<p>B\u1ed9 s\u00e1ch ehon \u201c\u0110i\u00ea\u0300u ky\u0300 di\u00ea\u0323u ca\u0309u ca\u0309m xu\u0301c\u201d s\u1ebd l\u00e0 c\u00f4ng c\u1ee5 h\u1ed7 tr\u1ee3 \u0111\u1eafc l\u1ef1c cho b\u1ed1 m\u1eb9 trong qu\u00e1 tr\u00ecnh nu\u00f4i d\u01b0\u1ee1ng cho con m\u1ed9t t\u00e2m h\u1ed3n phong ph\u00fa. N\u1ebfu b\u1ea5t ch\u1ee3t con c\u00f3 h\u1ecfi b\u1ed1 m\u1eb9 v\u1ec1 nh\u1eefng c\u1ea3m x\u00fac kh\u00f3 l\u00ed gi\u1ea3i, h\u00e3y c\u00f9ng con kh\u00e1m ph\u00e1 \u0111i\u1ec1u \u0111\u00f3 th\u00f4ng qua b\u1ed9 s\u00e1ch n\u00e0y nh\u00e9.<br \/>\nC\u00f2n g\u00ec tuy\u1ec7t v\u1eddi h\u01a1n khi con v\u1eeba th\u00f4ng minh, h\u1ecdc gi\u1ecfi, l\u1ea1i v\u1eeba ngoan v\u00e0 nghe l\u1eddi c\u00e1c m\u1eb9 nh\u1ec9. B\u1ed1 m\u1eb9 h\u00e3y gi\u00fap con h\u1ecdc h\u1ecfi nh\u1eefng c\u1ea3m x\u00fac c\u00f3 gi\u00e1 tr\u1ecb trong t\u00e2m h\u1ed3n b\u1eb1ng c\u00e1ch cho con ti\u1ebfp x\u00fac s\u1edbm v\u1edbi nh\u1eefng cu\u1ed1n s\u00e1ch ehon nu\u00f4i d\u01b0\u1ee1ng c\u00e1c x\u00fac c\u1ea3m nh\u01b0 b\u00f4\u0323 sa\u0301ch na\u0300y. R\u00e8n luy\u1ec7n ngay cho con m\u1ed9t t\u00e2m h\u1ed3n t\u01b0\u01a1i \u0111\u1eb9p ngay h\u00f4m nay nh\u00e9, r\u1ea5t nhi\u1ec1u \u0111\u1ea7u s\u00e1ch ehon c\u00f3 th\u1ec3 t\u00e1c \u0111\u1ed9ng t\u00edch c\u1ef1c l\u00ean n\u00e3o b\u1ed9 v\u00e0 t\u00e2m h\u1ed3n con tr\u1ebb \u0111\u1ea5y!  <div class=\"banner-grid-wrapper\">\n  <div id=\"banner-grid-1052325295\" class=\"banner-grid row row-grid row-small\" data-packery-options=\"\">\n            <style>\n    #banner-grid-1052325295 .grid-col-1{height: 600px}\n    #banner-grid-1052325295 .grid-col-1-2{height: 300px}\n    #banner-grid-1052325295 .grid-col-1-3{height:200px}\n    #banner-grid-1052325295 .grid-col-2-3{height: 400px}\n    #banner-grid-1052325295 .grid-col-1-4{height: 150px}\n    #banner-grid-1052325295 .grid-col-3-4{height: 450px}\n\n\n        \/* Tablet *\/\n    @media (max-width: 850px){\n      #banner-grid-1052325295 .grid-col-1{height: 400px}\n      #banner-grid-1052325295 .grid-col-1-2{height: 200px}\n      #banner-grid-1052325295 .grid-col-1-3{height:133.33333333333px}\n      #banner-grid-1052325295 .grid-col-2-3{height: 266.66666666667px}\n      #banner-grid-1052325295 .grid-col-1-4{height: 100px}\n      #banner-grid-1052325295 .grid-col-3-4{height: 300px}\n    }\n    \n        \/* Mobile *\/\n    @media (max-width: 550px){\n      #banner-grid-1052325295 .grid-col-1{height: 400px}\n      #banner-grid-1052325295 .grid-col-1-2{height: 200px}\n      #banner-grid-1052325295 .grid-col-1-3{height:133.33333333333px}\n      #banner-grid-1052325295 .grid-col-2-3{height: 266.66666666667px}\n      #banner-grid-1052325295 .grid-col-1-4{height: 100px}\n      #banner-grid-1052325295 .grid-col-3-4{height: 300px}\n    }\n    \n\n  <\/style>\n    <\/div>\n    <style>\n    #banner-grid-1052325295 .grid-col-1{height: 600px}\n    #banner-grid-1052325295 .grid-col-1-2{height: 300px}\n    #banner-grid-1052325295 .grid-col-1-3{height:200px}\n    #banner-grid-1052325295 .grid-col-2-3{height: 400px}\n    #banner-grid-1052325295 .grid-col-1-4{height: 150px}\n    #banner-grid-1052325295 .grid-col-3-4{height: 450px}\n\n\n    \n    \n\n  <\/style>\n    <\/div>\n  \n","protected":false},"excerpt":{"rendered":"<p>\u201c\u0110i\u00ea\u0300u ky\u0300 di\u00ea\u0323u cu\u0309a ca\u0309m xu\u0301c\u201d &#8211; Nu\u00f4i d\u01b0\u1ee1ng t\u00e2m h\u1ed3n t\u01b0\u01a1i \u0111\u1eb9p \u0111\u1ec3 con c\u1ea3m nh\u1eadn tu\u1ed5i th\u01a1<br \/>\nV\u01a1\u0301i mong mu\u00f4\u0301n hi\u0300nh tha\u0300nh n\u00ean trong con tre\u0309 m\u00f4\u0323t t\u00e2m h\u00f4\u0300n t\u01b0\u01a1i \u0111e\u0323p v\u01a1\u0301i nh\u01b0\u0303ng xu\u0301c ca\u0309m ky\u0300 di\u00ea\u0323u nh\u01b0ng cu\u0303ng v\u00f4 cu\u0300ng quen thu\u00f4\u0323c, b\u00f4\u0323 sa\u0301ch ehon \u201c\u0110i\u00ea\u0300u ky\u0300 di\u00ea\u0323u cu\u0309a ca\u0309m xu\u0301c\u201d cho con kha\u0301m pha\u0301 th\u00ea\u0301 gi\u01a1\u0301i ca\u0309m xu\u0301c v\u00f4\u0301n ph\u01b0\u0301c ta\u0323p nh\u01b0ng la\u0323i n\u01a1i ma\u0300 mo\u0323i \u0111i\u00ea\u0300u tuy\u00ea\u0323t v\u01a1\u0300i nh\u00e2\u0301t cu\u0309a t\u00e2m h\u00f4\u0300n ti\u0300m \u0111\u00ea\u0301n. Cu\u0300ng con x\u00e2y d\u01b0\u0323ng m\u00f4\u0323t t\u00e2m h\u00f4\u0300n \u0111e\u0323p la\u0300 b\u00f4\u0301 me\u0323 \u0111a\u0303 giu\u0301p con t\u00e2\u0323n h\u01b0\u01a1\u0309ng nh\u01b0\u0303ng gia\u0301 tri\u0323 nh\u00e2n v\u0103n nh\u00e2\u0301t cu\u0309a cu\u00f4\u0323c s\u00f4\u0301ng m\u00f4\u0303i con ng\u01b0\u01a1\u0300i.<\/p>\n<p>B\u00f4\u0323 sa\u0301ch ehon \u201c\u0110i\u00ea\u0300u ky\u0300 di\u00ea\u0323u cu\u0309a ca\u0309m xu\u0301c\u201d phu\u0300 h\u01a1\u0323p cho tre\u0309 t\u01b0\u0300 0 \u2013 6 tu\u00f4\u0309i, g\u00f4\u0300m 4 cu\u00f4\u0301n \u201cVui la\u0300 nh\u01b0 th\u00ea\u0301 na\u0300o nhi\u0309?\u201d, \u201cBu\u00f4\u0300n la\u0300 nh\u01b0 th\u00ea\u0301 na\u0300o nhi\u0309?\u201d, \u201cNga\u0323c nhi\u00ean la\u0300 nh\u01b0 th\u00ea\u0301 na\u0300o nhi\u0309?\u201d va\u0300 \u201cX\u00e2\u0301u h\u00f4\u0309 la\u0300 nh\u01b0 th\u00ea\u0301 na\u0300o nhi\u0309?\u201d k\u00ea\u0309 cho be\u0301 nghe nh\u01b0\u0303ng bi\u0301 m\u00e2\u0323t cu\u0309a ca\u0309m xu\u0301c th\u01b0\u01a1\u0300ng nga\u0300y ma\u0300 ca\u0301c con v\u00e2\u0303n th\u01b0\u01a1\u0300ng tra\u0309i qua, t\u01b0\u0300 \u0111o\u0301 cho con bi\u00ea\u0301t \u0111\u01b0\u01a1\u0323c nh\u01b0\u0303ng ca\u0309m xu\u0301c na\u0300y phu\u0323 thu\u00f4\u0323c r\u00e2\u0301t nhi\u00ea\u0300u va\u0300o vi\u00ea\u0323c con \u0111o\u0301n nh\u00e2\u0323n no\u0301 th\u00ea\u0301 na\u0300o, \u0111\u00f4\u0300ng th\u01a1\u0300i cho con ni\u00ea\u0300m tin v\u00ea\u0300 quan \u0111i\u00ea\u0309m s\u00f4\u0301ng ti\u0301ch c\u01b0\u0323c, vui ve\u0309, giu\u0301p con t\u00e2\u0323n h\u01b0\u01a1\u0309ng t\u00e2\u0301t ca\u0309 ca\u0301c ca\u0309m xu\u0301c m\u00f4\u0323t ca\u0301ch tro\u0323n ve\u0323n nh\u00e2\u0301t.<\/p>\n<p>\u201c\u0110i\u00ea\u0300u ky\u0300 di\u00ea\u0323u cu\u0309a ca\u0309m xu\u0301c\u201d la\u0300 c\u00e2u chuy\u00ea\u0323n k\u00ea\u0309 v\u00ea\u0300 nh\u01b0\u0303ng \u0111i\u00ea\u0300u xa\u0309y ra trong t\u00e2m h\u00f4\u0300n con tre\u0309<\/p>\n","protected":false},"featured_media":2032,"template":"","meta":{"_acf_changed":false},"product_brand":[],"product_cat":[24,17],"product_tag":[],"class_list":{"0":"post-2046","1":"product","2":"type-product","3":"status-publish","4":"has-post-thumbnail","6":"product_cat-nha-tre-mau-giao-0-tuoi-6-tuoi","7":"product_cat-sach-danh-cho-cac-be","9":"first","10":"instock","11":"taxable","12":"shipping-taxable","13":"purchasable","14":"product-type-simple"},"supplier_id":null,"supplier_sku":"","barcode":null,"atum_controlled":true,"out_stock_date":null,"out_stock_threshold":null,"inheritable":false,"inbound_stock":0,"stock_on_hold":0,"sold_today":0,"sales_last_days":0,"reserved_stock":0,"customer_returns":0,"warehouse_damage":0,"lost_in_post":0,"other_logs":0,"out_stock_days":0,"lost_sales":0,"has_location":false,"update_date":"2026-01-28T23:11:27","atum_locations":[],"atum_stock_status":"instock","restock_status":false,"low_stock_amount":"","sales_update_date":"2026-01-28T23:11:27","calc_backorders":null,"acf":{"publisher":{"ID":1420,"post_author":"1","post_date":"2021-02-16 23:03:17","post_date_gmt":"2021-02-16 21:03:17","post_content":"<!-- wp:flatsome\/uxbuilder -->\n<h1 style=\"text-align: center\"><strong>WABOOKS<\/strong><\/h1>\n[ux_image id=\"1430\"]\n\n[gap]\n\n<p style=\"text-align: left\">Wabooks l\u00e0 c\u00f4ng ty s\u00e1ch ho\u1ea1t \u0111\u1ed9ng chuy\u00ean nghi\u1ec7p trong l\u0129nh v\u1ef1c xu\u1ea5t b\u1ea3n s\u00e1ch. Ph\u1ea7n l\u1edbn ngu\u1ed3n l\u1ef1c c\u1ee7a c\u00f4ng ty \u0111\u1ea7u t\u01b0 v\u00e0o nghi\u00ean c\u1ee9u, mua b\u1ea3n quy\u1ec1n, d\u1ecbch v\u00e0 xu\u1ea5t b\u1ea3n c\u00e1c \u1ea5n ph\u1ea9m v\u0103n h\u00f3a, tri th\u1ee9c c\u1ee7a Nh\u1eadt B\u1ea3n t\u1ea1i Vi\u1ec7t Nam. Wabooks lu\u00f4n kh\u00f4ng ng\u1eebng n\u1ed7 l\u1ef1c mang \u0111\u1ebfn nh\u1eefng s\u1ea3n ph\u1ea9m c\u00f3 ch\u1ea5t l\u01b0\u1ee3ng v\u00e0 d\u1ecbch v\u1ee5 ho\u00e0n h\u1ea3o, mang \u0111\u1ebfn s\u1ef1 h\u00e0i l\u00f2ng cho kh\u00e1ch h\u00e0ng c\u0169ng nh\u01b0 \u0111\u00f3ng g\u00f3p cho \u0111\u1ea5t n\u01b0\u1edbc t\u1ed1t \u0111\u1eb9p h\u01a1n th\u00f4ng qua nh\u1eefng gi\u00e1 tr\u1ecb m\u00e0 c\u00f4ng ty \u0111ang kh\u00f4ng ng\u1eebng theo \u0111u\u1ed5i.<\/p>\n[row]\n\n[col span=\"6\" span__sm=\"12\"]\n\n[ux_image id=\"2068\"]\n\n\n[\/col]\n[col span=\"6\" span__sm=\"12\"]\n\n<p>Anh Goto Daishi th\u00ec tin r\u1eb1ng ch\u1ec9 c\u00f3 s\u00e1ch m\u1edbi khi\u1ebfn con ng\u01b0\u1eddi ta tr\u1edf n\u00ean v\u0103n minh v\u00e0 ti\u1ebfn b\u1ed9, c\u00f2n anh Nguy\u1ec5n Tu\u1ea5n Anh th\u00ec cho r\u1eb1ng ch\u00fang ta ph\u1ea3i mang s\u00e1ch \u0111\u1ebfn n\u01a1i m\u00e0 ng\u01b0\u1eddi ta th\u1ef1c s\u1ef1 c\u1ea7n, chia s\u1ebb nh\u1eefng gi\u00e1 tr\u1ecb m\u00e0 ng\u01b0\u1eddi kh\u00e1c \u0111ang thi\u1ebfu, \u0111\u00f3 l\u00e0 c\u00e1ch \u0111\u1ec3 ch\u00fang ta ho\u00e0n thi\u1ec7n con ng\u01b0\u1eddi v\u00e0 g\u00f3p ph\u1ea7n l\u00e0m cho x\u00e3 h\u1ed9i ho\u00e0n thi\u1ec7n h\u01a1n.\u00a0<\/p>\n<p>May m\u1eafn r\u1eb1ng<strong> SACHVIET.EU\u00a0<\/strong>\u0111\u00e3 c\u00f3 c\u01a1 h\u1ed9i \u0111\u01b0\u1ee3c anh Nguy\u1ec5n Tu\u1ea5n Anh h\u1ee3p t\u00e1c gi\u00fap \u0111\u1ee1 h\u1ebft m\u00ecnh \u0111\u1ec3 The Stations c\u00f3 th\u1ec3 d\u1ec5 d\u00e0ng \u0111\u01b0a nh\u1eefng cu\u1ed1n s\u00e1ch ehon sang ph\u1ee5c v\u1ee5 nhu c\u1ea7u c\u1ee7a ng\u01b0\u1eddi Vi\u1ec7t t\u1ea1i Ch\u00e2u \u00c2u. V\u00e0 kh\u00f4ng g\u00ec vui m\u1eebng h\u01a1n l\u00e0 nh\u1eefng b\u1ea1n \u0111\u1ed9c gi\u1ea3 nh\u00ed c\u00f3 th\u1ec3 ti\u1ebfp c\u1eadn v\u00e0 c\u1ea7m tr\u00ean tay nh\u1eefng cu\u1ed1n s\u00e1ch ch\u1ea5t l\u01b0\u1ee3ng \u0111\u01b0\u1ee3c \u0111\u1ea7u t\u01b0 t\u1ec9 m\u1ec9, k\u1ef9 c\u00e0ng ch\u1ec9n chu v\u1ec1 c\u1ea3 n\u1ed9i dung l\u1eabn h\u00ecnh th\u1ee9c b\u1eb1ng ti\u1ebfng Vi\u1ec7t.<\/p>\n<p><strong>SACHVIET.EU<\/strong> lu\u00f4n tin t\u01b0\u1edfng r\u1eb1ng ng\u00f4n ng\u1eef m\u1eb9 \u0111\u1ebb lu\u00f4n l\u00e0 th\u1ee9 ng\u00f4n ng\u1eef thi\u00eang li\u00eang nh\u1ea5t v\u00e0 lu\u00f4n mong mu\u1ed1n c\u00e1c \u0111\u1ed9c gi\u1ea3 Vi\u1ec7t c\u00f3 c\u01a1 h\u1ed9i \u0111\u01b0\u1ee3c s\u1edf h\u1eefu nh\u1eefng cu\u1ed1n s\u00e1ch b\u1ea3n quy\u1ec1n \u0111\u1ea7y ch\u1ea5t l\u01b0\u1ee3ng b\u00e1n s\u1eb5n t\u1ea1i Ch\u00e2u \u00c2u<\/p>\n<p>\u00a0<\/p>\n\n[\/col]\n\n[\/row]\n\n<!-- \/wp:flatsome\/uxbuilder -->","post_title":"Wabooks","post_excerpt":"","post_status":"publish","comment_status":"closed","ping_status":"closed","post_password":"","post_name":"wabooks","to_ping":"","pinged":"","post_modified":"2022-12-19 22:37:02","post_modified_gmt":"2022-12-19 20:37:02","post_content_filtered":"","post_parent":0,"guid":"https:\/\/sachviet.eu\/?post_type=publisher&#038;p=1420","menu_order":0,"post_type":"publisher","post_mime_type":"","comment_count":"0","filter":"raw"}},"_links":{"self":[{"href":"https:\/\/sachviet.eu\/en\/wp-json\/wp\/v2\/product\/2046","targetHints":{"allow":["GET"]}}],"collection":[{"href":"https:\/\/sachviet.eu\/en\/wp-json\/wp\/v2\/product"}],"about":[{"href":"https:\/\/sachviet.eu\/en\/wp-json\/wp\/v2\/types\/product"}],"wp:featuredmedia":[{"embeddable":true,"href":"https:\/\/sachviet.eu\/en\/wp-json\/wp\/v2\/media\/2032"}],"wp:attachment":[{"href":"https:\/\/sachviet.eu\/en\/wp-json\/wp\/v2\/media?parent=2046"}],"wp:term":[{"taxonomy":"product_brand","embeddable":true,"href":"https:\/\/sachviet.eu\/en\/wp-json\/wp\/v2\/product_brand?post=2046"},{"taxonomy":"product_cat","embeddable":true,"href":"https:\/\/sachviet.eu\/en\/wp-json\/wp\/v2\/product_cat?post=2046"},{"taxonomy":"product_tag","embeddable":true,"href":"https:\/\/sachviet.eu\/en\/wp-json\/wp\/v2\/product_tag?post=2046"}],"curies":[{"name":"wp","href":"https:\/\/api.w.org\/{rel}","templated":true}]}}