{"id":2031,"date":"2021-02-21T00:08:29","date_gmt":"2021-02-20T22:08:29","guid":{"rendered":"https:\/\/sachviet.eu\/shop\/ehon-do-vat-quanh-be-set-4-quyen\/"},"modified":"2025-03-07T20:40:38","modified_gmt":"2025-03-07T18:40:38","slug":"ehon-do-vat-quanh-be-set-4-quyen","status":"publish","type":"product","link":"https:\/\/sachviet.eu\/en\/shop\/ehon-do-vat-quanh-be-set-4-quyen\/","title":{"rendered":"Ehon \u0110\u1ed3 V\u1eadt Quanh B\u00e9 &#8211; set 4 quy\u1ec3n"},"content":{"rendered":"<p>M\u1ed7i cu\u1ed1n s\u00e1ch l\u00e0 c\u00e2u chuy\u1ec7n v\u1ec1 t\u1eebng b\u1ea1n \u0111\u1ed3 v\u1eadt. B\u1ea1n Th\u00eca nh\u1ecf r\u1ea5t th\u00edch ch\u1ea1y quanh nh\u00e0, nh\u1ea3y nh\u00f3t l\u00ean c\u1ea3 c\u1ea7u thang v\u00e0 c\u1ea3 ch\u01a1i tr\u1ed1n t\u00ecm n\u1eefa. Tuy th\u00edch ch\u01a1i \u0111\u00f9a l\u00e0 v\u1eady, nh\u01b0ng b\u1ea1n Th\u00eca nh\u1ecf v\u1eabn kh\u00f4ng qu\u00ean nhi\u1ec7m v\u1ee5 c\u1ee7a m\u00ecnh l\u00e0 si\u00eau nh\u00e2n, lu\u00f4n \u0111\u01b0a th\u1ee9c \u0103n \u0111\u1ebfn n\u01a1i c\u1ea7n \u0111\u1ebfn \u2013 \u0111\u00f3 ch\u00ednh l\u00e0 chi\u1ebfc mi\u1ec7ng b\u00e9 xinh c\u1ee7a con. B\u1ea1n Th\u00eca nh\u1ecf r\u1ea5t d\u0169ng c\u1ea3m \u0111\u1ea5y nh\u00e9!<\/p>\n<p>Gi\u1ed1ng nh\u01b0 Th\u00eca nh\u1ecf, b\u1ea1n B\u00e1t nh\u1ecf c\u0169ng th\u00edch ch\u01a1i tr\u00f2 th\u00ec th\u00edch \u0111\u01b0\u1ee3c t\u1eafm r\u1eeda s\u1ea1ch s\u1ebd, r\u1ed3i n\u1eb1m \u01b0\u1eddn tr\u00ean ch\u1ea1n b\u00e1t ch\u1edd kh\u00f4. Th\u1ebf nh\u01b0ng c\u00e1c b\u00e9 \u0111\u1eebng hi\u1ec3u nh\u1ea7m b\u1ea1n B\u00e1t nh\u1ecf nh\u00e9, v\u00ec b\u1ea1n \u1ea5y s\u1ebd gi\u00fap \u00edch r\u1ea5t nhi\u1ec1u trong b\u1eefa \u0103n c\u1ee7a b\u00e9, \u0111\u1ef1ng canh n\u00f3ng, ch\u00e1o th\u01a1m \u0111\u1ec3 con c\u00f3 \u0111\u01b0\u1ee3c nh\u1eefng b\u1eefa \u0103n ngon l\u00e0nh m\u1ed7i ng\u00e0y \u0111\u1ea5y.<\/p>\n<p>C\u00f2n \u0110\u0129a nh\u1ecf, b\u1ea1n \u1ea5y hay t\u1ef1 ch\u01a1i m\u1ed9t m\u00ecnh b\u1eb1ng tr\u00f2 quay quay v\u00e0 tr\u00f2 tr\u1ed3ng c\u00e2y chu\u1ed1i n\u1eefa. M\u1eb7t c\u1ee7a b\u1ea1n \u0110\u0129a nh\u1ecf c\u00f3 t\u00e1c d\u1ee5ng d\u1ef1ng \u0111\u1ed3 \u0103n cho con ng\u01b0\u1eddi, n\u00ean m\u1ed7i khi b\u1ea1n \u1ea5y \u00fap m\u1eb7t xu\u1ed1ng b\u00e0n hay \u0111\u1ef1ng \u0111\u1ed3 \u0103n l\u00ean th\u00ec b\u1ea1n \u1ea5y kh\u00f4ng th\u1ec3 th\u1edf \u0111\u01b0\u1ee3c. V\u00ec th\u1ebf, b\u00e9 h\u00e3y \u0103n nhanh l\u00ean \u0111\u1ec3 b\u1ea1n \u1ea5y tho\u1ea3i m\u00e1i ngay nh\u00e9.<\/p>\n<p>Cu\u1ed1i c\u00f9ng, b\u1ea1n C\u1ed1c nh\u1ecf c\u0169ng th\u00edch t\u1eadp th\u1ec3 d\u1ee5c, l\u0103n qua l\u0103n l\u1ea1i, nh\u01b0ng v\u00ec b\u1ea1n \u1ea5y c\u00f3 hai c\u00e1i tai khi\u1ebfn th\u00e2n C\u1ed1c s\u1ebd b\u1ecb m\u1eafc l\u1ea1i n\u00ean kh\u00f4ng ch\u01a1i \u0111\u01b0\u1ee3c n\u1eefa. May qu\u00e1, c\u00f3 b\u00e0n tay m\u1eb9 \u0111\u1ee1 C\u1ed1c nh\u1ecf d\u1eady, v\u00e0 nh\u1edd b\u1ea1n \u1ea5y \u0111\u1ef1ng m\u1ed9t c\u1ed1c s\u1eefa th\u01a1m ngon cho b\u00e9.<\/p>\n<p>Nh\u01b0 v\u1eady, th\u00f4ng qua c\u00e2u chuy\u1ec7n v\u00e0 c\u00e1c tr\u00f2 ch\u01a1i c\u1ee7a c\u00e1c b\u1ea1n \u0111\u1ed3 v\u1eadt trong nh\u00e0 b\u1ebfp, b\u00e9 \u0111\u00e3 nh\u1eadn bi\u1ebft \u0111\u01b0\u1ee3c \u0111\u1eb7c \u0111i\u1ec3m v\u00e0 c\u00f4ng d\u1ee5ng c\u1ee7a m\u1ed7i ng\u01b0\u1eddi b\u1ea1n \u1ea5y. M\u1ed7i ng\u01b0\u1eddi l\u00e0m m\u1ed9t nhi\u1ec7m v\u1ee5 ri\u00eang, nh\u01b0ng \u0111\u1ec1u g\u00f3p ph\u1ea7n gi\u00fap b\u00e9 c\u00f3 b\u1eefa \u0103n ho\u00e0n thi\u1ec7n h\u01a1n, th\u00fa v\u1ecb v\u00e0 \u00fd ngh\u0129a h\u01a1n bao gi\u1edd h\u1ebft. Gi\u1edd \u0103n s\u1ebd th\u00e0nh gi\u1edd \u00f4n b\u00e0i c\u1ee7a con, m\u00e0 l\u1ea1i kh\u00f4ng \u00e1p l\u1ef1c cho con ch\u00fat n\u00e0o, v\u00ec con \u0111\u01b0\u1ee3c h\u00f2a m\u00ecnh v\u00e0o c\u00e1c tr\u00f2 ch\u01a1i tinh ngh\u1ecbch c\u1ee7a c\u00e1c b\u1ea1n \u0111\u1ed3 v\u1eadt. Nh\u1eefng ho\u1ea1t \u0111\u1ed9ng c\u1ee7a c\u00e1c b\u1ea1n m\u00e0 Th\u00eca, B\u00e1t, \u0110\u0129a, C\u1ed1c trong nh\u00e0 b\u1ebfp c\u00e0ng tr\u1edf n\u00ean g\u1ea7n g\u0169i v\u1edbi c\u00e1c b\u1ea1n nh\u1ecf b\u1edfi \u0111\u00e2y c\u0169ng l\u00e0 nh\u1eefng tr\u00f2 ch\u01a1i r\u1ea5t thu h\u00fat c\u00e1c b\u00e9.<\/p>\n<p>Ehon &#8220;\u0110\u1ed3 v\u1eadt quanh b\u00e9&#8221; \u0111\u01b0\u1ee3c y\u00eau th\u00edch v\u00ec s\u1ef1 ph\u00f9 h\u1ee3p v\u1edbi c\u00e1c em b\u00e9<br \/>\nM\u1ed9t \u0111i\u1ec3m r\u1ea5t \u0111\u1eb7c bi\u1ec7t c\u1ee7a b\u1ed9 s\u00e1ch Ehon \u0110\u1ed3 v\u1eadt quanh b\u00e9 n\u00e0y l\u00e0 vi\u1ec7c s\u1eed d\u1ee5ng c\u00e1c h\u00ecnh v\u1ebd \u0111\u01a1n s\u1eafc, ch\u1ee7 y\u1ebfu mang m\u00e0u \u0111en v\u00e0 tr\u1eafng v\u1edbi nh\u1eefng n\u00e9t v\u1ebd \u0111\u1eadm, \u0111\u01a1n gi\u1ea3n, c\u00f2n l\u1ea1i ph\u1ea7n l\u1edbn di\u1ec7n t\u00edch c\u00e1c trang truy\u1ec7n s\u1ebd mang m\u00e0u tr\u1eafng \u2013 m\u00e0u s\u1eafc \u0111\u01b0\u1ee3c c\u00e1c chuy\u00ean gia m\u1ef9 thu\u1eadt \u0111\u00e1nh gi\u00e1 l\u00e0 c\u00f3 t\u00e1c d\u1ee5ng t\u1ea1o m\u1ed9t b\u1ea7u kh\u00f4ng kh\u00ed h\u1ea1nh ph\u00fac, gi\u00fap ph\u00e1t huy t\u00ednh ki\u00ean tr\u00ec \u1edf tr\u1ebb v\u00e0 gi\u00fap tr\u1ebb h\u00ecnh th\u00e0nh t\u00ednh c\u00e1ch vui v\u1ebb, ho\u1ea1t b\u00e1t, l\u1ea1c quan.<\/p>\n<p>Tr\u00ean t\u1ea5t c\u1ea3, \u0111i\u1ec1u khi\u1ebfn b\u00e9 c\u1ea3m th\u1ea5y nh\u1eefng c\u00e2u chuy\u1ec7n trong b\u1ed9 \u0110\u1ed3 v\u1eadt quanh b\u00e9 th\u1eadt g\u1ea7n g\u0169i l\u00e0 v\u00ec tr\u1ebb \u0111\u01b0\u1ee3c g\u1eafn v\u1edbi t\u1eebng ho\u1ea1t \u0111\u1ed9ng c\u1ee7a t\u1eebng \u0111\u1ed3 v\u1eadt c\u1ee5 th\u1ec3, t\u0103ng t\u00ednh k\u1ebft n\u1ed1i v\u00e0 tr\u00ed t\u01b0\u1edfng t\u01b0\u1ee3ng d\u00e0nh cho tr\u1ebb. Cu\u1ed1i m\u1ed7i cu\u1ed1n s\u00e1ch, h\u00ecnh \u1ea3nh em b\u00e9 s\u1eed d\u1ee5ng c\u00e1c \u0111\u1ed3 v\u1eadt trong nh\u00e0 b\u1ebfp s\u1ebd cho tr\u1ebb li\u00ean t\u01b0\u1edfng \u0111\u1ebfn b\u1ea3n th\u00e2n m\u00ecnh \u0111ang tham gia v\u00e0o ho\u1ea1t \u0111\u1ed9ng c\u00f9ng c\u00e1c \u0111\u1ed3 v\u1eadt, khi\u1ebfn tr\u1ebb ph\u1ea5n kh\u00edch h\u01a1n, linh ho\u1ea1t h\u01a1n trong vi\u1ec7c s\u1eed d\u1ee5ng c\u00e1c d\u1ee5ng c\u1ee5 nh\u00e0 b\u1ebfp. \u0110\u1ecdc Ehon cho b\u00e9 l\u00e0 c\u00e1ch khi\u1ebfn cho b\u00e9 th\u00edch th\u00fa h\u01a1n v\u1edbi m\u1ed7i gi\u1edd \u0103n thay v\u00ec ti\u1ebfng kh\u00f3c t\u1eeb ch\u1ed1i.<\/p>\n<p>C\u00e2u chuy\u1ec7n v\u1ec1 c\u00e1c b\u1ea1n \u0111\u1ed3 v\u1eadt trong b\u1ebfp g\u00f3p ph\u1ea7n gi\u00fap b\u00e9 ph\u00e1t tri\u1ec3n ph\u1ea7n Th\u00f9y Th\u00e1i D\u01b0\u01a1ng \u2013 ph\u1ea7n n\u00e3o c\u00f3 vai tr\u00f2 trong vi\u1ec7c ghi nh\u1edb \u00e2m thanh, h\u00ecnh kh\u1ed1i, m\u00e0u s\u1eafc, h\u00ecnh \u1ea3nh, gi\u00fap con nh\u1eadn di\u1ec7n \u0111\u1ed3 v\u1eadt v\u00e0 ph\u00e1t tri\u1ec3n c\u1ea3m x\u00fac. B\u1edfi v\u1eady, n\u1ebfu Th\u00f9y Th\u00e1i D\u01b0\u01a1ng \u0111\u01b0\u1ee3c nu\u00f4i d\u01b0\u1ee1ng v\u00e0 ph\u00e1t tri\u1ec3n ph\u00f9 h\u1ee3p, ng\u00f4n ng\u1eef c\u1ee7a tr\u1ebb s\u1ebd tr\u1edf n\u00ean phong ph\u00fa, \u0111\u1ed3ng th\u1eddi kh\u1ea3 n\u0103ng ghi nh\u1edb c\u0169ng c\u1ea3i thi\u1ec7n r\u1ea5t nhi\u1ec1u.<\/p>\n<p>Gi\u1edd \u0103n s\u1ebd vui bi\u1ebft bao khi m\u1ed7i th\u1ee9 con g\u1eb7p l\u1ea1i tr\u1edf th\u00e0nh nh\u1eefng ng\u01b0\u1eddi b\u1ea1n \u0111\u1ed3ng h\u00e0nh trong qu\u00e1 tr\u00ecnh con l\u1edbn l\u00ean trong b\u1ed9 Ehon \u0110\u1ed3 v\u1eadt quanh b\u00e9. Con s\u1ebd c\u00f2n th\u00edch l\u1eafm c\u1ea3m gi\u00e1c \u0111\u01b0\u1ee3c tham gia v\u00e0o b\u1eefa ti\u1ec7c th\u1ecbnh so\u1ea1n c\u00f3 s\u1ef1 g\u00f3p m\u1eb7t c\u1ee7a c\u00e1c b\u1ea1n \u0111\u1ed3 v\u1eadt b\u1eb1ng c\u00e1ch gh\u00e9p 4 t\u1ea5m b\u00eca cu\u1ed1i c\u1ee7a b\u1ed9 s\u00e1ch n\u00e0y l\u1ea1i. H\u00e3y \u0111\u1ec3 con \u0103n th\u1eadt vui, ch\u01a1i th\u1eadt vui nh\u00e9 c\u00e1c m\u1eb9!  <div class=\"banner-grid-wrapper\">\n  <div id=\"banner-grid-104842229\" class=\"banner-grid row row-grid row-small\" data-packery-options=\"\">\n            <style>\n    #banner-grid-104842229 .grid-col-1{height: 600px}\n    #banner-grid-104842229 .grid-col-1-2{height: 300px}\n    #banner-grid-104842229 .grid-col-1-3{height:200px}\n    #banner-grid-104842229 .grid-col-2-3{height: 400px}\n    #banner-grid-104842229 .grid-col-1-4{height: 150px}\n    #banner-grid-104842229 .grid-col-3-4{height: 450px}\n\n\n        \/* Tablet *\/\n    @media (max-width: 850px){\n      #banner-grid-104842229 .grid-col-1{height: 400px}\n      #banner-grid-104842229 .grid-col-1-2{height: 200px}\n      #banner-grid-104842229 .grid-col-1-3{height:133.33333333333px}\n      #banner-grid-104842229 .grid-col-2-3{height: 266.66666666667px}\n      #banner-grid-104842229 .grid-col-1-4{height: 100px}\n      #banner-grid-104842229 .grid-col-3-4{height: 300px}\n    }\n    \n        \/* Mobile *\/\n    @media (max-width: 550px){\n      #banner-grid-104842229 .grid-col-1{height: 400px}\n      #banner-grid-104842229 .grid-col-1-2{height: 200px}\n      #banner-grid-104842229 .grid-col-1-3{height:133.33333333333px}\n      #banner-grid-104842229 .grid-col-2-3{height: 266.66666666667px}\n      #banner-grid-104842229 .grid-col-1-4{height: 100px}\n      #banner-grid-104842229 .grid-col-3-4{height: 300px}\n    }\n    \n\n  <\/style>\n    <\/div>\n    <style>\n    #banner-grid-104842229 .grid-col-1{height: 600px}\n    #banner-grid-104842229 .grid-col-1-2{height: 300px}\n    #banner-grid-104842229 .grid-col-1-3{height:200px}\n    #banner-grid-104842229 .grid-col-2-3{height: 400px}\n    #banner-grid-104842229 .grid-col-1-4{height: 150px}\n    #banner-grid-104842229 .grid-col-3-4{height: 450px}\n\n\n    \n    \n\n  <\/style>\n    <\/div>\n  \n","protected":false},"excerpt":{"rendered":"<p>Ehon \u201c\u0110\u1ed3 v\u1eadt quanh b\u00e9\u201d \u2013 Bi\u1ebfn gi\u1edd \u0103n th\u00e0nh gi\u1edd ch\u01a1i, tho\u00e1t n\u1ed7i lo \u201ccho con \u0103n\u201d<br \/>\nCon nh\u1ecf l\u01b0\u1eddi \u0103n m\u00e0 b\u1ed1 m\u1eb9 kh\u00f4ng c\u00f3 c\u00e1ch n\u00e0o \u0111\u1ec3 gi\u1ea3i quy\u1ebft? H\u00e3y th\u1eed bi\u1ebfn gi\u1edd \u0103n c\u01a1m c\u1ee7a b\u00e9 th\u00e0nh gi\u1edd kh\u00e1m ph\u00e1 nh\u1eefng \u0111\u1ed3 v\u1eadt trong nh\u00e0 b\u1ebfp, tham gia tr\u00f2 ch\u01a1i c\u00f9ng c\u00e1c b\u1ea1n v\u1eadt d\u1ee5ng \u1ea5y th\u00f4ng qua b\u1ed9 s\u00e1ch Ehon Nh\u1eadt B\u1ea3n \u201c\u0110\u1ed3 v\u1eadt quanh b\u00e9\u201d, ch\u1eafc ch\u1eafn m\u1ecdi chuy\u1ec7n s\u1ebd \u0111\u01a1n gi\u1ea3n \u0111i r\u1ea5t nhi\u1ec1u.<\/p>\n<p>Ehon \u201c\u0110\u1ed3 v\u1eadt quanh b\u00e9\u201d l\u00e0 c\u00e2u chuy\u1ec7n v\u1ec1 \u0111\u1ed3 v\u1eadt trong gian b\u1ebfp<br \/>\nC\u00f3 b\u1ed1 m\u1eb9 n\u00e0o r\u01a1i v\u00e0o t\u00ecnh tr\u1ea1ng m\u1ed7i gi\u1edd \u0103n c\u1ee7a con l\u00e0 m\u1ed9t l\u1ea7n \u201c\u0111\u00e1nh v\u1eadt\u201d v\u1edbi th\u00eca mu\u1ed7ng, b\u00e1t \u0111\u0129a kh\u00f4ng? C\u00f3 khi n\u00e0o, b\u1ed1 m\u1eb9 \u0111\u00e3 ph\u1ea3i d\u00f9ng \u0111\u1ebfn \u201ch\u1ea1 s\u00e1ch\u201d nh\u01b0 b\u00f3n \u0111\u1ed3 \u0103n, cho con \u0111i rong hay th\u1eadm ch\u00ed l\u00e0 ph\u1ea3i d\u00f9ng \u0111\u1ebfn c\u00e1c bi\u1ec7n ph\u00e1p nh\u01b0 thi\u1ebft b\u1ecb di \u0111\u1ed9ng, ch\u01b0\u01a1ng tr\u00ecnh tr\u1ef1c tuy\u1ebfn hay tr\u00f2 ch\u01a1i \u0111i\u1ec7n t\u1eed ch\u1ec9 v\u1edbi mong mu\u1ed1n cho con \u0103n qua b\u1eefa kh\u00f4ng? \u0110i\u1ec1u n\u00e0y d\u1eabn \u0111\u1ebfn vi\u1ec7c tr\u1ebb ng\u00e0y c\u00e0ng l\u01b0\u1eddi \u0103n, l\u1ea1i th\u00eam t\u00e1c d\u1ee5ng ph\u1ee5 khi\u1ebfn tr\u1ebb tr\u1edf n\u00ean \u201cnghi\u1ec7n\u201d \u0111i\u1ec7n tho\u1ea1i. N\u1ebfu t\u00ecnh tr\u1ea1ng n\u00e0y di\u1ec5n ra th\u01b0\u1eddng xuy\u00ean v\u00e0 li\u00ean t\u1ee5c, b\u1ed1 m\u1eb9 h\u00e3y ngh\u0129 \u0111\u1ebfn chuy\u1ec7n thay \u0111\u1ed5i ph\u01b0\u01a1ng ph\u00e1p cho con \u0103n, t\u00ecm c\u00e1ch \u0111\u1ec3 gi\u1edd \u0103n tr\u1edf n\u00ean h\u1ea5p d\u1eabn h\u01a1n, th\u00fa v\u1ecb h\u01a1n trong m\u1eaft con tr\u1ebb. \u0110\u01a1n gi\u1ea3n nh\u1ea5t, h\u00e3y \u0111\u1eb7t m\u00ecnh v\u00e0o v\u1ecb tr\u00ed c\u1ee7a con \u0111\u1ec3 nh\u00ecn th\u1ebf gi\u1edbi m\u1eb9 nh\u00e9!<\/p>\n<p>Li\u1ec7u m\u1ed7i gi\u1edd \u0103n, con c\u00f3 th\u1eafc m\u1eafc r\u1eb1ng nh\u1eefng m\u00f3n \u0111\u1ed3 m\u00e0 m\u00ecnh d\u00f9ng l\u00e0 g\u00ec, v\u00e0 c\u00e1c b\u1ea1n \u1ea5y v\u00e0 c\u00e1c b\u1ea1n \u1ea5y gi\u00fap b\u00e9 \u0111\u01b0\u1ee3c g\u00ec nh\u1ec9? B\u1ed9 s\u00e1ch Ehon \u0110\u1ed3 v\u1eadt quanh b\u00e9 g\u1ed3m 4 cu\u1ed1n: \u0110\u0129a nh\u1ecf, B\u00e1t nh\u1ecf, Th\u00eca nh\u1ecf, C\u1ed1c nh\u1ecf s\u1ebd trao cho c\u00e1c b\u00e9 t\u1eeb 0 &#8211; 6 tu\u1ed5i c\u01a1 h\u1ed9i kh\u00e1m ph\u00e1 c\u00e1c m\u00f3n \u0111\u1ed3 m\u00e0 b\u00e9 th\u01b0\u1eddng \u0111\u01b0\u1ee3c th\u1ea5y trong c\u00e1c b\u1eefa \u0103n h\u1eb1ng ng\u00e0y, t\u1eeb \u0111\u00f3 khi\u1ebfn b\u00e9 th\u00eam h\u1ee9ng th\u00fa trong m\u1ed7i b\u1eefa \u0103n.<\/p>\n","protected":false},"featured_media":2020,"template":"","meta":{"_acf_changed":false},"product_brand":[],"product_cat":[24,17],"product_tag":[],"class_list":{"0":"post-2031","1":"product","2":"type-product","3":"status-publish","4":"has-post-thumbnail","6":"product_cat-nha-tre-mau-giao-0-tuoi-6-tuoi","7":"product_cat-sach-danh-cho-cac-be","9":"first","10":"instock","11":"taxable","12":"shipping-taxable","13":"purchasable","14":"product-type-simple"},"supplier_id":null,"supplier_sku":"","barcode":null,"atum_controlled":true,"out_stock_date":null,"out_stock_threshold":null,"inheritable":false,"inbound_stock":0,"stock_on_hold":0,"sold_today":0,"sales_last_days":0,"reserved_stock":0,"customer_returns":0,"warehouse_damage":0,"lost_in_post":0,"other_logs":0,"out_stock_days":0,"lost_sales":0,"has_location":false,"update_date":"2026-01-28T23:11:27","atum_locations":[],"atum_stock_status":"instock","restock_status":false,"low_stock_amount":"","sales_update_date":"2026-01-28T23:11:27","calc_backorders":null,"acf":{"publisher":{"ID":1420,"post_author":"1","post_date":"2021-02-16 23:03:17","post_date_gmt":"2021-02-16 21:03:17","post_content":"<!-- wp:flatsome\/uxbuilder -->\n<h1 style=\"text-align: center\"><strong>WABOOKS<\/strong><\/h1>\n[ux_image id=\"1430\"]\n\n[gap]\n\n<p style=\"text-align: left\">Wabooks l\u00e0 c\u00f4ng ty s\u00e1ch ho\u1ea1t \u0111\u1ed9ng chuy\u00ean nghi\u1ec7p trong l\u0129nh v\u1ef1c xu\u1ea5t b\u1ea3n s\u00e1ch. Ph\u1ea7n l\u1edbn ngu\u1ed3n l\u1ef1c c\u1ee7a c\u00f4ng ty \u0111\u1ea7u t\u01b0 v\u00e0o nghi\u00ean c\u1ee9u, mua b\u1ea3n quy\u1ec1n, d\u1ecbch v\u00e0 xu\u1ea5t b\u1ea3n c\u00e1c \u1ea5n ph\u1ea9m v\u0103n h\u00f3a, tri th\u1ee9c c\u1ee7a Nh\u1eadt B\u1ea3n t\u1ea1i Vi\u1ec7t Nam. Wabooks lu\u00f4n kh\u00f4ng ng\u1eebng n\u1ed7 l\u1ef1c mang \u0111\u1ebfn nh\u1eefng s\u1ea3n ph\u1ea9m c\u00f3 ch\u1ea5t l\u01b0\u1ee3ng v\u00e0 d\u1ecbch v\u1ee5 ho\u00e0n h\u1ea3o, mang \u0111\u1ebfn s\u1ef1 h\u00e0i l\u00f2ng cho kh\u00e1ch h\u00e0ng c\u0169ng nh\u01b0 \u0111\u00f3ng g\u00f3p cho \u0111\u1ea5t n\u01b0\u1edbc t\u1ed1t \u0111\u1eb9p h\u01a1n th\u00f4ng qua nh\u1eefng gi\u00e1 tr\u1ecb m\u00e0 c\u00f4ng ty \u0111ang kh\u00f4ng ng\u1eebng theo \u0111u\u1ed5i.<\/p>\n[row]\n\n[col span=\"6\" span__sm=\"12\"]\n\n[ux_image id=\"2068\"]\n\n\n[\/col]\n[col span=\"6\" span__sm=\"12\"]\n\n<p>Anh Goto Daishi th\u00ec tin r\u1eb1ng ch\u1ec9 c\u00f3 s\u00e1ch m\u1edbi khi\u1ebfn con ng\u01b0\u1eddi ta tr\u1edf n\u00ean v\u0103n minh v\u00e0 ti\u1ebfn b\u1ed9, c\u00f2n anh Nguy\u1ec5n Tu\u1ea5n Anh th\u00ec cho r\u1eb1ng ch\u00fang ta ph\u1ea3i mang s\u00e1ch \u0111\u1ebfn n\u01a1i m\u00e0 ng\u01b0\u1eddi ta th\u1ef1c s\u1ef1 c\u1ea7n, chia s\u1ebb nh\u1eefng gi\u00e1 tr\u1ecb m\u00e0 ng\u01b0\u1eddi kh\u00e1c \u0111ang thi\u1ebfu, \u0111\u00f3 l\u00e0 c\u00e1ch \u0111\u1ec3 ch\u00fang ta ho\u00e0n thi\u1ec7n con ng\u01b0\u1eddi v\u00e0 g\u00f3p ph\u1ea7n l\u00e0m cho x\u00e3 h\u1ed9i ho\u00e0n thi\u1ec7n h\u01a1n.\u00a0<\/p>\n<p>May m\u1eafn r\u1eb1ng<strong> SACHVIET.EU\u00a0<\/strong>\u0111\u00e3 c\u00f3 c\u01a1 h\u1ed9i \u0111\u01b0\u1ee3c anh Nguy\u1ec5n Tu\u1ea5n Anh h\u1ee3p t\u00e1c gi\u00fap \u0111\u1ee1 h\u1ebft m\u00ecnh \u0111\u1ec3 The Stations c\u00f3 th\u1ec3 d\u1ec5 d\u00e0ng \u0111\u01b0a nh\u1eefng cu\u1ed1n s\u00e1ch ehon sang ph\u1ee5c v\u1ee5 nhu c\u1ea7u c\u1ee7a ng\u01b0\u1eddi Vi\u1ec7t t\u1ea1i Ch\u00e2u \u00c2u. V\u00e0 kh\u00f4ng g\u00ec vui m\u1eebng h\u01a1n l\u00e0 nh\u1eefng b\u1ea1n \u0111\u1ed9c gi\u1ea3 nh\u00ed c\u00f3 th\u1ec3 ti\u1ebfp c\u1eadn v\u00e0 c\u1ea7m tr\u00ean tay nh\u1eefng cu\u1ed1n s\u00e1ch ch\u1ea5t l\u01b0\u1ee3ng \u0111\u01b0\u1ee3c \u0111\u1ea7u t\u01b0 t\u1ec9 m\u1ec9, k\u1ef9 c\u00e0ng ch\u1ec9n chu v\u1ec1 c\u1ea3 n\u1ed9i dung l\u1eabn h\u00ecnh th\u1ee9c b\u1eb1ng ti\u1ebfng Vi\u1ec7t.<\/p>\n<p><strong>SACHVIET.EU<\/strong> lu\u00f4n tin t\u01b0\u1edfng r\u1eb1ng ng\u00f4n ng\u1eef m\u1eb9 \u0111\u1ebb lu\u00f4n l\u00e0 th\u1ee9 ng\u00f4n ng\u1eef thi\u00eang li\u00eang nh\u1ea5t v\u00e0 lu\u00f4n mong mu\u1ed1n c\u00e1c \u0111\u1ed9c gi\u1ea3 Vi\u1ec7t c\u00f3 c\u01a1 h\u1ed9i \u0111\u01b0\u1ee3c s\u1edf h\u1eefu nh\u1eefng cu\u1ed1n s\u00e1ch b\u1ea3n quy\u1ec1n \u0111\u1ea7y ch\u1ea5t l\u01b0\u1ee3ng b\u00e1n s\u1eb5n t\u1ea1i Ch\u00e2u \u00c2u<\/p>\n<p>\u00a0<\/p>\n\n[\/col]\n\n[\/row]\n\n<!-- \/wp:flatsome\/uxbuilder -->","post_title":"Wabooks","post_excerpt":"","post_status":"publish","comment_status":"closed","ping_status":"closed","post_password":"","post_name":"wabooks","to_ping":"","pinged":"","post_modified":"2022-12-19 22:37:02","post_modified_gmt":"2022-12-19 20:37:02","post_content_filtered":"","post_parent":0,"guid":"https:\/\/sachviet.eu\/?post_type=publisher&#038;p=1420","menu_order":0,"post_type":"publisher","post_mime_type":"","comment_count":"0","filter":"raw"}},"_links":{"self":[{"href":"https:\/\/sachviet.eu\/en\/wp-json\/wp\/v2\/product\/2031","targetHints":{"allow":["GET"]}}],"collection":[{"href":"https:\/\/sachviet.eu\/en\/wp-json\/wp\/v2\/product"}],"about":[{"href":"https:\/\/sachviet.eu\/en\/wp-json\/wp\/v2\/types\/product"}],"wp:featuredmedia":[{"embeddable":true,"href":"https:\/\/sachviet.eu\/en\/wp-json\/wp\/v2\/media\/2020"}],"wp:attachment":[{"href":"https:\/\/sachviet.eu\/en\/wp-json\/wp\/v2\/media?parent=2031"}],"wp:term":[{"taxonomy":"product_brand","embeddable":true,"href":"https:\/\/sachviet.eu\/en\/wp-json\/wp\/v2\/product_brand?post=2031"},{"taxonomy":"product_cat","embeddable":true,"href":"https:\/\/sachviet.eu\/en\/wp-json\/wp\/v2\/product_cat?post=2031"},{"taxonomy":"product_tag","embeddable":true,"href":"https:\/\/sachviet.eu\/en\/wp-json\/wp\/v2\/product_tag?post=2031"}],"curies":[{"name":"wp","href":"https:\/\/api.w.org\/{rel}","templated":true}]}}