{"id":2000,"date":"2021-02-21T00:07:05","date_gmt":"2021-02-20T22:07:05","guid":{"rendered":"https:\/\/sachviet.eu\/shop\/ehon-di-dau-the-set-3-quyen\/"},"modified":"2023-04-02T12:21:31","modified_gmt":"2023-04-02T09:21:31","slug":"ehon-di-dau-the-set-3-quyen","status":"publish","type":"product","link":"https:\/\/sachviet.eu\/en\/shop\/ehon-di-dau-the-set-3-quyen\/","title":{"rendered":"Ehon \u0110i \u0111\u00e2u th\u1ebf &#8211; set 3 quy\u1ec3n"},"content":{"rendered":"<p>B\u1ea1n C\u00e1 v\u00e0ng Fumi trong \u201cC\u00e1 v\u00e0ng \u0111i \u0111\u00e2u r\u1ed3i nh\u1ec9\u201d r\u1ea5t th\u00edch l\u00e0m ng\u01b0\u1eddi \u0111i tr\u1ed1n trong tr\u00f2 ch\u01a1i tr\u1ed1n t\u00ecm \u0111\u1ea5y nh\u00e9. B\u1ea1n \u1ea5y mu\u1ed1n th\u1eed xem b\u1eb1ng c\u00e1ch \u1ea9n m\u00ecnh kh\u00e9o l\u00e9o, c\u00e1c b\u1ea1n nh\u1ecf c\u00f3 th\u1ec3 nhanh m\u1eaft, nhanh tr\u00ed \u0111\u1ebfn c\u1ee1 n\u00e0o \u0111\u1ec3 t\u00ecm \u0111\u01b0\u1ee3c b\u1ea1n \u1ea5y. L\u00fac th\u00ec Fumi tr\u1ed1n c\u00f9ng nh\u1eefng qu\u1ea3 chanh v\u00e0ng t\u01b0\u01a1i, l\u00fac th\u00ec tr\u1ed1n trong b\u1ee9c r\u00e8m \u0111\u1ea7y nh\u1eefng ch\u1ea5m tr\u00f2n, khi th\u00ec l\u1ea1i \u201ctr\u00e8o \u201c l\u00ean c\u1ea3 khung tranh treo tr\u00ean t\u01b0\u1eddng hay t\u1edd gi\u1ea5y v\u1ebd tr\u00ean b\u00e0n h\u1ecdc. A, c\u00f3 l\u00fac Fumi \u1ea9n m\u00ecnh v\u00e0o c\u1ed1c kem l\u1ea1nh c\u00f3 \u0111\u1ea7y siro ng\u1ecdt l\u1ecbm, hay cu\u1ed9n tr\u00f2n tr\u1ed1n trong c\u00e1c vi\u00ean k\u1eb9o \u0111\u1ea7y m\u00e0u s\u1eafc, c\u00f3 l\u00fac l\u1ea1i bi\u1ebfn th\u00e0nh con c\u00e1 b\u00f4ng to \u0111\u00f9ng trong m\u00e1y g\u1eafp th\u00fa. B\u1ea1n Fumi c\u0169ng r\u1ea5t nhanh \u0111\u1ea5y nh\u00e9, b\u1ea1n \u1ea5y di chuy\u1ec3n su\u1ed1t t\u1eeb n\u01a1i n\u00e0y \u0111\u1ebfn n\u01a1i kh\u00e1c, \u0111em \u0111\u1ebfn b\u1ea5t ng\u1edd th\u1ef1c s\u1ef1 cho c\u00e1c b\u00e9 \u0111\u1ea5y. Nh\u1edd s\u1ef1 nhanh nh\u1eb9n \u0111\u00f3 c\u1ee7a Fumi, c\u00e1c b\u1ea1n nh\u1ecf s\u1ebd ph\u1ea3i v\u1eadn \u0111\u1ed9ng h\u1ebft kh\u1ea3 n\u0103ng quan s\u00e1t \u0111\u1ec3 t\u00ecm \u0111\u01b0\u1ee3c n\u01a1i b\u1ea1n \u1ea5y \u0111ang tr\u1ed1n, qua \u0111o\u0301 c\u00e1c b\u00e9 s\u1ebd \u0111\u01b0\u1ee3c kh\u00e1m ph\u00e1 c\u00e1c kh\u00f4ng gian kh\u00e1c nhau. \u0110\u1ebfn cu\u1ed1i c\u00f9ng, c\u00e1c b\u1ea1n nh\u1ecf c\u00f3 th\u1ec3 nh\u1eadn ra Fumi c\u00f3 h\u00ecnh d\u1ea1ng gi\u1ed1ng nh\u01b0 c\u00e1c h\u00e0nh tinh \u0111ang mi\u1ec7t m\u00e0i bay tr\u00ean b\u1ea7u tr\u1eddi.<\/p>\n<p>Kh\u1ee7ng Long Yuto la\u0323i th\u00edch \u0111i lang thang ch\u01a1i tr\u00f2 tr\u1ed1n t\u00ecm c\u00f9ng c\u00e1c b\u1ea1n nh\u1ecf, l\u00e0m sao \u0111\u1ec3 c\u00e1c b\u00e9 th\u1eadt kh\u00f3 \u0111\u1ec3 t\u00ecm ra. \u0110\u1ea7u ti\u00ean, Yuto h\u00f2a v\u00e0o nh\u1eefng chi\u1ebfc h\u1ed9p m\u00e0u s\u1eafc, kh\u00f4ng bi\u1ebft c\u00f3 b\u1ea1n nh\u1ecf n\u00e0o nh\u00ecn th\u1ea5y b\u1ea1n \u00e2\u0301y \u1edf \u0111\u00e2y kh\u00f4ng nh\u1ec9? B\u1ea1n Yuto c\u00f3 gi\u1ed1ng nh\u01b0 m\u1ed9t c\u00e2y x\u01b0\u01a1ng r\u1ed3ng kh\u00f4ng, khi m\u00e0 b\u1ea1n \u1ea5y tr\u00e8o v\u00e0o m\u1ed9t chi\u1ebfc ch\u1eadu c\u00e2y v\u00e0 h\u00f2a v\u00e0o khu v\u01b0\u1eddn \u0111\u1ea7y x\u01b0\u01a1ng r\u1ed3ng. Yuto ngh\u1ecbch ng\u1ee3m chui v\u00e0o ng\u00f4i nh\u00e0 gi\u1ed1ng nh\u01b0 c\u1ee7a c\u00e1c b\u1ea1n m\u00e8o, b\u1ea1n ch\u00f3 hay b\u1ea1n v\u1ecbt con n\u1eefa, tr\u00f4ng h\u1ec7t nh\u01b0 m\u1ed9t b\u1ea1n th\u00fa c\u01b0ng v\u1eady. B\u1ea1n Kh\u1ee7ng Long Yuto c\u00f2n c\u00f3 th\u1ec3 bi\u1ebfn h\u00f3a m\u00ecnh th\u00e0nh chi\u1ebfc khinh kh\u00ed c\u1ea7u \u0111\u1ea7y m\u00e0u s\u1eafc \u0111\u1ec3 th\u1ea3 m\u00ecnh kh\u00e1m ph\u00e1 b\u1ea7u tr\u1eddi. C\u00f3 l\u00fac, b\u1ea1n \u1ea5y tr\u1edf th\u00e0nh h\u1ed9p qu\u00e0 gi\u00e1ng sinh th\u1eaft chi\u1ebfc n\u01a1 tr\u00ean \u0111\u1ea7u c\u0169ng r\u1ea5t kh\u00f3 nh\u1eadn bi\u1ebft. Nhi\u1ec1u l\u00fac, Yuto bi\u1ebfn th\u00e0nh \u0111\u1ed3 \u0103n, l\u00e0 chi\u1ebfc b\u00e1nh cupcake ng\u1ecdt ng\u00e0o hay c\u1ea3 mi\u1ebfng sushi th\u01a1m ngon n\u1eefa, c\u00e1c b\u00e9 s\u1ebd kh\u00f3 nh\u1eadn ra l\u1eafm \u0111\u1ea5y. N\u1ebfu \u1edf tr\u00ean chi\u1ebfc t\u00fai x\u00e1ch, Yuto s\u1ebd tr\u1edf th\u00e0nh chi\u1ebfc huy hi\u1ec7u nh\u1ecf xinh \u0111i\u1ec3m t\u00f4 th\u00eam cho m\u00f3n \u0111\u1ed3 th\u00eam b\u1eaft m\u1eaft. Cu\u1ed1i c\u00f9ng, k\u1ebft th\u00fac m\u1ed9t v\u00f2ng th\u00e1m hi\u1ec3m, b\u1ea1n Kh\u1ee7ng Long Yuto quy\u1ebft \u0111\u1ecbnh kh\u00f4ng tr\u1ed1n n\u1eefa, xu\u1ea5t hi\u1ec7n \u0111\u1ec3 ti\u1ebfp t\u1ee5c ngh\u0129 ra c\u00e1c tr\u00f2 ch\u01a1i m\u1edbi v\u1edbi c\u00e1c b\u1ea1n nh\u1ecf. \u0110i t\u00ecm b\u1ea1n Kh\u1ee7ng Long Yuto, c\u00e1c b\u00e9 s\u1ebd \u0111\u01b0\u1ee3c kh\u00e1m ph\u00e1 \u0111\u1ee7 m\u1ecdi ng\u00f3c ng\u00e1ch trong th\u1ebf gi\u1edbi c\u1ee7a b\u1ea1n \u1ea5y. Yuto nhanh tr\u00ed tr\u1ed1n v\u00e0o nh\u1eefng h\u1ed9p qu\u00e0 hay v\u00e0o cu\u1ed9n c\u01a1m sushi n\u00ean c\u00e1c b\u1ea1n nh\u1ecf n\u1ebfu kh\u00f4ng quan s\u00e1t k\u1ef9 s\u1ebd r\u1ea5t kh\u00f3 t\u00ecm ra \u0111\u1ea5y nh\u00e9.<\/p>\n<p>L\u1ea7n ch\u01a1i tr\u1ed1n t\u00ecm n\u00e0y, sao nh\u1ecf Haru mu\u1ed1n c\u00e1c b\u1ea1n tham gia cu\u0300ng. Nh\u1edd t\u00e0i bi\u1ebfn h\u00f3a linh ho\u1ea1t c\u1ee7a m\u00ecnh, Sao s\u1ebd tr\u1ed1n \u1edf nh\u1eefng n\u01a1i th\u1eadt kh\u00f3 \u0111\u1ec3 c\u00e1c b\u1ea1n t\u00ecm ra. C\u00f3 l\u00fac, b\u1ea1n Sao h\u00f3a th\u00e2n th\u00e0nh chi\u1ebfc sticker m\u1eb9 ghim tr\u00ean c\u1eeda t\u1ee7 l\u1ea1nh \u0111\u1ec3 nh\u1eafc b\u1ed1 gi\u1edd \u0103n tr\u01b0a, nh\u1eafc b\u00e9 gi\u1edd u\u1ed1ng s\u1eefa. B\u1ea1n Sao gi\u00fap gi\u1eef nh\u1eefng t\u1edd gi\u1ea5y nh\u1edb th\u1eadt ch\u1eafc \u0111\u1ec3 n\u00f3 kh\u00f4ng b\u1ecb bay m\u1ea5t khi c\u01a1n gi\u00f3 th\u1eadt m\u1ea1nh th\u1ed5i qua. C\u00f3 l\u00fac, Sao Haru tr\u1ed1n v\u00e0o trong chi\u1ebfc d\u00e2y treo trang tr\u00ed tr\u00ean c\u1eeda s\u1ed5, ch\u1eb3ng ai th\u1ea5y \u0111\u01b0\u1ee3c b\u1ea1n \u1ea5y \u0111ang r\u1ea5t vui v\u1ebb c\u00f9ng nh\u1eefng ng\u00f4i sao xung quanh. Ph\u1ea3i th\u1eadt tinh m\u1eaft, b\u00e9 m\u1edbi nh\u1eadn ra \u0111\u01b0\u1ee3c Haru c\u0169ng \u0111ang \u1edf trong \u0111\u00f3 \u0111\u1ea5y nh\u00e9.<\/p>\n<p>Chi\u1ebfc v\u00e1y xinh c\u1ee7a b\u00e9 c\u00f3 nh\u1eefng chi ti\u1ebft ng\u00f4i sao m\u00e0u v\u00e0ng r\u1ef1c r\u1ee1. B\u1ea1n Haru \u0111\u00e3 bi\u1ebft \u0111\u01b0\u1ee3c \u0111i\u1ec1u \u0111\u00f3 n\u00ean nh\u1ea3y lu\u00f4n l\u00ean chi\u1ebfc v\u00e1y, khi\u1ebfn cho b\u00e9 t\u00ecm m\u00e3i kh\u00f4ng ra. Trong mu\u00f4n v\u00e0n nh\u1eefng ng\u00f4i sao \u0111\u00f3, b\u1ea1n Haru b\u00e9 nh\u1ecf \u0111ang \u0111\u00f9a ngh\u1ecbch r\u1ea5t vui v\u1ebb \u0111\u1ea5y nh\u00e9. Tr\u00ean \u0111\u00f4i gi\u00e0y ch\u1ecb hay mang, Haru c\u00f3 ch\u1ed7 n\u00e0o \u0111\u1ec3 tr\u1ed1n kh\u00f4ng nh\u1ec9? B\u00e9 h\u00e3y nh\u00ecn k\u1ef9 nh\u00e9, b\u1ea1n \u1ea5y \u0111ang \u1edf ngay \u0111\u1ea5y th\u00f4i. C\u00f3 khi, b\u1ea1n sao Haru \u1ea9n m\u00ecnh v\u00e0o h\u1ed9p qu\u00e0, v\u00e0o h\u0169 sao gi\u1ea5y, l\u1ecd k\u1eb9o ng\u1ecdt ng\u00e0o hay chi\u1ebfc b\u00e1nh kem ngon l\u00e0nh. T\u1ea5t c\u1ea3 v\u1ecb tr\u00ed m\u00e0 Haru ch\u1ecdn \u0111\u1ec1u r\u1ea5t kh\u00f3 \u0111\u1ec3 cho m\u1ecdi ng\u01b0\u1eddi ph\u00e1t hi\u1ec7n. Tr\u00ean d\u1ea3i ng\u00e2n h\u00e0 h\u00e0ng ng\u00e0n v\u00ec tinh t\u00fa tr\u00ean b\u1ea7u tr\u1eddi, Haru v\u1eabn c\u00f3 m\u1ed9t v\u1ecb tr\u00ed \u0111\u1ec3 t\u1ecfa s\u00e1ng l\u1ea5p l\u00e1nh, l\u1ea5p l\u00e1nh cho b\u00e9 nh\u1eadn ra. N\u1ebfu kh\u00f4ng \u0111\u1ec3 \u00fd, r\u1ea5t c\u00f3 th\u1ec3 b\u00e9 s\u1ebd ch\u1eb3ng t\u00ecm th\u1ea5y c\u00e1c b\u1ea1n \u1ea5y \u0111ang tr\u1ed1n \u1edf \u0111\u00e2u.<\/p>\n<p>C\u00e1c b\u1ea1n nh\u00e2n v\u00e2\u0323t trong b\u00f4\u0323 truy\u00ea\u0323n \u201c\u0110i \u0111\u00e2u th\u00ea\u0301\u201d mu\u1ed1n th\u1eed xem b\u1eb1ng c\u00e1ch \u1ea9n m\u00ecnh kh\u00e9o l\u00e9o, c\u00e1c b\u1ea1n nh\u1ecf c\u00f3 th\u1ec3 nhanh m\u1eaft, nhanh tr\u00ed \u0111\u1ebfn c\u1ee1 n\u00e0o \u0111\u1ec3 t\u00ecm \u0111\u01b0\u1ee3c n\u01a1i \u1ea9n n\u1ea5p c\u1ee7a c\u00e1c b\u1ea1n \u1ea5y. H\u01a1n n\u1eefa, c\u00e1c nh\u00e2n v\u1eadt na\u0300y c\u0169ng r\u1ea5t nhanh nh\u1eb9n khi di chuy\u1ec3n su\u1ed1t t\u1eeb n\u01a1i n\u00e0y \u0111\u1ebfn n\u01a1i kh\u00e1c, h\u1ebft b\u1ed1i c\u1ea3nh n\u00e0y \u0111\u1ebfn b\u1ed1i c\u1ea3nh kh\u00e1c, \u0111em \u0111\u1ebfn b\u1ea5t ng\u1edd th\u1ef1c s\u1ef1 cho c\u00e1c b\u00e9 \u0111\u1ea5y. Nh\u1edd s\u1ef1 bi\u1ebfn \u0111\u1ed5i linh ho\u1ea1t \u0111\u00f3, c\u00e1c b\u1ea1n nh\u1ecf s\u1ebd ph\u1ea3i v\u1eadn \u0111\u1ed9ng h\u1ebft kh\u1ea3 n\u0103ng quan s\u00e1t \u0111\u1ec3 kh\u00f4ng tr\u01a1\u0309 tha\u0300nh ng\u01b0\u01a1\u0300i thua cu\u00f4\u0323c trong tro\u0300 ch\u01a1i l\u00e2\u0300n na\u0300y.  <div class=\"banner-grid-wrapper\">\n  <div id=\"banner-grid-420902907\" class=\"banner-grid row row-grid row-small\" data-packery-options=\"\">\n            <style>\n    #banner-grid-420902907 .grid-col-1{height: 600px}\n    #banner-grid-420902907 .grid-col-1-2{height: 300px}\n    #banner-grid-420902907 .grid-col-1-3{height:200px}\n    #banner-grid-420902907 .grid-col-2-3{height: 400px}\n    #banner-grid-420902907 .grid-col-1-4{height: 150px}\n    #banner-grid-420902907 .grid-col-3-4{height: 450px}\n\n\n        \/* Tablet *\/\n    @media (max-width: 850px){\n      #banner-grid-420902907 .grid-col-1{height: 400px}\n      #banner-grid-420902907 .grid-col-1-2{height: 200px}\n      #banner-grid-420902907 .grid-col-1-3{height:133.33333333333px}\n      #banner-grid-420902907 .grid-col-2-3{height: 266.66666666667px}\n      #banner-grid-420902907 .grid-col-1-4{height: 100px}\n      #banner-grid-420902907 .grid-col-3-4{height: 300px}\n    }\n    \n        \/* Mobile *\/\n    @media (max-width: 550px){\n      #banner-grid-420902907 .grid-col-1{height: 400px}\n      #banner-grid-420902907 .grid-col-1-2{height: 200px}\n      #banner-grid-420902907 .grid-col-1-3{height:133.33333333333px}\n      #banner-grid-420902907 .grid-col-2-3{height: 266.66666666667px}\n      #banner-grid-420902907 .grid-col-1-4{height: 100px}\n      #banner-grid-420902907 .grid-col-3-4{height: 300px}\n    }\n    \n\n  <\/style>\n    <\/div>\n    <style>\n    #banner-grid-420902907 .grid-col-1{height: 600px}\n    #banner-grid-420902907 .grid-col-1-2{height: 300px}\n    #banner-grid-420902907 .grid-col-1-3{height:200px}\n    #banner-grid-420902907 .grid-col-2-3{height: 400px}\n    #banner-grid-420902907 .grid-col-1-4{height: 150px}\n    #banner-grid-420902907 .grid-col-3-4{height: 450px}\n\n\n    \n    \n\n  <\/style>\n    <\/div>\n  \n","protected":false},"excerpt":{"rendered":"<p>\u201c\u0110i \u0111\u00e2u th\u00ea\u0301\u201d \u2013 Tro\u0300 ch\u01a1i tr\u00f4\u0301n ti\u0300m cho con kha\u0301m pha\u0301 th\u00ea\u0301 gi\u01a1\u0301i<br \/>\nTro\u0300 ch\u01a1i tr\u00f4\u0301n ti\u0300m v\u00f4\u0301n r\u00e2\u0301t \u0111\u01b0\u01a1\u0323c tre\u0309 nho\u0309 y\u00eau thi\u0301ch, nay \u0111\u01b0\u01a1\u0323c ta\u0301i hi\u00ea\u0323n m\u00f4\u0323t ca\u0301ch vui nh\u00f4\u0323n, \u0111\u00f4\u0323c \u0111a\u0301o trong b\u00f4\u0323 ehon \u201c\u0110i \u0111\u00e2u th\u00ea\u0301\u201d khi\u00ea\u0301n ca\u0301c be\u0301 v\u00f4 cu\u0300ng thi\u0301ch thu\u0301, mu\u00f4\u0301n ti\u0300m hi\u00ea\u0309u th\u00eam nhi\u00ea\u0300u nh\u01b0\u0303ng \u0111i\u00ea\u0300u bi\u0301 m\u00e2\u0323t, b\u00e2\u0301t ng\u01a1\u0300 ma\u0300 cu\u00f4\u0301n sa\u0301ch \u0111ang gi\u00e2\u0301u ki\u0301n. Nh\u01b0\u0303ng \u0111i\u00ea\u0300u b\u00e2\u0301t ng\u01a1\u0300 na\u0300y se\u0303 re\u0300n luy\u00ea\u0323n s\u01b0\u0323 th\u00f4ng minh, nhanh nha\u0323y cho tre\u0309, \u0111\u00f4\u0300ng th\u01a1\u0300i tr\u01a1\u0309 tha\u0300nh b\u00f4\u0323 \u0111\u00f4\u0300 ch\u01a1i y\u00eau thi\u0301ch cu\u0309a con m\u00f4\u0303i nga\u0300y.<\/p>\n<p>\u201c\u0110i \u0111\u00e2u th\u00ea\u0301\u201d \u2013 b\u00f4\u0323 sa\u0301ch cu\u0300ng con ti\u0300m hi\u00ea\u0309u th\u00ea\u0301 gi\u01a1\u0301i th\u00f4ng qua tro\u0300 ch\u01a1i tr\u00f4\u0301n ti\u0300m<br \/>\nEm be\u0301 nha\u0300 b\u00f4\u0301 me\u0323 \u0111a\u0303 bi\u00ea\u0301t ca\u0301ch nh\u1eadn bi\u1ebft c\u00e1c \u0111\u1ed3 v\u1eadt, mi\u00eau t\u1ea3 v\u00e0 \u0111\u1ecbnh v\u1ecb v\u1ecb tr\u00ed c\u1ee7a c\u00e1c m\u00f3n \u0111\u1ed3 trong kh\u00f4ng gian ch\u01b0a? N\u1ebfu b\u1ed1 m\u1eb9 \u0111ang mu\u1ed1n t\u00ecm c\u00e1ch \u0111\u1ec3 d\u1ea1y cho con \u0111i\u00ea\u0300u \u0111o\u0301, \u201cc\u1ee9u c\u00e1nh\u201d cho b\u1ed1 m\u1eb9 \u0111\u00e3 xu\u1ea5t hi\u1ec7n r\u1ed3i \u0111\u00e2y. B\u1eb1ng h\u00ecnh v\u1ebd sinh \u0111\u1ed9ng v\u1edbi c\u1ed1t truy\u1ec7n \u0111\u01a1n gi\u1ea3n, l\u1eb7p \u0111i l\u1eb7p l\u1ea1i, b\u1ed9 s\u00e1ch &#8220;\u0110i \u0111\u00e2u th\u1ebf?&#8221; s\u1ebd gi\u00fap b\u00e9 h\u00ecnh th\u00e0nh t\u01b0 duy v\u1ec1 kh\u00f4ng gian v\u00e0 nh\u1eadn bi\u1ebft th\u1ebf gi\u1edbi xung quanh.<\/p>\n<p>B\u1ed9 s\u00e1ch \u201c\u0110i \u0111\u00e2u th\u1ebf\u201d g\u1ed3m 3 cu\u1ed1n &#8220;C\u00e1 V\u00e0ng \u0111i \u0111\u00e2u r\u1ed3i nh\u1ec9?&#8221;, &#8220;Kh\u1ee7ng Long \u0111i \u0111\u00e2u r\u1ed3i nh\u1ec9?&#8221; v\u00e0 &#8220;B\u1ea1n Sao \u0111i \u0111\u00e2u r\u1ed3i nh\u1ec9?&#8221; \u0111\u1ebfn t\u1eeb Wabooks. Nh\u00e2n v\u1eadt ch\u00ednh trong 3 cu\u1ed1n s\u00e1ch l\u00e0 b\u1ea1n C\u00e1 V\u00e0ng Fumi, b\u1ea1n Kh\u1ee7ng Long Xanh Yuto v\u00e0 b\u1ea1n Ng\u00f4i Sao Haru. C\u00f9ng tham gia tr\u00f2 ch\u01a1i n\u00e0y v\u1edbi c\u00e1c b\u1ea1n, con s\u1ebd \u0111\u01b0\u1ee3c r\u00e8n luy\u1ec7n s\u1ef1 nhanh tay nhanh m\u1eaft, linh ho\u1ea1t h\u01a1n v\u1edbi th\u1ebf gi\u1edbi xung quanh.<\/p>\n<p>Trong tr\u00f2 ch\u01a1i l\u1ea7n n\u00e0y, b\u00e9 s\u1ebd l\u00e0 \u0111\u00f3ng vai l\u00e0 ng\u01b0\u1eddi \u0111i t\u00ecm, c\u00f2n b\u1ea1n C\u00e1 V\u00e0ng, b\u1ea1n Sao v\u00e0 b\u1ea1n Kh\u1ee7ng Long s\u1ebd l\u00e0 ng\u01b0\u1eddi \u0111i tr\u1ed1n, v\u00ec c\u00e1c b\u1ea1n \u1ea5y c\u00f3 \u0111\u01b0\u1ee3c thu\u1eadt \u201c\u1ea9n th\u00e2n\u201d v\u00f4 c\u00f9ng k\u1ef3 di\u1ec7u \u0111\u1ea5y.<\/p>\n","protected":false},"featured_media":1989,"template":"","meta":{"_acf_changed":false},"product_brand":[],"product_cat":[24,17],"product_tag":[81],"class_list":{"0":"post-2000","1":"product","2":"type-product","3":"status-publish","4":"has-post-thumbnail","6":"product_cat-nha-tre-mau-giao-0-tuoi-6-tuoi","7":"product_cat-sach-danh-cho-cac-be","8":"product_tag-sach-gia-uu-dai","10":"first","11":"outofstock","12":"taxable","13":"shipping-taxable","14":"purchasable","15":"product-type-simple"},"supplier_id":null,"supplier_sku":"","barcode":null,"atum_controlled":true,"out_stock_date":"2023-04-02 09:21:31","out_stock_threshold":null,"inheritable":false,"inbound_stock":0,"stock_on_hold":0,"sold_today":0,"sales_last_days":0,"reserved_stock":0,"customer_returns":0,"warehouse_damage":0,"lost_in_post":0,"other_logs":0,"out_stock_days":1032,"lost_sales":0,"has_location":false,"update_date":"2026-01-28T23:10:30","atum_locations":[],"atum_stock_status":"outofstock","restock_status":false,"low_stock_amount":"","sales_update_date":"2026-01-28T23:10:30","calc_backorders":null,"acf":{"publisher":{"ID":1420,"post_author":"1","post_date":"2021-02-16 23:03:17","post_date_gmt":"2021-02-16 21:03:17","post_content":"<!-- wp:flatsome\/uxbuilder -->\n<h1 style=\"text-align: center\"><strong>WABOOKS<\/strong><\/h1>\n[ux_image id=\"1430\"]\n\n[gap]\n\n<p style=\"text-align: left\">Wabooks l\u00e0 c\u00f4ng ty s\u00e1ch ho\u1ea1t \u0111\u1ed9ng chuy\u00ean nghi\u1ec7p trong l\u0129nh v\u1ef1c xu\u1ea5t b\u1ea3n s\u00e1ch. Ph\u1ea7n l\u1edbn ngu\u1ed3n l\u1ef1c c\u1ee7a c\u00f4ng ty \u0111\u1ea7u t\u01b0 v\u00e0o nghi\u00ean c\u1ee9u, mua b\u1ea3n quy\u1ec1n, d\u1ecbch v\u00e0 xu\u1ea5t b\u1ea3n c\u00e1c \u1ea5n ph\u1ea9m v\u0103n h\u00f3a, tri th\u1ee9c c\u1ee7a Nh\u1eadt B\u1ea3n t\u1ea1i Vi\u1ec7t Nam. Wabooks lu\u00f4n kh\u00f4ng ng\u1eebng n\u1ed7 l\u1ef1c mang \u0111\u1ebfn nh\u1eefng s\u1ea3n ph\u1ea9m c\u00f3 ch\u1ea5t l\u01b0\u1ee3ng v\u00e0 d\u1ecbch v\u1ee5 ho\u00e0n h\u1ea3o, mang \u0111\u1ebfn s\u1ef1 h\u00e0i l\u00f2ng cho kh\u00e1ch h\u00e0ng c\u0169ng nh\u01b0 \u0111\u00f3ng g\u00f3p cho \u0111\u1ea5t n\u01b0\u1edbc t\u1ed1t \u0111\u1eb9p h\u01a1n th\u00f4ng qua nh\u1eefng gi\u00e1 tr\u1ecb m\u00e0 c\u00f4ng ty \u0111ang kh\u00f4ng ng\u1eebng theo \u0111u\u1ed5i.<\/p>\n[row]\n\n[col span=\"6\" span__sm=\"12\"]\n\n[ux_image id=\"2068\"]\n\n\n[\/col]\n[col span=\"6\" span__sm=\"12\"]\n\n<p>Anh Goto Daishi th\u00ec tin r\u1eb1ng ch\u1ec9 c\u00f3 s\u00e1ch m\u1edbi khi\u1ebfn con ng\u01b0\u1eddi ta tr\u1edf n\u00ean v\u0103n minh v\u00e0 ti\u1ebfn b\u1ed9, c\u00f2n anh Nguy\u1ec5n Tu\u1ea5n Anh th\u00ec cho r\u1eb1ng ch\u00fang ta ph\u1ea3i mang s\u00e1ch \u0111\u1ebfn n\u01a1i m\u00e0 ng\u01b0\u1eddi ta th\u1ef1c s\u1ef1 c\u1ea7n, chia s\u1ebb nh\u1eefng gi\u00e1 tr\u1ecb m\u00e0 ng\u01b0\u1eddi kh\u00e1c \u0111ang thi\u1ebfu, \u0111\u00f3 l\u00e0 c\u00e1ch \u0111\u1ec3 ch\u00fang ta ho\u00e0n thi\u1ec7n con ng\u01b0\u1eddi v\u00e0 g\u00f3p ph\u1ea7n l\u00e0m cho x\u00e3 h\u1ed9i ho\u00e0n thi\u1ec7n h\u01a1n.\u00a0<\/p>\n<p>May m\u1eafn r\u1eb1ng<strong> SACHVIET.EU\u00a0<\/strong>\u0111\u00e3 c\u00f3 c\u01a1 h\u1ed9i \u0111\u01b0\u1ee3c anh Nguy\u1ec5n Tu\u1ea5n Anh h\u1ee3p t\u00e1c gi\u00fap \u0111\u1ee1 h\u1ebft m\u00ecnh \u0111\u1ec3 The Stations c\u00f3 th\u1ec3 d\u1ec5 d\u00e0ng \u0111\u01b0a nh\u1eefng cu\u1ed1n s\u00e1ch ehon sang ph\u1ee5c v\u1ee5 nhu c\u1ea7u c\u1ee7a ng\u01b0\u1eddi Vi\u1ec7t t\u1ea1i Ch\u00e2u \u00c2u. V\u00e0 kh\u00f4ng g\u00ec vui m\u1eebng h\u01a1n l\u00e0 nh\u1eefng b\u1ea1n \u0111\u1ed9c gi\u1ea3 nh\u00ed c\u00f3 th\u1ec3 ti\u1ebfp c\u1eadn v\u00e0 c\u1ea7m tr\u00ean tay nh\u1eefng cu\u1ed1n s\u00e1ch ch\u1ea5t l\u01b0\u1ee3ng \u0111\u01b0\u1ee3c \u0111\u1ea7u t\u01b0 t\u1ec9 m\u1ec9, k\u1ef9 c\u00e0ng ch\u1ec9n chu v\u1ec1 c\u1ea3 n\u1ed9i dung l\u1eabn h\u00ecnh th\u1ee9c b\u1eb1ng ti\u1ebfng Vi\u1ec7t.<\/p>\n<p><strong>SACHVIET.EU<\/strong> lu\u00f4n tin t\u01b0\u1edfng r\u1eb1ng ng\u00f4n ng\u1eef m\u1eb9 \u0111\u1ebb lu\u00f4n l\u00e0 th\u1ee9 ng\u00f4n ng\u1eef thi\u00eang li\u00eang nh\u1ea5t v\u00e0 lu\u00f4n mong mu\u1ed1n c\u00e1c \u0111\u1ed9c gi\u1ea3 Vi\u1ec7t c\u00f3 c\u01a1 h\u1ed9i \u0111\u01b0\u1ee3c s\u1edf h\u1eefu nh\u1eefng cu\u1ed1n s\u00e1ch b\u1ea3n quy\u1ec1n \u0111\u1ea7y ch\u1ea5t l\u01b0\u1ee3ng b\u00e1n s\u1eb5n t\u1ea1i Ch\u00e2u \u00c2u<\/p>\n<p>\u00a0<\/p>\n\n[\/col]\n\n[\/row]\n\n<!-- \/wp:flatsome\/uxbuilder -->","post_title":"Wabooks","post_excerpt":"","post_status":"publish","comment_status":"closed","ping_status":"closed","post_password":"","post_name":"wabooks","to_ping":"","pinged":"","post_modified":"2022-12-19 22:37:02","post_modified_gmt":"2022-12-19 20:37:02","post_content_filtered":"","post_parent":0,"guid":"https:\/\/sachviet.eu\/?post_type=publisher&#038;p=1420","menu_order":0,"post_type":"publisher","post_mime_type":"","comment_count":"0","filter":"raw"}},"_links":{"self":[{"href":"https:\/\/sachviet.eu\/en\/wp-json\/wp\/v2\/product\/2000","targetHints":{"allow":["GET"]}}],"collection":[{"href":"https:\/\/sachviet.eu\/en\/wp-json\/wp\/v2\/product"}],"about":[{"href":"https:\/\/sachviet.eu\/en\/wp-json\/wp\/v2\/types\/product"}],"wp:featuredmedia":[{"embeddable":true,"href":"https:\/\/sachviet.eu\/en\/wp-json\/wp\/v2\/media\/1989"}],"wp:attachment":[{"href":"https:\/\/sachviet.eu\/en\/wp-json\/wp\/v2\/media?parent=2000"}],"wp:term":[{"taxonomy":"product_brand","embeddable":true,"href":"https:\/\/sachviet.eu\/en\/wp-json\/wp\/v2\/product_brand?post=2000"},{"taxonomy":"product_cat","embeddable":true,"href":"https:\/\/sachviet.eu\/en\/wp-json\/wp\/v2\/product_cat?post=2000"},{"taxonomy":"product_tag","embeddable":true,"href":"https:\/\/sachviet.eu\/en\/wp-json\/wp\/v2\/product_tag?post=2000"}],"curies":[{"name":"wp","href":"https:\/\/api.w.org\/{rel}","templated":true}]}}