{"id":1988,"date":"2021-02-21T00:06:40","date_gmt":"2021-02-20T22:06:40","guid":{"rendered":"https:\/\/sachviet.eu\/shop\/lam-quen-voi-cuoc-song-cung-tengu-set-4-quyen\/"},"modified":"2025-06-11T21:22:25","modified_gmt":"2025-06-11T18:22:25","slug":"lam-quen-voi-cuoc-song-cung-tengu-set-4-quyen","status":"publish","type":"product","link":"https:\/\/sachviet.eu\/en\/shop\/lam-quen-voi-cuoc-song-cung-tengu-set-4-quyen\/","title":{"rendered":"L\u00e0m quen v\u1edbi cu\u1ed9c s\u1ed1ng c\u00f9ng Tengu &#8211; set 4 quy\u1ec3n"},"content":{"rendered":"<p>M\u00ecnh s\u00e1u th\u00e1ng tu\u1ed5i r\u1ed3i: L\u00e0 c\u00e2u chuy\u1ec7n em b\u00e9 Tengu d\u00f9 ch\u01b0a bi\u1ebft n\u00f3i nh\u01b0ng th\u00f4ng qua ti\u1ebfng kh\u00f3c c\u1ee7a m\u00ecnh \u0111\u00e3 b\u00e1o hi\u1ec7u cho b\u1ed1 m\u1eb9 bi\u1ebft r\u1eb1ng b\u00e9 \u0111\u00f3i, b\u00e9 c\u1ea3m th\u1ea5y kh\u00f3 ch\u1ecbu hay h\u1ecfi b\u1ed1 m\u1eb9 r\u1eb1ng c\u00f3 th\u1ec3 b\u1ebf con m\u1ed9t ch\u00fat \u0111\u01b0\u1ee3c kh\u00f4ng. C\u00e1ch giao ti\u1ebfp c\u1ee7a c\u00e1c em b\u00e9 th\u00fa v\u1ecb qu\u00e1 ph\u1ea3i kh\u00f4ng n\u00e0<br \/>\nM\u00ecnh m\u1ed9t tu\u1ed5i r\u1ed3i \u0111\u1ea5y: Em b\u00e9 Tengu m\u1ed9t tu\u1ed5i s\u1ebd t\u1eadp l\u00e0m quen v\u1edbi v\u00f4 v\u00e0n \u0111i\u1ec1u m\u1edbi m\u1ebb, v\u00ed d\u1ee5 nh\u01b0 chi\u1ebfc r\u0103ng \u0111\u1ea7u ti\u00ean m\u1ecdc l\u00ean trong mi\u1ec7ng, b\u1eefa \u0103n \u0111\u1ea7u ti\u00ean \u0111\u01b0\u1ee3c t\u1ef1 c\u1ea7m n\u1eafm, b\u01b0\u1edbc ch\u00e2n t\u1eadp \u0111i \u0111\u1ea7u ti\u00ean ch\u1eadp ch\u1eefng n\u1eefa. B\u00e9 c\u00f9ng c\u1ed5 v\u0169 Tengu nh\u00e9!<br \/>\nTengu m\u1ed9t tu\u1ed5i r\u01b0\u1ee1i: Tengu m\u1ed9t tu\u1ed5i r\u01b0\u1ee1i \u0111\u00e3 bi b\u00f4 nh\u1eefng c\u00e2u n\u00f3i \u0111\u1ea7u ti\u00ean, c\u00f3 nh\u1eefng ng\u01b0\u1eddi b\u1ea1n th\u00e2n thi\u1ebft v\u00e0 c\u00f2n c\u00f3 th\u1ec3 ch\u1ea1y r\u1ea5t v\u1eefng r\u1ed3i \u0111\u1ea5y. Tengu l\u1edbn nhanh qu\u00e1 nh\u1ec9, b\u00e9 c\u00f3 gi\u1ed1ng b\u1ea1n \u1ea5y kh\u00f4ng n\u00e0o?<br \/>\nXin ch\u00e0o tu\u1ed5i l\u00ean hai: Tengu l\u1edbn l\u00ean t\u1eebng ng\u00e0y v\u1edbi nh\u1eefng ho\u1ea1t \u0111\u1ed9ng th\u1ec3 ch\u1ea5t nh\u01b0 leo tr\u00e8o, t\u1eadp xe \u0111\u1ea1p b\u1ed1n b\u00e1nh, mu\u1ed1n d\u00e0nh th\u1eddi gian ch\u01a1i \u0111\u00f9a v\u1edbi b\u1ed1 m\u1eb9 v\u00e0 bi\u1ebft n\u00f3i nhi\u1ec1u h\u01a1n n\u1eefa r\u1ed3i n\u00e0y. Tengu bi\u1ebft b\u00e0y t\u1ecf c\u1ea3m x\u00fac y\u00eau gh\u00e9t, th\u1eadt ng\u1ea1c nhi\u00ean ph\u1ea3i kh\u00f4ng n\u00e0o!<br \/>\nTheo s\u00e1t h\u00e0nh tr\u00ecnh l\u1edbn l\u00ean c\u1ee7a b\u00e9, \u201cL\u00e0m quen v\u1edbi cu\u1ed9c s\u1ed1ng c\u00f9ng Tengu\u201d kh\u00f4ng ch\u1ec9 l\u00e0 ng\u01b0\u1eddi b\u1ea1n t\u1ed1t c\u1ee7a con gi\u00fap ph\u00e1t tri\u1ec3n Th\u00f9y Tr\u01b0\u1edbc Tr\u00e1n \u2013 th\u00f9y n\u00e3o li\u00ean quan \u0111\u1ebfn kh\u1ea3 n\u0103ng nh\u1eadn th\u1ee9c v\u00e0 ki\u1ec3m so\u00e1t c\u1ea3m x\u00fac, k\u1ef9 n\u0103ng l\u00e3nh \u0111\u1ea1o m\u00e0 c\u00f2n l\u00e0 \u201cc\u1ea9m nang\u201d gi\u00fap b\u1ed1 m\u1eb9 hi\u1ec3u th\u00eam v\u1ec1 th\u1ebf gi\u1edbi c\u1ee7a c\u00e1c em b\u00e9, n\u1ed1i g\u1ea7n h\u01a1n hai th\u1ebf gi\u1edbi v\u1edbi nhau.   <div class=\"banner-grid-wrapper\">\n  <div id=\"banner-grid-1117741149\" class=\"banner-grid row row-grid row-small\" data-packery-options=\"\">\n            <style>\n    #banner-grid-1117741149 .grid-col-1{height: 600px}\n    #banner-grid-1117741149 .grid-col-1-2{height: 300px}\n    #banner-grid-1117741149 .grid-col-1-3{height:200px}\n    #banner-grid-1117741149 .grid-col-2-3{height: 400px}\n    #banner-grid-1117741149 .grid-col-1-4{height: 150px}\n    #banner-grid-1117741149 .grid-col-3-4{height: 450px}\n\n\n        \/* Tablet *\/\n    @media (max-width: 850px){\n      #banner-grid-1117741149 .grid-col-1{height: 400px}\n      #banner-grid-1117741149 .grid-col-1-2{height: 200px}\n      #banner-grid-1117741149 .grid-col-1-3{height:133.33333333333px}\n      #banner-grid-1117741149 .grid-col-2-3{height: 266.66666666667px}\n      #banner-grid-1117741149 .grid-col-1-4{height: 100px}\n      #banner-grid-1117741149 .grid-col-3-4{height: 300px}\n    }\n    \n        \/* Mobile *\/\n    @media (max-width: 550px){\n      #banner-grid-1117741149 .grid-col-1{height: 400px}\n      #banner-grid-1117741149 .grid-col-1-2{height: 200px}\n      #banner-grid-1117741149 .grid-col-1-3{height:133.33333333333px}\n      #banner-grid-1117741149 .grid-col-2-3{height: 266.66666666667px}\n      #banner-grid-1117741149 .grid-col-1-4{height: 100px}\n      #banner-grid-1117741149 .grid-col-3-4{height: 300px}\n    }\n    \n\n  <\/style>\n    <\/div>\n    <style>\n    #banner-grid-1117741149 .grid-col-1{height: 600px}\n    #banner-grid-1117741149 .grid-col-1-2{height: 300px}\n    #banner-grid-1117741149 .grid-col-1-3{height:200px}\n    #banner-grid-1117741149 .grid-col-2-3{height: 400px}\n    #banner-grid-1117741149 .grid-col-1-4{height: 150px}\n    #banner-grid-1117741149 .grid-col-3-4{height: 450px}\n\n\n    \n    \n\n  <\/style>\n    <\/div>\n  \n","protected":false},"excerpt":{"rendered":"<p>Tengu &#8211; nh\u00e2n v\u1eadt ch\u00ednh c\u1ee7a b\u1ed9 truy\u1ec7n Ehon \u201cL\u00e0m quen v\u1edbi cu\u1ed9c s\u1ed1ng cung Tengu\u201d \u0111\u00e3 xu\u1ea5t hi\u1ec7n \u0111\u1ec3 c\u00f9ng b\u00e9 k\u1ec3 nh\u1eefng c\u00e2u chuy\u1ec7n th\u1eadt h\u1ea5p d\u1eabn xung quanh cu\u1ed9c s\u1ed1ng c\u1ee7a c\u00e1c em b\u00e9 t\u1eeb khi l\u1ecdt l\u00f2ng \u0111\u1ebfn ng\u01b0\u1ee1ng hai tu\u1ed5i. H\u00e3y c\u00f9ng xem Tengu l\u00e0m g\u00ec m\u1ed7i ng\u00e0y nh\u00e9!<\/p>\n","protected":false},"featured_media":1978,"template":"","meta":{"_acf_changed":false},"product_brand":[],"product_cat":[24,17],"product_tag":[81],"class_list":{"0":"post-1988","1":"product","2":"type-product","3":"status-publish","4":"has-post-thumbnail","6":"product_cat-nha-tre-mau-giao-0-tuoi-6-tuoi","7":"product_cat-sach-danh-cho-cac-be","8":"product_tag-sach-gia-uu-dai","10":"first","11":"instock","12":"sale","13":"taxable","14":"shipping-taxable","15":"purchasable","16":"product-type-simple"},"supplier_id":null,"supplier_sku":"","barcode":null,"atum_controlled":true,"out_stock_date":null,"out_stock_threshold":null,"inheritable":false,"inbound_stock":0,"stock_on_hold":0,"sold_today":0,"sales_last_days":0,"reserved_stock":0,"customer_returns":0,"warehouse_damage":0,"lost_in_post":0,"other_logs":0,"out_stock_days":0,"lost_sales":0,"has_location":false,"update_date":"2026-01-28T23:11:29","atum_locations":[],"atum_stock_status":"instock","restock_status":false,"low_stock_amount":"","sales_update_date":"2026-01-28T23:11:29","calc_backorders":null,"acf":{"publisher":{"ID":1420,"post_author":"1","post_date":"2021-02-16 23:03:17","post_date_gmt":"2021-02-16 21:03:17","post_content":"<!-- wp:flatsome\/uxbuilder -->\n<h1 style=\"text-align: center\"><strong>WABOOKS<\/strong><\/h1>\n[ux_image id=\"1430\"]\n\n[gap]\n\n<p style=\"text-align: left\">Wabooks l\u00e0 c\u00f4ng ty s\u00e1ch ho\u1ea1t \u0111\u1ed9ng chuy\u00ean nghi\u1ec7p trong l\u0129nh v\u1ef1c xu\u1ea5t b\u1ea3n s\u00e1ch. Ph\u1ea7n l\u1edbn ngu\u1ed3n l\u1ef1c c\u1ee7a c\u00f4ng ty \u0111\u1ea7u t\u01b0 v\u00e0o nghi\u00ean c\u1ee9u, mua b\u1ea3n quy\u1ec1n, d\u1ecbch v\u00e0 xu\u1ea5t b\u1ea3n c\u00e1c \u1ea5n ph\u1ea9m v\u0103n h\u00f3a, tri th\u1ee9c c\u1ee7a Nh\u1eadt B\u1ea3n t\u1ea1i Vi\u1ec7t Nam. Wabooks lu\u00f4n kh\u00f4ng ng\u1eebng n\u1ed7 l\u1ef1c mang \u0111\u1ebfn nh\u1eefng s\u1ea3n ph\u1ea9m c\u00f3 ch\u1ea5t l\u01b0\u1ee3ng v\u00e0 d\u1ecbch v\u1ee5 ho\u00e0n h\u1ea3o, mang \u0111\u1ebfn s\u1ef1 h\u00e0i l\u00f2ng cho kh\u00e1ch h\u00e0ng c\u0169ng nh\u01b0 \u0111\u00f3ng g\u00f3p cho \u0111\u1ea5t n\u01b0\u1edbc t\u1ed1t \u0111\u1eb9p h\u01a1n th\u00f4ng qua nh\u1eefng gi\u00e1 tr\u1ecb m\u00e0 c\u00f4ng ty \u0111ang kh\u00f4ng ng\u1eebng theo \u0111u\u1ed5i.<\/p>\n[row]\n\n[col span=\"6\" span__sm=\"12\"]\n\n[ux_image id=\"2068\"]\n\n\n[\/col]\n[col span=\"6\" span__sm=\"12\"]\n\n<p>Anh Goto Daishi th\u00ec tin r\u1eb1ng ch\u1ec9 c\u00f3 s\u00e1ch m\u1edbi khi\u1ebfn con ng\u01b0\u1eddi ta tr\u1edf n\u00ean v\u0103n minh v\u00e0 ti\u1ebfn b\u1ed9, c\u00f2n anh Nguy\u1ec5n Tu\u1ea5n Anh th\u00ec cho r\u1eb1ng ch\u00fang ta ph\u1ea3i mang s\u00e1ch \u0111\u1ebfn n\u01a1i m\u00e0 ng\u01b0\u1eddi ta th\u1ef1c s\u1ef1 c\u1ea7n, chia s\u1ebb nh\u1eefng gi\u00e1 tr\u1ecb m\u00e0 ng\u01b0\u1eddi kh\u00e1c \u0111ang thi\u1ebfu, \u0111\u00f3 l\u00e0 c\u00e1ch \u0111\u1ec3 ch\u00fang ta ho\u00e0n thi\u1ec7n con ng\u01b0\u1eddi v\u00e0 g\u00f3p ph\u1ea7n l\u00e0m cho x\u00e3 h\u1ed9i ho\u00e0n thi\u1ec7n h\u01a1n.\u00a0<\/p>\n<p>May m\u1eafn r\u1eb1ng<strong> SACHVIET.EU\u00a0<\/strong>\u0111\u00e3 c\u00f3 c\u01a1 h\u1ed9i \u0111\u01b0\u1ee3c anh Nguy\u1ec5n Tu\u1ea5n Anh h\u1ee3p t\u00e1c gi\u00fap \u0111\u1ee1 h\u1ebft m\u00ecnh \u0111\u1ec3 The Stations c\u00f3 th\u1ec3 d\u1ec5 d\u00e0ng \u0111\u01b0a nh\u1eefng cu\u1ed1n s\u00e1ch ehon sang ph\u1ee5c v\u1ee5 nhu c\u1ea7u c\u1ee7a ng\u01b0\u1eddi Vi\u1ec7t t\u1ea1i Ch\u00e2u \u00c2u. V\u00e0 kh\u00f4ng g\u00ec vui m\u1eebng h\u01a1n l\u00e0 nh\u1eefng b\u1ea1n \u0111\u1ed9c gi\u1ea3 nh\u00ed c\u00f3 th\u1ec3 ti\u1ebfp c\u1eadn v\u00e0 c\u1ea7m tr\u00ean tay nh\u1eefng cu\u1ed1n s\u00e1ch ch\u1ea5t l\u01b0\u1ee3ng \u0111\u01b0\u1ee3c \u0111\u1ea7u t\u01b0 t\u1ec9 m\u1ec9, k\u1ef9 c\u00e0ng ch\u1ec9n chu v\u1ec1 c\u1ea3 n\u1ed9i dung l\u1eabn h\u00ecnh th\u1ee9c b\u1eb1ng ti\u1ebfng Vi\u1ec7t.<\/p>\n<p><strong>SACHVIET.EU<\/strong> lu\u00f4n tin t\u01b0\u1edfng r\u1eb1ng ng\u00f4n ng\u1eef m\u1eb9 \u0111\u1ebb lu\u00f4n l\u00e0 th\u1ee9 ng\u00f4n ng\u1eef thi\u00eang li\u00eang nh\u1ea5t v\u00e0 lu\u00f4n mong mu\u1ed1n c\u00e1c \u0111\u1ed9c gi\u1ea3 Vi\u1ec7t c\u00f3 c\u01a1 h\u1ed9i \u0111\u01b0\u1ee3c s\u1edf h\u1eefu nh\u1eefng cu\u1ed1n s\u00e1ch b\u1ea3n quy\u1ec1n \u0111\u1ea7y ch\u1ea5t l\u01b0\u1ee3ng b\u00e1n s\u1eb5n t\u1ea1i Ch\u00e2u \u00c2u<\/p>\n<p>\u00a0<\/p>\n\n[\/col]\n\n[\/row]\n\n<!-- \/wp:flatsome\/uxbuilder -->","post_title":"Wabooks","post_excerpt":"","post_status":"publish","comment_status":"closed","ping_status":"closed","post_password":"","post_name":"wabooks","to_ping":"","pinged":"","post_modified":"2022-12-19 22:37:02","post_modified_gmt":"2022-12-19 20:37:02","post_content_filtered":"","post_parent":0,"guid":"https:\/\/sachviet.eu\/?post_type=publisher&#038;p=1420","menu_order":0,"post_type":"publisher","post_mime_type":"","comment_count":"0","filter":"raw"}},"_links":{"self":[{"href":"https:\/\/sachviet.eu\/en\/wp-json\/wp\/v2\/product\/1988","targetHints":{"allow":["GET"]}}],"collection":[{"href":"https:\/\/sachviet.eu\/en\/wp-json\/wp\/v2\/product"}],"about":[{"href":"https:\/\/sachviet.eu\/en\/wp-json\/wp\/v2\/types\/product"}],"wp:featuredmedia":[{"embeddable":true,"href":"https:\/\/sachviet.eu\/en\/wp-json\/wp\/v2\/media\/1978"}],"wp:attachment":[{"href":"https:\/\/sachviet.eu\/en\/wp-json\/wp\/v2\/media?parent=1988"}],"wp:term":[{"taxonomy":"product_brand","embeddable":true,"href":"https:\/\/sachviet.eu\/en\/wp-json\/wp\/v2\/product_brand?post=1988"},{"taxonomy":"product_cat","embeddable":true,"href":"https:\/\/sachviet.eu\/en\/wp-json\/wp\/v2\/product_cat?post=1988"},{"taxonomy":"product_tag","embeddable":true,"href":"https:\/\/sachviet.eu\/en\/wp-json\/wp\/v2\/product_tag?post=1988"}],"curies":[{"name":"wp","href":"https:\/\/api.w.org\/{rel}","templated":true}]}}