{"id":1977,"date":"2021-02-21T00:06:10","date_gmt":"2021-02-20T22:06:10","guid":{"rendered":"https:\/\/sachviet.eu\/shop\/be-thich-an-mon-nao-nhi-set-4-quyen\/"},"modified":"2022-04-24T14:09:28","modified_gmt":"2022-04-24T11:09:28","slug":"be-thich-an-mon-nao-nhi-set-4-quyen","status":"publish","type":"product","link":"https:\/\/sachviet.eu\/en\/shop\/be-thich-an-mon-nao-nhi-set-4-quyen\/","title":{"rendered":"B\u00e9 th\u00edch \u0103n m\u00f3n n\u00e0o nh\u1ec9? &#8211; set 4 quy\u1ec3n"},"content":{"rendered":"<p>T\u00e1ch T\u00e1ch! H\u1ea1t m\u1edf ra<\/p>\n<p> N\u1ebfu h\u1ea1t l\u1ea1c, h\u1ea1t d\u1ebb l\u00e0 nh\u1eefng lo\u1ea1i h\u1ea1t quen thu\u1ed9c v\u1edbi b\u00e9, th\u00ec ch\u1eafc h\u1ea1t \u00f3c ch\u00f3 v\u00e0 h\u1ea1t h\u1ea1nh nh\u00e2n s\u1ebd l\u00e0 nh\u1eefng c\u00e1i t\u00ean th\u1eadt l\u00e0 m\u1edbi l\u1ea1. V\u1eady h\u00ecnh d\u00e1ng nh\u1eefng h\u1ea1t n\u00e0y th\u1ebf n\u00e0o nhi? \u00c0, ch\u00fang th\u1eadt l\u00e0 \u0111\u1eb9p v\u00e0 c\u00f3 nh\u1eefng h\u00ecnh d\u00e1ng kh\u00e1c nhau. C\u00e1c lo\u1ea1i h\u1ea1t c\u00f3 th\u1eadt nhi\u1ec1u nh\u1eefng dinh d\u01b0\u1ee1ng v\u00e0 v\u1ecb th\u01a1m ngon n\u1eefa. C\u00e1c b\u00e9 h\u00e3y c\u00f9ng th\u1eed t\u00ecm c\u00e1ch m\u1edf ch\u00fang ra v\u00e0 ch\u1ebf bi\u1ebfn th\u00e0nh c\u00e1c m\u00f3n \u0103n th\u1eadt ngon nh\u00e9. <\/p>\n<p>P\u00e1ch P\u00e1ch! Rau g\u00ec \u0111\u00e2y<\/p>\n<p>Th\u1ebf gi\u1edbi rau xanh c\u0169ng \u0111a d\u1ea1ng v\u00e0 phong ph\u00fa v\u00f4 c\u00f9ng. M\u1ed7i m\u1ed9t lo\u1ea1i rau s\u1ebd c\u00f3 m\u1ed9t c\u00e1ch ch\u1ebf bi\u1ebfn kh\u00e1c nhau. N\u1ebfu nh\u01b0 rau b\u1eafp c\u1ea3i ch\u00fang ta ph\u1ea3i c\u1eaft \u0111\u00f4i ra, rau c\u1ea3i th\u1ea3o th\u00ec ph\u1ea3i t\u00e1c l\u00e1 ra, th\u00ec rau m\u1ea7m l\u1ea1i c\u1ea7n b\u1ecf ph\u1ea7n r\u1ec5 tr\u01b0\u1edbc khi ch\u1ebf bi\u1ebfn. Ph\u1ee9c t\u1ea1p qu\u00e1 nh\u1ec9. Nh\u01b0ng n\u1ebfu ch\u1ebf bi\u1ebfn ra nh\u1eefng m\u00f3n \u0103n th\u00ec s\u1ebd n\u1ea5u \u0111\u01b0\u1ee3c th\u1eadt l\u00e0 nhi\u1ec1u m\u00f3n ngon. Th\u1eadt l\u00e0 h\u1ea5p d\u1eabn.<\/p>\n<p>Xo\u1eb9t xo\u1eb9t! Qu\u1ea3 g\u00ec th\u01a1m th\u1ebf<\/p>\n<p>Kh\u00e1c v\u1edbi c\u00e1c lo\u1ea1i rau, c\u00e1c lo\u1ea1i qu\u1ea3 th\u1eadt l\u00e0 d\u1ec5 d\u00e0ng \u0111\u1ec3 th\u01b0\u1edfng th\u1ee9c. Ch\u00fang ta ch\u1ec9 c\u1ea7n r\u1eeda s\u1ea1ch v\u00e0 \u0103n tr\u1ef1c ti\u1ebfp ho\u1eb7c l\u00e0 b\u1ed5 \u0111\u00f4i ra l\u00e0 s\u1ebd nh\u00ecn th\u1ea5y nh\u1eefng m\u00e0u s\u1eafc t\u01b0\u01a1i m\u00e1t \u0111\u1eb9p \u0111\u1ebd \u1ea9n d\u1ea5u sau l\u1edbp v\u1ecf r\u1ed3i. M\u00f9a h\u00e8 ch\u00fang ta s\u1ebd c\u00f3 d\u01b0a h\u1ea5u m\u00e1t l\u1ea1nh, qu\u1ea3 d\u00e2u r\u1ea5t th\u01a1m l\u1ea1i c\u00f2n t\u1ed1t cho s\u1ee9c kh\u1ecfe c\u1ee7a b\u00e9 \u0111\u1ea5y. V\u00e0 b\u00e9 \u0111\u1eebng qu\u00ean c\u00f3 m\u00f3n b\u01a1 d\u1ea7m r\u1ea5t b\u00e9o ng\u1eady nh\u01b0ng l\u1ea1i gi\u00e0u dinh d\u01b0\u1ee1ng. <\/p>\n<p>Ro\u1eb9t ro\u1eb9t! C\u1eaft \u0111\u00f4i c\u1ee7 n\u00e0o  <\/p>\n<p>B\u00e9 c\u00f3 bi\u1ebft v\u00ec sao b\u1ea1n th\u1ecf \u0111\u00e1ng y\u00eau th\u00edch c\u00e0 r\u1ed1t kh\u00f4ng? V\u00ec c\u00e0 r\u1ed1t r\u1ea5t ngon v\u00e0 nhi\u1ec1u vitamin \u0111\u1ea5y. Kh\u00f4ng ch\u1ec9 c\u00e0 r\u1ed1t \u0111\u00e2u, c\u00e1c lo\u1ea1i c\u1ee7 nh\u01b0 su h\u00e0o, khoai t\u00e2y v\u00e0 c\u1ee7 sen \u2026 c\u0169ng r\u1ea5y \u0111\u1eb9p m\u1eaft v\u00e0 th\u01a1m ngon n\u1eefa.  <div class=\"banner-grid-wrapper\">\n  <div id=\"banner-grid-978711632\" class=\"banner-grid row row-grid row-small\" data-packery-options=\"\">\n            <style>\n    #banner-grid-978711632 .grid-col-1{height: 600px}\n    #banner-grid-978711632 .grid-col-1-2{height: 300px}\n    #banner-grid-978711632 .grid-col-1-3{height:200px}\n    #banner-grid-978711632 .grid-col-2-3{height: 400px}\n    #banner-grid-978711632 .grid-col-1-4{height: 150px}\n    #banner-grid-978711632 .grid-col-3-4{height: 450px}\n\n\n        \/* Tablet *\/\n    @media (max-width: 850px){\n      #banner-grid-978711632 .grid-col-1{height: 400px}\n      #banner-grid-978711632 .grid-col-1-2{height: 200px}\n      #banner-grid-978711632 .grid-col-1-3{height:133.33333333333px}\n      #banner-grid-978711632 .grid-col-2-3{height: 266.66666666667px}\n      #banner-grid-978711632 .grid-col-1-4{height: 100px}\n      #banner-grid-978711632 .grid-col-3-4{height: 300px}\n    }\n    \n        \/* Mobile *\/\n    @media (max-width: 550px){\n      #banner-grid-978711632 .grid-col-1{height: 400px}\n      #banner-grid-978711632 .grid-col-1-2{height: 200px}\n      #banner-grid-978711632 .grid-col-1-3{height:133.33333333333px}\n      #banner-grid-978711632 .grid-col-2-3{height: 266.66666666667px}\n      #banner-grid-978711632 .grid-col-1-4{height: 100px}\n      #banner-grid-978711632 .grid-col-3-4{height: 300px}\n    }\n    \n\n  <\/style>\n    <\/div>\n    <style>\n    #banner-grid-978711632 .grid-col-1{height: 600px}\n    #banner-grid-978711632 .grid-col-1-2{height: 300px}\n    #banner-grid-978711632 .grid-col-1-3{height:200px}\n    #banner-grid-978711632 .grid-col-2-3{height: 400px}\n    #banner-grid-978711632 .grid-col-1-4{height: 150px}\n    #banner-grid-978711632 .grid-col-3-4{height: 450px}\n\n\n    \n    \n\n  <\/style>\n    <\/div>\n  \n","protected":false},"excerpt":{"rendered":"<p>M\u1ed7i cu\u1ed1n s\u00e1ch s\u1ebd m\u1edf ra th\u1ebf gi\u1edbi rau c\u1ee7 kh\u00e1c nhau kh\u01a1i g\u1ee3i s\u1ef1 t\u00f2 m\u00f2 v\u00e0 y\u00eau th\u00edch c\u1ee7a tr\u1ebb. \u0110\u1eb7c bi\u1ec7t \u1edf tr\u1ebb d\u01b0\u1edbi 3 tu\u1ed5i, nh\u1eefng t\u1eeb l\u00e1y t\u1eeb t\u01b0\u1ee3ng thanh t\u01b0\u1edfng ch\u1eebng nh\u01b0 v\u00f4 ngh\u0129a nh\u01b0ng l\u1ea1i thu h\u00fat s\u1ef1 ch\u00fa \u00fd c\u1ee7a con. B\u1edfi v\u00ec khi b\u1ed1 m\u1eb9 ph\u00e1t \u00e2m nh\u1eefng t\u1eeb mang \u00e2m \u0111i\u1ec7u n\u00e0y, s\u1ebd t\u00e1c \u0111\u1ed9ng t\u00edch c\u1ef1c \u0111\u1ebfn Th\u00f9y Th\u00e1i D\u01b0\u01a1ng c\u1ee7a tr\u1ebb \u0111\u1ea5y. Ngo\u00e0i ra b\u1ed9 s\u00e1ch c\u00f2n h\u01b0\u1edbng d\u1eabn tr\u1ebb n\u1ec1 n\u1ebfp trong b\u1eefa \u0103n quan tr\u1ecdng \u0111\u00f3 l\u00e0 lu\u00f4n ph\u1ea3i m\u1eddi ng\u01b0\u1eddi l\u1edbn tr\u01b0\u1edbc m\u1ed7i b\u1eefa c\u01a1m. \u0110i\u1ec1u n\u00e0y th\u1ec3 hi\u1ec7n s\u1ef1 l\u1ec5 ph\u00e9p, v\u00e0 bi\u1ebft \u01a1n ng\u01b0\u1eddi l\u1edbn l\u00e0 \u00f4ng b\u00e0, b\u1ed1 m\u1eb9 v\u00e0 c\u00f4 ch\u00fa, con s\u1ebd tr\u1edf th\u00e0nh m\u1ed9t em b\u00e9 ngoan ngo\u00e3n.<\/p>\n","protected":false},"featured_media":1962,"template":"","meta":{"_acf_changed":false},"product_brand":[],"product_cat":[24,17],"product_tag":[],"class_list":{"0":"post-1977","1":"product","2":"type-product","3":"status-publish","4":"has-post-thumbnail","6":"product_cat-nha-tre-mau-giao-0-tuoi-6-tuoi","7":"product_cat-sach-danh-cho-cac-be","9":"first","10":"outofstock","11":"taxable","12":"shipping-taxable","13":"purchasable","14":"product-type-simple"},"supplier_id":null,"supplier_sku":"","barcode":null,"atum_controlled":true,"out_stock_date":"2022-04-24 08:09:28","out_stock_threshold":null,"inheritable":false,"inbound_stock":0,"stock_on_hold":0,"sold_today":0,"sales_last_days":0,"reserved_stock":0,"customer_returns":0,"warehouse_damage":0,"lost_in_post":0,"other_logs":0,"out_stock_days":1375,"lost_sales":0,"has_location":false,"update_date":"2026-01-28T23:10:30","atum_locations":[],"atum_stock_status":"outofstock","restock_status":false,"low_stock_amount":"","sales_update_date":"2026-01-28T23:10:30","calc_backorders":null,"acf":{"publisher":{"ID":1420,"post_author":"1","post_date":"2021-02-16 23:03:17","post_date_gmt":"2021-02-16 21:03:17","post_content":"<!-- wp:flatsome\/uxbuilder -->\n<h1 style=\"text-align: center\"><strong>WABOOKS<\/strong><\/h1>\n[ux_image id=\"1430\"]\n\n[gap]\n\n<p style=\"text-align: left\">Wabooks l\u00e0 c\u00f4ng ty s\u00e1ch ho\u1ea1t \u0111\u1ed9ng chuy\u00ean nghi\u1ec7p trong l\u0129nh v\u1ef1c xu\u1ea5t b\u1ea3n s\u00e1ch. Ph\u1ea7n l\u1edbn ngu\u1ed3n l\u1ef1c c\u1ee7a c\u00f4ng ty \u0111\u1ea7u t\u01b0 v\u00e0o nghi\u00ean c\u1ee9u, mua b\u1ea3n quy\u1ec1n, d\u1ecbch v\u00e0 xu\u1ea5t b\u1ea3n c\u00e1c \u1ea5n ph\u1ea9m v\u0103n h\u00f3a, tri th\u1ee9c c\u1ee7a Nh\u1eadt B\u1ea3n t\u1ea1i Vi\u1ec7t Nam. Wabooks lu\u00f4n kh\u00f4ng ng\u1eebng n\u1ed7 l\u1ef1c mang \u0111\u1ebfn nh\u1eefng s\u1ea3n ph\u1ea9m c\u00f3 ch\u1ea5t l\u01b0\u1ee3ng v\u00e0 d\u1ecbch v\u1ee5 ho\u00e0n h\u1ea3o, mang \u0111\u1ebfn s\u1ef1 h\u00e0i l\u00f2ng cho kh\u00e1ch h\u00e0ng c\u0169ng nh\u01b0 \u0111\u00f3ng g\u00f3p cho \u0111\u1ea5t n\u01b0\u1edbc t\u1ed1t \u0111\u1eb9p h\u01a1n th\u00f4ng qua nh\u1eefng gi\u00e1 tr\u1ecb m\u00e0 c\u00f4ng ty \u0111ang kh\u00f4ng ng\u1eebng theo \u0111u\u1ed5i.<\/p>\n[row]\n\n[col span=\"6\" span__sm=\"12\"]\n\n[ux_image id=\"2068\"]\n\n\n[\/col]\n[col span=\"6\" span__sm=\"12\"]\n\n<p>Anh Goto Daishi th\u00ec tin r\u1eb1ng ch\u1ec9 c\u00f3 s\u00e1ch m\u1edbi khi\u1ebfn con ng\u01b0\u1eddi ta tr\u1edf n\u00ean v\u0103n minh v\u00e0 ti\u1ebfn b\u1ed9, c\u00f2n anh Nguy\u1ec5n Tu\u1ea5n Anh th\u00ec cho r\u1eb1ng ch\u00fang ta ph\u1ea3i mang s\u00e1ch \u0111\u1ebfn n\u01a1i m\u00e0 ng\u01b0\u1eddi ta th\u1ef1c s\u1ef1 c\u1ea7n, chia s\u1ebb nh\u1eefng gi\u00e1 tr\u1ecb m\u00e0 ng\u01b0\u1eddi kh\u00e1c \u0111ang thi\u1ebfu, \u0111\u00f3 l\u00e0 c\u00e1ch \u0111\u1ec3 ch\u00fang ta ho\u00e0n thi\u1ec7n con ng\u01b0\u1eddi v\u00e0 g\u00f3p ph\u1ea7n l\u00e0m cho x\u00e3 h\u1ed9i ho\u00e0n thi\u1ec7n h\u01a1n.\u00a0<\/p>\n<p>May m\u1eafn r\u1eb1ng<strong> SACHVIET.EU\u00a0<\/strong>\u0111\u00e3 c\u00f3 c\u01a1 h\u1ed9i \u0111\u01b0\u1ee3c anh Nguy\u1ec5n Tu\u1ea5n Anh h\u1ee3p t\u00e1c gi\u00fap \u0111\u1ee1 h\u1ebft m\u00ecnh \u0111\u1ec3 The Stations c\u00f3 th\u1ec3 d\u1ec5 d\u00e0ng \u0111\u01b0a nh\u1eefng cu\u1ed1n s\u00e1ch ehon sang ph\u1ee5c v\u1ee5 nhu c\u1ea7u c\u1ee7a ng\u01b0\u1eddi Vi\u1ec7t t\u1ea1i Ch\u00e2u \u00c2u. V\u00e0 kh\u00f4ng g\u00ec vui m\u1eebng h\u01a1n l\u00e0 nh\u1eefng b\u1ea1n \u0111\u1ed9c gi\u1ea3 nh\u00ed c\u00f3 th\u1ec3 ti\u1ebfp c\u1eadn v\u00e0 c\u1ea7m tr\u00ean tay nh\u1eefng cu\u1ed1n s\u00e1ch ch\u1ea5t l\u01b0\u1ee3ng \u0111\u01b0\u1ee3c \u0111\u1ea7u t\u01b0 t\u1ec9 m\u1ec9, k\u1ef9 c\u00e0ng ch\u1ec9n chu v\u1ec1 c\u1ea3 n\u1ed9i dung l\u1eabn h\u00ecnh th\u1ee9c b\u1eb1ng ti\u1ebfng Vi\u1ec7t.<\/p>\n<p><strong>SACHVIET.EU<\/strong> lu\u00f4n tin t\u01b0\u1edfng r\u1eb1ng ng\u00f4n ng\u1eef m\u1eb9 \u0111\u1ebb lu\u00f4n l\u00e0 th\u1ee9 ng\u00f4n ng\u1eef thi\u00eang li\u00eang nh\u1ea5t v\u00e0 lu\u00f4n mong mu\u1ed1n c\u00e1c \u0111\u1ed9c gi\u1ea3 Vi\u1ec7t c\u00f3 c\u01a1 h\u1ed9i \u0111\u01b0\u1ee3c s\u1edf h\u1eefu nh\u1eefng cu\u1ed1n s\u00e1ch b\u1ea3n quy\u1ec1n \u0111\u1ea7y ch\u1ea5t l\u01b0\u1ee3ng b\u00e1n s\u1eb5n t\u1ea1i Ch\u00e2u \u00c2u<\/p>\n<p>\u00a0<\/p>\n\n[\/col]\n\n[\/row]\n\n<!-- \/wp:flatsome\/uxbuilder -->","post_title":"Wabooks","post_excerpt":"","post_status":"publish","comment_status":"closed","ping_status":"closed","post_password":"","post_name":"wabooks","to_ping":"","pinged":"","post_modified":"2022-12-19 22:37:02","post_modified_gmt":"2022-12-19 20:37:02","post_content_filtered":"","post_parent":0,"guid":"https:\/\/sachviet.eu\/?post_type=publisher&#038;p=1420","menu_order":0,"post_type":"publisher","post_mime_type":"","comment_count":"0","filter":"raw"}},"_links":{"self":[{"href":"https:\/\/sachviet.eu\/en\/wp-json\/wp\/v2\/product\/1977","targetHints":{"allow":["GET"]}}],"collection":[{"href":"https:\/\/sachviet.eu\/en\/wp-json\/wp\/v2\/product"}],"about":[{"href":"https:\/\/sachviet.eu\/en\/wp-json\/wp\/v2\/types\/product"}],"wp:featuredmedia":[{"embeddable":true,"href":"https:\/\/sachviet.eu\/en\/wp-json\/wp\/v2\/media\/1962"}],"wp:attachment":[{"href":"https:\/\/sachviet.eu\/en\/wp-json\/wp\/v2\/media?parent=1977"}],"wp:term":[{"taxonomy":"product_brand","embeddable":true,"href":"https:\/\/sachviet.eu\/en\/wp-json\/wp\/v2\/product_brand?post=1977"},{"taxonomy":"product_cat","embeddable":true,"href":"https:\/\/sachviet.eu\/en\/wp-json\/wp\/v2\/product_cat?post=1977"},{"taxonomy":"product_tag","embeddable":true,"href":"https:\/\/sachviet.eu\/en\/wp-json\/wp\/v2\/product_tag?post=1977"}],"curies":[{"name":"wp","href":"https:\/\/api.w.org\/{rel}","templated":true}]}}