{"id":1961,"date":"2021-02-21T00:05:44","date_gmt":"2021-02-20T22:05:44","guid":{"rendered":"https:\/\/sachviet.eu\/shop\/ehon-phep-so-sanh-dieu-ky-set-3-quyen\/"},"modified":"2023-11-25T17:40:26","modified_gmt":"2023-11-25T15:40:26","slug":"ehon-phep-so-sanh-dieu-ky-set-3-quyen","status":"publish","type":"product","link":"https:\/\/sachviet.eu\/en\/shop\/ehon-phep-so-sanh-dieu-ky-set-3-quyen\/","title":{"rendered":"Ehon ph\u00e9p so s\u00e1nh di\u1ec7u k\u1ef3 &#8211; set 3 quy\u1ec3n"},"content":{"rendered":"<p>B\u1ed9 s\u00e1ch ehon Ph\u00e9p so s\u00e1nh di\u1ec7u k\u1ef3 &#8211; Ph\u00f9 h\u1ee3p Cho b\u00e9 2+<br \/>\n&#8211; Tomi c\u00f3 t\u00ednh t\u00f2 m\u00f2, c\u1eadu th\u1ea5y \u0111\u1ed3 d\u00f9ng n\u00e0o c\u1ee7a b\u1ed1 v\u00e0 anh c\u0169ng to c\u00f2n \u0111\u1ed3 d\u00f9ng n\u00e0o c\u1ee7a m\u00ecnh c\u0169ng b\u00e9. Th\u00f4ng qua m\u1ea9u chuy\u1ec7n \u0111\u00e1ng y\u00eau c\u1ee7a Tomi trong &#8220;To nh\u1ecf&#8221;, b\u00e9 h\u1ecdc \u0111\u01b0\u1ee3c ph\u00e9p so s\u00e1nh TO \u2013 NH\u1ece v\u00e0 t\u1ef1 m\u00ecnh kh\u00e1m ph\u00e1, l\u00ed gi\u1ea3i c\u00e1c s\u1ef1 v\u1eadt xung quanh.<br \/>\n&#8211; Trong cu\u1ed1n s\u00e1ch &#8220;d\u00e0i ng\u1eafn&#8221; Tomi \u0111\u00f3ng vai l\u00e0 gi\u00e1o s\u01b0 th\u00f4ng th\u00e1i v\u00e0 m\u1edf l\u1edbp h\u1ecdc Ng\u1eafn ng\u1eafn \u2013 D\u00e0i d\u00e0i. C\u1eadu l\u1ea7n l\u01b0\u1ee3t \u0111\u01b0a ra c\u00e1c s\u1ef1 v\u1eadt v\u00e0 \u0111\u1ed1 b\u1ed1 m\u1eb9 c\u1ee7a m\u00ecnh bi\u1ebft s\u1ef1 v\u1eadt n\u00e0o ng\u1eafn h\u01a1n v\u00e0 s\u1ef1 v\u1eadt n\u00e0o d\u00e0i h\u01a1n. Th\u00f4ng qua theo d\u00f5i bu\u1ed5i h\u1ecdc c\u1ee7a Tomi, b\u00e9 s\u1ebd h\u1ecdc \u0111\u01b0\u1ee3c ph\u00e9p so s\u00e1nh D\u00c0I \u2013 NG\u1eaeN.<br \/>\n&#8211; &#8220;Cao th\u1ea5p&#8221; l\u00e0 c\u00e2u chuy\u1ec7n v\u1ec1 3 ch\u00fa t\u00f4m: T\u00f4m Xanh, T\u00f4m \u0110\u1ecf, T\u00f4m V\u00e0ng r\u1ee7 nhau thi x\u00e2y l\u00e2u \u0111\u00e0i c\u00e1t. Ai c\u0169ng n\u1ed7 l\u1ef1c \u0111\u1ec3 d\u00e0nh ph\u1ea7n th\u1eafng v\u1ec1 \u0111\u1ed9i m\u00ecnh. Qu\u00e1 tr\u00ecnh v\u00e0 k\u1ebft qu\u1ea3 x\u00e2y l\u00e2u \u0111\u00e0i c\u1ee7a ba ch\u00fa t\u00f4m gi\u00fap b\u00e9 h\u1ecdc \u0111\u01b0\u1ee3c ph\u00e9p so s\u00e1nh: CAO \u2013 TH\u1ea4P.<br \/>\n  <div class=\"banner-grid-wrapper\">\n  <div id=\"banner-grid-289776230\" class=\"banner-grid row row-grid row-small\" data-packery-options=\"\">\n            <style>\n    #banner-grid-289776230 .grid-col-1{height: 600px}\n    #banner-grid-289776230 .grid-col-1-2{height: 300px}\n    #banner-grid-289776230 .grid-col-1-3{height:200px}\n    #banner-grid-289776230 .grid-col-2-3{height: 400px}\n    #banner-grid-289776230 .grid-col-1-4{height: 150px}\n    #banner-grid-289776230 .grid-col-3-4{height: 450px}\n\n\n        \/* Tablet *\/\n    @media (max-width: 850px){\n      #banner-grid-289776230 .grid-col-1{height: 400px}\n      #banner-grid-289776230 .grid-col-1-2{height: 200px}\n      #banner-grid-289776230 .grid-col-1-3{height:133.33333333333px}\n      #banner-grid-289776230 .grid-col-2-3{height: 266.66666666667px}\n      #banner-grid-289776230 .grid-col-1-4{height: 100px}\n      #banner-grid-289776230 .grid-col-3-4{height: 300px}\n    }\n    \n        \/* Mobile *\/\n    @media (max-width: 550px){\n      #banner-grid-289776230 .grid-col-1{height: 400px}\n      #banner-grid-289776230 .grid-col-1-2{height: 200px}\n      #banner-grid-289776230 .grid-col-1-3{height:133.33333333333px}\n      #banner-grid-289776230 .grid-col-2-3{height: 266.66666666667px}\n      #banner-grid-289776230 .grid-col-1-4{height: 100px}\n      #banner-grid-289776230 .grid-col-3-4{height: 300px}\n    }\n    \n\n  <\/style>\n    <\/div>\n    <style>\n    #banner-grid-289776230 .grid-col-1{height: 600px}\n    #banner-grid-289776230 .grid-col-1-2{height: 300px}\n    #banner-grid-289776230 .grid-col-1-3{height:200px}\n    #banner-grid-289776230 .grid-col-2-3{height: 400px}\n    #banner-grid-289776230 .grid-col-1-4{height: 150px}\n    #banner-grid-289776230 .grid-col-3-4{height: 450px}\n\n\n    \n    \n\n  <\/style>\n    <\/div>\n  \n","protected":false},"excerpt":{"rendered":"<p>B\u1ed9 s\u00e1ch Ph\u00e9p so s\u00e1nh di\u1ec7u k\u1ef3 gi\u00fap b\u00e9 ph\u00e1t tri\u1ec3n t\u01b0 duy v\u00e0 ghi nh\u1edb c\u00f3 ch\u1ee7 \u0111\u1ecbnh. R\u00e8n luy\u1ec7n c\u00e1c k\u1ef9 n\u0103ng li\u00ean quan t\u1edbi so s\u00e1nh v\u00e0 nu\u00f4i d\u01b0\u1ee1ng ni\u1ec1m y\u00eau th\u00edch v\u1edbi m\u00f4n to\u00e1n.<\/p>\n","protected":false},"featured_media":1952,"template":"","meta":{"_acf_changed":false},"product_brand":[],"product_cat":[24,25,17],"product_tag":[],"class_list":{"0":"post-1961","1":"product","2":"type-product","3":"status-publish","4":"has-post-thumbnail","6":"product_cat-nha-tre-mau-giao-0-tuoi-6-tuoi","7":"product_cat-nhi-dong-6-tuoi-12-tuoi","8":"product_cat-sach-danh-cho-cac-be","10":"first","11":"instock","12":"taxable","13":"shipping-taxable","14":"purchasable","15":"product-type-simple"},"supplier_id":null,"supplier_sku":"","barcode":null,"atum_controlled":true,"out_stock_date":null,"out_stock_threshold":null,"inheritable":false,"inbound_stock":0,"stock_on_hold":0,"sold_today":0,"sales_last_days":0,"reserved_stock":0,"customer_returns":0,"warehouse_damage":0,"lost_in_post":0,"other_logs":0,"out_stock_days":0,"lost_sales":0,"has_location":false,"update_date":"2026-01-28T23:11:30","atum_locations":[],"atum_stock_status":"instock","restock_status":false,"low_stock_amount":"","sales_update_date":"2026-01-28T23:11:30","calc_backorders":null,"acf":{"publisher":{"ID":1420,"post_author":"1","post_date":"2021-02-16 23:03:17","post_date_gmt":"2021-02-16 21:03:17","post_content":"<!-- wp:flatsome\/uxbuilder -->\n<h1 style=\"text-align: center\"><strong>WABOOKS<\/strong><\/h1>\n[ux_image id=\"1430\"]\n\n[gap]\n\n<p style=\"text-align: left\">Wabooks l\u00e0 c\u00f4ng ty s\u00e1ch ho\u1ea1t \u0111\u1ed9ng chuy\u00ean nghi\u1ec7p trong l\u0129nh v\u1ef1c xu\u1ea5t b\u1ea3n s\u00e1ch. Ph\u1ea7n l\u1edbn ngu\u1ed3n l\u1ef1c c\u1ee7a c\u00f4ng ty \u0111\u1ea7u t\u01b0 v\u00e0o nghi\u00ean c\u1ee9u, mua b\u1ea3n quy\u1ec1n, d\u1ecbch v\u00e0 xu\u1ea5t b\u1ea3n c\u00e1c \u1ea5n ph\u1ea9m v\u0103n h\u00f3a, tri th\u1ee9c c\u1ee7a Nh\u1eadt B\u1ea3n t\u1ea1i Vi\u1ec7t Nam. Wabooks lu\u00f4n kh\u00f4ng ng\u1eebng n\u1ed7 l\u1ef1c mang \u0111\u1ebfn nh\u1eefng s\u1ea3n ph\u1ea9m c\u00f3 ch\u1ea5t l\u01b0\u1ee3ng v\u00e0 d\u1ecbch v\u1ee5 ho\u00e0n h\u1ea3o, mang \u0111\u1ebfn s\u1ef1 h\u00e0i l\u00f2ng cho kh\u00e1ch h\u00e0ng c\u0169ng nh\u01b0 \u0111\u00f3ng g\u00f3p cho \u0111\u1ea5t n\u01b0\u1edbc t\u1ed1t \u0111\u1eb9p h\u01a1n th\u00f4ng qua nh\u1eefng gi\u00e1 tr\u1ecb m\u00e0 c\u00f4ng ty \u0111ang kh\u00f4ng ng\u1eebng theo \u0111u\u1ed5i.<\/p>\n[row]\n\n[col span=\"6\" span__sm=\"12\"]\n\n[ux_image id=\"2068\"]\n\n\n[\/col]\n[col span=\"6\" span__sm=\"12\"]\n\n<p>Anh Goto Daishi th\u00ec tin r\u1eb1ng ch\u1ec9 c\u00f3 s\u00e1ch m\u1edbi khi\u1ebfn con ng\u01b0\u1eddi ta tr\u1edf n\u00ean v\u0103n minh v\u00e0 ti\u1ebfn b\u1ed9, c\u00f2n anh Nguy\u1ec5n Tu\u1ea5n Anh th\u00ec cho r\u1eb1ng ch\u00fang ta ph\u1ea3i mang s\u00e1ch \u0111\u1ebfn n\u01a1i m\u00e0 ng\u01b0\u1eddi ta th\u1ef1c s\u1ef1 c\u1ea7n, chia s\u1ebb nh\u1eefng gi\u00e1 tr\u1ecb m\u00e0 ng\u01b0\u1eddi kh\u00e1c \u0111ang thi\u1ebfu, \u0111\u00f3 l\u00e0 c\u00e1ch \u0111\u1ec3 ch\u00fang ta ho\u00e0n thi\u1ec7n con ng\u01b0\u1eddi v\u00e0 g\u00f3p ph\u1ea7n l\u00e0m cho x\u00e3 h\u1ed9i ho\u00e0n thi\u1ec7n h\u01a1n.\u00a0<\/p>\n<p>May m\u1eafn r\u1eb1ng<strong> SACHVIET.EU\u00a0<\/strong>\u0111\u00e3 c\u00f3 c\u01a1 h\u1ed9i \u0111\u01b0\u1ee3c anh Nguy\u1ec5n Tu\u1ea5n Anh h\u1ee3p t\u00e1c gi\u00fap \u0111\u1ee1 h\u1ebft m\u00ecnh \u0111\u1ec3 The Stations c\u00f3 th\u1ec3 d\u1ec5 d\u00e0ng \u0111\u01b0a nh\u1eefng cu\u1ed1n s\u00e1ch ehon sang ph\u1ee5c v\u1ee5 nhu c\u1ea7u c\u1ee7a ng\u01b0\u1eddi Vi\u1ec7t t\u1ea1i Ch\u00e2u \u00c2u. V\u00e0 kh\u00f4ng g\u00ec vui m\u1eebng h\u01a1n l\u00e0 nh\u1eefng b\u1ea1n \u0111\u1ed9c gi\u1ea3 nh\u00ed c\u00f3 th\u1ec3 ti\u1ebfp c\u1eadn v\u00e0 c\u1ea7m tr\u00ean tay nh\u1eefng cu\u1ed1n s\u00e1ch ch\u1ea5t l\u01b0\u1ee3ng \u0111\u01b0\u1ee3c \u0111\u1ea7u t\u01b0 t\u1ec9 m\u1ec9, k\u1ef9 c\u00e0ng ch\u1ec9n chu v\u1ec1 c\u1ea3 n\u1ed9i dung l\u1eabn h\u00ecnh th\u1ee9c b\u1eb1ng ti\u1ebfng Vi\u1ec7t.<\/p>\n<p><strong>SACHVIET.EU<\/strong> lu\u00f4n tin t\u01b0\u1edfng r\u1eb1ng ng\u00f4n ng\u1eef m\u1eb9 \u0111\u1ebb lu\u00f4n l\u00e0 th\u1ee9 ng\u00f4n ng\u1eef thi\u00eang li\u00eang nh\u1ea5t v\u00e0 lu\u00f4n mong mu\u1ed1n c\u00e1c \u0111\u1ed9c gi\u1ea3 Vi\u1ec7t c\u00f3 c\u01a1 h\u1ed9i \u0111\u01b0\u1ee3c s\u1edf h\u1eefu nh\u1eefng cu\u1ed1n s\u00e1ch b\u1ea3n quy\u1ec1n \u0111\u1ea7y ch\u1ea5t l\u01b0\u1ee3ng b\u00e1n s\u1eb5n t\u1ea1i Ch\u00e2u \u00c2u<\/p>\n<p>\u00a0<\/p>\n\n[\/col]\n\n[\/row]\n\n<!-- \/wp:flatsome\/uxbuilder -->","post_title":"Wabooks","post_excerpt":"","post_status":"publish","comment_status":"closed","ping_status":"closed","post_password":"","post_name":"wabooks","to_ping":"","pinged":"","post_modified":"2022-12-19 22:37:02","post_modified_gmt":"2022-12-19 20:37:02","post_content_filtered":"","post_parent":0,"guid":"https:\/\/sachviet.eu\/?post_type=publisher&#038;p=1420","menu_order":0,"post_type":"publisher","post_mime_type":"","comment_count":"0","filter":"raw"}},"_links":{"self":[{"href":"https:\/\/sachviet.eu\/en\/wp-json\/wp\/v2\/product\/1961","targetHints":{"allow":["GET"]}}],"collection":[{"href":"https:\/\/sachviet.eu\/en\/wp-json\/wp\/v2\/product"}],"about":[{"href":"https:\/\/sachviet.eu\/en\/wp-json\/wp\/v2\/types\/product"}],"wp:featuredmedia":[{"embeddable":true,"href":"https:\/\/sachviet.eu\/en\/wp-json\/wp\/v2\/media\/1952"}],"wp:attachment":[{"href":"https:\/\/sachviet.eu\/en\/wp-json\/wp\/v2\/media?parent=1961"}],"wp:term":[{"taxonomy":"product_brand","embeddable":true,"href":"https:\/\/sachviet.eu\/en\/wp-json\/wp\/v2\/product_brand?post=1961"},{"taxonomy":"product_cat","embeddable":true,"href":"https:\/\/sachviet.eu\/en\/wp-json\/wp\/v2\/product_cat?post=1961"},{"taxonomy":"product_tag","embeddable":true,"href":"https:\/\/sachviet.eu\/en\/wp-json\/wp\/v2\/product_tag?post=1961"}],"curies":[{"name":"wp","href":"https:\/\/api.w.org\/{rel}","templated":true}]}}