{"id":1951,"date":"2021-02-21T00:05:20","date_gmt":"2021-02-20T22:05:20","guid":{"rendered":"https:\/\/sachviet.eu\/shop\/ehon-to-la-em-be-ngoan-set-4-quyen\/"},"modified":"2025-04-20T10:34:30","modified_gmt":"2025-04-20T07:34:30","slug":"ehon-to-la-em-be-ngoan-set-4-quyen","status":"publish","type":"product","link":"https:\/\/sachviet.eu\/en\/shop\/ehon-to-la-em-be-ngoan-set-4-quyen\/","title":{"rendered":"Ehon T\u1edb l\u00e0 em b\u00e9 ngoan &#8211; set 4 quy\u1ec3n"},"content":{"rendered":"<p>\u0110\u1ec3 ch\u00fang m\u00ecnh gi\u00fap b\u1ea1n nh\u00e9.<br \/>\nKhi g\u1eb7p kh\u00f3 kh\u0103n, c\u00e1c b\u1ea1n rau c\u1ee7 th\u1eadt may m\u1eafn khi lu\u00f4n \u0111\u01b0\u1ee3c nh\u1eefng ng\u01b0\u1eddi b\u1ea1n t\u1ed1t b\u1ee5ng s\u1eb5n l\u00f2ng gi\u00fap \u0111\u1ee1. Bi\u1ebft gi\u00fap \u0111\u1ee1 l\u1eabn nhau s\u1ebd gi\u00fap m\u1ecdi vi\u1ec7c \u0111\u1ec1u c\u00f3 th\u1ec3 th\u1ef1c hi\u1ec7n \u0111\u01b0\u1ee3c.<\/p>\n<p>C\u00e2u chuy\u1ec7n nh\u1eafc tr\u1ebb r\u00e8n luy\u1ec7n th\u00f3i quen bi\u1ebft gi\u00fap \u0111\u1ee1 ng\u01b0\u1eddi kh\u00e1c v\u00e0 bi\u1ebft \u01a1n khi nh\u1eadn \u0111\u01b0\u1ee3c s\u1ef1 gi\u00fap \u0111\u1ee1 c\u1ee7a ng\u01b0\u1eddi kh\u00e1c.<\/p>\n<p>Th\u1ee9c d\u1eady n\u00e0o! Th\u1ee9c d\u1eady n\u00e0o!<br \/>\nCu\u1ed1n s\u00e1ch l\u00e0 c\u00e2u chuy\u1ec7n v\u1ec1 vi\u1ec7c th\u1ee9c d\u1eady c\u1ee7a c\u00e1c b\u1ea1n rau c\u1ee7. Gi\u1ed1ng nh\u01b0 c\u00e1c em b\u00e9, m\u1ed7i bu\u1ed5i s\u00e1ng c\u00e1c b\u00e9 \u0111\u1ec1u \u0111\u01b0\u1ee3c b\u1ed1 m\u1eb9 \u0111\u00e1nh th\u1ee9c \u0111\u1ec3 \u0111\u1ebfn tr\u01b0\u1eddng. B\u1eaft \u0111\u1ea7u ng\u00e0y m\u1edbi b\u1eb1ng vi\u1ec7c th\u1ee9c d\u1eady \u0111\u00fang gi\u1edd s\u1ebd gi\u00fap b\u00e9 c\u00f3 th\u1eadt nhi\u1ec1u ni\u1ec1m vui \u0111\u1ea5y nh\u00e9!<\/p>\n<p>C\u00e2u chuy\u1ec7n khi\u1ebfn tr\u1ebb c\u1ea3m th\u1ea5y m\u1ed7i ng\u00e0y th\u1ee9c d\u1eady \u0111\u1ec1u b\u1eaft \u0111\u1ea7u v\u1edbi r\u1ea5t nhi\u1ec1u n\u0103ng l\u01b0\u1ee3ng t\u00edch c\u1ef1c.<\/p>\n<p>Ch\u00fang m\u00ecnh xin l\u1ed7i b\u1ea1n nh\u00e9.<br \/>\n\u201cCh\u00fang m\u00ecnh xin l\u1ed7i b\u1ea1n nh\u00e9!\u201d l\u00e0 c\u00e2u chuy\u1ec7n k\u1ec3 v\u1ec1 nh\u1eefng h\u00e0nh \u0111\u1ed9ng v\u00f4 t\u00ecnh khi\u1ebfn c\u00e1c b\u1ea1n rau c\u1ee7 &#8220;ph\u1ea1m l\u1ed7i&#8221; nho nh\u1ecf, nh\u01b0ng l\u1ed7i l\u1ea7m s\u1ebd \u0111\u01b0\u1ee3c tha th\u1ee9 khi c\u00e1c b\u1ea1n rau c\u1ee7 bi\u1ebft n\u00f3i l\u1eddi xin l\u1ed7i.<\/p>\n<p>C\u00e2u chuy\u1ec7n g\u1ee3i \u00fd cho b\u00e9 bi\u1ebft n\u00f3i l\u1eddi xin l\u1ed7i ch\u00e2n th\u00e0nh khi v\u00f4 t\u00ecnh, s\u01a1 \u00fd g\u00e2y ra hi\u1ec3u l\u1ea7m ho\u1eb7c ph\u1ea1m l\u1ed7i \u0111\u1ed1i v\u1edbi nh\u1eefng ng\u01b0\u1eddi xung quanh \u0111\u1ec3 nh\u1eadn \u0111\u01b0\u1ee3c s\u1ef1 tha th\u1ee9.   <div class=\"banner-grid-wrapper\">\n  <div id=\"banner-grid-45510931\" class=\"banner-grid row row-grid row-small\" data-packery-options=\"\">\n            <style>\n    #banner-grid-45510931 .grid-col-1{height: 600px}\n    #banner-grid-45510931 .grid-col-1-2{height: 300px}\n    #banner-grid-45510931 .grid-col-1-3{height:200px}\n    #banner-grid-45510931 .grid-col-2-3{height: 400px}\n    #banner-grid-45510931 .grid-col-1-4{height: 150px}\n    #banner-grid-45510931 .grid-col-3-4{height: 450px}\n\n\n        \/* Tablet *\/\n    @media (max-width: 850px){\n      #banner-grid-45510931 .grid-col-1{height: 400px}\n      #banner-grid-45510931 .grid-col-1-2{height: 200px}\n      #banner-grid-45510931 .grid-col-1-3{height:133.33333333333px}\n      #banner-grid-45510931 .grid-col-2-3{height: 266.66666666667px}\n      #banner-grid-45510931 .grid-col-1-4{height: 100px}\n      #banner-grid-45510931 .grid-col-3-4{height: 300px}\n    }\n    \n        \/* Mobile *\/\n    @media (max-width: 550px){\n      #banner-grid-45510931 .grid-col-1{height: 400px}\n      #banner-grid-45510931 .grid-col-1-2{height: 200px}\n      #banner-grid-45510931 .grid-col-1-3{height:133.33333333333px}\n      #banner-grid-45510931 .grid-col-2-3{height: 266.66666666667px}\n      #banner-grid-45510931 .grid-col-1-4{height: 100px}\n      #banner-grid-45510931 .grid-col-3-4{height: 300px}\n    }\n    \n\n  <\/style>\n    <\/div>\n    <style>\n    #banner-grid-45510931 .grid-col-1{height: 600px}\n    #banner-grid-45510931 .grid-col-1-2{height: 300px}\n    #banner-grid-45510931 .grid-col-1-3{height:200px}\n    #banner-grid-45510931 .grid-col-2-3{height: 400px}\n    #banner-grid-45510931 .grid-col-1-4{height: 150px}\n    #banner-grid-45510931 .grid-col-3-4{height: 450px}\n\n\n    \n    \n\n  <\/style>\n    <\/div>\n  \n","protected":false},"excerpt":{"rendered":"<p>C\u00e1m \u01a1n b\u1ea1n c\u1ea3nh s\u00e1t h\u00e0nh t\u00e2y<\/p>\n<p>H\u00e0nh T\u00e2y l\u00e0 m\u1ed9t vi\u00ean c\u1ea3nh s\u00e1t ch\u0103m ch\u1ec9, t\u1ed1t b\u1ee5ng, lu\u00f4n s\u1eb5n s\u00e0ng gi\u00fap \u0111\u1ee1 khi ng\u01b0\u1eddi kh\u00e1c g\u1eb7p kh\u00f3 kh\u0103n. M\u1ed7i l\u1ea7n nh\u01b0 v\u1eady, H\u00e0nh T\u00e2y \u0111\u1ec1u nh\u1eadn \u0111\u01b0\u1ee3c nh\u1eefng l\u1eddi c\u1ea3m \u01a1n r\u1ea5t ch\u00e2n th\u00e0nh, v\u00e0 khi H\u00e0nh T\u00e2y b\u1ecb l\u1ea5m b\u1ea9n, t\u1ea5t c\u1ea3 nh\u1eefng ng\u01b0\u1eddi b\u1ea1n kh\u00e1c c\u0169ng \u0111\u00e3 gi\u00fap s\u1ee9c lau s\u1ea1ch nh\u01b0 m\u1ed9t l\u1eddi c\u1ea3m \u01a1n m\u00e0 t\u1ea5t c\u1ea3 c\u00f9ng g\u1eedi \u0111\u1ebfn b\u1ea1n c\u1ea3nh s\u00e1t H\u00e0nh T\u00e2y.<\/p>\n<p>Cu\u1ed1n s\u00e1ch nh\u1eafc nh\u1edf tr\u1ebb bi\u1ebft n\u00f3i l\u1eddi c\u1ea3m \u01a1n khi nh\u1eadn \u0111\u01b0\u1ee3c s\u1ef1 gi\u00fap \u0111\u1ee1 c\u1ee7a ng\u01b0\u1eddi.<\/p>\n","protected":false},"featured_media":1944,"template":"","meta":{"_acf_changed":false},"product_brand":[],"product_cat":[24,25,17],"product_tag":[],"class_list":{"0":"post-1951","1":"product","2":"type-product","3":"status-publish","4":"has-post-thumbnail","6":"product_cat-nha-tre-mau-giao-0-tuoi-6-tuoi","7":"product_cat-nhi-dong-6-tuoi-12-tuoi","8":"product_cat-sach-danh-cho-cac-be","10":"first","11":"instock","12":"taxable","13":"shipping-taxable","14":"purchasable","15":"product-type-simple"},"supplier_id":null,"supplier_sku":"","barcode":null,"atum_controlled":true,"out_stock_date":null,"out_stock_threshold":null,"inheritable":false,"inbound_stock":0,"stock_on_hold":0,"sold_today":0,"sales_last_days":0,"reserved_stock":0,"customer_returns":0,"warehouse_damage":0,"lost_in_post":0,"other_logs":0,"out_stock_days":0,"lost_sales":0,"has_location":false,"update_date":"2026-01-28T23:11:28","atum_locations":[],"atum_stock_status":"instock","restock_status":false,"low_stock_amount":"","sales_update_date":"2026-01-28T23:11:28","calc_backorders":null,"acf":{"publisher":{"ID":1420,"post_author":"1","post_date":"2021-02-16 23:03:17","post_date_gmt":"2021-02-16 21:03:17","post_content":"<!-- wp:flatsome\/uxbuilder -->\n<h1 style=\"text-align: center\"><strong>WABOOKS<\/strong><\/h1>\n[ux_image id=\"1430\"]\n\n[gap]\n\n<p style=\"text-align: left\">Wabooks l\u00e0 c\u00f4ng ty s\u00e1ch ho\u1ea1t \u0111\u1ed9ng chuy\u00ean nghi\u1ec7p trong l\u0129nh v\u1ef1c xu\u1ea5t b\u1ea3n s\u00e1ch. Ph\u1ea7n l\u1edbn ngu\u1ed3n l\u1ef1c c\u1ee7a c\u00f4ng ty \u0111\u1ea7u t\u01b0 v\u00e0o nghi\u00ean c\u1ee9u, mua b\u1ea3n quy\u1ec1n, d\u1ecbch v\u00e0 xu\u1ea5t b\u1ea3n c\u00e1c \u1ea5n ph\u1ea9m v\u0103n h\u00f3a, tri th\u1ee9c c\u1ee7a Nh\u1eadt B\u1ea3n t\u1ea1i Vi\u1ec7t Nam. Wabooks lu\u00f4n kh\u00f4ng ng\u1eebng n\u1ed7 l\u1ef1c mang \u0111\u1ebfn nh\u1eefng s\u1ea3n ph\u1ea9m c\u00f3 ch\u1ea5t l\u01b0\u1ee3ng v\u00e0 d\u1ecbch v\u1ee5 ho\u00e0n h\u1ea3o, mang \u0111\u1ebfn s\u1ef1 h\u00e0i l\u00f2ng cho kh\u00e1ch h\u00e0ng c\u0169ng nh\u01b0 \u0111\u00f3ng g\u00f3p cho \u0111\u1ea5t n\u01b0\u1edbc t\u1ed1t \u0111\u1eb9p h\u01a1n th\u00f4ng qua nh\u1eefng gi\u00e1 tr\u1ecb m\u00e0 c\u00f4ng ty \u0111ang kh\u00f4ng ng\u1eebng theo \u0111u\u1ed5i.<\/p>\n[row]\n\n[col span=\"6\" span__sm=\"12\"]\n\n[ux_image id=\"2068\"]\n\n\n[\/col]\n[col span=\"6\" span__sm=\"12\"]\n\n<p>Anh Goto Daishi th\u00ec tin r\u1eb1ng ch\u1ec9 c\u00f3 s\u00e1ch m\u1edbi khi\u1ebfn con ng\u01b0\u1eddi ta tr\u1edf n\u00ean v\u0103n minh v\u00e0 ti\u1ebfn b\u1ed9, c\u00f2n anh Nguy\u1ec5n Tu\u1ea5n Anh th\u00ec cho r\u1eb1ng ch\u00fang ta ph\u1ea3i mang s\u00e1ch \u0111\u1ebfn n\u01a1i m\u00e0 ng\u01b0\u1eddi ta th\u1ef1c s\u1ef1 c\u1ea7n, chia s\u1ebb nh\u1eefng gi\u00e1 tr\u1ecb m\u00e0 ng\u01b0\u1eddi kh\u00e1c \u0111ang thi\u1ebfu, \u0111\u00f3 l\u00e0 c\u00e1ch \u0111\u1ec3 ch\u00fang ta ho\u00e0n thi\u1ec7n con ng\u01b0\u1eddi v\u00e0 g\u00f3p ph\u1ea7n l\u00e0m cho x\u00e3 h\u1ed9i ho\u00e0n thi\u1ec7n h\u01a1n.\u00a0<\/p>\n<p>May m\u1eafn r\u1eb1ng<strong> SACHVIET.EU\u00a0<\/strong>\u0111\u00e3 c\u00f3 c\u01a1 h\u1ed9i \u0111\u01b0\u1ee3c anh Nguy\u1ec5n Tu\u1ea5n Anh h\u1ee3p t\u00e1c gi\u00fap \u0111\u1ee1 h\u1ebft m\u00ecnh \u0111\u1ec3 The Stations c\u00f3 th\u1ec3 d\u1ec5 d\u00e0ng \u0111\u01b0a nh\u1eefng cu\u1ed1n s\u00e1ch ehon sang ph\u1ee5c v\u1ee5 nhu c\u1ea7u c\u1ee7a ng\u01b0\u1eddi Vi\u1ec7t t\u1ea1i Ch\u00e2u \u00c2u. V\u00e0 kh\u00f4ng g\u00ec vui m\u1eebng h\u01a1n l\u00e0 nh\u1eefng b\u1ea1n \u0111\u1ed9c gi\u1ea3 nh\u00ed c\u00f3 th\u1ec3 ti\u1ebfp c\u1eadn v\u00e0 c\u1ea7m tr\u00ean tay nh\u1eefng cu\u1ed1n s\u00e1ch ch\u1ea5t l\u01b0\u1ee3ng \u0111\u01b0\u1ee3c \u0111\u1ea7u t\u01b0 t\u1ec9 m\u1ec9, k\u1ef9 c\u00e0ng ch\u1ec9n chu v\u1ec1 c\u1ea3 n\u1ed9i dung l\u1eabn h\u00ecnh th\u1ee9c b\u1eb1ng ti\u1ebfng Vi\u1ec7t.<\/p>\n<p><strong>SACHVIET.EU<\/strong> lu\u00f4n tin t\u01b0\u1edfng r\u1eb1ng ng\u00f4n ng\u1eef m\u1eb9 \u0111\u1ebb lu\u00f4n l\u00e0 th\u1ee9 ng\u00f4n ng\u1eef thi\u00eang li\u00eang nh\u1ea5t v\u00e0 lu\u00f4n mong mu\u1ed1n c\u00e1c \u0111\u1ed9c gi\u1ea3 Vi\u1ec7t c\u00f3 c\u01a1 h\u1ed9i \u0111\u01b0\u1ee3c s\u1edf h\u1eefu nh\u1eefng cu\u1ed1n s\u00e1ch b\u1ea3n quy\u1ec1n \u0111\u1ea7y ch\u1ea5t l\u01b0\u1ee3ng b\u00e1n s\u1eb5n t\u1ea1i Ch\u00e2u \u00c2u<\/p>\n<p>\u00a0<\/p>\n\n[\/col]\n\n[\/row]\n\n<!-- \/wp:flatsome\/uxbuilder -->","post_title":"Wabooks","post_excerpt":"","post_status":"publish","comment_status":"closed","ping_status":"closed","post_password":"","post_name":"wabooks","to_ping":"","pinged":"","post_modified":"2022-12-19 22:37:02","post_modified_gmt":"2022-12-19 20:37:02","post_content_filtered":"","post_parent":0,"guid":"https:\/\/sachviet.eu\/?post_type=publisher&#038;p=1420","menu_order":0,"post_type":"publisher","post_mime_type":"","comment_count":"0","filter":"raw"}},"_links":{"self":[{"href":"https:\/\/sachviet.eu\/en\/wp-json\/wp\/v2\/product\/1951","targetHints":{"allow":["GET"]}}],"collection":[{"href":"https:\/\/sachviet.eu\/en\/wp-json\/wp\/v2\/product"}],"about":[{"href":"https:\/\/sachviet.eu\/en\/wp-json\/wp\/v2\/types\/product"}],"wp:featuredmedia":[{"embeddable":true,"href":"https:\/\/sachviet.eu\/en\/wp-json\/wp\/v2\/media\/1944"}],"wp:attachment":[{"href":"https:\/\/sachviet.eu\/en\/wp-json\/wp\/v2\/media?parent=1951"}],"wp:term":[{"taxonomy":"product_brand","embeddable":true,"href":"https:\/\/sachviet.eu\/en\/wp-json\/wp\/v2\/product_brand?post=1951"},{"taxonomy":"product_cat","embeddable":true,"href":"https:\/\/sachviet.eu\/en\/wp-json\/wp\/v2\/product_cat?post=1951"},{"taxonomy":"product_tag","embeddable":true,"href":"https:\/\/sachviet.eu\/en\/wp-json\/wp\/v2\/product_tag?post=1951"}],"curies":[{"name":"wp","href":"https:\/\/api.w.org\/{rel}","templated":true}]}}