{"id":1943,"date":"2021-02-21T00:05:04","date_gmt":"2021-02-20T22:05:04","guid":{"rendered":"https:\/\/sachviet.eu\/shop\/ehon-taku-cau-be-mong-mo-set-4-quyen\/"},"modified":"2022-12-22T09:00:03","modified_gmt":"2022-12-22T07:00:03","slug":"ehon-taku-cau-be-mong-mo-set-4-quyen","status":"publish","type":"product","link":"https:\/\/sachviet.eu\/en\/shop\/ehon-taku-cau-be-mong-mo-set-4-quyen\/","title":{"rendered":"Ehon Taku c\u1eadu b\u00e9 m\u1ed9ng m\u01a1 &#8211;  set 4 quy\u1ec3n"},"content":{"rendered":"<p>Cu\u1ed1n \u201cN\u1ea5c c\u1ee5t\u201d l\u00e0 c\u00e2u chuy\u1ec7n v\u00f4 c\u00f9ng \u0111\u00e1ng y\u00eau khi v\u00e0o m\u1ed9t ng\u00e0y \u0111\u1eb9p tr\u1eddi, b\u1ea1n Taku b\u1ecb n\u1ea5c c\u1ee5t. C\u01a1n n\u1ea5c \u0111\u1ebfn l\u00e0m b\u1ea1n \u1ea5y kh\u00f4ng th\u1ec3 ho\u1ea1t \u0111\u1ed9ng nh\u01b0 b\u00ecnh th\u01b0\u1eddng, l\u1ee1 m\u1ea5t bu\u1ed5i s\u00e1ng t\u1eadp th\u1ec3 d\u1ee5c. Sau \u0111\u00f3, c\u01a1n n\u1ea5c c\u00f2n k\u00e9o d\u00e0i l\u00e0m \u0111\u1ea3o l\u1ed9n m\u1ecdi ho\u1ea1t \u0111\u1ed9ng th\u01b0\u1eddng ng\u00e0y. Taku b\u1ecb n\u1ea5c khi \u0111ang \u0103n, khi \u0111ang ch\u01a1i v\u1edbi m\u00e8o con, k\u1ec3 c\u1ea3 khi \u0111i \u1ecb v\u1eabn b\u1ecb n\u1ea5c nh\u01b0 th\u1ebf. Taku ngh\u0129 ra bao nhi\u00eau l\u00fd do gi\u1ea3i th\u00edch t\u1ea1i sao m\u00ecnh b\u1ecb n\u1ea5c. N\u00e0o l\u00e0 c\u00f3 khi n\u00e0o do con \u1ebfch trong b\u1ee5ng qu\u1ea5y nhi\u1ec5u kh\u00f4ng; hay b\u1edfi v\u00ec \u0111ang c\u00f3 m\u1ed9t cu\u1ed9c chi\u1ebfn \u0111\u1ed3 \u0103n trong b\u1ee5ng, c\u00e1c m\u00f3n \u0103n \u0111ang \u0111\u00e1nh nhau r\u1ea5t kh\u1ed1c li\u1ec7t n\u00ean m\u00ecnh b\u1ecb n\u1ea5c kh\u00f4ng; trong b\u1ee5ng m\u00ecnh c\u00f3 c\u1ea3 m\u1ed9t con Kanguroo \u0111ang b\u1eadt nh\u1ea3y hay l\u00e0 do con b\u1ecd n\u1ea5c \u0111\u1ed1t m\u00ecnh? \u01a0, nh\u01b0ng ch\u00ednh Taku c\u0169ng kh\u00f4ng hi\u1ec3u \u0111\u01b0\u1ee3c r\u1eb1ng m\u00ecnh suy ngh\u0129 v\u1ec1 l\u00fd do \u0111\u1ec3 l\u00e0m g\u00ec trong khi vi\u1ec7c c\u1ea7n h\u01a1n c\u1ea3 l\u00e0 l\u00e0m sao \u0111\u1ec3 gi\u1ea3i quy\u1ebft g\u1ecdn c\u01a1n n\u1ea5c n\u00e0y. Taku tr\u1ed3ng c\u00e2y chu\u1ed1i, d\u1ef1ng th\u1eb3ng hai ch\u00e2n l\u00ean tr\u1eddi, r\u1ed3i c\u1ea3 l\u0103n v\u00f2ng v\u00f2ng m\u00e0 m\u00e3i ch\u1eb3ng h\u1ebft n\u1ea5c g\u00ec c\u1ea3. May qu\u00e1, \u0111\u00fang l\u00fac \u0111\u00f3 th\u00ec b\u1ed1 xu\u1ea5t hi\u1ec7n. B\u1ed1 b\u1ea3o, mu\u1ed1n tho\u00e1t kh\u1ecfi c\u01a1n n\u1ea5c, ch\u1ec9 c\u1ea7n Taku h\u00edt th\u1edf s\u00e2u v\u00e0i nh\u1ecbp hay u\u1ed1ng m\u1ed9t c\u1ed1c n\u01b0\u1edbc. Taku th\u1eed ngay v\u00e0 k\u1ebft qu\u1ea3 th\u1eadt b\u1ea5t ng\u1edd, c\u01a1n n\u1ea5c bi\u1ebfn m\u1ea5t r\u1ed3i. B\u1ed1 bi\u1ebft nhi\u1ec1u th\u1ee9 nh\u1ec9, Taku th\u1ea7m c\u1ea3m \u01a1n b\u1ed1 \u0111\u00e3 c\u1ee9u m\u00ecnh ra kh\u1ecfi c\u01a1n n\u1ea5c k\u00e9o d\u00e0i.<\/p>\n<p>V\u1edbi c\u00e2u chuy\u1ec7n \u201cN\u00f3ng ch\u1ea3y n\u01b0\u1edbc\u201d, c\u00e1c b\u1ea1n nh\u1ecf s\u1ebd l\u1ea1i th\u1ea5y m\u1ed9t b\u1ea1n Taku gi\u00e0u tr\u00ed t\u01b0\u1edfng t\u01b0\u1ee3ng v\u00f4 v\u00f9ng, M\u00f9a h\u00e8 n\u00f3ng b\u1ee9c khi\u1ebfn m\u1ecdi th\u1ee9 \u0111\u1ec1u tan ch\u1ea3y h\u1ebft ra: c\u00e2y kem tan ch\u1ea3y, ng\u01b0\u1eddi tuy\u1ebft tan ch\u1ea3y v\u00e0 Taku c\u0169ng s\u1ee3 c\u01a1 th\u1ec3 c\u1eadu \u1ea5y tan ch\u1ea3y ra nh\u01b0 n\u01b0\u1edbc v\u1eady. Taku t\u00ecm m\u1ecdi c\u00e1ch \u0111\u1ec3 tr\u00e1nh n\u00f3ng, c\u1edfi \u0111\u1ed3 ra, b\u1eadt h\u1ebft qu\u1ea1t l\u00ean, ng\u00e2m m\u00ecnh trong b\u1ed3n t\u1eafm, m\u1edf c\u1eeda t\u1ee7 l\u1ea1nh, n\u1eb1m ra s\u00e0n r\u1ed3i d\u00f9ng c\u1ea3 mi\u1ebfng d\u00e1n h\u1ea1 s\u1ed1t,\u2026 v\u1eady m\u00e0 v\u1eabn kh\u00f4ng th\u1ec3 h\u1ebft n\u00f3ng \u0111\u01b0\u1ee3c. B\u1ea1n \u1ea5y \u01b0\u1edbc r\u1eb1ng m\u00ecnh c\u00f3 c\u00e1nh c\u1eeda th\u1ea7n k\u1ef3 \u0111\u1ec3 \u0111\u1ebfn ngay B\u1eafc C\u1ef1c, \u0111\u01b0\u1ee3c \u0111i t\u1eafm bi\u1ec3n ngay th\u00ec th\u1eadt l\u00e0 th\u00edch. Hay n\u1ebfu nh\u01b0 c\u00f3 m\u1ed9t chi\u1ebfc t\u1ee7 l\u1ea1nh \u0111\u1ee7 to \u0111\u1ec3 chui v\u00e0o cho m\u00e1t, c\u00f3 m\u1ed9t chi\u1ebfc qu\u1ea1t kh\u1ed5ng l\u1ed3, \u0111\u01b0\u1ee3c l\u00e0m con g\u1ea5u \u0111\u1ec3 ng\u1ee7 qua m\u00f9a h\u00e8 th\u00ec t\u1ed1t bi\u1ebft bao. Taku c\u1ee9 m\u01a1 m\u00e3i, m\u01a1 m\u00e3i cho \u0111\u1ebfn khi ng\u1ee7 thi\u1ebfp \u0111i. Trong m\u01a1, b\u1ea1n \u1ea5y v\u1eabn \u01b0\u1edbc \u0111\u01b0\u1ee3c \u0111i \u0111\u1ebfn m\u1ed9t n\u01a1i tr\u1ea3i \u0111\u1ea7y kem m\u00e1t l\u1ea1nh, \u0111\u01b0\u1ee3c ch\u01a1i v\u1edbi ng\u01b0\u1eddi tuy\u1ebft. Cu\u1ed1i c\u00f9ng, b\u1ed1 xu\u1ea5t hi\u1ec7n v\u00e0 \u201cgi\u1ea3i c\u1ee9u\u201d cho Taku b\u1eb1ng c\u00e1ch b\u1eadt m\u00e1y \u0111i\u1ec1u h\u00f2a.<\/p>\n<p>Cu\u1ed1n \u201c\u0110i kh\u1ecfi nh\u00e0\u201d k\u1ec3 v\u1ec1 chuy\u1ec7n Taku ch\u01a1i \u0111\u1ed3 ch\u01a1i v\u00e0 b\u00e0y b\u1eeba ra kh\u1eafp nh\u00e0, l\u00e0m m\u1eb9 ph\u1ea3i nh\u1eafc nh\u1edf d\u1ecdn d\u1eb9p l\u1ea1i. V\u00ec th\u1ebf, b\u1ea1n \u1ea5y cho r\u1eb1ng m\u1eb9 kh\u00f4ng y\u00eau th\u01b0\u01a1ng m\u00ecnh, Taku ngh\u0129 r\u1eb1ng b\u1ea1n \u1ea5y ph\u1ea3i \u0111i kh\u1ecfi nh\u00e0 \u0111\u1ec3 t\u00ecm n\u01a1i m\u00e0 m\u00ecnh thu\u1ed9c v\u1ec1. Taku ngh\u0129 r\u1eb1ng n\u1ebfu m\u00ecnh l\u00ean sao H\u1ecfa th\u00ec c\u00f3 th\u1ec3 tr\u1edf th\u00e0nh qu\u1ed1c v\u01b0\u01a1ng n\u01a1i \u0111\u00f3, nh\u01b0ng tr\u00ean n\u00e0y ch\u1ec9 c\u00f3 c\u00e0 r\u1ed1t th\u00f4i, Taku s\u1ebd ch\u1eb3ng c\u00f3 g\u00ec \u0103n c\u1ea3. N\u1ebfu s\u1ed1ng d\u01b0\u1edbi l\u00f2ng bi\u1ec3n, Taku tha h\u1ed3 ch\u01a1i c\u00f9ng c\u00e1c b\u1ea1n c\u00e1, nh\u01b0ng l\u1ea1i kh\u00f4ng c\u00f3 tivi, kh\u00f4ng c\u00f3 nh\u1eefng cu\u1ed1n truy\u1ec7n b\u1ea1n \u1ea5y hay \u0111\u1ecdc v\u00e0 kh\u00f4ng c\u00f3 c\u1ea3 em m\u00e8o nh\u1ecf. N\u1ebfu s\u1ed1ng tr\u00ean b\u1ea7u tr\u1eddi th\u00ec Taku c\u00f3 th\u1ec3 vui ch\u01a1i c\u00f9ng m\u00e2y gi\u00f3, nh\u01b0ng ban \u0111\u00eam s\u1ebd l\u1ea1nh l\u1ebdo l\u1eafm, n\u1ebfu \u1edf d\u01b0\u1edbi l\u00f2ng \u0111\u1ea5t th\u00ec Taku c\u0169ng s\u1ebd r\u1ea5t c\u00f4 \u0111\u01a1n. \u0110\u1eafn \u0111o h\u1ed3i l\u00e2u, m\u1eb9 l\u1ea1i g\u1ecdi Taku \u0111i \u0103n b\u00e1nh kem, ti vi l\u1ea1i chi\u1ebfu phim ho\u1ea1t h\u00ecnh. Th\u00f4i th\u00ec xem phim tr\u01b0\u1edbc \u0111\u00e3, th\u1eadt ch\u1eb3ng c\u00f3 n\u01a1i n\u00e0o tuy\u1ec7t v\u1eddi nh\u01b0 ch\u00ednh ng\u00f4i nh\u00e0 c\u1ee7a m\u00ecnh. Cu\u1ed1i c\u00f9ng, Taku quy\u1ebft \u0111\u1ecbnh d\u1ecdn d\u1eb9p l\u1ea1i ch\u1ed7 \u0111\u1ed3 ch\u01a1i m\u00e0 m\u00ecnh \u0111\u00e3 b\u00e0y ra, gi\u00fap ng\u00f4i nh\u00e0 tr\u1edf n\u00ean s\u1ea1ch s\u1ebd h\u01a1n.<\/p>\n<p>C\u00e2u chuy\u1ec7n \u201cSi\u00eau n\u0103ng l\u1ef1c\u201d k\u1ec3 v\u1ec1 \u01b0\u1edbc m\u01a1 s\u1edf h\u1eefu nh\u1eefng s\u1ee9c m\u1ea1nh phi th\u01b0\u1eddng c\u1ee7a Taku. C\u1eadu b\u00e9 xem phim v\u00e0 th\u1ea5y nh\u1eefng si\u00eau anh h\u00f9ng \u0111\u1ec1u c\u00f3 m\u1ed9t s\u1ee9c m\u1ea1nh \u0111\u1eb7c bi\u1ec7t n\u00e0o \u0111\u00f3 khi\u1ebfn h\u1ecd tr\u1edf n\u00ean r\u1ea5t m\u1ea1nh m\u1ebd, l\u00e0m \u0111\u01b0\u1ee3c nh\u1eefng \u0111i\u1ec1u phi th\u01b0\u1eddng. V\u1eady l\u00e0 Taku ngh\u0129, n\u1ebfu c\u00f3 lo\u1ea1i s\u1ee9c m\u1ea1nh gi\u1ed1ng nh\u01b0 v\u1eady, b\u1ea1n \u1ea5y s\u1ebd c\u00f3 th\u1ec3 nh\u00ecn xuy\u00ean t\u01b0\u1eddng, c\u00f3 th\u1ec3 bay hay ch\u1ea1y r\u1ea5t nhanh \u0111\u1ec3 l\u00e0m nh\u1eefng vi\u1ec7c ch\u1ed1ng l\u1ea1i k\u1ebb x\u1ea5u, gi\u00fap \u0111\u1ee1 m\u1ecdi ng\u01b0\u1eddi. Nhi\u1ec7m v\u1ee5 \u0111\u1ea7u ti\u00ean c\u1ee7a b\u1ea1n \u1ea5y l\u00e0 \u0111i l\u1ea5y l\u1ecd \u0111\u01b0\u1eddng, nh\u01b0ng d\u00f9 c\u00f3 s\u1ee9c m\u1ea1nh \u0111\u1ebfn th\u1ebf n\u00e0o th\u00ec b\u1ea1n \u1ea5y c\u0169ng ch\u1eb3ng m\u1edf n\u1ed5i n\u1eafp l\u1ecd \u0111\u01b0\u1eddng \u0111\u00f3ng ch\u1eb7t. Gi\u1eefa l\u00fac Taku bu\u1ed3n b\u00e3 v\u00ec nhi\u1ec7m v\u1ee5 \u0111\u1ea7u ti\u00ean ch\u01b0a \u0111\u01b0\u1ee3c ho\u00e0n th\u00e0nh th\u00ec b\u1ed1 l\u1ea1i xu\u1ea5t hi\u1ec7n, m\u1ed9t l\u1ea7n n\u1eefa gi\u1ea3i c\u1ee9u Taku. B\u1ed1 ch\u1ec9 c\u1ea7n v\u1eb7n nh\u1eb9 l\u00e0 n\u1eafp l\u1ecd \u0111\u01b0\u1eddng to \u0111\u00e3 c\u00f3 th\u1ec3 m\u1edf ra r\u1ed3i. V\u1eady b\u1ed1 c\u00f3 ph\u1ea3i l\u00e0 m\u1ed9t si\u00eau anh h\u00f9ng kh\u00f4ng?<\/p>\n<p>L\u00e0 \u0111i\u1ec3n h\u00ecnh c\u1ee7a c\u00e1c em b\u00e9 trong \u0111\u1ed9 tu\u1ed5i m\u1eabu gi\u00e1o, c\u1eadu b\u00e9 Taku lu\u00f4n t\u00f2 m\u00f2 v\u1ec1 th\u1ebf gi\u1edbi xung quanh. Trong m\u1eaft c\u1eadu b\u00e9, m\u1ecdi th\u1ee9 xung quanh \u0111\u1ec1u c\u00f3 nh\u1eefng \u0111i\u1ec1u b\u00ed m\u1eadt \u0111ang th\u00f4i th\u00fac c\u1eadu kh\u00e1m ph\u00e1, th\u1eadm ch\u00ed l\u00e0 ch\u00fang c\u00f2n ch\u1ee9a \u0111\u1ef1ng nh\u1eefng n\u0103ng l\u1ef1c si\u00eau nhi\u00ean m\u00e0 ch\u1ec9 c\u1eadu b\u00e9 nh\u00ecn th\u1ea5y. V\u1eady n\u00ean, Taku ph\u1ea3i t\u1ef1 m\u00ecnh tham gia v\u00e0o h\u00e0nh tr\u00ecnh kh\u00e1m ph\u00e1 \u0111\u00f3 \u0111\u1ec3 nh\u1eadn ra \u0111\u01b0\u1ee3c nh\u1eefng \u0111i\u1ec1u b\u00ed m\u1eadt. V\u1edbi b\u1ed9 s\u00e1ch \u201cTaku \u2013 c\u1eadu b\u00e9 m\u1ed9ng m\u01a1\u201d, tr\u00ed t\u01b0\u1edfng t\u01b0\u1ee3ng, s\u00e1ng t\u1ea1o c\u1ee7a con s\u1ebd c\u00f3 \u0111\u01b0\u1ee3c nu\u00f4i d\u01b0\u1ee1ng m\u1ed9t c\u00e1ch t\u1ed1i \u01b0u. Trong h\u00e0nh tr\u00ecnh kh\u00e1m ph\u00e1 th\u1ebf gi\u1edbi v\u00e0 nh\u1eefng \u0111i\u1ec1u b\u00ed \u1ea9n quanh m\u00ecnh, b\u00e9 c\u00f3 th\u00eam ng\u01b0\u1eddi b\u1ea1n \u201c\u0111\u1ed3ng minh\u201d, hi\u1ec3u nh\u1eefng g\u00ec b\u00e9 mu\u1ed1n, c\u00f9ng h\u00e1o h\u1ee9c v\u1ec1 m\u1ed9t th\u1ebf gi\u1edbi m\u1edbi hay \u0111i\u1ec1u g\u00ec \u0111\u00f3 m\u1edbi l\u1ea1.<\/p>\n<p>S\u1ef1 v\u00f4 t\u01b0, h\u1ed3n nhi\u00ean c\u1ee7a Taku \u0111\u00e3 khi\u1ebfn cho c\u1eadu b\u00e9 s\u1edf h\u1eefu m\u1ed9t s\u1ee9c s\u00e1ng t\u1ea1o tuy\u1ec7t v\u1eddi. Gi\u1ed1ng nh\u01b0 c\u00e1c em b\u00e9 trong \u0111\u1ed9 tu\u1ed5i m\u1eabu gi\u00e1o, Taku ch\u01b0a h\u1ec1 b\u1ecb khu\u00f4n m\u1eabu n\u00e0o l\u00e0m c\u1ea3n tr\u1edf s\u1ef1 s\u00e1ng t\u1ea1o \u0111\u00f3 n\u00ean m\u1eb7c nhi\u00ean nh\u1eefng \u0111i\u1ec1u con ngh\u0129 \u0111\u1ec1u c\u00f3 th\u1ec3 tr\u1edf th\u00e0nh s\u1ef1 th\u1eadt. D\u00f9 sao H\u1ecfa \u1edf \u0111\u00e2u \u0111\u00f3 r\u1ea5t xa ch\u00fang ta trong v\u0169 tr\u1ee5, d\u00f9 d\u01b0\u1edbi n\u01b0\u1edbc ch\u1eb3ng h\u1ec1 c\u00f3 \u00f4-xi \u0111\u1ec3 h\u00edt th\u1edf, d\u00f9 ch\u00fang ta ch\u1eb3ng c\u00f3 \u0111\u00f4i c\u00e1nh n\u00e0o \u0111\u1ec3 bay th\u00ec v\u1edbi Taku, m\u1ecdi mong \u01b0\u1edbc \u0111\u01b0\u1ee3c s\u1ed1ng \u1edf m\u1ed9t m\u00f4i tr\u01b0\u1eddng kh\u00e1c \u0111\u1ec1u c\u00f3 th\u1ec3 tr\u1edf th\u00e0nh hi\u1ec7n th\u1ef1c.  <div class=\"banner-grid-wrapper\">\n  <div id=\"banner-grid-2081897737\" class=\"banner-grid row row-grid row-small\" data-packery-options=\"\">\n            <style>\n    #banner-grid-2081897737 .grid-col-1{height: 600px}\n    #banner-grid-2081897737 .grid-col-1-2{height: 300px}\n    #banner-grid-2081897737 .grid-col-1-3{height:200px}\n    #banner-grid-2081897737 .grid-col-2-3{height: 400px}\n    #banner-grid-2081897737 .grid-col-1-4{height: 150px}\n    #banner-grid-2081897737 .grid-col-3-4{height: 450px}\n\n\n        \/* Tablet *\/\n    @media (max-width: 850px){\n      #banner-grid-2081897737 .grid-col-1{height: 400px}\n      #banner-grid-2081897737 .grid-col-1-2{height: 200px}\n      #banner-grid-2081897737 .grid-col-1-3{height:133.33333333333px}\n      #banner-grid-2081897737 .grid-col-2-3{height: 266.66666666667px}\n      #banner-grid-2081897737 .grid-col-1-4{height: 100px}\n      #banner-grid-2081897737 .grid-col-3-4{height: 300px}\n    }\n    \n        \/* Mobile *\/\n    @media (max-width: 550px){\n      #banner-grid-2081897737 .grid-col-1{height: 400px}\n      #banner-grid-2081897737 .grid-col-1-2{height: 200px}\n      #banner-grid-2081897737 .grid-col-1-3{height:133.33333333333px}\n      #banner-grid-2081897737 .grid-col-2-3{height: 266.66666666667px}\n      #banner-grid-2081897737 .grid-col-1-4{height: 100px}\n      #banner-grid-2081897737 .grid-col-3-4{height: 300px}\n    }\n    \n\n  <\/style>\n    <\/div>\n    <style>\n    #banner-grid-2081897737 .grid-col-1{height: 600px}\n    #banner-grid-2081897737 .grid-col-1-2{height: 300px}\n    #banner-grid-2081897737 .grid-col-1-3{height:200px}\n    #banner-grid-2081897737 .grid-col-2-3{height: 400px}\n    #banner-grid-2081897737 .grid-col-1-4{height: 150px}\n    #banner-grid-2081897737 .grid-col-3-4{height: 450px}\n\n\n    \n    \n\n  <\/style>\n    <\/div>\n  \n","protected":false},"excerpt":{"rendered":"<p>Taku \u2013 C\u1eadu b\u00e9 m\u1ed9ng m\u01a1: \u0110i t\u00ecm b\u00ed m\u1eadt c\u1ee7a th\u1ebf gi\u1edbi quanh m\u00ecnh<br \/>\nV\u1edbi b\u1ed9 s\u00e1ch Ehon \u201cTaku \u2013 C\u1eadu b\u00e9 m\u1ed9ng m\u01a1\u201d, tr\u1ebb s\u1ebd \u0111\u01b0\u1ee3c th\u1ecfa th\u00edch th\u1ea3 tung tr\u00ed t\u01b0\u1edfng t\u01b0\u1ee3ng c\u1ee7a m\u00ecnh trong th\u1ebf gi\u1edbi \u0111\u1ea7y r\u1eaby nh\u1eefng m\u00e0u s\u1eafc th\u00fa v\u1ecb, lu\u00f4n th\u00f4i th\u00fac con t\u00ecm hi\u1ec3u, khi\u1ebfn tr\u1ebb lu\u00f4n t\u00f2 m\u00f2 v\u00e0 kh\u00f4ng th\u1ec3 ng\u1eebng \u0111\u1eb7t c\u00e2u h\u1ecfi v\u1ec1 m\u1ecdi th\u1ee9 quanh m\u00ecnh. Nh\u1eefng c\u00e2u chuy\u1ec7n c\u00f3 ph\u1ea7n \u201cvi\u1ec5n t\u01b0\u1edfng\u201d l\u1ea1i l\u00e0 ch\u1ea5t x\u00fac t\u00e1c hi\u1ec7u qu\u1ea3 \u0111\u1ec3 con c\u00f3 th\u1ec3 b\u1ed9c l\u1ed9 nh\u1eefng suy ngh\u0129 ri\u00eang bi\u1ec7t c\u1ee7a b\u1ea3n th\u00e2n m\u00ecnh.<\/p>\n<p>B\u1ed9 s\u00e1ch Ehon \u201cTaku \u2013 C\u1eadu b\u00e9 m\u1ed9ng m\u01a1\u201d l\u00e0 c\u00e2u chuy\u1ec7n mang nhi\u1ec1u m\u00e0u s\u1eafc t\u01b0\u1edfng t\u01b0\u1ee3ng<br \/>\nB\u1ed9 s\u00e1ch Ehon \u201cTaku \u2013 C\u1eadu b\u00e9 m\u1ed9ng m\u01a1\u201d v\u1edbi nh\u1eefng c\u00e2u chuy\u1ec7n gi\u00e0u m\u00e0u s\u1eafc t\u01b0\u1edfng t\u01b0\u1ee3ng, ch\u00ednh l\u00e0 nh\u1eefng g\u00ec x\u1ea3y ra trong suy ngh\u0129 c\u1ee7a m\u1ed9t em b\u00e9, khi\u1ebfn con tr\u1edf n\u00ean th\u00edch th\u00fa kh\u00e1m ph\u00e1 th\u1ebf gi\u1edbi. D\u01b0\u1edbi g\u00f3c nh\u00ecn c\u1ee7a m\u1ed9t em b\u00e9, c\u1ea3 th\u1ebf gi\u1edbi r\u1ed9ng m\u1edf \u0111ang \u0111\u00f3n ch\u1edd con kh\u00e1m ph\u00e1.<\/p>\n<p>Nh\u1eefng em b\u00e9 c\u00f3 m\u1ed9t tr\u00ed t\u01b0\u1edfng t\u01b0\u1ee3ng phong ph\u00fa v\u00e0 b\u00f9ng n\u1ed5 \u0111\u1ebfn m\u1ee9c m\u00e0 b\u1ed1 m\u1eb9 c\u00f3 khi c\u00f2n kh\u00f4ng th\u1ec3 ng\u1edd t\u1edbi. Ai c\u0169ng hi\u1ec3u r\u1eb1ng ch\u00ednh s\u1ee9c t\u01b0\u1edfng t\u01b0\u1ee3ng phong ph\u00fa n\u00e0y c\u00f3 th\u1ec3 khi\u1ebfn con bay b\u1ed5ng trong th\u1ebf gi\u1edbi c\u1ee7a ri\u00eang m\u00ecnh, c\u00f3 th\u1ec3 mang \u0111\u1ebfn s\u1ef1 linh ho\u1ea1t hay th\u1eadm ch\u00ed cho con b\u1ed9c l\u1ed9 b\u1ea3n n\u0103ng c\u1ee7a m\u1ed9t thi\u00ean t\u00e0i. V\u1eady l\u00e0m sao \u0111\u1ec3 ph\u00e1t tri\u1ec3n tr\u00ed t\u01b0\u1edfng t\u01b0\u1ee3ng \u0111\u00f3 m\u1ed9t c\u00e1ch hi\u1ec7u qu\u1ea3 nh\u1ea5t, \u0111\u00f3 l\u00e0 c\u00e2u h\u1ecfi m\u00e0 nhi\u1ec1u b\u1ed1 m\u1eb9 kh\u00f4ng kh\u1ecfi b\u0103n kho\u0103n. V\u1edbi b\u1ed9 s\u00e1ch Ehon \u201cTaku \u2013 c\u1eadu b\u00e9 m\u1ed9ng m\u01a1\u201d n\u00e0y, con s\u1ebd h\u1ecdc \u0111\u01b0\u1ee3c t\u01b0 duy s\u00e1ng t\u1ea1o, t\u01b0\u1edfng t\u01b0\u1ee3ng kh\u00f4ng gi\u1edbi h\u1ea1n \u0111\u1ed1i v\u1edbi cu\u1ed9c s\u1ed1ng mu\u00f4n m\u00e0u xung quanh.<\/p>\n<p>B\u1ed9 s\u00e1ch \u201cTaku \u2013 C\u1eadu b\u00e9 m\u1ed9ng m\u01a1\u201d g\u1ed3m 4 \u0111\u1ea7u s\u00e1ch: \u201cN\u1ea5c c\u1ee5t\u201d, \u201cN\u00f3ng ch\u1ea3y n\u01b0\u1edbc\u201d, \u201cSi\u00eau n\u0103ng l\u1ef1c\u201d v\u00e0 \u201c\u0110i kh\u1ecfi nh\u00e0\u201d. B\u1ed9 s\u00e1ch ph\u00f9 h\u1ee3p cho c\u00e1c b\u00e9 t\u1eeb 2 &#8211; 8 tu\u1ed5i, gi\u00fap ph\u00e1t tri\u1ec3n s\u1ef1 v\u1eadn \u0111\u1ed9ng tr\u00ed n\u00e3o, t\u0103ng c\u01b0\u1eddng kh\u1ea3 n\u0103ng s\u00e1ng t\u1ea1o, t\u01b0 duy v\u00e0 n\u0103ng l\u1ef1c t\u01b0\u1edfng t\u01b0\u1ee3ng. B\u1ed9 s\u00e1ch c\u00f3 vai tr\u00f2 h\u00ecnh th\u00e0nh t\u00ednh c\u00e1ch c\u1ee7a b\u00e9, gi\u00fap con bi\u1ebft t\u1ef1 gi\u1ea3i quy\u1ebft c\u00e1c v\u1ea5n \u0111\u1ec1 ph\u1ee9c t\u1ea1p, s\u1eafp x\u1ebfp c\u00f4ng vi\u1ec7c c\u00e1 nh\u00e2n r\u1ea5t t\u1ed1t \u0111\u1ea5y!<\/p>\n","protected":false},"featured_media":1932,"template":"","meta":{"_acf_changed":false},"product_brand":[],"product_cat":[24,25,17],"product_tag":[81],"class_list":{"0":"post-1943","1":"product","2":"type-product","3":"status-publish","4":"has-post-thumbnail","6":"product_cat-nha-tre-mau-giao-0-tuoi-6-tuoi","7":"product_cat-nhi-dong-6-tuoi-12-tuoi","8":"product_cat-sach-danh-cho-cac-be","9":"product_tag-sach-gia-uu-dai","11":"first","12":"instock","13":"sale","14":"taxable","15":"shipping-taxable","16":"purchasable","17":"product-type-simple"},"supplier_id":null,"supplier_sku":"","barcode":null,"atum_controlled":true,"out_stock_date":null,"out_stock_threshold":null,"inheritable":false,"inbound_stock":0,"stock_on_hold":0,"sold_today":0,"sales_last_days":0,"reserved_stock":0,"customer_returns":0,"warehouse_damage":0,"lost_in_post":0,"other_logs":0,"out_stock_days":0,"lost_sales":0,"has_location":false,"update_date":"2026-01-28T23:11:30","atum_locations":[],"atum_stock_status":"instock","restock_status":false,"low_stock_amount":"","sales_update_date":"2026-01-28T23:11:30","calc_backorders":null,"acf":{"publisher":{"ID":1420,"post_author":"1","post_date":"2021-02-16 23:03:17","post_date_gmt":"2021-02-16 21:03:17","post_content":"<!-- wp:flatsome\/uxbuilder -->\n<h1 style=\"text-align: center\"><strong>WABOOKS<\/strong><\/h1>\n[ux_image id=\"1430\"]\n\n[gap]\n\n<p style=\"text-align: left\">Wabooks l\u00e0 c\u00f4ng ty s\u00e1ch ho\u1ea1t \u0111\u1ed9ng chuy\u00ean nghi\u1ec7p trong l\u0129nh v\u1ef1c xu\u1ea5t b\u1ea3n s\u00e1ch. Ph\u1ea7n l\u1edbn ngu\u1ed3n l\u1ef1c c\u1ee7a c\u00f4ng ty \u0111\u1ea7u t\u01b0 v\u00e0o nghi\u00ean c\u1ee9u, mua b\u1ea3n quy\u1ec1n, d\u1ecbch v\u00e0 xu\u1ea5t b\u1ea3n c\u00e1c \u1ea5n ph\u1ea9m v\u0103n h\u00f3a, tri th\u1ee9c c\u1ee7a Nh\u1eadt B\u1ea3n t\u1ea1i Vi\u1ec7t Nam. Wabooks lu\u00f4n kh\u00f4ng ng\u1eebng n\u1ed7 l\u1ef1c mang \u0111\u1ebfn nh\u1eefng s\u1ea3n ph\u1ea9m c\u00f3 ch\u1ea5t l\u01b0\u1ee3ng v\u00e0 d\u1ecbch v\u1ee5 ho\u00e0n h\u1ea3o, mang \u0111\u1ebfn s\u1ef1 h\u00e0i l\u00f2ng cho kh\u00e1ch h\u00e0ng c\u0169ng nh\u01b0 \u0111\u00f3ng g\u00f3p cho \u0111\u1ea5t n\u01b0\u1edbc t\u1ed1t \u0111\u1eb9p h\u01a1n th\u00f4ng qua nh\u1eefng gi\u00e1 tr\u1ecb m\u00e0 c\u00f4ng ty \u0111ang kh\u00f4ng ng\u1eebng theo \u0111u\u1ed5i.<\/p>\n[row]\n\n[col span=\"6\" span__sm=\"12\"]\n\n[ux_image id=\"2068\"]\n\n\n[\/col]\n[col span=\"6\" span__sm=\"12\"]\n\n<p>Anh Goto Daishi th\u00ec tin r\u1eb1ng ch\u1ec9 c\u00f3 s\u00e1ch m\u1edbi khi\u1ebfn con ng\u01b0\u1eddi ta tr\u1edf n\u00ean v\u0103n minh v\u00e0 ti\u1ebfn b\u1ed9, c\u00f2n anh Nguy\u1ec5n Tu\u1ea5n Anh th\u00ec cho r\u1eb1ng ch\u00fang ta ph\u1ea3i mang s\u00e1ch \u0111\u1ebfn n\u01a1i m\u00e0 ng\u01b0\u1eddi ta th\u1ef1c s\u1ef1 c\u1ea7n, chia s\u1ebb nh\u1eefng gi\u00e1 tr\u1ecb m\u00e0 ng\u01b0\u1eddi kh\u00e1c \u0111ang thi\u1ebfu, \u0111\u00f3 l\u00e0 c\u00e1ch \u0111\u1ec3 ch\u00fang ta ho\u00e0n thi\u1ec7n con ng\u01b0\u1eddi v\u00e0 g\u00f3p ph\u1ea7n l\u00e0m cho x\u00e3 h\u1ed9i ho\u00e0n thi\u1ec7n h\u01a1n.\u00a0<\/p>\n<p>May m\u1eafn r\u1eb1ng<strong> SACHVIET.EU\u00a0<\/strong>\u0111\u00e3 c\u00f3 c\u01a1 h\u1ed9i \u0111\u01b0\u1ee3c anh Nguy\u1ec5n Tu\u1ea5n Anh h\u1ee3p t\u00e1c gi\u00fap \u0111\u1ee1 h\u1ebft m\u00ecnh \u0111\u1ec3 The Stations c\u00f3 th\u1ec3 d\u1ec5 d\u00e0ng \u0111\u01b0a nh\u1eefng cu\u1ed1n s\u00e1ch ehon sang ph\u1ee5c v\u1ee5 nhu c\u1ea7u c\u1ee7a ng\u01b0\u1eddi Vi\u1ec7t t\u1ea1i Ch\u00e2u \u00c2u. V\u00e0 kh\u00f4ng g\u00ec vui m\u1eebng h\u01a1n l\u00e0 nh\u1eefng b\u1ea1n \u0111\u1ed9c gi\u1ea3 nh\u00ed c\u00f3 th\u1ec3 ti\u1ebfp c\u1eadn v\u00e0 c\u1ea7m tr\u00ean tay nh\u1eefng cu\u1ed1n s\u00e1ch ch\u1ea5t l\u01b0\u1ee3ng \u0111\u01b0\u1ee3c \u0111\u1ea7u t\u01b0 t\u1ec9 m\u1ec9, k\u1ef9 c\u00e0ng ch\u1ec9n chu v\u1ec1 c\u1ea3 n\u1ed9i dung l\u1eabn h\u00ecnh th\u1ee9c b\u1eb1ng ti\u1ebfng Vi\u1ec7t.<\/p>\n<p><strong>SACHVIET.EU<\/strong> lu\u00f4n tin t\u01b0\u1edfng r\u1eb1ng ng\u00f4n ng\u1eef m\u1eb9 \u0111\u1ebb lu\u00f4n l\u00e0 th\u1ee9 ng\u00f4n ng\u1eef thi\u00eang li\u00eang nh\u1ea5t v\u00e0 lu\u00f4n mong mu\u1ed1n c\u00e1c \u0111\u1ed9c gi\u1ea3 Vi\u1ec7t c\u00f3 c\u01a1 h\u1ed9i \u0111\u01b0\u1ee3c s\u1edf h\u1eefu nh\u1eefng cu\u1ed1n s\u00e1ch b\u1ea3n quy\u1ec1n \u0111\u1ea7y ch\u1ea5t l\u01b0\u1ee3ng b\u00e1n s\u1eb5n t\u1ea1i Ch\u00e2u \u00c2u<\/p>\n<p>\u00a0<\/p>\n\n[\/col]\n\n[\/row]\n\n<!-- \/wp:flatsome\/uxbuilder -->","post_title":"Wabooks","post_excerpt":"","post_status":"publish","comment_status":"closed","ping_status":"closed","post_password":"","post_name":"wabooks","to_ping":"","pinged":"","post_modified":"2022-12-19 22:37:02","post_modified_gmt":"2022-12-19 20:37:02","post_content_filtered":"","post_parent":0,"guid":"https:\/\/sachviet.eu\/?post_type=publisher&#038;p=1420","menu_order":0,"post_type":"publisher","post_mime_type":"","comment_count":"0","filter":"raw"}},"_links":{"self":[{"href":"https:\/\/sachviet.eu\/en\/wp-json\/wp\/v2\/product\/1943","targetHints":{"allow":["GET"]}}],"collection":[{"href":"https:\/\/sachviet.eu\/en\/wp-json\/wp\/v2\/product"}],"about":[{"href":"https:\/\/sachviet.eu\/en\/wp-json\/wp\/v2\/types\/product"}],"wp:featuredmedia":[{"embeddable":true,"href":"https:\/\/sachviet.eu\/en\/wp-json\/wp\/v2\/media\/1932"}],"wp:attachment":[{"href":"https:\/\/sachviet.eu\/en\/wp-json\/wp\/v2\/media?parent=1943"}],"wp:term":[{"taxonomy":"product_brand","embeddable":true,"href":"https:\/\/sachviet.eu\/en\/wp-json\/wp\/v2\/product_brand?post=1943"},{"taxonomy":"product_cat","embeddable":true,"href":"https:\/\/sachviet.eu\/en\/wp-json\/wp\/v2\/product_cat?post=1943"},{"taxonomy":"product_tag","embeddable":true,"href":"https:\/\/sachviet.eu\/en\/wp-json\/wp\/v2\/product_tag?post=1943"}],"curies":[{"name":"wp","href":"https:\/\/api.w.org\/{rel}","templated":true}]}}