{"id":1931,"date":"2021-02-21T00:04:35","date_gmt":"2021-02-20T22:04:35","guid":{"rendered":"https:\/\/sachviet.eu\/shop\/ehon-chung-minh-lon-roi-set-4-quyen\/"},"modified":"2025-04-24T12:28:53","modified_gmt":"2025-04-24T09:28:53","slug":"ehon-chung-minh-lon-roi-set-4-quyen","status":"publish","type":"product","link":"https:\/\/sachviet.eu\/en\/shop\/ehon-chung-minh-lon-roi-set-4-quyen\/","title":{"rendered":"Ehon Ch\u00fang m\u00ecnh l\u1edbn r\u1ed3i &#8211; set 4 quy\u1ec3n"},"content":{"rendered":"<p>\u201cCh\u1ecb v\u00e0 em b\u00e9\u201d<\/p>\n<p>L\u00e0 k\u1ec3 v\u1ec1 m\u1ed9t d\u1ea5u m\u1ed1c l\u1edbn trong cu\u1ed9c s\u1ed1ng c\u1ee7a b\u1ea1n Aneko, \u0111\u00f3 l\u00e0 b\u1ea1n \u1ea5y \u0111\u00e3 tr\u1edf th\u00e0nh ch\u1ecb. Khi gia \u0111\u00ecnh \u0111\u00f3n th\u00eam m\u1ed9t th\u00e0nh vi\u00ean m\u1edbi, Aneko nh\u1eadn ra m\u1eb9 c\u1ee7a b\u1ea1n \u1ea5y \u0111ang r\u1ea5t m\u1ec7t sau khi sinh em b\u00e9, l\u1ea1i c\u00f2n c\u1ea3 tr\u00f4ng v\u00e0 ch\u0103m em n\u1eefa, n\u00ean m\u1ecdi vi\u1ec7c trong cu\u1ed9c s\u1ed1ng h\u1eb1ng ng\u00e0y b\u1ea1n \u1ea5y kh\u00f4ng th\u1ec3 l\u00e0m phi\u1ec1n m\u1eb9 \u0111\u01b0\u1ee3c. V\u1eady l\u00e0 Aneko \u0111\u00e3 t\u1ef1 l\u00e0m l\u1ea5y nh\u1eefng vi\u1ec7c c\u00e1 nh\u00e2n nh\u01b0 t\u1ef1 c\u1ea5t gi\u00e0y v\u00e0o t\u1ee7 n\u00e0y, t\u1ef1 r\u00f3t s\u1eefa u\u1ed1ng hay l\u00e0 t\u1ef1 g\u1ed9i \u0111\u1ea7u. D\u00f9 th\u1eadt kh\u00f3 kh\u0103n, nh\u01b0ng Aneko c\u00f3 \u0111\u01b0\u1ee3c nhi\u1ec1u ni\u1ec1m vui khi \u0111\u00e3 h\u1ecdc \u0111\u01b0\u1ee3c vi\u1ec7c t\u1ef1 ch\u0103m s\u00f3c b\u1ea3n th\u00e2n, v\u00e0 b\u1ea1n \u1ea5y \u0111\u01b0\u1ee3c b\u00e1c h\u00e0ng x\u00f3m khen l\u00e0 \u201c\u0111\u00e3 l\u1edbn r\u1ed3i\u201d. Aneko th\u1eadt l\u00e0 m\u1ed9t ng\u01b0\u1eddi ch\u1ecb g\u01b0\u01a1ng m\u1eabu. Nh\u01b0ng d\u00f9 l\u1edbn th\u1ebf n\u00e0o, Aneko v\u1eabn l\u00e0 m\u1ed9t em b\u00e9 c\u1ee7a m\u1eb9, v\u00e0 b\u1ea1n \u1ea5y c\u1ea3m th\u1ea5y si\u00eau si\u00eau h\u1ea1nh ph\u00fac v\u00ec m\u1ed7i t\u1ed1i \u0111\u01b0\u1ee3c m\u1eb9 \u00f4m n\u1eefa \u0111\u1ea5y.<\/p>\n<p>\u201cTr\u01b0\u1eddng m\u1eabu gi\u00e1o c\u1ee7a t\u1edb\u201d<\/p>\n<p>Kh\u00e1c v\u1edbi c\u00e1c em b\u00e9 kh\u00f4ng th\u00edch \u0111i h\u1ecdc t\u00ed n\u00e0o, th\u00ec Aneko l\u1ea1i r\u1ea5t th\u00edch \u0111i h\u1ecdc \u1edf tr\u01b0\u1eddng m\u1eabu gi\u00e1o. \u1ede tr\u01b0\u1eddng, Aneko \u0111\u01b0\u1ee3c d\u1ea1y c\u00e1c k\u0129 n\u0103ng t\u1ef1 l\u1eadp, t\u1ef1 ch\u0103m s\u00f3c b\u1ea3n th\u00e2n r\u1ea5t b\u1ed5 \u00edch. L\u1ea1i c\u00f2n \u0111\u01b0\u1ee3c ch\u01a1i nh\u1eefng \u0111\u1ed3 ch\u01a1i \u0111\u1ea7y m\u00e0u s\u1eafc v\u1edbi c\u00e1c b\u1ea1n c\u00f9ng l\u1edbp n\u1eefa ch\u1ee9. M\u1ed7i ng\u00e0y, b\u1ea1n \u1ea5y l\u1ea1i h\u1ecdc \u0111\u01b0\u1ee3c th\u1eadt nhi\u1ec1u \u0111i\u1ec1u m\u1edbi, ch\u01a1i c\u00f9ng c\u00e1c b\u1ea1n nh\u1eefng tr\u00f2 ch\u01a1i th\u1eadt vui, v\u00e0 bu\u1ed5i tr\u01b0a \u0103n nh\u1eefng m\u00f3n \u0103n gi\u00e0u dinh d\u01b0\u1ee1ng v\u00e0 l\u1ea1i r\u1ea5t ngon. Aneko y\u00eau qu\u00fd tr\u01b0\u1eddng m\u1eabu gi\u00e1o l\u1eafm, \u0111i h\u1ecdc th\u1eadt l\u00e0 vui.<\/p>\n<p>Cu\u1ed1n \u201c\u0110i c\u00e2u c\u00e1 v\u1edbi b\u1ed1\u201d<\/p>\n<p>Em b\u00e9 Saburo nay \u0111\u00e3 l\u1edbn l\u00ean m\u1ed9t ch\u00fat v\u00e0 cu\u1ed1i tu\u1ea7n b\u1ed1 lu\u00f4n \u0111\u01b0a b\u1ea1n \u1ea5y \u0111i c\u00e2u c\u00e1 c\u00f9ng. L\u1ea7n \u0111\u1ea7u ti\u00ean Saburo \u0111\u01b0\u1ee3c b\u1ed1 h\u01b0\u1edbng d\u1eabn cho nh\u1eefng \u0111i\u1ec1u th\u00fa v\u1ecb trong c\u00e2u c\u00e1, n\u00e0o l\u00e0 m\u00f3c c\u00e2u th\u1ebf n\u00e0o, ch\u1ecdn m\u1ed3i ra sao hay th\u1ea3 c\u1ea7n nh\u01b0 th\u1ebf n\u00e0o. Saburo r\u1ea5t h\u1ee9ng kh\u1edfi v\u00e0 vui v\u1ebb l\u00e0m theo. Nh\u01b0ng m\u00e0 h\u00f3a ra, \u0111i c\u00e2u l\u1ea1i c\u1ea7n nhi\u1ec1u ki\u00ean nh\u1eabn \u0111\u1ebfn v\u1eady. B\u1ea1n \u1ea5y ng\u1ed3i \u0111\u1ee3i r\u1ea5t l\u00e2u m\u00e0 ch\u1eb3ng c\u00e2u \u0111\u01b0\u1ee3c b\u1ea1n c\u00e1 n\u00e0o. Nh\u01b0ng cu\u1ed1i c\u00f9ng, b\u1ea1n \u1ea5y c\u0169ng c\u00e2u \u0111\u01b0\u1ee3c m\u1ed9t ch\u00fa c\u00e1 to \u01a1i l\u00e0 to. M\u1ed7i bu\u1ed5i \u0111i c\u00e2u Saburo l\u1ea1i g\u1ea7n g\u0169i v\u1edbi b\u1ed1 h\u01a1n, h\u1ecdc \u0111\u01b0\u1ee3c nhi\u1ec1u \u0111i\u1ec1u b\u1ed5 \u00edch, \u0111\u1eb7c bi\u1ec7t l\u00e0 t\u00ednh ki\u00ean nh\u1eabn n\u1eefa.<\/p>\n<p>Cu\u1ed1n \u201cD\u1ecdn \u0111\u1ed3 ch\u01a1i n\u00e0o!\u201d<\/p>\n<p>Saburo c\u00f3 th\u1eadt l\u00e0 nhi\u1ec1u \u0111\u1ed3 ch\u01a1i. M\u1ed7i l\u1ea7n ch\u01a1i xong b\u1ea1n \u1ea5y l\u1ea1i ph\u00e2n v\u00e2n, kh\u00f4ng bi\u1ebft c\u00f3 n\u00ean c\u1ea5t \u0111i kh\u00f4ng nh\u1ec9, v\u00ec \u0111\u1eb1ng n\u00e0o b\u1ea1n \u1ea5y l\u1ea1i l\u1ea5y ra ch\u01a1i. Nh\u01b0ng khi v\u00f4 t\u00ecnh d\u1eabm v\u00e0o m\u1ed9t \u0111\u1ed3 ch\u01a1i v\u01b0\u01a1ng d\u01b0\u1edbi s\u00e0n, b\u1ea1n \u1ea5y \u0111\u00e3 quy\u1ebft t\u00e2m d\u1ecdn \u0111\u1ed3 ch\u01a1i c\u1ee7a m\u00ecnh. N\u00e0o l\u00e0 s\u1eafp x\u1ebfp ch\u00fang v\u00e0o \u0111\u00fang v\u1ecb tr\u00ed n\u00e0y, ph\u00e2n lo\u1ea1i \u0111\u1ed3 ch\u01a1i n\u00e0y. Khi d\u1ecdn d\u1eb9p ng\u0103n n\u1eafp, b\u1ea1n Saburo c\u00f2n t\u00ecm \u0111\u01b0\u1ee3c m\u00f3n \u0111\u1ed3 ch\u01a1i c\u0169 b\u1ecb th\u1ea5t l\u1ea1c n\u1eefa. H\u00f3a ra v\u00ec bao l\u00e2u nay b\u1eeba b\u1ed9n n\u00ean Saburo ch\u1eb3ng th\u1ebf t\u00ecm th\u1ea5y \u0111\u1ed3 ch\u01a1i. D\u1ecdn \u0111\u1ed3 ch\u01a1i h\u01a1i m\u1ec7t nh\u01b0ng th\u1eadt l\u00e0 vui, v\u00e0 Saburo c\u0169ng \u0111\u00e3 h\u1ecdc \u0111\u01b0\u1ee3c nhi\u1ec1u \u0111i\u1ec1u b\u1ed5 \u00edch t\u1eeb c\u00f4ng vi\u1ec7c t\u01b0\u1edfng ch\u1eebng \u0111\u01a1n gi\u1ea3n n\u00e0y \u0111\u1ea5y.<\/p>\n<p>Nh\u1eefng c\u00e2u chuy\u1ec7n h\u1eb1ng ng\u00e0y \u0111\u01a1n gi\u1ea3n, nh\u01b0ng l\u1ea1i r\u00e8n \u0111\u01b0\u1ee3c cho tr\u1ebb nh\u1eefng k\u0129 n\u0103ng b\u1ed5 \u00edch, h\u01a1n n\u1eefa l\u1ea1i trau d\u1ed3i cho b\u00e9 t\u00ecnh y\u00eau gia \u0111\u00ecnh, t\u00ednh tr\u00e1ch nhi\u1ec7m s\u1ef1 c\u1ea3m th\u00f4ng v\u00e0 t\u00ecnh y\u00eau th\u01b0\u01a1ng n\u1eefa.  <div class=\"banner-grid-wrapper\">\n  <div id=\"banner-grid-923362957\" class=\"banner-grid row row-grid row-small\" data-packery-options=\"\">\n            <style>\n    #banner-grid-923362957 .grid-col-1{height: 600px}\n    #banner-grid-923362957 .grid-col-1-2{height: 300px}\n    #banner-grid-923362957 .grid-col-1-3{height:200px}\n    #banner-grid-923362957 .grid-col-2-3{height: 400px}\n    #banner-grid-923362957 .grid-col-1-4{height: 150px}\n    #banner-grid-923362957 .grid-col-3-4{height: 450px}\n\n\n        \/* Tablet *\/\n    @media (max-width: 850px){\n      #banner-grid-923362957 .grid-col-1{height: 400px}\n      #banner-grid-923362957 .grid-col-1-2{height: 200px}\n      #banner-grid-923362957 .grid-col-1-3{height:133.33333333333px}\n      #banner-grid-923362957 .grid-col-2-3{height: 266.66666666667px}\n      #banner-grid-923362957 .grid-col-1-4{height: 100px}\n      #banner-grid-923362957 .grid-col-3-4{height: 300px}\n    }\n    \n        \/* Mobile *\/\n    @media (max-width: 550px){\n      #banner-grid-923362957 .grid-col-1{height: 400px}\n      #banner-grid-923362957 .grid-col-1-2{height: 200px}\n      #banner-grid-923362957 .grid-col-1-3{height:133.33333333333px}\n      #banner-grid-923362957 .grid-col-2-3{height: 266.66666666667px}\n      #banner-grid-923362957 .grid-col-1-4{height: 100px}\n      #banner-grid-923362957 .grid-col-3-4{height: 300px}\n    }\n    \n\n  <\/style>\n    <\/div>\n    <style>\n    #banner-grid-923362957 .grid-col-1{height: 600px}\n    #banner-grid-923362957 .grid-col-1-2{height: 300px}\n    #banner-grid-923362957 .grid-col-1-3{height:200px}\n    #banner-grid-923362957 .grid-col-2-3{height: 400px}\n    #banner-grid-923362957 .grid-col-1-4{height: 150px}\n    #banner-grid-923362957 .grid-col-3-4{height: 450px}\n\n\n    \n    \n\n  <\/style>\n    <\/div>\n  \n","protected":false},"excerpt":{"rendered":"<p>Ch\u00fang m\u00ecnh l\u1edbn r\u1ed3i \u2013 S\u00e1ch Ehon c\u00f9ng con tr\u00ean h\u00e0nh tr\u00ecnh l\u1edbn kh\u00f4n<\/p>\n<p>\u201cCh\u00fang m\u00ecnh l\u1edbn r\u1ed3i\u201d l\u00e0 nh\u1eefng c\u00e2u chuy\u1ec7n quen thu\u1ed9c c\u1ee7a nh\u1eefng b\u00e9 trong giai \u0111o\u1ea1n m\u1ea7m non t\u1eeb 3 &#8211; 6 tu\u1ed5i, gi\u00fap b\u00e9 t\u1eebng b\u01b0\u1edbc kh\u00e1m ph\u00e1 b\u1ea3n th\u00e2n v\u00e0 th\u1ebf gi\u1edbi xung quanh c\u0169ng nh\u01b0 r\u00e8n luy\u1ec7n t\u00ednh t\u1ef1 l\u1eadp t\u1eeb s\u1edbm. B\u1ed1 m\u1eb9 h\u00e3y c\u00f9ng con tr\u00ean h\u00e0nh tr\u00ecnh l\u1edbn kh\u00f4n qua nh\u1eefng trang s\u00e1ch Ehon \u0111\u1ea7y m\u00e0u s\u1eafc nh\u00e9!<\/p>\n<p>B\u1ed9 s\u00e1ch Ehon \u201cCh\u00fang m\u00ecnh l\u1edbn r\u1ed3i\u201d d\u00e0nh cho tr\u1ebb t\u1eeb 3 &#8211; 6 tu\u1ed5i<\/p>\n<p>\u201cCh\u00fang m\u00ecnh l\u1edbn r\u1ed3i\u201d l\u00e0 b\u1ed9 s\u00e1ch Ehon 4 cu\u1ed1n g\u1ed3m \u201cD\u1ecdn \u0111\u1ed3 ch\u01a1i n\u00e0o!\u201d, \u201c\u0110i c\u00e2u c\u00e1 v\u1edbi b\u1ed1\u201d, \u201cTr\u01b0\u1eddng m\u1eabu gi\u00e1o c\u1ee7a t\u1edb\u201d, \u201cCh\u1ecb v\u00e0 em b\u00e9\u201d d\u00e0nh cho tr\u1ebb t\u1eeb 3-6 tu\u1ed5i. Nh\u1eefng c\u00e2u chuy\u1ec7n Ehon n\u00e0y s\u1ebd gi\u00fap ph\u00e1t tri\u1ec3n Th\u00f9y \u0110\u1ec9nh \u2013 ph\u1ea7n n\u00e3o c\u00f3 ch\u1ee9c n\u0103ng \u0111i\u1ec1u khi\u1ec3n c\u00e1c ch\u1ee9c n\u0103ng v\u1eadn \u0111\u1ed9ng to\u00e0n th\u00e2n, s\u1ef1 linh ho\u1ea1t c\u1ee7a c\u01a1 th\u1ec3, n\u00e2ng cao th\u1ec3 ch\u1ea5t cho tr\u1ebb, t\u1ea1o ti\u1ec1n \u0111\u1ec1 ph\u00e1t tri\u1ec3n t\u1ed1i \u0111a tr\u00ed tu\u1ec7 v\u00e0 s\u1ee9c kh\u1ecfe. T\u1eeb c\u00e1c c\u00e2u chuy\u1ec7n h\u1eb1ng ng\u00e0y \u0111\u01a1n gi\u1ea3n, b\u00e9 \u0111\u01b0\u1ee3c r\u00e8n t\u00ednh t\u1ef1 l\u1eadp v\u00e0 tr\u00e1ch nhi\u1ec7m qua nh\u1eefng k\u1ef9 n\u0103ng b\u1ed5 \u00edch. B\u00e9 c\u00f2n \u0111\u01b0\u1ee3c trau d\u1ed3i t\u00ecnh y\u00eau gia \u0111\u00ecnh, s\u1ef1 c\u1ea3m th\u00f4ng, chia s\u1ebb v\u1edbi nh\u1eefng ng\u01b0\u1eddi xung quanh.<\/p>\n<p>Tr\u1ebb em d\u00f9 b\u00e9 t\u00ed x\u00edu xiu nh\u01b0ng trong suy ngh\u0129 c\u1ee7a con s\u1ebd lu\u00f4n t\u00f2 m\u00f2 v\u00e0 mong mu\u1ed1n tr\u1edf th\u00e0nh ng\u01b0\u1eddi l\u1edbn. \u0110\u1ed1i v\u1edbi tr\u1ebb, th\u1ebf gi\u1edbi c\u1ee7a ng\u01b0\u1eddi l\u1edbn th\u1eadt nhi\u1ec7m m\u00e0u, t\u1ef1 do v\u00e0 c\u1ea3 tr\u00e1ch nhi\u1ec7m n\u1eefa. \u0110\u1eb7c bi\u1ec7t \u1edf giai \u0111o\u1ea1n m\u1eabu gi\u00e1o, con s\u1ebd l\u1edbn r\u1ea5t nhanh v\u1ec1 c\u1ea3 suy ngh\u0129 v\u00e0 th\u1ec3 ch\u1ea5t. V\u00ec v\u1eady, vai tr\u00f2 c\u1ee7a b\u1ed1 m\u1eb9 trong th\u1eddi k\u1ef3 n\u00e0y r\u1ea5t quan tr\u1ecdng \u0111\u1ec3 gi\u00fap \u0111\u1ecbnh h\u00ecnh t\u00ednh c\u00e1ch v\u00e0 nu\u00f4i d\u01b0\u1ee1ng t\u00e2m h\u1ed3n c\u00e1c b\u00e9 tr\u1edf th\u00e0nh nh\u1eefng em b\u00e9 c\u00f3 tr\u00e1ch nhi\u1ec7m, t\u1ef1 l\u1eadp v\u00e0 gi\u00e0u l\u00f2ng y\u00eau th\u01b0\u01a1ng \u0111\u1ea5y. D\u00f9 cu\u1ed9c s\u1ed1ng b\u1ed9n b\u1ec1 nh\u01b0ng b\u1ed1 m\u1eb9 h\u00e3y d\u00e0nh v\u00e0i ph\u00fat \u0111\u1ecdc s\u00e1ch Ehon c\u00f9ng con \u0111\u1ec3 nu\u00f4i d\u01b0\u1ee1ng t\u00e2m h\u1ed3n v\u00e0 tr\u00ed tu\u1ec7 b\u00e9 ng\u00e0y m\u1ed9t l\u1edbn kh\u00f4n nh\u00e9!<\/p>\n","protected":false},"featured_media":1925,"template":"","meta":{"_acf_changed":false},"product_brand":[],"product_cat":[24,17],"product_tag":[81],"class_list":{"0":"post-1931","1":"product","2":"type-product","3":"status-publish","4":"has-post-thumbnail","6":"product_cat-nha-tre-mau-giao-0-tuoi-6-tuoi","7":"product_cat-sach-danh-cho-cac-be","8":"product_tag-sach-gia-uu-dai","10":"first","11":"instock","12":"sale","13":"taxable","14":"shipping-taxable","15":"purchasable","16":"product-type-simple"},"supplier_id":null,"supplier_sku":"","barcode":null,"atum_controlled":true,"out_stock_date":null,"out_stock_threshold":null,"inheritable":false,"inbound_stock":0,"stock_on_hold":0,"sold_today":0,"sales_last_days":0,"reserved_stock":0,"customer_returns":0,"warehouse_damage":0,"lost_in_post":0,"other_logs":0,"out_stock_days":0,"lost_sales":0,"has_location":false,"update_date":"2026-01-28T23:11:31","atum_locations":[],"atum_stock_status":"instock","restock_status":false,"low_stock_amount":"","sales_update_date":"2026-01-28T23:11:31","calc_backorders":null,"acf":{"publisher":{"ID":1420,"post_author":"1","post_date":"2021-02-16 23:03:17","post_date_gmt":"2021-02-16 21:03:17","post_content":"<!-- wp:flatsome\/uxbuilder -->\n<h1 style=\"text-align: center\"><strong>WABOOKS<\/strong><\/h1>\n[ux_image id=\"1430\"]\n\n[gap]\n\n<p style=\"text-align: left\">Wabooks l\u00e0 c\u00f4ng ty s\u00e1ch ho\u1ea1t \u0111\u1ed9ng chuy\u00ean nghi\u1ec7p trong l\u0129nh v\u1ef1c xu\u1ea5t b\u1ea3n s\u00e1ch. Ph\u1ea7n l\u1edbn ngu\u1ed3n l\u1ef1c c\u1ee7a c\u00f4ng ty \u0111\u1ea7u t\u01b0 v\u00e0o nghi\u00ean c\u1ee9u, mua b\u1ea3n quy\u1ec1n, d\u1ecbch v\u00e0 xu\u1ea5t b\u1ea3n c\u00e1c \u1ea5n ph\u1ea9m v\u0103n h\u00f3a, tri th\u1ee9c c\u1ee7a Nh\u1eadt B\u1ea3n t\u1ea1i Vi\u1ec7t Nam. Wabooks lu\u00f4n kh\u00f4ng ng\u1eebng n\u1ed7 l\u1ef1c mang \u0111\u1ebfn nh\u1eefng s\u1ea3n ph\u1ea9m c\u00f3 ch\u1ea5t l\u01b0\u1ee3ng v\u00e0 d\u1ecbch v\u1ee5 ho\u00e0n h\u1ea3o, mang \u0111\u1ebfn s\u1ef1 h\u00e0i l\u00f2ng cho kh\u00e1ch h\u00e0ng c\u0169ng nh\u01b0 \u0111\u00f3ng g\u00f3p cho \u0111\u1ea5t n\u01b0\u1edbc t\u1ed1t \u0111\u1eb9p h\u01a1n th\u00f4ng qua nh\u1eefng gi\u00e1 tr\u1ecb m\u00e0 c\u00f4ng ty \u0111ang kh\u00f4ng ng\u1eebng theo \u0111u\u1ed5i.<\/p>\n[row]\n\n[col span=\"6\" span__sm=\"12\"]\n\n[ux_image id=\"2068\"]\n\n\n[\/col]\n[col span=\"6\" span__sm=\"12\"]\n\n<p>Anh Goto Daishi th\u00ec tin r\u1eb1ng ch\u1ec9 c\u00f3 s\u00e1ch m\u1edbi khi\u1ebfn con ng\u01b0\u1eddi ta tr\u1edf n\u00ean v\u0103n minh v\u00e0 ti\u1ebfn b\u1ed9, c\u00f2n anh Nguy\u1ec5n Tu\u1ea5n Anh th\u00ec cho r\u1eb1ng ch\u00fang ta ph\u1ea3i mang s\u00e1ch \u0111\u1ebfn n\u01a1i m\u00e0 ng\u01b0\u1eddi ta th\u1ef1c s\u1ef1 c\u1ea7n, chia s\u1ebb nh\u1eefng gi\u00e1 tr\u1ecb m\u00e0 ng\u01b0\u1eddi kh\u00e1c \u0111ang thi\u1ebfu, \u0111\u00f3 l\u00e0 c\u00e1ch \u0111\u1ec3 ch\u00fang ta ho\u00e0n thi\u1ec7n con ng\u01b0\u1eddi v\u00e0 g\u00f3p ph\u1ea7n l\u00e0m cho x\u00e3 h\u1ed9i ho\u00e0n thi\u1ec7n h\u01a1n.\u00a0<\/p>\n<p>May m\u1eafn r\u1eb1ng<strong> SACHVIET.EU\u00a0<\/strong>\u0111\u00e3 c\u00f3 c\u01a1 h\u1ed9i \u0111\u01b0\u1ee3c anh Nguy\u1ec5n Tu\u1ea5n Anh h\u1ee3p t\u00e1c gi\u00fap \u0111\u1ee1 h\u1ebft m\u00ecnh \u0111\u1ec3 The Stations c\u00f3 th\u1ec3 d\u1ec5 d\u00e0ng \u0111\u01b0a nh\u1eefng cu\u1ed1n s\u00e1ch ehon sang ph\u1ee5c v\u1ee5 nhu c\u1ea7u c\u1ee7a ng\u01b0\u1eddi Vi\u1ec7t t\u1ea1i Ch\u00e2u \u00c2u. V\u00e0 kh\u00f4ng g\u00ec vui m\u1eebng h\u01a1n l\u00e0 nh\u1eefng b\u1ea1n \u0111\u1ed9c gi\u1ea3 nh\u00ed c\u00f3 th\u1ec3 ti\u1ebfp c\u1eadn v\u00e0 c\u1ea7m tr\u00ean tay nh\u1eefng cu\u1ed1n s\u00e1ch ch\u1ea5t l\u01b0\u1ee3ng \u0111\u01b0\u1ee3c \u0111\u1ea7u t\u01b0 t\u1ec9 m\u1ec9, k\u1ef9 c\u00e0ng ch\u1ec9n chu v\u1ec1 c\u1ea3 n\u1ed9i dung l\u1eabn h\u00ecnh th\u1ee9c b\u1eb1ng ti\u1ebfng Vi\u1ec7t.<\/p>\n<p><strong>SACHVIET.EU<\/strong> lu\u00f4n tin t\u01b0\u1edfng r\u1eb1ng ng\u00f4n ng\u1eef m\u1eb9 \u0111\u1ebb lu\u00f4n l\u00e0 th\u1ee9 ng\u00f4n ng\u1eef thi\u00eang li\u00eang nh\u1ea5t v\u00e0 lu\u00f4n mong mu\u1ed1n c\u00e1c \u0111\u1ed9c gi\u1ea3 Vi\u1ec7t c\u00f3 c\u01a1 h\u1ed9i \u0111\u01b0\u1ee3c s\u1edf h\u1eefu nh\u1eefng cu\u1ed1n s\u00e1ch b\u1ea3n quy\u1ec1n \u0111\u1ea7y ch\u1ea5t l\u01b0\u1ee3ng b\u00e1n s\u1eb5n t\u1ea1i Ch\u00e2u \u00c2u<\/p>\n<p>\u00a0<\/p>\n\n[\/col]\n\n[\/row]\n\n<!-- \/wp:flatsome\/uxbuilder -->","post_title":"Wabooks","post_excerpt":"","post_status":"publish","comment_status":"closed","ping_status":"closed","post_password":"","post_name":"wabooks","to_ping":"","pinged":"","post_modified":"2022-12-19 22:37:02","post_modified_gmt":"2022-12-19 20:37:02","post_content_filtered":"","post_parent":0,"guid":"https:\/\/sachviet.eu\/?post_type=publisher&#038;p=1420","menu_order":0,"post_type":"publisher","post_mime_type":"","comment_count":"0","filter":"raw"}},"_links":{"self":[{"href":"https:\/\/sachviet.eu\/en\/wp-json\/wp\/v2\/product\/1931","targetHints":{"allow":["GET"]}}],"collection":[{"href":"https:\/\/sachviet.eu\/en\/wp-json\/wp\/v2\/product"}],"about":[{"href":"https:\/\/sachviet.eu\/en\/wp-json\/wp\/v2\/types\/product"}],"wp:featuredmedia":[{"embeddable":true,"href":"https:\/\/sachviet.eu\/en\/wp-json\/wp\/v2\/media\/1925"}],"wp:attachment":[{"href":"https:\/\/sachviet.eu\/en\/wp-json\/wp\/v2\/media?parent=1931"}],"wp:term":[{"taxonomy":"product_brand","embeddable":true,"href":"https:\/\/sachviet.eu\/en\/wp-json\/wp\/v2\/product_brand?post=1931"},{"taxonomy":"product_cat","embeddable":true,"href":"https:\/\/sachviet.eu\/en\/wp-json\/wp\/v2\/product_cat?post=1931"},{"taxonomy":"product_tag","embeddable":true,"href":"https:\/\/sachviet.eu\/en\/wp-json\/wp\/v2\/product_tag?post=1931"}],"curies":[{"name":"wp","href":"https:\/\/api.w.org\/{rel}","templated":true}]}}