{"id":19282,"date":"2022-05-08T16:38:23","date_gmt":"2022-05-08T13:38:23","guid":{"rendered":"https:\/\/sachviet.eu\/shop\/phien-ban-dac-biet-anh-dung-quyen-ru-toi-tron-bo-3-tap\/"},"modified":"2022-12-19T14:23:29","modified_gmt":"2022-12-19T12:23:29","slug":"phien-ban-dac-biet-anh-dung-quyen-ru-toi-tron-bo-3-tap","status":"publish","type":"product","link":"https:\/\/sachviet.eu\/en\/shop\/phien-ban-dac-biet-anh-dung-quyen-ru-toi-tron-bo-3-tap\/","title":{"rendered":"PHI\u00caN B\u1ea2N \u0110\u1eb6C BI\u1ec6T &#8211; ANH \u0110\u1eeaNG QUY\u1ebeN R\u0168 T\u00d4I &#8211; TR\u1eccN B\u1ed8 3 T\u1eacP"},"content":{"rendered":"<p>\u0110\u00f4i n\u00e9t t\u00e1c gi\u1ea3<\/p>\n<p>Ti\u00eau \u0110\u01b0\u1eddng \u0110\u00f4ng Qua l\u00e0 m\u1ed9t t\u00e1c gi\u1ea3 c\u1ee7a trang web v\u0103n h\u1ecdc m\u1ea1ng T\u1ea5n Giang. C\u00f4 n\u1ed5i ti\u1ebfng v\u1edbi c\u00e1ch mi\u00eau t\u1ea3 t\u00ecnh c\u1ea3m tinh t\u1ebf m\u00e0 kh\u00f4ng k\u00e9m ph\u1ea7n h\u1ed3i h\u1ed9p. T\u00ecnh y\u00eau d\u01b0\u1edbi ng\u00f2i b\u00fat c\u1ee7a c\u00f4 kh\u00f4ng qu\u00e1 gay c\u1ea5n k\u1ecbch t\u00ednh nh\u01b0ng v\u1eabn l\u01b0u l\u1ea1i \u1ea5n t\u01b0\u1ee3ng s\u00e2u s\u1eafc trong l\u00f2ng ng\u01b0\u1eddi \u0111\u1ecdc.V\u0103n phong c\u1ee7a c\u00f4 theo phong c\u00e1ch \u00c2u M\u1ef9, m\u1ea1nh m\u1ebd s\u00fac t\u00edch m\u00e0 v\u1eabn sinh \u0111\u1ed9ng t\u1ef1 nhi\u00ean, l\u1ed1i k\u1ec3 chuy\u1ec7n nh\u01b0 m\u00e2y bay n\u01b0\u1edbc ch\u1ea3y, nh\u01b0 r\u01b0\u1ee3u vang \u1ee7 l\u00e2u n\u0103m khi\u1ebfn ng\u01b0\u1eddi \u0111\u1ecdc v\u00e1ng v\u1ea5t. C\u00e1c nh\u00e2n v\u1eadt c\u1ee7a c\u00f4 \u0111a ph\u1ea7n mang t\u00ednh c\u00e1ch t\u01b0\u01a1i s\u00e1ng \u0111\u00e1ng y\u00eau, thi\u1ebft l\u1eadp couple ch\u1ee7 y\u1ebfu l\u00e0 c\u01b0\u1eddng &#8211; c\u01b0\u1eddng.<\/p>\n","protected":false},"excerpt":{"rendered":"<p>Evan Hunt m\u01b0\u1eddi t\u00e1m tu\u1ed5i v\u1eeba gia nh\u1eadp l\u00e0ng F1 kh\u00f4ng l\u00e2u, l\u00e0 m\u1ed9t tay \u0111ua g\u00e0 m\u1edd ch\u1eb3ng ghi n\u1ed5i t\u00ean l\u00ean b\u1ea3ng th\u00e0nh t\u00edch. Th\u1ebf m\u00e0 kh\u00f4ng hi\u1ec3u t\u1ea1i sao Vann Winston &#8211; v\u1ecb t\u01b0\u1edbng tr\u1ebb tu\u1ed5i c\u1ee7a \u0111\u1ed9i \u0111ua Ferrari \u0111\u1eb3ng c\u1ea5p, ng\u01b0\u1eddi \u0111\u01b0\u1ee3c m\u1ec7nh danh l\u00e0 thi\u00ean v\u01b0\u01a1ng t\u01b0\u01a1ng lai c\u1ee7a l\u00e0ng F1 &#8211; d\u01b0\u1eddng nh\u01b0 l\u1ea1i c\u1ee9 t\u00ecm c\u00e1ch ti\u1ebfp c\u1eadn.Hunt \u00f4m m\u1ed9t b\u1ee5ng \u0111\u1ea7y th\u1eafc m\u1eafc, ch\u01b0a n\u00f3i \u0111\u1ebfn chuy\u1ec7n h\u1eafn hi\u1ec3u r\u1ea5t r\u00f5 v\u1ec1 c\u1eadu, ch\u1ec9 x\u00e9t ri\u00eang vi\u1ec7c hai ng\u01b0\u1eddi nh\u01b0 hai th\u1ebf gi\u1edbi kh\u00e1c bi\u1ec7t kh\u00f4ng c\u00f9ng tr\u00ecnh \u0111\u1ed9, c\u1eadu \u0111\u00e3 ch\u1eb3ng t\u00ecm \u0111\u01b0\u1ee3c l\u00fd do g\u00ec khi\u1ebfn Winston mu\u1ed1n t\u1edbi g\u1ea7n m\u00ecnh.\u201cTh\u1ee9 nh\u1ea5t, c\u1eadu l\u00e0 \u0111\u1ed1i th\u1ee7 duy nh\u1ea5t c\u00f3 th\u1ec3 v\u01b0\u1ee3t qua t\u00f4i tr\u00ean \u0111\u01b0\u1eddng \u0111ua.Th\u1ee9 hai, t\u00f4i mu\u1ed1n t\u00e1n c\u1eadu.Th\u1ee9 ba, t\u00f4i mu\u1ed1n l\u00e0m b\u1ea1n v\u1edbi c\u1eadu. C\u1eadu c\u1ea3m th\u1ea5y l\u00fd do th\u1ee9 m\u1ea5y l\u00e0 th\u1eadt?\u201d<\/p>\n<p>Phi\u00ean b\u1ea3n \u0111\u1eb7c bi\u1ec7t bao g\u1ed3m :<br \/>\n&#8211; 3 S\u00e1ch b\u00eca c\u1ee9ng + B\u00eca \u00e1o ph\u1ee7 nh\u0169<br \/>\n&#8211; 1 Boxset 3 t\u1eadp (l\u1ed9 g\u00e1y s\u00e1ch)<br \/>\n&#8211; 3 Bookmark ch\u1eef nh\u1eadt (k\u00e8m s\u00e1ch)<br \/>\n&#8211; 3 Postcard 2 m\u1eb7t<br \/>\n&#8211; 2 Bookmark b\u1ebf h\u00ecnh<br \/>\n&#8211; 1 Standee chibi hologram<br \/>\n&#8211; 3 Shikishi b\u00eca vi\u1ec1n hologram<br \/>\n&#8211; 1 L\u00f3t ly g\u1ed1m<br \/>\n&#8211; 2 Huy hi\u1ec7u Galaxy<br \/>\n&#8211; 1 Gi\u00e1 \u0111\u1ee1 \u0111i\u1ec7n tho\u1ea1i<\/p>\n","protected":false},"featured_media":19281,"template":"","meta":{"_acf_changed":false},"product_brand":[],"product_cat":[73,15],"product_tag":[],"class_list":{"0":"post-19282","1":"product","2":"type-product","3":"status-publish","4":"has-post-thumbnail","6":"product_cat-dam-my-ngon-tinh","7":"product_cat-sach-danh-cho-nguoi-lon","9":"first","10":"outofstock","11":"taxable","12":"shipping-taxable","13":"purchasable","14":"product-type-simple"},"supplier_id":null,"supplier_sku":"","barcode":null,"atum_controlled":true,"out_stock_date":"2022-05-08 14:46:31","out_stock_threshold":null,"inheritable":false,"inbound_stock":0,"stock_on_hold":0,"sold_today":0,"sales_last_days":0,"reserved_stock":0,"customer_returns":0,"warehouse_damage":0,"lost_in_post":0,"other_logs":0,"out_stock_days":1361,"lost_sales":0,"has_location":false,"update_date":"2026-01-28T23:11:06","atum_locations":[],"atum_stock_status":"outofstock","restock_status":false,"low_stock_amount":"","sales_update_date":"2026-01-28T23:11:06","calc_backorders":null,"acf":{"publisher":{"ID":18787,"post_author":"1","post_date":"2022-04-21 20:38:58","post_date_gmt":"2022-04-21 17:38:58","post_content":"","post_title":"C\u1ea9m Phong Book","post_excerpt":"","post_status":"publish","comment_status":"closed","ping_status":"closed","post_password":"","post_name":"cam-phong-book","to_ping":"","pinged":"","post_modified":"2022-04-21 20:38:58","post_modified_gmt":"2022-04-21 17:38:58","post_content_filtered":"","post_parent":0,"guid":"https:\/\/sachviet.eu\/nha-phat-hanh\/cam-phong-book\/","menu_order":0,"post_type":"publisher","post_mime_type":"","comment_count":"0","filter":"raw"}},"_links":{"self":[{"href":"https:\/\/sachviet.eu\/en\/wp-json\/wp\/v2\/product\/19282","targetHints":{"allow":["GET"]}}],"collection":[{"href":"https:\/\/sachviet.eu\/en\/wp-json\/wp\/v2\/product"}],"about":[{"href":"https:\/\/sachviet.eu\/en\/wp-json\/wp\/v2\/types\/product"}],"wp:featuredmedia":[{"embeddable":true,"href":"https:\/\/sachviet.eu\/en\/wp-json\/wp\/v2\/media\/19281"}],"wp:attachment":[{"href":"https:\/\/sachviet.eu\/en\/wp-json\/wp\/v2\/media?parent=19282"}],"wp:term":[{"taxonomy":"product_brand","embeddable":true,"href":"https:\/\/sachviet.eu\/en\/wp-json\/wp\/v2\/product_brand?post=19282"},{"taxonomy":"product_cat","embeddable":true,"href":"https:\/\/sachviet.eu\/en\/wp-json\/wp\/v2\/product_cat?post=19282"},{"taxonomy":"product_tag","embeddable":true,"href":"https:\/\/sachviet.eu\/en\/wp-json\/wp\/v2\/product_tag?post=19282"}],"curies":[{"name":"wp","href":"https:\/\/api.w.org\/{rel}","templated":true}]}}