{"id":19280,"date":"2022-05-08T16:38:17","date_gmt":"2022-05-08T13:38:17","guid":{"rendered":"https:\/\/sachviet.eu\/shop\/bo-sach-xon-xao-dau-doi-tron-bo-4-cuon\/"},"modified":"2022-12-19T14:23:44","modified_gmt":"2022-12-19T12:23:44","slug":"bo-sach-xon-xao-dau-doi-tron-bo-4-cuon","status":"publish","type":"product","link":"https:\/\/sachviet.eu\/en\/shop\/bo-sach-xon-xao-dau-doi-tron-bo-4-cuon\/","title":{"rendered":"B\u1ed9 s\u00e1ch X\u00f4n Xao \u0110\u1ea7u \u0110\u1eddi &#8211; Tr\u1ecdn b\u1ed9 4 cu\u1ed1n"},"content":{"rendered":"<p>Khi n\u00e0o b\u00e9 n\u00ean n\u00f3i \u201cc\u00f3\u201d v\u00e0 khi n\u00e0o b\u00e9 n\u00ean n\u00f3i \u201ckh\u00f4ng\u201d?<br \/>\nKhi n\u00e0o b\u00e9 c\u00f3 th\u1ec3 l\u00e0m m\u1ed9t vi\u1ec7c v\u00e0 khi n\u00e0o b\u00e9 kh\u00f4ng th\u1ec3?<br \/>\nLi\u1ec7u b\u00e9 c\u00f3 th\u1ec3 l\u1eafng nghe khi ai \u0111\u00f3 n\u00f3i \u201ckh\u00f4ng\u201d v\u1edbi m\u00ecnh?<br \/>\nNh\u1eefng b\u00ed m\u1eadt nho nh\u1ecf n\u00e0o hay ho, nh\u1eefng b\u00ed m\u1eadt n\u00e0o kh\u00f4ng?<br \/>\nCu\u1ed1n s\u00e1ch n\u00e0y s\u1ebd d\u1ea1y b\u00e9 m\u1ed9t \u0111i\u1ec1u: B\u00e9 ch\u00ednh l\u00e0 ch\u1ee7 c\u1ee7a c\u01a1 th\u1ec3 m\u00ecnh.<\/p>\n<p>\u201cV\u1edbi b\u1ed9 s\u00e1ch b\u1ed1n t\u1eadp X\u00f4n Xao \u0110\u1ea7u \u0110\u1eddi, Pauline Oud gi\u1edbi thi\u1ec7u v\u1edbi tr\u1ebb \u1edf \u0111\u1ed9 tu\u1ed5i thi\u1ebfu nhi v\u1ec1 c\u01a1 th\u1ec3 c\u1ee7a ch\u00ednh c\u00e1c em, s\u1ef1 sinh s\u1ea3n, s\u1ee9c m\u1ea1nh tinh th\u1ea7n v\u00e0 l\u00f2ng t\u1ef1 tin, gia \u0111\u00ecnh v\u00e0 c\u00e1c m\u1ed1i quan h\u1ec7, c\u0169ng nh\u01b0 c\u00e1c c\u1ea3m x\u00fac theo m\u1ed9t c\u00e1ch s\u00e1ng r\u00f5 v\u00e0 gi\u00e0u t\u00ednh t\u01b0\u01a1ng t\u00e1c. M\u1ed7i t\u1eadp xoay quanh m\u1ed9t ch\u1ee7 \u0111\u1ec1 ch\u00ednh v\u00e0 c\u1ea3 b\u1ed9 s\u00e1ch t\u1ea1o th\u00e0nh n\u1ec1n t\u1ea3ng cho s\u1ef1 ph\u00e1t tri\u1ec3n t\u00ednh d\u1ee5c l\u00e0nh m\u1ea1nh. M\u00e0 kh\u00f4ng ch\u1ec9 n\u00f3i \u201cqua qua\u201d, b\u1ed9 s\u00e1ch n\u00f3i cho \u201cra v\u1ea5n \u0111\u1ec1\u201d \u0111\u1ea5y nh\u00e9!\u201d &#8211; PGS TS Tr\u1ea7n Th\u00e0nh Nam &#8211; Chuy\u00ean gia T\u00e2m l\u00fd, GK Khoa h\u1ecdc Si\u00eau Tr\u00ed tu\u1ec7 Vi\u1ec7t Nam<\/p>\n<p>T\u00ecm \u0111\u1ecdc b\u1ed9 s\u00e1ch \u201cX\u00f4n xao \u0111\u1ea7u \u0111\u1eddi\u201d (4 Cu\u1ed1n):<br \/>\nX\u00f4n Xao \u0110\u1ea7u \u0110\u1eddi: Em B\u00e9 T\u1eeb \u0110\u00e2u \u0110\u1ebfn<br \/>\nX\u00f4n Xao \u0110\u1ea7u \u0110\u1eddi: Gia \u0110\u00ecnh B\u1ea1n &#8211; Gia \u0110\u00ecnh T\u1edb<br \/>\nX\u00f4n Xao \u0110\u1ea7u \u0110\u1eddi: Khi N\u00e0o N\u00ean N\u00f3i C\u00f3, Khi N\u00e0o N\u00ean N\u00f3i Kh\u00f4ng<br \/>\nX\u00f4n Xao \u0110\u1ea7u \u0110\u1eddi: T\u1ea5t T\u1ea7n T\u1eadt V\u1ec1 C\u01a1 Th\u1ec3 B\u00e9<\/p>\n","protected":false},"excerpt":{"rendered":"<p>Khi n\u00e0o b\u00e9 n\u00ean n\u00f3i \u201cc\u00f3\u201d v\u00e0 khi n\u00e0o b\u00e9 n\u00ean n\u00f3i \u201ckh\u00f4ng\u201d?<br \/>\nKhi n\u00e0o b\u00e9 c\u00f3 th\u1ec3 l\u00e0m m\u1ed9t vi\u1ec7c v\u00e0 khi n\u00e0o b\u00e9 kh\u00f4ng th\u1ec3?<br \/>\nLi\u1ec7u b\u00e9 c\u00f3 th\u1ec3 l\u1eafng nghe khi ai \u0111\u00f3 n\u00f3i \u201ckh\u00f4ng\u201d v\u1edbi m\u00ecnh?<br \/>\nNh\u1eefng b\u00ed m\u1eadt nho nh\u1ecf n\u00e0o hay ho, nh\u1eefng b\u00ed m\u1eadt n\u00e0o kh\u00f4ng?<br \/>\nCu\u1ed1n s\u00e1ch n\u00e0y s\u1ebd d\u1ea1y b\u00e9 m\u1ed9t \u0111i\u1ec1u: B\u00e9 ch\u00ednh l\u00e0 ch\u1ee7 c\u1ee7a c\u01a1 th\u1ec3 m\u00ecnh.<\/p>\n<p>\u201cV\u1edbi b\u1ed9 s\u00e1ch b\u1ed1n t\u1eadp X\u00f4n Xao \u0110\u1ea7u \u0110\u1eddi, Pauline Oud gi\u1edbi thi\u1ec7u v\u1edbi tr\u1ebb \u1edf \u0111\u1ed9 tu\u1ed5i thi\u1ebfu nhi v\u1ec1 c\u01a1 th\u1ec3 c\u1ee7a ch\u00ednh c\u00e1c em, s\u1ef1 sinh s\u1ea3n, s\u1ee9c m\u1ea1nh tinh th\u1ea7n v\u00e0 l\u00f2ng t\u1ef1 tin, gia \u0111\u00ecnh v\u00e0 c\u00e1c m\u1ed1i quan h\u1ec7, c\u0169ng nh\u01b0 c\u00e1c c\u1ea3m x\u00fac theo m\u1ed9t c\u00e1ch s\u00e1ng r\u00f5 v\u00e0 gi\u00e0u t\u00ednh t\u01b0\u01a1ng t\u00e1c. M\u1ed7i t\u1eadp xoay quanh m\u1ed9t ch\u1ee7 \u0111\u1ec1 ch\u00ednh v\u00e0 c\u1ea3 b\u1ed9 s\u00e1ch t\u1ea1o th\u00e0nh n\u1ec1n t\u1ea3ng cho s\u1ef1 ph\u00e1t tri\u1ec3n t\u00ednh d\u1ee5c l\u00e0nh m\u1ea1nh. M\u00e0 kh\u00f4ng ch\u1ec9 n\u00f3i \u201cqua qua\u201d, b\u1ed9 s\u00e1ch n\u00f3i cho \u201cra v\u1ea5n \u0111\u1ec1\u201d \u0111\u1ea5y nh\u00e9!\u201d &#8211; PGS TS Tr\u1ea7n Th\u00e0nh Nam &#8211; Chuy\u00ean gia T\u00e2m l\u00fd, GK Khoa h\u1ecdc Si\u00eau Tr\u00ed tu\u1ec7 Vi\u1ec7t Nam<\/p>\n","protected":false},"featured_media":19279,"template":"","meta":{"_acf_changed":false},"product_brand":[],"product_cat":[25,17],"product_tag":[],"class_list":{"0":"post-19280","1":"product","2":"type-product","3":"status-publish","4":"has-post-thumbnail","6":"product_cat-nhi-dong-6-tuoi-12-tuoi","7":"product_cat-sach-danh-cho-cac-be","9":"first","10":"outofstock","11":"taxable","12":"shipping-taxable","13":"purchasable","14":"product-type-simple"},"supplier_id":null,"supplier_sku":"","barcode":null,"atum_controlled":true,"out_stock_date":"2022-10-17 04:23:45","out_stock_threshold":null,"inheritable":false,"inbound_stock":0,"stock_on_hold":0,"sold_today":0,"sales_last_days":0,"reserved_stock":0,"customer_returns":0,"warehouse_damage":0,"lost_in_post":0,"other_logs":0,"out_stock_days":1199,"lost_sales":0,"has_location":false,"update_date":"2026-01-28T23:11:06","atum_locations":[],"atum_stock_status":"outofstock","restock_status":false,"low_stock_amount":"","sales_update_date":"2026-01-28T23:11:06","calc_backorders":null,"acf":{"publisher":{"ID":1454,"post_author":"1","post_date":"2021-02-17 01:11:34","post_date_gmt":"2021-02-16 23:11:34","post_content":"<!-- wp:flatsome\/uxbuilder -->\n<h1 style=\"text-align: center;\"><strong>Kim \u0110\u1ed3ng<\/strong><\/h1>\n[row]\n\n[col span=\"3\" span__sm=\"12\"]\n\n[ux_image id=\"1534\" image_size=\"medium\"]\n\n\n[\/col]\n[col span=\"9\" span__sm=\"12\"]\n\n<p>Nh\u00e0 xu\u1ea5t b\u1ea3n Kim \u0110\u1ed3ng tr\u1ef1c thu\u1ed9c Trung \u01b0\u01a1ng \u0110o\u00e0n TNCS H\u1ed3 Ch\u00ed Minh l\u00e0 Nh\u00e0 xu\u1ea5t b\u1ea3n t\u1ed5ng h\u1ee3p c\u00f3 ch\u1ee9c n\u0103ng xu\u1ea5t b\u1ea3n s\u00e1ch v\u00e0 v\u0103n h\u00f3a ph\u1ea9m ph\u1ee5c v\u1ee5 thi\u1ebfu nhi v\u00e0 c\u00e1c b\u1eadc ph\u1ee5 huynh trong c\u1ea3 n\u01b0\u1edbc, qu\u1ea3ng b\u00e1 v\u00e0 gi\u1edbi thi\u1ec7u v\u0103n h\u00f3a Vi\u1ec7t Nam ra th\u1ebf gi\u1edbi.<br \/>Nh\u00e0 xu\u1ea5t b\u1ea3n c\u00f3 nhi\u1ec7m v\u1ee5 t\u1ed5 ch\u1ee9c b\u1ea3n th\u1ea3o, bi\u00ean so\u1ea1n, bi\u00ean d\u1ecbch, xu\u1ea5t b\u1ea3n v\u00e0 ph\u00e1t h\u00e0nh c\u00e1c xu\u1ea5t b\u1ea3n ph\u1ea9m c\u00f3 n\u1ed9i dung: gi\u00e1o d\u1ee5c truy\u1ec1n th\u1ed1ng d\u00e2n t\u1ed9c, gi\u00e1o d\u1ee5c v\u1ec1 tri th\u1ee9c, ki\u1ebfn th\u1ee9c\u2026 tr\u00ean c\u00e1c l\u0129nh v\u1ef1c v\u0103n h\u1ecdc, ngh\u1ec7 thu\u1eadt, khoa h\u1ecdc k\u1ef9 thu\u1eadt nh\u1eb1m cung c\u1ea5p cho c\u00e1c em thi\u1ebfu nhi c\u0169ng nh\u01b0 c\u00e1c b\u1eadc ph\u1ee5 huynh c\u00e1c ki\u1ebfn th\u1ee9c c\u1ea7n thi\u1ebft trong cu\u1ed9c s\u1ed1ng, nh\u1eefng tinh hoa c\u1ee7a tri th\u1ee9c nh\u00e2n lo\u1ea1i nh\u1eb1m g\u00f3p ph\u1ea7n gi\u00e1o d\u1ee5c v\u00e0 h\u00ecnh th\u00e0nh nh\u00e2n c\u00e1ch th\u1ebf h\u1ec7 tr\u1ebb.<br \/>\u0110\u1ed1i t\u01b0\u1ee3ng ph\u1ee5c v\u1ee5 c\u1ee7a Nh\u00e0 xu\u1ea5t b\u1ea3n l\u00e0 c\u00e1c em t\u1eeb tu\u1ed5i nh\u00e0 tr\u1ebb m\u1eabu gi\u00e1o (1 \u0111\u1ebfn 5 tu\u1ed5i), nhi \u0111\u1ed3ng (6 \u0111\u1ebfn 9 tu\u1ed5i), thi\u1ebfu ni\u00ean (10 \u0111\u1ebfn 15 tu\u1ed5i) \u0111\u1ebfn c\u00e1c em tu\u1ed5i m\u1edbi l\u1edbn (16 \u0111\u1ebfn 18 tu\u1ed5i) v\u00e0 c\u00e1c b\u1eadc ph\u1ee5 huynh.<\/p>\n\n[\/col]\n\n[\/row]\n\n<!-- \/wp:flatsome\/uxbuilder -->","post_title":"Kim \u0110\u1ed3ng","post_excerpt":"","post_status":"publish","comment_status":"closed","ping_status":"closed","post_password":"","post_name":"kim-dong","to_ping":"","pinged":"","post_modified":"2021-02-17 01:31:56","post_modified_gmt":"2021-02-16 23:31:56","post_content_filtered":"","post_parent":0,"guid":"https:\/\/sachviet.eu\/nha-phat-hanh\/kim-dong\/","menu_order":0,"post_type":"publisher","post_mime_type":"","comment_count":"0","filter":"raw"}},"_links":{"self":[{"href":"https:\/\/sachviet.eu\/en\/wp-json\/wp\/v2\/product\/19280","targetHints":{"allow":["GET"]}}],"collection":[{"href":"https:\/\/sachviet.eu\/en\/wp-json\/wp\/v2\/product"}],"about":[{"href":"https:\/\/sachviet.eu\/en\/wp-json\/wp\/v2\/types\/product"}],"wp:featuredmedia":[{"embeddable":true,"href":"https:\/\/sachviet.eu\/en\/wp-json\/wp\/v2\/media\/19279"}],"wp:attachment":[{"href":"https:\/\/sachviet.eu\/en\/wp-json\/wp\/v2\/media?parent=19280"}],"wp:term":[{"taxonomy":"product_brand","embeddable":true,"href":"https:\/\/sachviet.eu\/en\/wp-json\/wp\/v2\/product_brand?post=19280"},{"taxonomy":"product_cat","embeddable":true,"href":"https:\/\/sachviet.eu\/en\/wp-json\/wp\/v2\/product_cat?post=19280"},{"taxonomy":"product_tag","embeddable":true,"href":"https:\/\/sachviet.eu\/en\/wp-json\/wp\/v2\/product_tag?post=19280"}],"curies":[{"name":"wp","href":"https:\/\/api.w.org\/{rel}","templated":true}]}}