{"id":1924,"date":"2021-02-21T00:04:27","date_gmt":"2021-02-20T22:04:27","guid":{"rendered":"https:\/\/sachviet.eu\/shop\/ehon-nhung-cau-chuyen-ky-la-cua-hasu-set-4-quyen\/"},"modified":"2025-06-11T21:22:24","modified_gmt":"2025-06-11T18:22:24","slug":"ehon-nhung-cau-chuyen-ky-la-cua-hasu-set-4-quyen","status":"publish","type":"product","link":"https:\/\/sachviet.eu\/en\/shop\/ehon-nhung-cau-chuyen-ky-la-cua-hasu-set-4-quyen\/","title":{"rendered":"Ehon Nh\u1eefng c\u00e2u chuy\u1ec7n k\u1ef3 l\u1ea1 c\u1ee7a Hasu &#8211; set 4 quy\u1ec3n"},"content":{"rendered":"<p>Hasu l\u00e0m v\u01b0\u1eddn<\/p>\n<p>Chuy\u1ebfn v\u1ec1 th\u0103m n\u00f4ng tr\u1ea1i c\u1ee7a \u00f4ng b\u00e0 c\u1ee7a Hasu c\u00f9ng v\u1edbi b\u1ed1 m\u1eb9 \u0111\u00e3 mang \u0111\u1ebfn cho b\u1ea1n \u1ea5y nh\u1eefng tr\u1ea3i nghi\u1ec7m th\u00fa v\u1ecb c\u1ef1c k\u1ef3. B\u1ea1n \u1ea5y \u0111\u01b0\u1ee3c ch\u01a1i c\u00f9ng c\u00f4 m\u00e8o b\u00e9o Mimi, l\u1ea7n \u0111\u1ea7u ti\u00ean \u0111\u01b0\u1ee3c th\u1ea5y giun \u0111\u1ea5t v\u00e0 bi\u1ebft r\u1eb1ng lo\u00e0i v\u1eadt n\u00e0y r\u1ea5t ch\u0103m ch\u1ec9 l\u00e0m cho \u0111\u1ea5t t\u01a1i x\u1ed1p, mang \u0111\u1ebfn s\u1ef1 s\u1ed1ng cho \u0111\u1ea5t. Cu\u1ed1i c\u00f9ng, Hasu h\u1ecdc giun \u0111\u1ea5t, x\u1edbi tung \u0111\u1ea5t trong v\u01b0\u1eddn l\u00ean \u0111\u1ebfn m\u1ee9c qu\u1ea7n \u00e1o l\u1ea5m lem h\u1ebft c\u1ea3. D\u00f9 v\u1eady, b\u1ea1n \u1ea5y v\u1eabn r\u1ea5t t\u1ef1 h\u00e0o v\u00ec m\u00ecnh \u0111\u00e3 gi\u00fap b\u00e0 l\u00e0m vi\u1ec7c c\u00f3 \u00edch.<\/p>\n<p>Hasu \u0111i c\u1eafm tr\u1ea1i<\/p>\n<p>Hasu h\u00e1o h\u1ee9c v\u1edbi nh\u1eefng ho\u1ea1t \u0111\u1ed9ng chu\u1ea9n b\u1ecb cho bu\u1ed5i c\u1eafm tr\u1ea1i c\u1ee7a c\u1ea3 gia \u0111\u00ecnh, v\u00ec th\u1ebf b\u1ea1n \u1ea5y \u0111\u00e3 l\u0103ng x\u0103ng gi\u00fap \u0111\u1ee1 b\u1ed1 g\u1ea5p \u00e1o s\u01a1 mi, t\u1ef1 m\u1eb7c \u00e1o, \u0111i gi\u00e0y,\u2026 D\u00f9 c\u00f3 h\u01a1i tinh ngh\u1ecbch l\u00e0m \u01b0\u1edbt h\u1ebft \u00e1o nh\u01b0ng cu\u1ed1i c\u00f9ng b\u1ea1n \u1ea5y \u0111\u00e3 h\u1ecdc \u0111\u01b0\u1ee3c c\u00e1ch t\u1ef1 th\u1eaft d\u00e2y gi\u00e0y d\u01b0\u1edbi s\u1ef1 h\u01b0\u1edbng d\u1eabn c\u1ee7a b\u1ed1. C\u1ea3 gia \u0111\u00ecnh \u0111\u00e3 c\u00f3 m\u1ed9t chuy\u1ebfn \u0111i c\u1eafm tr\u1ea1i th\u1eadt vui v\u1ebb.<\/p>\n<p>Hasu ch\u01a1i \u0111o\u00e1n h\u00ecnh<\/p>\n<p>\u0110\u01b0\u1ee3c \u0111i tham quan v\u01b0\u1eddn b\u00e1ch th\u00fa, Hasu \u0111\u00e3 bi\u1ebft th\u00eam r\u1ea5t nhi\u1ec1u lo\u00e0i v\u1eadt th\u00fa v\u1ecb v\u00e0 b\u1ea1n \u1ea5y mu\u1ed1n k\u1ec3 \u0111i\u1ec1u \u0111\u00f3 cho m\u1eb9 c\u00f9ng bi\u1ebft. V\u00ec th\u1ebf, b\u1ea1n \u1ea5y \u0111\u00e3 v\u1eadn d\u1ee5ng h\u1ebft th\u00e2n m\u00ecnh v\u00e0 nh\u1eefng \u0111\u1ed3 v\u1eadt trong nh\u00e0 \u0111\u1ec3 di\u1ec5n t\u1ea3 cho m\u1eb9, nh\u01b0ng m\u1eb9 ch\u1eb3ng \u0111o\u00e1n \u0111\u00fang \u0111\u01b0\u1ee3c con v\u1eadt n\u00e0o. Tuy th\u1ebf nh\u01b0ng tr\u00f2 ch\u01a1i \u0111o\u00e1n h\u00ecnh n\u00e0y \u0111\u00e3 b\u1ed9c l\u1ed9 \u0111\u01b0\u1ee3c s\u1ef1 s\u00e1ng t\u1ea1o v\u00f4 c\u00f9ng phong ph\u00fa c\u1ee7a Hasu \u0111\u1ea5y nh\u00e9!<\/p>\n<p>Hasu \u0111\u1ea7u qu\u1ea7n<\/p>\n<p>Ngay c\u1ea3 khi t\u1eafm th\u00ec Hasu c\u0169ng ngh\u0129 ra nh\u1eefng tr\u00f2 ch\u01a1i \u0111\u1ed9c \u0111\u00e1o, th\u1ecfa m\u00e3n s\u1ef1 tinh ngh\u1ecbch c\u1ee7a m\u00ecnh. Tr\u00f2 ch\u01a1i nghe c\u00f3 v\u1ebb ng\u1ed1c ngh\u1ebfch c\u1ee7a Hasu l\u1ea1i khi\u1ebfn b\u1ed1 m\u1eb9 v\u00e0 m\u1ecdi ng\u01b0\u1eddi xung quanh ph\u1ea3i b\u1eadt c\u01b0\u1eddi, \u0111\u01b0a b\u1ea1n \u1ea5y th\u00e0nh vua \u201c\u0111\u1ea7u qu\u1ea7n\u201d Hasu \u0111\u01b0\u1ee3c m\u1ecdi ng\u01b0\u1eddi ch\u1edd \u0111\u00f3n v\u00e0 ph\u00e1t huy s\u1ee9c t\u01b0\u1edfng t\u01b0\u1ee3ng v\u00f4 c\u00f9ng \u0111\u1ed9c \u0111\u00e1o c\u1ee7a c\u00e1c b\u1ea1n nh\u1ecf.<\/p>\n<p>\u0110\u1eb7c bi\u1ec7t, b\u1ed9 s\u00e1ch \u201cNh\u1eefng c\u00e2u chuy\u1ec7n k\u1ef3 l\u1ea1 c\u1ee7a Hasu\u201d c\u00f2n \u0111\u01b0\u1ee3c nghi\u00ean c\u1ee9u \u0111\u1ec3 ph\u00e1t tri\u1ec3n ch\u1ee9c n\u0103ng Th\u00f9y Tr\u00e1n \u2013 ph\u1ea7n th\u00f9y n\u00e3o ch\u1ecbu tr\u00e1ch nhi\u1ec7m v\u1ec1 t\u01b0 duy logic, t\u01b0 duy tr\u1eebu t\u01b0\u1ee3ng, l\u1eadp lu\u1eadn, x\u1eed l\u00fd t\u1eeb ng\u1eef, h\u00ecnh dung, t\u01b0\u1edfng t\u01b0\u1ee3ng; h\u00ecnh th\u00e0nh kh\u00e1i ni\u1ec7m v\u00e0 \u00fd t\u01b0\u1edfng, t\u01b0 duy s\u00e1ng t\u1ea1o v\u00e0 tr\u1ef1c quan, n\u0103ng l\u1ef1c x\u1eed l\u00fd c\u00e1c con s\u1ed1.<\/p>\n<p>M\u1eb7c d\u00f9 \u0111\u00f4i l\u00fac c\u1ea3m th\u1ea5y c\u00e1c b\u00e9 qu\u00e1 \u201cth\u1eeba\u201d n\u0103ng l\u01b0\u1ee3ng v\u1edbi nh\u1eefng tr\u00f2 ngh\u1ecbch \u1ea5y, nh\u01b0ng b\u1ed1 m\u1eb9 \u0111\u1eebng n\u00ean qu\u00e1t m\u1eafng, gi\u1eadn d\u1eef v\u1edbi c\u00e1c b\u00e9 nh\u00e9. S\u1ef1 \u00e2n c\u1ea7n, khuy\u1ebfn kh\u00edch s\u1ebd l\u00e0 n\u1ec1n t\u1ea3ng t\u1ed1t nh\u1ea5t \u0111\u1ec3 b\u00e9 ph\u00e1t huy s\u1ee9c t\u01b0\u1edfng t\u01b0\u1ee3ng v\u00e0 h\u00ecnh th\u00e0nh nh\u00e2n c\u00e1ch t\u1ed1t, v\u00ec v\u1eady b\u1ed1 m\u1eb9 \u0111\u1eebng qu\u00ean c\u00f9ng con \u0111\u1ecdc b\u1ed9 s\u00e1ch \u201cNh\u1eefng c\u00e2u chuy\u1ec7n k\u1ef3 l\u1ea1 c\u1ee7a Hasu\u201d \u0111\u1ec3 hi\u1ec3u h\u01a1n v\u1ec1 th\u1ebf gi\u1edbi c\u1ee7a c\u00e1c b\u00e9 nh\u00e9!ch nhi\u1ec7m v\u1ec1 t\u01b0 duy logic, t\u01b0 duy tr\u1eebu t\u01b0\u1ee3ng, l\u1eadp lu\u1eadn, x\u1eed l\u00fd t\u1eeb ng\u1eef, h\u00ecnh dung, t\u01b0\u1edfng t\u01b0\u1ee3ng; h\u00ecnh th\u00e0nh kh\u00e1i ni\u1ec7m v\u00e0 \u00fd t\u01b0\u1edfng, t\u01b0 duy s\u00e1ng t\u1ea1o v\u00e0 tr\u1ef1c quan, n\u0103ng l\u1ef1c x\u1eed l\u00fd c\u00e1c con s\u1ed1.<\/p>\n<p>M\u1eb7c d\u00f9 \u0111\u00f4i l\u00fac c\u1ea3m th\u1ea5y c\u00e1c b\u00e9 qu\u00e1 \u201cth\u1eeba\u201d n\u0103ng l\u01b0\u1ee3ng v\u1edbi nh\u1eefng tr\u00f2 ngh\u1ecbch \u1ea5y, nh\u01b0ng b\u1ed1 m\u1eb9 \u0111\u1eebng n\u00ean qu\u00e1t m\u1eafng, gi\u1eadn d\u1eef v\u1edbi c\u00e1c b\u00e9 nh\u00e9. S\u1ef1 \u00e2n c\u1ea7n, khuy\u1ebfn kh\u00edch s\u1ebd l\u00e0 n\u1ec1n t\u1ea3ng t\u1ed1t nh\u1ea5t \u0111\u1ec3 b\u00e9 ph\u00e1t huy kh\u1ea3 n\u0103ng s\u00e1ng t\u1ea1o v\u00e0 tr\u00ed t\u01b0\u1edfng t\u01b0\u1ee3ng phong ph\u00fa sau n\u00e0y. B\u1ed1 m\u1eb9 \u0111\u1eebng qu\u00ean c\u00f9ng con \u0111\u1ecdc b\u1ed9 s\u00e1ch \u201cNh\u1eefng c\u00e2u chuy\u1ec7n k\u1ef3 l\u1ea1 c\u1ee7a Hasu\u201d \u0111\u1ec3 hi\u1ec3u h\u01a1n v\u1ec1 th\u1ebf gi\u1edbi c\u1ee7a c\u00e1c b\u00e9 nh\u00e9!  <div class=\"banner-grid-wrapper\">\n  <div id=\"banner-grid-35321876\" class=\"banner-grid row row-grid row-small\" data-packery-options=\"\">\n            <style>\n    #banner-grid-35321876 .grid-col-1{height: 600px}\n    #banner-grid-35321876 .grid-col-1-2{height: 300px}\n    #banner-grid-35321876 .grid-col-1-3{height:200px}\n    #banner-grid-35321876 .grid-col-2-3{height: 400px}\n    #banner-grid-35321876 .grid-col-1-4{height: 150px}\n    #banner-grid-35321876 .grid-col-3-4{height: 450px}\n\n\n        \/* Tablet *\/\n    @media (max-width: 850px){\n      #banner-grid-35321876 .grid-col-1{height: 400px}\n      #banner-grid-35321876 .grid-col-1-2{height: 200px}\n      #banner-grid-35321876 .grid-col-1-3{height:133.33333333333px}\n      #banner-grid-35321876 .grid-col-2-3{height: 266.66666666667px}\n      #banner-grid-35321876 .grid-col-1-4{height: 100px}\n      #banner-grid-35321876 .grid-col-3-4{height: 300px}\n    }\n    \n        \/* Mobile *\/\n    @media (max-width: 550px){\n      #banner-grid-35321876 .grid-col-1{height: 400px}\n      #banner-grid-35321876 .grid-col-1-2{height: 200px}\n      #banner-grid-35321876 .grid-col-1-3{height:133.33333333333px}\n      #banner-grid-35321876 .grid-col-2-3{height: 266.66666666667px}\n      #banner-grid-35321876 .grid-col-1-4{height: 100px}\n      #banner-grid-35321876 .grid-col-3-4{height: 300px}\n    }\n    \n\n  <\/style>\n    <\/div>\n    <style>\n    #banner-grid-35321876 .grid-col-1{height: 600px}\n    #banner-grid-35321876 .grid-col-1-2{height: 300px}\n    #banner-grid-35321876 .grid-col-1-3{height:200px}\n    #banner-grid-35321876 .grid-col-2-3{height: 400px}\n    #banner-grid-35321876 .grid-col-1-4{height: 150px}\n    #banner-grid-35321876 .grid-col-3-4{height: 450px}\n\n\n    \n    \n\n  <\/style>\n    <\/div>\n  \n","protected":false},"excerpt":{"rendered":"<p>\u201cNh\u1eefng c\u00e2u chuy\u1ec7n k\u1ef3 l\u1ea1 c\u1ee7a Hasu\u201d l\u00e0 b\u1ed9 s\u00e1ch Ehon 4 cu\u1ed1n bao g\u1ed3m \u201cHasu ch\u01a1i \u0111o\u00e1n h\u00ecnh\u201d, \u201cHasu \u0111i c\u1eafm tr\u1ea1i\u201d, \u201cHasu l\u00e0m v\u01b0\u1eddn\u201d v\u00e0 \u201cHasu \u0111\u1ea7u qu\u1ea7n\u201d. B\u1ed9 s\u00e1ch ph\u00f9 h\u1ee3p v\u1edbi tr\u1ebb t\u1eeb 4 &#8211; 6 tu\u1ed5i, ph\u00e1t tri\u1ec3n Th\u00f9y Tr\u00e1n \u2013 ph\u1ea7n n\u00e3o ch\u1ecbu tr\u00e1ch nhi\u1ec7m v\u1ec1 t\u01b0 duy logic, t\u01b0 duy tr\u1eebu t\u01b0\u1ee3ng, l\u1eadp lu\u1eadn, s\u00e1ng t\u1ea1o. \u0110\u01b0\u1ee3c th\u1ea3 s\u1ee9c v\u1edbi tr\u00ed t\u01b0\u1edfng t\u01b0\u1ee3ng c\u1ee7a b\u1ea3n th\u00e2n, con s\u1ebd tr\u1edf n\u00ean linh ho\u1ea1t khi gi\u1ea3i quy\u1ebft c\u00e1c v\u1ea5n \u0111\u1ec1 c\u1ee7a b\u1ea3n th\u00e2n v\u00e0 s\u1eafp x\u1ebfp c\u00f4ng vi\u1ec7c c\u00e1 nh\u00e2n r\u1ea5t t\u1ed1t \u0111\u1ea5y nh\u00e9!<\/p>\n","protected":false},"featured_media":1913,"template":"","meta":{"_acf_changed":false},"product_brand":[],"product_cat":[24,25,17],"product_tag":[],"class_list":{"0":"post-1924","1":"product","2":"type-product","3":"status-publish","4":"has-post-thumbnail","6":"product_cat-nha-tre-mau-giao-0-tuoi-6-tuoi","7":"product_cat-nhi-dong-6-tuoi-12-tuoi","8":"product_cat-sach-danh-cho-cac-be","10":"first","11":"outofstock","12":"taxable","13":"shipping-taxable","14":"purchasable","15":"product-type-simple"},"supplier_id":null,"supplier_sku":"","barcode":null,"atum_controlled":true,"out_stock_date":"2025-06-11 18:22:25","out_stock_threshold":null,"inheritable":false,"inbound_stock":0,"stock_on_hold":0,"sold_today":0,"sales_last_days":0,"reserved_stock":0,"customer_returns":0,"warehouse_damage":0,"lost_in_post":0,"other_logs":0,"out_stock_days":231,"lost_sales":0,"has_location":false,"update_date":"2026-01-28T23:11:29","atum_locations":[],"atum_stock_status":"outofstock","restock_status":false,"low_stock_amount":"","sales_update_date":"2026-01-28T23:11:29","calc_backorders":null,"acf":{"publisher":{"ID":1420,"post_author":"1","post_date":"2021-02-16 23:03:17","post_date_gmt":"2021-02-16 21:03:17","post_content":"<!-- wp:flatsome\/uxbuilder -->\n<h1 style=\"text-align: center\"><strong>WABOOKS<\/strong><\/h1>\n[ux_image id=\"1430\"]\n\n[gap]\n\n<p style=\"text-align: left\">Wabooks l\u00e0 c\u00f4ng ty s\u00e1ch ho\u1ea1t \u0111\u1ed9ng chuy\u00ean nghi\u1ec7p trong l\u0129nh v\u1ef1c xu\u1ea5t b\u1ea3n s\u00e1ch. Ph\u1ea7n l\u1edbn ngu\u1ed3n l\u1ef1c c\u1ee7a c\u00f4ng ty \u0111\u1ea7u t\u01b0 v\u00e0o nghi\u00ean c\u1ee9u, mua b\u1ea3n quy\u1ec1n, d\u1ecbch v\u00e0 xu\u1ea5t b\u1ea3n c\u00e1c \u1ea5n ph\u1ea9m v\u0103n h\u00f3a, tri th\u1ee9c c\u1ee7a Nh\u1eadt B\u1ea3n t\u1ea1i Vi\u1ec7t Nam. Wabooks lu\u00f4n kh\u00f4ng ng\u1eebng n\u1ed7 l\u1ef1c mang \u0111\u1ebfn nh\u1eefng s\u1ea3n ph\u1ea9m c\u00f3 ch\u1ea5t l\u01b0\u1ee3ng v\u00e0 d\u1ecbch v\u1ee5 ho\u00e0n h\u1ea3o, mang \u0111\u1ebfn s\u1ef1 h\u00e0i l\u00f2ng cho kh\u00e1ch h\u00e0ng c\u0169ng nh\u01b0 \u0111\u00f3ng g\u00f3p cho \u0111\u1ea5t n\u01b0\u1edbc t\u1ed1t \u0111\u1eb9p h\u01a1n th\u00f4ng qua nh\u1eefng gi\u00e1 tr\u1ecb m\u00e0 c\u00f4ng ty \u0111ang kh\u00f4ng ng\u1eebng theo \u0111u\u1ed5i.<\/p>\n[row]\n\n[col span=\"6\" span__sm=\"12\"]\n\n[ux_image id=\"2068\"]\n\n\n[\/col]\n[col span=\"6\" span__sm=\"12\"]\n\n<p>Anh Goto Daishi th\u00ec tin r\u1eb1ng ch\u1ec9 c\u00f3 s\u00e1ch m\u1edbi khi\u1ebfn con ng\u01b0\u1eddi ta tr\u1edf n\u00ean v\u0103n minh v\u00e0 ti\u1ebfn b\u1ed9, c\u00f2n anh Nguy\u1ec5n Tu\u1ea5n Anh th\u00ec cho r\u1eb1ng ch\u00fang ta ph\u1ea3i mang s\u00e1ch \u0111\u1ebfn n\u01a1i m\u00e0 ng\u01b0\u1eddi ta th\u1ef1c s\u1ef1 c\u1ea7n, chia s\u1ebb nh\u1eefng gi\u00e1 tr\u1ecb m\u00e0 ng\u01b0\u1eddi kh\u00e1c \u0111ang thi\u1ebfu, \u0111\u00f3 l\u00e0 c\u00e1ch \u0111\u1ec3 ch\u00fang ta ho\u00e0n thi\u1ec7n con ng\u01b0\u1eddi v\u00e0 g\u00f3p ph\u1ea7n l\u00e0m cho x\u00e3 h\u1ed9i ho\u00e0n thi\u1ec7n h\u01a1n.\u00a0<\/p>\n<p>May m\u1eafn r\u1eb1ng<strong> SACHVIET.EU\u00a0<\/strong>\u0111\u00e3 c\u00f3 c\u01a1 h\u1ed9i \u0111\u01b0\u1ee3c anh Nguy\u1ec5n Tu\u1ea5n Anh h\u1ee3p t\u00e1c gi\u00fap \u0111\u1ee1 h\u1ebft m\u00ecnh \u0111\u1ec3 The Stations c\u00f3 th\u1ec3 d\u1ec5 d\u00e0ng \u0111\u01b0a nh\u1eefng cu\u1ed1n s\u00e1ch ehon sang ph\u1ee5c v\u1ee5 nhu c\u1ea7u c\u1ee7a ng\u01b0\u1eddi Vi\u1ec7t t\u1ea1i Ch\u00e2u \u00c2u. V\u00e0 kh\u00f4ng g\u00ec vui m\u1eebng h\u01a1n l\u00e0 nh\u1eefng b\u1ea1n \u0111\u1ed9c gi\u1ea3 nh\u00ed c\u00f3 th\u1ec3 ti\u1ebfp c\u1eadn v\u00e0 c\u1ea7m tr\u00ean tay nh\u1eefng cu\u1ed1n s\u00e1ch ch\u1ea5t l\u01b0\u1ee3ng \u0111\u01b0\u1ee3c \u0111\u1ea7u t\u01b0 t\u1ec9 m\u1ec9, k\u1ef9 c\u00e0ng ch\u1ec9n chu v\u1ec1 c\u1ea3 n\u1ed9i dung l\u1eabn h\u00ecnh th\u1ee9c b\u1eb1ng ti\u1ebfng Vi\u1ec7t.<\/p>\n<p><strong>SACHVIET.EU<\/strong> lu\u00f4n tin t\u01b0\u1edfng r\u1eb1ng ng\u00f4n ng\u1eef m\u1eb9 \u0111\u1ebb lu\u00f4n l\u00e0 th\u1ee9 ng\u00f4n ng\u1eef thi\u00eang li\u00eang nh\u1ea5t v\u00e0 lu\u00f4n mong mu\u1ed1n c\u00e1c \u0111\u1ed9c gi\u1ea3 Vi\u1ec7t c\u00f3 c\u01a1 h\u1ed9i \u0111\u01b0\u1ee3c s\u1edf h\u1eefu nh\u1eefng cu\u1ed1n s\u00e1ch b\u1ea3n quy\u1ec1n \u0111\u1ea7y ch\u1ea5t l\u01b0\u1ee3ng b\u00e1n s\u1eb5n t\u1ea1i Ch\u00e2u \u00c2u<\/p>\n<p>\u00a0<\/p>\n\n[\/col]\n\n[\/row]\n\n<!-- \/wp:flatsome\/uxbuilder -->","post_title":"Wabooks","post_excerpt":"","post_status":"publish","comment_status":"closed","ping_status":"closed","post_password":"","post_name":"wabooks","to_ping":"","pinged":"","post_modified":"2022-12-19 22:37:02","post_modified_gmt":"2022-12-19 20:37:02","post_content_filtered":"","post_parent":0,"guid":"https:\/\/sachviet.eu\/?post_type=publisher&#038;p=1420","menu_order":0,"post_type":"publisher","post_mime_type":"","comment_count":"0","filter":"raw"}},"_links":{"self":[{"href":"https:\/\/sachviet.eu\/en\/wp-json\/wp\/v2\/product\/1924","targetHints":{"allow":["GET"]}}],"collection":[{"href":"https:\/\/sachviet.eu\/en\/wp-json\/wp\/v2\/product"}],"about":[{"href":"https:\/\/sachviet.eu\/en\/wp-json\/wp\/v2\/types\/product"}],"wp:featuredmedia":[{"embeddable":true,"href":"https:\/\/sachviet.eu\/en\/wp-json\/wp\/v2\/media\/1913"}],"wp:attachment":[{"href":"https:\/\/sachviet.eu\/en\/wp-json\/wp\/v2\/media?parent=1924"}],"wp:term":[{"taxonomy":"product_brand","embeddable":true,"href":"https:\/\/sachviet.eu\/en\/wp-json\/wp\/v2\/product_brand?post=1924"},{"taxonomy":"product_cat","embeddable":true,"href":"https:\/\/sachviet.eu\/en\/wp-json\/wp\/v2\/product_cat?post=1924"},{"taxonomy":"product_tag","embeddable":true,"href":"https:\/\/sachviet.eu\/en\/wp-json\/wp\/v2\/product_tag?post=1924"}],"curies":[{"name":"wp","href":"https:\/\/api.w.org\/{rel}","templated":true}]}}