{"id":1912,"date":"2021-02-21T00:03:56","date_gmt":"2021-02-20T22:03:56","guid":{"rendered":"https:\/\/sachviet.eu\/shop\/ehon-kuma-lam-quen-voi-mon-toan-set-4-quyen\/"},"modified":"2022-12-22T09:00:03","modified_gmt":"2022-12-22T07:00:03","slug":"ehon-kuma-lam-quen-voi-mon-toan-set-4-quyen","status":"publish","type":"product","link":"https:\/\/sachviet.eu\/en\/shop\/ehon-kuma-lam-quen-voi-mon-toan-set-4-quyen\/","title":{"rendered":"Ehon Kuma l\u00e0m quen v\u1edbi m\u00f4n To\u00e1n &#8211; set 4 quy\u1ec3n"},"content":{"rendered":"<p>Kuma l\u00e0m quen v\u1edbi m\u00f4n To\u00e1n \u2013 S\u00e1ch Ehon ph\u00e1t tri\u1ec3n t\u01b0 duy logic cho tr\u1ebb<\/p>\n<p>To\u00e1n h\u1ecdc v\u00e0 nh\u1eefng con s\u1ed1 s\u1ebd l\u00e0 ng\u01b0\u1eddi b\u1ea1n \u0111\u1ed3ng h\u00e0nh v\u1edbi con trong su\u1ed1t qu\u00e1 tr\u00ecnh h\u1ecdc t\u1eadp v\u00e0 ph\u00e1t tri\u1ec3n sau n\u00e0y. H\u00e3y c\u00f9ng con kh\u00e1m ph\u00e1 th\u1ebf gi\u1edbi to\u00e1n h\u1ecdc \u0111\u1ea7y m\u1edbi l\u1ea1 qua b\u1ed9 s\u00e1ch Ehon \u201cKuma l\u00e0m quen v\u1edbi m\u00f4n To\u00e1n\u201d nh\u00e9!<\/p>\n<p>B\u1ed9 s\u00e1ch Ehon \u201cKuma l\u00e0m quen v\u1edbi m\u00f4n To\u00e1n\u201d ph\u00f9 h\u1ee3p cho tr\u1ebb t\u1eeb 2 &#8211; 6 tu\u1ed5i<\/p>\n<p>B\u1ed9 truy\u1ec7n Ehon \u201cKuma l\u00e0m quen v\u1edbi m\u00f4n To\u00e1n\u201d g\u1ed3m 4 \u0111\u1ea7u s\u00e1ch k\u1ec3 v\u1ec1 vi\u1ec7c b\u1ea1n nh\u1ecf Kuma tr\u00ean h\u00e0nh tr\u00ecnh l\u00e0m quen v\u1edbi m\u00f4n To\u00e1n qua nh\u1eefng c\u00e2u chuy\u1ec7n g\u1ea7n g\u0169i h\u00e0nh ng\u00e0y: Kuma c\u00f9ng b\u00e9 t\u1eadp \u0111\u1ebfm s\u1ed1, Kuma t\u1eadp h\u1ecdc ph\u00e9p tr\u1eeb, Kuma ch\u01a1i tr\u00f2 gh\u00e9p s\u1ed1, Kuma kh\u00e1m ph\u00e1 nh\u1eefng con s\u1ed1. B\u1ed9 s\u00e1ch d\u00e0nh ri\u00eang cho tr\u1ebb t\u1eeb 2 &#8211; 6 tu\u1ed5i, t\u1ea1o cho tr\u1ebb c\u1ea3m h\u1ee9ng y\u00eau th\u00edch to\u00e1n h\u1ecdc v\u00e0 kh\u1ea3 n\u0103ng t\u01b0 duy logic ngay t\u1eeb b\u00e2y gi\u1edd.<\/p>\n<p>B\u1ed9 truy\u1ec7n Ehon \u201cKuma l\u00e0m quen m\u00f4n to\u00e1n\u201d v\u1edbi 4 c\u00e2u chuy\u1ec7n g\u1ea7n g\u0169i li\u00ean quan t\u1edbi to\u00e1n h\u1ecdc v\u00e0 nh\u1eefng con s\u1ed1 s\u1ebd kh\u01a1i g\u1ee3i s\u1ef1 y\u00eau th\u00edch m\u00f4n to\u00e1n c\u1ee7a b\u00e9 ngay t\u1eeb khi c\u00f2n nh\u1ecf. Nh\u1edd nh\u1eefng b\u00e0i h\u1ecdc th\u1ef1c t\u1ebf d\u01b0\u1edbi g\u00f3c nh\u00ecn tr\u1ebb th\u01a1, c\u00e1c em s\u1ebd nh\u1eadn ra t\u1ea7m quan tr\u1ecdng c\u1ee7a to\u00e1n h\u1ecdc trong cu\u1ed9c s\u1ed1ng th\u01b0\u1eddng ng\u00e0y v\u00e0 s\u1ebd y\u00eau m\u00f4n to\u00e1n h\u01a1n v\u00ec s\u1ef1 h\u1eefu d\u1ee5ng v\u00e0 th\u00fa v\u1ecb c\u1ee7a n\u00f3.<br \/>\nXen k\u1ebd trong c\u00e1c c\u00e2u chuy\u1ec7n v\u1ec1 to\u00e1n h\u1ecdc, tr\u1ebb c\u0169ng b\u1eaft g\u1eb7p nh\u1eefng b\u00e0i h\u1ecdc qu\u00fd b\u00e1u, v\u1ec1 s\u1ef1 s\u1ebb chia, c\u00e1ch \u1ee9ng x\u1eed v\u1edbi m\u1ecdi ng\u01b0\u1eddi xung quanh. V\u00e0 h\u01a1n h\u1ebft, \u0111\u00f3 s\u1ebd l\u00e0 c\u00e1i n\u00f4i nu\u00f4i d\u01b0\u1ee1ng t\u00e2m h\u1ed3n, h\u00e0nh trang v\u1eefng ch\u1eafc \u0111\u1ec3 h\u00ecnh th\u00e0nh t\u00ednh c\u00e1ch cho tr\u1ebb nh\u1ecf.<\/p>\n  <div class=\"banner-grid-wrapper\">\n  <div id=\"banner-grid-2137347662\" class=\"banner-grid row row-grid row-small\" data-packery-options=\"\">\n                      <div class=\"col grid-col large-6 grid-col-1\" ><div class=\"col-inner\">\t<div class=\"img has-hover x md-x lg-x y md-y lg-y\" id=\"image_1748645657\">\n\t\t\t\t\t\t\t\t<div class=\"img-inner dark\" >\n\t\t\t<img loading=\"lazy\" decoding=\"async\" width=\"1020\" height=\"574\" src=\"https:\/\/sachviet.eu\/wp-content\/uploads\/2021\/02\/maxresdefault-1-1024x576.jpg\" class=\"attachment-large size-large\" alt=\"\" srcset=\"https:\/\/sachviet.eu\/wp-content\/uploads\/2021\/02\/maxresdefault-1-1024x576.jpg 1024w, https:\/\/sachviet.eu\/wp-content\/uploads\/2021\/02\/maxresdefault-1-300x169.jpg 300w, https:\/\/sachviet.eu\/wp-content\/uploads\/2021\/02\/maxresdefault-1-768x432.jpg 768w, https:\/\/sachviet.eu\/wp-content\/uploads\/2021\/02\/maxresdefault-1-600x338.jpg 600w, https:\/\/sachviet.eu\/wp-content\/uploads\/2021\/02\/maxresdefault-1.jpg 1280w\" sizes=\"auto, (max-width: 1020px) 100vw, 1020px\" \/>\t\t\t\t\t\t\n\t\t\t\t\t<\/div>\n\t\t\t\t\t\t\t\t\n<style>\n#image_1748645657 {\n  width: 100%;\n}\n<\/style>\n\t<\/div>\n\t<\/div><\/div><div class=\"col grid-col large-6 grid-col-1-2\" ><div class=\"col-inner\">\t<div class=\"img has-hover x md-x lg-x y md-y lg-y\" id=\"image_1815913071\">\n\t\t\t\t\t\t\t\t<div class=\"img-inner dark\" >\n\t\t\t<img loading=\"lazy\" decoding=\"async\" width=\"1020\" height=\"534\" src=\"https:\/\/sachviet.eu\/wp-content\/uploads\/2021\/02\/118806527_3246365222144821_2235416941918753776_o-1024x536.jpg\" class=\"attachment-large size-large\" alt=\"\" srcset=\"https:\/\/sachviet.eu\/wp-content\/uploads\/2021\/02\/118806527_3246365222144821_2235416941918753776_o-1024x536.jpg 1024w, https:\/\/sachviet.eu\/wp-content\/uploads\/2021\/02\/118806527_3246365222144821_2235416941918753776_o-300x157.jpg 300w, https:\/\/sachviet.eu\/wp-content\/uploads\/2021\/02\/118806527_3246365222144821_2235416941918753776_o-768x402.jpg 768w, https:\/\/sachviet.eu\/wp-content\/uploads\/2021\/02\/118806527_3246365222144821_2235416941918753776_o-600x314.jpg 600w, https:\/\/sachviet.eu\/wp-content\/uploads\/2021\/02\/118806527_3246365222144821_2235416941918753776_o.jpg 1080w\" sizes=\"auto, (max-width: 1020px) 100vw, 1020px\" \/>\t\t\t\t\t\t\n\t\t\t\t\t<\/div>\n\t\t\t\t\t\t\t\t\n<style>\n#image_1815913071 {\n  width: 100%;\n}\n<\/style>\n\t<\/div>\n\t<\/div><\/div><div class=\"col grid-col large-6 grid-col-1-2\" ><div class=\"col-inner\">\t<div class=\"img has-hover x md-x lg-x y md-y lg-y\" id=\"image_1785634803\">\n\t\t\t\t\t\t\t\t<div class=\"img-inner dark\" >\n\t\t\t<img loading=\"lazy\" decoding=\"async\" width=\"1020\" height=\"1020\" src=\"https:\/\/sachviet.eu\/wp-content\/uploads\/2021\/02\/118817267_3246365682144775_3909481771307669_o-1024x1024.jpg\" class=\"attachment-large size-large\" alt=\"\" srcset=\"https:\/\/sachviet.eu\/wp-content\/uploads\/2021\/02\/118817267_3246365682144775_3909481771307669_o.jpg 1024w, https:\/\/sachviet.eu\/wp-content\/uploads\/2021\/02\/118817267_3246365682144775_3909481771307669_o-300x300.jpg 300w, https:\/\/sachviet.eu\/wp-content\/uploads\/2021\/02\/118817267_3246365682144775_3909481771307669_o-150x150.jpg 150w, https:\/\/sachviet.eu\/wp-content\/uploads\/2021\/02\/118817267_3246365682144775_3909481771307669_o-768x768.jpg 768w, https:\/\/sachviet.eu\/wp-content\/uploads\/2021\/02\/118817267_3246365682144775_3909481771307669_o-600x600.jpg 600w, https:\/\/sachviet.eu\/wp-content\/uploads\/2021\/02\/118817267_3246365682144775_3909481771307669_o-100x100.jpg 100w\" sizes=\"auto, (max-width: 1020px) 100vw, 1020px\" \/>\t\t\t\t\t\t\n\t\t\t\t\t<\/div>\n\t\t\t\t\t\t\t\t\n<style>\n#image_1785634803 {\n  width: 100%;\n}\n<\/style>\n\t<\/div>\n\t<\/div><\/div>            <\/div>\n    <style>\n    #banner-grid-2137347662 .grid-col-1{height: 600px}\n    #banner-grid-2137347662 .grid-col-1-2{height: 300px}\n    #banner-grid-2137347662 .grid-col-1-3{height:200px}\n    #banner-grid-2137347662 .grid-col-2-3{height: 400px}\n    #banner-grid-2137347662 .grid-col-1-4{height: 150px}\n    #banner-grid-2137347662 .grid-col-3-4{height: 450px}\n\n\n    \n    \n\n  <\/style>\n    <\/div>\n  \n","protected":false},"excerpt":{"rendered":"<p>B\u1ed9 truy\u1ec7n Ehon \u201cKuma l\u00e0m quen v\u1edbi m\u00f4n To\u00e1n\u201d g\u1ed3m 4 \u0111\u1ea7u s\u00e1ch k\u1ec3 v\u1ec1 vi\u1ec7c b\u1ea1n nh\u1ecf Kuma tr\u00ean h\u00e0nh tr\u00ecnh l\u00e0m quen v\u1edbi m\u00f4n To\u00e1n qua nh\u1eefng c\u00e2u chuy\u1ec7n g\u1ea7n g\u0169i h\u00e0nh ng\u00e0y: Kuma c\u00f9ng b\u00e9 t\u1eadp \u0111\u1ebfm s\u1ed1, Kuma t\u1eadp h\u1ecdc ph\u00e9p tr\u1eeb, Kuma ch\u01a1i tr\u00f2 gh\u00e9p s\u1ed1, Kuma kh\u00e1m ph\u00e1 nh\u1eefng con s\u1ed1. B\u1ed9 s\u00e1ch d\u00e0nh ri\u00eang cho tr\u1ebb t\u1eeb 2 &#8211; 6 tu\u1ed5i, t\u1ea1o cho tr\u1ebb c\u1ea3m h\u1ee9ng y\u00eau th\u00edch to\u00e1n h\u1ecdc v\u00e0 kh\u1ea3 n\u0103ng t\u01b0 duy logic ngay t\u1eeb b\u00e2y gi\u1edd.<\/p>\n","protected":false},"featured_media":1901,"template":"","meta":{"_acf_changed":false},"product_brand":[],"product_cat":[24,17],"product_tag":[81],"class_list":{"0":"post-1912","1":"product","2":"type-product","3":"status-publish","4":"has-post-thumbnail","6":"product_cat-nha-tre-mau-giao-0-tuoi-6-tuoi","7":"product_cat-sach-danh-cho-cac-be","8":"product_tag-sach-gia-uu-dai","10":"first","11":"outofstock","12":"sale","13":"taxable","14":"shipping-taxable","15":"purchasable","16":"product-type-simple"},"supplier_id":null,"supplier_sku":"","barcode":null,"atum_controlled":true,"out_stock_date":"2022-12-22 07:00:03","out_stock_threshold":null,"inheritable":false,"inbound_stock":0,"stock_on_hold":0,"sold_today":0,"sales_last_days":0,"reserved_stock":0,"customer_returns":0,"warehouse_damage":0,"lost_in_post":0,"other_logs":0,"out_stock_days":1133,"lost_sales":0,"has_location":false,"update_date":"2026-01-28T23:10:30","atum_locations":[],"atum_stock_status":"outofstock","restock_status":false,"low_stock_amount":"","sales_update_date":"2026-01-28T23:10:30","calc_backorders":null,"acf":{"publisher":{"ID":1420,"post_author":"1","post_date":"2021-02-16 23:03:17","post_date_gmt":"2021-02-16 21:03:17","post_content":"<!-- wp:flatsome\/uxbuilder -->\n<h1 style=\"text-align: center\"><strong>WABOOKS<\/strong><\/h1>\n[ux_image id=\"1430\"]\n\n[gap]\n\n<p style=\"text-align: left\">Wabooks l\u00e0 c\u00f4ng ty s\u00e1ch ho\u1ea1t \u0111\u1ed9ng chuy\u00ean nghi\u1ec7p trong l\u0129nh v\u1ef1c xu\u1ea5t b\u1ea3n s\u00e1ch. Ph\u1ea7n l\u1edbn ngu\u1ed3n l\u1ef1c c\u1ee7a c\u00f4ng ty \u0111\u1ea7u t\u01b0 v\u00e0o nghi\u00ean c\u1ee9u, mua b\u1ea3n quy\u1ec1n, d\u1ecbch v\u00e0 xu\u1ea5t b\u1ea3n c\u00e1c \u1ea5n ph\u1ea9m v\u0103n h\u00f3a, tri th\u1ee9c c\u1ee7a Nh\u1eadt B\u1ea3n t\u1ea1i Vi\u1ec7t Nam. Wabooks lu\u00f4n kh\u00f4ng ng\u1eebng n\u1ed7 l\u1ef1c mang \u0111\u1ebfn nh\u1eefng s\u1ea3n ph\u1ea9m c\u00f3 ch\u1ea5t l\u01b0\u1ee3ng v\u00e0 d\u1ecbch v\u1ee5 ho\u00e0n h\u1ea3o, mang \u0111\u1ebfn s\u1ef1 h\u00e0i l\u00f2ng cho kh\u00e1ch h\u00e0ng c\u0169ng nh\u01b0 \u0111\u00f3ng g\u00f3p cho \u0111\u1ea5t n\u01b0\u1edbc t\u1ed1t \u0111\u1eb9p h\u01a1n th\u00f4ng qua nh\u1eefng gi\u00e1 tr\u1ecb m\u00e0 c\u00f4ng ty \u0111ang kh\u00f4ng ng\u1eebng theo \u0111u\u1ed5i.<\/p>\n[row]\n\n[col span=\"6\" span__sm=\"12\"]\n\n[ux_image id=\"2068\"]\n\n\n[\/col]\n[col span=\"6\" span__sm=\"12\"]\n\n<p>Anh Goto Daishi th\u00ec tin r\u1eb1ng ch\u1ec9 c\u00f3 s\u00e1ch m\u1edbi khi\u1ebfn con ng\u01b0\u1eddi ta tr\u1edf n\u00ean v\u0103n minh v\u00e0 ti\u1ebfn b\u1ed9, c\u00f2n anh Nguy\u1ec5n Tu\u1ea5n Anh th\u00ec cho r\u1eb1ng ch\u00fang ta ph\u1ea3i mang s\u00e1ch \u0111\u1ebfn n\u01a1i m\u00e0 ng\u01b0\u1eddi ta th\u1ef1c s\u1ef1 c\u1ea7n, chia s\u1ebb nh\u1eefng gi\u00e1 tr\u1ecb m\u00e0 ng\u01b0\u1eddi kh\u00e1c \u0111ang thi\u1ebfu, \u0111\u00f3 l\u00e0 c\u00e1ch \u0111\u1ec3 ch\u00fang ta ho\u00e0n thi\u1ec7n con ng\u01b0\u1eddi v\u00e0 g\u00f3p ph\u1ea7n l\u00e0m cho x\u00e3 h\u1ed9i ho\u00e0n thi\u1ec7n h\u01a1n.\u00a0<\/p>\n<p>May m\u1eafn r\u1eb1ng<strong> SACHVIET.EU\u00a0<\/strong>\u0111\u00e3 c\u00f3 c\u01a1 h\u1ed9i \u0111\u01b0\u1ee3c anh Nguy\u1ec5n Tu\u1ea5n Anh h\u1ee3p t\u00e1c gi\u00fap \u0111\u1ee1 h\u1ebft m\u00ecnh \u0111\u1ec3 The Stations c\u00f3 th\u1ec3 d\u1ec5 d\u00e0ng \u0111\u01b0a nh\u1eefng cu\u1ed1n s\u00e1ch ehon sang ph\u1ee5c v\u1ee5 nhu c\u1ea7u c\u1ee7a ng\u01b0\u1eddi Vi\u1ec7t t\u1ea1i Ch\u00e2u \u00c2u. V\u00e0 kh\u00f4ng g\u00ec vui m\u1eebng h\u01a1n l\u00e0 nh\u1eefng b\u1ea1n \u0111\u1ed9c gi\u1ea3 nh\u00ed c\u00f3 th\u1ec3 ti\u1ebfp c\u1eadn v\u00e0 c\u1ea7m tr\u00ean tay nh\u1eefng cu\u1ed1n s\u00e1ch ch\u1ea5t l\u01b0\u1ee3ng \u0111\u01b0\u1ee3c \u0111\u1ea7u t\u01b0 t\u1ec9 m\u1ec9, k\u1ef9 c\u00e0ng ch\u1ec9n chu v\u1ec1 c\u1ea3 n\u1ed9i dung l\u1eabn h\u00ecnh th\u1ee9c b\u1eb1ng ti\u1ebfng Vi\u1ec7t.<\/p>\n<p><strong>SACHVIET.EU<\/strong> lu\u00f4n tin t\u01b0\u1edfng r\u1eb1ng ng\u00f4n ng\u1eef m\u1eb9 \u0111\u1ebb lu\u00f4n l\u00e0 th\u1ee9 ng\u00f4n ng\u1eef thi\u00eang li\u00eang nh\u1ea5t v\u00e0 lu\u00f4n mong mu\u1ed1n c\u00e1c \u0111\u1ed9c gi\u1ea3 Vi\u1ec7t c\u00f3 c\u01a1 h\u1ed9i \u0111\u01b0\u1ee3c s\u1edf h\u1eefu nh\u1eefng cu\u1ed1n s\u00e1ch b\u1ea3n quy\u1ec1n \u0111\u1ea7y ch\u1ea5t l\u01b0\u1ee3ng b\u00e1n s\u1eb5n t\u1ea1i Ch\u00e2u \u00c2u<\/p>\n<p>\u00a0<\/p>\n\n[\/col]\n\n[\/row]\n\n<!-- \/wp:flatsome\/uxbuilder -->","post_title":"Wabooks","post_excerpt":"","post_status":"publish","comment_status":"closed","ping_status":"closed","post_password":"","post_name":"wabooks","to_ping":"","pinged":"","post_modified":"2022-12-19 22:37:02","post_modified_gmt":"2022-12-19 20:37:02","post_content_filtered":"","post_parent":0,"guid":"https:\/\/sachviet.eu\/?post_type=publisher&#038;p=1420","menu_order":0,"post_type":"publisher","post_mime_type":"","comment_count":"0","filter":"raw"}},"_links":{"self":[{"href":"https:\/\/sachviet.eu\/en\/wp-json\/wp\/v2\/product\/1912","targetHints":{"allow":["GET"]}}],"collection":[{"href":"https:\/\/sachviet.eu\/en\/wp-json\/wp\/v2\/product"}],"about":[{"href":"https:\/\/sachviet.eu\/en\/wp-json\/wp\/v2\/types\/product"}],"wp:featuredmedia":[{"embeddable":true,"href":"https:\/\/sachviet.eu\/en\/wp-json\/wp\/v2\/media\/1901"}],"wp:attachment":[{"href":"https:\/\/sachviet.eu\/en\/wp-json\/wp\/v2\/media?parent=1912"}],"wp:term":[{"taxonomy":"product_brand","embeddable":true,"href":"https:\/\/sachviet.eu\/en\/wp-json\/wp\/v2\/product_brand?post=1912"},{"taxonomy":"product_cat","embeddable":true,"href":"https:\/\/sachviet.eu\/en\/wp-json\/wp\/v2\/product_cat?post=1912"},{"taxonomy":"product_tag","embeddable":true,"href":"https:\/\/sachviet.eu\/en\/wp-json\/wp\/v2\/product_tag?post=1912"}],"curies":[{"name":"wp","href":"https:\/\/api.w.org\/{rel}","templated":true}]}}