{"id":1900,"date":"2021-02-21T00:03:36","date_gmt":"2021-02-20T22:03:36","guid":{"rendered":"https:\/\/sachviet.eu\/shop\/ehon-choi-the-thao-cung-kenta-set-6-quyen\/"},"modified":"2022-04-25T15:24:46","modified_gmt":"2022-04-25T12:24:46","slug":"ehon-choi-the-thao-cung-kenta-set-6-quyen","status":"publish","type":"product","link":"https:\/\/sachviet.eu\/en\/shop\/ehon-choi-the-thao-cung-kenta-set-6-quyen\/","title":{"rendered":"Ehon Ch\u01a1i th\u1ec3 thao c\u00f9ng Kenta &#8211; set 6 quy\u1ec3n"},"content":{"rendered":"<p>B\u1ed9 truy\u1ec7n Ehon \u201cC\u00f9ng ch\u01a1i th\u1ec3 thao v\u1edbi Kenta n\u00e0o!\u201d g\u1ed3m 6 \u0111\u1ea7u s\u00e1ch k\u1ec3 v\u1ec1 vi\u1ec7c b\u1ea1n nh\u1ecf Kenta t\u1eadp luy\u1ec7n th\u1ec3 thao trong m\u00f9a h\u00e8, bao g\u1ed3m: Kenta thi ch\u1ea1y, Kenta h\u1ecdc b\u01a1i, Kenta leo n\u00fai, Kenta t\u1eadp xe \u0111\u1ea1p, Kenta t\u1eadp b\u00f3ng ch\u00e0y, Kenta tr\u01b0\u1ee3t b\u0103ng. B\u1ed9 s\u00e1ch ph\u00f9 h\u1ee3p v\u1edbi c\u00e1c b\u00e9 trong l\u1ee9a tu\u1ed5i t\u1eeb 6-8 tu\u1ed5i, kh\u01a1i g\u1ee3i cho tr\u1ebb ni\u1ec1m y\u00eau th\u00edch c\u00e1c m\u00f4n th\u1ec3 thao ngo\u00e0i tr\u1eddi.<\/p>\n<p>C\u0169ng nh\u01b0 c\u00e1c c\u00f4 b\u00e9, c\u1eadu b\u00e9 trong l\u1ee9a tu\u1ed5i n\u00e0y, Kenta r\u1ea5t n\u0103ng \u0111\u1ed9ng nh\u01b0ng c\u0169ng c\u00f3 ph\u1ea7n nghi ng\u1ea1i khi tr\u1ea3i nghi\u1ec7m nh\u1eefng \u0111i\u1ec1u m\u1edbi l\u1ea1. \u0110\u00f3 l\u00e0 l\u00fd do t\u1ea1i sao khi Kenta b\u1eaft \u0111\u1ea7u h\u1ecdc b\u01a1i hay ch\u1ea1y xe \u0111\u1ea1p th\u00ec \u0111\u1ec1u xu\u1ea5t hi\u1ec7n m\u1ed9t ch\u00fat lo l\u1eafng. C\u00f9ng v\u1edbi \u0111\u00f3, Kenta c\u0169ng r\u1ea5t th\u00edch \u0111\u01b0\u1ee3c t\u1eadn h\u01b0\u1edfng c\u1ea3m gi\u00e1c chi\u1ebfn th\u1eafng, c\u1ea3m gi\u00e1c chinh ph\u1ee5c \u0111\u01b0\u1ee3c \u0111i\u1ec1u g\u00ec \u0111\u00f3 v\u00e0 ch\u1ee9ng t\u1ecf r\u1eb1ng b\u1ea3n th\u00e2n m\u00ecnh s\u1eafp tr\u1edf th\u00e0nh ng\u01b0\u1eddi l\u1edbn, \u0111\u01b0\u1ee3c c\u00f4ng nh\u1eadn th\u00e0nh qu\u1ea3 c\u1ee7a b\u1ea3n th\u00e2n m\u00ecnh. V\u1ec1 t\u00ednh c\u00e1ch, Kenta l\u00e0 h\u00ecnh m\u1eabu \u0111\u1eb7c tr\u01b0ng cho c\u00e1c em b\u00e9 c\u00f9ng \u0111\u1ed9 tu\u1ed5i d\u1ec5 b\u1ecb ph\u00e2n t\u00e1n t\u01b0 t\u01b0\u1edfng, c\u00f3 nh\u1eefng \u0111i\u1ec1u th\u00edch v\u00e0 kh\u00f4ng th\u00edch, r\u1ea5t quan t\u00e2m v\u00e0 y\u00eau qu\u00fd nh\u1eefng ng\u01b0\u1eddi xung quanh, \u0111\u1eb7c bi\u1ec7t l\u00e0 nh\u1eefng ng\u01b0\u1eddi th\u00e2n trong gia \u0111\u00ecnh m\u00ecnh.<\/p>\n<p>B\u1ed9 truy\u1ec7n Ehon \u201cC\u00f9ng ch\u01a1i th\u1ec3 thao v\u1edbi Kenta n\u00e0o!\u201d v\u1edbi s\u00e1u c\u00e2u chuy\u1ec7n g\u1eafn li\u1ec1n v\u1edbi s\u00e1u ho\u1ea1t \u0111\u1ed9ng th\u1ec3 thao kh\u00e1c nhau, c\u0169ng l\u00e0 s\u00e1u tr\u1ea3i nghi\u1ec7m v\u00f4 c\u00f9ng k\u1ef3 di\u1ec7u m\u00e0 c\u00e1c b\u00e9 c\u00f3 th\u1ec3 c\u00f9ng Kenta tham gia m\u1ed7i ng\u00e0y.<\/p>\n<p>Trong c\u00e2u chuy\u1ec7n Kenta thi ch\u1ea1y, d\u00f9 r\u1ea5t th\u00edch nh\u01b0ng t\u1eebng c\u00f3 l\u00fac Kenta ngh\u0129 r\u1eb1ng m\u00ecnh kh\u00f4ng th\u1ec3 tham gia cu\u1ed9c thi ch\u1ea1y \u1edf tr\u01b0\u1eddng \u0111\u01b0\u1ee3c. Tuy nhi\u00ean, nh\u1edd s\u1ef1 \u0111\u1ed9ng vi\u00ean c\u1ee7a b\u1ed1 m\u1eb9, nh\u1eefng ng\u01b0\u1eddi b\u1ea1n th\u00e2n c\u00f9ng v\u1edbi s\u1ef1 t\u1eadp luy\u1ec7n ch\u0103m ch\u1ec9, Kenta \u0111\u00e3 v\u01b0\u1ee3t qua \u0111\u01b0\u1ee3c nh\u1eefng gi\u1edd t\u1eadp luy\u1ec7n m\u1ec7t m\u1ecfi, s\u1ef1 t\u1ef1 ti v\u00e0 v\u01b0\u1ee3t qua c\u1ea3 nh\u1eefng v\u1ebft th\u01b0\u01a1ng ch\u1ea3y m\u00e1u \u0111\u1ec3 \u0111\u1ea1t \u0111\u01b0\u1ee3c huy ch\u01b0\u01a1ng v\u00e0ng trong cu\u1ed9c thi ch\u1ea1y \u1edf tr\u01b0\u1eddng.<\/p>\n<p>V\u1edbi vi\u1ec7c h\u1ecdc b\u01a1i, Kenta v\u1ed1n kh\u00f4ng th\u00edch v\u00ec s\u1ee3 n\u01b0\u1edbc chui v\u00e0o m\u1eaft, v\u00e0o tai,\u2026 nh\u01b0ng sau \u0111\u00f3 \u0111\u01b0\u1ee3c th\u1ea7y gi\u00e1o h\u01b0\u1edbng d\u1eabn, Kenta \u0111\u00e3 th\u1ea5y r\u1eb1ng h\u1ecdc b\u01a1i c\u0169ng th\u00fa v\u1ecb \u0111\u1ea5y ch\u1ee9 nh\u1ec9. B\u1ea1n \u1ea5y \u0111\u00e3 bi\u1ebft \u0111\u01b0\u1ee3c c\u00e1ch di chuy\u1ec3n, bi\u1ebft c\u00e1ch th\u1edf v\u00e0 tham gia c\u00e1c tr\u00f2 ch\u01a1i th\u1eadt vui d\u01b0\u1edbi n\u01b0\u1edbc. V\u00e0 cu\u1ed1i c\u00f9ng, b\u1ea1n \u1ea5y c\u0169ng th\u1ea5y r\u1eb1ng \u0111i h\u1ecdc b\u01a1i m\u00f9a h\u00e8 v\u1eeba m\u00e1t, v\u1eeba b\u1ed5 \u00edch, l\u1ea1i gi\u00fap b\u1ea1n \u1ea5y v\u01b0\u1ee3t qua nh\u1eefng n\u1ed7i s\u1ee3 h\u00e3i c\u1ee7a b\u1ea3n th\u00e2n m\u00ecnh.<\/p>\n<p>Trong l\u1ea7n leo n\u00fai \u0111\u1ea7u ti\u00ean c\u1ee7a m\u00ecnh, Kenta \u0111\u01b0\u1ee3c c\u1ea3m nh\u1eadn kh\u00f4ng gian trong l\u00e0nh t\u1eeb tr\u00ean cao. Vi\u1ec7c quy\u1ebft t\u00e2m chinh ph\u1ee5c \u0111\u01b0\u1ee3c \u0111\u1ec9nh n\u00fai cao kh\u00f4ng ch\u1ec9 ch\u1ee9ng minh r\u1eb1ng Kenta v\u00e0 nh\u1eefng ng\u01b0\u1eddi b\u1ea1n nh\u1ecf c\u1ee7a m\u00ecnh r\u1ea5t d\u0169ng c\u1ea3m, r\u1ea5t \u0111o\u00e0n k\u1ebft m\u00e0 c\u00f2n cho c\u00e1c b\u1ea1n \u1ea5y chi\u00eam ng\u01b0\u1ee1ng m\u1ed9t th\u1ebf b\u1ea7u kh\u00f4ng gian tuy\u1ec7t v\u1eddi t\u1eeb tr\u00ean n\u00fai, ho\u00e0n to\u00e0n kh\u00e1c v\u1edbi m\u1eb7t \u0111\u1ea5t n\u01a1i m\u00e0 ch\u00fang ta \u0111ang sinh s\u1ed1ng.<\/p>\n<p>V\u1edbi m\u00f3n qu\u00e0 c\u1ee7a b\u1ed1 l\u00e0 chi\u1ebfc xe \u0111\u1ea1p m\u00e0u \u0111\u1ecf r\u1ea5t \u0111\u1eb9p, Kenta \u0111\u00e3 quy\u1ebft t\u00e2m ph\u1ea3i t\u1eadp \u0111\u1ea1p xe b\u1eb1ng \u0111\u01b0\u1ee3c \u0111\u1ec3 t\u1ef1 m\u00ecnh \u0111i\u1ec1u khi\u1ec3n n\u00f3. Vi\u1ec7c t\u1eadp xe \u0111\u1ea1p \u0111\u1ec1u kh\u00f3 kh\u0103n v\u1edbi m\u1ed7i em b\u00e9, v\u00e0 c\u00fa ng\u00e3 ch\u1ea3y m\u00e1u \u0111\u00e3 khi\u1ebfn b\u1ea1n \u1ea5y s\u1ee3 h\u00e3i. Nh\u01b0ng nh\u1edd s\u1ef1 \u0111\u1ed9ng vi\u00ean c\u1ee7a m\u1eb9 v\u00e0 s\u1ef1 gi\u00fap \u0111\u1ee1 c\u1ee7a anh b\u1ea1n h\u00e0ng x\u00f3m t\u1ed1t b\u1ee5ng, Kenta \u0111\u00e3 l\u00e0m \u0111\u01b0\u1ee3c v\u00e0 th\u1ea5y r\u1eb1ng bi\u1ebft \u0111i xe \u0111\u1ea1p th\u1eadt l\u00e0 th\u00edch.<\/p>\n<p>Trong c\u00e2u chuy\u1ec7n Kenta t\u1eadp ch\u01a1i b\u00f3ng ch\u00e0y, nh\u1edd s\u1ef1 t\u00f2 m\u00f2 v\u1ec1 m\u00f4n th\u1ec3 thao n\u00e0y khi \u0111\u01b0\u1ee3c ph\u00e1t tr\u00ean ti vi, Kenta \u0111\u00e3 v\u00f4 c\u00f9ng h\u1ee9ng th\u00fa v\u00e0 mu\u1ed1n r\u1ee7 nh\u1eefng ng\u01b0\u1eddi b\u1ea1n th\u00e2n c\u1ee7a m\u00ecnh c\u00f9ng t\u1eadp luy\u1ec7n. Ch\u01a1i th\u1ec3 thao s\u1ebd r\u1ea5t t\u1ed1t cho s\u1ee9c kh\u1ecfe, gi\u00fap Kenta cao l\u1edbn h\u01a1n. Trong l\u00fac ch\u01a1i, b\u1ea1n \u1ea5y nh\u1ee1 \u0111\u00e1nh b\u00f3ng l\u00e0m v\u1ee1 c\u1ee7a s\u1ed5 nh\u00e0 \u00f4ng Sugai v\u00e0 ch\u1ea1y tr\u1ed1n v\u00ec s\u1ee3 \u00f4ng qu\u1edf tr\u00e1ch. Nh\u01b0ng \u0111\u1ebfn cu\u1ed1i c\u00f9ng, Kenta \u0111\u00e3 h\u1ecdc \u0111\u01b0\u1ee3c c\u00e1ch nh\u1eadn l\u1ed7i, s\u1eeda ch\u1eefa sai l\u1ea7m m\u00e0 m\u00ecnh g\u00e2y ra.<\/p>\n<p>Cu\u1ed1i c\u00f9ng, Kenta v\u1eabn mu\u1ed1n \u0111\u01b0\u1ee3c th\u1eed c\u1ea3m gi\u00e1c tr\u01b0\u1ee3t tr\u00ean s\u00e2n b\u0103ng m\u00e1t l\u1ea1nh v\u00e0o m\u00f9a h\u00e8. \u0110\u00f3 l\u00e0 l\u00fd do t\u1ea1i sao Kenta mu\u1ed1n t\u1eadp tr\u01b0\u1ee3t m\u1ed9t c\u00e1ch nh\u1eb9 nh\u00e0ng, kh\u00e9o l\u00e9o nh\u01b0 l\u01b0\u1edbt \u0111i tr\u00ean m\u1eb7t b\u0103ng. Tr\u00f2 ch\u01a1i \u0111\u00f2i h\u1ecfi c\u00e1c b\u1ea1n nh\u1ecf ph\u1ea3i c\u00f3 s\u1ef1 kh\u00e9o l\u00e9o v\u00e0 kh\u1ea3 n\u0103ng gi\u1eef th\u0103ng b\u1eb1ng th\u1eadt t\u1ed1t. D\u00f9 h\u01a1i ch\u00f3ng m\u1eb7t m\u1ed9t ch\u00fat nh\u01b0ng Kenta quy\u1ebft t\u00e2m r\u00e8n luy\u1ec7n k\u1ef9 n\u0103ng tr\u01b0\u1ee3t b\u0103ng si\u00eau \u0111\u1ec9nh n\u00e0y.<\/p>\n<p>V\u1edbi s\u1ef1 quy\u1ebft t\u00e2m ho\u00e0n th\u00e0nh nh\u1eefng \u201cb\u00e0i h\u1ecdc\u201d c\u1ef1c k\u1ef3 m\u1edbi m\u1ebb \u0111\u00e3 tr\u1edf th\u00e0nh \u0111\u1ed9ng l\u1ef1c l\u1edbn \u0111\u1ed1i v\u1edbi b\u1ea3n th\u00e2n Kenta, khi\u1ebfn b\u1ea3n \u1ea5y c\u00f3 c\u1ea3m gi\u00e1c vui s\u01b0\u1edbng v\u00ec \u0111\u00e3 chinh ph\u1ee5c \u0111\u01b0\u1ee3c ch\u00ednh m\u00ecnh. Kenta r\u1ea5t t\u1ef1 h\u00e0o v\u1ec1 nh\u1eefng g\u00ec m\u00e0 m\u00ecnh \u0111\u00e3 c\u1ed1 g\u1eafng l\u00e0m \u0111\u01b0\u1ee3c v\u00e0 c\u0169ng r\u1ea5t h\u00e1o h\u1ee9c t\u00ecm hi\u1ec3u nh\u1eefng \u0111i\u1ec1u m\u1edbi n\u1eefa. M\u00f9a h\u00e8 c\u1ee7a Kenta th\u1eadt r\u1ef1c r\u1ee1 s\u1eafc m\u00e0u v\u00e0 \u0111\u1ea7y \u00fd ngh\u0129a.<\/p>\n  <div class=\"banner-grid-wrapper\">\n  <div id=\"banner-grid-1557621767\" class=\"banner-grid row row-grid row-small\" data-packery-options=\"\">\n                      <div class=\"col grid-col large-6 grid-col-1\" ><div class=\"col-inner\">\t<div class=\"img has-hover x md-x lg-x y md-y lg-y\" id=\"image_1330873409\">\n\t\t\t\t\t\t\t\t<div class=\"img-inner dark\" >\n\t\t\t<img loading=\"lazy\" decoding=\"async\" width=\"900\" height=\"427\" src=\"https:\/\/sachviet.eu\/wp-content\/uploads\/2021\/02\/4-5.png\" class=\"attachment-large size-large\" alt=\"\" srcset=\"https:\/\/sachviet.eu\/wp-content\/uploads\/2021\/02\/4-5.png 900w, https:\/\/sachviet.eu\/wp-content\/uploads\/2021\/02\/4-5-300x142.png 300w, https:\/\/sachviet.eu\/wp-content\/uploads\/2021\/02\/4-5-768x364.png 768w, https:\/\/sachviet.eu\/wp-content\/uploads\/2021\/02\/4-5-600x285.png 600w\" sizes=\"auto, (max-width: 900px) 100vw, 900px\" \/>\t\t\t\t\t\t\n\t\t\t\t\t<\/div>\n\t\t\t\t\t\t\t\t\n<style>\n#image_1330873409 {\n  width: 100%;\n}\n<\/style>\n\t<\/div>\n\t<\/div><\/div><div class=\"col grid-col large-6 grid-col-1\" ><div class=\"col-inner\">\t<div class=\"img has-hover x md-x lg-x y md-y lg-y\" id=\"image_163308611\">\n\t\t\t\t\t\t\t\t<div class=\"img-inner dark\" >\n\t\t\t<img loading=\"lazy\" decoding=\"async\" width=\"900\" height=\"427\" src=\"https:\/\/sachviet.eu\/wp-content\/uploads\/2021\/02\/4-4.png\" class=\"attachment-large size-large\" alt=\"\" srcset=\"https:\/\/sachviet.eu\/wp-content\/uploads\/2021\/02\/4-4.png 900w, https:\/\/sachviet.eu\/wp-content\/uploads\/2021\/02\/4-4-300x142.png 300w, https:\/\/sachviet.eu\/wp-content\/uploads\/2021\/02\/4-4-768x364.png 768w, https:\/\/sachviet.eu\/wp-content\/uploads\/2021\/02\/4-4-600x285.png 600w\" sizes=\"auto, (max-width: 900px) 100vw, 900px\" \/>\t\t\t\t\t\t\n\t\t\t\t\t<\/div>\n\t\t\t\t\t\t\t\t\n<style>\n#image_163308611 {\n  width: 100%;\n}\n<\/style>\n\t<\/div>\n\t<\/div><\/div>            <\/div>\n    <style>\n    #banner-grid-1557621767 .grid-col-1{height: 600px}\n    #banner-grid-1557621767 .grid-col-1-2{height: 300px}\n    #banner-grid-1557621767 .grid-col-1-3{height:200px}\n    #banner-grid-1557621767 .grid-col-2-3{height: 400px}\n    #banner-grid-1557621767 .grid-col-1-4{height: 150px}\n    #banner-grid-1557621767 .grid-col-3-4{height: 450px}\n\n\n    \n    \n\n  <\/style>\n    <\/div>\n  \n","protected":false},"excerpt":{"rendered":"<p>B\u1ed9 truy\u1ec7n Ehon \u201cC\u00f9ng ch\u01a1i th\u1ec3 thao v\u1edbi Kenta n\u00e0o!\u201d g\u1ed3m 6 \u0111\u1ea7u s\u00e1ch k\u1ec3 v\u1ec1 vi\u1ec7c b\u1ea1n nh\u1ecf Kenta t\u1eadp luy\u1ec7n th\u1ec3 thao trong m\u00f9a h\u00e8, bao g\u1ed3m: Kenta thi ch\u1ea1y, Kenta h\u1ecdc b\u01a1i, Kenta leo n\u00fai, Kenta t\u1eadp xe \u0111\u1ea1p, Kenta t\u1eadp b\u00f3ng ch\u00e0y, Kenta tr\u01b0\u1ee3t b\u0103ng. B\u1ed9 s\u00e1ch ph\u00f9 h\u1ee3p v\u1edbi c\u00e1c b\u00e9 trong l\u1ee9a tu\u1ed5i t\u1eeb 6-8 tu\u1ed5i, kh\u01a1i g\u1ee3i cho tr\u1ebb ni\u1ec1m y\u00eau th\u00edch c\u00e1c m\u00f4n th\u1ec3 thao ngo\u00e0i tr\u1eddi.<\/p>\n<p>C\u0169ng nh\u01b0 c\u00e1c c\u00f4 b\u00e9, c\u1eadu b\u00e9 trong l\u1ee9a tu\u1ed5i n\u00e0y, Kenta r\u1ea5t n\u0103ng \u0111\u1ed9ng nh\u01b0ng c\u0169ng c\u00f3 ph\u1ea7n nghi ng\u1ea1i khi tr\u1ea3i nghi\u1ec7m nh\u1eefng \u0111i\u1ec1u m\u1edbi l\u1ea1. \u0110\u00f3 l\u00e0 l\u00fd do t\u1ea1i sao khi Kenta b\u1eaft \u0111\u1ea7u h\u1ecdc b\u01a1i hay ch\u1ea1y xe \u0111\u1ea1p th\u00ec \u0111\u1ec1u xu\u1ea5t hi\u1ec7n m\u1ed9t ch\u00fat lo l\u1eafng. C\u00f9ng v\u1edbi \u0111\u00f3, Kenta c\u0169ng r\u1ea5t th\u00edch \u0111\u01b0\u1ee3c t\u1eadn h\u01b0\u1edfng c\u1ea3m gi\u00e1c chi\u1ebfn th\u1eafng, c\u1ea3m gi\u00e1c chinh ph\u1ee5c \u0111\u01b0\u1ee3c \u0111i\u1ec1u g\u00ec \u0111\u00f3 v\u00e0 ch\u1ee9ng t\u1ecf r\u1eb1ng b\u1ea3n th\u00e2n m\u00ecnh s\u1eafp tr\u1edf th\u00e0nh ng\u01b0\u1eddi l\u1edbn, \u0111\u01b0\u1ee3c c\u00f4ng nh\u1eadn th\u00e0nh qu\u1ea3 c\u1ee7a b\u1ea3n th\u00e2n m\u00ecnh. V\u1ec1 t\u00ednh c\u00e1ch, Kenta l\u00e0 h\u00ecnh m\u1eabu \u0111\u1eb7c tr\u01b0ng cho c\u00e1c em b\u00e9 c\u00f9ng \u0111\u1ed9 tu\u1ed5i d\u1ec5 b\u1ecb ph\u00e2n t\u00e1n t\u01b0 t\u01b0\u1edfng, c\u00f3 nh\u1eefng \u0111i\u1ec1u th\u00edch v\u00e0 kh\u00f4ng th\u00edch, r\u1ea5t quan t\u00e2m v\u00e0 y\u00eau qu\u00fd nh\u1eefng ng\u01b0\u1eddi xung quanh, \u0111\u1eb7c bi\u1ec7t l\u00e0 nh\u1eefng ng\u01b0\u1eddi th\u00e2n trong gia \u0111\u00ecnh m\u00ecnh.<\/p>\n<p>B\u1ed9 truy\u1ec7n Ehon \u201cC\u00f9ng ch\u01a1i th\u1ec3 thao v\u1edbi Kenta n\u00e0o!\u201d v\u1edbi s\u00e1u c\u00e2u chuy\u1ec7n g\u1eafn li\u1ec1n v\u1edbi s\u00e1u ho\u1ea1t \u0111\u1ed9ng th\u1ec3 thao kh\u00e1c nhau, c\u0169ng l\u00e0 s\u00e1u tr\u1ea3i nghi\u1ec7m v\u00f4 c\u00f9ng k\u1ef3 di\u1ec7u m\u00e0 c\u00e1c b\u00e9 c\u00f3 th\u1ec3 c\u00f9ng Kenta tham gia m\u1ed7i ng\u00e0y.<\/p>\n","protected":false},"featured_media":1878,"template":"","meta":{"_acf_changed":false},"product_brand":[],"product_cat":[25,17],"product_tag":[],"class_list":{"0":"post-1900","1":"product","2":"type-product","3":"status-publish","4":"has-post-thumbnail","6":"product_cat-nhi-dong-6-tuoi-12-tuoi","7":"product_cat-sach-danh-cho-cac-be","9":"first","10":"outofstock","11":"taxable","12":"shipping-taxable","13":"purchasable","14":"product-type-simple"},"supplier_id":null,"supplier_sku":"","barcode":null,"atum_controlled":true,"out_stock_date":"2022-04-25 09:24:46","out_stock_threshold":null,"inheritable":false,"inbound_stock":0,"stock_on_hold":0,"sold_today":0,"sales_last_days":0,"reserved_stock":0,"customer_returns":0,"warehouse_damage":0,"lost_in_post":0,"other_logs":0,"out_stock_days":1374,"lost_sales":0,"has_location":false,"update_date":"2026-01-28T23:10:30","atum_locations":[],"atum_stock_status":"outofstock","restock_status":false,"low_stock_amount":"","sales_update_date":"2026-01-28T23:10:30","calc_backorders":null,"acf":{"publisher":{"ID":1420,"post_author":"1","post_date":"2021-02-16 23:03:17","post_date_gmt":"2021-02-16 21:03:17","post_content":"<!-- wp:flatsome\/uxbuilder -->\n<h1 style=\"text-align: center\"><strong>WABOOKS<\/strong><\/h1>\n[ux_image id=\"1430\"]\n\n[gap]\n\n<p style=\"text-align: left\">Wabooks l\u00e0 c\u00f4ng ty s\u00e1ch ho\u1ea1t \u0111\u1ed9ng chuy\u00ean nghi\u1ec7p trong l\u0129nh v\u1ef1c xu\u1ea5t b\u1ea3n s\u00e1ch. Ph\u1ea7n l\u1edbn ngu\u1ed3n l\u1ef1c c\u1ee7a c\u00f4ng ty \u0111\u1ea7u t\u01b0 v\u00e0o nghi\u00ean c\u1ee9u, mua b\u1ea3n quy\u1ec1n, d\u1ecbch v\u00e0 xu\u1ea5t b\u1ea3n c\u00e1c \u1ea5n ph\u1ea9m v\u0103n h\u00f3a, tri th\u1ee9c c\u1ee7a Nh\u1eadt B\u1ea3n t\u1ea1i Vi\u1ec7t Nam. Wabooks lu\u00f4n kh\u00f4ng ng\u1eebng n\u1ed7 l\u1ef1c mang \u0111\u1ebfn nh\u1eefng s\u1ea3n ph\u1ea9m c\u00f3 ch\u1ea5t l\u01b0\u1ee3ng v\u00e0 d\u1ecbch v\u1ee5 ho\u00e0n h\u1ea3o, mang \u0111\u1ebfn s\u1ef1 h\u00e0i l\u00f2ng cho kh\u00e1ch h\u00e0ng c\u0169ng nh\u01b0 \u0111\u00f3ng g\u00f3p cho \u0111\u1ea5t n\u01b0\u1edbc t\u1ed1t \u0111\u1eb9p h\u01a1n th\u00f4ng qua nh\u1eefng gi\u00e1 tr\u1ecb m\u00e0 c\u00f4ng ty \u0111ang kh\u00f4ng ng\u1eebng theo \u0111u\u1ed5i.<\/p>\n[row]\n\n[col span=\"6\" span__sm=\"12\"]\n\n[ux_image id=\"2068\"]\n\n\n[\/col]\n[col span=\"6\" span__sm=\"12\"]\n\n<p>Anh Goto Daishi th\u00ec tin r\u1eb1ng ch\u1ec9 c\u00f3 s\u00e1ch m\u1edbi khi\u1ebfn con ng\u01b0\u1eddi ta tr\u1edf n\u00ean v\u0103n minh v\u00e0 ti\u1ebfn b\u1ed9, c\u00f2n anh Nguy\u1ec5n Tu\u1ea5n Anh th\u00ec cho r\u1eb1ng ch\u00fang ta ph\u1ea3i mang s\u00e1ch \u0111\u1ebfn n\u01a1i m\u00e0 ng\u01b0\u1eddi ta th\u1ef1c s\u1ef1 c\u1ea7n, chia s\u1ebb nh\u1eefng gi\u00e1 tr\u1ecb m\u00e0 ng\u01b0\u1eddi kh\u00e1c \u0111ang thi\u1ebfu, \u0111\u00f3 l\u00e0 c\u00e1ch \u0111\u1ec3 ch\u00fang ta ho\u00e0n thi\u1ec7n con ng\u01b0\u1eddi v\u00e0 g\u00f3p ph\u1ea7n l\u00e0m cho x\u00e3 h\u1ed9i ho\u00e0n thi\u1ec7n h\u01a1n.\u00a0<\/p>\n<p>May m\u1eafn r\u1eb1ng<strong> SACHVIET.EU\u00a0<\/strong>\u0111\u00e3 c\u00f3 c\u01a1 h\u1ed9i \u0111\u01b0\u1ee3c anh Nguy\u1ec5n Tu\u1ea5n Anh h\u1ee3p t\u00e1c gi\u00fap \u0111\u1ee1 h\u1ebft m\u00ecnh \u0111\u1ec3 The Stations c\u00f3 th\u1ec3 d\u1ec5 d\u00e0ng \u0111\u01b0a nh\u1eefng cu\u1ed1n s\u00e1ch ehon sang ph\u1ee5c v\u1ee5 nhu c\u1ea7u c\u1ee7a ng\u01b0\u1eddi Vi\u1ec7t t\u1ea1i Ch\u00e2u \u00c2u. V\u00e0 kh\u00f4ng g\u00ec vui m\u1eebng h\u01a1n l\u00e0 nh\u1eefng b\u1ea1n \u0111\u1ed9c gi\u1ea3 nh\u00ed c\u00f3 th\u1ec3 ti\u1ebfp c\u1eadn v\u00e0 c\u1ea7m tr\u00ean tay nh\u1eefng cu\u1ed1n s\u00e1ch ch\u1ea5t l\u01b0\u1ee3ng \u0111\u01b0\u1ee3c \u0111\u1ea7u t\u01b0 t\u1ec9 m\u1ec9, k\u1ef9 c\u00e0ng ch\u1ec9n chu v\u1ec1 c\u1ea3 n\u1ed9i dung l\u1eabn h\u00ecnh th\u1ee9c b\u1eb1ng ti\u1ebfng Vi\u1ec7t.<\/p>\n<p><strong>SACHVIET.EU<\/strong> lu\u00f4n tin t\u01b0\u1edfng r\u1eb1ng ng\u00f4n ng\u1eef m\u1eb9 \u0111\u1ebb lu\u00f4n l\u00e0 th\u1ee9 ng\u00f4n ng\u1eef thi\u00eang li\u00eang nh\u1ea5t v\u00e0 lu\u00f4n mong mu\u1ed1n c\u00e1c \u0111\u1ed9c gi\u1ea3 Vi\u1ec7t c\u00f3 c\u01a1 h\u1ed9i \u0111\u01b0\u1ee3c s\u1edf h\u1eefu nh\u1eefng cu\u1ed1n s\u00e1ch b\u1ea3n quy\u1ec1n \u0111\u1ea7y ch\u1ea5t l\u01b0\u1ee3ng b\u00e1n s\u1eb5n t\u1ea1i Ch\u00e2u \u00c2u<\/p>\n<p>\u00a0<\/p>\n\n[\/col]\n\n[\/row]\n\n<!-- \/wp:flatsome\/uxbuilder -->","post_title":"Wabooks","post_excerpt":"","post_status":"publish","comment_status":"closed","ping_status":"closed","post_password":"","post_name":"wabooks","to_ping":"","pinged":"","post_modified":"2022-12-19 22:37:02","post_modified_gmt":"2022-12-19 20:37:02","post_content_filtered":"","post_parent":0,"guid":"https:\/\/sachviet.eu\/?post_type=publisher&#038;p=1420","menu_order":0,"post_type":"publisher","post_mime_type":"","comment_count":"0","filter":"raw"}},"_links":{"self":[{"href":"https:\/\/sachviet.eu\/en\/wp-json\/wp\/v2\/product\/1900","targetHints":{"allow":["GET"]}}],"collection":[{"href":"https:\/\/sachviet.eu\/en\/wp-json\/wp\/v2\/product"}],"about":[{"href":"https:\/\/sachviet.eu\/en\/wp-json\/wp\/v2\/types\/product"}],"wp:featuredmedia":[{"embeddable":true,"href":"https:\/\/sachviet.eu\/en\/wp-json\/wp\/v2\/media\/1878"}],"wp:attachment":[{"href":"https:\/\/sachviet.eu\/en\/wp-json\/wp\/v2\/media?parent=1900"}],"wp:term":[{"taxonomy":"product_brand","embeddable":true,"href":"https:\/\/sachviet.eu\/en\/wp-json\/wp\/v2\/product_brand?post=1900"},{"taxonomy":"product_cat","embeddable":true,"href":"https:\/\/sachviet.eu\/en\/wp-json\/wp\/v2\/product_cat?post=1900"},{"taxonomy":"product_tag","embeddable":true,"href":"https:\/\/sachviet.eu\/en\/wp-json\/wp\/v2\/product_tag?post=1900"}],"curies":[{"name":"wp","href":"https:\/\/api.w.org\/{rel}","templated":true}]}}