{"id":18904,"date":"2022-04-21T20:44:39","date_gmt":"2022-04-21T17:44:39","guid":{"rendered":"https:\/\/sachviet.eu\/shop\/bo-sach-mumi-tron-bo-8-cuon\/"},"modified":"2026-03-31T21:22:41","modified_gmt":"2026-03-31T18:22:41","slug":"bo-sach-mumi-tron-bo-8-cuon","status":"publish","type":"product","link":"https:\/\/sachviet.eu\/en\/shop\/bo-sach-mumi-tron-bo-8-cuon\/","title":{"rendered":"B\u1ed9 s\u00e1ch Mumi &#8211; Tr\u1ecdn b\u1ed9 8 cu\u1ed1n"},"content":{"rendered":"<p>Nh\u00e0 v\u0103n, h\u1ecda s\u0129 Tove Jansson l\u00e0 m\u1ed9t trong nh\u1eefng t\u00e1c gi\u1ea3 Ph\u1ea7n Lan c\u00f3 t\u00e1c ph\u1ea9m \u0111\u01b0\u1ee3c d\u1ecbch ra nhi\u1ec1u ng\u00f4n ng\u1eef nh\u1ea5t tr\u00ean th\u1ebf gi\u1edbi (44 ng\u00f4n ng\u1eef). Trong ca\u0309 s\u01b0\u0323 nghi\u00ea\u0323p cu\u0309a mi\u0300nh, b\u00e0 \u0111a\u0303 nh\u00e2\u0323n \u0111\u01b0\u01a1\u0323c h\u01a1n 50 gi\u1ea3i th\u01b0\u01a1\u0309ng, trong \u0111\u00f3 c\u00f3 gi\u1ea3i th\u01b0\u1edfng Hans Christian Andersen (1966) \u2013 \u0111\u01b0\u1ee3c v\u00ed nh\u01b0 Gi\u1ea3i Nobel cho V\u0103n h\u1ecdc thi\u1ebfu nhi.<br \/>\nD\u1ecbch gi\u1ea3 V\u00f5 Xu\u00e2n Qu\u1ebf chia s\u1ebb: \u201cTove Jansson \u0111\u00e3 t\u1ea1o n\u00ean m\u1ed9t th\u1ebf gi\u1edbi thanh b\u00ecnh nh\u01b0 trong truy\u1ec7n c\u1ed5 t\u00edch c\u1ee7a x\u1ee9 B\u1eafc \u00c2u v\u1edbi cu\u1ed9c s\u1ed1ng \u0111\u1ea7y nh\u00e2n b\u1ea3n, kh\u00f4ng c\u00f3 b\u1ea1o l\u1ef1c v\u00e0 thu\u0300 h\u00e2\u0323n. Ng\u00f4i nh\u00e0 h\u00ecnh tr\u00f2n v\u1edbi m\u00e1i nh\u1ecdn trong thung l\u0169ng \u0111\u1ea7y hoa v\u1ec1 m\u00f9a h\u00e8 v\u00e0 tr\u1eafng to\u00e1t tuy\u1ebft v\u00e0o m\u00f9a \u0111\u00f4ng kh\u00f4ng ch\u1ec9 l\u00e0 nh\u00e0 c\u1ee7a gia \u0111\u00ecnh Mumi v\u1edbi nh\u1eefng th\u00e0nh vi\u00ean ch\u00ednh: Mumi, Mumi B\u1ed1, Mumi M\u1eb9; m\u00e0 c\u00f2n l\u00e0 t\u1ed5 \u1ea5m c\u1ee7a Muy T\u00ed Hon, Nisku Em, Nisku Anh, Muikunen, Nipsu, Hemuli, c\u0169ng nh\u01b0 nhi\u1ec1u \u201cc\u01b0 d\u00e2n\u201d kh\u00e1c n\u1eefa trong Thung l\u0169ng Mumi.\u201d<br \/>\nC\u00e1c nh\u00e2n v\u00e2\u0323t Mumi \u0111\u00e3 tr\u1edf th\u00e0nh bi\u1ec3u t\u01b0\u1ee3ng v\u0103n h\u00f3a c\u1ee7a Ph\u1ea7n Lan. Kh\u00f4ng chi\u0309 \u0111\u01b0\u01a1\u0323c bi\u00ea\u0301t \u0111\u00ea\u0301n trong tranh va\u0300 truy\u00ea\u0323n, h\u00ecnh \u1ea3nh Mumi \u0111a\u0303 \u0111i va\u0300o nhi\u1ec1u loa\u0323i hi\u0300nh ngh\u00ea\u0323 thu\u00e2\u0323t kh\u00e1c nh\u01b0: \u0111i\u1ec7n \u1ea3nh, s\u00e2n kh\u1ea5u, opera, phim truy\u1ec1n h\u00ecnh, tr\u00f2 ch\u01a1i&#8230; \u1edf nhi\u1ec1u n\u01b0\u1edbc tr\u00ean th\u1ebf gi\u1edbi.<\/p>\n","protected":false},"excerpt":{"rendered":"<p>Nh\u00e0 v\u0103n, h\u1ecda s\u0129 Tove Jansson l\u00e0 m\u1ed9t trong nh\u1eefng t\u00e1c gi\u1ea3 Ph\u1ea7n Lan c\u00f3 t\u00e1c ph\u1ea9m \u0111\u01b0\u1ee3c d\u1ecbch ra nhi\u1ec1u ng\u00f4n ng\u1eef nh\u1ea5t tr\u00ean th\u1ebf gi\u1edbi (44 ng\u00f4n ng\u1eef). Trong ca\u0309 s\u01b0\u0323 nghi\u00ea\u0323p cu\u0309a mi\u0300nh, b\u00e0 \u0111a\u0303 nh\u00e2\u0323n \u0111\u01b0\u01a1\u0323c h\u01a1n 50 gi\u1ea3i th\u01b0\u01a1\u0309ng, trong \u0111\u00f3 c\u00f3 gi\u1ea3i th\u01b0\u1edfng Hans Christian Andersen (1966) \u2013 \u0111\u01b0\u1ee3c v\u00ed nh\u01b0 Gi\u1ea3i Nobel cho V\u0103n h\u1ecdc thi\u1ebfu nhi.<br \/>\nD\u1ecbch gi\u1ea3 V\u00f5 Xu\u00e2n Qu\u1ebf chia s\u1ebb: \u201cTove Jansson \u0111\u00e3 t\u1ea1o n\u00ean m\u1ed9t th\u1ebf gi\u1edbi thanh b\u00ecnh nh\u01b0 trong truy\u1ec7n c\u1ed5 t\u00edch c\u1ee7a x\u1ee9 B\u1eafc \u00c2u v\u1edbi cu\u1ed9c s\u1ed1ng \u0111\u1ea7y nh\u00e2n b\u1ea3n, kh\u00f4ng c\u00f3 b\u1ea1o l\u1ef1c v\u00e0 thu\u0300 h\u00e2\u0323n. Ng\u00f4i nh\u00e0 h\u00ecnh tr\u00f2n v\u1edbi m\u00e1i nh\u1ecdn trong thung l\u0169ng \u0111\u1ea7y hoa v\u1ec1 m\u00f9a h\u00e8 v\u00e0 tr\u1eafng to\u00e1t tuy\u1ebft v\u00e0o m\u00f9a \u0111\u00f4ng kh\u00f4ng ch\u1ec9 l\u00e0 nh\u00e0 c\u1ee7a gia \u0111\u00ecnh Mumi v\u1edbi nh\u1eefng th\u00e0nh vi\u00ean ch\u00ednh: Mumi, Mumi B\u1ed1, Mumi M\u1eb9; m\u00e0 c\u00f2n l\u00e0 t\u1ed5 \u1ea5m c\u1ee7a Muy T\u00ed Hon, Nisku Em, Nisku Anh, Muikunen, Nipsu, Hemuli, c\u0169ng nh\u01b0 nhi\u1ec1u \u201cc\u01b0 d\u00e2n\u201d kh\u00e1c n\u1eefa trong Thung l\u0169ng Mumi.\u201d<br \/>\nC\u00e1c nh\u00e2n v\u00e2\u0323t Mumi \u0111\u00e3 tr\u1edf th\u00e0nh bi\u1ec3u t\u01b0\u1ee3ng v\u0103n h\u00f3a c\u1ee7a Ph\u1ea7n Lan. Kh\u00f4ng chi\u0309 \u0111\u01b0\u01a1\u0323c bi\u00ea\u0301t \u0111\u00ea\u0301n trong tranh va\u0300 truy\u00ea\u0323n, h\u00ecnh \u1ea3nh Mumi \u0111a\u0303 \u0111i va\u0300o nhi\u1ec1u loa\u0323i hi\u0300nh ngh\u00ea\u0323 thu\u00e2\u0323t kh\u00e1c nh\u01b0: \u0111i\u1ec7n \u1ea3nh, s\u00e2n kh\u1ea5u, opera, phim truy\u1ec1n h\u00ecnh, tr\u00f2 ch\u01a1i&#8230; \u1edf nhi\u1ec1u n\u01b0\u1edbc tr\u00ean th\u1ebf gi\u1edbi.<\/p>\n","protected":false},"featured_media":19135,"template":"","meta":{"_acf_changed":false},"product_brand":[],"product_cat":[25,17,26],"product_tag":[85,81,83],"class_list":{"0":"post-18904","1":"product","2":"type-product","3":"status-publish","4":"has-post-thumbnail","6":"product_cat-nhi-dong-6-tuoi-12-tuoi","7":"product_cat-sach-danh-cho-cac-be","8":"product_cat-thieu-nien-11-tuoi-18-tuoi","9":"product_tag-special-editions","10":"product_tag-sach-gia-uu-dai","11":"product_tag-sach-moi-xuat-ban","13":"first","14":"instock","15":"sale","16":"taxable","17":"shipping-taxable","18":"purchasable","19":"product-type-simple"},"supplier_id":null,"supplier_sku":"","barcode":null,"atum_controlled":true,"out_stock_date":null,"out_stock_threshold":null,"inheritable":false,"inbound_stock":0,"stock_on_hold":0,"sold_today":0,"sales_last_days":1,"reserved_stock":0,"customer_returns":0,"warehouse_damage":0,"lost_in_post":0,"other_logs":0,"out_stock_days":0,"lost_sales":0,"has_location":false,"update_date":"2026-04-09T17:18:58","atum_locations":[],"atum_stock_status":"instock","restock_status":false,"low_stock_amount":"","sales_update_date":"2026-04-09T17:18:58","calc_backorders":null,"acf":{"publisher":{"ID":1454,"post_author":"1","post_date":"2021-02-17 01:11:34","post_date_gmt":"2021-02-16 23:11:34","post_content":"<!-- wp:flatsome\/uxbuilder -->\n<h1 style=\"text-align: center;\"><strong>Kim \u0110\u1ed3ng<\/strong><\/h1>\n[row]\n\n[col span=\"3\" span__sm=\"12\"]\n\n[ux_image id=\"1534\" image_size=\"medium\"]\n\n\n[\/col]\n[col span=\"9\" span__sm=\"12\"]\n\n<p>Nh\u00e0 xu\u1ea5t b\u1ea3n Kim \u0110\u1ed3ng tr\u1ef1c thu\u1ed9c Trung \u01b0\u01a1ng \u0110o\u00e0n TNCS H\u1ed3 Ch\u00ed Minh l\u00e0 Nh\u00e0 xu\u1ea5t b\u1ea3n t\u1ed5ng h\u1ee3p c\u00f3 ch\u1ee9c n\u0103ng xu\u1ea5t b\u1ea3n s\u00e1ch v\u00e0 v\u0103n h\u00f3a ph\u1ea9m ph\u1ee5c v\u1ee5 thi\u1ebfu nhi v\u00e0 c\u00e1c b\u1eadc ph\u1ee5 huynh trong c\u1ea3 n\u01b0\u1edbc, qu\u1ea3ng b\u00e1 v\u00e0 gi\u1edbi thi\u1ec7u v\u0103n h\u00f3a Vi\u1ec7t Nam ra th\u1ebf gi\u1edbi.<br \/>Nh\u00e0 xu\u1ea5t b\u1ea3n c\u00f3 nhi\u1ec7m v\u1ee5 t\u1ed5 ch\u1ee9c b\u1ea3n th\u1ea3o, bi\u00ean so\u1ea1n, bi\u00ean d\u1ecbch, xu\u1ea5t b\u1ea3n v\u00e0 ph\u00e1t h\u00e0nh c\u00e1c xu\u1ea5t b\u1ea3n ph\u1ea9m c\u00f3 n\u1ed9i dung: gi\u00e1o d\u1ee5c truy\u1ec1n th\u1ed1ng d\u00e2n t\u1ed9c, gi\u00e1o d\u1ee5c v\u1ec1 tri th\u1ee9c, ki\u1ebfn th\u1ee9c\u2026 tr\u00ean c\u00e1c l\u0129nh v\u1ef1c v\u0103n h\u1ecdc, ngh\u1ec7 thu\u1eadt, khoa h\u1ecdc k\u1ef9 thu\u1eadt nh\u1eb1m cung c\u1ea5p cho c\u00e1c em thi\u1ebfu nhi c\u0169ng nh\u01b0 c\u00e1c b\u1eadc ph\u1ee5 huynh c\u00e1c ki\u1ebfn th\u1ee9c c\u1ea7n thi\u1ebft trong cu\u1ed9c s\u1ed1ng, nh\u1eefng tinh hoa c\u1ee7a tri th\u1ee9c nh\u00e2n lo\u1ea1i nh\u1eb1m g\u00f3p ph\u1ea7n gi\u00e1o d\u1ee5c v\u00e0 h\u00ecnh th\u00e0nh nh\u00e2n c\u00e1ch th\u1ebf h\u1ec7 tr\u1ebb.<br \/>\u0110\u1ed1i t\u01b0\u1ee3ng ph\u1ee5c v\u1ee5 c\u1ee7a Nh\u00e0 xu\u1ea5t b\u1ea3n l\u00e0 c\u00e1c em t\u1eeb tu\u1ed5i nh\u00e0 tr\u1ebb m\u1eabu gi\u00e1o (1 \u0111\u1ebfn 5 tu\u1ed5i), nhi \u0111\u1ed3ng (6 \u0111\u1ebfn 9 tu\u1ed5i), thi\u1ebfu ni\u00ean (10 \u0111\u1ebfn 15 tu\u1ed5i) \u0111\u1ebfn c\u00e1c em tu\u1ed5i m\u1edbi l\u1edbn (16 \u0111\u1ebfn 18 tu\u1ed5i) v\u00e0 c\u00e1c b\u1eadc ph\u1ee5 huynh.<\/p>\n\n[\/col]\n\n[\/row]\n\n<!-- \/wp:flatsome\/uxbuilder -->","post_title":"Kim \u0110\u1ed3ng","post_excerpt":"","post_status":"publish","comment_status":"closed","ping_status":"closed","post_password":"","post_name":"kim-dong","to_ping":"","pinged":"","post_modified":"2021-02-17 01:31:56","post_modified_gmt":"2021-02-16 23:31:56","post_content_filtered":"","post_parent":0,"guid":"https:\/\/sachviet.eu\/nha-phat-hanh\/kim-dong\/","menu_order":0,"post_type":"publisher","post_mime_type":"","comment_count":"0","filter":"raw"}},"_links":{"self":[{"href":"https:\/\/sachviet.eu\/en\/wp-json\/wp\/v2\/product\/18904","targetHints":{"allow":["GET"]}}],"collection":[{"href":"https:\/\/sachviet.eu\/en\/wp-json\/wp\/v2\/product"}],"about":[{"href":"https:\/\/sachviet.eu\/en\/wp-json\/wp\/v2\/types\/product"}],"wp:featuredmedia":[{"embeddable":true,"href":"https:\/\/sachviet.eu\/en\/wp-json\/wp\/v2\/media\/19135"}],"wp:attachment":[{"href":"https:\/\/sachviet.eu\/en\/wp-json\/wp\/v2\/media?parent=18904"}],"wp:term":[{"taxonomy":"product_brand","embeddable":true,"href":"https:\/\/sachviet.eu\/en\/wp-json\/wp\/v2\/product_brand?post=18904"},{"taxonomy":"product_cat","embeddable":true,"href":"https:\/\/sachviet.eu\/en\/wp-json\/wp\/v2\/product_cat?post=18904"},{"taxonomy":"product_tag","embeddable":true,"href":"https:\/\/sachviet.eu\/en\/wp-json\/wp\/v2\/product_tag?post=18904"}],"curies":[{"name":"wp","href":"https:\/\/api.w.org\/{rel}","templated":true}]}}