{"id":18901,"date":"2022-04-21T20:44:31","date_gmt":"2022-04-21T17:44:31","guid":{"rendered":"https:\/\/sachviet.eu\/shop\/chuyen-xe-khoa-hoc-ky-thu-tron-bo-11-cuon\/"},"modified":"2022-12-19T14:32:20","modified_gmt":"2022-12-19T12:32:20","slug":"chuyen-xe-khoa-hoc-ky-thu-tron-bo-11-cuon","status":"publish","type":"product","link":"https:\/\/sachviet.eu\/en\/shop\/chuyen-xe-khoa-hoc-ky-thu-tron-bo-11-cuon\/","title":{"rendered":"Chuy\u1ebfn Xe Khoa H\u1ecdc K\u1ef3 Th\u00fa (Tr\u1ecdn b\u1ed9 11 cu\u1ed1n)"},"content":{"rendered":"<p>Chuy\u1ebfn xe khoa h\u1ecdc k\u1ef3 th\u00fa \u0111\u01b0\u1ee3c coi l\u00e0 b\u1ed9 truy\u1ec7n tranh h\u00e0ng \u0111\u1ea7u v\u1ec1 khoa h\u1ecdc v\u00e0 gi\u00e1o d\u1ee5c th\u1ef1c nghi\u1ec7m c\u1ee7a M\u0129, g\u1ed3m 11 t\u1eadp d\u00e0nh cho tr\u1ebb em \u0111\u01b0\u1ee3c vi\u1ebft b\u1edfi t\u00e1c gi\u1ea3 Joanna Cole v\u00e0 minh ho\u1ea1 b\u1edfi Bruce Degen. B\u1ed9 truy\u1ec7n l\u00e0 m\u1ed9t chu\u1ed7i c\u00e1c cu\u1ed9c h\u00e0nh tr\u00ecnh c\u1ee7a c\u00f4 gi\u00e1o Valerie Frizzle l\u1eadp d\u1ecb nh\u01b0ng \u0111\u1ea7y nhi\u1ec7t huy\u1ebft v\u00e0 c\u00e1c c\u00f4 c\u1eadu h\u1ecdc tr\u00f2 tr\u00ean chi\u1ebfc xe bu\u00fdt k\u1ef3 di\u1ec7u \u0111i t\u1edbi nh\u1eefng \u0111\u1ecba \u0111i\u1ec3m kh\u00f4ng t\u01b0\u1edfng nh\u01b0 h\u1ec7 m\u1eb7t tr\u1eddi, nh\u1eefng \u0111\u00e1m m\u00e2y, qu\u00e1 kh\u1ee9 hay ngay c\u1ea3 trong c\u01a1 th\u1ec3 con ng\u01b0\u1eddi. <\/p>\n<p>\u0110\u00e2y l\u00e0 m\u1ed9t b\u1ed9 truy\u1ec7n mang \u0111\u1ea7y th\u00f4ng tin khoa h\u1ecdc b\u1ed5 \u00edch \u0111\u01b0\u1ee3c truy\u1ec1n t\u1ea3i theo m\u1ed9t c\u00e1ch th\u00fa v\u1ecb v\u00e0 d\u1ec5 hi\u1ec3u nh\u1edd c\u00f3 h\u00ecnh minh ho\u1ea1 ng\u1ed9 ngh\u0129nh v\u00e0 gi\u1ecdng v\u0103n k\u1ec3 chuy\u1ec7n h\u00e0i h\u01b0\u1edbc, th\u00e2n thi\u1ec7n v\u1edbi tr\u1ebb nh\u1ecf. Nh\u1eefng y\u1ebfu t\u1ed1 vi\u1ec5n t\u01b0\u1edfng nh\u01b0 chi\u1ebfc xe bu\u00fdt \u0111\u1ed9t nhi\u00ean bi\u1ebfn th\u00e0nh t\u00e0u du h\u00e0nh v\u0169 tr\u1ee5 hay nh\u1eefng c\u00f4 c\u1eadu b\u00e9 c\u00f3 th\u1ec3 thu nh\u1ecf l\u1ea1i b\u1eb1ng k\u00edch c\u1ee1 c\u1ee7a m\u1ed9t t\u1ebf b\u00e0o c\u0169ng \u0111\u00f3ng g\u00f3p m\u1ed9t ph\u1ea7n kh\u00f4ng nh\u1ecf v\u00e0o th\u00e0nh c\u00f4ng c\u1ee7a c\u00e2u chuy\u1ec7n.<\/p>\n<p>V\u1ec1 t\u00e1c gi\u1ea3:  Joana Cole v\u00e0 Bruce Degen, c\u1eb7p \u0111\u00f4i h\u1ecda s\u0129 \u2013 nh\u00e0 v\u0103n thi\u1ebfu nhi \u0103n \u00fd c\u1ee7a M\u1ef9, \u0111\u00e3 c\u1ed9ng t\u00e1c th\u00e0nh c\u00f4ng su\u1ed1t 20 n\u0103m, \u0111\u1ec3 cho ra \u0111\u1eddi lo\u1ea1t truy\u1ec7n Chuy\u1ebfn xe khoa h\u1ecdc k\u1ef3 di\u1ec7u khi\u1ebfn tr\u1ebb em M\u1ef9 t\u1eeb th\u1eadp ni\u00ean 90 \u0111\u1ebfn t\u1eadn ng\u00e0y nay lu\u00f4n say m\u00ea, h\u00e1o h\u1ee9c \u0111\u00f3n ch\u1edd t\u1eebng t\u1eadp m\u1edbi. T\u1edd Booklist \u0111\u00e3 g\u1ecdi c\u00f4 gi\u00e1o Frizzle l\u00e0 \u201cc\u00f4 gi\u00e1o h\u00e0i h\u01b0\u1edbc nh\u1ea5t, th\u00f4ng minh nh\u1ea5t trong th\u1ebf gi\u1edbi truy\u1ec7n tranh.\u201d Hai t\u1ef1a truy\u1ec7n c\u1ee7a Chuy\u1ebfn xe khoa h\u1ecdc k\u1ef3 di\u1ec7u t\u1eebng \u0111o\u1ea1t gi\u1ea3i s\u00e1ch hay nh\u1ea5t c\u1ee7a School Library Journal v\u00e0 c\u1ea3 b\u1ed9 truy\u1ec7n \u0111o\u1ea1t h\u00e0ng lo\u1ea1t gi\u1ea3i th\u01b0\u1edfng danh gi\u00e1 kh\u00e1c tr\u00ean to\u00e0n n\u01b0\u1edbc M\u1ef9.<\/p>\n<p>M\u1eddi c\u00e1c b\u1ea1n v\u00e0 c\u00e1c em \u0111\u00f3n \u0111\u1ecdc tr\u1ecdn b\u1ed9 11 cu\u1ed1n:<\/p>\n<p>Xe-bay theo v\u00f2ng tu\u1ea7n ho\u00e0n c\u1ee7a n\u01b0\u1edbc.<br \/>\nXe-bi\u1ebfn-h\u00ecnh kh\u00e1m ph\u00e1 c\u01a1n b\u00e3o<br \/>\nXe-c\u1ed7-m\u00e1y-th\u1eddi-gian v\u1ec1 th\u1eddi \u0111\u1ea1i kh\u1ee7ng long<br \/>\nXe-electron phi\u00eau l\u01b0u v\u00e0o d\u00f2ng \u0111i\u1ec7n<br \/>\nXe-m\u00e1y-bay nghi\u00ean c\u1ee9u bi\u1ebfn \u0111\u1ed5i kh\u00ed h\u1eadu<br \/>\nXe-m\u00e1y-khoan \u0111i v\u00e0o t\u00e2m tr\u00e1i \u0111\u1ea5t<br \/>\nXe-ong kh\u00e1m ph\u00e1 t\u1ed5 ong<br \/>\nXe-si\u00eau-nh\u1ecf kh\u00e1m ph\u00e1 c\u00e1c gi\u00e1c quan<br \/>\nXe-si\u00eau-nh\u1ecf v\u00e0o trong c\u01a1 th\u1ec3 ng\u01b0\u1eddi<br \/>\nXe-t\u00e0u-ng\u1ea7m th\u00e1m hi\u1ec3m \u0111\u1ea1i d\u01b0\u01a1ng<br \/>\nXe-v\u0169-tr\u1ee5 th\u00e1m hi\u1ec3m h\u1ec7 m\u1eb7t tr\u1eddi<\/p>\n","protected":false},"excerpt":{"rendered":"<p>Chuy\u1ebfn xe khoa h\u1ecdc k\u1ef3 th\u00fa \u0111\u01b0\u1ee3c coi l\u00e0 b\u1ed9 truy\u1ec7n tranh h\u00e0ng \u0111\u1ea7u v\u1ec1 khoa h\u1ecdc v\u00e0 gi\u00e1o d\u1ee5c th\u1ef1c nghi\u1ec7m c\u1ee7a M\u0129, g\u1ed3m 11 t\u1eadp d\u00e0nh cho tr\u1ebb em \u0111\u01b0\u1ee3c vi\u1ebft b\u1edfi t\u00e1c gi\u1ea3 Joanna Cole v\u00e0 minh ho\u1ea1 b\u1edfi Bruce Degen. B\u1ed9 truy\u1ec7n l\u00e0 m\u1ed9t chu\u1ed7i c\u00e1c cu\u1ed9c h\u00e0nh tr\u00ecnh c\u1ee7a c\u00f4 gi\u00e1o Valerie Frizzle l\u1eadp d\u1ecb nh\u01b0ng \u0111\u1ea7y nhi\u1ec7t huy\u1ebft v\u00e0 c\u00e1c c\u00f4 c\u1eadu h\u1ecdc tr\u00f2 tr\u00ean chi\u1ebfc xe bu\u00fdt k\u1ef3 di\u1ec7u \u0111i t\u1edbi nh\u1eefng \u0111\u1ecba \u0111i\u1ec3m kh\u00f4ng t\u01b0\u1edfng nh\u01b0 h\u1ec7 m\u1eb7t tr\u1eddi, nh\u1eefng \u0111\u00e1m m\u00e2y, qu\u00e1 kh\u1ee9 hay ngay c\u1ea3 trong c\u01a1 th\u1ec3 con ng\u01b0\u1eddi. <\/p>\n<p>\u0110\u00e2y l\u00e0 m\u1ed9t b\u1ed9 truy\u1ec7n mang \u0111\u1ea7y th\u00f4ng tin khoa h\u1ecdc b\u1ed5 \u00edch \u0111\u01b0\u1ee3c truy\u1ec1n t\u1ea3i theo m\u1ed9t c\u00e1ch th\u00fa v\u1ecb v\u00e0 d\u1ec5 hi\u1ec3u nh\u1edd c\u00f3 h\u00ecnh minh ho\u1ea1 ng\u1ed9 ngh\u0129nh v\u00e0 gi\u1ecdng v\u0103n k\u1ec3 chuy\u1ec7n h\u00e0i h\u01b0\u1edbc, th\u00e2n thi\u1ec7n v\u1edbi tr\u1ebb nh\u1ecf. Nh\u1eefng y\u1ebfu t\u1ed1 vi\u1ec5n t\u01b0\u1edfng nh\u01b0 chi\u1ebfc xe bu\u00fdt \u0111\u1ed9t nhi\u00ean bi\u1ebfn th\u00e0nh t\u00e0u du h\u00e0nh v\u0169 tr\u1ee5 hay nh\u1eefng c\u00f4 c\u1eadu b\u00e9 c\u00f3 th\u1ec3 thu nh\u1ecf l\u1ea1i b\u1eb1ng k\u00edch c\u1ee1 c\u1ee7a m\u1ed9t t\u1ebf b\u00e0o c\u0169ng \u0111\u00f3ng g\u00f3p m\u1ed9t ph\u1ea7n kh\u00f4ng nh\u1ecf v\u00e0o th\u00e0nh c\u00f4ng c\u1ee7a c\u00e2u chuy\u1ec7n.<\/p>\n<p>V\u1ec1 t\u00e1c gi\u1ea3:  Joana Cole v\u00e0 Bruce Degen, c\u1eb7p \u0111\u00f4i h\u1ecda s\u0129 \u2013 nh\u00e0 v\u0103n thi\u1ebfu nhi \u0103n \u00fd c\u1ee7a M\u1ef9, \u0111\u00e3 c\u1ed9ng t\u00e1c th\u00e0nh c\u00f4ng su\u1ed1t 20 n\u0103m, \u0111\u1ec3 cho ra \u0111\u1eddi lo\u1ea1t truy\u1ec7n Chuy\u1ebfn xe khoa h\u1ecdc k\u1ef3 di\u1ec7u khi\u1ebfn tr\u1ebb em M\u1ef9 t\u1eeb th\u1eadp ni\u00ean 90 \u0111\u1ebfn t\u1eadn ng\u00e0y nay lu\u00f4n say m\u00ea, h\u00e1o h\u1ee9c \u0111\u00f3n ch\u1edd t\u1eebng t\u1eadp m\u1edbi. T\u1edd Booklist \u0111\u00e3 g\u1ecdi c\u00f4 gi\u00e1o Frizzle l\u00e0 \u201cc\u00f4 gi\u00e1o h\u00e0i h\u01b0\u1edbc nh\u1ea5t, th\u00f4ng minh nh\u1ea5t trong th\u1ebf gi\u1edbi truy\u1ec7n tranh.\u201d Hai t\u1ef1a truy\u1ec7n c\u1ee7a Chuy\u1ebfn xe khoa h\u1ecdc k\u1ef3 di\u1ec7u t\u1eebng \u0111o\u1ea1t gi\u1ea3i s\u00e1ch hay nh\u1ea5t c\u1ee7a School Library Journal v\u00e0 c\u1ea3 b\u1ed9 truy\u1ec7n \u0111o\u1ea1t h\u00e0ng lo\u1ea1t gi\u1ea3i th\u01b0\u1edfng danh gi\u00e1 kh\u00e1c tr\u00ean to\u00e0n n\u01b0\u1edbc M\u1ef9.<\/p>\n","protected":false},"featured_media":18900,"template":"","meta":{"_acf_changed":false},"product_brand":[],"product_cat":[25,17,26],"product_tag":[],"class_list":{"0":"post-18901","1":"product","2":"type-product","3":"status-publish","4":"has-post-thumbnail","6":"product_cat-nhi-dong-6-tuoi-12-tuoi","7":"product_cat-sach-danh-cho-cac-be","8":"product_cat-thieu-nien-11-tuoi-18-tuoi","10":"first","11":"outofstock","12":"taxable","13":"shipping-taxable","14":"purchasable","15":"product-type-simple"},"supplier_id":null,"supplier_sku":"","barcode":null,"atum_controlled":true,"out_stock_date":"2022-05-05 18:55:25","out_stock_threshold":null,"inheritable":false,"inbound_stock":0,"stock_on_hold":0,"sold_today":0,"sales_last_days":0,"reserved_stock":0,"customer_returns":0,"warehouse_damage":0,"lost_in_post":0,"other_logs":0,"out_stock_days":1364,"lost_sales":0,"has_location":false,"update_date":"2026-01-28T23:11:06","atum_locations":[],"atum_stock_status":"outofstock","restock_status":false,"low_stock_amount":"","sales_update_date":"2026-01-28T23:11:06","calc_backorders":null,"acf":{"publisher":{"ID":2817,"post_author":"1","post_date":"2021-02-27 00:00:35","post_date_gmt":"2021-02-26 22:00:35","post_content":"","post_title":"Alpha Books","post_excerpt":"","post_status":"publish","comment_status":"closed","ping_status":"closed","post_password":"","post_name":"alpha-books","to_ping":"","pinged":"","post_modified":"2021-02-27 00:00:35","post_modified_gmt":"2021-02-26 22:00:35","post_content_filtered":"","post_parent":0,"guid":"https:\/\/sachviet.eu\/nha-phat-hanh\/alpha-books\/","menu_order":0,"post_type":"publisher","post_mime_type":"","comment_count":"0","filter":"raw"}},"_links":{"self":[{"href":"https:\/\/sachviet.eu\/en\/wp-json\/wp\/v2\/product\/18901","targetHints":{"allow":["GET"]}}],"collection":[{"href":"https:\/\/sachviet.eu\/en\/wp-json\/wp\/v2\/product"}],"about":[{"href":"https:\/\/sachviet.eu\/en\/wp-json\/wp\/v2\/types\/product"}],"wp:featuredmedia":[{"embeddable":true,"href":"https:\/\/sachviet.eu\/en\/wp-json\/wp\/v2\/media\/18900"}],"wp:attachment":[{"href":"https:\/\/sachviet.eu\/en\/wp-json\/wp\/v2\/media?parent=18901"}],"wp:term":[{"taxonomy":"product_brand","embeddable":true,"href":"https:\/\/sachviet.eu\/en\/wp-json\/wp\/v2\/product_brand?post=18901"},{"taxonomy":"product_cat","embeddable":true,"href":"https:\/\/sachviet.eu\/en\/wp-json\/wp\/v2\/product_cat?post=18901"},{"taxonomy":"product_tag","embeddable":true,"href":"https:\/\/sachviet.eu\/en\/wp-json\/wp\/v2\/product_tag?post=18901"}],"curies":[{"name":"wp","href":"https:\/\/api.w.org\/{rel}","templated":true}]}}