{"id":18899,"date":"2022-04-21T20:44:25","date_gmt":"2022-04-21T17:44:25","guid":{"rendered":"https:\/\/sachviet.eu\/shop\/hoc-cach-song-hoa-thuan-tron-bo-8-cuon\/"},"modified":"2022-12-19T14:32:41","modified_gmt":"2022-12-19T12:32:41","slug":"hoc-cach-song-hoa-thuan-tron-bo-8-cuon","status":"publish","type":"product","link":"https:\/\/sachviet.eu\/en\/shop\/hoc-cach-song-hoa-thuan-tron-bo-8-cuon\/","title":{"rendered":"H\u1ecdc C\u00e1ch S\u1ed1ng H\u00f2a Thu\u1eadn &#8211; Tr\u1ecdn b\u1ed9 8 cu\u1ed1n"},"content":{"rendered":"<p>B\u1ed9 s\u00e1ch H\u1ecdc c\u00e1ch s\u1ed1ng h\u00f2a thu\u1eadn h\u1ed7 tr\u1ee3 tr\u1ebb ph\u00e1t tri\u1ec3n k\u1ef9 n\u0103ng x\u00fac c\u1ea3m-X\u00e3 h\u1ed9i, logic v\u00e0 l\u00fd lu\u1eadn, kh\u1ea3 n\u0103ng ng\u00f4n ng\u1eef, ki\u1ebfn th\u1ee9c v\u00e0 k\u1ef9 n\u0103ng \u0111\u1ecdc, vi\u1ebft, ki\u1ebfn th\u1ee9c v\u00e0 k\u1ef9 n\u0103ng x\u00e3 h\u1ed9i trong giai \u0111o\u1ea1n gi\u00e1o d\u1ee5c \u0111\u1ea7u \u0111\u1eddi.<\/p>\n<p>\u201cH\u1ecdc c\u00e1ch s\u1ed1ng h\u00f2a thu\u1eadn\u201d xu\u1ea5t b\u1ea3n l\u1ea7n \u0111\u1ea7u ti\u00ean n\u0103m 2003 v\u00e0 ngay l\u1eadp t\u1ee9c \u0111\u01b0\u1ee3c c\u00e1c chuy\u00ean gia t\u00e2m l\u00fd, ph\u1ee5 huynh, c\u00e1c t\u1ed5 ch\u1ee9c b\u1ea3o v\u1ec7 tr\u1ebb em, gi\u00e1o vi\u00ean \u0111\u00e1nh gi\u00e1 t\u00edch c\u1ef1c. B\u1ed9 s\u00e1ch cung c\u1ea5p nh\u1eefng k\u1ef9 n\u0103ng x\u00e3 h\u1ed9i v\u00e0 ki\u1ebfn th\u1ee9c c\u0103n b\u1ea3n v\u1ec1 c\u1ea3m x\u00fac, gi\u00fap tr\u1ebb em nh\u1eadn th\u1ee9c r\u00f5 r\u00e0ng, \u0111\u1ea7y \u0111\u1ee7. Ph\u1ea7n n\u1ed9i dung d\u00e0nh cho tr\u1ebb em c\u00f3 c\u00e2u ch\u1eef m\u1ea1ch l\u1ea1c, s\u00e1ng ngh\u0129a v\u00e0 d\u00f9ng tranh t\u1ea3 th\u1ef1c, kh\u00f4ng c\u00e1ch \u0111i\u1ec7u. Ph\u1ea7n d\u00e0nh cho ph\u1ee5 huynh, gi\u00e1o vi\u00ean\u2026 bao g\u1ed3m c\u00e1c ch\u1ec9 d\u1eabn \u0111\u1ecdc s\u00e1ch c\u1ee5 th\u1ec3, m\u1ed9t s\u1ed1 ho\u1ea1t \u0111\u1ed9ng th\u1ef1c h\u00e0nh d\u1ec5 \u00e1p d\u1ee5ng\u2026<\/p>\n<p>\u201cC\u1ea3 tr\u1ebb em v\u00e0 ng\u01b0\u1eddi l\u1edbn \u0111\u1ec1u s\u1ebd y\u00eau th\u01b0\u01a1ng nh\u1eefng cu\u1ed1n s\u00e1ch d\u1ecbu d\u00e0ng \u0111\u1ea7y s\u1ee9c m\u1ea1nh n\u00e0y.\u201d<\/p>\n<p>(Ti\u1ebfn s\u0129 Stephen R. Covey, t\u00e1c gi\u1ea3 cu\u1ed1n s\u00e1ch k\u1ef9 n\u0103ng 7 th\u00f3i quen \u0111\u1ec3 th\u00e0nh \u0111\u1ea1t)<\/p>\n<p>\u201cKhuy\u1ebfn kh\u00edch tr\u1ebb em kh\u00f4ng g\u00ec b\u1eb1ng \u0111\u1ec3 tr\u1ebb xem x\u00e9t l\u1ea1i h\u00e0nh vi c\u1ee7a ch\u00ednh m\u00ecnh.\u201d<\/p>\n<p>(Booklist, trang gi\u1edbi thi\u1ec7u s\u00e1ch gi\u00e1o d\u1ee5c uy t\u00edn nh\u1ea5t c\u1ee7a Hi\u1ec7p h\u1ed9i Th\u01b0 vi\u1ec7n Hoa K\u1ef3)<\/p>\n<p>\u201cV\u00f4 c\u00f9ng c\u1ea7n thi\u1ebft\u2026 T\u00f4i ho\u00e0n to\u00e0n \u1ee7ng h\u1ed9 quan \u0111i\u1ec3m gi\u00e1o d\u1ee5c trong cu\u1ed1n s\u00e1ch n\u00e0y.\u201d<\/p>\n<p>(Jay A.Monson, Ph.D., Gi\u00e1o s\u01b0 ng\u00e0nh Gi\u00e1o d\u1ee5c Ti\u1ec3u h\u1ecdc, \u0110\u1ea1i h\u1ecdc Utah State, M\u1ef9)<\/p>\n","protected":false},"excerpt":{"rendered":"<p>B\u1ed9 s\u00e1ch H\u1ecdc c\u00e1ch s\u1ed1ng h\u00f2a thu\u1eadn h\u1ed7 tr\u1ee3 tr\u1ebb ph\u00e1t tri\u1ec3n k\u1ef9 n\u0103ng x\u00fac c\u1ea3m-X\u00e3 h\u1ed9i, logic v\u00e0 l\u00fd lu\u1eadn, kh\u1ea3 n\u0103ng ng\u00f4n ng\u1eef, ki\u1ebfn th\u1ee9c v\u00e0 k\u1ef9 n\u0103ng \u0111\u1ecdc, vi\u1ebft, ki\u1ebfn th\u1ee9c v\u00e0 k\u1ef9 n\u0103ng x\u00e3 h\u1ed9i trong giai \u0111o\u1ea1n gi\u00e1o d\u1ee5c \u0111\u1ea7u \u0111\u1eddi.<\/p>\n<p>\u201cH\u1ecdc c\u00e1ch s\u1ed1ng h\u00f2a thu\u1eadn\u201d xu\u1ea5t b\u1ea3n l\u1ea7n \u0111\u1ea7u ti\u00ean n\u0103m 2003 v\u00e0 ngay l\u1eadp t\u1ee9c \u0111\u01b0\u1ee3c c\u00e1c chuy\u00ean gia t\u00e2m l\u00fd, ph\u1ee5 huynh, c\u00e1c t\u1ed5 ch\u1ee9c b\u1ea3o v\u1ec7 tr\u1ebb em, gi\u00e1o vi\u00ean \u0111\u00e1nh gi\u00e1 t\u00edch c\u1ef1c. B\u1ed9 s\u00e1ch cung c\u1ea5p nh\u1eefng k\u1ef9 n\u0103ng x\u00e3 h\u1ed9i v\u00e0 ki\u1ebfn th\u1ee9c c\u0103n b\u1ea3n v\u1ec1 c\u1ea3m x\u00fac, gi\u00fap tr\u1ebb em nh\u1eadn th\u1ee9c r\u00f5 r\u00e0ng, \u0111\u1ea7y \u0111\u1ee7. Ph\u1ea7n n\u1ed9i dung d\u00e0nh cho tr\u1ebb em c\u00f3 c\u00e2u ch\u1eef m\u1ea1ch l\u1ea1c, s\u00e1ng ngh\u0129a v\u00e0 d\u00f9ng tranh t\u1ea3 th\u1ef1c, kh\u00f4ng c\u00e1ch \u0111i\u1ec7u. Ph\u1ea7n d\u00e0nh cho ph\u1ee5 huynh, gi\u00e1o vi\u00ean\u2026 bao g\u1ed3m c\u00e1c ch\u1ec9 d\u1eabn \u0111\u1ecdc s\u00e1ch c\u1ee5 th\u1ec3, m\u1ed9t s\u1ed1 ho\u1ea1t \u0111\u1ed9ng th\u1ef1c h\u00e0nh d\u1ec5 \u00e1p d\u1ee5ng\u2026<\/p>\n<p>\u201cC\u1ea3 tr\u1ebb em v\u00e0 ng\u01b0\u1eddi l\u1edbn \u0111\u1ec1u s\u1ebd y\u00eau th\u01b0\u01a1ng nh\u1eefng cu\u1ed1n s\u00e1ch d\u1ecbu d\u00e0ng \u0111\u1ea7y s\u1ee9c m\u1ea1nh n\u00e0y.\u201d<\/p>\n<p>(Ti\u1ebfn s\u0129 Stephen R. Covey, t\u00e1c gi\u1ea3 cu\u1ed1n s\u00e1ch k\u1ef9 n\u0103ng 7 th\u00f3i quen \u0111\u1ec3 th\u00e0nh \u0111\u1ea1t)<\/p>\n<p>\u201cKhuy\u1ebfn kh\u00edch tr\u1ebb em kh\u00f4ng g\u00ec b\u1eb1ng \u0111\u1ec3 tr\u1ebb xem x\u00e9t l\u1ea1i h\u00e0nh vi c\u1ee7a ch\u00ednh m\u00ecnh.\u201d<\/p>\n<p>(Booklist, trang gi\u1edbi thi\u1ec7u s\u00e1ch gi\u00e1o d\u1ee5c uy t\u00edn nh\u1ea5t c\u1ee7a Hi\u1ec7p h\u1ed9i Th\u01b0 vi\u1ec7n Hoa K\u1ef3)<\/p>\n<p>\u201cV\u00f4 c\u00f9ng c\u1ea7n thi\u1ebft\u2026 T\u00f4i ho\u00e0n to\u00e0n \u1ee7ng h\u1ed9 quan \u0111i\u1ec3m gi\u00e1o d\u1ee5c trong cu\u1ed1n s\u00e1ch n\u00e0y.\u201d<\/p>\n<p>(Jay A.Monson, Ph.D., Gi\u00e1o s\u01b0 ng\u00e0nh Gi\u00e1o d\u1ee5c Ti\u1ec3u h\u1ecdc, \u0110\u1ea1i h\u1ecdc Utah State, M\u1ef9)<\/p>\n","protected":false},"featured_media":18891,"template":"","meta":{"_acf_changed":false},"product_brand":[],"product_cat":[25,17,26],"product_tag":[],"class_list":{"0":"post-18899","1":"product","2":"type-product","3":"status-publish","4":"has-post-thumbnail","6":"product_cat-nhi-dong-6-tuoi-12-tuoi","7":"product_cat-sach-danh-cho-cac-be","8":"product_cat-thieu-nien-11-tuoi-18-tuoi","10":"first","11":"outofstock","12":"taxable","13":"shipping-taxable","14":"purchasable","15":"product-type-simple"},"supplier_id":null,"supplier_sku":"","barcode":null,"atum_controlled":true,"out_stock_date":"2022-04-21 17:53:06","out_stock_threshold":null,"inheritable":false,"inbound_stock":0,"stock_on_hold":0,"sold_today":0,"sales_last_days":0,"reserved_stock":0,"customer_returns":0,"warehouse_damage":0,"lost_in_post":0,"other_logs":0,"out_stock_days":1378,"lost_sales":0,"has_location":false,"update_date":"2026-01-28T23:11:06","atum_locations":[],"atum_stock_status":"outofstock","restock_status":false,"low_stock_amount":"","sales_update_date":"2026-01-28T23:11:06","calc_backorders":null,"acf":{"publisher":{"ID":2817,"post_author":"1","post_date":"2021-02-27 00:00:35","post_date_gmt":"2021-02-26 22:00:35","post_content":"","post_title":"Alpha Books","post_excerpt":"","post_status":"publish","comment_status":"closed","ping_status":"closed","post_password":"","post_name":"alpha-books","to_ping":"","pinged":"","post_modified":"2021-02-27 00:00:35","post_modified_gmt":"2021-02-26 22:00:35","post_content_filtered":"","post_parent":0,"guid":"https:\/\/sachviet.eu\/nha-phat-hanh\/alpha-books\/","menu_order":0,"post_type":"publisher","post_mime_type":"","comment_count":"0","filter":"raw"}},"_links":{"self":[{"href":"https:\/\/sachviet.eu\/en\/wp-json\/wp\/v2\/product\/18899","targetHints":{"allow":["GET"]}}],"collection":[{"href":"https:\/\/sachviet.eu\/en\/wp-json\/wp\/v2\/product"}],"about":[{"href":"https:\/\/sachviet.eu\/en\/wp-json\/wp\/v2\/types\/product"}],"wp:featuredmedia":[{"embeddable":true,"href":"https:\/\/sachviet.eu\/en\/wp-json\/wp\/v2\/media\/18891"}],"wp:attachment":[{"href":"https:\/\/sachviet.eu\/en\/wp-json\/wp\/v2\/media?parent=18899"}],"wp:term":[{"taxonomy":"product_brand","embeddable":true,"href":"https:\/\/sachviet.eu\/en\/wp-json\/wp\/v2\/product_brand?post=18899"},{"taxonomy":"product_cat","embeddable":true,"href":"https:\/\/sachviet.eu\/en\/wp-json\/wp\/v2\/product_cat?post=18899"},{"taxonomy":"product_tag","embeddable":true,"href":"https:\/\/sachviet.eu\/en\/wp-json\/wp\/v2\/product_tag?post=18899"}],"curies":[{"name":"wp","href":"https:\/\/api.w.org\/{rel}","templated":true}]}}