{"id":18886,"date":"2022-04-21T20:43:45","date_gmt":"2022-04-21T17:43:45","guid":{"rendered":"https:\/\/sachviet.eu\/shop\/bo-sach-10-van-cau-hoi-vi-sao-bo-10-cuon\/"},"modified":"2022-12-19T14:33:21","modified_gmt":"2022-12-19T12:33:21","slug":"bo-sach-10-van-cau-hoi-vi-sao-bo-10-cuon","status":"publish","type":"product","link":"https:\/\/sachviet.eu\/en\/shop\/bo-sach-10-van-cau-hoi-vi-sao-bo-10-cuon\/","title":{"rendered":"B\u1ed9 S\u00e1ch 10 V\u1ea1n C\u00e2u H\u1ecfi V\u00ec Sao (B\u1ed9 10 Cu\u1ed1n)"},"content":{"rendered":"<p>C\u00f3 ph\u1ea3i c\u00e1c ng\u00f4i sao c\u0169ng gi\u1ed1ng nh\u01b0 nh\u1eefng ch\u00fa m\u00e8o, ban ng\u00e0y th\u00ec ng\u1ee7 ban \u0111\u00eam th\u00ec l\u00e0m vi\u1ec7c?<\/p>\n<p>V\u00ec sao tr\u00ean tr\u00e1i \u0111\u1ea5t l\u1ea1i c\u00f3 ng\u00e0y v\u00e0 \u0111\u00eam?<\/p>\n<p>V\u00ec sao m\u1eb7t tr\u0103ng l\u00fac th\u00ec gi\u1ed1ng l\u01b0\u1ee1i li\u1ec1m, l\u00fac l\u1ea1i gi\u1ed1ng chi\u1ebfc \u0111\u0129a tr\u00f2n?<\/p>\n","protected":false},"excerpt":{"rendered":"<p>C\u00f3 ph\u1ea3i c\u00e1c ng\u00f4i sao c\u0169ng gi\u1ed1ng nh\u01b0 nh\u1eefng ch\u00fa m\u00e8o, ban ng\u00e0y th\u00ec ng\u1ee7 ban \u0111\u00eam th\u00ec l\u00e0m vi\u1ec7c?<\/p>\n<p>V\u00ec sao tr\u00ean tr\u00e1i \u0111\u1ea5t l\u1ea1i c\u00f3 ng\u00e0y v\u00e0 \u0111\u00eam?<\/p>\n<p>V\u00ec sao m\u1eb7t tr\u0103ng l\u00fac th\u00ec gi\u1ed1ng l\u01b0\u1ee1i li\u1ec1m, l\u00fac l\u1ea1i gi\u1ed1ng chi\u1ebfc \u0111\u0129a tr\u00f2n?<\/p>\n","protected":false},"featured_media":18885,"template":"","meta":{"_acf_changed":false},"product_brand":[],"product_cat":[25,17,26],"product_tag":[],"class_list":{"0":"post-18886","1":"product","2":"type-product","3":"status-publish","4":"has-post-thumbnail","6":"product_cat-nhi-dong-6-tuoi-12-tuoi","7":"product_cat-sach-danh-cho-cac-be","8":"product_cat-thieu-nien-11-tuoi-18-tuoi","10":"first","11":"outofstock","12":"taxable","13":"shipping-taxable","14":"purchasable","15":"product-type-simple"},"supplier_id":null,"supplier_sku":"","barcode":null,"atum_controlled":true,"out_stock_date":"2022-04-26 04:20:19","out_stock_threshold":null,"inheritable":false,"inbound_stock":0,"stock_on_hold":0,"sold_today":0,"sales_last_days":0,"reserved_stock":0,"customer_returns":0,"warehouse_damage":0,"lost_in_post":0,"other_logs":0,"out_stock_days":1373,"lost_sales":5293,"has_location":false,"update_date":"2026-01-28T23:11:06","atum_locations":[],"atum_stock_status":"outofstock","restock_status":false,"low_stock_amount":"","sales_update_date":"2026-01-28T23:11:06","calc_backorders":null,"acf":{"publisher":{"ID":9667,"post_author":"1","post_date":"2021-06-02 01:30:53","post_date_gmt":"2021-06-01 22:30:53","post_content":"","post_title":"Minh Long","post_excerpt":"","post_status":"publish","comment_status":"closed","ping_status":"closed","post_password":"","post_name":"minh-long","to_ping":"","pinged":"","post_modified":"2021-06-02 01:30:53","post_modified_gmt":"2021-06-01 22:30:53","post_content_filtered":"","post_parent":0,"guid":"https:\/\/sachviet.eu\/nha-phat-hanh\/minh-long\/","menu_order":0,"post_type":"publisher","post_mime_type":"","comment_count":"0","filter":"raw"}},"_links":{"self":[{"href":"https:\/\/sachviet.eu\/en\/wp-json\/wp\/v2\/product\/18886","targetHints":{"allow":["GET"]}}],"collection":[{"href":"https:\/\/sachviet.eu\/en\/wp-json\/wp\/v2\/product"}],"about":[{"href":"https:\/\/sachviet.eu\/en\/wp-json\/wp\/v2\/types\/product"}],"wp:featuredmedia":[{"embeddable":true,"href":"https:\/\/sachviet.eu\/en\/wp-json\/wp\/v2\/media\/18885"}],"wp:attachment":[{"href":"https:\/\/sachviet.eu\/en\/wp-json\/wp\/v2\/media?parent=18886"}],"wp:term":[{"taxonomy":"product_brand","embeddable":true,"href":"https:\/\/sachviet.eu\/en\/wp-json\/wp\/v2\/product_brand?post=18886"},{"taxonomy":"product_cat","embeddable":true,"href":"https:\/\/sachviet.eu\/en\/wp-json\/wp\/v2\/product_cat?post=18886"},{"taxonomy":"product_tag","embeddable":true,"href":"https:\/\/sachviet.eu\/en\/wp-json\/wp\/v2\/product_tag?post=18886"}],"curies":[{"name":"wp","href":"https:\/\/api.w.org\/{rel}","templated":true}]}}