{"id":18884,"date":"2022-04-21T20:43:39","date_gmt":"2022-04-21T17:43:39","guid":{"rendered":"https:\/\/sachviet.eu\/shop\/combo-bo-sach-nho-ve-nhung-y-tuong-lon-be-yeu-khoa-hoc-tron-bo-4-cuon\/"},"modified":"2022-12-19T14:33:34","modified_gmt":"2022-12-19T12:33:34","slug":"combo-bo-sach-nho-ve-nhung-y-tuong-lon-be-yeu-khoa-hoc-tron-bo-4-cuon","status":"publish","type":"product","link":"https:\/\/sachviet.eu\/en\/shop\/combo-bo-sach-nho-ve-nhung-y-tuong-lon-be-yeu-khoa-hoc-tron-bo-4-cuon\/","title":{"rendered":"Combo B\u1ed9 s\u00e1ch nh\u1ecf v\u1ec1 nh\u1eefng \u00fd t\u01b0\u1edfng l\u1edbn: B\u00c9 Y\u00caU KHOA H\u1eccC &#8211; Tr\u1ecdn b\u1ed9 4 cu\u1ed1n"},"content":{"rendered":"<p>B\u1ed9 s\u00e1ch B\u00e9 y\u00eau Khoa h\u1ecdc ra \u0111\u1eddi v\u1edbi m\u1ee5c \u0111\u00edch n\u1eb1m gi\u1edbi thi\u1ec7u c\u00e1c ch\u1ee7 \u0111\u1ec1 STEM (Khoa h\u1ecdc, C\u00f4ng ngh\u1ec7, K\u1ef9 thu\u1eadt v\u00e0 To\u00e1n h\u1ecdc) theo m\u1ed9t c\u00e1ch th\u00edch h\u1ee3p v\u00e0 d\u1ec5 hi\u1ec3u d\u00e0nh cho tr\u1ebb nh\u1ecf, gi\u00fap tr\u1ebb \u0111\u1eb7t nh\u1eefng vi\u00ean g\u1ea1ch \u0111\u1ea7u ti\u00ean trong qu\u00e1 tr\u00ecnh h\u00ecnh th\u00e0nh \u01b0\u1edbc m\u01a1 v\u00e0 nu\u00f4i d\u01b0\u1ee1ng s\u1ef1 s\u00e1ng t\u1ea1o.<\/p>\n<p>Tr\u1ecdng t\u1ea3i l\u00e0 g\u00ec? L\u1ef1c h\u1ea5p d\u1eabn sinh ra nh\u01b0 th\u1ebf n\u00e0o? N\u0103ng l\u01b0\u1ee3ng n\u00e0o \u0111\u01b0\u1ee3c g\u1ecdi l\u00e0 n\u0103ng l\u01b0\u1ee3ng xanh? Nhi\u1ec7t \u0111\u1ed9ng l\u1ef1c h\u1ecdc l\u00e0 g\u00ec? Nh\u1eefng thu\u1eadt ng\u1eef m\u00e0 ng\u01b0\u1eddi l\u1edbn khi nghe c\u0169ng c\u1ea3m th\u1ea5y b\u1ed1i r\u1ed1i \u0111\u1ec1u s\u1ebd tr\u1edf n\u00ean th\u1eadt g\u1ea7n g\u0169i, v\u00e0 \u0111\u01a1n gi\u1ea3n \u0111\u1ebfn m\u1ee9c tr\u1ebb c\u0169ng c\u00f3 th\u1ec3 hi\u1ec3u \u0111\u01b0\u1ee3c. T\u1eeb \u0111\u00f3, khoa h\u1ecdc c\u00f3 th\u1ec3 tr\u1edf th\u00e0nh m\u1ed9t ng\u01b0\u1eddi b\u1ea1n th\u00e2n thi\u1ebft m\u00e0 b\u00e9 mu\u1ed1n c\u00f9ng \u0111\u00f9a vui m\u1ed7i ng\u00e0y.<\/p>\n<p>B\u1ed9 s\u00e1ch g\u1ed3m 4 t\u1eadp:<\/p>\n<p>B\u00e9 y\u00eau K\u1ef9 thu\u1eadt k\u1ebft c\u1ea5u c\u00f4ng tr\u00ecnh<br \/>\nB\u00e9 y\u00eau L\u1ef1c h\u1ea5p d\u1eabn<br \/>\nB\u00e9 y\u00eau N\u0103ng l\u01b0\u1ee3ng xanh<br \/>\nB\u00e9 y\u00eau Nhi\u1ec7t \u0111\u1ed9ng l\u1ef1c h\u1ecdc<\/p>\n","protected":false},"excerpt":{"rendered":"<p>B\u1ed9 s\u00e1ch B\u00e9 y\u00eau Khoa h\u1ecdc ra \u0111\u1eddi v\u1edbi m\u1ee5c \u0111\u00edch n\u1eb1m gi\u1edbi thi\u1ec7u c\u00e1c ch\u1ee7 \u0111\u1ec1 STEM (Khoa h\u1ecdc, C\u00f4ng ngh\u1ec7, K\u1ef9 thu\u1eadt v\u00e0 To\u00e1n h\u1ecdc) theo m\u1ed9t c\u00e1ch th\u00edch h\u1ee3p v\u00e0 d\u1ec5 hi\u1ec3u d\u00e0nh cho tr\u1ebb nh\u1ecf, gi\u00fap tr\u1ebb \u0111\u1eb7t nh\u1eefng vi\u00ean g\u1ea1ch \u0111\u1ea7u ti\u00ean trong qu\u00e1 tr\u00ecnh h\u00ecnh th\u00e0nh \u01b0\u1edbc m\u01a1 v\u00e0 nu\u00f4i d\u01b0\u1ee1ng s\u1ef1 s\u00e1ng t\u1ea1o.<\/p>\n<p>Tr\u1ecdng t\u1ea3i l\u00e0 g\u00ec? L\u1ef1c h\u1ea5p d\u1eabn sinh ra nh\u01b0 th\u1ebf n\u00e0o? N\u0103ng l\u01b0\u1ee3ng n\u00e0o \u0111\u01b0\u1ee3c g\u1ecdi l\u00e0 n\u0103ng l\u01b0\u1ee3ng xanh? Nhi\u1ec7t \u0111\u1ed9ng l\u1ef1c h\u1ecdc l\u00e0 g\u00ec? Nh\u1eefng thu\u1eadt ng\u1eef m\u00e0 ng\u01b0\u1eddi l\u1edbn khi nghe c\u0169ng c\u1ea3m th\u1ea5y b\u1ed1i r\u1ed1i \u0111\u1ec1u s\u1ebd tr\u1edf n\u00ean th\u1eadt g\u1ea7n g\u0169i, v\u00e0 \u0111\u01a1n gi\u1ea3n \u0111\u1ebfn m\u1ee9c tr\u1ebb c\u0169ng c\u00f3 th\u1ec3 hi\u1ec3u \u0111\u01b0\u1ee3c. T\u1eeb \u0111\u00f3, khoa h\u1ecdc c\u00f3 th\u1ec3 tr\u1edf th\u00e0nh m\u1ed9t ng\u01b0\u1eddi b\u1ea1n th\u00e2n thi\u1ebft m\u00e0 b\u00e9 mu\u1ed1n c\u00f9ng \u0111\u00f9a vui m\u1ed7i ng\u00e0y.<\/p>\n<p>B\u1ed9 s\u00e1ch g\u1ed3m 4 t\u1eadp:<\/p>\n<p>B\u00e9 y\u00eau K\u1ef9 thu\u1eadt k\u1ebft c\u1ea5u c\u00f4ng tr\u00ecnh<br \/>\nB\u00e9 y\u00eau L\u1ef1c h\u1ea5p d\u1eabn<br \/>\nB\u00e9 y\u00eau N\u0103ng l\u01b0\u1ee3ng xanh<br \/>\nB\u00e9 y\u00eau Nhi\u1ec7t \u0111\u1ed9ng l\u1ef1c h\u1ecdc<\/p>\n","protected":false},"featured_media":18883,"template":"","meta":{"_acf_changed":false},"product_brand":[],"product_cat":[24,25,17],"product_tag":[],"class_list":{"0":"post-18884","1":"product","2":"type-product","3":"status-publish","4":"has-post-thumbnail","6":"product_cat-nha-tre-mau-giao-0-tuoi-6-tuoi","7":"product_cat-nhi-dong-6-tuoi-12-tuoi","8":"product_cat-sach-danh-cho-cac-be","10":"first","11":"outofstock","12":"taxable","13":"shipping-taxable","14":"purchasable","15":"product-type-simple"},"supplier_id":null,"supplier_sku":"","barcode":null,"atum_controlled":true,"out_stock_date":"2022-05-17 17:23:16","out_stock_threshold":null,"inheritable":false,"inbound_stock":0,"stock_on_hold":0,"sold_today":0,"sales_last_days":0,"reserved_stock":0,"customer_returns":0,"warehouse_damage":0,"lost_in_post":0,"other_logs":0,"out_stock_days":1352,"lost_sales":0,"has_location":false,"update_date":"2026-01-28T23:11:06","atum_locations":[],"atum_stock_status":"outofstock","restock_status":false,"low_stock_amount":"","sales_update_date":"2026-01-28T23:11:06","calc_backorders":null,"acf":{"publisher":{"ID":1453,"post_author":"1","post_date":"2021-02-17 01:11:32","post_date_gmt":"2021-02-16 23:11:32","post_content":"<!-- wp:flatsome\/uxbuilder -->\n<h1 style=\"text-align: center;\"><strong>Qu\u1ea3ng V\u0103n<\/strong><\/h1>\n[row]\n\n[col span=\"6\" span__sm=\"12\"]\n\n[ux_image id=\"1552\" image_size=\"medium\"]\n\n\n[\/col]\n[col span=\"6\" span__sm=\"12\"]\n\n<p><strong>Quangvanbooks<\/strong><br \/>Qu\u1ea3ng V\u0103n l\u00e0 t\u1ed5 h\u1ee3p xu\u1ea5t b\u1ea3n, gi\u00e1o d\u1ee5c v\u00e0 nh\u01b0\u1ee3ng quy\u1ec1n h\u00e0ng \u0111\u1ea7u trong ng\u00e0nh c\u00f4ng nghi\u1ec7p s\u00e1ng t\u1ea1o v\u1edbi c\u00e1c th\u01b0\u01a1ng hi\u1ec7u nh\u00e1nh:<\/p>\n<p>Quangvanbooks - Th\u01b0\u01a1ng hi\u1ec7u s\u00e1ch v\u0103n h\u00f3a gi\u00e1o d\u1ee5c v\u00e0 v\u0103n h\u00f3a gi\u1ea3i tr\u00ed<br \/>Ehomebooks - Th\u01b0\u01a1ng hi\u1ec7u s\u00e1ch gi\u00e1o d\u1ee5c gia \u0111\u00ecnh<br \/>Sakurabooks - Th\u01b0\u01a1ng hi\u1ec7u s\u00e1ch Nh\u1eadt B\u1ea3n<br \/>IPERbooks - Th\u01b0\u01a1ng hi\u1ec7u s\u00e1ch gi\u00e1o d\u1ee5c nh\u00e0 tr\u01b0\u1eddng<br \/>IPER - Vi\u1ec7n nghi\u00ean c\u1ee9u xu\u1ea5t b\u1ea3n v\u00e0 gi\u00e1o d\u1ee5c IPER<\/p>\n<p><strong>T\u1ea7m nh\u00ecn<\/strong><br \/>Tr\u1edf th\u00e0nh th\u01b0\u01a1ng hi\u1ec7u s\u00e1ch v\u0103n h\u00f3a gi\u00e1o d\u1ee5c v\u00e0 v\u0103n h\u00f3a gi\u1ea3i tr\u00ed t\u1ed1t nh\u1ea5t v\u00e0 \u0111a d\u1ea1ng nh\u1ea5t Vi\u1ec7t Nam.<\/p>\n<p><br \/><strong>S\u1ee9 m\u1ec7nh<\/strong><br \/>Mang \u0111\u1ebfn nh\u1eefng cu\u1ed1n s\u00e1ch v\u0103n h\u00f3a gi\u00e1o d\u1ee5c v\u00e0 v\u0103n h\u00f3a gi\u1ea3i tr\u00ed \u0111\u1ebfn v\u1edbi \u0111\u1ed9c gi\u1ea3 Vi\u1ec7t Nam v\u00e0 th\u1ebf gi\u1edbi nh\u1eb1m gi\u00fap \u0111\u1ed9c gi\u1ea3 ph\u00e1t tri\u1ec3n b\u1ea3n th\u00e2n, gi\u00e1o d\u1ee5c, gi\u1ea3i tr\u00ed v\u00e0 khai s\u00e1ng nh\u1eb1m x\u00e2y d\u1ef1ng x\u00e3 h\u1ed9i th\u1ecbnh v\u01b0\u1ee3ng, h\u1ea1nh ph\u00fac.<\/p>\n<p><strong>Gi\u00e1 tr\u1ecb c\u1ed1t l\u00f5i<\/strong><\/p>\n<p>S\u00e1ng t\u1ea1o - Linh ho\u1ea1t - H\u1ee3p t\u00e1c - Ch\u00ednh tr\u1ef1c - Nhi\u1ec7t huy\u1ebft - C\u00e2n b\u1eb1ng - H\u1ea1nh ph\u00fac<\/p>\n\n[\/col]\n\n[\/row]\n\n<!-- \/wp:flatsome\/uxbuilder -->","post_title":"Qu\u1ea3ng V\u0103n","post_excerpt":"","post_status":"publish","comment_status":"closed","ping_status":"closed","post_password":"","post_name":"quang-van","to_ping":"","pinged":"","post_modified":"2021-02-17 01:26:44","post_modified_gmt":"2021-02-16 23:26:44","post_content_filtered":"","post_parent":0,"guid":"https:\/\/sachviet.eu\/nha-phat-hanh\/quang-van\/","menu_order":0,"post_type":"publisher","post_mime_type":"","comment_count":"0","filter":"raw"}},"_links":{"self":[{"href":"https:\/\/sachviet.eu\/en\/wp-json\/wp\/v2\/product\/18884","targetHints":{"allow":["GET"]}}],"collection":[{"href":"https:\/\/sachviet.eu\/en\/wp-json\/wp\/v2\/product"}],"about":[{"href":"https:\/\/sachviet.eu\/en\/wp-json\/wp\/v2\/types\/product"}],"wp:featuredmedia":[{"embeddable":true,"href":"https:\/\/sachviet.eu\/en\/wp-json\/wp\/v2\/media\/18883"}],"wp:attachment":[{"href":"https:\/\/sachviet.eu\/en\/wp-json\/wp\/v2\/media?parent=18884"}],"wp:term":[{"taxonomy":"product_brand","embeddable":true,"href":"https:\/\/sachviet.eu\/en\/wp-json\/wp\/v2\/product_brand?post=18884"},{"taxonomy":"product_cat","embeddable":true,"href":"https:\/\/sachviet.eu\/en\/wp-json\/wp\/v2\/product_cat?post=18884"},{"taxonomy":"product_tag","embeddable":true,"href":"https:\/\/sachviet.eu\/en\/wp-json\/wp\/v2\/product_tag?post=18884"}],"curies":[{"name":"wp","href":"https:\/\/api.w.org\/{rel}","templated":true}]}}